{"id":83,"date":"2024-06-11T17:35:21","date_gmt":"2024-06-11T17:35:21","guid":{"rendered":"https:\/\/rfid-laundry-tag.com\/?post_type=product&#038;p=83"},"modified":"2024-06-14T16:23:02","modified_gmt":"2024-06-14T16:23:02","slug":"rfid-laundry-button-nfc-tag","status":"publish","type":"product","link":"https:\/\/rfid-laundry-tag.com\/fi\/rfid-laundry-button-nfc-tag\/","title":{"rendered":"RFID-pesupainike NFC-tunniste"},"content":{"rendered":"<div class=\"J_module\">\n<div class=\"ife-detail-decorate-table\">\n<table class=\"has-title all magic-6\">\n<tbody>\n<tr>\n<td colspan=\"1\" rowspan=\"1\">\n<div class=\"magic-7\" data-spm-anchor-id=\"a2700.details.0.i45.77607d98vZbcDU\"><span class=\"magic-8\" style=\"color: #363535;\">Tuotteen nimi<\/span><\/div>\n<\/td>\n<td colspan=\"1\" rowspan=\"1\">\n<div class=\"magic-9\"><span class=\"magic-8\">RFID-pesupainike NFC-tunniste<\/span><\/div>\n<\/td>\n<\/tr>\n<tr>\n<td colspan=\"1\" rowspan=\"1\">\n<div class=\"magic-7\"><span class=\"magic-10\" data-spm-anchor-id=\"a2700.pc-decorate.0.i10.28d333330XLbTD\"><span class=\"magic-8\">Materiaali<\/span><\/span><\/div>\n<\/td>\n<td colspan=\"1\" rowspan=\"1\">\n<div class=\"magic-9\"><span class=\"magic-8\">PPS<\/span><\/div>\n<\/td>\n<\/tr>\n<tr>\n<td colspan=\"1\" rowspan=\"1\">\n<div class=\"magic-7\"><span class=\"magic-8\">V\u00e4ri<\/span><\/div>\n<\/td>\n<td colspan=\"1\" rowspan=\"1\">\n<div class=\"magic-9\"><span class=\"magic-8\">Musta<\/span><\/div>\n<\/td>\n<\/tr>\n<tr>\n<td colspan=\"1\" rowspan=\"1\">MOQ<\/td>\n<td colspan=\"1\" rowspan=\"1\">500 kpl<\/td>\n<\/tr>\n<tr>\n<td colspan=\"1\" rowspan=\"1\">\n<div class=\"magic-7\"><span class=\"magic-8\">Valmistaja\/siru<\/span><\/div>\n<\/td>\n<td colspan=\"1\" rowspan=\"1\">\n<div class=\"magic-9\"><span class=\"magic-8\">NXP Ntag215, Ntag216, NTAG213, Mifare 1k, Mifare Ultralight ev1 jne<\/span><\/div>\n<\/td>\n<\/tr>\n<tr>\n<td colspan=\"1\" rowspan=\"1\">\n<div class=\"magic-7\"><span class=\"magic-8\">Taajuus<\/span><\/div>\n<\/td>\n<td colspan=\"1\" rowspan=\"1\">\n<div class=\"magic-9\"><span class=\"magic-8\">13,56 MHz<\/span><\/div>\n<\/td>\n<\/tr>\n<tr>\n<td colspan=\"1\" rowspan=\"1\">\n<div class=\"magic-7\"><span class=\"magic-8\">Muisti<\/span><\/div>\n<\/td>\n<td colspan=\"1\" rowspan=\"1\">\n<div class=\"magic-9\"><span class=\"magic-8\">504 tavua \/ 888 tavua \/ 144 tavua \/ 1 kt tavua \/ 64 tavua<\/span><\/div>\n<\/td>\n<\/tr>\n<tr>\n<td colspan=\"1\" rowspan=\"1\">\n<div class=\"magic-7\"><span class=\"magic-8\">Lue Et\u00e4isyys<\/span><\/div>\n<\/td>\n<td colspan=\"1\" rowspan=\"1\">\n<div class=\"magic-9\"><span class=\"magic-8\">1-5 cm<\/span><\/div>\n<\/td>\n<\/tr>\n<tr>\n<td colspan=\"1\" rowspan=\"1\">\n<div class=\"magic-7\"><span class=\"magic-8\">Ty\u00f6tila<\/span><\/div>\n<\/td>\n<td colspan=\"1\" rowspan=\"1\">\n<div class=\"magic-9\"><span class=\"magic-8\">passiivinen<\/span><\/div>\n<\/td>\n<\/tr>\n<tr>\n<td colspan=\"1\" rowspan=\"1\">\n<div class=\"magic-7\"><span class=\"magic-8\">Ty\u00f6skentelyl\u00e4mp\u00f6tila<\/span><\/div>\n<\/td>\n<td colspan=\"1\" rowspan=\"1\">\n<div class=\"magic-9\"><span class=\"magic-8\">-25 \u2103 ~ +110 \u2103<\/span><\/div>\n<\/td>\n<\/tr>\n<tr>\n<td colspan=\"1\" rowspan=\"1\">\n<div class=\"magic-7\"><span class=\"magic-8\">S\u00e4ilytysl\u00e4mp\u00f6tila<\/span><\/div>\n<\/td>\n<td colspan=\"1\" rowspan=\"1\">\n<div class=\"magic-9\"><span class=\"magic-8\">-40 \u2103 ~ +85 \u2103<\/span><\/div>\n<\/td>\n<\/tr>\n<tr>\n<td colspan=\"1\" rowspan=\"1\">\n<div class=\"magic-7\">\n<div><span class=\"magic-8\">\u00a0<\/span><\/div>\n<p><span class=\"magic-8\">Lyhytaikainen l\u00e4mm\u00f6nkest\u00e4vyys<\/span><\/p>\n<\/div>\n<\/td>\n<td colspan=\"1\" rowspan=\"1\">\n<div class=\"magic-9\"><span class=\"magic-8\">pesu: 90 \u2103, 15 minuuttia; muuntimen esikuivaus: 180 \u2103, 30 minuuttia, 200 kertaa; silitys: 180 \u2103, 10 sekuntia, 200 kertaa; korkea<br \/>\nl\u00e4mp\u00f6tilasterilointi: 135 \u2103, 20 minuuttia<\/span><\/div>\n<\/td>\n<\/tr>\n<tr>\n<td colspan=\"1\" rowspan=\"1\">\n<div class=\"magic-7\"><span class=\"magic-8\">ominaisuudet<\/span><\/div>\n<\/td>\n<td colspan=\"1\" rowspan=\"1\">\n<div class=\"magic-9\"><span class=\"magic-8\">vedenpit\u00e4v\u00e4, pest\u00e4v\u00e4, korkeita l\u00e4mp\u00f6tiloja kest\u00e4v\u00e4<\/span><\/div>\n<\/td>\n<\/tr>\n<tr>\n<td colspan=\"1\" rowspan=\"1\">\n<div class=\"magic-7\"><span class=\"magic-8\">El\u00e4m\u00e4<\/span><\/div>\n<\/td>\n<td colspan=\"1\" rowspan=\"1\">\n<div class=\"magic-9\"><span class=\"magic-8\">pesu 200 kertaa tai 3 vuotta<\/span><\/div>\n<\/td>\n<\/tr>\n<tr>\n<td colspan=\"1\" rowspan=\"1\">\n<div class=\"magic-7\"><span class=\"magic-8\">Sovellukset<\/span><\/div>\n<\/td>\n<td colspan=\"1\" rowspan=\"1\">\n<div class=\"magic-9\"><span class=\"magic-8\">pyykin hallinta ja seuranta<\/span><\/div>\n<\/td>\n<\/tr>\n<\/tbody>\n<\/table>\n<\/div>\n<\/div>\n<div class=\"J_module\">\n<div class=\"detail-decorate-json-renderer-container\">\n<div class=\"magic-1\">\n<div class=\"magic-2\">\n<div class=\"magic-3\">\n<div><\/div>\n<\/div>\n<\/div>\n<p><strong>Siruvaihtoehdot:<\/strong><\/p>\n<ul>\n<li><strong>NXP UCODE 8\/9:<\/strong>\u00a0Kustannustehokkaat sirut, jotka ovat ihanteellisia perusseurantaan ja tunnistamiseen, tarjoavat jopa 10 metrin lukuet\u00e4isyyden.<\/li>\n<li><strong>NTAG213:<\/strong>\u00a0NFC-yhteensopiva siru, joka mahdollistaa viestinn\u00e4n \u00e4lypuhelimien ja muiden NFC-laitteiden kanssa, sopii erinomaisesti sovelluksiin, kuten l\u00e4himaksuihin tai tuotetietojen k\u00e4ytt\u00f6\u00f6n.<\/li>\n<li><strong>Mifare 1k:<\/strong>\u00a0Suojattu siru vahvoilla salaus- ja todennusominaisuuksilla, joka sopii kulunvalvontaan ja suojattuun tietojen tallennukseen.<\/li>\n<li><strong>EM4305:<\/strong>\u00a0Edullinen siru peruskulunvalvontasovelluksiin, joiden lukuet\u00e4isyys on jopa 1 metri.<\/li>\n<li><strong>T5577:<\/strong>\u00a0Toinen edullinen siru kulunvalvonta- ja lippuj\u00e4rjestelmiin, joka tarjoaa jopa 1 metrin lukuet\u00e4isyyden.<\/li>\n<\/ul>\n<h3>ominaisuudet<\/h3>\n<div id=\"featuresXsp\" class=\"features-list toggle-opacity in\">\n<div class=\"features-xsp\">\n<div class=\"collapse-mobile ste-list-ul\">\n<ul class=\"boxes\">\n<li>Kontaktiton tiedon ja energian siirto<\/li>\n<li>Toimintataajuus 13,56 MHz<\/li>\n<li>Tiedonsiirto 106 kbit\/s<\/li>\n<li>16-bittisen CRC:n tietojen eheys, pariteetti, bittikoodaus, bittien laskenta<\/li>\n<li>Toimintaet\u00e4isyys jopa 100 mm (riippuen useista parametreista, kuten esim. kent\u00e4nvoimakkuudesta ja antennin geometriasta)<\/li>\n<li>7-tavuinen sarjanumero (sarjataso 2 ISO\/IEC 14443-3:n mukaan)<\/li>\n<li>UID ASCII -peili NDEF-viestien automaattiseen sarjoitukseen<\/li>\n<li>Automaattinen NFC-laskuri laukeaa lukukomennolla<\/li>\n<li>NFC-laskurin ASCII-peili NFC-laskurin arvon automaattiseen lis\u00e4\u00e4miseen NDEF-viestiin<\/li>\n<li>ECC-pohjainen omaper\u00e4isyysallekirjoitus<\/li>\n<li>Nopea lukukomento<\/li>\n<li>Todellinen t\u00f6rm\u00e4yksenesto<\/li>\n<li>50 pF tulokapasitanssi<\/li>\n<\/ul>\n<\/div>\n<div class=\"collapse-mobile ste-list-ul\">\n<ul class=\"boxes\">\n<li>180, 540 tai 924 tavua j\u00e4rjestettyn\u00e4 45, 135 tai 231 sivulle, 4 tavua per sivu<\/li>\n<li>144, 504 tai 888 tavua vapaasti k\u00e4ytett\u00e4viss\u00e4 k\u00e4ytt\u00e4j\u00e4n luku-\/kirjoitusalue (36, 126 tai 222 sivua)<\/li>\n<li>4 tavun alustettu kapasiteettis\u00e4ili\u00f6, jossa on kertak\u00e4ytt\u00f6iset ohjelmoitavat p\u00e4\u00e4sybitit<\/li>\n<li>Kent\u00e4ll\u00e4 ohjelmoitava vain luku -lukitustoiminto sivua kohden ensimm\u00e4iset 16 sivua<\/li>\n<li>Kent\u00e4ll\u00e4 ohjelmoitava vain luku -lukitustoiminto ensimm\u00e4isten 16 sivun yl\u00e4puolella kaksoissivua kohden NTAG 213:lle tai 16 sivulle NTAG 215:lle ja NTAG 216:lle<\/li>\n<li>Konfiguroitava salasanasuojaus valinnaisella rajalla ep\u00e4onnistuneita yrityksi\u00e4<\/li>\n<li>Repeytymist\u00e4 est\u00e4v\u00e4 tuki kapasiteettis\u00e4ili\u00f6lle (CC) ja lukkoterille<\/li>\n<li>ECC:n tukema alkuper\u00e4isyyden tarkistus<\/li>\n<li>Tietojen s\u00e4ilytysaika 10 vuotta<\/li>\n<li>Kirjoita kest\u00e4vyys 100 000 sykli\u00e4<\/li>\n<\/ul>\n<\/div>\n<\/div>\n<\/div>\n<div class=\"magic-2\">\n<div class=\"auto-hide-last-sibling-br paragraph_1252f paragraph-element\">\n<div class=\"auto-hide-last-sibling-br paragraph_1252f paragraph-element\"><strong>RFID-pesutunnistesovellukset:<\/strong><\/div>\n<p>&nbsp;<\/p>\n<ol class=\"auto-hide-last-sibling-br\">\n<li>\n<div class=\"auto-hide-last-sibling-br paragraph_1252f paragraph-element\">Teolliset pesulat: Teollisessa ymp\u00e4rist\u00f6ss\u00e4 suurten liinavaatteiden j\u00e4ljitt\u00e4minen on helppoa RFID-pesutunnistepainikkeiden avulla.<\/div>\n<\/li>\n<li>\n<div class=\"auto-hide-last-sibling-br paragraph_1252f paragraph-element\">Terveydenhuoltolaitokset ja hotellit: T\u00e4llaiset laitokset hoitavat usein suuria m\u00e4\u00e4ri\u00e4 pesulatoimintoja, joissa tunnisteet parantavat jatkuvasti tehokkuutta ja virtaviivaistavat varastonhallintaa.<\/div>\n<\/li>\n<li>\n<div class=\"auto-hide-last-sibling-br paragraph_1252f paragraph-element\">Liinavaatteiden vuokraus: Liinavaatteiden vuokrauspalvelualan yritykset hy\u00f6dynt\u00e4v\u00e4t n\u00e4it\u00e4 tunnisteita yksinkertaistaakseen varastonhallintaa ja yll\u00e4pit\u00e4\u00e4kseen laadunvalvontaa.<\/div>\n<\/li>\n<\/ol>\n<div class=\"auto-hide-last-sibling-br paragraph_1252f paragraph-element\">Tarjoamme erilaisia RFID-pesutunnisteita 125 kHz LF-, 13,56 MHz HF- ja Gen 2 UHF -taajuuksilla, joista jokainen on suunniteltu vastaamaan erilaisiin ainutlaatuisiin tarpeisiin. Kest\u00e4vyydest\u00e4\u00e4n ja koon monimuotoisuudestaan tunnetut merkinn\u00e4mme kest\u00e4v\u00e4t saumattomasti korkeita l\u00e4mp\u00f6tiloja, laitosten pesua. N\u00e4m\u00e4 pyykin RFID-tunnisteet on rakennettu kest\u00e4m\u00e4\u00e4n tiukat pyykinpesuprosessit hotelleissa ja laitoksissa, mik\u00e4 lupaa kest\u00e4vyytt\u00e4, joka kest\u00e4\u00e4 pesua, kuivausta, kuivapesua ja silityst\u00e4.<\/div>\n<p>&nbsp;<\/p>\n<div class=\"auto-hide-last-sibling-br paragraph_1252f paragraph-element\">PPS-materiaalin k\u00e4ytt\u00f6 tunnisteiden valmistuksessa varmistaa, ett\u00e4 ne kest\u00e4v\u00e4t upotuksen veteen, altistuksen l\u00e4mm\u00f6lle, fysikaaliselle paineelle ja kemikaaleille. N\u00e4m\u00e4 tunnisteet sopivat t\u00e4ydellisesti varastoprosesseihin ja todentamiseen eri aloilla, kuten terveydenhuolto, vieraanvaraisuus, ty\u00f6vaatteet, koulutus ja monet muut. Ne voidaan helposti ommella erilaisiin tekstiilituotteisiin, kuten lakanoihin, lautasliinoihin, pyyhkeisiin ja lukuisiin vaatteisiin, tai sijoittaa koteloiden sis\u00e4\u00e4n.<\/div>\n<\/div>\n<div class=\"auto-hide-last-sibling-br paragraph_1252f paragraph-element\"><\/div>\n<\/div>\n<\/div>\n<\/div>\n<\/div>","protected":false},"excerpt":{"rendered":"<p>RFID Laundry Button NFC Tag on suunniteltu pyykinhallinnan tunnistamiseen ja valvontaan. N\u00e4m\u00e4 tunnisteet voidaan kiinnitt\u00e4\u00e4 k\u00e4tev\u00e4sti jokaiseen vaatekappaleeseen tai pyykkipussiin. Jokainen NFC-painike on varustettu erottuvalla tunnistemerkill\u00e4, joka voidaan yhdist\u00e4\u00e4 tiettyihin pyykkikappaleisiin. T\u00e4m\u00e4 tekee pyykin seurantaprosessista virtaviivaisemman ja tehokkaamman.<\/p>","protected":false},"featured_media":156,"template":"","meta":{"_kad_post_transparent":"default","_kad_post_title":"","_kad_post_layout":"default","_kad_post_sidebar_id":"","_kad_post_content_style":"default","_kad_post_vertical_padding":"default","_kad_post_feature":"","_kad_post_feature_position":"","_kad_post_header":false,"_kad_post_footer":false,"_kad_post_classname":""},"product_brand":[],"product_cat":[21,17],"product_tag":[43,35,72,44],"class_list":{"0":"post-83","1":"product","2":"type-product","3":"status-publish","4":"has-post-thumbnail","6":"product_cat-pps-rfid-laundry-tag","7":"product_cat-nfc-rfid-laundry-tag","8":"product_tag-pps-rfid-washable-laundry-tags","9":"product_tag-rfid-button","10":"product_tag-rfid-laundry-button-nfc-tag","11":"product_tag-rfid-washable-laundry-tags","13":"first","14":"instock","15":"shipping-taxable","16":"product-type-simple","17":"entry","18":"content-bg","19":"loop-entry"},"_links":{"self":[{"href":"https:\/\/rfid-laundry-tag.com\/fi\/wp-json\/wp\/v2\/product\/83","targetHints":{"allow":["GET"]}}],"collection":[{"href":"https:\/\/rfid-laundry-tag.com\/fi\/wp-json\/wp\/v2\/product"}],"about":[{"href":"https:\/\/rfid-laundry-tag.com\/fi\/wp-json\/wp\/v2\/types\/product"}],"version-history":[{"count":1,"href":"https:\/\/rfid-laundry-tag.com\/fi\/wp-json\/wp\/v2\/product\/83\/revisions"}],"predecessor-version":[{"id":155,"href":"https:\/\/rfid-laundry-tag.com\/fi\/wp-json\/wp\/v2\/product\/83\/revisions\/155"}],"wp:featuredmedia":[{"embeddable":true,"href":"https:\/\/rfid-laundry-tag.com\/fi\/wp-json\/wp\/v2\/media\/156"}],"wp:attachment":[{"href":"https:\/\/rfid-laundry-tag.com\/fi\/wp-json\/wp\/v2\/media?parent=83"}],"wp:term":[{"taxonomy":"product_brand","embeddable":true,"href":"https:\/\/rfid-laundry-tag.com\/fi\/wp-json\/wp\/v2\/product_brand?post=83"},{"taxonomy":"product_cat","embeddable":true,"href":"https:\/\/rfid-laundry-tag.com\/fi\/wp-json\/wp\/v2\/product_cat?post=83"},{"taxonomy":"product_tag","embeddable":true,"href":"https:\/\/rfid-laundry-tag.com\/fi\/wp-json\/wp\/v2\/product_tag?post=83"}],"curies":[{"name":"wp","href":"https:\/\/api.w.org\/{rel}","templated":true}]}}