{"id":80,"date":"2024-06-11T17:06:56","date_gmt":"2024-06-11T17:06:56","guid":{"rendered":"https:\/\/rfid-laundry-tag.com\/?post_type=product&#038;p=80"},"modified":"2024-06-11T17:24:16","modified_gmt":"2024-06-11T17:24:16","slug":"125khz-pps-button-rfid-tag","status":"publish","type":"product","link":"https:\/\/rfid-laundry-tag.com\/fi\/125khz-pps-button-rfid-tag\/","title":{"rendered":"125 kHz PPS-painike RFID-tunniste"},"content":{"rendered":"<div class=\"J_module\">\n<div class=\"ife-detail-decorate-table\">\n<table style=\"border-collapse: collapse; width: 451.23pt;\" border=\"0\" width=\"752\" cellspacing=\"0\" cellpadding=\"0\">\n<tbody>\n<tr style=\"height: 28.00pt;\">\n<td class=\"et2\" style=\"height: 28.00pt; width: 138.60pt;\" width=\"231\" height=\"46\">Tuotteen nimi<\/td>\n<td class=\"et3\" style=\"width: 312.60pt;\" width=\"521\">125 kHz PPS-painike RFID-tunniste<\/td>\n<\/tr>\n<tr style=\"height: 14.40pt;\">\n<td class=\"et3\" style=\"height: 14.40pt; width: 138.60pt;\" width=\"231\" height=\"24\">Materiaali<\/td>\n<td class=\"et3\" style=\"width: 312.60pt;\" width=\"521\">PPS<\/td>\n<\/tr>\n<tr style=\"height: 14.40pt;\">\n<td class=\"et3\" style=\"height: 14.40pt; width: 138.60pt;\" width=\"231\" height=\"24\">V\u00e4ri<\/td>\n<td class=\"et3\" style=\"width: 312.60pt;\" width=\"521\">Musta<\/td>\n<\/tr>\n<tr style=\"height: 14.40pt;\">\n<td class=\"et3\" style=\"height: 14.40pt; width: 138.60pt;\" width=\"231\" height=\"24\">MOQ<\/td>\n<td class=\"et3\" style=\"width: 312.60pt;\" width=\"521\">500 kpl<\/td>\n<\/tr>\n<tr style=\"height: 42.00pt;\">\n<td class=\"et3\" style=\"height: 42.00pt; width: 138.60pt;\" width=\"231\" height=\"70\">Valmistaja\/siru<\/td>\n<td class=\"et3\" style=\"width: 312.60pt;\" width=\"521\">EM4200, TK4100, EM4305, T5577 jne<\/td>\n<\/tr>\n<tr style=\"height: 14.40pt;\">\n<td class=\"et3\" style=\"height: 14.40pt; width: 138.60pt;\" width=\"231\" height=\"24\">Taajuus<\/td>\n<td class=\"et3\" style=\"width: 312.60pt;\" width=\"521\">125 khz<\/td>\n<\/tr>\n<tr style=\"height: 70.00pt;\">\n<td class=\"et3\" style=\"height: 70.00pt; width: 138.60pt;\" width=\"231\" height=\"116\">Koko<\/td>\n<td class=\"et3\" style=\"width: 312.60pt;\" width=\"521\">Halkaisija 14 mm, halkaisija 15 mm, 18 mm, 20 mm, 22 mm, 24 mm, 30 mm jne<\/td>\n<\/tr>\n<tr style=\"height: 14.40pt;\">\n<td class=\"et3\" style=\"height: 14.40pt; width: 138.60pt;\" width=\"231\" height=\"24\">Lue Et\u00e4isyys<\/td>\n<td class=\"et3\" style=\"width: 312.60pt;\" width=\"521\">1-5 cm<\/td>\n<\/tr>\n<tr style=\"height: 14.40pt;\">\n<td class=\"et3\" style=\"height: 14.40pt; width: 138.60pt;\" width=\"231\" height=\"24\">Ty\u00f6tila<\/td>\n<td class=\"et3\" style=\"width: 312.60pt;\" width=\"521\">passiivinen<\/td>\n<\/tr>\n<tr style=\"height: 14.40pt;\">\n<td class=\"et3\" style=\"height: 14.40pt; width: 138.60pt;\" width=\"231\" height=\"24\">Ty\u00f6skentelyl\u00e4mp\u00f6tila<\/td>\n<td class=\"et3\" style=\"width: 312.60pt;\" width=\"521\">-25<span class=\"font0\">\u2103<\/span><span class=\"font2\">~+110<\/span><span class=\"font0\">\u2103<\/span><\/td>\n<\/tr>\n<tr style=\"height: 14.40pt;\">\n<td class=\"et3\" style=\"height: 14.40pt; width: 138.60pt;\" width=\"231\" height=\"24\">S\u00e4ilytysl\u00e4mp\u00f6tila<\/td>\n<td class=\"et3\" style=\"width: 312.60pt;\" width=\"521\">-40<span class=\"font0\">\u2103<\/span><span class=\"font2\">~+85<\/span><span class=\"font0\">\u2103<\/span><\/td>\n<\/tr>\n<tr style=\"height: 73.00pt;\">\n<td class=\"et4\" style=\"height: 73.00pt;\" height=\"121\">K\u00e4ytt\u00f6tiedot<\/td>\n<td class=\"et3\" style=\"width: 312.60pt;\" width=\"521\">Vedenkest\u00e4v\u00e4; kest\u00e4\u00e4 upotusta suolaveteen, alkoholiin, \u00f6ljyyn, 10%HCL; ammoniakki; isku ja t\u00e4rin\u00e4<\/td>\n<\/tr>\n<tr style=\"height: 14.40pt;\">\n<td class=\"et3\" style=\"height: 14.40pt; width: 138.60pt;\" width=\"231\" height=\"24\">ominaisuudet<\/td>\n<td class=\"et3\" style=\"width: 312.60pt;\" width=\"521\">vedenpit\u00e4v\u00e4, pest\u00e4v\u00e4, korkeita l\u00e4mp\u00f6tiloja kest\u00e4v\u00e4<\/td>\n<\/tr>\n<tr style=\"height: 14.40pt;\">\n<td class=\"et3\" style=\"height: 14.40pt; width: 138.60pt;\" width=\"231\" height=\"24\">Sovellukset<\/td>\n<td class=\"et3\" style=\"width: 312.60pt;\" width=\"521\">pyykin hallinta ja seuranta<\/td>\n<\/tr>\n<\/tbody>\n<\/table>\n<\/div>\n<\/div>\n<div class=\"J_module\">\n<div class=\"detail-decorate-json-renderer-container\">\n<div class=\"magic-1\">\n<div>\n<div><\/div>\n<div class=\"auto-hide-last-sibling-br paragraph_1252f paragraph-element\">125 kHz PPS Button RFID-tunnisteet tarjoavat monia etuja osana RFID-pesutunnisteratkaisuja. N\u00e4m\u00e4 sis\u00e4lt\u00e4v\u00e4t:<\/div>\n<p><br class=\"container_e695a wrapper_ad07b undefined\" \/><\/p>\n<ol class=\"auto-hide-last-sibling-br\">\n<li>Suoraan tehtaalta tuleva hinnoittelu varmistaa kilpailukykyisen kustannustehokkuuden.<\/li>\n<li>Taattu laatu 100%-testauksella ennen l\u00e4hett\u00e4mist\u00e4.<\/li>\n<li>Luotettava pitk\u00e4ik\u00e4isyys, yli 200 pesujaksoa tai 2 vuoden elinik\u00e4inen takuu l\u00e4hetyksen j\u00e4lkeen.<\/li>\n<li>Poikkeuksellinen joustavuus, kest\u00e4\u00e4 upotuksen veteen, altistumista kuumuudelle, paineelle ja kemikaaleille.<\/li>\n<li>Tarjous ilmaisesta n\u00e4ytteest\u00e4 laadun testausta ja varmistusta varten.<\/li>\n<\/ol>\n<\/div>\n<div class=\"magic-2\">\n<div>\n<div class=\"auto-hide-last-sibling-br paragraph_1252f paragraph-element\"><\/div>\n<div class=\"auto-hide-last-sibling-br paragraph_1252f paragraph-element\"><strong>RFID-painiketunnisteen sovellukset<\/strong><\/div>\n<ol class=\"auto-hide-last-sibling-br\">\n<li>\n<div class=\"auto-hide-last-sibling-br paragraph_1252f paragraph-element\">Teollisuuspesulat: Teollisuussektorilla suurten liinavaatteiden j\u00e4ljitt\u00e4misest\u00e4 tulee vaivaton teht\u00e4v\u00e4 RFID-pesutunnistepainikkeiden avulla.<\/div>\n<\/li>\n<li>\n<div class=\"auto-hide-last-sibling-br paragraph_1252f paragraph-element\">Sairaalat ja hotellit: N\u00e4m\u00e4 laitokset k\u00e4sittelev\u00e4t usein suuria m\u00e4\u00e4ri\u00e4 pesulatoimintoja, joissa n\u00e4m\u00e4 tunnisteet ovat osoittautuneet hy\u00f6dyllisiksi tehokkuuden ja varastonhallinnan parantamisessa.<\/div>\n<\/li>\n<li>\n<div class=\"auto-hide-last-sibling-br paragraph_1252f paragraph-element\">Liinavaatteiden vuokraus: Liinavaatteiden vuokrauspalveluita tarjoavat yritykset k\u00e4ytt\u00e4v\u00e4t n\u00e4it\u00e4 tunnisteita varastonhallinnan yksinkertaistamiseen ja laadunvalvonnan yll\u00e4pit\u00e4miseen.<\/div>\n<\/li>\n<\/ol>\n<div class=\"auto-hide-last-sibling-br paragraph_1252f paragraph-element\"><\/div>\n<\/div>\n<\/div>\n<\/div>\n<\/div>\n<\/div>","protected":false},"excerpt":{"rendered":"<div class=\"auto-hide-last-sibling-br paragraph_1252f paragraph-element\">125 kHz PPS Button RFID Tag, joka tunnetaan yleisesti RFID-painiketunnisteena, on tiiviisti rakennettu laite, joka on tarkoitettu sovelluksiin, jotka vaativat kovia olosuhteita kest\u00e4vi\u00e4 tunnisteita. Tarjoamme valikoiman pyykinpesun RFID-tunnisteita, jotka k\u00e4ytt\u00e4v\u00e4t 125 kHz LF, 13,56 MHz HF Gen 2 UHF-taajuuksien lis\u00e4ksi.<\/div>\n<div class=\"auto-hide-last-sibling-br paragraph_1252f paragraph-element\">N\u00e4m\u00e4 pyykinpesun RFID-tunnisteet on rakennettu kest\u00e4m\u00e4\u00e4n vaativien hotellien ja laitosten pesulaty\u00f6nkulkuja, ja ne tarjoavat joustavuutta ja mukautuvan erilaisiin menetelmiin, kuten pesuun, kuivaukseen, kuivapesuun ja silitykseen.<\/div>","protected":false},"featured_media":81,"template":"","meta":{"_kad_post_transparent":"default","_kad_post_title":"","_kad_post_layout":"default","_kad_post_sidebar_id":"","_kad_post_content_style":"default","_kad_post_vertical_padding":"default","_kad_post_feature":"","_kad_post_feature_position":"","_kad_post_header":false,"_kad_post_footer":false,"_kad_post_classname":""},"product_brand":[],"product_cat":[21,18],"product_tag":[47,49,48],"class_list":{"0":"post-80","1":"product","2":"type-product","3":"status-publish","4":"has-post-thumbnail","6":"product_cat-pps-rfid-laundry-tag","7":"product_cat-125khz-rfid-laundry-tag","8":"product_tag-125khz-pps-button-rfid-tag","9":"product_tag-button-rfid-tag","10":"product_tag-pps-button-rfid-tag","12":"first","13":"instock","14":"shipping-taxable","15":"product-type-simple","16":"entry","17":"content-bg","18":"loop-entry"},"_links":{"self":[{"href":"https:\/\/rfid-laundry-tag.com\/fi\/wp-json\/wp\/v2\/product\/80","targetHints":{"allow":["GET"]}}],"collection":[{"href":"https:\/\/rfid-laundry-tag.com\/fi\/wp-json\/wp\/v2\/product"}],"about":[{"href":"https:\/\/rfid-laundry-tag.com\/fi\/wp-json\/wp\/v2\/types\/product"}],"version-history":[{"count":0,"href":"https:\/\/rfid-laundry-tag.com\/fi\/wp-json\/wp\/v2\/product\/80\/revisions"}],"wp:featuredmedia":[{"embeddable":true,"href":"https:\/\/rfid-laundry-tag.com\/fi\/wp-json\/wp\/v2\/media\/81"}],"wp:attachment":[{"href":"https:\/\/rfid-laundry-tag.com\/fi\/wp-json\/wp\/v2\/media?parent=80"}],"wp:term":[{"taxonomy":"product_brand","embeddable":true,"href":"https:\/\/rfid-laundry-tag.com\/fi\/wp-json\/wp\/v2\/product_brand?post=80"},{"taxonomy":"product_cat","embeddable":true,"href":"https:\/\/rfid-laundry-tag.com\/fi\/wp-json\/wp\/v2\/product_cat?post=80"},{"taxonomy":"product_tag","embeddable":true,"href":"https:\/\/rfid-laundry-tag.com\/fi\/wp-json\/wp\/v2\/product_tag?post=80"}],"curies":[{"name":"wp","href":"https:\/\/api.w.org\/{rel}","templated":true}]}}