{"id":76,"date":"2024-06-11T16:43:33","date_gmt":"2024-06-11T16:43:33","guid":{"rendered":"https:\/\/rfid-laundry-tag.com\/?post_type=product&#038;p=76"},"modified":"2024-06-11T16:59:46","modified_gmt":"2024-06-11T16:59:46","slug":"pps-washable-nfc-tags","status":"publish","type":"product","link":"https:\/\/rfid-laundry-tag.com\/fi\/pps-washable-nfc-tags\/","title":{"rendered":"PPS-pest\u00e4v\u00e4t NFC-tunnisteet"},"content":{"rendered":"<div class=\"J_module\">\n<div class=\"ife-detail-decorate-table\">\n<table class=\"has-title all magic-6\">\n<tbody>\n<tr>\n<td colspan=\"1\" rowspan=\"1\">\n<div class=\"magic-7\" data-spm-anchor-id=\"a2700.details.0.i45.77607d98vZbcDU\"><span class=\"magic-8\" style=\"color: #363535;\">Tuotteen nimi<\/span><\/div>\n<\/td>\n<td colspan=\"1\" rowspan=\"1\">\n<div class=\"magic-9\">PPS-pest\u00e4v\u00e4t NFC-tunnisteet<\/div>\n<\/td>\n<\/tr>\n<tr>\n<td colspan=\"1\" rowspan=\"1\">\n<div class=\"magic-7\"><span class=\"magic-10\" data-spm-anchor-id=\"a2700.pc-decorate.0.i10.28d333330XLbTD\"><span class=\"magic-8\">Materiaali<\/span><\/span><\/div>\n<\/td>\n<td colspan=\"1\" rowspan=\"1\">\n<div class=\"magic-9\"><span class=\"magic-8\">PPS<\/span><\/div>\n<\/td>\n<\/tr>\n<tr>\n<td colspan=\"1\" rowspan=\"1\">\n<div class=\"magic-7\"><span class=\"magic-8\">V\u00e4ri<\/span><\/div>\n<\/td>\n<td colspan=\"1\" rowspan=\"1\">\n<div class=\"magic-9\"><span class=\"magic-8\">Musta, keltainen jne<\/span><\/div>\n<\/td>\n<\/tr>\n<tr>\n<td colspan=\"1\" rowspan=\"1\">MOQ<\/td>\n<td colspan=\"1\" rowspan=\"1\">500 kpl<\/td>\n<\/tr>\n<tr>\n<td colspan=\"1\" rowspan=\"1\">\n<div class=\"magic-7\"><span class=\"magic-8\">Valmistaja\/siru<\/span><\/div>\n<\/td>\n<td colspan=\"1\" rowspan=\"1\">\n<div class=\"magic-9\"><span class=\"magic-8\">NXP Ntag213, Ntag215, Ntag216, Mifare Ultralight ev1 jne<\/span><\/div>\n<\/td>\n<\/tr>\n<tr>\n<td colspan=\"1\" rowspan=\"1\">\n<div class=\"magic-7\"><span class=\"magic-8\">Taajuus<\/span><\/div>\n<\/td>\n<td colspan=\"1\" rowspan=\"1\">\n<div class=\"magic-9\"><span class=\"magic-8\">13,56 MHz<\/span><\/div>\n<\/td>\n<\/tr>\n<tr>\n<td colspan=\"1\" rowspan=\"1\">\n<div class=\"magic-7\"><span class=\"magic-8\">Muisti<\/span><\/div>\n<\/td>\n<td colspan=\"1\" rowspan=\"1\">\n<div class=\"magic-9\"><span class=\"magic-8\">144 tavua, 504 tavua, 888 tavua, 64 tavua jne<\/span><\/div>\n<\/td>\n<\/tr>\n<tr>\n<td colspan=\"1\" rowspan=\"1\">\n<div class=\"magic-7\"><span class=\"magic-8\">Lue Et\u00e4isyys<\/span><\/div>\n<\/td>\n<td colspan=\"1\" rowspan=\"1\">\n<div class=\"magic-9\"><span class=\"magic-8\">1-5 cm<\/span><\/div>\n<\/td>\n<\/tr>\n<tr>\n<td colspan=\"1\" rowspan=\"1\">\n<div class=\"magic-7\"><span class=\"magic-8\">Ty\u00f6tila<\/span><\/div>\n<\/td>\n<td colspan=\"1\" rowspan=\"1\">\n<div class=\"magic-9\"><span class=\"magic-8\">passiivinen<\/span><\/div>\n<\/td>\n<\/tr>\n<tr>\n<td colspan=\"1\" rowspan=\"1\">\n<div class=\"magic-7\"><span class=\"magic-8\">Ty\u00f6skentelyl\u00e4mp\u00f6tila<\/span><\/div>\n<\/td>\n<td colspan=\"1\" rowspan=\"1\">\n<div class=\"magic-9\"><span class=\"magic-8\">-25 \u2103 ~ +110 \u2103<\/span><\/div>\n<\/td>\n<\/tr>\n<tr>\n<td colspan=\"1\" rowspan=\"1\">\n<div class=\"magic-7\"><span class=\"magic-8\">S\u00e4ilytysl\u00e4mp\u00f6tila<\/span><\/div>\n<\/td>\n<td colspan=\"1\" rowspan=\"1\">\n<div class=\"magic-9\"><span class=\"magic-8\">-40 \u2103 ~ +85 \u2103<\/span><\/div>\n<\/td>\n<\/tr>\n<tr>\n<td colspan=\"1\" rowspan=\"1\">\n<div class=\"magic-7\">\n<div><span class=\"magic-8\">\u00a0<\/span><\/div>\n<p><span class=\"magic-8\">Lyhytaikainen l\u00e4mm\u00f6nkest\u00e4vyys<\/span><\/p>\n<\/div>\n<\/td>\n<td colspan=\"1\" rowspan=\"1\">\n<div class=\"magic-9\"><span class=\"magic-8\">pesu: 90 \u2103, 15 minuuttia; muuntimen esikuivaus: 180 \u2103, 30 minuuttia, 200 kertaa; silitys: 180 \u2103, 10 sekuntia, 200 kertaa; korkea<br \/>\nl\u00e4mp\u00f6tilasterilointi: 135 \u2103, 20 minuuttia<\/span><\/div>\n<\/td>\n<\/tr>\n<tr>\n<td colspan=\"1\" rowspan=\"1\">\n<div class=\"magic-7\"><span class=\"magic-8\">ominaisuudet<\/span><\/div>\n<\/td>\n<td colspan=\"1\" rowspan=\"1\">\n<div class=\"magic-9\"><span class=\"magic-8\">vedenpit\u00e4v\u00e4, pest\u00e4v\u00e4, korkeita l\u00e4mp\u00f6tiloja kest\u00e4v\u00e4<\/span><\/div>\n<\/td>\n<\/tr>\n<tr>\n<td colspan=\"1\" rowspan=\"1\">\n<div class=\"magic-7\"><span class=\"magic-8\">El\u00e4m\u00e4<\/span><\/div>\n<\/td>\n<td colspan=\"1\" rowspan=\"1\">\n<div class=\"magic-9\"><span class=\"magic-8\">pesu 200 kertaa tai 3 vuotta<\/span><\/div>\n<\/td>\n<\/tr>\n<tr>\n<td colspan=\"1\" rowspan=\"1\">\n<div class=\"magic-7\"><span class=\"magic-8\">Sovellukset<\/span><\/div>\n<\/td>\n<td colspan=\"1\" rowspan=\"1\">\n<div class=\"magic-9\"><span class=\"magic-8\">pyykin hallinta ja seuranta<\/span><\/div>\n<\/td>\n<\/tr>\n<\/tbody>\n<\/table>\n<\/div>\n<\/div>\n<div class=\"J_module\">\n<div class=\"detail-decorate-json-renderer-container\">\n<div class=\"magic-1\">\n<div>\n<div><\/div>\n<div class=\"auto-hide-last-sibling-br paragraph_1252f paragraph-element\"><strong>NTAG213-siru, jossa on PPS-pest\u00e4vi\u00e4 NFC-tunnisteita<\/strong><\/div>\n<ul class=\"auto-hide-last-sibling-br\">\n<li>Valmistaja: NXP Semiconductors<\/li>\n<li>Sirutyyppi: NTAG213 (ISO\/IEC 14443 A)<\/li>\n<li>Muisti: 144 tavua kokonaismuistia, jaettuna 42 sivuun (4 tavua kukin)<\/li>\n<li>Salli lukea ja kirjoittaa<\/li>\n<li>UID ASCII -peiliominaisuus<\/li>\n<li>Integroitu Originality Signature<\/li>\n<li>NFC Forum Type 2 Tag -yhteensopiva<\/li>\n<\/ul>\n<\/div>\n<div class=\"magic-2\">\n<div class=\"auto-hide-last-sibling-br paragraph_1252f paragraph-element\">\n<div class=\"auto-hide-last-sibling-br paragraph_1252f paragraph-element\">NTAG213-siruilla varustetut PPS-pest\u00e4v\u00e4t NFC-tunnisteet palvelevat erinomaisesti kest\u00e4vyytt\u00e4 ja luotettavaa seurantaa vaativia ymp\u00e4rist\u00f6j\u00e4, mukaan lukien teollisuuspesulat, varastot ja logistiikkayritykset. Niiden kest\u00e4v\u00e4 PPS-muovikuori antaa niille kyvyn kest\u00e4\u00e4 erilaisia ymp\u00e4rist\u00f6n esteit\u00e4, kuten korkeita paineita, kosteutta, \u00f6ljyj\u00e4, kemikaaleja ja kohonneita l\u00e4mp\u00f6tiloja.<\/div>\n<p>&nbsp;<\/p>\n<p>&nbsp;<\/p>\n<div class=\"auto-hide-last-sibling-br paragraph_1252f paragraph-element\"><\/div>\n<div class=\"auto-hide-last-sibling-br paragraph_1252f paragraph-element\"><\/div>\n<\/div>\n<\/div>\n<\/div>\n<\/div>\n<\/div>","protected":false},"excerpt":{"rendered":"<p>NFC-pesutunnisteet, joita yleisesti kutsutaan PPS-pest\u00e4v\u00e4ksi NFC-tunnisteeksi, on suunniteltu erityisesti sovelluksiin, jotka vaativat tukevan tunnisteen, joka kest\u00e4\u00e4 haastavia k\u00e4ytt\u00f6ymp\u00e4rist\u00f6j\u00e4. Vaikka UHF-pesutranspondereita suositaan laajalti nykyisill\u00e4 markkinoilla, on tilanteita, joissa tarvitaan NFC-pesutunnisteita, jotka voivat toimia mobiilisovellusten kanssa. N\u00e4pp\u00e4intyyliset RFID-pesutransponderit voivat vastata juuri n\u00e4ihin tarpeisiin.<\/p>","protected":false},"featured_media":77,"template":"","meta":{"_kad_post_transparent":"default","_kad_post_title":"","_kad_post_layout":"default","_kad_post_sidebar_id":"","_kad_post_content_style":"default","_kad_post_vertical_padding":"default","_kad_post_feature":"","_kad_post_feature_position":"","_kad_post_header":false,"_kad_post_footer":false,"_kad_post_classname":""},"product_brand":[],"product_cat":[21,17],"product_tag":[37,42,45,35],"class_list":{"0":"post-76","1":"product","2":"type-product","3":"status-publish","4":"has-post-thumbnail","6":"product_cat-pps-rfid-laundry-tag","7":"product_cat-nfc-rfid-laundry-tag","8":"product_tag-nfc-button","9":"product_tag-pps-nfc-laundry-tag","10":"product_tag-pps-washable-nfc-tags","11":"product_tag-rfid-button","13":"first","14":"instock","15":"shipping-taxable","16":"product-type-simple","17":"entry","18":"content-bg","19":"loop-entry"},"_links":{"self":[{"href":"https:\/\/rfid-laundry-tag.com\/fi\/wp-json\/wp\/v2\/product\/76","targetHints":{"allow":["GET"]}}],"collection":[{"href":"https:\/\/rfid-laundry-tag.com\/fi\/wp-json\/wp\/v2\/product"}],"about":[{"href":"https:\/\/rfid-laundry-tag.com\/fi\/wp-json\/wp\/v2\/types\/product"}],"version-history":[{"count":0,"href":"https:\/\/rfid-laundry-tag.com\/fi\/wp-json\/wp\/v2\/product\/76\/revisions"}],"wp:featuredmedia":[{"embeddable":true,"href":"https:\/\/rfid-laundry-tag.com\/fi\/wp-json\/wp\/v2\/media\/77"}],"wp:attachment":[{"href":"https:\/\/rfid-laundry-tag.com\/fi\/wp-json\/wp\/v2\/media?parent=76"}],"wp:term":[{"taxonomy":"product_brand","embeddable":true,"href":"https:\/\/rfid-laundry-tag.com\/fi\/wp-json\/wp\/v2\/product_brand?post=76"},{"taxonomy":"product_cat","embeddable":true,"href":"https:\/\/rfid-laundry-tag.com\/fi\/wp-json\/wp\/v2\/product_cat?post=76"},{"taxonomy":"product_tag","embeddable":true,"href":"https:\/\/rfid-laundry-tag.com\/fi\/wp-json\/wp\/v2\/product_tag?post=76"}],"curies":[{"name":"wp","href":"https:\/\/api.w.org\/{rel}","templated":true}]}}