{"id":731,"date":"2024-07-16T17:14:51","date_gmt":"2024-07-16T17:14:51","guid":{"rendered":"https:\/\/rfid-laundry-tag.com\/?post_type=product&#038;p=731"},"modified":"2024-08-14T16:37:34","modified_gmt":"2024-08-14T16:37:34","slug":"uhf-rfid-dry-inlays-with-nxp-ucode-9","status":"publish","type":"product","link":"https:\/\/rfid-laundry-tag.com\/fi\/uhf-rfid-dry-inlays-with-nxp-ucode-9\/","title":{"rendered":"UHF RFID Dry Inlays NXP Ucode 9:ll\u00e4"},"content":{"rendered":"<h2>UHF RFID Dry Inlays NXP-Ucode 9:ll\u00e4<\/h2>\n<ul>\n<li><strong>Taajuus:<\/strong>\u00a0860-960 MHz<\/li>\n<li><strong>Protokolla:<\/strong>\u00a0ISO18000-6C<\/li>\n<li><strong>Lukualue:<\/strong>\u00a0Pitk\u00e4 lukuet\u00e4isyys (jopa 10 metri\u00e4)<\/li>\n<li><strong>Siruvaihtoehdot:<\/strong>\n<ul>\n<li><strong>NXP-Ucode9:<\/strong>\u00a0Suorituskykyinen siru parannetuilla suojaominaisuuksilla.<\/li>\n<li><strong>Muut vaihtoehdot:<\/strong>\u00a0Alien H3, Monza R6, NXP-Ucode8, NXP-Ucode7<\/li>\n<\/ul>\n<\/li>\n<\/ul>\n<p><strong>R\u00e4\u00e4t\u00e4l\u00f6intivaihtoehdot:<\/strong><\/p>\n<p>Tarjoamme erilaisia r\u00e4\u00e4t\u00e4l\u00f6intivaihtoehtoja RFID-inlayille, mukaan lukien:<\/p>\n<ul>\n<li><strong>Materiaalit:<\/strong>\u00a0P\u00e4\u00e4llystetty paperi, PVC, PET, herkk\u00e4 paperi jne.<\/li>\n<li><strong>Koko:<\/strong>\u00a0R\u00e4\u00e4t\u00e4l\u00f6ity koko tietyn tuotteen mittojen mukaan.<\/li>\n<li><strong>Tulostus:<\/strong>\u00a0Logon painatus, numeropainatus, viivakoodin tulostus.<\/li>\n<li><strong>Koodaus ja salaus:<\/strong>\u00a0Turvallinen tiedon tallennus ja viestint\u00e4.<\/li>\n<\/ul>\n<p><strong>RFID inlayt<\/strong>\u00a0ovat RFID-j\u00e4rjestelm\u00e4n syd\u00e4n, joka sis\u00e4lt\u00e4\u00e4 mikrosirun (IC) ja antennin, jotka mahdollistavat viestinn\u00e4n lukijan kanssa. Ne luokitellaan kahteen p\u00e4\u00e4tyyppiin rakenteensa perusteella:<\/p>\n<p><strong>1. RFID Dry Inlays:<\/strong><\/p>\n<ul>\n<li><strong>Kuvaus:<\/strong>\u00a0Kuivat inlayt on suunniteltu integroitaviksi suoraan materiaaleihin tai substraatteihin. Niist\u00e4 puuttuu liimapohja, joten ne ovat ihanteellisia sovelluksiin, jotka vaativat pysyv\u00e4n kiinnityksen. Niiss\u00e4 on usein laminoitu pinta.<\/li>\n<li><strong>Avainominaisuudet:<\/strong>\n<ul>\n<li><strong>Ei liimaa:<\/strong>\u00a0Poistaa ylim\u00e4\u00e4r\u00e4isten liimausvaiheiden tarpeen.<\/li>\n<li><strong>Suora integrointi:<\/strong>\u00a0Helppo liitt\u00e4\u00e4 tuotteisiin, pakkauksiin tai muihin materiaaleihin.<\/li>\n<li><strong>Kest\u00e4v\u00e4 rakenne:<\/strong>\u00a0Kest\u00e4v\u00e4t kulutusta, joten ne sopivat vaativiin ymp\u00e4rist\u00f6ihin.<\/li>\n<\/ul>\n<\/li>\n<\/ul>\n<p><strong>2. RFID Wet Inlays:<\/strong><\/p>\n<ul>\n<li><strong>Kuvaus:<\/strong>\u00a0Kosteissa inlayissa on liimapohja, jonka avulla ne voidaan kiinnitt\u00e4\u00e4 suoraan tuotteeseen tai muuntaa \u00e4lykk\u00e4iksi tarroiksi. T\u00e4m\u00e4 tekee niist\u00e4 kustannustehokkaan ratkaisun suurten m\u00e4\u00e4rien merkitsemiseen.<\/li>\n<li><strong>Avainominaisuudet:<\/strong>\n<ul>\n<li><strong>Liimallinen tausta:<\/strong>\u00a0Mahdollistaa helpon levityksen erilaisille pinnoille.<\/li>\n<li><strong>Kustannustehokas:<\/strong>\u00a0Ihanteellinen suuriin merkint\u00e4projekteihin.<\/li>\n<li><strong>Monipuoliset sovellukset:<\/strong>\u00a0Sopii tuotteille, jotka vaativat v\u00e4liaikaisen tai pysyv\u00e4n merkinn\u00e4n.<\/li>\n<\/ul>\n<\/li>\n<\/ul>","protected":false},"excerpt":{"rendered":"<p>UHF RFID Dry Inlays NXP Ucode 9:ll\u00e4 parantaa turvallisuutta ja tietojen tallennusta. Integroidaan suoraan materiaaleihin.<\/p>","protected":false},"featured_media":732,"template":"","meta":{"_kad_post_transparent":"default","_kad_post_title":"","_kad_post_layout":"default","_kad_post_sidebar_id":"","_kad_post_content_style":"default","_kad_post_vertical_padding":"default","_kad_post_feature":"","_kad_post_feature_position":"","_kad_post_header":false,"_kad_post_footer":false,"_kad_post_classname":""},"product_brand":[],"product_cat":[189,54],"product_tag":[192,191],"class_list":{"0":"post-731","1":"product","2":"type-product","3":"status-publish","4":"has-post-thumbnail","6":"product_cat-rfid-inlay","7":"product_cat-hot-selling-rfid-tags","8":"product_tag-uhf-rfid-dry-inlays","9":"product_tag-uhf-rfid-dry-inlays-with-nxp-ucode-9","11":"first","12":"instock","13":"shipping-taxable","14":"product-type-simple","15":"entry","16":"content-bg","17":"loop-entry"},"_links":{"self":[{"href":"https:\/\/rfid-laundry-tag.com\/fi\/wp-json\/wp\/v2\/product\/731","targetHints":{"allow":["GET"]}}],"collection":[{"href":"https:\/\/rfid-laundry-tag.com\/fi\/wp-json\/wp\/v2\/product"}],"about":[{"href":"https:\/\/rfid-laundry-tag.com\/fi\/wp-json\/wp\/v2\/types\/product"}],"version-history":[{"count":4,"href":"https:\/\/rfid-laundry-tag.com\/fi\/wp-json\/wp\/v2\/product\/731\/revisions"}],"predecessor-version":[{"id":1329,"href":"https:\/\/rfid-laundry-tag.com\/fi\/wp-json\/wp\/v2\/product\/731\/revisions\/1329"}],"wp:featuredmedia":[{"embeddable":true,"href":"https:\/\/rfid-laundry-tag.com\/fi\/wp-json\/wp\/v2\/media\/732"}],"wp:attachment":[{"href":"https:\/\/rfid-laundry-tag.com\/fi\/wp-json\/wp\/v2\/media?parent=731"}],"wp:term":[{"taxonomy":"product_brand","embeddable":true,"href":"https:\/\/rfid-laundry-tag.com\/fi\/wp-json\/wp\/v2\/product_brand?post=731"},{"taxonomy":"product_cat","embeddable":true,"href":"https:\/\/rfid-laundry-tag.com\/fi\/wp-json\/wp\/v2\/product_cat?post=731"},{"taxonomy":"product_tag","embeddable":true,"href":"https:\/\/rfid-laundry-tag.com\/fi\/wp-json\/wp\/v2\/product_tag?post=731"}],"curies":[{"name":"wp","href":"https:\/\/api.w.org\/{rel}","templated":true}]}}