{"id":727,"date":"2024-07-16T17:02:27","date_gmt":"2024-07-16T17:02:27","guid":{"rendered":"https:\/\/rfid-laundry-tag.com\/?post_type=product&#038;p=727"},"modified":"2024-09-16T05:10:50","modified_gmt":"2024-09-16T05:10:50","slug":"alien-h9-9662-rfid-inlay-sticker","status":"publish","type":"product","link":"https:\/\/rfid-laundry-tag.com\/fi\/alien-h9-9662-rfid-inlay-sticker\/","title":{"rendered":"Alien H9 9662 RFID Inlay -tarra"},"content":{"rendered":"<h2>Alien H9 9662 RFID Inlay -tarra<\/h2>\n<p><strong>Taajuus:<\/strong>\u00a0UHF 860-960 MHz<br \/>\n<strong>Siru:<\/strong> ALIEN Higgs-3, Alien H9<br \/>\n<strong>Protokolla:<\/strong>\u00a0EPC-luokka 1 Gen2, ISO18000-6C<br \/>\n<strong>Muisti:<\/strong><\/p>\n<ul>\n<li>EPC: 96 bitti\u00e4<\/li>\n<li>TID: 32 bitti\u00e4<\/li>\n<li>K\u00e4ytt\u00e4j\u00e4: 512 bitti\u00e4<br \/>\n<strong>Lukuet\u00e4isyys:<\/strong>\u00a01-8 metri\u00e4 (riippuen lukijasta)<\/li>\n<\/ul>\n<p><strong>Mitat:<\/strong> 82,50 x 25,40 mm<br \/>\n<strong>Muodot:<\/strong> Kuiva Inlay, Wet Inlay<br \/>\nLaadukas valmistus takaa luotettavan suorituskyvyn monimutkaisissa ymp\u00e4rist\u00f6iss\u00e4.<\/p>\n<h4 class=\"alternative\">Alien H9 -sirujen kohokohdat<\/h4>\n<ul>\n<li>Yhteensopiva GS1 Class 1 Gen 2- ja ISO\/IEC 18000-6C -standardien kanssa<\/li>\n<li>Maailmanlaajuinen toiminta RFID UHF -taajuuksilla (840-960 MHz)<\/li>\n<li>1024 bitti\u00e4 NVM\/RAM-muistia<\/li>\n<li>Jopa 496-EPC-bitti\u00e4 (nimellisesti 96 bitti\u00e4)<\/li>\n<li>Jopa 688 k\u00e4ytt\u00e4j\u00e4bitti\u00e4<\/li>\n<li>48-bittinen ainutlaatuinen TID<\/li>\n<li>32-bittinen p\u00e4\u00e4sy ja 32-bittinen kill-pass-<br \/>\nsanoja<\/li>\n<li>Esiohjelmoitu ainutlaatuisella, muuttumattomalla<br \/>\nkykenev\u00e4 48-bittinen sarjanumero<\/li>\n<li>K\u00e4ytt\u00e4j\u00e4muisti voidaan est\u00e4\u00e4 pysyv\u00e4sti<br \/>\nLukittu ja luettu salasana pro-<br \/>\ntestattu 256-bittisill\u00e4 lohkoilla<\/li>\n<li>Pienitehoinen toiminta sek\u00e4 lukemiseen ett\u00e4<br \/>\nohjelmoida<\/li>\n<li>QuickWrite\u2122 \/ BlastWrite\u2122 \u2013 Nopea<br \/>\nsiru- ja massaohjelmointi<\/li>\n<li>Dynamic AuthenticationTM anti-kloonaus \/<br \/>\nv\u00e4\u00e4renn\u00f6sten vastainen tekniikka<\/li>\n<li>Poikkeuksellinen toimintas\u00e4de, jopa 13m<br \/>\nsopivalla antennilla.<\/li>\n<\/ul>\n<p><strong>Sovellukset:<\/strong><\/p>\n<ul>\n<li>Toimitusketjun hallinta<\/li>\n<li>Jakelulogistiikka<\/li>\n<li>Tuotteen todennus<\/li>\n<li>Omaisuuden inventointi ja seuranta<\/li>\n<li>Matkatavaroiden k\u00e4sittely ja seuranta<\/li>\n<\/ul>\n<p><strong>Avainominaisuudet:<\/strong><\/p>\n<ul>\n<li>Suorituskykyinen UHF RFID -inlay-tarra<\/li>\n<li>Pitk\u00e4 lukuet\u00e4isyys ja luotettava suorituskyky<\/li>\n<li>Soveltuu erilaisiin sovelluksiin, jotka vaativat vankkaa RFID-seurantaa<\/li>\n<li>K\u00e4ytt\u00e4\u00e4 alan standardia EPC Class 1 Gen2 -protokollaa<\/li>\n<\/ul>\n<p><strong>Huomautus:<\/strong>\u00a0Todellinen lukuet\u00e4isyys voi vaihdella riippuen tekij\u00f6ist\u00e4, kuten lukijan tehosta, antennin suunnittelusta, ymp\u00e4rist\u00f6olosuhteista ja tunnisteen suunnasta.<\/p>\n<h2>Usein kysytyt kysymykset: Alien H9 9662 RFID Inlay Tarra<\/h2>\n<p><strong>Kenraali<\/strong><\/p>\n<ol>\n<li><strong>Mik\u00e4 on Alien H9 9662 RFID Inlay -tarran lukualue?<\/strong><br \/>\nAlien H9 9662 RFID Inlay -tarran lukualue voi vaihdella riippuen tekij\u00f6ist\u00e4, kuten k\u00e4ytetyst\u00e4 lukijasta, antennikokoonpanosta ja ymp\u00e4rist\u00f6olosuhteista.<\/li>\n<li><strong>Mik\u00e4 on Alien H9 9662 RFID Inlay -tarran toimintataajuus?<\/strong><br \/>\nAlien H9 9662 RFID Inlay -tarra toimii UHF-taajuusalueella 865-868 MHz.<\/li>\n<li><strong>Onko upote yhteensopiva EPC Class 1 Gen2 -protokollan kanssa?<\/strong><br \/>\nKyll\u00e4, Alien H9 9662 RFID Inlay -tarra on yhteensopiva EPC Class 1 Gen2 -protokollan kanssa.<\/li>\n<li><strong>Mitk\u00e4 ovat Alien H9 9662 RFID Inlay -tarran mitat?<\/strong><br \/>\nMit\u00e4 tahansa kokoa voidaan mukauttaa.<\/li>\n<li><strong>Onko inlay eri muodoissa, kuten kuiva tai m\u00e4rk\u00e4?<\/strong><br \/>\nKyll\u00e4, inlay on saatavana kuivassa tai m\u00e4r\u00e4ss\u00e4 inlay-muodossa.<\/li>\n<li><strong>Kuinka Alien H9 9662 RFID Inlay -tarra toimii monimutkaisissa ymp\u00e4rist\u00f6iss\u00e4?<\/strong><br \/>\nAlien H9 9662 RFID Inlay -tarra on suunniteltu toimimaan hyvin monimutkaisissa ymp\u00e4rist\u00f6iss\u00e4. Sellaiset tekij\u00e4t kuin metallin h\u00e4iri\u00f6t, kosteus ja l\u00e4mp\u00f6tila voivat kuitenkin vaikuttaa lukualueeseen.<\/li>\n<\/ol>\n<p><strong>Tilaus ja saatavuus<\/strong><\/p>\n<ol>\n<li><strong>Mist\u00e4 voin ostaa Alien H9 9662 RFID Inlay -tarran?<\/strong><br \/>\nKyll\u00e4, voimme myyd\u00e4 RFID-inlaya, meill\u00e4 on yli 12 vuoden valmistuskokemus.<\/li>\n<li><strong>Mik\u00e4 on tilausten toimitusaika?<\/strong><br \/>\nMainitse tyypillinen tilausten k\u00e4sittelyaika. Tavallisesti noin 10 p\u00e4iv\u00e4\u00e4<\/li>\n<li><strong>Onko olemassa v\u00e4himm\u00e4istilausm\u00e4\u00e4ri\u00e4?<\/strong><br \/>\n1000 kpl<\/li>\n<li><strong>Onko mahdollista saada n\u00e4yte Alien H9 9662 RFID Inlay -tarrasta?<\/strong><br \/>\nKyll\u00e4, ilmaisia n\u00e4ytteit\u00e4<\/li>\n<\/ol>\n<p>&nbsp;<\/p>","protected":false},"excerpt":{"rendered":"<p>Alien H9 9662 RFID Inlay Tarra: Suorituskykyinen UHF RFID -uote toimitusketjun hallintaan, omaisuuden seurantaan ja muuhun.<\/p>","protected":false},"featured_media":728,"template":"","meta":{"_kad_post_transparent":"default","_kad_post_title":"","_kad_post_layout":"default","_kad_post_sidebar_id":"","_kad_post_content_style":"default","_kad_post_vertical_padding":"default","_kad_post_feature":"","_kad_post_feature_position":"","_kad_post_header":false,"_kad_post_footer":false,"_kad_post_classname":""},"product_brand":[],"product_cat":[189,54],"product_tag":[266,267,108],"class_list":{"0":"post-727","1":"product","2":"type-product","3":"status-publish","4":"has-post-thumbnail","6":"product_cat-rfid-inlay","7":"product_cat-hot-selling-rfid-tags","8":"product_tag-9662-rfid-inlay-sticker","9":"product_tag-h9-rfid-inlay","10":"product_tag-rfid-inlay","12":"first","13":"instock","14":"shipping-taxable","15":"product-type-simple","16":"entry","17":"content-bg","18":"loop-entry"},"_links":{"self":[{"href":"https:\/\/rfid-laundry-tag.com\/fi\/wp-json\/wp\/v2\/product\/727","targetHints":{"allow":["GET"]}}],"collection":[{"href":"https:\/\/rfid-laundry-tag.com\/fi\/wp-json\/wp\/v2\/product"}],"about":[{"href":"https:\/\/rfid-laundry-tag.com\/fi\/wp-json\/wp\/v2\/types\/product"}],"version-history":[{"count":2,"href":"https:\/\/rfid-laundry-tag.com\/fi\/wp-json\/wp\/v2\/product\/727\/revisions"}],"predecessor-version":[{"id":730,"href":"https:\/\/rfid-laundry-tag.com\/fi\/wp-json\/wp\/v2\/product\/727\/revisions\/730"}],"wp:featuredmedia":[{"embeddable":true,"href":"https:\/\/rfid-laundry-tag.com\/fi\/wp-json\/wp\/v2\/media\/728"}],"wp:attachment":[{"href":"https:\/\/rfid-laundry-tag.com\/fi\/wp-json\/wp\/v2\/media?parent=727"}],"wp:term":[{"taxonomy":"product_brand","embeddable":true,"href":"https:\/\/rfid-laundry-tag.com\/fi\/wp-json\/wp\/v2\/product_brand?post=727"},{"taxonomy":"product_cat","embeddable":true,"href":"https:\/\/rfid-laundry-tag.com\/fi\/wp-json\/wp\/v2\/product_cat?post=727"},{"taxonomy":"product_tag","embeddable":true,"href":"https:\/\/rfid-laundry-tag.com\/fi\/wp-json\/wp\/v2\/product_tag?post=727"}],"curies":[{"name":"wp","href":"https:\/\/api.w.org\/{rel}","templated":true}]}}