{"id":723,"date":"2024-07-16T16:29:22","date_gmt":"2024-07-16T16:29:22","guid":{"rendered":"https:\/\/rfid-laundry-tag.com\/?post_type=product&#038;p=723"},"modified":"2024-08-14T16:40:29","modified_gmt":"2024-08-14T16:40:29","slug":"uhf-rfid-inlay-monza-m4-chips","status":"publish","type":"product","link":"https:\/\/rfid-laundry-tag.com\/fi\/uhf-rfid-inlay-monza-m4-chips\/","title":{"rendered":"UHF RFID Inlay Monza M4 -sirut"},"content":{"rendered":"<div>\n<ul>\n<li><strong>Tuotteen nimi:<\/strong>\u00a0UHF RFID Inlay Monza M4\/M5 -sirut<\/li>\n<li><strong>Materiaali:<\/strong>\u00a0P\u00e4\u00e4llystetty paperi, PET jne<\/li>\n<li><strong>Siru:<\/strong>\u00a0Monza M4\/M5<\/li>\n<li><strong>V\u00e4ri:<\/strong>\u00a0Valkoinen<\/li>\n<li><strong>Protokolla:<\/strong>\u00a0Globaali EPC Class1 Gen2 ISO\/IEC 18000-6C<\/li>\n<li><strong>Taajuus:<\/strong>\u00a0860-960 MHz<\/li>\n<li><strong>Lukijavalikoima:<\/strong>\u00a06M ~ 12M (riippuen ymp\u00e4rist\u00f6st\u00e4 ja luku-kirjoituset\u00e4isyydest\u00e4)<\/li>\n<li><strong>Ty\u00f6tapa:<\/strong>\u00a0Passiivinen<\/li>\n<li><strong>Toimiva kierr\u00e4tys:<\/strong>\u00a0&gt; 100 000 kertaa<\/li>\n<li><strong>Sovellus:<\/strong>\u00a0V\u00e4\u00e4renn\u00f6sten torjunta j\u00e4ljitett\u00e4vyys, tiedonsiirto.<\/li>\n<\/ul>\n<p><strong>Kuvaus UHF RFID Inlay Monza M4 -siruista:<\/strong><\/p>\n<p>N\u00e4m\u00e4 Monza M4\/M5 -siruilla varustetut UHF RFID -sisusteet on suunniteltu erilaisiin sovelluksiin, jotka vaativat luotettavaa tiedonsiirtoa ja v\u00e4\u00e4renn\u00f6sten torjuntaa.<\/p>\n<p><strong>Avainominaisuudet:<\/strong><\/p>\n<ul>\n<li><strong>Kest\u00e4v\u00e4:<\/strong>\u00a0Rakennettu korkealaatuisista materiaaleista pident\u00e4\u00e4 k\u00e4ytt\u00f6ik\u00e4\u00e4.<\/li>\n<li><strong>Luotettava:<\/strong>\u00a0Tarjoaa vankan suorituskyvyn tarkan tiedonkeruun takaamiseksi.<\/li>\n<li><strong>Monipuolinen:<\/strong>\u00a0Soveltuu erilaisiin sovelluksiin, kuten varaston seurantaan, omaisuudenhallintaan ja toimitusketjun valvontaan.<\/li>\n<li><strong>Turvallinen:<\/strong>\u00a0Osallistuu v\u00e4\u00e4renn\u00f6sten torjuntaan ja varmistaa tuotteiden aitouden.<\/li>\n<\/ul>\n<h2>UHF RFID Inlay Monza M4\/M5 -sirut: usein kysyttyj\u00e4 kysymyksi\u00e4<\/h2>\n<p><strong>1. Mit\u00e4 eroa on Monza M4- ja Monza M5 -sirujen v\u00e4lill\u00e4?<\/strong><\/p>\n<p>Monza M4- ja M5-sirut ovat molemmat korkean suorituskyvyn UHF RFID -siruja. Ensisijainen ero on niiden muistikapasiteetissa:<\/p>\n<ul>\n<li><strong>Monza M4:<\/strong>\u00a0Tarjoaa 128 bitti\u00e4 k\u00e4ytt\u00e4j\u00e4muistia.<\/li>\n<li><strong>Monza M5:<\/strong>\u00a0Tarjoaa 512 bitti\u00e4 k\u00e4ytt\u00e4j\u00e4muistia.<\/li>\n<\/ul>\n<p>T\u00e4m\u00e4 tarkoittaa, ett\u00e4 Monza M5 voi tallentaa huomattavasti enemm\u00e4n tietoa, mik\u00e4 tekee siit\u00e4 ihanteellisen laajaa tiedontallennustilaa vaativiin sovelluksiin.<\/p>\n<p><strong>2. Mit\u00e4 etuja UHF RFID Inlay Monza M4 -sirujen k\u00e4yt\u00f6st\u00e4 on?<\/strong><\/p>\n<p>Monza M4\/M5 -sirut tarjoavat lukuisia etuja:<\/p>\n<ul>\n<li><strong>Korkea lukualue:<\/strong>\u00a0Ne tarjoavat erinomaiset lukuet\u00e4isyydet, jotka ulottuvat jopa 12 metriin optimaalisissa olosuhteissa.<\/li>\n<li><strong>Nopeat luku-\/kirjoitusnopeudet:<\/strong>\u00a0N\u00e4m\u00e4 sirut mahdollistavat nopean tiedonsaannin ja virtaviivaistavat toimintaa.<\/li>\n<li><strong>Parannettu suorituskyky:<\/strong>\u00a0Ne tarjoavat luotettavaa ja tasaista suorituskyky\u00e4 haastavissa ymp\u00e4rist\u00f6iss\u00e4.<\/li>\n<li><strong>Tietoturva:<\/strong>\u00a0Sirut sis\u00e4lt\u00e4v\u00e4t turvaominaisuuksia arkaluonteisten tietojen suojaamiseksi.<\/li>\n<\/ul>\n<p><strong>3. Mink\u00e4 tyyppiset sovellukset sopivat Monza M4\/M5 RFID -upotuksiin?<\/strong><\/p>\n<p>N\u00e4m\u00e4 inlayt sopivat hyvin monenlaisiin sovelluksiin, mukaan lukien:<\/p>\n<ul>\n<li><strong>Varastonhallinta:<\/strong>\u00a0Varastotason ja tuotteiden liikkeiden seuranta varastoissa ja v\u00e4hitt\u00e4ismyym\u00e4l\u00f6iss\u00e4.<\/li>\n<li><strong>Omaisuuden seuranta:<\/strong>\u00a0Tarkkaile omaisuutta, laitteita ja ty\u00f6kaluja erilaisissa ymp\u00e4rist\u00f6iss\u00e4.<\/li>\n<li><strong>Toimitusketjun hallinta:<\/strong>\u00a0Toimitusketjun n\u00e4kyvyyden ja l\u00e4pin\u00e4kyvyyden parantaminen.<\/li>\n<li><strong>V\u00e4\u00e4renn\u00f6sten torjunta:<\/strong>\u00a0Tuotev\u00e4\u00e4renn\u00f6sten est\u00e4minen ja aitouden varmistaminen.<\/li>\n<li><strong>Kulunvalvonta:<\/strong>\u00a0P\u00e4\u00e4syn hallinta suojatuille alueille tai rajoitettuihin tiloihin.<\/li>\n<\/ul>\n<p><strong>4. Kuinka voin valita oikean RFID-ukon sovellukselleni?<\/strong><\/p>\n<p>Optimaalinen RFID-inlay-valinta riippuu sovelluksesi erityisvaatimuksista:<\/p>\n<ul>\n<li><strong>Tietojen tallennustarpeet:<\/strong>\u00a0Jos haluat tallentaa laajoja tietoja, harkitse Monza M5:t\u00e4 sen suuremmalla muistikapasiteetilla.<\/li>\n<li><strong>Lukualue:<\/strong>\u00a0M\u00e4\u00e4rit\u00e4 tarvittava lukualue varmistaaksesi oikean tunnisteen.<\/li>\n<li><strong>Ymp\u00e4rist\u00f6olosuhteet:<\/strong>\u00a0Ota huomioon k\u00e4ytt\u00f6ymp\u00e4rist\u00f6n tekij\u00e4 (l\u00e4mp\u00f6tila, kosteus jne.) kest\u00e4v\u00e4n upotuksen valitsemiseksi.<\/li>\n<li><strong>Sovellustyyppi:<\/strong>\u00a0Tietty sovellus (esim. varaston seuranta, omaisuuden hallinta) vaikuttaa upotusvalintaan.<\/li>\n<\/ul>\n<p><strong>5. Mitk\u00e4 ovat tyypilliset kustannukset, jotka liittyv\u00e4t Monza M4\/M5 -siruja k\u00e4ytt\u00e4viin RFID-inlayihin?<\/strong><\/p>\n<p>RFID-upotusten hinta vaihtelee tekij\u00f6iden, kuten sirun tyypin, upotteen suunnittelun, tilatun m\u00e4\u00e4r\u00e4n ja lis\u00e4ominaisuuksien mukaan. Ota yhteytt\u00e4 RFID-valmistajiin tai -toimittajiin saadaksesi tarkat hintatiedot.<\/p>\n<p><strong>6. Ovatko Monza M4\/M5 -levyt yhteensopivia tavallisten RFID-lukijoiden kanssa?<\/strong><\/p>\n<p>Kyll\u00e4, n\u00e4m\u00e4 inlayt on suunniteltu toimimaan alan standardien mukaisten RFID-lukijoiden kanssa, jotka toimivat UHF-taajuusalueella.<\/p>\n<p><strong>7. Mist\u00e4 voin ostaa Monza M4\/M5 RFID -upotyksi\u00e4?<\/strong><\/p>\n<p>Monza M4\/M5 -siruilla varustetut RFID-inlayt ovat laajasti saatavilla useilta RFID-tekniikkaan erikoistuneilta valmistajilta ja toimittajilta.<\/p>\n<p><strong>8. Onko k\u00e4ytett\u00e4viss\u00e4 resursseja, joiden avulla voin oppia lis\u00e4\u00e4 RFID-tekniikasta?<\/strong><\/p>\n<p>Kyll\u00e4, l\u00f6yd\u00e4t lukuisia resursseja verkosta ja RFID-alan yhdistysten kautta:<\/p>\n<ul>\n<li><strong>RFID-p\u00e4iv\u00e4kirja:<\/strong>\u00a0Johtava RFID-uutisten ja -tietojen l\u00e4hde.<\/li>\n<li><strong>RFID Industry Association (RFIDIA):<\/strong>\u00a0Maailmanlaajuinen organisaatio, joka edist\u00e4\u00e4 RFID-teknologian k\u00e4ytt\u00f6\u00e4.<\/li>\n<li><strong>Valmistajan nettisivut:<\/strong>\u00a0Tarkista tekninen dokumentaatio ja tuki suurten RFID-sirujen valmistajien verkkosivuilta.<\/li>\n<\/ul>\n<\/div>\n<div class=\"auto-hide-last-sibling-br paragraph_9dc5f paragraph-element\"><\/div>\n<div class=\"auto-hide-last-sibling-br paragraph_9dc5f paragraph-element\"><\/div>","protected":false},"excerpt":{"rendered":"<p>UHF RFID Inlay Monza M4 -sirut varastoon, omaisuuden seurantaan ja v\u00e4\u00e4renn\u00f6sten torjuntaan. Suuret lukualueet, nopea tiedonsaanti ja vankka suorituskyky.<\/p>","protected":false},"featured_media":724,"template":"","meta":{"_kad_post_transparent":"default","_kad_post_title":"","_kad_post_layout":"default","_kad_post_sidebar_id":"","_kad_post_content_style":"default","_kad_post_vertical_padding":"default","_kad_post_feature":"","_kad_post_feature_position":"","_kad_post_header":false,"_kad_post_footer":false,"_kad_post_classname":""},"product_brand":[],"product_cat":[54,189],"product_tag":[108,190],"class_list":{"0":"post-723","1":"product","2":"type-product","3":"status-publish","4":"has-post-thumbnail","6":"product_cat-hot-selling-rfid-tags","7":"product_cat-rfid-inlay","8":"product_tag-rfid-inlay","9":"product_tag-uhf-rfid-inlay-monza-m4-m5-chips","11":"first","12":"instock","13":"shipping-taxable","14":"product-type-simple","15":"entry","16":"content-bg","17":"loop-entry"},"_links":{"self":[{"href":"https:\/\/rfid-laundry-tag.com\/fi\/wp-json\/wp\/v2\/product\/723","targetHints":{"allow":["GET"]}}],"collection":[{"href":"https:\/\/rfid-laundry-tag.com\/fi\/wp-json\/wp\/v2\/product"}],"about":[{"href":"https:\/\/rfid-laundry-tag.com\/fi\/wp-json\/wp\/v2\/types\/product"}],"version-history":[{"count":4,"href":"https:\/\/rfid-laundry-tag.com\/fi\/wp-json\/wp\/v2\/product\/723\/revisions"}],"predecessor-version":[{"id":1331,"href":"https:\/\/rfid-laundry-tag.com\/fi\/wp-json\/wp\/v2\/product\/723\/revisions\/1331"}],"wp:featuredmedia":[{"embeddable":true,"href":"https:\/\/rfid-laundry-tag.com\/fi\/wp-json\/wp\/v2\/media\/724"}],"wp:attachment":[{"href":"https:\/\/rfid-laundry-tag.com\/fi\/wp-json\/wp\/v2\/media?parent=723"}],"wp:term":[{"taxonomy":"product_brand","embeddable":true,"href":"https:\/\/rfid-laundry-tag.com\/fi\/wp-json\/wp\/v2\/product_brand?post=723"},{"taxonomy":"product_cat","embeddable":true,"href":"https:\/\/rfid-laundry-tag.com\/fi\/wp-json\/wp\/v2\/product_cat?post=723"},{"taxonomy":"product_tag","embeddable":true,"href":"https:\/\/rfid-laundry-tag.com\/fi\/wp-json\/wp\/v2\/product_tag?post=723"}],"curies":[{"name":"wp","href":"https:\/\/api.w.org\/{rel}","templated":true}]}}