{"id":70,"date":"2024-06-11T14:43:51","date_gmt":"2024-06-11T14:43:51","guid":{"rendered":"https:\/\/rfid-laundry-tag.com\/?post_type=product&#038;p=70"},"modified":"2024-06-14T13:38:47","modified_gmt":"2024-06-14T13:38:47","slug":"uhf-rfid-laundry-tag-pps-material","status":"publish","type":"product","link":"https:\/\/rfid-laundry-tag.com\/fi\/uhf-rfid-laundry-tag-pps-material\/","title":{"rendered":"UHF RFID pesulatunniste | PPS materiaalia"},"content":{"rendered":"<div class=\"J_module\">\n<div class=\"ife-detail-decorate-table\">\n<table class=\"has-title all magic-6\">\n<tbody>\n<tr>\n<td colspan=\"1\" rowspan=\"1\">\n<div class=\"magic-7\" data-spm-anchor-id=\"a2700.details.0.i45.77607d98vZbcDU\"><span class=\"magic-8\" style=\"color: #363535;\">Tuotteen nimi<\/span><\/div>\n<\/td>\n<td colspan=\"1\" rowspan=\"1\">\n<div class=\"magic-9\"><span class=\"magic-8\">UHF RFID pesulatunniste PPS<\/span><\/div>\n<\/td>\n<\/tr>\n<tr>\n<td colspan=\"1\" rowspan=\"1\">\n<div class=\"magic-7\"><span class=\"magic-10\" data-spm-anchor-id=\"a2700.pc-decorate.0.i10.28d333330XLbTD\"><span class=\"magic-8\">Materiaali<\/span><\/span><\/div>\n<\/td>\n<td colspan=\"1\" rowspan=\"1\">\n<div class=\"magic-9\"><span class=\"magic-8\">PPS<\/span><\/div>\n<\/td>\n<\/tr>\n<tr>\n<td colspan=\"1\" rowspan=\"1\">\n<div class=\"magic-7\"><span class=\"magic-8\">V\u00e4ri<\/span><\/div>\n<\/td>\n<td colspan=\"1\" rowspan=\"1\">\n<div class=\"magic-9\"><span class=\"magic-8\">Musta<\/span><\/div>\n<\/td>\n<\/tr>\n<tr>\n<td colspan=\"1\" rowspan=\"1\">MOQ<\/td>\n<td colspan=\"1\" rowspan=\"1\">500 kpl<\/td>\n<\/tr>\n<tr>\n<td colspan=\"1\" rowspan=\"1\">\n<div class=\"magic-7\"><span class=\"magic-8\">Valmistaja\/siru<\/span><\/div>\n<\/td>\n<td colspan=\"1\" rowspan=\"1\">\n<div class=\"magic-9\"><span class=\"magic-8\">NXP UCODE 8, UCODE 9<\/span><\/div>\n<\/td>\n<\/tr>\n<tr>\n<td colspan=\"1\" rowspan=\"1\">\n<div class=\"magic-7\"><span class=\"magic-8\">Taajuus<\/span><\/div>\n<\/td>\n<td colspan=\"1\" rowspan=\"1\">\n<div class=\"magic-9\"><span class=\"magic-8\">860-960 MHz\/<\/span><\/div>\n<\/td>\n<\/tr>\n<tr>\n<td colspan=\"1\" rowspan=\"1\">\n<div class=\"magic-7\"><span class=\"magic-8\">Muisti<\/span><\/div>\n<\/td>\n<td colspan=\"1\" rowspan=\"1\">\n<div class=\"magic-9\"><span class=\"magic-8\">96 bitti\u00e4\/128 bitti\u00e4<\/span><\/div>\n<\/td>\n<\/tr>\n<tr>\n<td colspan=\"1\" rowspan=\"1\">\n<div class=\"magic-7\"><span class=\"magic-8\">Lue Et\u00e4isyys<\/span><\/div>\n<\/td>\n<td colspan=\"1\" rowspan=\"1\">\n<div class=\"magic-9\"><span class=\"magic-8\">1-6 m<\/span><\/div>\n<\/td>\n<\/tr>\n<tr>\n<td colspan=\"1\" rowspan=\"1\">\n<div class=\"magic-7\"><span class=\"magic-8\">Ty\u00f6tila<\/span><\/div>\n<\/td>\n<td colspan=\"1\" rowspan=\"1\">\n<div class=\"magic-9\"><span class=\"magic-8\">passiivinen<\/span><\/div>\n<\/td>\n<\/tr>\n<tr>\n<td colspan=\"1\" rowspan=\"1\">\n<div class=\"magic-7\"><span class=\"magic-8\">Ty\u00f6skentelyl\u00e4mp\u00f6tila<\/span><\/div>\n<\/td>\n<td colspan=\"1\" rowspan=\"1\">\n<div class=\"magic-9\"><span class=\"magic-8\">-25 \u2103 ~ +110 \u2103<\/span><\/div>\n<\/td>\n<\/tr>\n<tr>\n<td colspan=\"1\" rowspan=\"1\">\n<div class=\"magic-7\"><span class=\"magic-8\">S\u00e4ilytysl\u00e4mp\u00f6tila<\/span><\/div>\n<\/td>\n<td colspan=\"1\" rowspan=\"1\">\n<div class=\"magic-9\"><span class=\"magic-8\">-40 \u2103 ~ +85 \u2103<\/span><\/div>\n<\/td>\n<\/tr>\n<tr>\n<td colspan=\"1\" rowspan=\"1\">\n<div class=\"magic-7\">\n<div><span class=\"magic-8\">\u00a0<\/span><\/div>\n<p><span class=\"magic-8\">Lyhytaikainen l\u00e4mm\u00f6nkest\u00e4vyys<\/span><\/p>\n<\/div>\n<\/td>\n<td colspan=\"1\" rowspan=\"1\">\n<div class=\"magic-9\"><span class=\"magic-8\">pesu: 90 \u2103, 15 minuuttia; muuntimen esikuivaus: 180 \u2103, 30 minuuttia, 200 kertaa; silitys: 180 \u2103, 10 sekuntia, 200 kertaa; korkea<br \/>\nl\u00e4mp\u00f6tilasterilointi: 135 \u2103, 20 minuuttia<\/span><\/div>\n<\/td>\n<\/tr>\n<tr>\n<td colspan=\"1\" rowspan=\"1\">\n<div class=\"magic-7\"><span class=\"magic-8\">ominaisuudet<\/span><\/div>\n<\/td>\n<td colspan=\"1\" rowspan=\"1\">\n<div class=\"magic-9\"><span class=\"magic-8\">vedenpit\u00e4v\u00e4, pest\u00e4v\u00e4, korkeita l\u00e4mp\u00f6tiloja kest\u00e4v\u00e4<\/span><\/div>\n<\/td>\n<\/tr>\n<tr>\n<td colspan=\"1\" rowspan=\"1\">\n<div class=\"magic-7\"><span class=\"magic-8\">El\u00e4m\u00e4<\/span><\/div>\n<\/td>\n<td colspan=\"1\" rowspan=\"1\">\n<div class=\"magic-9\"><span class=\"magic-8\">pesu 200 kertaa tai 3 vuotta<\/span><\/div>\n<\/td>\n<\/tr>\n<tr>\n<td colspan=\"1\" rowspan=\"1\">\n<div class=\"magic-7\"><span class=\"magic-8\">Sovellukset<\/span><\/div>\n<\/td>\n<td colspan=\"1\" rowspan=\"1\">\n<div class=\"magic-9\"><span class=\"magic-8\">pyykin hallinta ja seuranta<\/span><\/div>\n<\/td>\n<\/tr>\n<\/tbody>\n<\/table>\n<\/div>\n<\/div>\n<div class=\"J_module\">\n<div class=\"detail-decorate-json-renderer-container\">\n<div class=\"magic-1\">\n<div class=\"magic-2\">\n<div class=\"magic-3\">\n<div><\/div>\n<div class=\"magic-4\">\n<div><strong>RFID-painikkeen tunniste<\/strong><\/div>\n<div><\/div>\n<\/div>\n<\/div>\n<div>\n<div class=\"auto-hide-last-sibling-br paragraph_1252f paragraph-element\">Korkean l\u00e4mp\u00f6tilan kest\u00e4v\u00e4t PPS-pesutunnisteet ovat erinomainen seurantaratkaisu kaupallisiin tiloihin, kuten ruokaloihin ja ravintoloihin, joissa k\u00e4sitell\u00e4\u00e4n jatkuvasti suuria m\u00e4\u00e4ri\u00e4 astioita.<\/div>\n<\/div>\n<div>\n<div><\/div>\n<\/div>\n<\/div>\n<p><strong>Siruvaihtoehdot:<\/strong><\/p>\n<p><strong>NXP:n UCODE 8<\/strong> ja UCODE 8m IC:t ovat UCODE-perheen tuotteita. UCODE 8\/8m tarjoaa korkean suorituskyvyn ja ominaisuudet vaativimpiin RFID-koodaussovelluksiin.<\/p>\n<p>UCODE 8\/8m sopii erityisen hyvin varastonhallintasovelluksiin, kuten v\u00e4hitt\u00e4iskauppaan ja muotiin. Sen RF-suorituskyky on todistettu mille tahansa muodolle. Se mahdollistaa pitk\u00e4n lukuet\u00e4isyyden ja nopean tihe\u00e4n RFID-tunnistepopulaation inventoinnin. Laajakaistasuunnittelunsa ansiosta se tarjoaa mahdollisuuden valmistaa todellista maailmanlaajuista RFID-etiketti\u00e4, jonka suorituskyky ylitt\u00e4\u00e4 maailmanlaajuiset m\u00e4\u00e4r\u00e4ykset.<\/p>\n<p>Laitteessa on my\u00f6s Self Adjust Feature, Product Status Flag for Electronic Article Surveillance (EAS) -sovellus, esisarjoitettu 96-bittinen EPC, Brand Identifier ja EPC Gen2v2 -valitus Untraceable-komento.<\/p>\n<div id=\"featuresXsp\" class=\"features-list toggle-opacity in\">\n<div class=\"features-xsp\">\n<div class=\"collapse-mobile ste-list\">\n<h3>T\u00e4rkeimm\u00e4t ominaisuudet<\/h3>\n<ul class=\"boxes\">\n<li>Lukuherkkyys -23dBm<\/li>\n<li>Kirjoitusherkkyys -18dBm<\/li>\n<li>Innovatiivinen toiminnallisuus\n<ul>\n<li>Itses\u00e4\u00e4tyv\u00e4<\/li>\n<li>Muistin suojaus<\/li>\n<li>J\u00e4ljitt\u00e4m\u00e4t\u00f6n<\/li>\n<li>Esisarjoitus 96-bittiselle EPC:lle<\/li>\n<li>Integroitu tuotteen tilamerkki (PSF)<\/li>\n<\/ul>\n<\/li>\n<li>Yhteensopiva yksirakoisen antennin kanssa<\/li>\n<li>Jopa 128-bittinen EPC<\/li>\n<li>96-bittinen yksil\u00f6llinen tunniste (TID) tehdaslukittu, mukaan lukien 48-bittinen yksil\u00f6llinen sarjanumero<\/li>\n<li>EPC Gen2v2<\/li>\n<\/ul>\n<\/div>\n<div class=\"collapse-mobile ste-list\">\n<h3>Muisti<\/h3>\n<ul class=\"boxes\">\n<li>128-bittinen\/96-bittinen (UCODE 8\/UCODE 8m) EPC-muisti<\/li>\n<li>Tukee esisarjoitusta 96-bittiselle EPC:lle<\/li>\n<li>96-bittinen Tag Identifier (TID) tehdaslukittu<\/li>\n<li>48-bittinen yksil\u00f6llinen sarjanumero tehdaskoodattu TID:hen<\/li>\n<li>0-bittinen\/32-bittinen (UCODE 8\/UCODE 8m) K\u00e4ytt\u00e4j\u00e4muisti<\/li>\n<li>32-bittinen tappaussalasana poistaa tagin pysyv\u00e4sti k\u00e4yt\u00f6st\u00e4<\/li>\n<li>32-bittinen p\u00e4\u00e4sysalasana<\/li>\n<li>Laaja k\u00e4ytt\u00f6l\u00e4mp\u00f6tila-alue: -40\u00a0<sup>\u00b0<\/sup>C +85 asti\u00a0<sup>\u00b0<\/sup>C<\/li>\n<li>EPC Gen2v2<\/li>\n<\/ul>\n<p><strong>NXP:n UCODE 9<\/strong><\/p>\n<p>UCODE 9:n avulla vaativat RAIN RFID -merkint\u00e4sovellukset saavat lis\u00e4potkua, joten j\u00e4lleenmyyj\u00e4t ja \u00e4lylogistiikkayritykset voivat nopeuttaa IoT:n k\u00e4ytt\u00f6\u00f6nottoa.<\/p>\n<p>Paremman suorituskyvyn ansiosta UCODE 9 mahdollistaa tehokkaamman varastolaskennan. Lis\u00e4ksi UCODE 9 mahdollistaa olemassa olevien UCODE 8 -inlay-antennimallien uudelleenk\u00e4yt\u00f6n, mik\u00e4 tarjoaa helpon siirtymispolun UCODE 8:sta UCODE 9:\u00e4\u00e4n.<\/p>\n<p>Sen korkeampi lastujen suorituskyky mahdollistaa pienempien inlay-mallien, mik\u00e4 auttaa v\u00e4hent\u00e4m\u00e4\u00e4n muovin ja alumiinin k\u00e4ytt\u00f6\u00e4 ja edist\u00e4m\u00e4\u00e4n siten ymp\u00e4rist\u00f6n kest\u00e4vyytt\u00e4.<\/p>\n<div class=\"collapse-mobile ste-list\">\n<h3>T\u00e4rkeimm\u00e4t ominaisuudet<\/h3>\n<ul class=\"boxes\">\n<li>Lukuherkkyys: -24 dBm<\/li>\n<li>Kirjoitusherkkyys: -22 dBm<\/li>\n<li>Koodausnopeus: 32 bitti\u00e4 0,96 ms:ssa<\/li>\n<li>Drop-in-antennin vaihto UCODE 8:lle<\/li>\n<li>Itses\u00e4\u00e4tyv\u00e4<\/li>\n<li>Muistin suojaus<\/li>\n<li>96-bittisen EPC:n esisarjoittaminen<\/li>\n<\/ul>\n<\/div>\n<div class=\"collapse-mobile ste-list\">\n<h3>Muisti<\/h3>\n<ul class=\"boxes\">\n<li>96-bittinen EPC-muisti<\/li>\n<li>Tukee 96-bittisen EPC:n esisarjoitusta<\/li>\n<li>96-bittinen Tag Identifier (TID) tehdaslukittu<\/li>\n<li>48-bittinen yksil\u00f6llinen sarjanumero tehdaskoodattu TID:hen<\/li>\n<li>32-bittinen tappaussalasana poistaa tagin pysyv\u00e4sti k\u00e4yt\u00f6st\u00e4<\/li>\n<li>Laaja k\u00e4ytt\u00f6l\u00e4mp\u00f6tila-alue: -40 \u00b0C - +85 \u00b0C<\/li>\n<li>100k kirjoitussyklin kest\u00e4vyys<\/li>\n<li>20 vuoden tietojen s\u00e4ilytys<\/li>\n<\/ul>\n<\/div>\n<div class=\"collapse-mobile ste-list\">\n<h3>Tuetut ominaisuudet<\/h3>\n<ul class=\"boxes\">\n<li>Kaikki EPC globaalin Gen2 v2.1 -m\u00e4\u00e4rityksen pakolliset komennot on toteutettu, mukaan lukien:\n<ul>\n<li>Tappokomento<\/li>\n<\/ul>\n<\/li>\n<li>Seuraavat valinnaiset komennot toteutetaan EPC-m\u00e4\u00e4rityksen mukaisesti\n<ul>\n<li>Est\u00e4 kirjoitus (2 sanaa, 32-bittinen)<\/li>\n<\/ul>\n<\/li>\n<li>Itses\u00e4\u00e4tyv\u00e4 tunnisteen tehokkuuden optimointi<\/li>\n<li>Permalock<\/li>\n<\/ul>\n<\/div>\n<\/div>\n<div class=\"collapse-mobile ste-list\"><\/div>\n<\/div>\n<\/div>\n<div class=\"magic-2\">\n<div>\n<div class=\"auto-hide-last-sibling-br paragraph_1252f paragraph-element\"><\/div>\n<div class=\"auto-hide-last-sibling-br paragraph_1252f paragraph-element\"><strong>RFID-painiketunnisteen sovellukset<\/strong><\/div>\n<ol class=\"auto-hide-last-sibling-br\">\n<li>\n<div class=\"auto-hide-last-sibling-br paragraph_1252f paragraph-element\">Teollisuuspesulat: Teollisuussektorilla suurten liinavaatteiden j\u00e4ljitt\u00e4misest\u00e4 tulee vaivaton teht\u00e4v\u00e4 RFID-pesutunnistepainikkeiden avulla.<\/div>\n<\/li>\n<li>\n<div class=\"auto-hide-last-sibling-br paragraph_1252f paragraph-element\">Sairaalat ja hotellit: N\u00e4m\u00e4 laitokset k\u00e4sittelev\u00e4t usein suuria m\u00e4\u00e4ri\u00e4 pesulatoimintoja, joissa n\u00e4m\u00e4 tunnisteet ovat osoittautuneet hy\u00f6dyllisiksi tehokkuuden ja varastonhallinnan parantamisessa.<\/div>\n<\/li>\n<li>\n<div class=\"auto-hide-last-sibling-br paragraph_1252f paragraph-element\">Liinavaatteiden vuokraus: Liinavaatteiden vuokrauspalveluita tarjoavat yritykset k\u00e4ytt\u00e4v\u00e4t n\u00e4it\u00e4 tunnisteita varastonhallinnan yksinkertaistamiseen ja laadunvalvonnan yll\u00e4pit\u00e4miseen.<\/div>\n<\/li>\n<\/ol>\n<div class=\"auto-hide-last-sibling-br paragraph_1252f paragraph-element\"><\/div>\n<\/div>\n<\/div>\n<\/div>\n<\/div>\n<\/div>","protected":false},"excerpt":{"rendered":"<div class=\"auto-hide-last-sibling-br paragraph_1252f paragraph-element\">Yleisesti RFID-painiketunnisteeksi tunnustettu UHF RFID Laundry -tunniste on kest\u00e4v\u00e4 r\u00e4\u00e4t\u00e4l\u00f6ity laite, joka on tarkoitettu toimintoihin, jotka vaativat joustavia tunnisteita vaikeissa olosuhteissa. UHF-pesutransponderit johtavat t\u00e4ll\u00e4 hetkell\u00e4 markkinoita, vaikka joissakin tapauksissa tarvitaan RFID-painiketunnisteita, jotka synkronoidaan mobiilisovellusten kanssa. N\u00e4m\u00e4 napinmuotoiset RFID-pesutransponderit sopivat t\u00e4h\u00e4n laskuun optimaalisesti. Mukautumiskykyns\u00e4 ja poikkeuksellisen suorituskykyns\u00e4 ansiosta ne tarjoavat valtavia etuja teollisuustekstiilien ja pyykin j\u00e4ljitt\u00e4misess\u00e4 ja tunnistamisessa eri aloilla.<\/div>","protected":false},"featured_media":71,"template":"","meta":{"_kad_post_transparent":"default","_kad_post_title":"","_kad_post_layout":"default","_kad_post_sidebar_id":"","_kad_post_content_style":"default","_kad_post_vertical_padding":"default","_kad_post_feature":"","_kad_post_feature_position":"","_kad_post_header":false,"_kad_post_footer":false,"_kad_post_classname":""},"product_brand":[],"product_cat":[21,16],"product_tag":[41,35,33,30],"class_list":{"0":"post-70","1":"product","2":"type-product","3":"status-publish","4":"has-post-thumbnail","6":"product_cat-pps-rfid-laundry-tag","7":"product_cat-uhf-rfid-laundry-tags","8":"product_tag-pps-uhf-rfid-laundry-tag","9":"product_tag-rfid-button","10":"product_tag-rfid-laundry-tag-button","11":"product_tag-uhf-rfid-laundry-tag","13":"first","14":"instock","15":"shipping-taxable","16":"product-type-simple","17":"entry","18":"content-bg","19":"loop-entry"},"_links":{"self":[{"href":"https:\/\/rfid-laundry-tag.com\/fi\/wp-json\/wp\/v2\/product\/70","targetHints":{"allow":["GET"]}}],"collection":[{"href":"https:\/\/rfid-laundry-tag.com\/fi\/wp-json\/wp\/v2\/product"}],"about":[{"href":"https:\/\/rfid-laundry-tag.com\/fi\/wp-json\/wp\/v2\/types\/product"}],"version-history":[{"count":1,"href":"https:\/\/rfid-laundry-tag.com\/fi\/wp-json\/wp\/v2\/product\/70\/revisions"}],"predecessor-version":[{"id":150,"href":"https:\/\/rfid-laundry-tag.com\/fi\/wp-json\/wp\/v2\/product\/70\/revisions\/150"}],"wp:featuredmedia":[{"embeddable":true,"href":"https:\/\/rfid-laundry-tag.com\/fi\/wp-json\/wp\/v2\/media\/71"}],"wp:attachment":[{"href":"https:\/\/rfid-laundry-tag.com\/fi\/wp-json\/wp\/v2\/media?parent=70"}],"wp:term":[{"taxonomy":"product_brand","embeddable":true,"href":"https:\/\/rfid-laundry-tag.com\/fi\/wp-json\/wp\/v2\/product_brand?post=70"},{"taxonomy":"product_cat","embeddable":true,"href":"https:\/\/rfid-laundry-tag.com\/fi\/wp-json\/wp\/v2\/product_cat?post=70"},{"taxonomy":"product_tag","embeddable":true,"href":"https:\/\/rfid-laundry-tag.com\/fi\/wp-json\/wp\/v2\/product_tag?post=70"}],"curies":[{"name":"wp","href":"https:\/\/api.w.org\/{rel}","templated":true}]}}