{"id":68,"date":"2024-06-11T14:07:03","date_gmt":"2024-06-11T14:07:03","guid":{"rendered":"https:\/\/rfid-laundry-tag.com\/?post_type=product&#038;p=68"},"modified":"2024-06-11T14:39:41","modified_gmt":"2024-06-11T14:39:41","slug":"rfid-button-tag","status":"publish","type":"product","link":"https:\/\/rfid-laundry-tag.com\/fi\/rfid-button-tag\/","title":{"rendered":"RFID-painikkeen tunniste"},"content":{"rendered":"<div class=\"J_module\">\n<div class=\"ife-detail-decorate-table\">\n<table class=\"has-title all magic-6\">\n<tbody>\n<tr>\n<td colspan=\"1\" rowspan=\"1\">\n<div class=\"magic-7\" data-spm-anchor-id=\"a2700.details.0.i45.77607d98vZbcDU\"><span class=\"magic-8\" style=\"color: #363535;\">Tuotteen nimi<\/span><\/div>\n<\/td>\n<td colspan=\"1\" rowspan=\"1\">\n<div class=\"magic-9\"><span class=\"magic-8\">RFID-painikkeen tunniste<\/span><\/div>\n<\/td>\n<\/tr>\n<tr>\n<td colspan=\"1\" rowspan=\"1\">\n<div class=\"magic-7\"><span class=\"magic-10\" data-spm-anchor-id=\"a2700.pc-decorate.0.i10.28d333330XLbTD\"><span class=\"magic-8\">Materiaali<\/span><\/span><\/div>\n<\/td>\n<td colspan=\"1\" rowspan=\"1\">\n<div class=\"magic-9\"><span class=\"magic-8\">PPS<\/span><\/div>\n<\/td>\n<\/tr>\n<tr>\n<td colspan=\"1\" rowspan=\"1\">\n<div class=\"magic-7\"><span class=\"magic-8\">V\u00e4ri<\/span><\/div>\n<\/td>\n<td colspan=\"1\" rowspan=\"1\">\n<div class=\"magic-9\"><span class=\"magic-8\">Musta<\/span><\/div>\n<\/td>\n<\/tr>\n<tr>\n<td colspan=\"1\" rowspan=\"1\">MOQ<\/td>\n<td colspan=\"1\" rowspan=\"1\">500 kpl<\/td>\n<\/tr>\n<tr>\n<td colspan=\"1\" rowspan=\"1\">\n<div class=\"magic-7\"><span class=\"magic-8\">Valmistaja\/siru<\/span><\/div>\n<\/td>\n<td colspan=\"1\" rowspan=\"1\">\n<div class=\"magic-9\"><span class=\"magic-8\">NXP UCODE 8, UCODE 9\/NTAG213, Mifare 1k\/EM4305, T5577 jne<\/span><\/div>\n<\/td>\n<\/tr>\n<tr>\n<td colspan=\"1\" rowspan=\"1\">\n<div class=\"magic-7\"><span class=\"magic-8\">Taajuus<\/span><\/div>\n<\/td>\n<td colspan=\"1\" rowspan=\"1\">\n<div class=\"magic-9\"><span class=\"magic-8\">860-960MHz\/13,56MHz\/125Khz<\/span><\/div>\n<\/td>\n<\/tr>\n<tr>\n<td colspan=\"1\" rowspan=\"1\">\n<div class=\"magic-7\"><span class=\"magic-8\">Muisti<\/span><\/div>\n<\/td>\n<td colspan=\"1\" rowspan=\"1\">\n<div class=\"magic-9\"><span class=\"magic-8\">96 bitti\u00e4\/128 bitti\u00e4\/144 tavua<\/span><\/div>\n<\/td>\n<\/tr>\n<tr>\n<td colspan=\"1\" rowspan=\"1\">\n<div class=\"magic-7\"><span class=\"magic-8\">Lue Et\u00e4isyys<\/span><\/div>\n<\/td>\n<td colspan=\"1\" rowspan=\"1\">\n<div class=\"magic-9\"><span class=\"magic-8\">1-6m\/1-5cm\/1-2cm<\/span><\/div>\n<\/td>\n<\/tr>\n<tr>\n<td colspan=\"1\" rowspan=\"1\">\n<div class=\"magic-7\"><span class=\"magic-8\">Ty\u00f6tila<\/span><\/div>\n<\/td>\n<td colspan=\"1\" rowspan=\"1\">\n<div class=\"magic-9\"><span class=\"magic-8\">passiivinen<\/span><\/div>\n<\/td>\n<\/tr>\n<tr>\n<td colspan=\"1\" rowspan=\"1\">\n<div class=\"magic-7\"><span class=\"magic-8\">Ty\u00f6skentelyl\u00e4mp\u00f6tila<\/span><\/div>\n<\/td>\n<td colspan=\"1\" rowspan=\"1\">\n<div class=\"magic-9\"><span class=\"magic-8\">-25 \u2103 ~ +110 \u2103<\/span><\/div>\n<\/td>\n<\/tr>\n<tr>\n<td colspan=\"1\" rowspan=\"1\">\n<div class=\"magic-7\"><span class=\"magic-8\">S\u00e4ilytysl\u00e4mp\u00f6tila<\/span><\/div>\n<\/td>\n<td colspan=\"1\" rowspan=\"1\">\n<div class=\"magic-9\"><span class=\"magic-8\">-40 \u2103 ~ +85 \u2103<\/span><\/div>\n<\/td>\n<\/tr>\n<tr>\n<td colspan=\"1\" rowspan=\"1\">\n<div class=\"magic-7\">\n<div><span class=\"magic-8\">\u00a0<\/span><\/div>\n<p><span class=\"magic-8\">Lyhytaikainen l\u00e4mm\u00f6nkest\u00e4vyys<\/span><\/p>\n<\/div>\n<\/td>\n<td colspan=\"1\" rowspan=\"1\">\n<div class=\"magic-9\"><span class=\"magic-8\">pesu: 90 \u2103, 15 minuuttia; muuntimen esikuivaus: 180 \u2103, 30 minuuttia, 200 kertaa; silitys: 180 \u2103, 10 sekuntia, 200 kertaa; korkea<br \/>\nl\u00e4mp\u00f6tilasterilointi: 135 \u2103, 20 minuuttia<\/span><\/div>\n<\/td>\n<\/tr>\n<tr>\n<td colspan=\"1\" rowspan=\"1\">\n<div class=\"magic-7\"><span class=\"magic-8\">ominaisuudet<\/span><\/div>\n<\/td>\n<td colspan=\"1\" rowspan=\"1\">\n<div class=\"magic-9\"><span class=\"magic-8\">vedenpit\u00e4v\u00e4, pest\u00e4v\u00e4, korkeita l\u00e4mp\u00f6tiloja kest\u00e4v\u00e4<\/span><\/div>\n<\/td>\n<\/tr>\n<tr>\n<td colspan=\"1\" rowspan=\"1\">\n<div class=\"magic-7\"><span class=\"magic-8\">El\u00e4m\u00e4<\/span><\/div>\n<\/td>\n<td colspan=\"1\" rowspan=\"1\">\n<div class=\"magic-9\"><span class=\"magic-8\">pesu 200 kertaa tai 3 vuotta<\/span><\/div>\n<\/td>\n<\/tr>\n<tr>\n<td colspan=\"1\" rowspan=\"1\">\n<div class=\"magic-7\"><span class=\"magic-8\">Sovellukset<\/span><\/div>\n<\/td>\n<td colspan=\"1\" rowspan=\"1\">\n<div class=\"magic-9\"><span class=\"magic-8\">pyykin hallinta ja seuranta<\/span><\/div>\n<\/td>\n<\/tr>\n<\/tbody>\n<\/table>\n<\/div>\n<\/div>\n<div class=\"J_module\">\n<div class=\"detail-decorate-json-renderer-container\">\n<div class=\"magic-1\">\n<div class=\"magic-2\">\n<div class=\"magic-3\">\n<div><\/div>\n<div class=\"magic-4\">\n<div><strong>RFID-painikkeen tunniste<\/strong><\/div>\n<div><\/div>\n<\/div>\n<\/div>\n<div>\n<div class=\"auto-hide-last-sibling-br paragraph_1252f paragraph-element\">Korkean l\u00e4mp\u00f6tilan kest\u00e4v\u00e4t PPS-pesutunnisteet ovat erinomainen seurantaratkaisu kaupallisiin tiloihin, kuten ruokaloihin ja ravintoloihin, joissa k\u00e4sitell\u00e4\u00e4n jatkuvasti suuria m\u00e4\u00e4ri\u00e4 astioita.<\/div>\n<\/div>\n<div>\n<div><\/div>\n<\/div>\n<\/div>\n<p><strong>Siruvaihtoehdot:<\/strong><\/p>\n<ul>\n<li><strong>NXP UCODE 8\/9:<\/strong>\u00a0Kustannustehokkaat sirut, jotka ovat ihanteellisia perusseurantaan ja tunnistamiseen, tarjoavat jopa 10 metrin lukuet\u00e4isyyden.<\/li>\n<li><strong>NTAG213:<\/strong>\u00a0NFC-yhteensopiva siru, joka mahdollistaa viestinn\u00e4n \u00e4lypuhelimien ja muiden NFC-laitteiden kanssa, sopii erinomaisesti sovelluksiin, kuten l\u00e4himaksuihin tai tuotetietojen k\u00e4ytt\u00f6\u00f6n.<\/li>\n<li><strong>Mifare 1k:<\/strong>\u00a0Suojattu siru vahvoilla salaus- ja todennusominaisuuksilla, joka sopii kulunvalvontaan ja suojattuun tietojen tallennukseen.<\/li>\n<li><strong>EM4305:<\/strong>\u00a0Edullinen siru peruskulunvalvontasovelluksiin, joiden lukuet\u00e4isyys on jopa 1 metri.<\/li>\n<li><strong>T5577:<\/strong>\u00a0Toinen edullinen siru kulunvalvonta- ja lippuj\u00e4rjestelmiin, joka tarjoaa jopa 1 metrin lukuet\u00e4isyyden.<\/li>\n<\/ul>\n<p><strong>Tuotantomahdollisuudet:<\/strong><\/p>\n<ul>\n<li><strong>R\u00e4\u00e4t\u00e4l\u00f6intivaihtoehdot:<\/strong>\u00a0Tarjoamme erilaisia r\u00e4\u00e4t\u00e4l\u00f6intivaihtoehtoja, mukaan lukien erilaiset painikkeiden koot, v\u00e4rit ja tulostusominaisuudet tarpeidesi mukaan.<\/li>\n<li><strong>Suurtuotanto:<\/strong>\u00a0Meill\u00e4 on kapasiteettia t\u00e4ytt\u00e4\u00e4 tuotantovaatimukset, tarvitsetpa sitten pieni\u00e4 eri\u00e4 tai suuria tilauksia.<\/li>\n<li><strong>Tiukka laadunvalvonta:<\/strong>\u00a0Yll\u00e4pid\u00e4mme tiukkoja laadunvalvontamenettelyj\u00e4 koko valmistusprosessimme ajan varmistaaksemme yhten\u00e4isen tunnisteen suorituskyvyn ja luotettavuuden.<\/li>\n<\/ul>\n<div class=\"magic-2\">\n<div>\n<div class=\"auto-hide-last-sibling-br paragraph_1252f paragraph-element\"><\/div>\n<div class=\"auto-hide-last-sibling-br paragraph_1252f paragraph-element\"><strong>RFID-painiketunnisteen sovellukset<\/strong><\/div>\n<ol class=\"auto-hide-last-sibling-br\">\n<li>\n<div class=\"auto-hide-last-sibling-br paragraph_1252f paragraph-element\">Teollisuuspesulat: Teollisuussektorilla suurten liinavaatteiden j\u00e4ljitt\u00e4misest\u00e4 tulee vaivaton teht\u00e4v\u00e4 RFID-pesutunnistepainikkeiden avulla.<\/div>\n<\/li>\n<li>\n<div class=\"auto-hide-last-sibling-br paragraph_1252f paragraph-element\">Sairaalat ja hotellit: N\u00e4m\u00e4 laitokset k\u00e4sittelev\u00e4t usein suuria m\u00e4\u00e4ri\u00e4 pesulatoimintoja, joissa n\u00e4m\u00e4 tunnisteet ovat osoittautuneet hy\u00f6dyllisiksi tehokkuuden ja varastonhallinnan parantamisessa.<\/div>\n<\/li>\n<li>\n<div class=\"auto-hide-last-sibling-br paragraph_1252f paragraph-element\">Liinavaatteiden vuokraus: Liinavaatteiden vuokrauspalveluita tarjoavat yritykset k\u00e4ytt\u00e4v\u00e4t n\u00e4it\u00e4 tunnisteita varastonhallinnan yksinkertaistamiseen ja laadunvalvonnan yll\u00e4pit\u00e4miseen.<\/div>\n<\/li>\n<\/ol>\n<div class=\"auto-hide-last-sibling-br paragraph_1252f paragraph-element\"><\/div>\n<\/div>\n<\/div>\n<\/div>\n<\/div>\n<\/div>","protected":false},"excerpt":{"rendered":"<div class=\"auto-hide-last-sibling-br paragraph_1252f paragraph-element\">PPS RFID Laundry Tag, joka tunnetaan my\u00f6s nimell\u00e4 RFID-painiketunniste, on tukeva, mittatilausty\u00f6n\u00e4 valmistettu laite, joka on tarkoitettu sovelluksiin, jotka vaativat ankaria olosuhteita kest\u00e4vi\u00e4 tunnisteita. Vaikka UHF-pesutransponderit ovat suosittu valinta markkinoilla, tietyt tilanteet edellytt\u00e4v\u00e4t mobiilisovellusten kanssa yhteensopivia RFID-painiketunnisteita. N\u00e4m\u00e4 n\u00e4pp\u00e4intyyppiset RFID-pesutransponderit t\u00e4ytt\u00e4v\u00e4t t\u00e4llaiset tarpeet riitt\u00e4v\u00e4sti. Niiden joustavuus ja erinomainen suorituskyky tarjoavat merkitt\u00e4vi\u00e4 etuja teollisen pyykin ja tekstiilien tunnistamisessa ja j\u00e4ljitt\u00e4misess\u00e4 eri aloilla.<\/div>","protected":false},"featured_media":69,"template":"","meta":{"_kad_post_transparent":"default","_kad_post_title":"","_kad_post_layout":"default","_kad_post_sidebar_id":"","_kad_post_content_style":"default","_kad_post_vertical_padding":"default","_kad_post_feature":"","_kad_post_feature_position":"","_kad_post_header":false,"_kad_post_footer":false,"_kad_post_classname":""},"product_brand":[],"product_cat":[21,18,17],"product_tag":[35,40,33],"class_list":{"0":"post-68","1":"product","2":"type-product","3":"status-publish","4":"has-post-thumbnail","6":"product_cat-pps-rfid-laundry-tag","7":"product_cat-125khz-rfid-laundry-tag","8":"product_cat-nfc-rfid-laundry-tag","9":"product_tag-rfid-button","10":"product_tag-rfid-button-tag","11":"product_tag-rfid-laundry-tag-button","13":"first","14":"instock","15":"shipping-taxable","16":"product-type-simple","17":"entry","18":"content-bg","19":"loop-entry"},"_links":{"self":[{"href":"https:\/\/rfid-laundry-tag.com\/fi\/wp-json\/wp\/v2\/product\/68","targetHints":{"allow":["GET"]}}],"collection":[{"href":"https:\/\/rfid-laundry-tag.com\/fi\/wp-json\/wp\/v2\/product"}],"about":[{"href":"https:\/\/rfid-laundry-tag.com\/fi\/wp-json\/wp\/v2\/types\/product"}],"version-history":[{"count":0,"href":"https:\/\/rfid-laundry-tag.com\/fi\/wp-json\/wp\/v2\/product\/68\/revisions"}],"wp:featuredmedia":[{"embeddable":true,"href":"https:\/\/rfid-laundry-tag.com\/fi\/wp-json\/wp\/v2\/media\/69"}],"wp:attachment":[{"href":"https:\/\/rfid-laundry-tag.com\/fi\/wp-json\/wp\/v2\/media?parent=68"}],"wp:term":[{"taxonomy":"product_brand","embeddable":true,"href":"https:\/\/rfid-laundry-tag.com\/fi\/wp-json\/wp\/v2\/product_brand?post=68"},{"taxonomy":"product_cat","embeddable":true,"href":"https:\/\/rfid-laundry-tag.com\/fi\/wp-json\/wp\/v2\/product_cat?post=68"},{"taxonomy":"product_tag","embeddable":true,"href":"https:\/\/rfid-laundry-tag.com\/fi\/wp-json\/wp\/v2\/product_tag?post=68"}],"curies":[{"name":"wp","href":"https:\/\/api.w.org\/{rel}","templated":true}]}}