{"id":64,"date":"2024-06-10T16:33:33","date_gmt":"2024-06-10T16:33:33","guid":{"rendered":"https:\/\/rfid-laundry-tag.com\/?post_type=product&#038;p=64"},"modified":"2024-06-11T16:36:19","modified_gmt":"2024-06-11T16:36:19","slug":"nfc-button-ntag213","status":"publish","type":"product","link":"https:\/\/rfid-laundry-tag.com\/fi\/nfc-button-ntag213\/","title":{"rendered":"NFC-painike | Ntag213"},"content":{"rendered":"<div class=\"J_module\">\n<div class=\"ife-detail-decorate-table\">\n<table class=\"has-title all magic-6\">\n<tbody>\n<tr>\n<td colspan=\"1\" rowspan=\"1\">\n<div class=\"magic-7\" data-spm-anchor-id=\"a2700.details.0.i45.77607d98vZbcDU\"><span class=\"magic-8\" style=\"color: #363535;\">Tuotteen nimi<\/span><\/div>\n<\/td>\n<td colspan=\"1\" rowspan=\"1\">\n<div class=\"magic-9\">NFC-painike | Ntag213<\/div>\n<\/td>\n<\/tr>\n<tr>\n<td colspan=\"1\" rowspan=\"1\">\n<div class=\"magic-7\"><span class=\"magic-10\" data-spm-anchor-id=\"a2700.pc-decorate.0.i10.28d333330XLbTD\"><span class=\"magic-8\">Materiaali<\/span><\/span><\/div>\n<\/td>\n<td colspan=\"1\" rowspan=\"1\">\n<div class=\"magic-9\"><span class=\"magic-8\">PPS<\/span><\/div>\n<\/td>\n<\/tr>\n<tr>\n<td colspan=\"1\" rowspan=\"1\">\n<div class=\"magic-7\"><span class=\"magic-8\">V\u00e4ri<\/span><\/div>\n<\/td>\n<td colspan=\"1\" rowspan=\"1\">\n<div class=\"magic-9\"><span class=\"magic-8\">Musta, keltainen jne<\/span><\/div>\n<\/td>\n<\/tr>\n<tr>\n<td colspan=\"1\" rowspan=\"1\">MOQ<\/td>\n<td colspan=\"1\" rowspan=\"1\">500 kpl<\/td>\n<\/tr>\n<tr>\n<td colspan=\"1\" rowspan=\"1\">\n<div class=\"magic-7\"><span class=\"magic-8\">Valmistaja\/siru<\/span><\/div>\n<\/td>\n<td colspan=\"1\" rowspan=\"1\">\n<div class=\"magic-9\"><span class=\"magic-8\">NXP Ntag213 <\/span><\/div>\n<\/td>\n<\/tr>\n<tr>\n<td colspan=\"1\" rowspan=\"1\">\n<div class=\"magic-7\"><span class=\"magic-8\">Taajuus<\/span><\/div>\n<\/td>\n<td colspan=\"1\" rowspan=\"1\">\n<div class=\"magic-9\"><span class=\"magic-8\">13,56 MHz<\/span><\/div>\n<\/td>\n<\/tr>\n<tr>\n<td colspan=\"1\" rowspan=\"1\">\n<div class=\"magic-7\"><span class=\"magic-8\">Muisti<\/span><\/div>\n<\/td>\n<td colspan=\"1\" rowspan=\"1\">\n<div class=\"magic-9\"><span class=\"magic-8\">144 tavua<\/span><\/div>\n<\/td>\n<\/tr>\n<tr>\n<td colspan=\"1\" rowspan=\"1\">\n<div class=\"magic-7\"><span class=\"magic-8\">Lue Et\u00e4isyys<\/span><\/div>\n<\/td>\n<td colspan=\"1\" rowspan=\"1\">\n<div class=\"magic-9\"><span class=\"magic-8\">1-5 cm<\/span><\/div>\n<\/td>\n<\/tr>\n<tr>\n<td colspan=\"1\" rowspan=\"1\">\n<div class=\"magic-7\"><span class=\"magic-8\">Ty\u00f6tila<\/span><\/div>\n<\/td>\n<td colspan=\"1\" rowspan=\"1\">\n<div class=\"magic-9\"><span class=\"magic-8\">passiivinen<\/span><\/div>\n<\/td>\n<\/tr>\n<tr>\n<td colspan=\"1\" rowspan=\"1\">\n<div class=\"magic-7\"><span class=\"magic-8\">Ty\u00f6skentelyl\u00e4mp\u00f6tila<\/span><\/div>\n<\/td>\n<td colspan=\"1\" rowspan=\"1\">\n<div class=\"magic-9\"><span class=\"magic-8\">-25 \u2103 ~ +110 \u2103<\/span><\/div>\n<\/td>\n<\/tr>\n<tr>\n<td colspan=\"1\" rowspan=\"1\">\n<div class=\"magic-7\"><span class=\"magic-8\">S\u00e4ilytysl\u00e4mp\u00f6tila<\/span><\/div>\n<\/td>\n<td colspan=\"1\" rowspan=\"1\">\n<div class=\"magic-9\"><span class=\"magic-8\">-40 \u2103 ~ +85 \u2103<\/span><\/div>\n<\/td>\n<\/tr>\n<tr>\n<td colspan=\"1\" rowspan=\"1\">\n<div class=\"magic-7\">\n<div><span class=\"magic-8\">\u00a0<\/span><\/div>\n<p><span class=\"magic-8\">Lyhytaikainen l\u00e4mm\u00f6nkest\u00e4vyys<\/span><\/p>\n<\/div>\n<\/td>\n<td colspan=\"1\" rowspan=\"1\">\n<div class=\"magic-9\"><span class=\"magic-8\">pesu: 90 \u2103, 15 minuuttia; muuntimen esikuivaus: 180 \u2103, 30 minuuttia, 200 kertaa; silitys: 180 \u2103, 10 sekuntia, 200 kertaa; korkea<br \/>\nl\u00e4mp\u00f6tilasterilointi: 135 \u2103, 20 minuuttia<\/span><\/div>\n<\/td>\n<\/tr>\n<tr>\n<td colspan=\"1\" rowspan=\"1\">\n<div class=\"magic-7\"><span class=\"magic-8\">ominaisuudet<\/span><\/div>\n<\/td>\n<td colspan=\"1\" rowspan=\"1\">\n<div class=\"magic-9\"><span class=\"magic-8\">vedenpit\u00e4v\u00e4, pest\u00e4v\u00e4, korkeita l\u00e4mp\u00f6tiloja kest\u00e4v\u00e4<\/span><\/div>\n<\/td>\n<\/tr>\n<tr>\n<td colspan=\"1\" rowspan=\"1\">\n<div class=\"magic-7\"><span class=\"magic-8\">El\u00e4m\u00e4<\/span><\/div>\n<\/td>\n<td colspan=\"1\" rowspan=\"1\">\n<div class=\"magic-9\"><span class=\"magic-8\">pesu 200 kertaa tai 3 vuotta<\/span><\/div>\n<\/td>\n<\/tr>\n<tr>\n<td colspan=\"1\" rowspan=\"1\">\n<div class=\"magic-7\"><span class=\"magic-8\">Sovellukset<\/span><\/div>\n<\/td>\n<td colspan=\"1\" rowspan=\"1\">\n<div class=\"magic-9\"><span class=\"magic-8\">pyykin hallinta ja seuranta<\/span><\/div>\n<\/td>\n<\/tr>\n<\/tbody>\n<\/table>\n<\/div>\n<\/div>\n<div class=\"J_module\">\n<div class=\"detail-decorate-json-renderer-container\">\n<div class=\"magic-1\">\n<div>\n<div><\/div>\n<div class=\"auto-hide-last-sibling-br paragraph_1252f paragraph-element\"><strong>NFC-painikkeen tietolomakkeen NTAG213-siru:<\/strong><\/div>\n<ul class=\"auto-hide-last-sibling-br\">\n<li>Valmistaja: NXP Semiconductors<\/li>\n<li>Sirutyyppi: NTAG213 (ISO\/IEC 14443 A)<\/li>\n<li>Muisti: 144 tavua kokonaismuistia, jaettuna 42 sivuun (4 tavua kukin)<\/li>\n<li>Salli lukea ja kirjoittaa<\/li>\n<li>UID ASCII -peiliominaisuus<\/li>\n<li>Integroitu Originality Signature<\/li>\n<li>NFC Forum Type 2 Tag -yhteensopiva<\/li>\n<\/ul>\n<\/div>\n<div class=\"magic-2\">\n<div>\n<div class=\"auto-hide-last-sibling-br paragraph_1252f paragraph-element\">\n<div class=\"auto-hide-last-sibling-br paragraph_1252f paragraph-element\">NFC Laundry -tunnisteet NTAG213-siruilla ovat erinomainen valinta ymp\u00e4rist\u00f6ihin, jotka vaativat suurta kest\u00e4vyytt\u00e4 ja luotettavaa seurantaa, kuten kaupallisiin ja teollisiin pesuloihin, varastoihin ja logistiikkayrityksiin. Tukevan PPS-muovikotelonsa ansiosta ne kest\u00e4v\u00e4t tehokkaasti ymp\u00e4rist\u00f6haasteita, kuten kosteutta, \u00f6ljyj\u00e4, kemikaaleja, korkeita paineita ja korkeita l\u00e4mp\u00f6tiloja.<\/div>\n<p>&nbsp;<\/p>\n<div class=\"auto-hide-last-sibling-br paragraph_1252f paragraph-element\"><strong>NFC PPS Laundry -tunnisteiden t\u00e4rkeimm\u00e4t edut NTAG213-siruilla ovat:<\/strong><\/div>\n<div><\/div>\n<div class=\"auto-hide-last-sibling-br paragraph_1252f paragraph-element\"><strong>Salasanalla suojattu muisti:<\/strong>\u00a0NTAG213:n salasanasuojausominaisuuden avulla voit suojata tunnisteeseen tallennetut tiedot ja lis\u00e4t\u00e4 ylim\u00e4\u00e4r\u00e4isen suojauskerroksen luvattoman k\u00e4yt\u00f6n tai muutosten est\u00e4miseksi.<\/div>\n<div class=\"auto-hide-last-sibling-br paragraph_1252f paragraph-element\"><strong>Erinomainen skannauset\u00e4isyys:<\/strong>\u00a0Vaikka NFC on suunniteltu lyhyen kantaman viestint\u00e4\u00e4n, NTAG213-siru on kehitetty tarjoamaan erinomainen skannauset\u00e4isyys, mik\u00e4 tukee nopeampaa ja tarkempaa kohteen seurantaa.<\/div>\n<div class=\"auto-hide-last-sibling-br paragraph_1252f paragraph-element\"><strong>Todellinen t\u00f6rm\u00e4yksenestoominaisuus:<\/strong>\u00a0T\u00e4m\u00e4n ominaisuuden avulla lukijalaite voi skannata useita tunnisteita ja olla vuorovaikutuksessa niiden kanssa samanaikaisesti. T\u00e4m\u00e4 on hy\u00f6dyllist\u00e4 tilanteissa, joissa on seurattava suuri m\u00e4\u00e4r\u00e4 tuotteita kerralla, kuten pyykkieriss\u00e4 tai varastoissa olevissa kuormalavoissa.<\/div>\n<p>&nbsp;<\/p>\n<div class=\"auto-hide-last-sibling-br paragraph_1252f paragraph-element\"><strong>Joustava sovellus:<\/strong>\u00a0NFC PPS Laundry -tunnisteet voidaan ommella kankaaseen tai kiinnitt\u00e4\u00e4 erilaisiin pintoihin, mik\u00e4 tekee niist\u00e4 monipuoliset liinavaatteiden lis\u00e4ksi my\u00f6s ty\u00f6kalujen, laitteiden tai muiden kovien olosuhteiden kest\u00e4miseen tarvittavien esineiden j\u00e4ljitt\u00e4miseen.<\/div>\n<p>&nbsp;<\/p>\n<div class=\"auto-hide-last-sibling-br paragraph_1252f paragraph-element\">Kaiken kaikkiaan n\u00e4iden kest\u00e4vien, monipuolisten ja tehokkaiden NFC PPS Laundry -tunnisteiden k\u00e4ytt\u00f6 auttaa merkitt\u00e4v\u00e4sti virtaviivaistamaan toimintoja ja varastonhallintaa eri toimialoilla, jotka k\u00e4sittelev\u00e4t suuria m\u00e4\u00e4ri\u00e4 korkeataajuisia toimintoja.<\/div>\n<\/div>\n<\/div>\n<\/div>\n<\/div>\n<\/div>\n<\/div>","protected":false},"excerpt":{"rendered":"<div class=\"auto-hide-last-sibling-br paragraph_1252f paragraph-element\">NFC-painike tai yleisemmin nimell\u00e4 PPS RFID Laundry Tag on suunniteltu erityisesti sovelluksiin, jotka vaativat kest\u00e4v\u00e4n tunnisteen, joka kest\u00e4\u00e4 ankarat ty\u00f6olosuhteet.<\/div>\n<div class=\"auto-hide-last-sibling-br paragraph_1252f paragraph-element\">T\u00e4ll\u00e4 hetkell\u00e4 suurin osa markkinoista kallistuu UHF-pesulatranspondereiden k\u00e4ytt\u00f6\u00f6n. Tietyt skenaariot edellytt\u00e4v\u00e4t kuitenkin my\u00f6s mobiilisovelluksia tukevien NFC-pesutunnisteiden k\u00e4ytt\u00f6\u00e4. Painikeiset RFID-pesutransponderit vastaavat tehokkaasti n\u00e4ihin tarpeisiin.<\/div>\n<div class=\"auto-hide-last-sibling-br paragraph_1252f paragraph-element\"><\/div>","protected":false},"featured_media":65,"template":"","meta":{"_kad_post_transparent":"default","_kad_post_title":"","_kad_post_layout":"default","_kad_post_sidebar_id":"","_kad_post_content_style":"default","_kad_post_vertical_padding":"default","_kad_post_feature":"","_kad_post_feature_position":"","_kad_post_header":false,"_kad_post_footer":false,"_kad_post_classname":""},"product_brand":[],"product_cat":[21,17],"product_tag":[37,36,35,33],"class_list":{"0":"post-64","1":"product","2":"type-product","3":"status-publish","4":"has-post-thumbnail","6":"product_cat-pps-rfid-laundry-tag","7":"product_cat-nfc-rfid-laundry-tag","8":"product_tag-nfc-button","9":"product_tag-nfc-button-ntag213","10":"product_tag-rfid-button","11":"product_tag-rfid-laundry-tag-button","13":"first","14":"instock","15":"shipping-taxable","16":"product-type-simple","17":"entry","18":"content-bg","19":"loop-entry"},"_links":{"self":[{"href":"https:\/\/rfid-laundry-tag.com\/fi\/wp-json\/wp\/v2\/product\/64","targetHints":{"allow":["GET"]}}],"collection":[{"href":"https:\/\/rfid-laundry-tag.com\/fi\/wp-json\/wp\/v2\/product"}],"about":[{"href":"https:\/\/rfid-laundry-tag.com\/fi\/wp-json\/wp\/v2\/types\/product"}],"version-history":[{"count":0,"href":"https:\/\/rfid-laundry-tag.com\/fi\/wp-json\/wp\/v2\/product\/64\/revisions"}],"wp:featuredmedia":[{"embeddable":true,"href":"https:\/\/rfid-laundry-tag.com\/fi\/wp-json\/wp\/v2\/media\/65"}],"wp:attachment":[{"href":"https:\/\/rfid-laundry-tag.com\/fi\/wp-json\/wp\/v2\/media?parent=64"}],"wp:term":[{"taxonomy":"product_brand","embeddable":true,"href":"https:\/\/rfid-laundry-tag.com\/fi\/wp-json\/wp\/v2\/product_brand?post=64"},{"taxonomy":"product_cat","embeddable":true,"href":"https:\/\/rfid-laundry-tag.com\/fi\/wp-json\/wp\/v2\/product_cat?post=64"},{"taxonomy":"product_tag","embeddable":true,"href":"https:\/\/rfid-laundry-tag.com\/fi\/wp-json\/wp\/v2\/product_tag?post=64"}],"curies":[{"name":"wp","href":"https:\/\/api.w.org\/{rel}","templated":true}]}}