{"id":62,"date":"2024-06-10T16:32:32","date_gmt":"2024-06-10T16:32:32","guid":{"rendered":"https:\/\/rfid-laundry-tag.com\/?post_type=product&#038;p=62"},"modified":"2024-06-10T16:32:32","modified_gmt":"2024-06-10T16:32:32","slug":"rfid-laundry-tag-button","status":"publish","type":"product","link":"https:\/\/rfid-laundry-tag.com\/fi\/rfid-laundry-tag-button\/","title":{"rendered":"RFID-pesutunnistepainike"},"content":{"rendered":"<div class=\"J_module\">\n<div class=\"ife-detail-decorate-table\">\n<table class=\"has-title all magic-6\">\n<tbody>\n<tr>\n<td colspan=\"1\" rowspan=\"1\">\n<div class=\"magic-7\" data-spm-anchor-id=\"a2700.details.0.i45.77607d98vZbcDU\"><span class=\"magic-8\" style=\"color: #363535;\">Tuotteen nimi<\/span><\/div>\n<\/td>\n<td colspan=\"1\" rowspan=\"1\">\n<div class=\"magic-9\"><span class=\"magic-8\">RFID-pesutunnistepainike<\/span><\/div>\n<\/td>\n<\/tr>\n<tr>\n<td colspan=\"1\" rowspan=\"1\">\n<div class=\"magic-7\"><span class=\"magic-10\" data-spm-anchor-id=\"a2700.pc-decorate.0.i10.28d333330XLbTD\"><span class=\"magic-8\">Materiaali<\/span><\/span><\/div>\n<\/td>\n<td colspan=\"1\" rowspan=\"1\">\n<div class=\"magic-9\"><span class=\"magic-8\">PPS<\/span><\/div>\n<\/td>\n<\/tr>\n<tr>\n<td colspan=\"1\" rowspan=\"1\">\n<div class=\"magic-7\"><span class=\"magic-8\">V\u00e4ri<\/span><\/div>\n<\/td>\n<td colspan=\"1\" rowspan=\"1\">\n<div class=\"magic-9\"><span class=\"magic-8\">Musta, keltainen jne<\/span><\/div>\n<\/td>\n<\/tr>\n<tr>\n<td colspan=\"1\" rowspan=\"1\">MOQ<\/td>\n<td colspan=\"1\" rowspan=\"1\">500 kpl<\/td>\n<\/tr>\n<tr>\n<td colspan=\"1\" rowspan=\"1\">\n<div class=\"magic-7\"><span class=\"magic-8\">Valmistaja\/siru<\/span><\/div>\n<\/td>\n<td colspan=\"1\" rowspan=\"1\">\n<div class=\"magic-9\"><span class=\"magic-8\">NXP UCODE 8, UCODE 9\/NTAG213\/EM4305, T5577 jne<\/span><\/div>\n<\/td>\n<\/tr>\n<tr>\n<td colspan=\"1\" rowspan=\"1\">\n<div class=\"magic-7\"><span class=\"magic-8\">Taajuus<\/span><\/div>\n<\/td>\n<td colspan=\"1\" rowspan=\"1\">\n<div class=\"magic-9\"><span class=\"magic-8\">860-960MHz\/13,56MHz\/125Khz<\/span><\/div>\n<\/td>\n<\/tr>\n<tr>\n<td colspan=\"1\" rowspan=\"1\">\n<div class=\"magic-7\"><span class=\"magic-8\">Muisti<\/span><\/div>\n<\/td>\n<td colspan=\"1\" rowspan=\"1\">\n<div class=\"magic-9\"><span class=\"magic-8\">96 bitti\u00e4\/128 bitti\u00e4\/144 tavua<\/span><\/div>\n<\/td>\n<\/tr>\n<tr>\n<td colspan=\"1\" rowspan=\"1\">\n<div class=\"magic-7\"><span class=\"magic-8\">Lue Et\u00e4isyys<\/span><\/div>\n<\/td>\n<td colspan=\"1\" rowspan=\"1\">\n<div class=\"magic-9\"><span class=\"magic-8\">1-6m\/1-5cm\/1-2cm<\/span><\/div>\n<\/td>\n<\/tr>\n<tr>\n<td colspan=\"1\" rowspan=\"1\">\n<div class=\"magic-7\"><span class=\"magic-8\">Ty\u00f6tila<\/span><\/div>\n<\/td>\n<td colspan=\"1\" rowspan=\"1\">\n<div class=\"magic-9\"><span class=\"magic-8\">passiivinen<\/span><\/div>\n<\/td>\n<\/tr>\n<tr>\n<td colspan=\"1\" rowspan=\"1\">\n<div class=\"magic-7\"><span class=\"magic-8\">Ty\u00f6skentelyl\u00e4mp\u00f6tila<\/span><\/div>\n<\/td>\n<td colspan=\"1\" rowspan=\"1\">\n<div class=\"magic-9\"><span class=\"magic-8\">-25 \u2103 ~ +110 \u2103<\/span><\/div>\n<\/td>\n<\/tr>\n<tr>\n<td colspan=\"1\" rowspan=\"1\">\n<div class=\"magic-7\"><span class=\"magic-8\">S\u00e4ilytysl\u00e4mp\u00f6tila<\/span><\/div>\n<\/td>\n<td colspan=\"1\" rowspan=\"1\">\n<div class=\"magic-9\"><span class=\"magic-8\">-40 \u2103 ~ +85 \u2103<\/span><\/div>\n<\/td>\n<\/tr>\n<tr>\n<td colspan=\"1\" rowspan=\"1\">\n<div class=\"magic-7\">\n<div><span class=\"magic-8\">\u00a0<\/span><\/div>\n<p><span class=\"magic-8\">Lyhytaikainen l\u00e4mm\u00f6nkest\u00e4vyys<\/span><\/div>\n<\/td>\n<td colspan=\"1\" rowspan=\"1\">\n<div class=\"magic-9\"><span class=\"magic-8\">pesu: 90 \u2103, 15 minuuttia; muuntimen esikuivaus: 180 \u2103, 30 minuuttia, 200 kertaa; silitys: 180 \u2103, 10 sekuntia, 200 kertaa; korkea<br \/>\nl\u00e4mp\u00f6tilasterilointi: 135 \u2103, 20 minuuttia<\/span><\/div>\n<\/td>\n<\/tr>\n<tr>\n<td colspan=\"1\" rowspan=\"1\">\n<div class=\"magic-7\"><span class=\"magic-8\">ominaisuudet<\/span><\/div>\n<\/td>\n<td colspan=\"1\" rowspan=\"1\">\n<div class=\"magic-9\"><span class=\"magic-8\">vedenpit\u00e4v\u00e4, pest\u00e4v\u00e4, korkeita l\u00e4mp\u00f6tiloja kest\u00e4v\u00e4<\/span><\/div>\n<\/td>\n<\/tr>\n<tr>\n<td colspan=\"1\" rowspan=\"1\">\n<div class=\"magic-7\"><span class=\"magic-8\">El\u00e4m\u00e4<\/span><\/div>\n<\/td>\n<td colspan=\"1\" rowspan=\"1\">\n<div class=\"magic-9\"><span class=\"magic-8\">pesu 200 kertaa tai 3 vuotta<\/span><\/div>\n<\/td>\n<\/tr>\n<tr>\n<td colspan=\"1\" rowspan=\"1\">\n<div class=\"magic-7\"><span class=\"magic-8\">Sovellukset<\/span><\/div>\n<\/td>\n<td colspan=\"1\" rowspan=\"1\">\n<div class=\"magic-9\"><span class=\"magic-8\">pyykin hallinta ja seuranta<\/span><\/div>\n<\/td>\n<\/tr>\n<\/tbody>\n<\/table>\n<\/div>\n<\/div>\n<div class=\"J_module\">\n<div class=\"detail-decorate-json-renderer-container\">\n<div class=\"magic-1\">\n<div class=\"magic-2\">\n<div class=\"magic-3\">\n<div><\/div>\n<div class=\"magic-4\"><span class=\"magic-5\" style=\"color: #2196ed;\"><b class=\"magic-10\">RFID-pesutunnistepainike<\/b><\/span><\/p>\n<div><\/div>\n<\/div>\n<\/div>\n<div>\n<div class=\"auto-hide-last-sibling-br paragraph_1252f paragraph-element\">Korkean l\u00e4mp\u00f6tilan kest\u00e4v\u00e4t PPS-pesutunnisteet toimivat erinomaisena seurantaratkaisuna kaupallisiin tiloihin, kuten ruokaloihin ja ravintoloihin, joissa k\u00e4sitell\u00e4\u00e4n jatkuvasti suuria m\u00e4\u00e4ri\u00e4 astioita:<\/div>\n<p><br class=\"container_e695a wrapper_ad07b undefined\" \/><\/p>\n<ol class=\"auto-hide-last-sibling-br\">\n<li>\n<div class=\"auto-hide-last-sibling-br paragraph_1252f paragraph-element\">Moitteeton seuranta: Jokaisen astian kiinnitt\u00e4minen RFID-tunnisteella, joka sis\u00e4lt\u00e4\u00e4 yksil\u00f6lliset tunnistetiedot (kuten tuotteen tyypin, valmistajan ja ostop\u00e4iv\u00e4m\u00e4\u00e4r\u00e4n), mahdollistaa kunkin esineen etenemisen seuraamisen astianpesuprosessin aikana RFID-lukijoiden avulla.<\/div>\n<\/li>\n<li>\n<div class=\"auto-hide-last-sibling-br paragraph_1252f paragraph-element\">Korkea kest\u00e4vyys: Korkeille l\u00e4mp\u00f6tiloille ja ankarille kemikaaleille altistuminen ei ole haaste PPS:n korkeita l\u00e4mp\u00f6tiloja kest\u00e4ville RFID-tunnisteille. Ne on huolellisesti suunniteltu kest\u00e4m\u00e4\u00e4n t\u00e4llaisia olosuhteita, joten ne ovat ihanteellinen valinta astioiden j\u00e4ljitt\u00e4miseen kaupallisissa astianpesulaitoksissa.<\/div>\n<\/li>\n<li>\n<div class=\"auto-hide-last-sibling-br paragraph_1252f paragraph-element\">Tehokas varastonhallinta: Kun RFID-tunnisteet on puhdistettu, desinfioitu ja tallennettu uudelleenk\u00e4ytt\u00f6\u00e4 varten, ne voivat helposti seurata kunkin tuotteen saatavuutta ja sijaintia. N\u00e4in varmistetaan riitt\u00e4v\u00e4n jatkuva puhtaiden astioiden saanti, mik\u00e4 eliminoi pula- tai v\u00e4\u00e4rink\u00e4yt\u00f6n mahdollisuuden.<\/div>\n<\/li>\n<li>\n<div class=\"auto-hide-last-sibling-br paragraph_1252f paragraph-element\">Parannettu logistiikka: PPS Laundry RFID -tunnisteiden k\u00e4ytt\u00f6\u00f6notto virtaviivaistaa varaston ja logistiikan hallintaa korkeissa l\u00e4mp\u00f6tiloissa, kuten kaupallisissa astianpesulaitoksissa.<\/div>\n<\/li>\n<\/ol>\n<div class=\"auto-hide-last-sibling-br paragraph_1252f paragraph-element\"><strong>RFID-pesupainikkeen edut<\/strong><\/div>\n<ol class=\"auto-hide-last-sibling-br\">\n<li>\n<div class=\"auto-hide-last-sibling-br paragraph_1252f paragraph-element\">Tehokas seuranta: RFID-pesutunnistepainikkeet yksinkertaistavat vaatteiden seurantaa koko pesuprosessin ajan, mik\u00e4 parantaa toiminnan tehokkuutta ja tuottavuutta.<\/div>\n<\/li>\n<li>\n<div class=\"auto-hide-last-sibling-br paragraph_1252f paragraph-element\">Kannustaa automatisointiin: N\u00e4m\u00e4 painikkeet auttavat v\u00e4hent\u00e4m\u00e4\u00e4n manuaalisen ty\u00f6n tarvetta ja siihen liittyvi\u00e4 mahdollisia virheit\u00e4 edist\u00e4en tehokkaan ja automatisoidun j\u00e4rjestelm\u00e4n luomista.<\/div>\n<\/li>\n<li>\n<div class=\"auto-hide-last-sibling-br paragraph_1252f paragraph-element\">Kest\u00e4v\u00e4: N\u00e4m\u00e4 painikkeet on suunniteltu kest\u00e4m\u00e4\u00e4n kovia pesuolosuhteita, ja ne kest\u00e4v\u00e4t korkeita l\u00e4mp\u00f6tiloja, painetta ja kemikaaleja, mik\u00e4 takaa pitk\u00e4n k\u00e4ytt\u00f6i\u00e4n.<\/div>\n<\/li>\n<\/ol>\n<div class=\"auto-hide-last-sibling-br paragraph_1252f paragraph-element\"><strong>RFID-pesutunnisteen ominaisuudet<\/strong><\/div>\n<ol class=\"auto-hide-last-sibling-br\">\n<li>\n<div class=\"auto-hide-last-sibling-br paragraph_1252f paragraph-element\">Ainutlaatuinen tunnistus: Jokainen tunniste sis\u00e4lt\u00e4\u00e4 ainutlaatuisia tunnistetietoja, mik\u00e4 helpottaa yksitt\u00e4isten kappaleiden saumatonta seurantaa.<\/div>\n<\/li>\n<li>\n<div class=\"auto-hide-last-sibling-br paragraph_1252f paragraph-element\">Korkean l\u00e4mp\u00f6tilan kest\u00e4vyys: RFID-pesutunnistepainikkeet on suunniteltu kest\u00e4m\u00e4\u00e4n korkeita l\u00e4mp\u00f6tiloja, joten ne sopivat ihanteellisesti pyykinpesuun.<\/div>\n<\/li>\n<li>\n<div class=\"auto-hide-last-sibling-br paragraph_1252f paragraph-element\">NFC-ominaisuudet: Jotkut tunnisteet on varustettu NFC-toiminnolla, jonka avulla ne voidaan skannata mobiilisovelluksilla, mik\u00e4 mahdollistaa et\u00e4seurannan ja -hallinnan.<\/div>\n<\/li>\n<\/ol>\n<div class=\"auto-hide-last-sibling-br paragraph_1252f paragraph-element\"><strong>RFID-pesupainikkeen sovellukset<\/strong><\/div>\n<ol class=\"auto-hide-last-sibling-br\">\n<li>\n<div class=\"auto-hide-last-sibling-br paragraph_1252f paragraph-element\">Teollisuuspesulat: Teollisuussektorilla suurten liinavaatteiden j\u00e4ljitt\u00e4misest\u00e4 tulee vaivaton teht\u00e4v\u00e4 RFID-pesutunnistepainikkeiden avulla.<\/div>\n<\/li>\n<li>\n<div class=\"auto-hide-last-sibling-br paragraph_1252f paragraph-element\">Sairaalat ja hotellit: N\u00e4m\u00e4 laitokset k\u00e4sittelev\u00e4t usein suuria m\u00e4\u00e4ri\u00e4 pesulatoimintoja, joissa n\u00e4m\u00e4 tunnisteet ovat osoittautuneet hy\u00f6dyllisiksi tehokkuuden ja varastonhallinnan parantamisessa.<\/div>\n<\/li>\n<li>\n<div class=\"auto-hide-last-sibling-br paragraph_1252f paragraph-element\">Liinavaatteiden vuokraus: Liinavaatteiden vuokrauspalveluita tarjoavat yritykset k\u00e4ytt\u00e4v\u00e4t n\u00e4it\u00e4 tunnisteita varastonhallinnan yksinkertaistamiseen ja laadunvalvonnan yll\u00e4pit\u00e4miseen.<\/div>\n<\/li>\n<\/ol>\n<div class=\"auto-hide-last-sibling-br paragraph_1252f paragraph-element\"><strong>RFID-pesutunnistepainikkeen valmistus<\/strong><\/div>\n<div class=\"auto-hide-last-sibling-br paragraph_1252f paragraph-element\">RFID Laundry Tag Buttons -painikkeiden tuotantoprosessiin kuuluu RFID-sirun upottaminen muovi- tai hartsikoteloon sen varmistamiseksi, ett\u00e4 se on vedenpit\u00e4v\u00e4 ja kest\u00e4\u00e4 pyykinpesuymp\u00e4rist\u00f6n ankarat olosuhteet. Kehittyneit\u00e4 tekniikoita k\u00e4ytet\u00e4\u00e4n tuotannon aikana sen varmistamiseksi, ett\u00e4 tunnisteet kest\u00e4v\u00e4t korkeita l\u00e4mp\u00f6tiloja, painetta ja altistumista kemikaaleille. Jokaiselle tunnisteelle on ohjelmoitu yksil\u00f6llinen tunnistenumero seurantaa varten sen elinkaaren aikana.<\/div>\n<\/div>\n<\/div>\n<\/div>\n<\/div>\n<\/div>","protected":false},"excerpt":{"rendered":"<div class=\"auto-hide-last-sibling-br paragraph_1252f paragraph-element\">RFID Laundry Button, tai yleisemmin PPS RFID Laundry Tag -merkki, on suunniteltu erityisesti sovelluksiin, jotka vaativat kest\u00e4v\u00e4n tunnisteen, joka kest\u00e4\u00e4 ankarat ty\u00f6olosuhteet.<\/div>\n<div class=\"auto-hide-last-sibling-br paragraph_1252f paragraph-element\">T\u00e4ll\u00e4 hetkell\u00e4 suurin osa markkinoista kallistuu UHF-pesulatranspondereiden k\u00e4ytt\u00f6\u00f6n. Tietyt skenaariot edellytt\u00e4v\u00e4t kuitenkin my\u00f6s mobiilisovelluksia tukevien NFC-pesutunnisteiden k\u00e4ytt\u00f6\u00e4. Painikeiset RFID-pesutransponderit vastaavat tehokkaasti n\u00e4ihin tarpeisiin.<\/div>\n<div class=\"auto-hide-last-sibling-br paragraph_1252f paragraph-element\">Niiden monipuolisuus ja vankka suorituskyky tekev\u00e4t niist\u00e4 eritt\u00e4in hy\u00f6dyllisi\u00e4 teollisuuspyykin ja tekstiilien tunnistamisessa ja j\u00e4ljitt\u00e4misess\u00e4 eri aloilla. N\u00e4m\u00e4 eritt\u00e4in kest\u00e4v\u00e4t tunnisteet ovat erityisen yleisi\u00e4 hotelleissa, sairaaloissa ja liinavaatteiden vuokrauspalveluita tarjoavissa yrityksiss\u00e4, ja ne parantavat toiminnan tehokkuutta ja yleist\u00e4 tuottavuutta.<\/div>","protected":false},"featured_media":63,"template":"","meta":{"_kad_post_transparent":"default","_kad_post_title":"","_kad_post_layout":"default","_kad_post_sidebar_id":"","_kad_post_content_style":"default","_kad_post_vertical_padding":"default","_kad_post_feature":"","_kad_post_feature_position":"","_kad_post_header":false,"_kad_post_footer":false,"_kad_post_classname":""},"product_brand":[],"product_cat":[21],"product_tag":[35,34,33],"class_list":{"0":"post-62","1":"product","2":"type-product","3":"status-publish","4":"has-post-thumbnail","6":"product_cat-pps-rfid-laundry-tag","7":"product_tag-rfid-button","8":"product_tag-rfid-laundry-button","9":"product_tag-rfid-laundry-tag-button","11":"first","12":"instock","13":"shipping-taxable","14":"product-type-simple","15":"entry","16":"content-bg","17":"loop-entry"},"_links":{"self":[{"href":"https:\/\/rfid-laundry-tag.com\/fi\/wp-json\/wp\/v2\/product\/62","targetHints":{"allow":["GET"]}}],"collection":[{"href":"https:\/\/rfid-laundry-tag.com\/fi\/wp-json\/wp\/v2\/product"}],"about":[{"href":"https:\/\/rfid-laundry-tag.com\/fi\/wp-json\/wp\/v2\/types\/product"}],"version-history":[{"count":0,"href":"https:\/\/rfid-laundry-tag.com\/fi\/wp-json\/wp\/v2\/product\/62\/revisions"}],"wp:featuredmedia":[{"embeddable":true,"href":"https:\/\/rfid-laundry-tag.com\/fi\/wp-json\/wp\/v2\/media\/63"}],"wp:attachment":[{"href":"https:\/\/rfid-laundry-tag.com\/fi\/wp-json\/wp\/v2\/media?parent=62"}],"wp:term":[{"taxonomy":"product_brand","embeddable":true,"href":"https:\/\/rfid-laundry-tag.com\/fi\/wp-json\/wp\/v2\/product_brand?post=62"},{"taxonomy":"product_cat","embeddable":true,"href":"https:\/\/rfid-laundry-tag.com\/fi\/wp-json\/wp\/v2\/product_cat?post=62"},{"taxonomy":"product_tag","embeddable":true,"href":"https:\/\/rfid-laundry-tag.com\/fi\/wp-json\/wp\/v2\/product_tag?post=62"}],"curies":[{"name":"wp","href":"https:\/\/api.w.org\/{rel}","templated":true}]}}