{"id":54,"date":"2024-06-10T14:55:28","date_gmt":"2024-06-10T14:55:28","guid":{"rendered":"https:\/\/rfid-laundry-tag.com\/?post_type=product&#038;p=54"},"modified":"2024-09-26T04:26:47","modified_gmt":"2024-09-26T04:26:47","slug":"rfid-tag-for-linen-laundry","status":"publish","type":"product","link":"https:\/\/rfid-laundry-tag.com\/fi\/rfid-tag-for-linen-laundry\/","title":{"rendered":"RFID-tunniste pellavapesulle"},"content":{"rendered":"<div>\n<div class=\"auto-hide-last-sibling-br paragraph_1252f paragraph-element\">\n<h1><strong>RFID-tunniste pellavapesulle<\/strong><\/h1>\n<p><strong>Fyysinen:<\/strong><\/p>\n<p>Materiaali: 100% polyesteri<\/p>\n<p>Koko: 70 mm \u00d7 15 mm x 1,5 mm<\/p>\n<p>Siru: NXP U CODE U8, U9 jne<\/p>\n<p>Tarran asennustapa: Ompelutyyppi, Silitys<\/p>\n<p>Protokolla: ISO18ooo-6C<\/p>\n<p>Silitys: 15 sekuntia, 210 \u2103<\/p>\n<p>Valotus: 2,5 bar<\/p>\n<p>Kuivaus: 15 minuuttia 180 \u00b0C:ssa<\/p>\n<p>Pesu: 15 minuuttia 90 asteessa<\/p>\n<p>Pesujaksot: 200+ jaksoa tai 3 vuotta<\/p>\n<p>S\u00e4ilytystila: -20-80 \u2103, 5-95%RH<\/p>\n<p>&nbsp;<\/p>\n<\/div>\n<div class=\"auto-hide-last-sibling-br paragraph_1252f paragraph-element\">Se, mik\u00e4 erottaa UHF RFID -pesutunnisteet markkinoiden muista pellavatunnisteista, on niiden liukas, selke\u00e4 ulkon\u00e4k\u00f6. Ne ovat vaikuttavan ohuita, ja niiden paksuus on huomaamaton 0,55 mm, mik\u00e4 tekee niist\u00e4 markkinoiden ohuimpia saatavilla olevia tunnisteita. Yhteenvetona voidaan todeta, ett\u00e4 tunnisteet tarjoavat progressiivisen UHF RFID -ratkaisun vaatteille, jotka tarjoavat ihanteellisen yhdistelm\u00e4n kohtuuhintaisuutta, kest\u00e4vyytt\u00e4 ja hienovaraisuutta.<\/div>\n<\/div>\n<div><\/div>\n<div class=\"auto-hide-last-sibling-br paragraph_1252f paragraph-element\">\n<div data-spm-anchor-id=\"a2700.details.0.i57.23b419c7xXORP0\"><span data-spm-anchor-id=\"a2700.details.0.i75.23b419c7xXORP0\"><b>Ominaisuus:<\/b><br \/>\n1) UHF-tekniikka satojen tunnisteiden lukemiseen samanaikaisesti.<br \/>\n2) Yli 8 jalkaa lukuet\u00e4isyys.<br \/>\n3) Uusi mekaaninen muotoilu parantaa litteiden liinavaatteiden suorituskyky\u00e4.<br \/>\n4) Soveltuu korkeapaineimureille 60 bar asti.<br \/>\n5) Soveltuu autoklaavisterilointiin.<br \/>\n6) Pieni, pehme\u00e4, joustava materiaali sopii erinomaisesti tekstiileille, liinavaatteille, vaatteille ja tarvikkeille.<\/span><\/div>\n<\/div>\n<div data-spm-anchor-id=\"a2700.details.0.i57.23b419c7xXORP0\"><\/div>\n<div data-spm-anchor-id=\"a2700.details.0.i57.23b419c7xXORP0\">\n<p><img fetchpriority=\"high\" decoding=\"async\" class=\"wp-image-55\" src=\"https:\/\/rfid-laundry-tag.com\/wp-content\/uploads\/2024\/06\/4-300x275.png\" alt=\"RFID Tag for linen laundry\" width=\"605\" height=\"555\" srcset=\"https:\/\/rfid-laundry-tag.com\/wp-content\/uploads\/2024\/06\/4-300x275.png 300w, https:\/\/rfid-laundry-tag.com\/wp-content\/uploads\/2024\/06\/4-600x550.png 600w, https:\/\/rfid-laundry-tag.com\/wp-content\/uploads\/2024\/06\/4-13x12.png 13w, https:\/\/rfid-laundry-tag.com\/wp-content\/uploads\/2024\/06\/4.png 750w\" sizes=\"(max-width: 605px) 100vw, 605px\" \/><\/p>\n<\/div>\n<h3 class=\"wp-block-heading\">Asennus<\/h3>\n<p><strong>Ommelmerkint\u00e4<\/strong>: Ommellaan tekstiilin helmaan. Ompele pyykkilappu pois taittoviivoista.<br \/>\n<strong>Kuumasaumaus<\/strong>: Kuumasaumattava suoraan tekstiilin p\u00e4\u00e4lle +200\u00b0C:ssa (392\u00b0F), 12-14 s.<br \/>\n<strong>Pussissa<\/strong>: Ommeltava kuten tavallinen hoitotarra. Ompele pyykkilappu pois taittoviivoista.<\/p>\n<h3>RFID-tunnisteiden k\u00e4yt\u00f6n edut pyykinhallinnassa<\/h3>\n<p>RFID-tunnisteiden sis\u00e4llytt\u00e4minen pesulatoimintoihin lis\u00e4\u00e4 tehokkuutta. Automaattinen seuranta mahdollistaa reaaliaikaisen varastohallinnan, minimoi tappiot ja vapauttaa ty\u00f6ntekij\u00e4n aikaa. N\u00e4m\u00e4\u00a0<strong>tekstiilien RFID-tunnisteet<\/strong>\u00a0tarjoavat yrityksille ja kotitalouksille mahdollisuuden hallita ja seurata liinavaatteita, vaatteita ja muita pyykkituotteita ennenn\u00e4kem\u00e4tt\u00f6m\u00e4ll\u00e4 tarkkuudella, mik\u00e4 parantaa sek\u00e4 palvelun laatua ett\u00e4 asiakastyytyv\u00e4isyytt\u00e4.<\/p>\n<div class=\"auto-hide-last-sibling-br paragraph_1252f paragraph-element\">\n<div class=\"auto-hide-last-sibling-br paragraph_1252f paragraph-element\">Pellavapesun RFID-tunnisteet ovat v\u00e4ltt\u00e4m\u00e4tt\u00f6mi\u00e4 lukuisilla toimialoilla, ja ne edist\u00e4v\u00e4t ratkaisevasti tehokasta omaisuuden seurantaa, varastonhallintaa ja lis\u00e4\u00e4v\u00e4t yleist\u00e4 toiminnan tehokkuutta. T\u00e4ss\u00e4 on katsaus niiden sovelluksiin eri aloilla:<\/div>\n<ul class=\"auto-hide-last-sibling-br\">\n<li>\n<div class=\"auto-hide-last-sibling-br paragraph_1252f paragraph-element\">Terveydenhuolto: Sairaalat ja muut l\u00e4\u00e4ketieteelliset laitokset k\u00e4ytt\u00e4v\u00e4t RFID-liinavaatteita vuodeliinavaatteiden, pyyhkeiden, pensaiden, univormujen ja kirurgisten liinavaatteiden hallintaan. T\u00e4m\u00e4 auttaa minimoimaan h\u00e4vikin, hallitsemaan pesujaksoja ja varmistamaan, ett\u00e4 puhtaat, tuoreet liinavaatteet ovat jatkuvasti saatavilla vaatimusten mukaisesti.<\/div>\n<\/li>\n<li>\n<div class=\"auto-hide-last-sibling-br paragraph_1252f paragraph-element\">Hotellit: Hotellialalla liinavaatteiden hallinta on valtava teht\u00e4v\u00e4, sill\u00e4 liikkeess\u00e4 on tuhansia kohteita, kuten vuodevaatteet, pyyhkeet, verhot ja kylpytakit. RFID-pellavatunnisteet tehostavat t\u00e4t\u00e4 teht\u00e4v\u00e4\u00e4 varmistaen oikea-aikaisen puhdistuksen ja vaihdon sek\u00e4 auttavat havaitsemaan ja ehk\u00e4isem\u00e4\u00e4n varkauksia.<\/div>\n<\/li>\n<li>\n<div class=\"auto-hide-last-sibling-br paragraph_1252f paragraph-element\">Ravintolat: Ruokapalvelualalla RFID-tunnisteet auttavat valvomaan univormujen, p\u00f6yt\u00e4liinojen, lautasliinojen ja kokin esiliinojen k\u00e4ytt\u00f6\u00e4 ja puhtautta. T\u00e4m\u00e4 voi nostaa puhtausstandardeja ja auttaa s\u00e4ilytt\u00e4m\u00e4\u00e4n siistin, ammattimaisen ulkon\u00e4\u00f6n.<\/div>\n<\/li>\n<li>\n<div class=\"auto-hide-last-sibling-br paragraph_1252f paragraph-element\">Muotivaateteollisuus: Muodin vilin\u00e4ss\u00e4 RFID-tunnisteilla on merkitt\u00e4v\u00e4 rooli tuotteiden seuraamisessa toimitusketjussa tuotannosta v\u00e4hitt\u00e4ismyyntiin. Ne voivat tarjota arvokasta tietoa, kuten alkuper\u00e4\u00e4, matkahistoriaa ja jopa monimutkaisia yksityiskohtia kankaasta ja hoito-ohjeista.<\/div>\n<\/li>\n<li>\n<div class=\"auto-hide-last-sibling-br paragraph_1252f paragraph-element\">Ty\u00f6vaatteet\/paloa hidastavat vaatteet: Yritykset k\u00e4ytt\u00e4v\u00e4t RFID-tunnisteita erikoisvaatteiden seurantaan ja hallintaan. T\u00e4m\u00e4 sis\u00e4lt\u00e4\u00e4 sen varmistamisen, ett\u00e4 palonestoaineet tai muut suojavaatteet tarkistetaan s\u00e4\u00e4nn\u00f6llisesti, puhdistetaan asianmukaisesti ja vaihdetaan tarvittaessa.<\/div>\n<\/li>\n<li>\n<div class=\"auto-hide-last-sibling-br paragraph_1252f paragraph-element\">Jalkineet ja naamarit: RFID-tunnisteiden k\u00e4ytt\u00f6 on yksinkertaista, sill\u00e4 se on eritt\u00e4in t\u00e4rke\u00e4\u00e4 terveydenhuollon ja rakentamisen kaltaisilla aloilla, joilla turvallisuudesta ei voida tinki\u00e4.<\/div>\n<\/li>\n<li>\n<div class=\"auto-hide-last-sibling-br paragraph_1252f paragraph-element\">Matot ja mopit: Yritykset, jotka tarjoavat siivouspalveluita tai hallinnoivat suuria tiloja, voivat hy\u00f6ty\u00e4 RFID-tunnisteista mattoihin ja moppeihin. He pystyv\u00e4t seuraamaan k\u00e4ytt\u00f6\u00e4 ja huoltoa varmistaen, ett\u00e4 ty\u00f6kalut ovat aina puhtaita ja tehokkaita.<\/div>\n<\/li>\n<\/ul>\n<h3>Ymp\u00e4rist\u00f6yst\u00e4v\u00e4llisi\u00e4 ostoksia<\/h3>\n<p>RFID-tunnisteemme on suunniteltu ymp\u00e4rist\u00f6yst\u00e4v\u00e4llisyytt\u00e4 ajatellen. Minimoimalla manuaalisen k\u00e4sittelyn ja v\u00e4hent\u00e4m\u00e4ll\u00e4 v\u00e4\u00e4rin sijoitettavia esineit\u00e4 voit pienent\u00e4\u00e4 pyykinpesuun liittyv\u00e4\u00e4 hiilijalanj\u00e4lke\u00e4. The\u00a0<strong>RFID-pesutunnisteet<\/strong>\u00a0voidaan kierr\u00e4tt\u00e4\u00e4 elinkaarensa lopussa, mik\u00e4 edist\u00e4\u00e4 kest\u00e4vi\u00e4 k\u00e4yt\u00e4nt\u00f6j\u00e4.<\/p>\n<h3>Mik\u00e4 on UHF RFID -tekniikka?<\/h3>\n<p>RFID (Radio Frequency Identification) on tekniikka, joka k\u00e4ytt\u00e4\u00e4 s\u00e4hk\u00f6magneettisia kentti\u00e4 automaattisesti tunnistamaan ja j\u00e4ljitt\u00e4m\u00e4\u00e4n esineisiin kiinnitettyj\u00e4 tunnisteita. UHF RFID toimii Ultra High Frequency -alueella, mik\u00e4 mahdollistaa pidemm\u00e4t lukuet\u00e4isyydet ja nopeamman tunnistamisen, mik\u00e4 tekee siit\u00e4 ihanteellisen pesusovelluksiin. UHF RFID -tunnisteet voidaan ommella tai kiinnitt\u00e4\u00e4 vaatteisiin ja liinavaatteisiin, mik\u00e4 mahdollistaa tehokkaan j\u00e4ljityksen koko pesuprosessin ajan.<\/p>\n<h3>Usein kysytyt kysymykset (FAQ)<\/h3>\n<p><strong>Q1: Ovatko RFID-pesutunnisteet yhteensopivia kaikkien pesulaj\u00e4rjestelmien kanssa?<\/strong><br \/>\n<strong>A1:<\/strong>\u00a0Kyll\u00e4, RFID-tunnisteemme on suunniteltu toimimaan saumattomasti pesutiloissa k\u00e4ytett\u00e4vien tavallisten RFID-lukijoiden kanssa.<\/p>\n<p><strong>Q2: Kuinka voin kierr\u00e4tt\u00e4\u00e4 k\u00e4ytetyt RFID-tunnisteet?<\/strong><br \/>\n<strong>A2:<\/strong>\u00a0Niiden elinkaaren j\u00e4lkeen voit palauttaa tarrat meille kierr\u00e4tyst\u00e4 varten tai tarkistaa paikalliset elektroniikkaj\u00e4tett\u00e4 k\u00e4sittelev\u00e4t laitokset.<\/p>\n<p><strong>Q3: Voinko merkit\u00e4 henkil\u00f6kohtaiseen k\u00e4ytt\u00f6\u00f6n tarkoitettuja pyykki\u00e4?<\/strong><br \/>\n<strong>A3:<\/strong>\u00a0T\u00e4ysin! N\u00e4it\u00e4 tunnisteita voidaan k\u00e4ytt\u00e4\u00e4 my\u00f6s kotitalouksissa perheen pyykin tehokkaaseen seurantaan.<\/p>\n<h3>Miksi valita meid\u00e4t RFID-ratkaisuihisi?<\/h3>\n<p>Vuosien kokemuksella RFID-tekniikasta tarjoamme korkealaatuisia, kest\u00e4vi\u00e4 ja innovatiivisia pesulateollisuudelle r\u00e4\u00e4t\u00e4l\u00f6ityj\u00e4 ratkaisuja. Tuotteemme on suunniteltu vastaamaan erilaisiin toiminnallisiin tarpeisiin samalla kun s\u00e4ilytet\u00e4\u00e4n kohtuuhintaisuus ja ymp\u00e4rist\u00f6vastuu.<\/p>\n<p>Kutsumme sinut muuttamaan pesulatoimintaasi jo t\u00e4n\u00e4\u00e4n investoimalla liinavaatteisiin tarkoitettuihin UHF RFID -pesutunnisteihimme. Todistettuja tuloksia tehokkuuden parantamisessa, tekstiilien hallinnassa ja vastuullisuuden varmistamisessa, n\u00e4m\u00e4 tunnisteet eiv\u00e4t ole vain investointi teknologiaan, vaan investointi mielenrauhaan.<\/p>\n<h3>Johtop\u00e4\u00e4t\u00f6s<\/h3>\n<p>UHF RFID -teknologian integrointi toimintoihisi parantaa merkitt\u00e4v\u00e4sti tehokkuuttasi ja luotettavuuttasi, kun otat huomioon pyykinhallinnan tulevaisuuden. \u00c4l\u00e4 missaa mahdollisuutta parantaa pyykink\u00e4sittelykyky\u00e4si.<\/p>\n<\/div>","protected":false},"excerpt":{"rendered":"<div class=\"auto-hide-last-sibling-br paragraph_1252f paragraph-element\">Paranna pyykinpesun tehokkuutta kest\u00e4vill\u00e4 UHF RFID -tunnisteilla, jotka on suunniteltu liinavaatteille ja vaatteille. Pest\u00e4v\u00e4, l\u00e4mm\u00f6nkest\u00e4v\u00e4 ja ihanteellinen seurantaan!<\/div>\n<div><\/div>\n<div class=\"auto-hide-last-sibling-br paragraph_1252f paragraph-element\"><\/div>","protected":false},"featured_media":58,"template":"","meta":{"_kad_post_transparent":"default","_kad_post_title":"","_kad_post_layout":"default","_kad_post_sidebar_id":"","_kad_post_content_style":"default","_kad_post_vertical_padding":"default","_kad_post_feature":"","_kad_post_feature_position":"","_kad_post_header":false,"_kad_post_footer":false,"_kad_post_classname":""},"product_brand":[],"product_cat":[19],"product_tag":[25,285,30,28],"class_list":{"0":"post-54","1":"product","2":"type-product","3":"status-publish","4":"has-post-thumbnail","6":"product_cat-textile-rfid-laundry-tag","7":"product_tag-rfid-laundrytags","8":"product_tag-rfid-tag","9":"product_tag-uhf-rfid-laundry-tag","10":"product_tag-washable-rfid-tags","12":"first","13":"instock","14":"shipping-taxable","15":"product-type-simple","16":"entry","17":"content-bg","18":"loop-entry"},"_links":{"self":[{"href":"https:\/\/rfid-laundry-tag.com\/fi\/wp-json\/wp\/v2\/product\/54","targetHints":{"allow":["GET"]}}],"collection":[{"href":"https:\/\/rfid-laundry-tag.com\/fi\/wp-json\/wp\/v2\/product"}],"about":[{"href":"https:\/\/rfid-laundry-tag.com\/fi\/wp-json\/wp\/v2\/types\/product"}],"version-history":[{"count":3,"href":"https:\/\/rfid-laundry-tag.com\/fi\/wp-json\/wp\/v2\/product\/54\/revisions"}],"predecessor-version":[{"id":2684,"href":"https:\/\/rfid-laundry-tag.com\/fi\/wp-json\/wp\/v2\/product\/54\/revisions\/2684"}],"wp:featuredmedia":[{"embeddable":true,"href":"https:\/\/rfid-laundry-tag.com\/fi\/wp-json\/wp\/v2\/media\/58"}],"wp:attachment":[{"href":"https:\/\/rfid-laundry-tag.com\/fi\/wp-json\/wp\/v2\/media?parent=54"}],"wp:term":[{"taxonomy":"product_brand","embeddable":true,"href":"https:\/\/rfid-laundry-tag.com\/fi\/wp-json\/wp\/v2\/product_brand?post=54"},{"taxonomy":"product_cat","embeddable":true,"href":"https:\/\/rfid-laundry-tag.com\/fi\/wp-json\/wp\/v2\/product_cat?post=54"},{"taxonomy":"product_tag","embeddable":true,"href":"https:\/\/rfid-laundry-tag.com\/fi\/wp-json\/wp\/v2\/product_tag?post=54"}],"curies":[{"name":"wp","href":"https:\/\/api.w.org\/{rel}","templated":true}]}}