{"id":49,"date":"2024-06-09T15:22:23","date_gmt":"2024-06-09T15:22:23","guid":{"rendered":"https:\/\/rfid-laundry-tag.com\/?post_type=product&#038;p=49"},"modified":"2024-09-08T05:30:18","modified_gmt":"2024-09-08T05:30:18","slug":"washable-rfid-laundry-tags","status":"publish","type":"product","link":"https:\/\/rfid-laundry-tag.com\/fi\/washable-rfid-laundry-tags\/","title":{"rendered":"Pest\u00e4v\u00e4t RFID-pesutunnisteet"},"content":{"rendered":"<div class=\"auto-hide-last-sibling-br paragraph_1252f paragraph-element\">\n<div>\n<div class=\"auto-hide-last-sibling-br paragraph_1252f paragraph-element\">Pest\u00e4v\u00e4t RFID-pyykkilappumme, jotka tunnetaan my\u00f6s nimell\u00e4 Vaatteiden pest\u00e4v\u00e4t RFID-pyykkitunnisteet, tarjoavat monipuolisen valinnan perinteisiin RFID-pyykinpesulappuihin verrattuna. N\u00e4m\u00e4 erikoissuunnitellut tunnisteet kest\u00e4v\u00e4t yli 50 kotitalouksien pesuohjelmaa, mutta RFID-suorituskyky heikkenee vain v\u00e4h\u00e4n v\u00e4lill\u00e4 10% - 15%. Kustannustehokkaana ratkaisuna n\u00e4m\u00e4 vedenpit\u00e4v\u00e4t RFID-tunnisteet soveltuvat vuokra- ja v\u00e4hitt\u00e4ismyyntitarkoituksiin, kuten vaatteisiin, jalkineisiin ja lakanoihin.<\/div>\n<p>&nbsp;<\/p>\n<div class=\"auto-hide-last-sibling-br paragraph_1252f paragraph-element\">Ainutlaatuisen rakenteen ja RFID-sirun suojauksen ansiosta n\u00e4m\u00e4 tunnisteet osoittavat kimmoisuutta ja kest\u00e4v\u00e4t jopa 50 kotitalouksien pesuohjelmaa. Ne voidaan piilottaa huomaamattomasti saumaan tai liitt\u00e4\u00e4 hoitotarraan, jolloin ne j\u00e4\u00e4v\u00e4t k\u00e4yt\u00e4nn\u00f6ss\u00e4 huomaamatta.<\/div>\n<p>&nbsp;<\/p>\n<div class=\"auto-hide-last-sibling-br paragraph_1252f paragraph-element\">Yksi pest\u00e4viss\u00e4 olevien RFID-pesulappujen erottuva ominaisuus, joka erottaa ne muista pest\u00e4viss\u00e4 olevista pellavalappuista, on ohut, l\u00e4pin\u00e4kyv\u00e4 muotoilu, jonka paksuus on vain 0,55 mm. Se p\u00e4\u00e4ttelee olevansa markkinoiden ohuin. Kaiken kaikkiaan se tarjoaa innovatiivisen UHF RFID -ratkaisun vaatteille, joka tarjoaa sekoituksen kustannustehokkuutta, kest\u00e4vyytt\u00e4 ja huomaamattomuutta.<\/div>\n<div><\/div>\n<\/div>\n<div data-spm-anchor-id=\"a2700.details.0.i57.23b419c7xXORP0\"><span data-spm-anchor-id=\"a2700.details.0.i75.23b419c7xXORP0\"><b>Ominaisuus:<\/b><br \/>\n1) UHF-tekniikka satojen tunnisteiden lukemiseen samanaikaisesti.<br \/>\n2) Yli 8 jalkaa lukuet\u00e4isyys.<br \/>\n3) Uusi mekaaninen muotoilu parantaa litteiden liinavaatteiden suorituskyky\u00e4.<br \/>\n4) Soveltuu korkeapaineimureille 60 bar asti.<br \/>\n5) Soveltuu autoklaavisterilointiin.<br \/>\n6) Pieni, pehme\u00e4, joustava materiaali sopii erinomaisesti tekstiileille, liinavaatteille, vaatteille ja tarvikkeille.<\/span><\/div>\n<\/div>\n<div data-spm-anchor-id=\"a2700.details.0.i57.23b419c7xXORP0\"><\/div>\n<div data-spm-anchor-id=\"a2700.details.0.i57.23b419c7xXORP0\">\n<div class=\"text-title\"><span data-spm-anchor-id=\"a2700.details.0.i77.23b419c7xXORP0\">Fyysinen:<\/span><\/div>\n<div class=\"text-content\" data-spm-anchor-id=\"a2700.details.0.i54.23b419c7xXORP0\">\n<div>Koko: 70 mm \u00d7 15 mm x 1,5 mm<\/div>\n<div>Siru: UHF<\/div>\n<div>Tarran asennustapa: Saumaus, Silitys<\/div>\n<div>Protokolla: ISO18ooo-6C EPC C1G2<\/div>\n<div>Silitys: 15 sekuntia, 210 \u2103<\/div>\n<div>Valotus: 2,5 bar<\/div>\n<div>Kuivaus: 15 minuuttia 180 \u00b0C:ssa<\/div>\n<div><span data-spm-anchor-id=\"a2700.details.0.i78.23b419c7xXORP0\">Pesu: 15 minuuttia 90 asteessa<\/span><\/div>\n<div>Pesujaksot: 200+ jaksoa tai 3 vuotta<br \/>\nS\u00e4ilytystila: -20-80 \u2103, 5-95%RH<\/div>\n<\/div>\n<\/div>\n<h3 class=\"wp-block-heading\">Asennus<\/h3>\n<p><strong>Ommelmerkint\u00e4<\/strong>: Ommellaan tekstiilin helmaan. Ompele pyykkilappu pois taittoviivoista.<br \/>\n<strong>Kuumasaumaus<\/strong>: Kuumasaumattava suoraan tekstiilin p\u00e4\u00e4lle +200\u00b0C:ssa (392\u00b0F), 12-14 s.<br \/>\n<strong>Pussissa<\/strong>: Ommeltava kuten tavallinen hoitotarra. Ompele pyykkilappu pois taittoviivoista.<\/p>\n<div class=\"auto-hide-last-sibling-br paragraph_1252f paragraph-element\">Pest\u00e4v\u00e4t RFID-pesutunnisteet ovat olennainen osa useilla toimialoilla, mik\u00e4 mahdollistaa tehokkaan omaisuuden seurannan, varastonhallinnan ja parantaa yleist\u00e4 toiminnan tuottavuutta. T\u00e4ss\u00e4 on joitain sen sovelluksia eri aloilla:<\/div>\n<ol class=\"auto-hide-last-sibling-br\">\n<li>\n<div class=\"auto-hide-last-sibling-br paragraph_1252f paragraph-element\"><strong>Terveydenhuolto<\/strong>: Sairaalat ja muut l\u00e4\u00e4ketieteelliset laitokset k\u00e4ytt\u00e4v\u00e4t RFID-liinavaatteita hallitakseen valtavia lakanoiden, pyyhkeiden, pensaiden, univormujen ja kirurgisten liinavaatteiden varastoja. T\u00e4m\u00e4 auttaa v\u00e4hent\u00e4m\u00e4\u00e4n h\u00e4vikki\u00e4, hallitsemaan pesujaksoja ja varmistamaan, ett\u00e4 puhtaat, tuoreet liinavaatteet ovat aina saatavilla tarpeen mukaan.<\/div>\n<\/li>\n<li>\n<div class=\"auto-hide-last-sibling-br paragraph_1252f paragraph-element\"><strong>Hotellit<\/strong>: Liinavaatteiden hallinta on valtava teht\u00e4v\u00e4 hotellialalla, jossa liikkeess\u00e4 on tuhansia esineit\u00e4 vuodevaatteista pyyhkeisiin verhoihin ja kylpytakkeihin. RFID-liinavaatteet yksinkertaistavat seurantaa, varmistavat oikea-aikaisen puhdistuksen ja vaihdon sek\u00e4 auttavat havaitsemaan ja ehk\u00e4isem\u00e4\u00e4n varkauksia.<\/div>\n<\/li>\n<li>\n<div class=\"auto-hide-last-sibling-br paragraph_1252f paragraph-element\"><strong>Ravintolat<\/strong>: Ruokapalvelualalla RFID-tunnisteet voivat valvoa univormujen, p\u00f6yt\u00e4liinojen, lautasliinojen ja kokin esiliinojen k\u00e4ytt\u00f6\u00e4 ja puhdistusta. T\u00e4m\u00e4 voi parantaa puhtausstandardeja ja auttaa s\u00e4ilytt\u00e4m\u00e4\u00e4n kiillotetun, ammattimaisen ulkon\u00e4\u00f6n.<\/div>\n<\/li>\n<li>\n<div class=\"auto-hide-last-sibling-br paragraph_1252f paragraph-element\"><strong>Muotivaateteollisuus<\/strong>: RFID-tunnisteilla on valtava rooli tuotteiden seurannassa koko toimitusketjussa tuotannosta v\u00e4hitt\u00e4ismyyntiin. Ne voivat tarjota arvokasta tietoa, kuten alkuper\u00e4\u00e4, matkahistoriaa ja jopa yksityiskohtia kankaasta ja hoito-ohjeista.<\/div>\n<\/li>\n<li>\n<div class=\"auto-hide-last-sibling-br paragraph_1252f paragraph-element\"><strong>Ty\u00f6vaatteet\/paloa hidastavat vaatteet<\/strong>: Yritykset voivat k\u00e4ytt\u00e4\u00e4 RFID-tunnisteita erikoisvaatteiden seurantaan ja hallintaan. T\u00e4h\u00e4n voi kuulua sen varmistaminen, ett\u00e4 palonestoaineet tai muut suojavaatteet tarkastetaan s\u00e4\u00e4nn\u00f6llisesti, puhdistetaan asianmukaisesti ja vaihdetaan tarvittaessa.<\/div>\n<\/li>\n<li>\n<div class=\"auto-hide-last-sibling-br paragraph_1252f paragraph-element\"><strong>Jalkineet ja naamarit<\/strong>: Erityisen t\u00e4rke\u00e4\u00e4 terveydenhuollon ja rakentamisen kaltaisilla aloilla, joilla turvallisuus on kriittist\u00e4, k\u00e4yt\u00f6n seurantaa, puhdistusta ja huoltoa, kuten maskeja ja turvajalkineita, voidaan yksinkertaistaa k\u00e4ytt\u00e4m\u00e4ll\u00e4 RFID-tunnisteita.<\/div>\n<\/li>\n<li>\n<div class=\"auto-hide-last-sibling-br paragraph_1252f paragraph-element\"><strong>Matot ja mopit<\/strong>: Yrityksille, jotka tarjoavat siivouspalveluita tai hallinnoivat suuria tiloja, mattojen ja moppien RFID-tunnisteet voivat auttaa seuraamaan k\u00e4ytt\u00f6\u00e4 ja huoltoa ja varmistamaan aina puhtaat ja tehokkaat ty\u00f6kalut.<\/div>\n<\/li>\n<\/ol>","protected":false},"excerpt":{"rendered":"<div class=\"auto-hide-last-sibling-br paragraph_1252f paragraph-element\">Pest\u00e4v\u00e4t RFID-pesulappumme, jotka tunnetaan my\u00f6s nimell\u00e4 RFID-pellavatunnisteet, ovat pehmeyden ja lujuuden yhdistelm\u00e4, ja ne on valmistettu joustavasta kumisesta ulkopinnasta. Ne ovat vaatelappuja, jotka on suunniteltu sek\u00e4 joustaviksi ett\u00e4 kest\u00e4viksi \u2013 ne kest\u00e4v\u00e4t jopa 200 pesukertaa ja jopa 60 baarin painetta.<\/div>\n<div class=\"auto-hide-last-sibling-br paragraph_1252f paragraph-element\">UHF RFID -pyykkitunnisteemme ovat tunnettuja ylivoimaisista massalukuominaisuuksistaan, jotka voidaan havaita useiden metrien p\u00e4\u00e4st\u00e4 tehokkaasti. Niiden mitat vaihtelevat 1,5\u20133 tuumaa pituudelta ja puolen\u20131 tuuman leveydelt\u00e4 erilaisten vaatimusten mukaisesti.<\/div>\n<div class=\"auto-hide-last-sibling-br paragraph_1252f paragraph-element\">N\u00e4it\u00e4 pest\u00e4vi\u00e4 RFID-tunnisteita k\u00e4ytet\u00e4\u00e4n usein l\u00e4\u00e4ketieteen alalla, ja ne kiinnitet\u00e4\u00e4n usein l\u00e4\u00e4k\u00e4reiden ja sairaanhoitajien k\u00e4ytt\u00e4miin kuorinta-aineisiin. Lis\u00e4ksi he l\u00f6yt\u00e4v\u00e4t k\u00e4ytt\u00f6kohteita muiden ammattiasujen, pukujen ja vuokrattavien esineiden, kuten mattojen, kanssa. T\u00e4m\u00e4 monipuolisuus ja kest\u00e4vyys tekev\u00e4t niist\u00e4 ihanteellisen valinnan erilaisiin ymp\u00e4rist\u00f6ihin.<\/div>","protected":false},"featured_media":51,"template":"","meta":{"_kad_post_transparent":"default","_kad_post_title":"","_kad_post_layout":"default","_kad_post_sidebar_id":"","_kad_post_content_style":"default","_kad_post_vertical_padding":"default","_kad_post_feature":"","_kad_post_feature_position":"","_kad_post_header":false,"_kad_post_footer":false,"_kad_post_classname":""},"product_brand":[],"product_cat":[19,16],"product_tag":[25,27,29,28],"class_list":{"0":"post-49","1":"product","2":"type-product","3":"status-publish","4":"has-post-thumbnail","6":"product_cat-textile-rfid-laundry-tag","7":"product_cat-uhf-rfid-laundry-tags","8":"product_tag-rfid-laundrytags","9":"product_tag-uhf-rfid-textile-laundry-tag","10":"product_tag-washable-rfid-laundry-tags","11":"product_tag-washable-rfid-tags","13":"first","14":"instock","15":"shipping-taxable","16":"product-type-simple","17":"entry","18":"content-bg","19":"loop-entry"},"_links":{"self":[{"href":"https:\/\/rfid-laundry-tag.com\/fi\/wp-json\/wp\/v2\/product\/49","targetHints":{"allow":["GET"]}}],"collection":[{"href":"https:\/\/rfid-laundry-tag.com\/fi\/wp-json\/wp\/v2\/product"}],"about":[{"href":"https:\/\/rfid-laundry-tag.com\/fi\/wp-json\/wp\/v2\/types\/product"}],"version-history":[{"count":1,"href":"https:\/\/rfid-laundry-tag.com\/fi\/wp-json\/wp\/v2\/product\/49\/revisions"}],"predecessor-version":[{"id":1954,"href":"https:\/\/rfid-laundry-tag.com\/fi\/wp-json\/wp\/v2\/product\/49\/revisions\/1954"}],"wp:featuredmedia":[{"embeddable":true,"href":"https:\/\/rfid-laundry-tag.com\/fi\/wp-json\/wp\/v2\/media\/51"}],"wp:attachment":[{"href":"https:\/\/rfid-laundry-tag.com\/fi\/wp-json\/wp\/v2\/media?parent=49"}],"wp:term":[{"taxonomy":"product_brand","embeddable":true,"href":"https:\/\/rfid-laundry-tag.com\/fi\/wp-json\/wp\/v2\/product_brand?post=49"},{"taxonomy":"product_cat","embeddable":true,"href":"https:\/\/rfid-laundry-tag.com\/fi\/wp-json\/wp\/v2\/product_cat?post=49"},{"taxonomy":"product_tag","embeddable":true,"href":"https:\/\/rfid-laundry-tag.com\/fi\/wp-json\/wp\/v2\/product_tag?post=49"}],"curies":[{"name":"wp","href":"https:\/\/api.w.org\/{rel}","templated":true}]}}