{"id":47,"date":"2024-06-09T14:50:05","date_gmt":"2024-06-09T14:50:05","guid":{"rendered":"https:\/\/rfid-laundry-tag.com\/?post_type=product&#038;p=47"},"modified":"2024-09-08T05:41:36","modified_gmt":"2024-09-08T05:41:36","slug":"washable-rfid-tags","status":"publish","type":"product","link":"https:\/\/rfid-laundry-tag.com\/fi\/washable-rfid-tags\/","title":{"rendered":"Pest\u00e4v\u00e4t RFID-tunnisteet"},"content":{"rendered":"<p><strong>Pest\u00e4v\u00e4t RFID-tunnisteet<\/strong><\/p>\n<div class=\"auto-hide-last-sibling-br paragraph_1252f paragraph-element\">\n<div class=\"auto-hide-last-sibling-br paragraph_1252f paragraph-element\">Vaatteiden pest\u00e4v\u00e4 RFID-tunniste on monipuolinen vaihtoehto perinteisille RFID-pyykinpesutunnisteille, ja se on erityisesti suunniteltu kest\u00e4m\u00e4\u00e4n yli 50 kotitalouksien pesujaksoa vain minimaalisella RFID-suorituskyvyn heikkenemisell\u00e4 (10% - 15%). T\u00e4m\u00e4 vedenpit\u00e4v\u00e4 RFID-tunniste on ihanteellinen kustannustehokas ratkaisu, ja se on t\u00e4ydellinen vaatteiden, jalkineiden ja lakanoiden vuokraukseen ja v\u00e4hitt\u00e4ismyyntiin.<\/div>\n<div><\/div>\n<div class=\"auto-hide-last-sibling-br paragraph_1252f paragraph-element\">Ainutlaatuisen rakenteen ja RFID-sirun suojamekanismin ansiosta t\u00e4m\u00e4 tunniste kest\u00e4\u00e4 yli 50 kotitalouden pesujaksoa. Se voidaan ty\u00f6nt\u00e4\u00e4 huomaamattomasti saumaan tai sujauttaa hoitotarraan, jolloin se on k\u00e4yt\u00e4nn\u00f6ss\u00e4 huomaamaton.<\/div>\n<p>&nbsp;<\/p>\n<div class=\"auto-hide-last-sibling-br paragraph_1252f paragraph-element\">T\u00e4m\u00e4n UHF RFID -tunnisteen erottaa muista pest\u00e4v\u00e4st\u00e4 pellavatunnisteesta sen ohut 0,55 mm l\u00e4pin\u00e4kyv\u00e4 muotoilu, mik\u00e4 tekee siit\u00e4 markkinoiden ohuimman. Kaiken kaikkiaan t\u00e4m\u00e4 on innovatiivinen UHF RFID -ratkaisu vaatteille, joka tarjoaa kustannustehokkuutta, kest\u00e4vyytt\u00e4 ja harkintaa.<\/div>\n<div><\/div>\n<div data-spm-anchor-id=\"a2700.details.0.i57.23b419c7xXORP0\"><span data-spm-anchor-id=\"a2700.details.0.i75.23b419c7xXORP0\"><b>Ominaisuus:<\/b><br \/>\n1) UHF-tekniikka satojen tunnisteiden lukemiseen samanaikaisesti.<br \/>\n2) Yli 8 jalkaa lukuet\u00e4isyys.<br \/>\n3) Uusi mekaaninen muotoilu parantaa litteiden liinavaatteiden suorituskyky\u00e4.<br \/>\n4) Soveltuu korkeapaineimureille 60 bar asti.<br \/>\n5) Soveltuu autoklaavisterilointiin.<br \/>\n6) Pieni, pehme\u00e4, joustava materiaali sopii erinomaisesti tekstiileille, liinavaatteille, vaatteille ja tarvikkeille.<\/span><\/div>\n<\/div>\n<div data-spm-anchor-id=\"a2700.details.0.i57.23b419c7xXORP0\"><\/div>\n<div data-spm-anchor-id=\"a2700.details.0.i57.23b419c7xXORP0\">\n<div class=\"text-title\"><span data-spm-anchor-id=\"a2700.details.0.i77.23b419c7xXORP0\">Fyysinen:<\/span><\/div>\n<div class=\"text-content\" data-spm-anchor-id=\"a2700.details.0.i54.23b419c7xXORP0\">\n<p>Materiaali: 100% polyesteri<\/p>\n<div>Koko: 70 mm \u00d7 15 mm x 1,5 mm<\/div>\n<div>Siru: UHF<\/div>\n<div>Tarran asennustapa: Saumaus, Silitys<\/div>\n<div>Protokolla: ISO18ooo-6C EPC C1G2<\/div>\n<div>Silitys: 15 sekuntia, 210 \u2103<\/div>\n<div>Valotus: 2,5 bar<\/div>\n<div>Kuivaus: 15 minuuttia 180 \u00b0C:ssa<\/div>\n<div><span data-spm-anchor-id=\"a2700.details.0.i78.23b419c7xXORP0\">Pesu: 15 minuuttia 90 asteessa<\/span><\/div>\n<div>Pesujaksot: 200+ jaksoa tai 3 vuotta<br \/>\nS\u00e4ilytystila: -20-80 \u2103, 5-95%RH<\/div>\n<\/div>\n<\/div>\n<h3 class=\"wp-block-heading\">Asennus<\/h3>\n<p><strong>Ommelmerkint\u00e4<\/strong>: Ommellaan tekstiilin helmaan. Ompele pyykkilappu pois taittoviivoista.<br \/>\n<strong>Kuumasaumaus<\/strong>: Kuumasaumattava suoraan tekstiilin p\u00e4\u00e4lle +200\u00b0C:ssa (392\u00b0F), 12-14 s.<br \/>\n<strong>Pussissa<\/strong>: Ommeltava kuten tavallinen hoitotarra. Ompele pyykkilappu pois taittoviivoista.<\/p>\n<div class=\"auto-hide-last-sibling-br paragraph_1252f paragraph-element\">Pest\u00e4v\u00e4t RFID-tunnisteet ovat olennainen osa useilla toimialoilla, ja ne tarjoavat tehokkaan omaisuuden seurannan, varastonhallinnan ja parantavat yleist\u00e4 toiminnan tuottavuutta. T\u00e4ss\u00e4 on joitain sen sovelluksia eri aloilla:<\/div>\n<ol class=\"auto-hide-last-sibling-br\">\n<li>\n<div class=\"auto-hide-last-sibling-br paragraph_1252f paragraph-element\"><strong>Terveydenhuolto<\/strong>: Sairaalat ja muut l\u00e4\u00e4ketieteelliset laitokset k\u00e4ytt\u00e4v\u00e4t RFID-liinavaatteita hallitakseen valtavia lakanoiden, pyyhkeiden, pensaiden, univormujen ja kirurgisten liinavaatteiden varastoja. T\u00e4m\u00e4 auttaa v\u00e4hent\u00e4m\u00e4\u00e4n h\u00e4vikki\u00e4, hallitsemaan pesujaksoja ja varmistamaan, ett\u00e4 puhtaat, tuoreet liinavaatteet ovat aina saatavilla tarpeen mukaan.<\/div>\n<\/li>\n<li>\n<div class=\"auto-hide-last-sibling-br paragraph_1252f paragraph-element\"><strong>Hotellit<\/strong>: Liinavaatteiden hallinta on valtava teht\u00e4v\u00e4 hotellialalla, jossa liikkeess\u00e4 on tuhansia esineit\u00e4 vuodevaatteista pyyhkeisiin verhoihin ja kylpytakkeihin. RFID-liinavaatteet yksinkertaistavat seurantaa, varmistavat oikea-aikaisen puhdistuksen ja vaihdon sek\u00e4 auttavat havaitsemaan ja ehk\u00e4isem\u00e4\u00e4n varkauksia.<\/div>\n<\/li>\n<li>\n<div class=\"auto-hide-last-sibling-br paragraph_1252f paragraph-element\"><strong>Ravintolat<\/strong>: Ruokapalvelualalla RFID-tunnisteet voivat valvoa univormujen, p\u00f6yt\u00e4liinojen, lautasliinojen ja kokin esiliinojen k\u00e4ytt\u00f6\u00e4 ja puhdistusta. T\u00e4m\u00e4 voi parantaa puhtausstandardeja ja auttaa s\u00e4ilytt\u00e4m\u00e4\u00e4n kiillotetun, ammattimaisen ulkon\u00e4\u00f6n.<\/div>\n<\/li>\n<li>\n<div class=\"auto-hide-last-sibling-br paragraph_1252f paragraph-element\"><strong>Muotivaateteollisuus<\/strong>: RFID-tunnisteilla on valtava rooli tuotteiden seurannassa koko toimitusketjussa tuotannosta v\u00e4hitt\u00e4ismyyntiin. Ne voivat tarjota arvokasta tietoa, kuten alkuper\u00e4\u00e4, matkahistoriaa ja jopa yksityiskohtia kankaasta ja hoito-ohjeista.<\/div>\n<\/li>\n<li>\n<div class=\"auto-hide-last-sibling-br paragraph_1252f paragraph-element\"><strong>Ty\u00f6vaatteet\/paloa hidastavat vaatteet<\/strong>: Yritykset voivat k\u00e4ytt\u00e4\u00e4 RFID-tunnisteita erikoisvaatteiden seurantaan ja hallintaan. T\u00e4h\u00e4n voi kuulua sen varmistaminen, ett\u00e4 palonestoaineet tai muut suojavaatteet tarkastetaan s\u00e4\u00e4nn\u00f6llisesti, puhdistetaan asianmukaisesti ja vaihdetaan tarvittaessa.<\/div>\n<\/li>\n<li>\n<div class=\"auto-hide-last-sibling-br paragraph_1252f paragraph-element\"><strong>Jalkineet ja naamarit<\/strong>: Erityisen t\u00e4rke\u00e4\u00e4 terveydenhuollon ja rakentamisen kaltaisilla aloilla, joilla turvallisuus on kriittist\u00e4, k\u00e4yt\u00f6n seurantaa, puhdistusta ja huoltoa, kuten maskeja ja turvajalkineita, voidaan yksinkertaistaa k\u00e4ytt\u00e4m\u00e4ll\u00e4 RFID-tunnisteita.<\/div>\n<\/li>\n<li>\n<div class=\"auto-hide-last-sibling-br paragraph_1252f paragraph-element\"><strong>Matot ja mopit<\/strong>: Yrityksille, jotka tarjoavat siivouspalveluita tai hallinnoivat suuria tiloja, mattojen ja moppien RFID-tunnisteet voivat auttaa seuraamaan k\u00e4ytt\u00f6\u00e4 ja huoltoa ja varmistamaan aina puhtaat ja tehokkaat ty\u00f6kalut.<\/div>\n<\/li>\n<\/ol>","protected":false},"excerpt":{"rendered":"<p>Pest\u00e4v\u00e4t RFID-tunnisteet, joita usein kutsutaan RFID-pellavatunnisteiksi, on valmistettu hell\u00e4varaisesta mutta tukevasta kumisesta ulkopinnasta. N\u00e4m\u00e4 ovat vaatelappuja, jotka on suunniteltu joustaviksi ja kest\u00e4viksi, ja ne kest\u00e4v\u00e4t jopa 200 pesukertaa ja jopa 60 baarin paineita. UHF RFID -pyykkitunnisteemme ovat erinomaisia massalukemissa, jotka tunnistetaan tehokkaasti useiden metrien p\u00e4\u00e4st\u00e4. Niiden mitat vaihtelevat v\u00e4lill\u00e4 1,5 - 3 tuumaa pitk\u00e4 ja puoli tuumaa - 1 tuumaa leve\u00e4. N\u00e4m\u00e4 pest\u00e4v\u00e4t RFID-tunnisteet ovat yleisess\u00e4 k\u00e4yt\u00f6ss\u00e4 l\u00e4\u00e4ketieteen alalla, ja ne kiinnitet\u00e4\u00e4n usein l\u00e4\u00e4k\u00e4reiden ja sairaanhoitajien k\u00e4ytt\u00e4miin kuorinta-aineisiin sek\u00e4 muihin ammattiasuihin, asuihin ja vuokrattaviin esineisiin, kuten matoihin.<\/p>","protected":false},"featured_media":48,"template":"","meta":{"_kad_post_transparent":"default","_kad_post_title":"","_kad_post_layout":"default","_kad_post_sidebar_id":"","_kad_post_content_style":"default","_kad_post_vertical_padding":"default","_kad_post_feature":"","_kad_post_feature_position":"","_kad_post_header":false,"_kad_post_footer":false,"_kad_post_classname":""},"product_brand":[],"product_cat":[19,16],"product_tag":[25,27,28],"class_list":{"0":"post-47","1":"product","2":"type-product","3":"status-publish","4":"has-post-thumbnail","6":"product_cat-textile-rfid-laundry-tag","7":"product_cat-uhf-rfid-laundry-tags","8":"product_tag-rfid-laundrytags","9":"product_tag-uhf-rfid-textile-laundry-tag","10":"product_tag-washable-rfid-tags","12":"first","13":"instock","14":"shipping-taxable","15":"product-type-simple","16":"entry","17":"content-bg","18":"loop-entry"},"_links":{"self":[{"href":"https:\/\/rfid-laundry-tag.com\/fi\/wp-json\/wp\/v2\/product\/47","targetHints":{"allow":["GET"]}}],"collection":[{"href":"https:\/\/rfid-laundry-tag.com\/fi\/wp-json\/wp\/v2\/product"}],"about":[{"href":"https:\/\/rfid-laundry-tag.com\/fi\/wp-json\/wp\/v2\/types\/product"}],"version-history":[{"count":1,"href":"https:\/\/rfid-laundry-tag.com\/fi\/wp-json\/wp\/v2\/product\/47\/revisions"}],"predecessor-version":[{"id":1969,"href":"https:\/\/rfid-laundry-tag.com\/fi\/wp-json\/wp\/v2\/product\/47\/revisions\/1969"}],"wp:featuredmedia":[{"embeddable":true,"href":"https:\/\/rfid-laundry-tag.com\/fi\/wp-json\/wp\/v2\/media\/48"}],"wp:attachment":[{"href":"https:\/\/rfid-laundry-tag.com\/fi\/wp-json\/wp\/v2\/media?parent=47"}],"wp:term":[{"taxonomy":"product_brand","embeddable":true,"href":"https:\/\/rfid-laundry-tag.com\/fi\/wp-json\/wp\/v2\/product_brand?post=47"},{"taxonomy":"product_cat","embeddable":true,"href":"https:\/\/rfid-laundry-tag.com\/fi\/wp-json\/wp\/v2\/product_cat?post=47"},{"taxonomy":"product_tag","embeddable":true,"href":"https:\/\/rfid-laundry-tag.com\/fi\/wp-json\/wp\/v2\/product_tag?post=47"}],"curies":[{"name":"wp","href":"https:\/\/api.w.org\/{rel}","templated":true}]}}