{"id":40,"date":"2024-06-03T15:49:08","date_gmt":"2024-06-03T15:49:08","guid":{"rendered":"https:\/\/rfid-laundry-tag.com\/?post_type=product&#038;p=40"},"modified":"2024-09-08T05:31:52","modified_gmt":"2024-09-08T05:31:52","slug":"washable-uhf-rfid-laundry-tag","status":"publish","type":"product","link":"https:\/\/rfid-laundry-tag.com\/fi\/washable-uhf-rfid-laundry-tag\/","title":{"rendered":"Pest\u00e4v\u00e4 UHF RFID -pesulappu"},"content":{"rendered":"<h2>Pest\u00e4v\u00e4 <strong>UHF<\/strong> RFID-pesutunniste<\/h2>\n<p>Tekstiilimateriaalista valmistettu RFID-pesutunniste, jonka mitat ovat 70*15 mm ja varustettu NXP U CODE 9 -sirulla, on virtaviivainen ty\u00f6kalu, joka on suunniteltu tekstiilien, kuten liinavaatteiden, univormujen, pyyhkeiden ja muiden, tehokkaaseen seurantaan ja hallintaan.<\/p>\n<div class=\"auto-hide-last-sibling-br paragraph_1252f paragraph-element\">Avainominaisuudet:<\/div>\n<ol class=\"auto-hide-last-sibling-br\">\n<li>\n<div class=\"auto-hide-last-sibling-br paragraph_1252f paragraph-element\"><strong>Materiaali &amp; koko<\/strong>: T\u00e4m\u00e4 RFID-tunniste on valmistettu tekstiiliyst\u00e4v\u00e4llisest\u00e4 materiaalista ja sen mitat ovat 70 mm x 15 mm. Koko on ihanteellinen erilaisten kankaiden huomaamattomasti merkitsemiseen vaikuttamatta niiden esteettisiin tai tuntoominaisuuksiin.<\/div>\n<\/li>\n<li>\n<div class=\"auto-hide-last-sibling-br paragraph_1252f paragraph-element\"><strong>RFID-siru<\/strong>: Sis\u00e4\u00e4nrakennettu NXP U CODE 9 -siru varmistaa korkean suorituskyvyn ja luotettavan toiminnan. T\u00e4m\u00e4 mikrosiru helpottaa pitk\u00e4n matkan tiedonsiirtoa ja siin\u00e4 on laaja muistikapasiteetti tavaratietojen tallentamista varten.<\/div>\n<\/li>\n<li>\n<div class=\"auto-hide-last-sibling-br paragraph_1252f paragraph-element\"><strong>Kest\u00e4vyys<\/strong>: Pehme\u00e4st\u00e4 ja joustavasta tekstiilirakenteesta huolimatta t\u00e4m\u00e4 RFID-pesutunniste on suunniteltu kest\u00e4m\u00e4\u00e4n voimakkaita pesu-, silitys- ja puristusprosesseja. Se kest\u00e4\u00e4 vett\u00e4, l\u00e4mp\u00f6\u00e4 ja painetta, s\u00e4ilytt\u00e4en eheytens\u00e4 ja toimintansa toistuvista teollisista pesukerroista huolimatta.<\/div>\n<\/li>\n<li>\n<div class=\"auto-hide-last-sibling-br paragraph_1252f paragraph-element\"><strong>Tehokkuus<\/strong>: NXP U CODE 9 -sirutekniikka mahdollistaa tunnisteen nopean ja tarkan skannauksen jopa joukkolukemisskenaarioissa. T\u00e4m\u00e4 johtaa nopeaan k\u00e4sittelyyn, lyhent\u00e4\u00e4 k\u00e4ytt\u00f6aikaa ja parantaa tuottavuutta tekstiilien hallinnassa.<\/div>\n<\/li>\n<li>\n<div class=\"auto-hide-last-sibling-br paragraph_1252f paragraph-element\"><strong>Sovellus<\/strong>: Ensisijaisesti n\u00e4m\u00e4 RFID-tunnisteet ommellaan tai kuumasaumataan tekstiileihin ennen kuin ne otetaan k\u00e4ytt\u00f6\u00f6n. Kun se on liitetty, automaattinen varastonhallinta, prosessinhallinta ja h\u00e4vikkien est\u00e4minen voidaan helpottaa helposti n\u00e4iden tunnisteiden tarjoaman langattoman seurantatoiminnon ansiosta.<\/div>\n<\/li>\n<\/ol>\n<h3 class=\"wp-block-heading\">Asennus<\/h3>\n<p><strong>Ommelmerkint\u00e4<\/strong>: Ommellaan tekstiilin helmaan. Ompele pyykkilappu pois taittoviivoista.<br \/>\n<strong>Kuumasaumaus<\/strong>: Kuumasaumattava suoraan tekstiilin p\u00e4\u00e4lle +200\u00b0C:ssa (392\u00b0F), 12-14 s.<br \/>\n<strong>Pussissa<\/strong>: Ommeltava kuten tavallinen hoitotarra. Ompele pyykkilappu pois taittoviivoista.<\/p>\n<figure id=\"attachment_42\" aria-describedby=\"caption-attachment-42\" style=\"width: 718px\" class=\"wp-caption alignnone\"><img fetchpriority=\"high\" decoding=\"async\" class=\"wp-image-42\" src=\"https:\/\/rfid-laundry-tag.com\/wp-content\/uploads\/2024\/06\/srchttp___cbu01.alicdn.com_img_ibank_2019_649_165_12443561946_2073715636.jpgreferhttp___cbu01.alicdn-300x160.webp\" alt=\"Washable UHF RFID Laundry Tag\" width=\"718\" height=\"383\" srcset=\"https:\/\/rfid-laundry-tag.com\/wp-content\/uploads\/2024\/06\/srchttp___cbu01.alicdn.com_img_ibank_2019_649_165_12443561946_2073715636.jpgreferhttp___cbu01.alicdn-300x160.webp 300w, https:\/\/rfid-laundry-tag.com\/wp-content\/uploads\/2024\/06\/srchttp___cbu01.alicdn.com_img_ibank_2019_649_165_12443561946_2073715636.jpgreferhttp___cbu01.alicdn-600x320.webp 600w, https:\/\/rfid-laundry-tag.com\/wp-content\/uploads\/2024\/06\/srchttp___cbu01.alicdn.com_img_ibank_2019_649_165_12443561946_2073715636.jpgreferhttp___cbu01.alicdn-18x10.webp 18w, https:\/\/rfid-laundry-tag.com\/wp-content\/uploads\/2024\/06\/srchttp___cbu01.alicdn.com_img_ibank_2019_649_165_12443561946_2073715636.jpgreferhttp___cbu01.alicdn.webp 750w\" sizes=\"(max-width: 718px) 100vw, 718px\" \/><figcaption id=\"caption-attachment-42\" class=\"wp-caption-text\">Pest\u00e4v\u00e4 UHF RFID -pesulappu<\/figcaption><\/figure>\n<div class=\"auto-hide-last-sibling-br paragraph_1252f paragraph-element\"><strong>RFID pellavatunnisteet<\/strong> ovat olennainen osa useilla toimialoilla, jotka tarjoavat tehokkaan omaisuuden seurannan, varastonhallinnan ja parantavat yleist\u00e4 toiminnan tuottavuutta. T\u00e4ss\u00e4 on joitain sen sovelluksia eri aloilla:<\/div>\n<ol class=\"auto-hide-last-sibling-br\">\n<li>\n<div class=\"auto-hide-last-sibling-br paragraph_1252f paragraph-element\"><strong>Terveydenhuolto<\/strong>: Sairaalat ja muut l\u00e4\u00e4ketieteelliset laitokset k\u00e4ytt\u00e4v\u00e4t RFID-liinavaatteita hallitakseen valtavia lakanoiden, pyyhkeiden, pensaiden, univormujen ja kirurgisten liinavaatteiden varastoja. T\u00e4m\u00e4 auttaa v\u00e4hent\u00e4m\u00e4\u00e4n h\u00e4vikki\u00e4, hallitsemaan pesujaksoja ja varmistamaan, ett\u00e4 puhtaat, tuoreet liinavaatteet ovat aina saatavilla tarpeen mukaan.<\/div>\n<\/li>\n<li>\n<div class=\"auto-hide-last-sibling-br paragraph_1252f paragraph-element\"><strong>Hotellit<\/strong>: Liinavaatteiden hallinta on valtava teht\u00e4v\u00e4 hotellialalla, jossa liikkeess\u00e4 on tuhansia esineit\u00e4 vuodevaatteista pyyhkeisiin verhoihin ja kylpytakkeihin. RFID-liinavaatteet yksinkertaistavat seurantaa, varmistavat oikea-aikaisen puhdistuksen ja vaihdon sek\u00e4 auttavat havaitsemaan ja ehk\u00e4isem\u00e4\u00e4n varkauksia.<\/div>\n<\/li>\n<li>\n<div class=\"auto-hide-last-sibling-br paragraph_1252f paragraph-element\"><strong>Ravintolat<\/strong>: Ruokapalvelualalla RFID-tunnisteet voivat valvoa univormujen, p\u00f6yt\u00e4liinojen, lautasliinojen ja kokin esiliinojen k\u00e4ytt\u00f6\u00e4 ja puhdistusta. T\u00e4m\u00e4 voi parantaa puhtausstandardeja ja auttaa s\u00e4ilytt\u00e4m\u00e4\u00e4n kiillotetun, ammattimaisen ulkon\u00e4\u00f6n.<\/div>\n<\/li>\n<li>\n<div class=\"auto-hide-last-sibling-br paragraph_1252f paragraph-element\"><strong>Muotivaateteollisuus<\/strong>: RFID-tunnisteilla on valtava rooli tuotteiden seurannassa koko toimitusketjussa tuotannosta v\u00e4hitt\u00e4ismyyntiin. Ne voivat tarjota arvokasta tietoa, kuten alkuper\u00e4\u00e4, matkahistoriaa ja jopa yksityiskohtia kankaasta ja hoito-ohjeista.<\/div>\n<\/li>\n<li>\n<div class=\"auto-hide-last-sibling-br paragraph_1252f paragraph-element\"><strong>Ty\u00f6vaatteet\/paloa hidastavat vaatteet<\/strong>: Yritykset voivat k\u00e4ytt\u00e4\u00e4 RFID-tunnisteita erikoisvaatteiden seurantaan ja hallintaan. T\u00e4h\u00e4n voi kuulua sen varmistaminen, ett\u00e4 palonestoaineet tai muut suojavaatteet tarkastetaan s\u00e4\u00e4nn\u00f6llisesti, puhdistetaan asianmukaisesti ja vaihdetaan tarvittaessa.<\/div>\n<\/li>\n<li>\n<div class=\"auto-hide-last-sibling-br paragraph_1252f paragraph-element\"><strong>Jalkineet ja naamarit<\/strong>: Erityisen t\u00e4rke\u00e4\u00e4 terveydenhuollon ja rakentamisen kaltaisilla aloilla, joilla turvallisuus on kriittist\u00e4, k\u00e4yt\u00f6n seurantaa, puhdistusta ja huoltoa, kuten maskeja ja turvajalkineita, voidaan yksinkertaistaa k\u00e4ytt\u00e4m\u00e4ll\u00e4 RFID-tunnisteita.<\/div>\n<\/li>\n<li>\n<div class=\"auto-hide-last-sibling-br paragraph_1252f paragraph-element\"><strong>Matot ja mopit<\/strong>: Yrityksille, jotka tarjoavat siivouspalveluita tai hallinnoivat suuria tiloja, mattojen ja moppien RFID-tunnisteet voivat auttaa seuraamaan k\u00e4ytt\u00f6\u00e4 ja huoltoa ja varmistamaan aina puhtaat ja tehokkaat ty\u00f6kalut.<\/div>\n<\/li>\n<\/ol>","protected":false},"excerpt":{"rendered":"<h3 class=\"wp-block-heading\">Pest\u00e4v\u00e4 UHF RFID -pesulappu<\/h3>\n<p>1, joustava, ohut, sile\u00e4 ja kest\u00e4v\u00e4.<br \/>\n2, Pitk\u00e4 lukuet\u00e4isyys ja massalukusuorituskyky.<br \/>\n3, taattu 200 pesujaksolle steriloinnilla, vedenpoistolla, silitysraudan l\u00e4mp\u00f6k\u00e4sittelyll\u00e4 60 baarin paineella, 200 \u00b0C l\u00e4mmitys.<br \/>\n4, sopii ompelemiseen, kuumasaumaukseen, pussitukseen tai ripustamiseen.<br \/>\n5, On Demand -palvelu: laserlogo EPC-koodauksella RFID-sirussa.<\/p>","protected":false},"featured_media":41,"template":"","meta":{"_kad_post_transparent":"default","_kad_post_title":"","_kad_post_layout":"default","_kad_post_sidebar_id":"","_kad_post_content_style":"default","_kad_post_vertical_padding":"default","_kad_post_feature":"","_kad_post_feature_position":"","_kad_post_header":false,"_kad_post_footer":false,"_kad_post_classname":""},"product_brand":[],"product_cat":[19,16],"product_tag":[25,23,26],"class_list":{"0":"post-40","1":"product","2":"type-product","3":"status-publish","4":"has-post-thumbnail","6":"product_cat-textile-rfid-laundry-tag","7":"product_cat-uhf-rfid-laundry-tags","8":"product_tag-rfid-laundrytags","9":"product_tag-rfid-linen-tags","10":"product_tag-washable-uhf-rfid-laundry-tag","12":"first","13":"instock","14":"shipping-taxable","15":"product-type-simple","16":"entry","17":"content-bg","18":"loop-entry"},"_links":{"self":[{"href":"https:\/\/rfid-laundry-tag.com\/fi\/wp-json\/wp\/v2\/product\/40","targetHints":{"allow":["GET"]}}],"collection":[{"href":"https:\/\/rfid-laundry-tag.com\/fi\/wp-json\/wp\/v2\/product"}],"about":[{"href":"https:\/\/rfid-laundry-tag.com\/fi\/wp-json\/wp\/v2\/types\/product"}],"version-history":[{"count":1,"href":"https:\/\/rfid-laundry-tag.com\/fi\/wp-json\/wp\/v2\/product\/40\/revisions"}],"predecessor-version":[{"id":1957,"href":"https:\/\/rfid-laundry-tag.com\/fi\/wp-json\/wp\/v2\/product\/40\/revisions\/1957"}],"wp:featuredmedia":[{"embeddable":true,"href":"https:\/\/rfid-laundry-tag.com\/fi\/wp-json\/wp\/v2\/media\/41"}],"wp:attachment":[{"href":"https:\/\/rfid-laundry-tag.com\/fi\/wp-json\/wp\/v2\/media?parent=40"}],"wp:term":[{"taxonomy":"product_brand","embeddable":true,"href":"https:\/\/rfid-laundry-tag.com\/fi\/wp-json\/wp\/v2\/product_brand?post=40"},{"taxonomy":"product_cat","embeddable":true,"href":"https:\/\/rfid-laundry-tag.com\/fi\/wp-json\/wp\/v2\/product_cat?post=40"},{"taxonomy":"product_tag","embeddable":true,"href":"https:\/\/rfid-laundry-tag.com\/fi\/wp-json\/wp\/v2\/product_tag?post=40"}],"curies":[{"name":"wp","href":"https:\/\/api.w.org\/{rel}","templated":true}]}}