{"id":37,"date":"2024-06-03T15:44:26","date_gmt":"2024-06-03T15:44:26","guid":{"rendered":"https:\/\/rfid-laundry-tag.com\/?post_type=product&#038;p=37"},"modified":"2024-09-27T17:21:11","modified_gmt":"2024-09-27T17:21:11","slug":"laundry-rfid-linen-tags","status":"publish","type":"product","link":"https:\/\/rfid-laundry-tag.com\/fi\/laundry-rfid-linen-tags\/","title":{"rendered":"Pesula RFID-liinavaatteet"},"content":{"rendered":"<h2>Pesula RFID-liinavaatteet<\/h2>\n<p>Tekstiilimateriaalista valmistettu RFID-pesutunniste, jonka mitat ovat 70*15 mm ja varustettu NXP U CODE 9 -sirulla, on virtaviivainen ty\u00f6kalu, joka on suunniteltu tekstiilien, kuten liinavaatteiden, univormujen, pyyhkeiden ja muiden, tehokkaaseen seurantaan ja hallintaan.<\/p>\n<div class=\"auto-hide-last-sibling-br paragraph_1252f paragraph-element\">Avainominaisuudet:<\/div>\n<ol class=\"auto-hide-last-sibling-br\">\n<li>\n<div class=\"auto-hide-last-sibling-br paragraph_1252f paragraph-element\"><strong>Materiaali &amp; koko<\/strong>: T\u00e4m\u00e4 RFID-tunniste on valmistettu tekstiiliyst\u00e4v\u00e4llisest\u00e4 materiaalista ja sen mitat ovat 70 mm x 15 mm. Koko on ihanteellinen erilaisten kankaiden huomaamattomasti merkitsemiseen vaikuttamatta niiden esteettisiin tai tuntoominaisuuksiin.<\/div>\n<\/li>\n<li>\n<div class=\"auto-hide-last-sibling-br paragraph_1252f paragraph-element\"><strong>RFID-siru<\/strong>: Sis\u00e4\u00e4nrakennettu NXP U CODE 9 -siru varmistaa korkean suorituskyvyn ja luotettavan toiminnan. T\u00e4m\u00e4 mikrosiru helpottaa pitk\u00e4n matkan tiedonsiirtoa ja siin\u00e4 on laaja muistikapasiteetti tavaratietojen tallentamista varten.<\/div>\n<\/li>\n<li>\n<div class=\"auto-hide-last-sibling-br paragraph_1252f paragraph-element\"><strong>Kest\u00e4vyys<\/strong>: Pehme\u00e4st\u00e4 ja joustavasta tekstiilirakenteesta huolimatta t\u00e4m\u00e4 RFID-pesutunniste on suunniteltu kest\u00e4m\u00e4\u00e4n voimakkaita pesu-, silitys- ja puristusprosesseja. Se kest\u00e4\u00e4 vett\u00e4, l\u00e4mp\u00f6\u00e4 ja painetta, s\u00e4ilytt\u00e4en eheytens\u00e4 ja toimintansa toistuvista teollisista pesukerroista huolimatta.<\/div>\n<\/li>\n<li>\n<div class=\"auto-hide-last-sibling-br paragraph_1252f paragraph-element\"><strong>Tehokkuus<\/strong>: NXP U CODE 9 -sirutekniikka mahdollistaa tunnisteen nopean ja tarkan skannauksen jopa joukkolukemisskenaarioissa. T\u00e4m\u00e4 johtaa nopeaan k\u00e4sittelyyn, lyhent\u00e4\u00e4 k\u00e4ytt\u00f6aikaa ja parantaa tuottavuutta tekstiilien hallinnassa.<\/div>\n<\/li>\n<li>\n<div class=\"auto-hide-last-sibling-br paragraph_1252f paragraph-element\"><strong>Sovellus<\/strong>: Ensisijaisesti n\u00e4m\u00e4 RFID-tunnisteet ommellaan tai kuumasaumataan tekstiileihin ennen kuin ne otetaan k\u00e4ytt\u00f6\u00f6n. Kun se on liitetty, automaattinen varastonhallinta, prosessinhallinta ja h\u00e4vikkien est\u00e4minen voidaan helpottaa helposti n\u00e4iden tunnisteiden tarjoaman langattoman seurantatoiminnon ansiosta.<\/div>\n<\/li>\n<\/ol>\n<div class=\"auto-hide-last-sibling-br paragraph_1252f paragraph-element\">Miksi j\u00e4ljitett\u00e4vyydell\u00e4 on keskeinen rooli tekstiiliteollisuudessa? T\u00e4ss\u00e4 on yhteenveto t\u00e4rkeimmist\u00e4 painopisteist\u00e4:<\/div>\n<div><\/div>\n<ol class=\"auto-hide-last-sibling-br\">\n<li>\n<div class=\"auto-hide-last-sibling-br paragraph_1252f paragraph-element\">Laadunvalvonta: Antamalla valmistajille mahdollisuuden valvoa tekstiilien laatua kaikilla tuotantotasoilla, j\u00e4ljitett\u00e4vyys mahdollistaa laatuongelmien varhaisen tunnistamisen ja korjaamisen.<\/div>\n<\/li>\n<li>\n<div class=\"auto-hide-last-sibling-br paragraph_1252f paragraph-element\">Tuoteturvallisuus: J\u00e4ljitett\u00e4vyys varmistaa tekstiilien turvallisuuden mahdollistamalla haitallisten kemikaalien tai vikojen paikantamisen ja hyllyilt\u00e4 nostamisen nopeasti.<\/div>\n<\/li>\n<li>\n<div class=\"auto-hide-last-sibling-br paragraph_1252f paragraph-element\">S\u00e4\u00e4nn\u00f6sten noudattaminen: Tekstiilej\u00e4 koskevien tiukkojen m\u00e4\u00e4r\u00e4ysten noudattaminen voidaan varmistaa j\u00e4ljitett\u00e4vyyden avulla, mik\u00e4 auttaa valmistajia v\u00e4ltt\u00e4m\u00e4\u00e4n oikeudellisia yhteenottoja ja maineensa pilaamista.<\/div>\n<\/li>\n<li>\n<div class=\"auto-hide-last-sibling-br paragraph_1252f paragraph-element\">Toimitusketjun l\u00e4pin\u00e4kyvyys: Kuluttajat vaativat nyky\u00e4\u00e4n avoimuutta tuotteidensa alkuper\u00e4st\u00e4, valmistusprosessista ja siit\u00e4, onko eettisi\u00e4 ja kest\u00e4vi\u00e4 k\u00e4yt\u00e4nt\u00f6j\u00e4 noudatettu. J\u00e4ljitett\u00e4vyys vastaa juuri t\u00e4h\u00e4n tarpeeseen.<\/div>\n<\/li>\n<li>\n<div class=\"auto-hide-last-sibling-br paragraph_1252f paragraph-element\">Kest\u00e4vyys ja ymp\u00e4rist\u00f6yst\u00e4v\u00e4llisyys: Tekstiiliteollisuudella on suuri paine muuttua kest\u00e4v\u00e4mm\u00e4ksi ja rajoittaa ymp\u00e4rist\u00f6vahinkoja. J\u00e4ljitett\u00e4vyys auttaa valmistajia seuraamaan materiaalien alkuper\u00e4\u00e4 ja arvioimaan tuotantoprosessiensa ymp\u00e4rist\u00f6vaikutuksia. T\u00e4m\u00e4 voi auttaa minimoimaan j\u00e4tett\u00e4 ja ottamaan k\u00e4ytt\u00f6\u00f6n vihre\u00e4mpi\u00e4 k\u00e4yt\u00e4nt\u00f6j\u00e4.<\/div>\n<\/li>\n<li>\n<div class=\"auto-hide-last-sibling-br paragraph_1252f paragraph-element\">V\u00e4\u00e4renn\u00f6sten ehk\u00e4isy: J\u00e4ljitett\u00e4vyys auttaa varmistamaan tuotteiden aitouden, mik\u00e4 est\u00e4\u00e4 v\u00e4\u00e4renn\u00f6kset ja turvaa br\u00e4ndin mainetta.<\/div>\n<\/li>\n<li>\n<div class=\"auto-hide-last-sibling-br paragraph_1252f paragraph-element\">Tehokas takaisinkutsujen hallinta: J\u00e4ljitett\u00e4vyyden ansiosta valmistajat voivat nopeasti tunnistaa tuotteet ja kuluttajat, joita asia koskee, jos tuotteet vedet\u00e4\u00e4n pois markkinoilta turvallisuus- tai laatusyist\u00e4. T\u00e4m\u00e4 rajoittaa tuotteiden takaisinvetojen laajuutta ja vaikutusta.<\/div>\n<\/li>\n<li>\n<div class=\"auto-hide-last-sibling-br paragraph_1252f paragraph-element\">Kustannusten v\u00e4hent\u00e4minen: J\u00e4ljitett\u00e4vyysj\u00e4rjestelm\u00e4t auttavat tunnistamaan tuotantoprosessin tehottomuudet, jotka johtavat kustannusten alenemiseen. Sen avulla valmistajat voivat seurata materiaaleja ja prosesseja, optimoida toimintaa ja v\u00e4hent\u00e4\u00e4 j\u00e4tett\u00e4.<\/div>\n<\/li>\n<li>\n<div class=\"auto-hide-last-sibling-br paragraph_1252f paragraph-element\">Br\u00e4ndin maine: J\u00e4ljitett\u00e4vyys ja l\u00e4pin\u00e4kyvyys lis\u00e4\u00e4v\u00e4t kuluttajien luottamusta, mik\u00e4 voi parantaa merkitt\u00e4v\u00e4sti br\u00e4ndin imagoa.<\/div>\n<\/li>\n<li>\n<div class=\"auto-hide-last-sibling-br paragraph_1252f paragraph-element\">Riskienhallinta: J\u00e4ljitett\u00e4vyys helpottaa toimitusketjun h\u00e4iri\u00f6ihin, laatuongelmiin tai tuotteiden takaisinvetoon liittyvien riskien ennakoivaa hallintaa, mik\u00e4 v\u00e4hent\u00e4\u00e4 mahdollisia taloudellisia ja maineelle aiheutuvia vahinkoja kriisitilanteessa.<\/div>\n<\/li>\n<\/ol>\n<div class=\"auto-hide-last-sibling-br paragraph_1252f paragraph-element\">Ilmeisesti j\u00e4ljitett\u00e4vyydest\u00e4 tekstiiliteollisuudessa on valtavia etuja. Se ei ainoastaan lis\u00e4\u00e4 toiminnan tehokkuutta, vaan my\u00f6s t\u00e4ytt\u00e4\u00e4 kuluttajien odotukset turvallisuudesta, laadusta ja eettisest\u00e4 hankinnasta.<\/div>","protected":false},"excerpt":{"rendered":"<p>Kest\u00e4v\u00e4t RFID-pellavatunnisteet: joustavat, kest\u00e4v\u00e4t, pitk\u00e4ll\u00e4 lukuet\u00e4isyydell\u00e4. Takuu 200 pesukertaa, sopii ompelemiseen, kuumasaumaukseen tai ripustamiseen. Ihanteellinen pyykinpesuk\u00e4ytt\u00f6\u00f6n.<\/p>","protected":false},"featured_media":39,"template":"","meta":{"_kad_post_transparent":"default","_kad_post_title":"","_kad_post_layout":"default","_kad_post_sidebar_id":"","_kad_post_content_style":"default","_kad_post_vertical_padding":"default","_kad_post_feature":"","_kad_post_feature_position":"","_kad_post_header":false,"_kad_post_footer":false,"_kad_post_classname":""},"product_brand":[],"product_cat":[19,16],"product_tag":[22,24,25,23],"class_list":{"0":"post-37","1":"product","2":"type-product","3":"status-publish","4":"has-post-thumbnail","6":"product_cat-textile-rfid-laundry-tag","7":"product_cat-uhf-rfid-laundry-tags","8":"product_tag-laundry-rfid-linen-tags","9":"product_tag-laundry-rfid-tags","10":"product_tag-rfid-laundrytags","11":"product_tag-rfid-linen-tags","13":"first","14":"instock","15":"shipping-taxable","16":"product-type-simple","17":"entry","18":"content-bg","19":"loop-entry"},"_links":{"self":[{"href":"https:\/\/rfid-laundry-tag.com\/fi\/wp-json\/wp\/v2\/product\/37","targetHints":{"allow":["GET"]}}],"collection":[{"href":"https:\/\/rfid-laundry-tag.com\/fi\/wp-json\/wp\/v2\/product"}],"about":[{"href":"https:\/\/rfid-laundry-tag.com\/fi\/wp-json\/wp\/v2\/types\/product"}],"version-history":[{"count":3,"href":"https:\/\/rfid-laundry-tag.com\/fi\/wp-json\/wp\/v2\/product\/37\/revisions"}],"predecessor-version":[{"id":2713,"href":"https:\/\/rfid-laundry-tag.com\/fi\/wp-json\/wp\/v2\/product\/37\/revisions\/2713"}],"wp:featuredmedia":[{"embeddable":true,"href":"https:\/\/rfid-laundry-tag.com\/fi\/wp-json\/wp\/v2\/media\/39"}],"wp:attachment":[{"href":"https:\/\/rfid-laundry-tag.com\/fi\/wp-json\/wp\/v2\/media?parent=37"}],"wp:term":[{"taxonomy":"product_brand","embeddable":true,"href":"https:\/\/rfid-laundry-tag.com\/fi\/wp-json\/wp\/v2\/product_brand?post=37"},{"taxonomy":"product_cat","embeddable":true,"href":"https:\/\/rfid-laundry-tag.com\/fi\/wp-json\/wp\/v2\/product_cat?post=37"},{"taxonomy":"product_tag","embeddable":true,"href":"https:\/\/rfid-laundry-tag.com\/fi\/wp-json\/wp\/v2\/product_tag?post=37"}],"curies":[{"name":"wp","href":"https:\/\/api.w.org\/{rel}","templated":true}]}}