{"id":356,"date":"2024-06-28T11:08:54","date_gmt":"2024-06-28T11:08:54","guid":{"rendered":"https:\/\/rfid-laundry-tag.com\/?post_type=product&#038;p=356"},"modified":"2024-08-14T15:55:26","modified_gmt":"2024-08-14T15:55:26","slug":"rfid-windshield-sticker-for-vehicle-tracking","status":"publish","type":"product","link":"https:\/\/rfid-laundry-tag.com\/fi\/rfid-windshield-sticker-for-vehicle-tracking\/","title":{"rendered":"RFID-tuulilasitarra ajoneuvon seurantaan"},"content":{"rendered":"<h2>RFID-tuulilasitarra ajoneuvon seurantaan<\/h2>\n<div class=\"J_module\">\n<div class=\"ife-detail-decorate-table\">\n<table class=\"all magic-10\">\n<tbody>\n<tr>\n<td colspan=\"1\" rowspan=\"1\">\n<div class=\"magic-11\">Siru<\/div>\n<\/td>\n<td colspan=\"1\" rowspan=\"1\">\n<div class=\"magic-12\">Alien H9, H10, U9 jne<\/div>\n<\/td>\n<\/tr>\n<tr>\n<td colspan=\"1\" rowspan=\"1\">\n<div class=\"magic-11\">Taajuus<\/div>\n<\/td>\n<td colspan=\"1\" rowspan=\"1\">\n<div class=\"magic-12\">860-960 MHz<\/div>\n<\/td>\n<\/tr>\n<tr>\n<td colspan=\"1\" rowspan=\"1\">\n<div class=\"magic-11\">Materiaali<\/div>\n<\/td>\n<td colspan=\"1\" rowspan=\"1\">\n<div class=\"magic-12\">P\u00e4\u00e4llystetty paperi\/PET\/synteettinen paperi\/l\u00e4mp\u00f6paperi\/r\u00e4\u00e4t\u00e4l\u00f6inti<\/div>\n<\/td>\n<\/tr>\n<tr>\n<td colspan=\"1\" rowspan=\"1\">\n<div class=\"magic-11\">Ty\u00f6tila<\/div>\n<\/td>\n<td colspan=\"1\" rowspan=\"1\">\n<div class=\"magic-12\">Passiivinen<\/div>\n<\/td>\n<\/tr>\n<tr>\n<td colspan=\"1\" rowspan=\"1\">\n<div class=\"magic-11\">IC:n el\u00e4m\u00e4<\/div>\n<\/td>\n<td colspan=\"1\" rowspan=\"1\">\n<div class=\"magic-12\">100 000 ohjelmointijaksoa, 10 vuoden tietojen s\u00e4ilytys<\/div>\n<\/td>\n<\/tr>\n<tr>\n<td colspan=\"1\" rowspan=\"1\">\n<div class=\"magic-11\">K\u00e4ytt\u00f6l\u00e4mp\u00f6tila\/kosteus<\/div>\n<\/td>\n<td colspan=\"1\" rowspan=\"1\">\n<div class=\"magic-12\">-25 ~ 50 \u2103\/20% ~ 80% RH<\/div>\n<\/td>\n<\/tr>\n<tr>\n<td colspan=\"1\" rowspan=\"1\">\n<div class=\"magic-11\">Varastointil\u00e4mp\u00f6tila\/kosteus<\/div>\n<\/td>\n<td colspan=\"1\" rowspan=\"1\">\n<div class=\"magic-12\">+23\u00b0C\u00b15\u00b0C\/ 50%\u00b110% RH (ilman kondensaatiota).<\/div>\n<\/td>\n<\/tr>\n<tr>\n<td colspan=\"1\" rowspan=\"1\">\n<div class=\"magic-11\">Antenni<\/div>\n<\/td>\n<td colspan=\"1\" rowspan=\"1\">\n<div class=\"magic-12\">Alumiinisetsaus, 94,8 * 8,1 mm<\/div>\n<\/td>\n<\/tr>\n<tr>\n<td colspan=\"1\" rowspan=\"1\">\n<div class=\"magic-11\">M\u00e4rk\u00e4 inlay\/tarran koko<\/div>\n<\/td>\n<td colspan=\"1\" rowspan=\"1\">\n<div class=\"magic-12\">98 * 15 mm tai r\u00e4\u00e4t\u00e4l\u00f6ity<\/div>\n<\/td>\n<\/tr>\n<tr>\n<td colspan=\"1\" rowspan=\"1\">\n<div class=\"magic-11\">Tulostus<\/div>\n<\/td>\n<td colspan=\"1\" rowspan=\"1\">\n<div class=\"magic-12\">V\u00e4ritulostus, logo, viivakoodi, QR-koodi jne<\/div>\n<\/td>\n<\/tr>\n<tr>\n<td colspan=\"1\" rowspan=\"1\">\n<div class=\"magic-11\">N\u00e4yte<\/div>\n<\/td>\n<td colspan=\"1\" rowspan=\"1\">\n<div class=\"magic-12\">N\u00e4yte on ilmainen laatutesti\u00e4si varten<\/div>\n<\/td>\n<\/tr>\n<tr>\n<td colspan=\"1\" rowspan=\"1\">\n<div class=\"magic-11\">p\u00f6yt\u00e4kirja<\/div>\n<\/td>\n<td colspan=\"1\" rowspan=\"1\">\n<div class=\"magic-12\">ISO\/IEC 18000-6C EPC Class1 Gen2<\/div>\n<\/td>\n<\/tr>\n<tr>\n<td colspan=\"1\" rowspan=\"1\">\n<div class=\"magic-11\">Pakkaus<\/div>\n<\/td>\n<td colspan=\"1\" rowspan=\"1\">\n<div class=\"magic-12\">1000-5000 kpl \/ rulla, 4 rullaa \/ laatikko<\/div>\n<\/td>\n<\/tr>\n<tr>\n<td colspan=\"1\" rowspan=\"1\">\n<div class=\"magic-11\">Alkuper\u00e4paikka<\/div>\n<\/td>\n<td colspan=\"1\" rowspan=\"1\">\n<div class=\"magic-12\">Chengdu, Kiina<\/div>\n<\/td>\n<\/tr>\n<tr>\n<td colspan=\"1\" rowspan=\"4\">\n<div class=\"magic-11\">Sovellus\/Ratkaisu<\/div>\n<\/td>\n<td colspan=\"1\" rowspan=\"1\">\n<div class=\"magic-12\">Suojattu sis\u00e4\u00e4np\u00e4\u00e4syn valvonta\/k\u00e4teismaksujen j\u00e4senyys ja kanta-asiakasohjelmat<\/div>\n<\/td>\n<\/tr>\n<tr>\n<td colspan=\"1\" rowspan=\"1\">\n<div class=\"magic-12\" data-spm-anchor-id=\"a2700.details.0.i80.59c943e8HVzkHD\">P\u00e4\u00e4sy tapahtumiin ja br\u00e4nd\u00e4ys\/sosiaalinen media\/v\u00e4hitt\u00e4ismyynti<\/div>\n<\/td>\n<\/tr>\n<tr>\n<td colspan=\"1\" rowspan=\"1\">\n<div class=\"magic-12\">Ymp\u00e4rist\u00f6 \/ Pelit ja lelut Sijainti \/ Elektroniikka \/ Messut<\/div>\n<\/td>\n<\/tr>\n<tr>\n<td colspan=\"1\" rowspan=\"1\">\n<div class=\"magic-12\">Tapahtumat \/ Soittopyynt\u00f6 \/ K\u00e4yntikortit<\/div>\n<\/td>\n<\/tr>\n<\/tbody>\n<\/table>\n<p>&nbsp;<\/p>\n<\/div>\n<\/div>\n<div class=\"J_module\">\n<div class=\"auto-hide-last-sibling-br paragraph_9dc5f paragraph-element\">\n<p><strong>RFID-tuulilasitarrojen k\u00e4ytt\u00f6kohteita ovat:<\/strong><\/p>\n<ol>\n<li><strong>Ajoneuvojen kulunvalvonta<\/strong>: RFID-tuulilasitarroja voidaan k\u00e4ytt\u00e4\u00e4 automaattiseen sis\u00e4\u00e4n- ja poistoon pys\u00e4k\u00f6intialueilla, porteilla, tietullikopeissa ja muilla valvotuilla kulkualueilla.<\/li>\n<li><strong>Ajoneuvojen seuranta<\/strong>: RFID-tuulilasitarroja voidaan k\u00e4ytt\u00e4\u00e4 ajoneuvojen seurantaan ja hallintaan laitoksen sis\u00e4ll\u00e4, kuten vuokra-autotoimistoissa tai pys\u00e4k\u00f6intihalleissa.<\/li>\n<li><strong>S\u00e4hk\u00f6inen tietullien ker\u00e4\u00e4minen<\/strong>: RFID-tuulilasitarroja voidaan k\u00e4ytt\u00e4\u00e4 s\u00e4hk\u00f6isiss\u00e4 tietullien ker\u00e4\u00e4misj\u00e4rjestelmiss\u00e4, jolloin ajoneuvot voivat kulkea tietullikoppien l\u00e4pi nopeasti ja tehokkaasti ilman, ett\u00e4 sinun tarvitsee pys\u00e4hty\u00e4 ja maksaa k\u00e4teisell\u00e4.<\/li>\n<li><strong>Laivaston hallinta<\/strong>: RFID-tuulilasitarroja voidaan k\u00e4ytt\u00e4\u00e4 ajoneuvokannan seuraamiseen ja hallintaan, jolloin yritykset voivat seurata ja optimoida toimintaansa.<\/li>\n<li><strong>Pys\u00e4k\u00f6intihallinto<\/strong>: RFID-tuulilasitarroja voidaan k\u00e4ytt\u00e4\u00e4 pys\u00e4k\u00f6intipaikkojen seurantaan ja hallintaan parkkipaikoilla tai rakennuksissa, jotka tarjoavat reaaliaikaista tietoa k\u00e4ytett\u00e4viss\u00e4 olevista pys\u00e4k\u00f6intipaikoista.<\/li>\n<li><strong>Ajoneuvon tunnistus<\/strong>: RFID-tuulilasitarroja voidaan k\u00e4ytt\u00e4\u00e4 ajoneuvon tunnistamiseen tapahtumissa, kilpailuissa tai muissa tilanteissa, joissa vaaditaan nopeaa ja tarkkaa tunnistamista.<\/li>\n<\/ol>\n<p>Kaiken kaikkiaan RFID-tuulilasitarrat tarjoavat k\u00e4tev\u00e4n ja tehokkaan tavan seurata ja hallita ajoneuvoja erilaisissa sovelluksissa, mik\u00e4 lis\u00e4\u00e4 turvallisuutta, k\u00e4ytt\u00f6mukavuutta ja automaatiota ajoneuvoihin liittyviss\u00e4 prosesseissa.<\/p>\n<\/div>\n<div><\/div>\n<div class=\"auto-hide-last-sibling-br paragraph_9dc5f paragraph-element\"><\/div>\n<div><\/div>\n<\/div>\n<div><\/div>\n<div><strong>Miksi valita USA?<\/strong><\/div>\n<div><\/div>\n<div>Olemme johtava RFID-teknologian toimittaja yli 11 vuoden kokemuksella, joka tuo edistynytt\u00e4 tehokkuutta, luotettavuutta ja tarkkuutta asiakkaiden maailmanlaajuisiin toimitusketjuihin alan johtavilla tuotteilla, ratkaisuilla ja teknologioilla. Globaalin tason valmistajana tarjoamme asiakkaillemme perustavanlaatuisia teknologioita, kuten kulunvalvontaa, el\u00e4inten merkitsemist\u00e4, l\u00e4hikentt\u00e4viestint\u00e4\u00e4 (NFC), erilaisia RFID-lukijoita ja -ratkaisuja. Ratkaisuissamme on eritt\u00e4in konfiguroitavat sovelluskehykset ja tyylikk\u00e4\u00e4t k\u00e4ytt\u00f6liittym\u00e4t edistyneell\u00e4 analytiikan kanssa, mik\u00e4 mahdollistaa p\u00e4\u00e4st\u00e4 p\u00e4\u00e4h\u00e4n -liiketoimintatiedon ja tietojen n\u00e4kyvyyden useilla toimialoilla.<\/div>","protected":false},"excerpt":{"rendered":"<p>RFID-tuulilasitarrat ovat RFID-tunnisteita, jotka on suunniteltu kiinnitett\u00e4v\u00e4ksi ajoneuvon tuulilasiin erilaisiin seuranta- ja tunnistustarkoituksiin.<\/p>","protected":false},"featured_media":357,"template":"","meta":{"_kad_post_transparent":"default","_kad_post_title":"","_kad_post_layout":"default","_kad_post_sidebar_id":"","_kad_post_content_style":"default","_kad_post_vertical_padding":"default","_kad_post_feature":"","_kad_post_feature_position":"","_kad_post_header":false,"_kad_post_footer":false,"_kad_post_classname":""},"product_brand":[],"product_cat":[54],"product_tag":[157,98],"class_list":{"0":"post-356","1":"product","2":"type-product","3":"status-publish","4":"has-post-thumbnail","6":"product_cat-hot-selling-rfid-tags","7":"product_tag-rfid-windshield-sticker-for-vehicle-tracking","8":"product_tag-uhf-rfid-label","10":"first","11":"instock","12":"shipping-taxable","13":"product-type-simple","14":"entry","15":"content-bg","16":"loop-entry"},"_links":{"self":[{"href":"https:\/\/rfid-laundry-tag.com\/fi\/wp-json\/wp\/v2\/product\/356","targetHints":{"allow":["GET"]}}],"collection":[{"href":"https:\/\/rfid-laundry-tag.com\/fi\/wp-json\/wp\/v2\/product"}],"about":[{"href":"https:\/\/rfid-laundry-tag.com\/fi\/wp-json\/wp\/v2\/types\/product"}],"version-history":[{"count":1,"href":"https:\/\/rfid-laundry-tag.com\/fi\/wp-json\/wp\/v2\/product\/356\/revisions"}],"predecessor-version":[{"id":1306,"href":"https:\/\/rfid-laundry-tag.com\/fi\/wp-json\/wp\/v2\/product\/356\/revisions\/1306"}],"wp:featuredmedia":[{"embeddable":true,"href":"https:\/\/rfid-laundry-tag.com\/fi\/wp-json\/wp\/v2\/media\/357"}],"wp:attachment":[{"href":"https:\/\/rfid-laundry-tag.com\/fi\/wp-json\/wp\/v2\/media?parent=356"}],"wp:term":[{"taxonomy":"product_brand","embeddable":true,"href":"https:\/\/rfid-laundry-tag.com\/fi\/wp-json\/wp\/v2\/product_brand?post=356"},{"taxonomy":"product_cat","embeddable":true,"href":"https:\/\/rfid-laundry-tag.com\/fi\/wp-json\/wp\/v2\/product_cat?post=356"},{"taxonomy":"product_tag","embeddable":true,"href":"https:\/\/rfid-laundry-tag.com\/fi\/wp-json\/wp\/v2\/product_tag?post=356"}],"curies":[{"name":"wp","href":"https:\/\/api.w.org\/{rel}","templated":true}]}}