{"id":352,"date":"2024-06-28T10:26:38","date_gmt":"2024-06-28T10:26:38","guid":{"rendered":"https:\/\/rfid-laundry-tag.com\/?post_type=product&#038;p=352"},"modified":"2024-06-28T10:52:24","modified_gmt":"2024-06-28T10:52:24","slug":"custom-paper-nfc-sticker-ntag213","status":"publish","type":"product","link":"https:\/\/rfid-laundry-tag.com\/fi\/custom-paper-nfc-sticker-ntag213\/","title":{"rendered":"Mukautettu paperi NFC-tarra Ntag213"},"content":{"rendered":"<div>\n<div><strong>NFC-tarrat NXP NTAG213:lla<\/strong> sirut ovat suosittuja erilaisissa sovelluksissa, kuten markkinoinnissa, kulunvalvonnassa ja tuotteiden todentamisessa. Muokattavat viimeistely-, muoto-, koko- ja tulostusvaihtoehdot tekev\u00e4t niist\u00e4 monipuolisia erilaisiin tarpeisiin.<\/div>\n<\/div>\n<div>Siru ja antenni ovat yl\u00f6sp\u00e4in valkoisen paperin tai vedenpit\u00e4v\u00e4n muovin pintakerroksen alla, mik\u00e4 lis\u00e4\u00e4 kest\u00e4vyytt\u00e4 ja kest\u00e4\u00e4 lyhytaikaista vesialtistusta. NFC-tarran takana on valittavissa oleva liimakerros, joka voidaan kiinnitt\u00e4\u00e4 tasaisille ei-metallisille pinnoille.<\/div>\n<div>\n<div><\/div>\n<div><\/div>\n<div class=\"auto-hide-last-sibling-br paragraph_9dc5f paragraph-element\">NTAG213-siru tarjoaa useita etuja, kuten:<\/div>\n<ul class=\"auto-hide-last-sibling-br\">\n<li>Kontaktiton energia- ja tiedonsiirto<\/li>\n<li>Nopea lukuominaisuus<\/li>\n<li>Parannettu RF-suorituskyky<\/li>\n<li>Suojausominaisuudet, mukaan lukien salasanasuojaus ja t\u00f6rm\u00e4yksenestotoiminnot<\/li>\n<li>T\u00e4ysin NFC Forum Tag Type 2:n vaatimusten mukainen<\/li>\n<\/ul>\n<\/div>\n<div>\n<table class=\"all magic-9\">\n<tbody>\n<tr>\n<td colspan=\"1\" rowspan=\"1\">\n<div class=\"magic-10\">Materiaali<\/div>\n<\/td>\n<td colspan=\"1\" rowspan=\"1\">\n<div class=\"magic-11\" data-spm-anchor-id=\"a2700.details.0.i85.504d267eS1Hb6u\">PET, PVC, p\u00e4\u00e4llystetty paperi jne.<\/div>\n<\/td>\n<\/tr>\n<tr>\n<td colspan=\"1\" rowspan=\"1\">\n<div class=\"magic-10\">Siru<\/div>\n<\/td>\n<td colspan=\"1\" rowspan=\"1\">\n<div class=\"magic-11\">Ntag213\/Ntag215\/Ntag216 jne<\/div>\n<\/td>\n<\/tr>\n<tr>\n<td colspan=\"1\" rowspan=\"1\">\n<div class=\"magic-10\">Taajuus<\/div>\n<\/td>\n<td colspan=\"1\" rowspan=\"1\">\n<div class=\"magic-11\">13,56 MHz<\/div>\n<\/td>\n<\/tr>\n<tr>\n<td colspan=\"1\" rowspan=\"1\">\n<div class=\"magic-10\">p\u00f6yt\u00e4kirja<\/div>\n<\/td>\n<td colspan=\"1\" rowspan=\"1\">\n<div class=\"magic-11\">ISO 14443A<\/div>\n<\/td>\n<\/tr>\n<tr>\n<td colspan=\"1\" rowspan=\"1\">\n<div class=\"magic-10\">Koko<\/div>\n<\/td>\n<td colspan=\"1\" rowspan=\"1\">\n<div class=\"magic-11\">Halkaisija 25, 30, 35 mm tai mukautettu koko<\/div>\n<\/td>\n<\/tr>\n<tr>\n<td colspan=\"1\" rowspan=\"1\">\n<div class=\"magic-10\">Ominaisuus<\/div>\n<\/td>\n<td colspan=\"1\" rowspan=\"1\">\n<div class=\"magic-11\">Vedenpit\u00e4v\u00e4, raskas, r\u00e4\u00e4t\u00e4l\u00f6ity tulostus<\/div>\n<\/td>\n<\/tr>\n<tr>\n<td colspan=\"1\" rowspan=\"1\">\n<div class=\"magic-10\">N\u00e4yte<\/div>\n<\/td>\n<td colspan=\"1\" rowspan=\"1\">\n<div class=\"magic-11\">ilmainen saatavilla<\/div>\n<\/td>\n<\/tr>\n<tr>\n<td colspan=\"1\" rowspan=\"1\">\n<div class=\"magic-10\">Lue et\u00e4isyys<\/div>\n<\/td>\n<td colspan=\"1\" rowspan=\"1\">\n<div class=\"magic-11\" data-spm-anchor-id=\"a2700.details.0.i84.504d267eS1Hb6u\">0-10 cm<\/div>\n<\/td>\n<\/tr>\n<\/tbody>\n<\/table>\n<\/div>\n<div><\/div>\n<div>\n<p>joitain usein kysyttyj\u00e4 kysymyksi\u00e4 mukautetuista paperin NFC-tarroista Ntag213-tekniikalla:<\/p>\n<ol>\n<li>Mik\u00e4 on NFC-tarra?\n<ul>\n<li>NFC-tarra on pieni tarralappu, johon on upotettu NFC (Near Field Communication) -siru, kuten NXP NTAG213. NFC-yhteensopivilla laitteilla voidaan skannata n\u00e4it\u00e4 tarroja erilaisten toimien k\u00e4ynnist\u00e4miseksi tai tiedon siirt\u00e4miseksi.<\/li>\n<\/ul>\n<\/li>\n<li>Kuinka mukautettuja paperin NFC-tarroja voidaan k\u00e4ytt\u00e4\u00e4?\n<ul>\n<li>Mukautettuja paperin NFC-tarroja voidaan k\u00e4ytt\u00e4\u00e4 moniin tarkoituksiin, mukaan lukien seurannan hallintaan, kulunvalvontaan tiloissa, kuten tehtaissa, varastoissa, hotelleissa, sairaaloissa ja huvipuistoissa, v\u00e4hitt\u00e4iskaupan sovelluksissa, mainonnassa, tuotteiden todentamiseen ja s\u00e4hk\u00f6iseen lippuun.<\/li>\n<\/ul>\n<\/li>\n<li>Mit\u00e4 mukautusvaihtoehtoja on saatavilla paperille NFC-tarroille?\n<ul>\n<li>Mukautettuja paperin NFC-tarroja voidaan tulostaa kiilt\u00e4v\u00e4n\u00e4 tai mattapintaisena, eri muotoisina ja kokoisina. Ne voivat sis\u00e4lt\u00e4\u00e4 logoja, kirjaimia, numeroita ja viivakoodeja CMYK- ja mustav\u00e4risin\u00e4. Lis\u00e4ksi takana oleva liimakerros mahdollistaa helpon asennuksen tasaisille ei-metallisille pinnoille.<\/li>\n<\/ul>\n<\/li>\n<li>Ovatko paperiset NFC-tarrat kest\u00e4vi\u00e4?\n<ul>\n<li>Ntag213-siruilla varustetut paperilliset NFC-tarrat on suunniteltu suojaavalla kerroksella, joka peitt\u00e4\u00e4 NFC-sirun ja antennin, mik\u00e4 tarjoaa lis\u00e4\u00e4 kest\u00e4vyytt\u00e4 ja kest\u00e4vyytt\u00e4 lyhytaikaiselle vedelle altistumiselle. Saatavilla on my\u00f6s vedenpit\u00e4vi\u00e4 muovivaihtoehtoja lis\u00e4\u00e4m\u00e4\u00e4n kest\u00e4vyytt\u00e4.<\/li>\n<\/ul>\n<\/li>\n<li>Mit\u00e4 hy\u00f6ty\u00e4 on NFC-tekniikan k\u00e4yt\u00f6st\u00e4 tarroissa?\n<ul>\n<li>NFC-tekniikan k\u00e4ytt\u00f6 tarroissa mahdollistaa k\u00e4tev\u00e4n ja kontaktittoman vuorovaikutuksen NFC-yhteensopivien laitteiden kanssa. T\u00e4m\u00e4 mahdollistaa nopean ja helpon tiedon jakamisen, autentikoinnin tai toimintojen k\u00e4ynnist\u00e4misen ilman, ett\u00e4 laitteiden v\u00e4lill\u00e4 tarvitaan fyysist\u00e4 kontaktia.<\/li>\n<\/ul>\n<\/li>\n<\/ol>\n<\/div>\n<div class=\"text-content\">\n<div data-spm-anchor-id=\"a2700.details.0.i46.6f4d7d7dnursE7\"><\/div>\n<\/div>\n<div>\n<div class=\"text-content\">\n<div><\/div>\n<div data-spm-anchor-id=\"a2700.details.0.i48.6f4d7d7dnursE7\"><\/div>\n<\/div>\n<\/div>","protected":false},"excerpt":{"rendered":"<p><strong>Mukautettu paperi NFC-tarra Ntag213<\/strong> on erityinen IC-yhteensopiva NFC Forum Type 2 -tunnisteen kanssa, ja siin\u00e4 on 144 tavua k\u00e4ytt\u00e4j\u00e4muistia. Se on suunniteltu monipuolisuutta ajatellen, ja se soveltuu erilaisiin sovelluksiin muun muassa v\u00e4hitt\u00e4iskaupan, pelien ja kulutuselektroniikan aloilla.<\/p>","protected":false},"featured_media":353,"template":"","meta":{"_kad_post_transparent":"default","_kad_post_title":"","_kad_post_layout":"default","_kad_post_sidebar_id":"","_kad_post_content_style":"default","_kad_post_vertical_padding":"default","_kad_post_feature":"","_kad_post_feature_position":"","_kad_post_header":false,"_kad_post_footer":false,"_kad_post_classname":""},"product_brand":[],"product_cat":[54],"product_tag":[153,154],"class_list":{"0":"post-352","1":"product","2":"type-product","3":"status-publish","4":"has-post-thumbnail","6":"product_cat-hot-selling-rfid-tags","7":"product_tag-custom-paper-nfc-sticker-ntag213","8":"product_tag-nfc-sticker-ntag213","10":"first","11":"instock","12":"shipping-taxable","13":"product-type-simple","14":"entry","15":"content-bg","16":"loop-entry"},"_links":{"self":[{"href":"https:\/\/rfid-laundry-tag.com\/fi\/wp-json\/wp\/v2\/product\/352","targetHints":{"allow":["GET"]}}],"collection":[{"href":"https:\/\/rfid-laundry-tag.com\/fi\/wp-json\/wp\/v2\/product"}],"about":[{"href":"https:\/\/rfid-laundry-tag.com\/fi\/wp-json\/wp\/v2\/types\/product"}],"version-history":[{"count":0,"href":"https:\/\/rfid-laundry-tag.com\/fi\/wp-json\/wp\/v2\/product\/352\/revisions"}],"wp:featuredmedia":[{"embeddable":true,"href":"https:\/\/rfid-laundry-tag.com\/fi\/wp-json\/wp\/v2\/media\/353"}],"wp:attachment":[{"href":"https:\/\/rfid-laundry-tag.com\/fi\/wp-json\/wp\/v2\/media?parent=352"}],"wp:term":[{"taxonomy":"product_brand","embeddable":true,"href":"https:\/\/rfid-laundry-tag.com\/fi\/wp-json\/wp\/v2\/product_brand?post=352"},{"taxonomy":"product_cat","embeddable":true,"href":"https:\/\/rfid-laundry-tag.com\/fi\/wp-json\/wp\/v2\/product_cat?post=352"},{"taxonomy":"product_tag","embeddable":true,"href":"https:\/\/rfid-laundry-tag.com\/fi\/wp-json\/wp\/v2\/product_tag?post=352"}],"curies":[{"name":"wp","href":"https:\/\/api.w.org\/{rel}","templated":true}]}}