{"id":350,"date":"2024-06-28T10:12:21","date_gmt":"2024-06-28T10:12:21","guid":{"rendered":"https:\/\/rfid-laundry-tag.com\/?post_type=product&#038;p=350"},"modified":"2024-06-28T10:24:29","modified_gmt":"2024-06-28T10:24:29","slug":"anti-metal-nfc-label-nxp-mifare-1k","status":"publish","type":"product","link":"https:\/\/rfid-laundry-tag.com\/fi\/anti-metal-nfc-label-nxp-mifare-1k\/","title":{"rendered":"Anti Metal NFC-etiketti NXP Mifare 1k"},"content":{"rendered":"<h2>Anti Metal NFC-etiketti NXP Mifare 1k<\/h2>\n<table class=\"hight-light-first-column all magic-11\">\n<tbody>\n<tr>\n<td colspan=\"1\" rowspan=\"1\">\n<div class=\"magic-12\" data-spm-anchor-id=\"a2700.details.0.i57.12287cd6Tl6d8d\">Koko<\/div>\n<\/td>\n<td colspan=\"4\" rowspan=\"1\">\n<div class=\"magic-13\">Halkaisija 25mm, halkaisija 30mm jne<\/div>\n<\/td>\n<\/tr>\n<tr>\n<td colspan=\"1\" rowspan=\"1\">\n<div class=\"magic-12\">V\u00e4ri<\/div>\n<\/td>\n<td colspan=\"4\" rowspan=\"1\">\n<div class=\"magic-16\">Musta, valkoinen, keltainen, punainen tai mukautettu<\/div>\n<\/td>\n<\/tr>\n<tr>\n<td colspan=\"1\" rowspan=\"1\">\n<div class=\"magic-12\">Siru<\/div>\n<\/td>\n<td colspan=\"4\" rowspan=\"1\">\n<div class=\"magic-13\">NTAG213, NTAG215, NTAG216<\/div>\n<\/td>\n<\/tr>\n<tr>\n<td colspan=\"1\" rowspan=\"1\">\n<div class=\"magic-12\">Taajuus<\/div>\n<\/td>\n<td colspan=\"4\" rowspan=\"1\">\n<div class=\"magic-13\">13,56 MHz<\/div>\n<\/td>\n<\/tr>\n<tr>\n<td colspan=\"1\" rowspan=\"1\">\n<div class=\"magic-12\">p\u00f6yt\u00e4kirja<\/div>\n<\/td>\n<td colspan=\"4\" rowspan=\"1\">\n<div class=\"magic-13\">ISO14443A, NFC-foorumityyppi 2<\/div>\n<\/td>\n<\/tr>\n<tr>\n<td colspan=\"1\" rowspan=\"1\">\n<div class=\"magic-12\">Materiaali<\/div>\n<\/td>\n<td colspan=\"4\" rowspan=\"1\">\n<div class=\"magic-13\">ABS<\/div>\n<\/td>\n<\/tr>\n<tr>\n<td colspan=\"1\" rowspan=\"1\">\n<div class=\"magic-12\">K\u00e4ytt\u00f6l\u00e4mp\u00f6tila<\/div>\n<\/td>\n<td colspan=\"4\" rowspan=\"1\">\n<div class=\"magic-13\">-20-85 astetta<\/div>\n<\/td>\n<\/tr>\n<tr>\n<td colspan=\"1\" rowspan=\"1\">\n<div class=\"magic-12\">Sovellus<\/div>\n<\/td>\n<td colspan=\"4\" rowspan=\"1\">\n<div class=\"magic-16\">Pesulaketju, Kova kemikaali, maksulaite, ulkok\u00e4ytt\u00f6, kemianteollisuus, teollisuus, logistiikka, partiovartija, j\u00e4sen, rahtikontti, kuormalavat jne.<\/div>\n<\/td>\n<\/tr>\n<tr>\n<td colspan=\"1\" rowspan=\"1\">\n<div class=\"magic-12\">Vesitiivis luokitus<\/div>\n<\/td>\n<td colspan=\"4\" rowspan=\"1\">\n<div class=\"magic-16\">IP67<\/div>\n<\/td>\n<\/tr>\n<tr>\n<td colspan=\"1\" rowspan=\"1\">\n<div class=\"magic-12\">Lukualue<\/div>\n<\/td>\n<td colspan=\"4\" rowspan=\"1\">\n<div class=\"magic-16\">5-10cm, riippuu lukijasta<\/div>\n<\/td>\n<\/tr>\n<tr>\n<td colspan=\"1\" rowspan=\"1\">\n<div class=\"magic-12\">K\u00e4sity\u00f6<\/div>\n<\/td>\n<td colspan=\"4\" rowspan=\"1\">\n<div class=\"magic-16\">Laserkaiverrettu sarjanumero, viivakoodi ja niin edelleen<\/div>\n<\/td>\n<\/tr>\n<tr>\n<td colspan=\"1\" rowspan=\"1\">\n<div class=\"magic-12\">Asennus<\/div>\n<\/td>\n<td colspan=\"4\" rowspan=\"1\">\n<div class=\"magic-16\">Liimalla, ruuveilla tai niiteill\u00e4<\/div>\n<\/td>\n<\/tr>\n<\/tbody>\n<\/table>\n<p>&nbsp;<\/p>\n<div class=\"auto-hide-last-sibling-br paragraph_9dc5f paragraph-element\">Anti Metal NFC etiketti NXP Mifare 1k tarjoaa laajan valikoiman sovelluksia eri aloilla joustavuuden ja kyvyn ansiosta toimia metallipinnoilla. N\u00e4in niit\u00e4 k\u00e4ytet\u00e4\u00e4n eri aloilla:<\/div>\n<div><\/div>\n<ul class=\"auto-hide-last-sibling-br\">\n<li>\n<div class=\"auto-hide-last-sibling-br paragraph_9dc5f paragraph-element\"><strong>Logistiikan hallinta<\/strong>: N\u00e4it\u00e4 tarroja voidaan k\u00e4ytt\u00e4\u00e4 tavaroiden tehokkaaseen seurantaan ja reaaliaikaiseen paikantamiseen kuljetuksen aikana. Ne tehostavat toimitusketjua ja yksinkertaistavat logistiikan hallintaa tarjoamalla jatkuvaa n\u00e4kyvyytt\u00e4 l\u00e4hetyksille.<\/div>\n<\/li>\n<li>\n<div class=\"auto-hide-last-sibling-br paragraph_9dc5f paragraph-element\"><strong>Omaisuudenhoito<\/strong>: Niill\u00e4 on keskeinen rooli yrityksen omaisuuden, kuten koneiden, ty\u00f6kalujen ja toimistolaitteiden, seurannassa ja hallinnassa. Ne mahdollistavat omaisuuden nopean ja tarkan tunnistamisen ja todentamisen, mik\u00e4 v\u00e4hent\u00e4\u00e4 katoamisen, varkauden tai v\u00e4\u00e4r\u00e4n sijainnin riski\u00e4.<\/div>\n<\/li>\n<li>\n<div class=\"auto-hide-last-sibling-br paragraph_9dc5f paragraph-element\"><strong>Toimitusketjun hallinta<\/strong>: NFC-tarroja k\u00e4ytet\u00e4\u00e4n tuotteiden seuraamiseen toimitusketjun jokaisessa vaiheessa, mik\u00e4 varmistaa l\u00e4pin\u00e4kyvyyden ja est\u00e4\u00e4 tehokkaasti v\u00e4\u00e4rennettyjen tuotteiden p\u00e4\u00e4syn markkinoille.<\/div>\n<\/li>\n<li>\n<div class=\"auto-hide-last-sibling-br paragraph_9dc5f paragraph-element\"><strong>Ajoneuvojen hallinta<\/strong>: Laivaston ajoneuvojen hallinnassa k\u00e4ytetyt tarrat tarjoavat helpon tavan seurata ja seurata ajoneuvon liikkeit\u00e4, mik\u00e4 varmistaa tehokkaan reitin optimoinnin.<\/div>\n<\/li>\n<li>\n<div class=\"auto-hide-last-sibling-br paragraph_9dc5f paragraph-element\"><strong>Varastonhallinta<\/strong>: Ne virtaviivaistavat toimintaa mahdollistamalla varaston reaaliaikaisen seurannan, mik\u00e4 tekee varastonhallintaprosessista eritt\u00e4in tehokkaan.<\/div>\n<\/li>\n<li>\n<div class=\"auto-hide-last-sibling-br paragraph_9dc5f paragraph-element\"><strong>Tuotteen vahvistus<\/strong>: NFC-tarroja voidaan k\u00e4ytt\u00e4\u00e4 tuotteiden todentamiseen, mik\u00e4 tarjoaa helpon tavan m\u00e4\u00e4ritt\u00e4\u00e4, onko tuote aito vai v\u00e4\u00e4rennetty.<\/div>\n<\/li>\n<li>\n<div class=\"auto-hide-last-sibling-br paragraph_9dc5f paragraph-element\"><strong>Omaisuuden seuranta<\/strong>: Ne yksinkertaistavat omaisuuden seurantaprosessia reaaliajassa, mik\u00e4 on erityisen hy\u00f6dyllist\u00e4 arvokkaille tavaroille tai t\u00e4rkeille laitteille, joita liikutetaan usein.<\/div>\n<\/li>\n<li>\n<div class=\"auto-hide-last-sibling-br paragraph_9dc5f paragraph-element\"><strong>Varastonhallinta<\/strong>: Tarrat auttavat varastojen hallinnassa varastoissa tai v\u00e4hitt\u00e4iskaupoissa v\u00e4hent\u00e4m\u00e4ll\u00e4 manuaalisia tarkastuksia ja varmistamalla tarkan laskennan.<\/div>\n<\/li>\n<li>\n<div class=\"auto-hide-last-sibling-br paragraph_9dc5f paragraph-element\"><strong>Maksu<\/strong>: NFC-tarroja k\u00e4ytet\u00e4\u00e4n k\u00e4teisvapaissa tapahtumissa, mik\u00e4 mahdollistaa nopeat ja turvalliset maksut yhdell\u00e4 napautuksella, kuten rannekkeissa.<\/div>\n<\/li>\n<li>\n<div class=\"auto-hide-last-sibling-br paragraph_9dc5f paragraph-element\"><strong>Sosiaalinen media<\/strong>: NFC-tarrat voidaan ohjelmoida avaamaan sosiaalisen median tilej\u00e4 tai hashtageja, mik\u00e4 tarjoaa saumattoman, yhden kosketuksen sosiaalisen median kokemuksen.<\/div>\n<\/li>\n<li>\n<div class=\"auto-hide-last-sibling-br paragraph_9dc5f paragraph-element\"><strong>Ranneke<\/strong>: K\u00e4ytet\u00e4\u00e4n tapahtumissa, joissa tarvitaan helppoa p\u00e4\u00e4sy\u00e4 ja turvallisia maksuja, kuten musiikkifestivaaleilla, messuilla ja urheilutapahtumissa.<\/div>\n<\/li>\n<\/ul>\n<div class=\"auto-hide-last-sibling-br paragraph_9dc5f paragraph-element\">Edell\u00e4 mainittu on vain tilannekuva Anti Metal NFC -etiketin NXP Mifare 1k:n monipuolisuudesta. Mahdollisuudet ovat rajattomat, ja jokainen sovellus on suunniteltu lis\u00e4\u00e4m\u00e4\u00e4n tehokkuutta, turvallisuutta ja k\u00e4ytt\u00f6mukavuutta.<\/div>\n<div><\/div>\n<div>\n<p>Metalliin on saatavilla my\u00f6s RFID-tunnisteita, jotka on suunniteltu k\u00e4ytett\u00e4v\u00e4ksi metalliesineiss\u00e4. N\u00e4m\u00e4 tunnisteet on tyypillisesti valmistettu erityisell\u00e4 liima- tai kiinnitysmenetelm\u00e4ll\u00e4, jotta varmistetaan asianmukainen kiinnitys metallipintaan ilman h\u00e4iri\u00f6it\u00e4.<\/p>\n<p>Viime k\u00e4dess\u00e4 valinta antimetallin RFID-tunnisteen tai metalliin kiinnitetyn RFID-tunnisteen v\u00e4lill\u00e4 riippuu tietyst\u00e4 sovelluksesta ja metallipinnan tyypist\u00e4, jolle tunniste kiinnitet\u00e4\u00e4n. On t\u00e4rke\u00e4\u00e4 harkita huolellisesti RFID-j\u00e4rjestelm\u00e4si ymp\u00e4rist\u00f6\u00e4 ja vaatimuksia optimaalisen suorituskyvyn varmistamiseksi.<\/p>\n<\/div>","protected":false},"excerpt":{"rendered":"<p>Anti-Metal NFC-tarra NXP Mifare 1k.Antimetallinen RFID-tunniste on erityisesti suunniteltu asennettavaksi metallipinnoille. N\u00e4m\u00e4 tunnisteet on valmistettu erityisest\u00e4 suojamateriaalista, joka est\u00e4\u00e4 metallia h\u00e4iritsem\u00e4st\u00e4 tunnisteen toimintaa. T\u00e4m\u00e4 mahdollistaa luotettavan ja tarkan RFID-tunnisteen lukemisen my\u00f6s metallipinnoille asetettuna.<\/p>","protected":false},"featured_media":351,"template":"","meta":{"_kad_post_transparent":"default","_kad_post_title":"","_kad_post_layout":"default","_kad_post_sidebar_id":"","_kad_post_content_style":"default","_kad_post_vertical_padding":"default","_kad_post_feature":"","_kad_post_feature_position":"","_kad_post_header":false,"_kad_post_footer":false,"_kad_post_classname":""},"product_brand":[],"product_cat":[54],"product_tag":[152,145,144],"class_list":{"0":"post-350","1":"product","2":"type-product","3":"status-publish","4":"has-post-thumbnail","6":"product_cat-hot-selling-rfid-tags","7":"product_tag-anti-metal-nfc-label-nxp-mifare-1k","8":"product_tag-anti-metal-nfc-tag","9":"product_tag-anti-metal-rfid-nfc-sticker","11":"first","12":"instock","13":"shipping-taxable","14":"product-type-simple","15":"entry","16":"content-bg","17":"loop-entry"},"_links":{"self":[{"href":"https:\/\/rfid-laundry-tag.com\/fi\/wp-json\/wp\/v2\/product\/350","targetHints":{"allow":["GET"]}}],"collection":[{"href":"https:\/\/rfid-laundry-tag.com\/fi\/wp-json\/wp\/v2\/product"}],"about":[{"href":"https:\/\/rfid-laundry-tag.com\/fi\/wp-json\/wp\/v2\/types\/product"}],"version-history":[{"count":0,"href":"https:\/\/rfid-laundry-tag.com\/fi\/wp-json\/wp\/v2\/product\/350\/revisions"}],"wp:featuredmedia":[{"embeddable":true,"href":"https:\/\/rfid-laundry-tag.com\/fi\/wp-json\/wp\/v2\/media\/351"}],"wp:attachment":[{"href":"https:\/\/rfid-laundry-tag.com\/fi\/wp-json\/wp\/v2\/media?parent=350"}],"wp:term":[{"taxonomy":"product_brand","embeddable":true,"href":"https:\/\/rfid-laundry-tag.com\/fi\/wp-json\/wp\/v2\/product_brand?post=350"},{"taxonomy":"product_cat","embeddable":true,"href":"https:\/\/rfid-laundry-tag.com\/fi\/wp-json\/wp\/v2\/product_cat?post=350"},{"taxonomy":"product_tag","embeddable":true,"href":"https:\/\/rfid-laundry-tag.com\/fi\/wp-json\/wp\/v2\/product_tag?post=350"}],"curies":[{"name":"wp","href":"https:\/\/api.w.org\/{rel}","templated":true}]}}