{"id":338,"date":"2024-06-28T08:41:45","date_gmt":"2024-06-28T08:41:45","guid":{"rendered":"https:\/\/rfid-laundry-tag.com\/?post_type=product&#038;p=338"},"modified":"2024-07-16T16:20:17","modified_gmt":"2024-07-16T16:20:17","slug":"nxp-mifare-1k-rfid-nfc-inlay-sticker","status":"publish","type":"product","link":"https:\/\/rfid-laundry-tag.com\/fi\/nxp-mifare-1k-rfid-nfc-inlay-sticker\/","title":{"rendered":"NXP Mifare 1k RFID NFC Inlay -tarra"},"content":{"rendered":"<table class=\"has-title all magic-13\">\n<tbody>\n<tr>\n<td colspan=\"1\" rowspan=\"1\">\n<div class=\"magic-14\" data-spm-anchor-id=\"a2700.details.0.i37.2ec61361oDo4aX\">Tuotteen nimi<\/div>\n<\/td>\n<td colspan=\"1\" rowspan=\"1\">\n<div class=\"magic-15\">NXP Mifare 1k RFID NFC Inlay -tarra<\/div>\n<\/td>\n<\/tr>\n<tr>\n<td colspan=\"1\" rowspan=\"1\">\n<div class=\"magic-14\">Siru<\/div>\n<\/td>\n<td colspan=\"1\" rowspan=\"1\">\n<div class=\"magic-15\">MIFARE Classic\u00ae 1K<\/div>\n<\/td>\n<\/tr>\n<tr>\n<td colspan=\"1\" rowspan=\"1\">\n<div class=\"magic-14\">Taajuus<\/div>\n<\/td>\n<td colspan=\"1\" rowspan=\"1\">\n<div class=\"magic-15\">13,56 MHz<\/div>\n<\/td>\n<\/tr>\n<tr>\n<td colspan=\"1\" rowspan=\"1\">\n<div class=\"magic-14\">Lukuet\u00e4isyys<\/div>\n<\/td>\n<td colspan=\"1\" rowspan=\"1\">\n<div class=\"magic-15\">1-5 cm<\/div>\n<\/td>\n<\/tr>\n<tr>\n<td colspan=\"1\" rowspan=\"1\">\n<div class=\"magic-14\">Materiaali<\/div>\n<\/td>\n<td colspan=\"1\" rowspan=\"1\">\n<div class=\"magic-15\">P\u00e4\u00e4llystetty paperi<\/div>\n<\/td>\n<\/tr>\n<tr>\n<td colspan=\"1\" rowspan=\"1\">\n<div class=\"magic-14\">Substraatti<\/div>\n<\/td>\n<td colspan=\"1\" rowspan=\"1\">\n<div class=\"magic-15\">LEMMIKKI<\/div>\n<\/td>\n<\/tr>\n<tr>\n<td colspan=\"1\" rowspan=\"1\">\n<div class=\"magic-14\">Halkaisija 50 mm Koko<\/div>\n<\/td>\n<td colspan=\"1\" rowspan=\"1\">\n<div class=\"magic-15\">Halkaisija 25mm tai r\u00e4\u00e4t\u00e4l\u00f6ity<\/div>\n<\/td>\n<\/tr>\n<tr>\n<td colspan=\"1\" rowspan=\"1\">\n<div class=\"magic-14\">Ty\u00f6tila<\/div>\n<\/td>\n<td colspan=\"1\" rowspan=\"1\">\n<div class=\"magic-15\">Passiivinen<\/div>\n<\/td>\n<\/tr>\n<tr>\n<td colspan=\"1\" rowspan=\"1\">\n<div class=\"magic-14\">Kirjoita Cycles<\/div>\n<\/td>\n<td colspan=\"1\" rowspan=\"1\">\n<div class=\"magic-15\">100000<\/div>\n<\/td>\n<\/tr>\n<tr>\n<td colspan=\"1\" rowspan=\"1\">\n<div class=\"magic-14\">K\u00e4ytt\u00f6l\u00e4mp\u00f6tila\/kosteus<\/div>\n<\/td>\n<td colspan=\"1\" rowspan=\"1\">\n<div class=\"magic-15\">-40 ~ 70 \u2103\/20% ~ 90% RH<\/div>\n<\/td>\n<\/tr>\n<tr>\n<td colspan=\"1\" rowspan=\"1\">\n<div class=\"magic-14\">Varastointil\u00e4mp\u00f6tila\/kosteus<\/div>\n<\/td>\n<td colspan=\"1\" rowspan=\"1\">\n<div class=\"magic-15\">-20 ~ 50 \u2103 \/ 20% ~ 90% RH (ilman kondensaatiota).<\/div>\n<\/td>\n<\/tr>\n<tr>\n<td colspan=\"1\" rowspan=\"1\">\n<div class=\"magic-14\">N\u00e4ytteen saatavuus<\/div>\n<\/td>\n<td colspan=\"1\" rowspan=\"1\">\n<div class=\"magic-15\">Ilmaisia n\u00e4ytteit\u00e4 on saatavilla pyynn\u00f6st\u00e4<\/div>\n<\/td>\n<\/tr>\n<tr>\n<td colspan=\"1\" rowspan=\"1\">\n<div class=\"magic-14\">Pakkaus<\/div>\n<\/td>\n<td colspan=\"1\" rowspan=\"1\">\n<div class=\"magic-15\">1000-5000 kpl \/ rulla, 4 rullaa \/ laatikko<\/div>\n<\/td>\n<\/tr>\n<tr>\n<td colspan=\"1\" rowspan=\"1\">\n<div class=\"magic-14\">\n<p>Sovellus<\/p>\n<div><\/div>\n<\/div>\n<\/td>\n<td colspan=\"1\" rowspan=\"1\">\n<div class=\"magic-15\" data-spm-anchor-id=\"a2700.details.0.i47.2ec61361oDo4aX\">Suojattu sis\u00e4\u00e4np\u00e4\u00e4syn valvonta \/ k\u00e4teismaksut J\u00e4senyys ja kanta-asiakasohjelmat tapahtumiin p\u00e4\u00e4sy ja br\u00e4nd\u00e4ys \/ sosiaalinen media \/ v\u00e4hitt\u00e4iskauppa<br \/>\nYmp\u00e4rist\u00f6\/Pelit ja lelut Sijainti\/Elektroniikka\/Messut\/Tapahtumat\/Puhelupyynt\u00f6\/K\u00e4yntikortit<\/div>\n<\/td>\n<\/tr>\n<\/tbody>\n<\/table>\n<p>&nbsp;<\/p>\n<p><strong>NXP<sup>\u00ae<\/sup>\u00a0on kehitt\u00e4nyt MIFAREn<sup>\u00ae<\/sup>\u00a0MF1ICS50 k\u00e4ytett\u00e4v\u00e4ksi kosketuksettomassa \u00e4lykortissa ISO\/IEC 14443 Type-A mukaisesti.<\/strong><\/p>\n<p>MIFARE MF1ICS50 IC:t\u00e4 k\u00e4ytet\u00e4\u00e4n sovelluksissa, kuten joukkoliikenteen lipunmyynniss\u00e4, joissa suuret kaupungit ovat ottaneet MIFAREn e-lippuratkaisukseensa.<\/p>\n<p>\u00c4lyk\u00e4s t\u00f6rm\u00e4yksenestotoiminto mahdollistaa useamman kuin yhden kortin k\u00e4yt\u00f6n kent\u00e4ll\u00e4 samanaikaisesti. T\u00f6rm\u00e4yksenestoalgoritmi valitsee jokaisen kortin yksitellen ja varmistaa, ett\u00e4 tapahtuman suorittaminen valitulla kortilla suoritetaan oikein ilman muiden kent\u00e4ll\u00e4 olevien korttien aiheuttamaa tietojen korruptiota.<\/p>\n<p>MF1ICS50 on suunniteltu yksinkertaista integrointia ja k\u00e4ytt\u00f6mukavuutta varten. T\u00e4m\u00e4 voisi mahdollistaa t\u00e4ydellisen lipunmyyntitapahtuman k\u00e4sittelemisen alle 100 ms:ssa. N\u00e4in ollen MF1ICS50-kortin k\u00e4ytt\u00e4j\u00e4\u00e4 ei pakoteta pys\u00e4htym\u00e4\u00e4n lukijaan, mik\u00e4 johtaa korkeaan l\u00e4pikulkukykyyn porteilla ja lyhent\u00e4viin bussiin nousuaikoihin. MIFARE-tuotepohjainen kortti voi my\u00f6s j\u00e4\u00e4d\u00e4 lompakkoon tapahtuman aikana, vaikka siin\u00e4 olisi kolikoita.<\/p>\n<p>Joitakin yleisi\u00e4 NXP Mifare 1k RFID NFC -inlay-tarroihin liittyvi\u00e4 usein kysyttyj\u00e4 kysymyksi\u00e4:<\/p>\n<ol>\n<li>Mik\u00e4 on NXP Mifare 1k RFID NFC -inlay-tarra?<\/li>\n<\/ol>\n<ul>\n<li>Inlay-tarra koostuu tyypillisesti pienest\u00e4 RFID\/NFC-sirusta ja antennista, jotka on upotettu ohueen liimakerrokseen. NXP Mifare 1k viittaa tietyntyyppiseen siruun, jota k\u00e4ytet\u00e4\u00e4n upotuksessa.<\/li>\n<\/ul>\n<ol start=\"2\">\n<li>Mitk\u00e4 ovat NXP Mifare 1k RFID NFC -inlay-tarrojen ominaisuudet?<\/li>\n<\/ol>\n<ul>\n<li>NXP Mifare 1k -sirua k\u00e4ytet\u00e4\u00e4n yleisesti sovelluksissa, kuten kulunvalvonta-, kuljetus- ja kanta-asiakasohjelmissa. Se tarjoaa 1 kilotavu muistia ja tukee useita todennusmenetelmi\u00e4 turvalliseen tietojen tallentamiseen.<\/li>\n<\/ul>\n<ol start=\"3\">\n<li>Kuinka NXP Mifare 1k RFID NFC -upotustarrat voidaan ohjelmoida?<\/li>\n<\/ol>\n<ul>\n<li>N\u00e4m\u00e4 tarrat voidaan ohjelmoida k\u00e4ytt\u00e4m\u00e4ll\u00e4 NFC-yhteensopivia laitteita, kuten \u00e4lypuhelimia tai erityisi\u00e4 RFID\/NFC-lukijoita. T\u00e4m\u00e4 mahdollistaa sirulle tallennettujen tietojen, kuten yksil\u00f6llisten tunnisteiden tai suoja-avaimien, mukauttamisen.<\/li>\n<\/ul>\n<ol start=\"4\">\n<li>Mitk\u00e4 ovat NXP Mifare 1k RFID NFC -inlay-tarrojen tyypilliset k\u00e4ytt\u00f6tapaukset?<\/li>\n<\/ol>\n<ul>\n<li>N\u00e4it\u00e4 tarroja k\u00e4ytet\u00e4\u00e4n yleisesti kontaktittomissa maksuj\u00e4rjestelmiss\u00e4, kulunvalvontakorteissa, lippuratkaisuissa ja varaston seurannassa. Ne ovat monipuolisia ja ne voidaan integroida erilaisiin RFID\/NFC-tekniikkaa vaativiin sovelluksiin.<\/li>\n<\/ul>\n<ol start=\"5\">\n<li>Ovatko NXP Mifare 1k RFID NFC -tarrat turvallisia?<\/li>\n<\/ol>\n<ul>\n<li>NXP Mifare 1k -siru tarjoaa sis\u00e4\u00e4nrakennettuja suojausominaisuuksia, kuten salaus- ja todennusprotokollat, jotka est\u00e4v\u00e4t sirulle tallennettujen tietojen luvattoman k\u00e4yt\u00f6n. Turvatoimenpiteiden asianmukainen toteuttaminen on kuitenkin t\u00e4rke\u00e4\u00e4 j\u00e4rjestelm\u00e4n yleisen turvallisuuden varmistamiseksi.<\/li>\n<\/ul>","protected":false},"excerpt":{"rendered":"<p>NFC-uiste MIFARE Classic EV1 1K (MF1S503yX) NFC-sirulla. N\u00e4m\u00e4 upotukset on suunniteltu ohuiksi ja edullisiksi, siru ja antenni asetetaan liiman p\u00e4\u00e4lle alasp\u00e4in. Inlayssa on 4-tavuinen NUID, ja antenni on yleens\u00e4 havaittavissa, kun sormea vedet\u00e4\u00e4n pinnan poikki.<\/p>","protected":false},"featured_media":339,"template":"","meta":{"_kad_post_transparent":"default","_kad_post_title":"","_kad_post_layout":"default","_kad_post_sidebar_id":"","_kad_post_content_style":"default","_kad_post_vertical_padding":"default","_kad_post_feature":"","_kad_post_feature_position":"","_kad_post_header":false,"_kad_post_footer":false,"_kad_post_classname":""},"product_brand":[],"product_cat":[54,189],"product_tag":[112,147],"class_list":{"0":"post-338","1":"product","2":"type-product","3":"status-publish","4":"has-post-thumbnail","6":"product_cat-hot-selling-rfid-tags","7":"product_cat-rfid-inlay","8":"product_tag-13-56mhz-rfid-inlay","9":"product_tag-nxp-mifare-1k-rfid-nfc-inlay-sticker","11":"first","12":"instock","13":"shipping-taxable","14":"product-type-simple","15":"entry","16":"content-bg","17":"loop-entry"},"_links":{"self":[{"href":"https:\/\/rfid-laundry-tag.com\/fi\/wp-json\/wp\/v2\/product\/338","targetHints":{"allow":["GET"]}}],"collection":[{"href":"https:\/\/rfid-laundry-tag.com\/fi\/wp-json\/wp\/v2\/product"}],"about":[{"href":"https:\/\/rfid-laundry-tag.com\/fi\/wp-json\/wp\/v2\/types\/product"}],"version-history":[{"count":1,"href":"https:\/\/rfid-laundry-tag.com\/fi\/wp-json\/wp\/v2\/product\/338\/revisions"}],"predecessor-version":[{"id":717,"href":"https:\/\/rfid-laundry-tag.com\/fi\/wp-json\/wp\/v2\/product\/338\/revisions\/717"}],"wp:featuredmedia":[{"embeddable":true,"href":"https:\/\/rfid-laundry-tag.com\/fi\/wp-json\/wp\/v2\/media\/339"}],"wp:attachment":[{"href":"https:\/\/rfid-laundry-tag.com\/fi\/wp-json\/wp\/v2\/media?parent=338"}],"wp:term":[{"taxonomy":"product_brand","embeddable":true,"href":"https:\/\/rfid-laundry-tag.com\/fi\/wp-json\/wp\/v2\/product_brand?post=338"},{"taxonomy":"product_cat","embeddable":true,"href":"https:\/\/rfid-laundry-tag.com\/fi\/wp-json\/wp\/v2\/product_cat?post=338"},{"taxonomy":"product_tag","embeddable":true,"href":"https:\/\/rfid-laundry-tag.com\/fi\/wp-json\/wp\/v2\/product_tag?post=338"}],"curies":[{"name":"wp","href":"https:\/\/api.w.org\/{rel}","templated":true}]}}