{"id":334,"date":"2024-06-28T08:07:22","date_gmt":"2024-06-28T08:07:22","guid":{"rendered":"https:\/\/rfid-laundry-tag.com\/?post_type=product&#038;p=334"},"modified":"2024-06-28T08:17:53","modified_gmt":"2024-06-28T08:17:53","slug":"rfid-ntag213-nfc-coin-tag","status":"publish","type":"product","link":"https:\/\/rfid-laundry-tag.com\/fi\/rfid-ntag213-nfc-coin-tag\/","title":{"rendered":"RFID Ntag213 NFC-kolikkotunniste"},"content":{"rendered":"<p><strong>RFID Ntag213 NFC-kolikkotunniste<\/strong><\/p>\n<p style=\"text-align: left;\">T\u00e4rkeimm\u00e4t tiedot: kiekonkest\u00e4v\u00e4 ja kest\u00e4v\u00e4.<\/p>\n<p style=\"text-align: left;\">Koko ja logon mukauttaminen ovat hyv\u00e4ksytt\u00e4vi\u00e4.<\/p>\n<p style=\"text-align: left;\">Tulosta: valkoinen v\u00e4ri tai mukauta logo<\/p>\n<p style=\"text-align: left;\">Koko: Halkaisija 25 mm, 30 mm<\/p>\n<p style=\"text-align: left;\">Minimim\u00e4\u00e4r\u00e4: 1000 kpl<\/p>\n<p style=\"text-align: left;\">Sirut: Ntag213, Ntag215, Ntag216 jne.<\/p>\n<p style=\"text-align: left;\">Lis\u00e4ominaisuudet: logo, tulostuksen sarjanumero, QR-koodi, viivakoodit, muuttuvat tiedot ja sarjointi jne.<\/p>\n<table border=\"1\" cellspacing=\"0\" cellpadding=\"0\">\n<tbody>\n<tr>\n<td colspan=\"2\">\n<p align=\"left\">Tekniset tiedot<\/p>\n<\/td>\n<\/tr>\n<tr>\n<td>\n<p align=\"left\">Merkin\/sirun tyyppi<\/p>\n<\/td>\n<td>\n<p align=\"left\">NXP Ntag213<\/p>\n<\/td>\n<\/tr>\n<tr>\n<td>\n<p align=\"left\">Toimintataajuus<\/p>\n<\/td>\n<td>\n<p align=\"left\">13,56 MHz<\/p>\n<\/td>\n<\/tr>\n<tr>\n<td>\n<p align=\"left\">Testattu lukualue<\/p>\n<\/td>\n<td>\n<p align=\"left\">0 \u2013 100 mm lukijan tehosta riippuen<\/p>\n<\/td>\n<\/tr>\n<tr>\n<td>\n<p align=\"left\">Multi-Detection<\/p>\n<\/td>\n<td>\n<p align=\"left\">Joo<\/p>\n<\/td>\n<\/tr>\n<tr>\n<td>\n<p align=\"left\">Koko<\/p>\n<\/td>\n<td>Halkaisija 25mm<\/td>\n<\/tr>\n<tr>\n<td>\n<p align=\"left\">Materiaali<\/p>\n<\/td>\n<td>\n<p align=\"left\">PVC \/ PET \/ antenni jne<\/p>\n<\/td>\n<\/tr>\n<tr>\n<td>\n<p align=\"left\">Protokolla:<\/p>\n<\/td>\n<td>\n<p align=\"left\">ISO14443A<\/p>\n<\/td>\n<\/tr>\n<tr>\n<td>\n<p align=\"left\">Ymp\u00e4rist\u00f6spesifikaatio<\/p>\n<\/td>\n<td>\n<p align=\"left\">S\u00e4ilyvyys 5 vuotta<\/p>\n<p align=\"left\">Suositus: -25C - +50C<\/p>\n<p align=\"left\">Varastointiolosuhteet: 20% - 90%RH<\/p>\n<p align=\"left\">K\u00e4ytt\u00f6l\u00e4mp\u00f6tila: -40C - +65C<\/p>\n<\/td>\n<\/tr>\n<tr>\n<td>\n<p align=\"left\">Luku\/kirjoitusajat:<\/p>\n<\/td>\n<td>\n<p align=\"left\">100 000 kertaa<\/p>\n<\/td>\n<\/tr>\n<tr>\n<td>\n<p align=\"left\">Sovellus:<\/p>\n<\/td>\n<td>\n<p align=\"left\" data-spm-anchor-id=\"a2700.wholesale.0.i54.a0d8206fLph15n\">Julkinen liikenne, Kulunhallinta, E-liput, Logistiikka ja toimitusten hallinta, Tuotannon valmistus ja kokoonpano, Tuulilasitarra, Asiakirjojen seuranta, Pesujen hallinta, Kirjastonhallinta, El\u00e4inten identiteetti ja niin edelleen<\/p>\n<\/td>\n<\/tr>\n<\/tbody>\n<\/table>\n<p>&nbsp;<\/p>\n<p>T\u00e4m\u00e4 liimalla varustettu RFID NFC -kolikkolappu vaikuttaa kest\u00e4v\u00e4lt\u00e4 ja luotettavalta tuotteelta, etenkin mainitsemiesi ominaisuuksien kanssa. Antimetallimateriaalien, 3M-liiman ja ultra\u00e4\u00e4nihitsauksen sis\u00e4llytt\u00e4minen parantaa sen suorituskyky\u00e4 metallipinnoilla ja varmistaa vedenpit\u00e4vyyden ja putoamisen eston. Puhtaan kuparilankakelan k\u00e4ytt\u00f6 taajuuden vakauteen on loistava valinta, sill\u00e4 se mahdollistaa tasaiset kortin lukuet\u00e4isyydet haastavissakin ymp\u00e4rist\u00f6iss\u00e4. Kaiken kaikkiaan t\u00e4m\u00e4n tekniikan pit\u00e4isi tarjota luotettava ja tasainen suorituskyky, mik\u00e4 tekee siit\u00e4 sopivan ankariin olosuhteisiin.<\/p>\n<p>RFID Ntag213 NFC -kolikkotunniste on suosittu valinta erilaisiin sovelluksiin, kuten omaisuuden seurantaan, kulunvalvontaan ja l\u00e4himaksuihin. Siin\u00e4 yhdistyv\u00e4t RFID-tekniikan edut Near Field Communication (NFC) -ominaisuuksiin, mik\u00e4 mahdollistaa saumattoman viestinn\u00e4n yhteensopivien laitteiden kanssa l\u00e4hiet\u00e4isyydelt\u00e4.<\/p>\n<p>Kolikkotunnisteeseen upotettu Ntag213-siru tarjoaa ominaisuuksia, kuten t\u00f6rm\u00e4yksenestotoiminnon, nopeat tiedonsiirtonopeudet ja yhteensopivuuden useiden NFC-yhteensopivien laitteiden kanssa. Tyypillisesti PVC:st\u00e4 tai l\u00e4pin\u00e4kyv\u00e4st\u00e4 PVC-materiaalista valmistettu kolikkolappu on pieni koko, joten se on helppo asentaa esineisiin ja tarjoaa kest\u00e4vyytt\u00e4 sis\u00e4- ja ulkok\u00e4ytt\u00f6\u00f6n. Lis\u00e4ksi sen vedenpit\u00e4v\u00e4 rakenne takaa luotettavan suorituskyvyn erilaisissa ymp\u00e4rist\u00f6olosuhteissa.<\/p>\n<p>Kaiken kaikkiaan RFID Ntag213 NFC -kolikkotunniste on monipuolinen ja luotettava ratkaisu RFID- ja NFC-tekniikan toteuttamiseen omaisuuden seurannassa ja muissa turvallista ja tehokasta tiedonvaihtoa vaativissa sovelluksissa.<\/p>","protected":false},"excerpt":{"rendered":"<p>Ntag213 NFC -kolikkotunniste on vankka valinta omaisuuden seurantaan pienen kokonsa, asennuksen helppouden ja kest\u00e4vyyden vuoksi. PVC- tai PET-materiaalilla sirumuisti on 144 tavua.<\/p>","protected":false},"featured_media":335,"template":"","meta":{"_kad_post_transparent":"default","_kad_post_title":"","_kad_post_layout":"default","_kad_post_sidebar_id":"","_kad_post_content_style":"default","_kad_post_vertical_padding":"default","_kad_post_feature":"","_kad_post_feature_position":"","_kad_post_header":false,"_kad_post_footer":false,"_kad_post_classname":""},"product_brand":[],"product_cat":[54],"product_tag":[145,144],"class_list":{"0":"post-334","1":"product","2":"type-product","3":"status-publish","4":"has-post-thumbnail","6":"product_cat-hot-selling-rfid-tags","7":"product_tag-anti-metal-nfc-tag","8":"product_tag-anti-metal-rfid-nfc-sticker","10":"first","11":"instock","12":"shipping-taxable","13":"product-type-simple","14":"entry","15":"content-bg","16":"loop-entry"},"_links":{"self":[{"href":"https:\/\/rfid-laundry-tag.com\/fi\/wp-json\/wp\/v2\/product\/334","targetHints":{"allow":["GET"]}}],"collection":[{"href":"https:\/\/rfid-laundry-tag.com\/fi\/wp-json\/wp\/v2\/product"}],"about":[{"href":"https:\/\/rfid-laundry-tag.com\/fi\/wp-json\/wp\/v2\/types\/product"}],"version-history":[{"count":0,"href":"https:\/\/rfid-laundry-tag.com\/fi\/wp-json\/wp\/v2\/product\/334\/revisions"}],"wp:featuredmedia":[{"embeddable":true,"href":"https:\/\/rfid-laundry-tag.com\/fi\/wp-json\/wp\/v2\/media\/335"}],"wp:attachment":[{"href":"https:\/\/rfid-laundry-tag.com\/fi\/wp-json\/wp\/v2\/media?parent=334"}],"wp:term":[{"taxonomy":"product_brand","embeddable":true,"href":"https:\/\/rfid-laundry-tag.com\/fi\/wp-json\/wp\/v2\/product_brand?post=334"},{"taxonomy":"product_cat","embeddable":true,"href":"https:\/\/rfid-laundry-tag.com\/fi\/wp-json\/wp\/v2\/product_cat?post=334"},{"taxonomy":"product_tag","embeddable":true,"href":"https:\/\/rfid-laundry-tag.com\/fi\/wp-json\/wp\/v2\/product_tag?post=334"}],"curies":[{"name":"wp","href":"https:\/\/api.w.org\/{rel}","templated":true}]}}