{"id":332,"date":"2024-06-28T07:49:21","date_gmt":"2024-06-28T07:49:21","guid":{"rendered":"https:\/\/rfid-laundry-tag.com\/?post_type=product&#038;p=332"},"modified":"2024-06-28T08:02:32","modified_gmt":"2024-06-28T08:02:32","slug":"waterproof-pvc-ntag215-coin-nfc-tag","status":"publish","type":"product","link":"https:\/\/rfid-laundry-tag.com\/fi\/waterproof-pvc-ntag215-coin-nfc-tag\/","title":{"rendered":"Vedenpit\u00e4v\u00e4 PVC Ntag215 kolikon NFC-tunniste"},"content":{"rendered":"<p><strong>Vedenpit\u00e4v\u00e4 PVC Ntag215 kolikon NFC-tunniste<\/strong><\/p>\n<p>The <strong>Ntag215 kolikon NFC-tunniste<\/strong>, valmistettu PVC:st\u00e4 (tai l\u00e4pin\u00e4kyv\u00e4st\u00e4 PVC:st\u00e4), on erinomainen vaihtoehto omaisuuden seurantaan johtuen:<\/p>\n<ul>\n<li><strong>Pieni koko:<\/strong>\u00a0Helppo asentaa erilaisiin kohteisiin lis\u00e4\u00e4m\u00e4tt\u00e4 massaa.<\/li>\n<li><strong>Vedenpit\u00e4v\u00e4 muotoilu:<\/strong>\u00a0Soveltuu sek\u00e4 sis\u00e4- ett\u00e4 ulkok\u00e4ytt\u00f6\u00f6n, my\u00f6s ankarissa olosuhteissa.<\/li>\n<li><strong>Sis\u00e4\u00e4nrakennettu 13,56 MHz NFC-siru:<\/strong>\u00a0Mahdollistaa luotettavan tiedonsiirron ja viestinn\u00e4n RFID-lukijoiden kanssa.<\/li>\n<\/ul>\n<p><strong>Avainominaisuudet:<\/strong><\/p>\n<ul>\n<li><strong>Materiaali:<\/strong>\u00a0PVC (tai l\u00e4pin\u00e4kyv\u00e4 PVC)<\/li>\n<li><strong>Siru:<\/strong>\u00a0Ntag215<\/li>\n<li><strong>Taajuus:<\/strong>\u00a013,56 MHz<\/li>\n<li><strong>Vedenpit\u00e4v\u00e4:<\/strong>\u00a0Joo<\/li>\n<li><strong>Sovellukset:<\/strong>\u00a0Omaisuuden seuranta, varastonhallinta, kulunvalvonta ja paljon muuta.<\/li>\n<\/ul>\n<table border=\"1\" cellspacing=\"0\" cellpadding=\"0\">\n<tbody>\n<tr>\n<td colspan=\"2\">\n<p align=\"left\">Tekniset tiedot<\/p>\n<\/td>\n<\/tr>\n<tr>\n<td>\n<p align=\"left\">Merkin\/sirun tyyppi<\/p>\n<\/td>\n<td>\n<p align=\"left\">NXP Ntag215<\/p>\n<\/td>\n<\/tr>\n<tr>\n<td>\n<p align=\"left\">Toimintataajuus<\/p>\n<\/td>\n<td>\n<p align=\"left\">13,56 MHz<\/p>\n<\/td>\n<\/tr>\n<tr>\n<td>\n<p align=\"left\">Testattu lukualue<\/p>\n<\/td>\n<td>\n<p align=\"left\">0 \u2013 100 mm lukijan tehosta riippuen<\/p>\n<\/td>\n<\/tr>\n<tr>\n<td>\n<p align=\"left\">Multi-Detection<\/p>\n<\/td>\n<td>\n<p align=\"left\">Joo<\/p>\n<\/td>\n<\/tr>\n<tr>\n<td>\n<p align=\"left\">Koko<\/p>\n<\/td>\n<td>Halkaisija 25mm<\/td>\n<\/tr>\n<tr>\n<td>\n<p align=\"left\">Materiaali<\/p>\n<\/td>\n<td>\n<p align=\"left\">PVC \/ PET \/ antenni jne<\/p>\n<\/td>\n<\/tr>\n<tr>\n<td>\n<p align=\"left\">Protokolla:<\/p>\n<\/td>\n<td>\n<p align=\"left\">ISO14443A<\/p>\n<\/td>\n<\/tr>\n<tr>\n<td>\n<p align=\"left\">Ymp\u00e4rist\u00f6spesifikaatio<\/p>\n<\/td>\n<td>\n<p align=\"left\">S\u00e4ilyvyys 5 vuotta<\/p>\n<p align=\"left\">Suositus: -25C - +50C<\/p>\n<p align=\"left\">Varastointiolosuhteet: 20% - 90%RH<\/p>\n<p align=\"left\">K\u00e4ytt\u00f6l\u00e4mp\u00f6tila: -40C - +65C<\/p>\n<\/td>\n<\/tr>\n<tr>\n<td>\n<p align=\"left\">Luku\/kirjoitusajat:<\/p>\n<\/td>\n<td>\n<p align=\"left\">100 000 kertaa<\/p>\n<\/td>\n<\/tr>\n<tr>\n<td>\n<p align=\"left\">Sovellus:<\/p>\n<\/td>\n<td>\n<p align=\"left\" data-spm-anchor-id=\"a2700.wholesale.0.i54.a0d8206fLph15n\">Julkinen liikenne, Kulunhallinta, E-liput, Logistiikka ja toimitusten hallinta, Tuotannon valmistus ja kokoonpano, Tuulilasitarra, Asiakirjojen seuranta, Pesujen hallinta, Kirjastonhallinta, El\u00e4inten identiteetti ja niin edelleen<\/p>\n<\/td>\n<\/tr>\n<\/tbody>\n<\/table>\n<p>&nbsp;<\/p>\n<p><strong>Edut:<\/strong><\/p>\n<ul>\n<li><strong>Parannettu suojaus:<\/strong>\u00a0RFID-tekniikka auttaa suojaamaan varkauksilta ja luvattomalta k\u00e4yt\u00f6lt\u00e4.<\/li>\n<li><strong>Parempi tehokkuus:<\/strong>\u00a0Reaaliaikainen seuranta mahdollistaa tehokkaan omaisuudenhallinnan ja varastonhallinnan.<\/li>\n<li><strong>Kustannustehokkuus:<\/strong>\u00a0Kest\u00e4v\u00e4 rakenne ja vedenpit\u00e4v\u00e4 muotoilu minimoivat vaihtokustannukset.<\/li>\n<li><strong>Monipuoliset sovellukset:<\/strong>\u00a0Soveltuu monenlaisiin teollisuudenaloihin ja k\u00e4ytt\u00f6kohteisiin.<\/li>\n<\/ul>","protected":false},"excerpt":{"rendered":"<p>Vedenpit\u00e4v\u00e4 PVC Ntag215 kolikon NFC-tunniste tarjoaa luotettavan ja monipuolisen ratkaisun omaisuuden seurantatarpeisiin. Sen kompakti koko, vedenpit\u00e4v\u00e4 muotoilu ja sulautettu NFC-siru tekev\u00e4t siit\u00e4 arvokkaan ty\u00f6kalun organisaatioille, jotka haluavat optimoida omaisuudenhallintaprosessejaan.<\/p>","protected":false},"featured_media":333,"template":"","meta":{"_kad_post_transparent":"default","_kad_post_title":"","_kad_post_layout":"default","_kad_post_sidebar_id":"","_kad_post_content_style":"default","_kad_post_vertical_padding":"default","_kad_post_feature":"","_kad_post_feature_position":"","_kad_post_header":false,"_kad_post_footer":false,"_kad_post_classname":""},"product_brand":[],"product_cat":[54],"product_tag":[145,144],"class_list":{"0":"post-332","1":"product","2":"type-product","3":"status-publish","4":"has-post-thumbnail","6":"product_cat-hot-selling-rfid-tags","7":"product_tag-anti-metal-nfc-tag","8":"product_tag-anti-metal-rfid-nfc-sticker","10":"first","11":"instock","12":"shipping-taxable","13":"product-type-simple","14":"entry","15":"content-bg","16":"loop-entry"},"_links":{"self":[{"href":"https:\/\/rfid-laundry-tag.com\/fi\/wp-json\/wp\/v2\/product\/332","targetHints":{"allow":["GET"]}}],"collection":[{"href":"https:\/\/rfid-laundry-tag.com\/fi\/wp-json\/wp\/v2\/product"}],"about":[{"href":"https:\/\/rfid-laundry-tag.com\/fi\/wp-json\/wp\/v2\/types\/product"}],"version-history":[{"count":0,"href":"https:\/\/rfid-laundry-tag.com\/fi\/wp-json\/wp\/v2\/product\/332\/revisions"}],"wp:featuredmedia":[{"embeddable":true,"href":"https:\/\/rfid-laundry-tag.com\/fi\/wp-json\/wp\/v2\/media\/333"}],"wp:attachment":[{"href":"https:\/\/rfid-laundry-tag.com\/fi\/wp-json\/wp\/v2\/media?parent=332"}],"wp:term":[{"taxonomy":"product_brand","embeddable":true,"href":"https:\/\/rfid-laundry-tag.com\/fi\/wp-json\/wp\/v2\/product_brand?post=332"},{"taxonomy":"product_cat","embeddable":true,"href":"https:\/\/rfid-laundry-tag.com\/fi\/wp-json\/wp\/v2\/product_cat?post=332"},{"taxonomy":"product_tag","embeddable":true,"href":"https:\/\/rfid-laundry-tag.com\/fi\/wp-json\/wp\/v2\/product_tag?post=332"}],"curies":[{"name":"wp","href":"https:\/\/api.w.org\/{rel}","templated":true}]}}