{"id":327,"date":"2024-06-28T07:06:49","date_gmt":"2024-06-28T07:06:49","guid":{"rendered":"https:\/\/rfid-laundry-tag.com\/?post_type=product&#038;p=327"},"modified":"2024-07-16T16:21:25","modified_gmt":"2024-07-16T16:21:25","slug":"rfid-1k-f08-inlay-sticker","status":"publish","type":"product","link":"https:\/\/rfid-laundry-tag.com\/fi\/rfid-1k-f08-inlay-sticker\/","title":{"rendered":"RFID 1K F08 Inlay tarra"},"content":{"rendered":"<div><strong>RFID NFC -uisteet<\/strong> kahta tyyppi\u00e4, m\u00e4rk\u00e4 ja kuiva. M\u00e4rk\u00e4 RFID NFC -ukko on varustettu tahmealla taustalla, kun taas kuivalla ei. Ne tarjoavat 13,56 MHz:n tunnistevaihtoehdon, joka on erityisesti suunniteltu alkuper\u00e4isten laitevalmistajille (OEM). N\u00e4ille upotuksille on saatavana sek\u00e4 ISO 15693 ett\u00e4 14443 NFC-muistipiirej\u00e4.<\/div>\n<div><\/div>\n<div class=\"text-title\"><strong><span class=\"magic-26\" style=\"font-family: Arial;\" data-spm-anchor-id=\"a2700.details.0.i47.6f4d7d7dnursE7\">Kuiva inlay<\/span><\/strong><\/div>\n<div class=\"text-content\">\n<p><span class=\"magic-6\" style=\"font-family: Arial;\">Yksinkertaisesti sanottuna RFID-kuivainlay on RFID-sirun ja antennin yhdistelm\u00e4. Sit\u00e4 voidaan k\u00e4ytt\u00e4\u00e4 NFC-tarran, RFID-tarran, RFID-lipun ja erilaisten RFID-tunnisteiden valmistukseen. <\/span><\/p>\n<div data-spm-anchor-id=\"a2700.details.0.i46.6f4d7d7dnursE7\">\n<p><span class=\"magic-6\" style=\"font-family: Arial;\"> Kuivainlayn antenni on alumiinietsaus, joka on kuparikelaan verrattuna ohuempi. Antennin muotoa voidaan r\u00e4\u00e4t\u00e4l\u00f6id\u00e4 ja suunnitella uudelleen tarpeen mukaan.<\/span><\/p>\n<p>&nbsp;<\/p>\n<\/div>\n<\/div>\n<div>\n<div class=\"text-title\"><strong><span class=\"magic-26\" style=\"font-family: Arial;\">M\u00e4rk\u00e4 inlay<\/span><\/strong><\/div>\n<div class=\"text-content\">\n<p><span class=\"magic-6\" style=\"font-family: Arial;\" data-spm-anchor-id=\"a2700.details.0.i49.6f4d7d7dnursE7\">Liimalla lis\u00e4tty\u00e4 RFID-kuivauotetta kutsutaan m\u00e4rk\u00e4inlayksi. Sit\u00e4 voidaan k\u00e4ytt\u00e4\u00e4 suoraan RFID-tarrana tai NFC-tarrana, jos et tarvitse tulostusta pinnalle. Esineiden kiinnitt\u00e4misell\u00e4 voidaan s\u00e4\u00e4st\u00e4\u00e4 kustannuksia ja saavuttaa sama tarkoitus. Sit\u00e4 k\u00e4ytet\u00e4\u00e4n my\u00f6s laajalti RFID-tunnisteiden valmistuksessa. M\u00e4rk\u00e4inlayn antenni on alumiinietsaus, joka on kuparikelaan verrattuna ohuempi. Antennin muotoa voidaan r\u00e4\u00e4t\u00e4l\u00f6id\u00e4 ja suunnitella uudelleen tarpeen mukaan.<\/span><\/p>\n<div><\/div>\n<div data-spm-anchor-id=\"a2700.details.0.i48.6f4d7d7dnursE7\">\n<table class=\"hight-light-first-column all magic-14\">\n<tbody>\n<tr>\n<td colspan=\"1\" rowspan=\"1\">\n<div class=\"magic-15\"><b>Materiaali<\/b><\/div>\n<\/td>\n<td colspan=\"1\" rowspan=\"1\">\n<div class=\"magic-16\" data-spm-anchor-id=\"a2700.details.0.i34.21f6414cWQ4Zrf\">Paperi \/ L\u00e4mp\u00f6paperi \/ Kangas \/ PVC \/ PET<\/div>\n<\/td>\n<\/tr>\n<tr>\n<td colspan=\"1\" rowspan=\"1\">\n<div class=\"magic-15\"><b>Koko<\/b><\/div>\n<\/td>\n<td colspan=\"1\" rowspan=\"1\">\n<div class=\"magic-16\">Halkaisija 18 mm, halkaisija 20 mm, halkaisija 22 mm, 25 mm, 18 * 56 mm, 25 * 25 mm, 30 * 30 mm, 40 * 40 mm tai mukautettu koko.<\/div>\n<\/td>\n<\/tr>\n<tr>\n<td colspan=\"1\" rowspan=\"1\">\n<div class=\"magic-15\"><b>Tulostus<\/b><\/div>\n<\/td>\n<td colspan=\"1\" rowspan=\"1\">\n<div class=\"magic-16\">Ei tarvitse tulostaa<\/div>\n<\/td>\n<\/tr>\n<tr>\n<td colspan=\"1\" rowspan=\"1\">\n<div class=\"magic-15\"><b>Saatavilla Chip<\/b><\/div>\n<\/td>\n<td colspan=\"1\" rowspan=\"1\">\n<div class=\"magic-16\">\n<p>RFID 1K F08<\/p>\n<\/div>\n<\/td>\n<\/tr>\n<tr>\n<td colspan=\"1\" rowspan=\"1\">\n<div class=\"magic-21\"><b>Protokolla:<\/b><\/div>\n<\/td>\n<td colspan=\"4\" rowspan=\"1\">\n<div class=\"magic-22\">ISO\/IEC 14443 tyyppi A<\/div>\n<\/td>\n<\/tr>\n<tr>\n<td colspan=\"1\" rowspan=\"1\">\n<div class=\"magic-26\"><b>K\u00e4sity\u00f6t:<\/b><\/div>\n<\/td>\n<td colspan=\"4\" rowspan=\"1\">\n<div class=\"magic-22\" data-spm-anchor-id=\"a2700.details.0.i33.21f6414cWQ4Zrf\">Tulostus, viivakoodi, QR-koodi jne.<\/div>\n<\/td>\n<\/tr>\n<\/tbody>\n<\/table>\n<\/div>\n<\/div>\n<\/div>","protected":false},"excerpt":{"rendered":"<p>RFID 1K F08 Inlay-tarra tai Transponder, er\u00e4\u00e4nlainen keskener\u00e4inen komponentti, voidaan muuntaa erilaisiksi esineiksi, kuten lipuiksi, merkit, tarrat tai kortit. Samanaikaisesti n\u00e4m\u00e4 HF NFC RFID -upotteet voidaan valmistaa eri kokoisina, r\u00e4\u00e4t\u00e4l\u00f6ityn\u00e4 vastaamaan erityistarpeitasi.<\/p>","protected":false},"featured_media":328,"template":"","meta":{"_kad_post_transparent":"default","_kad_post_title":"","_kad_post_layout":"default","_kad_post_sidebar_id":"","_kad_post_content_style":"default","_kad_post_vertical_padding":"default","_kad_post_feature":"","_kad_post_feature_position":"","_kad_post_header":false,"_kad_post_footer":false,"_kad_post_classname":""},"product_brand":[],"product_cat":[54,189],"product_tag":[112,141],"class_list":{"0":"post-327","1":"product","2":"type-product","3":"status-publish","4":"has-post-thumbnail","6":"product_cat-hot-selling-rfid-tags","7":"product_cat-rfid-inlay","8":"product_tag-13-56mhz-rfid-inlay","9":"product_tag-rfid-1k-f08-inlay-sticker","11":"first","12":"instock","13":"shipping-taxable","14":"product-type-simple","15":"entry","16":"content-bg","17":"loop-entry"},"_links":{"self":[{"href":"https:\/\/rfid-laundry-tag.com\/fi\/wp-json\/wp\/v2\/product\/327","targetHints":{"allow":["GET"]}}],"collection":[{"href":"https:\/\/rfid-laundry-tag.com\/fi\/wp-json\/wp\/v2\/product"}],"about":[{"href":"https:\/\/rfid-laundry-tag.com\/fi\/wp-json\/wp\/v2\/types\/product"}],"version-history":[{"count":1,"href":"https:\/\/rfid-laundry-tag.com\/fi\/wp-json\/wp\/v2\/product\/327\/revisions"}],"predecessor-version":[{"id":718,"href":"https:\/\/rfid-laundry-tag.com\/fi\/wp-json\/wp\/v2\/product\/327\/revisions\/718"}],"wp:featuredmedia":[{"embeddable":true,"href":"https:\/\/rfid-laundry-tag.com\/fi\/wp-json\/wp\/v2\/media\/328"}],"wp:attachment":[{"href":"https:\/\/rfid-laundry-tag.com\/fi\/wp-json\/wp\/v2\/media?parent=327"}],"wp:term":[{"taxonomy":"product_brand","embeddable":true,"href":"https:\/\/rfid-laundry-tag.com\/fi\/wp-json\/wp\/v2\/product_brand?post=327"},{"taxonomy":"product_cat","embeddable":true,"href":"https:\/\/rfid-laundry-tag.com\/fi\/wp-json\/wp\/v2\/product_cat?post=327"},{"taxonomy":"product_tag","embeddable":true,"href":"https:\/\/rfid-laundry-tag.com\/fi\/wp-json\/wp\/v2\/product_tag?post=327"}],"curies":[{"name":"wp","href":"https:\/\/api.w.org\/{rel}","templated":true}]}}