{"id":3242,"date":"2026-01-13T13:41:34","date_gmt":"2026-01-13T13:41:34","guid":{"rendered":"https:\/\/rfid-laundry-tag.com\/?post_type=product&#038;p=3242"},"modified":"2026-03-12T10:03:35","modified_gmt":"2026-03-12T10:03:35","slug":"mifare-s50-rfid-inlay","status":"publish","type":"product","link":"https:\/\/rfid-laundry-tag.com\/fi\/mifare-s50-rfid-inlay\/","title":{"rendered":"MIFARE S50 RFID-kortti"},"content":{"rendered":"<h2>MIFARE S50 RFID-kortti<\/h2>\n<p><span class=\"ng-star-inserted\">The <a href=\"https:\/\/rfid-laundry-tag.com\/fi\/rfid-inlay\/\">MIFARE S50\u00a0<\/a><\/span><strong class=\"ng-star-inserted\"><span class=\"ng-star-inserted\">RFID Inlay<\/span><\/strong><span class=\"ng-star-inserted\">\u00a0on huippuluokan ratkaisu, joka on suunniteltu virtaviivaistamaan toimintojasi, parantamaan turvallisuutta ja parantamaan k\u00e4ytt\u00e4j\u00e4kokemuksia useissa eri sovelluksissa. T\u00e4m\u00e4 tehokas mutta huomaamaton teknologia antaa sinulle mahdollisuuden hallita vaivattomasti p\u00e4\u00e4sy\u00e4, k\u00e4sitell\u00e4 maksuja, seurata omaisuutta ja olla yhteydess\u00e4 asiakkaisiin innovatiivisilla tavoilla. T\u00e4m\u00e4 tuote on ostamisen arvoinen, koska se tarjoaa vertaansa vailla olevaa luotettavuutta, yhteensopivuutta ja helppoa integrointia, mik\u00e4 tekee siit\u00e4 ihanteellisen valinnan yrityksille, jotka haluavat hy\u00f6dynt\u00e4\u00e4 RFID:n tehoa. Etsitp\u00e4 sitten turvallista p\u00e4\u00e4synvalvontaa, saumatonta k\u00e4teismaksutonta maksuj\u00e4rjestelm\u00e4\u00e4 tai mullistaa varastonhallintasi, <a href=\"https:\/\/rfid-laundry-tag.com\/fi\/rfid-inlay\/\">MIFARE S50\u00a0<\/a><\/span><strong class=\"ng-star-inserted\"><span class=\"ng-star-inserted\">RFID Inlay<\/span><\/strong><span class=\"ng-star-inserted\">\u00a0tarjoaa tarvitsemaasi suorituskyky\u00e4 ja monipuolisuutta menesty\u00e4ksesi. Yksinkertaisesti sanottuna t\u00e4m\u00e4 tuote on pakollinen hankinta.<\/span><\/p>\n<table class=\"has-title all magic-13\">\n<tbody>\n<tr>\n<td colspan=\"1\" rowspan=\"1\">\n<div class=\"magic-14\" data-spm-anchor-id=\"a2700.details.0.i37.2ec61361oDo4aX\">Tuotteen nimi<\/div>\n<\/td>\n<td colspan=\"1\" rowspan=\"1\">\n<div class=\"magic-15\">MIFARE S50 RFID-kortti<\/div>\n<\/td>\n<\/tr>\n<tr>\n<td colspan=\"1\" rowspan=\"1\">\n<div class=\"magic-14\">Siru<\/div>\n<\/td>\n<td colspan=\"1\" rowspan=\"1\">\n<div class=\"magic-15\">MIFARE Classic\u00ae 1K<\/div>\n<\/td>\n<\/tr>\n<tr>\n<td colspan=\"1\" rowspan=\"1\">\n<div class=\"magic-14\">Taajuus<\/div>\n<\/td>\n<td colspan=\"1\" rowspan=\"1\">\n<div class=\"magic-15\">13,56 MHz<\/div>\n<\/td>\n<\/tr>\n<tr>\n<td colspan=\"1\" rowspan=\"1\">\n<div class=\"magic-14\">Lukuet\u00e4isyys<\/div>\n<\/td>\n<td colspan=\"1\" rowspan=\"1\">\n<div class=\"magic-15\">1-5 cm<\/div>\n<\/td>\n<\/tr>\n<tr>\n<td colspan=\"1\" rowspan=\"1\">\n<div class=\"magic-14\">Materiaali<\/div>\n<\/td>\n<td colspan=\"1\" rowspan=\"1\">\n<div class=\"magic-15\">P\u00e4\u00e4llystetty paperi<\/div>\n<\/td>\n<\/tr>\n<tr>\n<td colspan=\"1\" rowspan=\"1\">\n<div class=\"magic-14\">Substraatti<\/div>\n<\/td>\n<td colspan=\"1\" rowspan=\"1\">\n<div class=\"magic-15\">LEMMIKKI<\/div>\n<\/td>\n<\/tr>\n<tr>\n<td colspan=\"1\" rowspan=\"1\">\n<div class=\"magic-14\">Halkaisija 50 mm Koko<\/div>\n<\/td>\n<td colspan=\"1\" rowspan=\"1\">\n<div class=\"magic-15\">Halkaisija 25mm tai r\u00e4\u00e4t\u00e4l\u00f6ity<\/div>\n<\/td>\n<\/tr>\n<tr>\n<td colspan=\"1\" rowspan=\"1\">\n<div class=\"magic-14\">Ty\u00f6tila<\/div>\n<\/td>\n<td colspan=\"1\" rowspan=\"1\">\n<div class=\"magic-15\">Passiivinen<\/div>\n<\/td>\n<\/tr>\n<tr>\n<td colspan=\"1\" rowspan=\"1\">\n<div class=\"magic-14\">Kirjoita Cycles<\/div>\n<\/td>\n<td colspan=\"1\" rowspan=\"1\">\n<div class=\"magic-15\">100000<\/div>\n<\/td>\n<\/tr>\n<tr>\n<td colspan=\"1\" rowspan=\"1\">\n<div class=\"magic-14\">K\u00e4ytt\u00f6l\u00e4mp\u00f6tila\/kosteus<\/div>\n<\/td>\n<td colspan=\"1\" rowspan=\"1\">\n<div class=\"magic-15\">-40 ~ 70 \u2103\/20% ~ 90% RH<\/div>\n<\/td>\n<\/tr>\n<tr>\n<td colspan=\"1\" rowspan=\"1\">\n<div class=\"magic-14\">Varastointil\u00e4mp\u00f6tila\/kosteus<\/div>\n<\/td>\n<td colspan=\"1\" rowspan=\"1\">\n<div class=\"magic-15\">-20 ~ 50 \u2103 \/ 20% ~ 90% RH (ilman kondensaatiota).<\/div>\n<\/td>\n<\/tr>\n<tr>\n<td colspan=\"1\" rowspan=\"1\">\n<div class=\"magic-14\">N\u00e4ytteen saatavuus<\/div>\n<\/td>\n<td colspan=\"1\" rowspan=\"1\">\n<div class=\"magic-15\">Ilmaisia n\u00e4ytteit\u00e4 on saatavilla pyynn\u00f6st\u00e4<\/div>\n<\/td>\n<\/tr>\n<tr>\n<td colspan=\"1\" rowspan=\"1\">\n<div class=\"magic-14\">Pakkaus<\/div>\n<\/td>\n<td colspan=\"1\" rowspan=\"1\">\n<div class=\"magic-15\">1000-5000 kpl \/ rulla, 4 rullaa \/ laatikko<\/div>\n<\/td>\n<\/tr>\n<tr>\n<td colspan=\"1\" rowspan=\"1\">\n<div class=\"magic-14\">\n<p>Sovellus<\/p>\n<div><\/div>\n<\/div>\n<\/td>\n<td colspan=\"1\" rowspan=\"1\">\n<div class=\"magic-15\" data-spm-anchor-id=\"a2700.details.0.i47.2ec61361oDo4aX\">Suojattu sis\u00e4\u00e4np\u00e4\u00e4syn valvonta \/ k\u00e4teismaksut J\u00e4senyys ja kanta-asiakasohjelmat tapahtumiin p\u00e4\u00e4sy ja br\u00e4nd\u00e4ys \/ sosiaalinen media \/ v\u00e4hitt\u00e4iskauppa<br \/>\nYmp\u00e4rist\u00f6\/Pelit ja lelut Sijainti\/Elektroniikka\/Messut\/Tapahtumat\/Puhelupyynt\u00f6\/K\u00e4yntikortit<\/div>\n<\/td>\n<\/tr>\n<\/tbody>\n<\/table>\n<p>&nbsp;<\/p>\n<p>MIFARE S50<a href=\"https:\/\/rfid-laundry-tag.com\/fi\/rfid-inlay\/\"> RFID Inlay\u00a0<\/a>on monipuolinen ratkaisu, joka on suunniteltu vastaamaan nykyaikaisten sovellusten kasvaviin vaatimuksiin. T\u00e4m\u00e4 13,56 MHz:n taajuudella toimiva NFC-yhteensopiva inlay s\u00e4ilytt\u00e4\u00e4 kaikki MIFARE Classic -tekniikan olennaiset ominaisuudet ja tarjoaa samalla k\u00e4ytt\u00e4j\u00e4yst\u00e4v\u00e4llisen toiminnallisuuden. Pienen kokonsa, halkaisijaltaan 25 mm ja paksuudeltaan 0,5 mm, se on saatavana k\u00e4tev\u00e4n\u00e4 tyhj\u00e4n\u00e4 kolikkotarramuodossa, mik\u00e4 tekee siit\u00e4 helpon kiinnitt\u00e4misen ja k\u00e4yt\u00f6n erilaisissa sovelluksissa. Etsitk\u00f6 RFID-ratkaisuja maksuj\u00e4rjestelmiin, kulunvalvontaan tai tunnistamiseen, MIFARE Classic 1K Inlay tarjoaa vertaansa vailla olevan luotettavuuden ja suorituskyvyn.<\/p>\n<h3>Miksi valita MIFARE S50 RFID -inlay?<\/h3>\n<ul>\n<li><strong>Helppo integrointi<\/strong>: Ihanteellinen erilaisiin sovelluksiin maksuj\u00e4rjestelmist\u00e4 tapahtumalippuihin, t\u00e4m\u00e4 upote integroituu saumattomasti olemassa oleviin alustoihin.<\/li>\n<li><strong>Kustannustehokas ratkaisu<\/strong>: Alhaisen hinnan, korkean laadun ja kest\u00e4v\u00e4n suunnittelun ansiosta se on taloudellinen vaihtoehto suorituskyvyst\u00e4 tinkim\u00e4tt\u00e4.<\/li>\n<li><strong>K\u00e4ytt\u00e4j\u00e4yst\u00e4v\u00e4llinen<\/strong>: Tyhj\u00e4 tarramuoto mahdollistaa helpon merkinn\u00e4n ja mukautetut sovellukset, mik\u00e4 parantaa k\u00e4ytt\u00f6kokemusta.<\/li>\n<\/ul>\n<h3>NFC-tekniikka selitetty<\/h3>\n<p>NFC (Near Field Communication) -teknologia muodostaa selk\u00e4rangan <strong>MIFARE Classic 1K Inlay<\/strong>. T\u00e4m\u00e4n teknologian avulla upotus mahdollistaa kontaktittoman tiedonsiirron laitteiden v\u00e4lill\u00e4. T\u00e4m\u00e4 ominaisuus ei rajoitu pelk\u00e4st\u00e4\u00e4n kortin ja lukijan vuorovaikutukseen, vaan se helpottaa my\u00f6s mobiilimaksuja ja turvallista p\u00e4\u00e4synvalvontaa.<\/p>\n<h3>MIFARE Classic 1K:n t\u00e4rkeimm\u00e4t edut<\/h3>\n<ul>\n<li><strong>Parannettu suojaus<\/strong>: Ainutlaatuisella 4-tavuisella UID:ll\u00e4 MIFARE Classic 1K Inlay auttaa est\u00e4m\u00e4\u00e4n tietojen p\u00e4\u00e4llekk\u00e4isyyden ja lis\u00e4\u00e4 sovelluksiisi ylim\u00e4\u00e4r\u00e4isen suojauskerroksen.<\/li>\n<li><strong>Monipuolisuus<\/strong>: Soveltuu erilaisiin kontaktittomiin sovelluksiin v\u00e4hitt\u00e4iskaupasta kuljetuksiin, mik\u00e4 lis\u00e4\u00e4 k\u00e4ytt\u00e4jien sitoutumista.<\/li>\n<li><strong>Yhteensopivuus<\/strong>: T\u00e4ysin yhteensopiva ACR122U-lukijan\/kirjoittimen ja muiden MIFARE Classic -laitteiden kanssa, mik\u00e4 tekee siit\u00e4 yleisty\u00f6kalun NFC-arsenaalissasi.<\/li>\n<\/ul>\n<h3>K\u00e4ytt\u00f6ohjeet<\/h3>\n<p>MIFARE S50 RFID -inlayn k\u00e4ytt\u00e4miseksi kiinnit\u00e4 se haluttuun pintaan mukana toimitetulla liimapinnalla. Varmista, ett\u00e4 pinta on puhdas ja kuiva optimaalisen tarttuvuuden varmistamiseksi. Kiinnityksen j\u00e4lkeen inlay voidaan lukea ja siihen voidaan kirjoittaa NFC-yhteensopivalla laitteella tai yhteensopivalla lukijalla, kuten ACR122U.<\/p>\n<h3>Ymp\u00e4rist\u00f6vaikutus<\/h3>\n<p>MIFARE S50 RFID -merkint\u00e4 on valmistettu ymp\u00e4rist\u00f6\u00e4 kunnioittaen. Kest\u00e4vien ja kierr\u00e4tett\u00e4vien materiaalien k\u00e4ytt\u00f6 varmistaa, ett\u00e4 samalla kun t\u00e4yt\u00e4t henkil\u00f6kohtaisia tai yrityksesi tarpeita, noudatat my\u00f6s ymp\u00e4rist\u00f6yst\u00e4v\u00e4llisi\u00e4 k\u00e4yt\u00e4nt\u00f6j\u00e4.<\/p>\n<h2 class=\"ng-star-inserted\"><strong class=\"ng-star-inserted\"><span class=\"ng-star-inserted\">RFID-tunniste ja -inlay: Rajattomat sovellusmahdollisuudet<\/span><\/strong><\/h2>\n<p class=\"ng-star-inserted\"><span class=\"ng-star-inserted\">MIFARE S50 RFID -kortti<\/span><span class=\"ng-star-inserted\">\u00a0on monipuolinen ratkaisu, jota voidaan k\u00e4ytt\u00e4\u00e4 monenlaisissa sovelluksissa, mukaan lukien:<\/span><\/p>\n<ul class=\"ng-star-inserted\">\n<li class=\"ng-star-inserted\">\n<p class=\"ng-star-inserted\"><strong class=\"ng-star-inserted\"><span class=\"ng-star-inserted\">Suojattu p\u00e4\u00e4synhallinta:<\/span><\/strong><span class=\"ng-star-inserted\">\u00a0My\u00f6nn\u00e4 p\u00e4\u00e4sy valtuutetulle henkil\u00f6st\u00f6lle ja est\u00e4 luvaton p\u00e4\u00e4sy. T\u00e4ydellinen toimistoihin, tapahtumiin ja rajoitetuille alueille.<\/span><\/p>\n<\/li>\n<li class=\"ng-star-inserted\">\n<p class=\"ng-star-inserted\"><strong class=\"ng-star-inserted\"><span class=\"ng-star-inserted\">K\u00e4teismaksu:<\/span><\/strong><span class=\"ng-star-inserted\">\u00a0Mahdollista saumattomat ja turvalliset maksut suljetun kierron ymp\u00e4rist\u00f6iss\u00e4, kuten teemapuistoissa, lomakohteissa ja yrityskampuksilla.<\/span><\/p>\n<\/li>\n<li class=\"ng-star-inserted\">\n<p class=\"ng-star-inserted\"><strong class=\"ng-star-inserted\"><span class=\"ng-star-inserted\">J\u00e4senyys- ja kanta-asiakasohjelmat:<\/span><\/strong><span class=\"ng-star-inserted\">\u00a0Seuraa j\u00e4senten aktiivisuutta, palkitse uskollisia asiakkaita ja personoi kokemuksia.<\/span><\/p>\n<\/li>\n<li class=\"ng-star-inserted\">\n<p class=\"ng-star-inserted\"><strong class=\"ng-star-inserted\"><span class=\"ng-star-inserted\">Tapahtumaan p\u00e4\u00e4sy ja br\u00e4nd\u00e4ys:<\/span><\/strong><span class=\"ng-star-inserted\">\u00a0Virtaviivaista sis\u00e4\u00e4np\u00e4\u00e4sy\u00e4, ker\u00e4\u00e4 arvokasta dataa ja paranna osallistujien sitoutumista.<\/span><\/p>\n<\/li>\n<li class=\"ng-star-inserted\">\n<p class=\"ng-star-inserted\"><strong class=\"ng-star-inserted\"><span class=\"ng-star-inserted\">Sosiaalinen media:<\/span><\/strong><span class=\"ng-star-inserted\">\u00a0Luo interaktiivisia kokemuksia upottamalla upotettuja elementtej\u00e4 mainosmateriaaleihin, jolloin k\u00e4ytt\u00e4j\u00e4t voivat olla yhteydess\u00e4 br\u00e4ndiisi verkossa.<\/span><\/p>\n<\/li>\n<li class=\"ng-star-inserted\">\n<p class=\"ng-star-inserted\"><strong class=\"ng-star-inserted\"><span class=\"ng-star-inserted\">V\u00e4hitt\u00e4ismyyntiymp\u00e4rist\u00f6:<\/span><\/strong><span class=\"ng-star-inserted\">\u00a0Hallitse varastoa, est\u00e4 varkaudet ja hanki arvokasta tietoa asiakkaiden k\u00e4ytt\u00e4ytymisest\u00e4.<\/span><\/p>\n<\/li>\n<li class=\"ng-star-inserted\">\n<p class=\"ng-star-inserted\"><strong class=\"ng-star-inserted\"><span class=\"ng-star-inserted\">Pelit ja lelut:<\/span><\/strong><span class=\"ng-star-inserted\">\u00a0Lis\u00e4\u00e4 leluihin ja peleihin uusi interaktiivisuuden ja innostavuuden ulottuvuus.<\/span><\/p>\n<\/li>\n<li class=\"ng-star-inserted\">\n<p class=\"ng-star-inserted\"><strong class=\"ng-star-inserted\"><span class=\"ng-star-inserted\">Sijainti:<\/span><\/strong><span class=\"ng-star-inserted\">\u00a0Seuraa omaisuutta, valvo liikkeit\u00e4 ja paranna logistiikan tehokkuutta.<\/span><\/p>\n<\/li>\n<li class=\"ng-star-inserted\">\n<p class=\"ng-star-inserted\"><strong class=\"ng-star-inserted\"><span class=\"ng-star-inserted\">Elektroniikka:<\/span><\/strong><span class=\"ng-star-inserted\">\u00a0Upota elektronisiin laitteisiin upotettuja tunnisteita todennusta, seurantaa ja v\u00e4\u00e4renn\u00f6sten est\u00e4mist\u00e4 varten.<\/span><\/p>\n<\/li>\n<li class=\"ng-star-inserted\">\n<p class=\"ng-star-inserted\"><strong class=\"ng-star-inserted\"><span class=\"ng-star-inserted\">Messut\/tapahtumat:<\/span><\/strong><span class=\"ng-star-inserted\">\u00a0Helpota liidien generointia, seuraa osallistujien kiinnostuksen kohteita ja tarjoa interaktiivisia kokemuksia.<\/span><\/p>\n<\/li>\n<li class=\"ng-star-inserted\">\n<p class=\"ng-star-inserted\"><strong class=\"ng-star-inserted\"><span class=\"ng-star-inserted\">Soittopyynt\u00f6:<\/span><\/strong><span class=\"ng-star-inserted\">\u00a0Mahdollistaa k\u00e4ytt\u00e4jien pyyt\u00e4\u00e4 tietoja tai apua yhdell\u00e4 napautuksella.<\/span><\/p>\n<\/li>\n<li class=\"ng-star-inserted\">\n<p class=\"ng-star-inserted\"><strong class=\"ng-star-inserted\"><span class=\"ng-star-inserted\">K\u00e4yntikortit:<\/span><\/strong><span class=\"ng-star-inserted\">\u00a0Muunna perinteiset k\u00e4yntikortit interaktiivisiksi ty\u00f6kaluiksi verkostoitumiseen ja tiedon jakamiseen.<\/span><\/p>\n<\/li>\n<\/ul>\n<h2>UKK<\/h2>\n<ul>\n<li><strong>Mik\u00e4 on MIFARE S50 RFID -inlayn kantama?<\/strong><br \/>\nTehokas kantama on tyypillisesti noin 10 cm k\u00e4ytett\u00e4ess\u00e4 tyypillisi\u00e4 NFC-lukijalaitteita.<\/li>\n<li><strong>Voinko mukauttaa MIFARE S50 RFID -inlay-korttia?<\/strong><br \/>\nKyll\u00e4, inlayt voidaan tulostaa tai koodata mukautetuilla tiedoilla, joten ne sopivat erilaisiin sovelluksiin.<\/li>\n<li><strong>Onko MIFARE S50 RFID -inlay vedenpit\u00e4v\u00e4?<\/strong><br \/>\nVaikka upotteet on suunniteltu kest\u00e4m\u00e4\u00e4n kohtalaisia ymp\u00e4rist\u00f6olosuhteita, on suositeltavaa v\u00e4ltt\u00e4\u00e4 pitk\u00e4aikaista altistumista vedelle optimaalisen toiminnan yll\u00e4pit\u00e4miseksi.<\/li>\n<\/ul>","protected":false},"excerpt":{"rendered":"<p>MIFARE S50 RFID Inlay, monipuolinen NFC-ratkaisu, jossa on 1K muistia turvallisiin, kontaktittomiin sovelluksiin erilaisissa ymp\u00e4rist\u00f6iss\u00e4.<\/p>","protected":false},"featured_media":3243,"template":"","meta":{"_kad_post_transparent":"default","_kad_post_title":"","_kad_post_layout":"default","_kad_post_sidebar_id":"","_kad_post_content_style":"default","_kad_post_vertical_padding":"default","_kad_post_feature":"","_kad_post_feature_position":"","_kad_post_header":false,"_kad_post_footer":false,"_kad_post_classname":""},"product_brand":[],"product_cat":[189],"product_tag":[398,111,194,393,108,399],"class_list":{"0":"post-3242","1":"product","2":"type-product","3":"status-publish","4":"has-post-thumbnail","6":"product_cat-rfid-inlay","7":"product_tag-mifare-s50-rfid-inlay","8":"product_tag-nfc-inlay","9":"product_tag-nfc-rfid-inlay","10":"product_tag-nfc-wet-inlay-sticker-tag-clear","11":"product_tag-rfid-inlay","12":"product_tag-rfid-inlay-factory","14":"first","15":"instock","16":"shipping-taxable","17":"product-type-simple","18":"entry","19":"content-bg","20":"loop-entry"},"_links":{"self":[{"href":"https:\/\/rfid-laundry-tag.com\/fi\/wp-json\/wp\/v2\/product\/3242","targetHints":{"allow":["GET"]}}],"collection":[{"href":"https:\/\/rfid-laundry-tag.com\/fi\/wp-json\/wp\/v2\/product"}],"about":[{"href":"https:\/\/rfid-laundry-tag.com\/fi\/wp-json\/wp\/v2\/types\/product"}],"version-history":[{"count":1,"href":"https:\/\/rfid-laundry-tag.com\/fi\/wp-json\/wp\/v2\/product\/3242\/revisions"}],"predecessor-version":[{"id":3247,"href":"https:\/\/rfid-laundry-tag.com\/fi\/wp-json\/wp\/v2\/product\/3242\/revisions\/3247"}],"wp:featuredmedia":[{"embeddable":true,"href":"https:\/\/rfid-laundry-tag.com\/fi\/wp-json\/wp\/v2\/media\/3243"}],"wp:attachment":[{"href":"https:\/\/rfid-laundry-tag.com\/fi\/wp-json\/wp\/v2\/media?parent=3242"}],"wp:term":[{"taxonomy":"product_brand","embeddable":true,"href":"https:\/\/rfid-laundry-tag.com\/fi\/wp-json\/wp\/v2\/product_brand?post=3242"},{"taxonomy":"product_cat","embeddable":true,"href":"https:\/\/rfid-laundry-tag.com\/fi\/wp-json\/wp\/v2\/product_cat?post=3242"},{"taxonomy":"product_tag","embeddable":true,"href":"https:\/\/rfid-laundry-tag.com\/fi\/wp-json\/wp\/v2\/product_tag?post=3242"}],"curies":[{"name":"wp","href":"https:\/\/api.w.org\/{rel}","templated":true}]}}