{"id":324,"date":"2024-06-28T06:46:40","date_gmt":"2024-06-28T06:46:40","guid":{"rendered":"https:\/\/rfid-laundry-tag.com\/?post_type=product&#038;p=324"},"modified":"2024-08-14T16:46:59","modified_gmt":"2024-08-14T16:46:59","slug":"nxp-ntag213-nfc-inlay-144byte","status":"publish","type":"product","link":"https:\/\/rfid-laundry-tag.com\/fi\/nxp-ntag213-nfc-inlay-144byte\/","title":{"rendered":"NXP Ntag213 NFC Inlay 144 tavua"},"content":{"rendered":"<div>\n<div>NXP Ntag213 NFC Inlay 144 tavua<\/div>\n<div><\/div>\n<div>RFID NFC -sis\u00e4kkeill\u00e4 on merkitt\u00e4v\u00e4 rooli radiotaajuuspohjaisten j\u00e4rjestelmien optimoinnissa.<\/div>\n<div>T\u00e4m\u00e4 voi olla erityisen totta NXP Ntag213 NFC Inlayn yhteydess\u00e4, jonka kapasiteetti on 144 tavua.<\/div>\n<div>N\u00e4it\u00e4 upotuksia on kahdessa muodossa, m\u00e4rk\u00e4 ja kuiva, joista jokaisella on ainutlaatuinen tarkoitus.<\/div>\n<div><\/div>\n<div><\/div>\n<div class=\"auto-hide-last-sibling-br paragraph_9dc5f paragraph-element\">NTAG213-siru tarjoaa useita etuja, kuten:<\/div>\n<p>&nbsp;<\/p>\n<ul class=\"auto-hide-last-sibling-br\">\n<li>Kontaktiton energia- ja tiedonsiirto<\/li>\n<li>Nopea lukuominaisuus<\/li>\n<li>Parannettu RF-suorituskyky<\/li>\n<li>Suojausominaisuudet, mukaan lukien salasanasuojaus ja t\u00f6rm\u00e4yksenestotoiminnot<\/li>\n<li>T\u00e4ysin NFC Forum Tag Type 2:n vaatimusten mukainen<\/li>\n<\/ul>\n<\/div>\n<div>\n<table class=\"all magic-9\">\n<tbody>\n<tr>\n<td colspan=\"1\" rowspan=\"1\">\n<div class=\"magic-10\">Materiaali<\/div>\n<\/td>\n<td colspan=\"1\" rowspan=\"1\">\n<div class=\"magic-11\" data-spm-anchor-id=\"a2700.details.0.i85.504d267eS1Hb6u\">PET, PVC, p\u00e4\u00e4llystetty paperi jne.<\/div>\n<\/td>\n<\/tr>\n<tr>\n<td colspan=\"1\" rowspan=\"1\">\n<div class=\"magic-10\">Siru<\/div>\n<\/td>\n<td colspan=\"1\" rowspan=\"1\">\n<div class=\"magic-11\">Ntag213\/Ntag215\/Ntag216 jne<\/div>\n<\/td>\n<\/tr>\n<tr>\n<td colspan=\"1\" rowspan=\"1\">\n<div class=\"magic-10\">Taajuus<\/div>\n<\/td>\n<td colspan=\"1\" rowspan=\"1\">\n<div class=\"magic-11\">13,56 MHz<\/div>\n<\/td>\n<\/tr>\n<tr>\n<td colspan=\"1\" rowspan=\"1\">\n<div class=\"magic-10\">p\u00f6yt\u00e4kirja<\/div>\n<\/td>\n<td colspan=\"1\" rowspan=\"1\">\n<div class=\"magic-11\">ISO 14443A<\/div>\n<\/td>\n<\/tr>\n<tr>\n<td colspan=\"1\" rowspan=\"1\">\n<div class=\"magic-10\">Koko<\/div>\n<\/td>\n<td colspan=\"1\" rowspan=\"1\">\n<div class=\"magic-11\">Halkaisija 25, 30, 35 mm tai mukautettu koko<\/div>\n<\/td>\n<\/tr>\n<tr>\n<td colspan=\"1\" rowspan=\"1\">\n<div class=\"magic-10\">Ominaisuus<\/div>\n<\/td>\n<td colspan=\"1\" rowspan=\"1\">\n<div class=\"magic-11\">Vedenpit\u00e4v\u00e4, raskas, r\u00e4\u00e4t\u00e4l\u00f6ity tulostus<\/div>\n<\/td>\n<\/tr>\n<tr>\n<td colspan=\"1\" rowspan=\"1\">\n<div class=\"magic-10\">N\u00e4yte<\/div>\n<\/td>\n<td colspan=\"1\" rowspan=\"1\">\n<div class=\"magic-11\">ilmainen saatavilla<\/div>\n<\/td>\n<\/tr>\n<tr>\n<td colspan=\"1\" rowspan=\"1\">\n<div class=\"magic-10\">Lue et\u00e4isyys<\/div>\n<\/td>\n<td colspan=\"1\" rowspan=\"1\">\n<div class=\"magic-11\" data-spm-anchor-id=\"a2700.details.0.i84.504d267eS1Hb6u\">0-10 cm<\/div>\n<\/td>\n<\/tr>\n<\/tbody>\n<\/table>\n<\/div>\n<div><\/div>\n<div><\/div>\n<div><strong>RFID NFC -uisteet<\/strong> kahta tyyppi\u00e4, m\u00e4rk\u00e4 ja kuiva. M\u00e4rk\u00e4 RFID NFC -ukko on varustettu tahmealla taustalla, kun taas kuivalla ei. Ne tarjoavat 13,56 MHz:n tunnistevaihtoehdon, joka on erityisesti suunniteltu alkuper\u00e4isten laitevalmistajille (OEM). N\u00e4ille upotuksille on saatavana sek\u00e4 ISO 15693 ett\u00e4 14443 NFC-muistipiirej\u00e4.<\/div>\n<div><\/div>\n<div class=\"text-title\"><strong><span class=\"magic-26\" style=\"font-family: Arial;\" data-spm-anchor-id=\"a2700.details.0.i47.6f4d7d7dnursE7\">Kuiva inlay<\/span><\/strong><\/div>\n<div class=\"text-content\">\n<p><span class=\"magic-6\" style=\"font-family: Arial;\">Yksinkertaisesti sanottuna RFID-kuivainlay on RFID-sirun ja antennin yhdistelm\u00e4. Sit\u00e4 voidaan k\u00e4ytt\u00e4\u00e4 NFC-tarran, RFID-tarran, RFID-lipun ja erilaisten RFID-tunnisteiden valmistukseen. <\/span><\/p>\n<div data-spm-anchor-id=\"a2700.details.0.i46.6f4d7d7dnursE7\">\n<p><span class=\"magic-6\" style=\"font-family: Arial;\"> Kuivainlayn antenni on alumiinietsaus, joka on kuparikelaan verrattuna ohuempi. Antennin muotoa voidaan r\u00e4\u00e4t\u00e4l\u00f6id\u00e4 ja suunnitella uudelleen tarpeen mukaan.<\/span><\/p>\n<p>&nbsp;<\/p>\n<\/div>\n<\/div>\n<div>\n<div class=\"text-title\"><strong><span class=\"magic-26\" style=\"font-family: Arial;\">M\u00e4rk\u00e4 inlay<\/span><\/strong><\/div>\n<div class=\"text-content\">\n<p><span class=\"magic-6\" style=\"font-family: Arial;\" data-spm-anchor-id=\"a2700.details.0.i49.6f4d7d7dnursE7\">Liimalla lis\u00e4tty\u00e4 RFID-kuivauotetta kutsutaan m\u00e4rk\u00e4inlayksi. Sit\u00e4 voidaan k\u00e4ytt\u00e4\u00e4 suoraan RFID-tarrana tai NFC-tarrana, jos et tarvitse tulostusta pinnalle. Esineiden kiinnitt\u00e4misell\u00e4 voidaan s\u00e4\u00e4st\u00e4\u00e4 kustannuksia ja saavuttaa sama tarkoitus. Sit\u00e4 k\u00e4ytet\u00e4\u00e4n my\u00f6s laajalti RFID-tunnisteiden valmistuksessa. M\u00e4rk\u00e4inlayn antenni on alumiinietsaus, joka on kuparikelaan verrattuna ohuempi. Antennin muotoa voidaan r\u00e4\u00e4t\u00e4l\u00f6id\u00e4 ja suunnitella uudelleen tarpeen mukaan.<\/span><\/p>\n<div><span class=\"magic-6\" style=\"font-family: Arial;\">\u00a0<\/span><\/div>\n<div data-spm-anchor-id=\"a2700.details.0.i48.6f4d7d7dnursE7\"><\/div>\n<\/div>\n<\/div>","protected":false},"excerpt":{"rendered":"<p>NXP Ntag213 NFC Inlay 144Byte on tietyntyyppinen IC, joka on yhteensopiva NFC Forum Type 2 -tagin kanssa, ja siin\u00e4 on 144 tavua k\u00e4ytt\u00e4j\u00e4muistia. Se on suunniteltu monipuolisuutta ajatellen, ja se soveltuu erilaisiin sovelluksiin muun muassa v\u00e4hitt\u00e4iskaupan, pelien ja kulutuselektroniikan aloilla.<\/p>","protected":false},"featured_media":326,"template":"","meta":{"_kad_post_transparent":"default","_kad_post_title":"","_kad_post_layout":"default","_kad_post_sidebar_id":"","_kad_post_content_style":"default","_kad_post_vertical_padding":"default","_kad_post_feature":"","_kad_post_feature_position":"","_kad_post_header":false,"_kad_post_footer":false,"_kad_post_classname":""},"product_brand":[],"product_cat":[54,189],"product_tag":[111,140,110],"class_list":{"0":"post-324","1":"product","2":"type-product","3":"status-publish","4":"has-post-thumbnail","6":"product_cat-hot-selling-rfid-tags","7":"product_cat-rfid-inlay","8":"product_tag-nfc-inlay","9":"product_tag-nxp-ntag213-nfc-inlay-144byte","10":"product_tag-rfid-nfc-inlay","12":"first","13":"instock","14":"shipping-taxable","15":"product-type-simple","16":"entry","17":"content-bg","18":"loop-entry"},"_links":{"self":[{"href":"https:\/\/rfid-laundry-tag.com\/fi\/wp-json\/wp\/v2\/product\/324","targetHints":{"allow":["GET"]}}],"collection":[{"href":"https:\/\/rfid-laundry-tag.com\/fi\/wp-json\/wp\/v2\/product"}],"about":[{"href":"https:\/\/rfid-laundry-tag.com\/fi\/wp-json\/wp\/v2\/types\/product"}],"version-history":[{"count":3,"href":"https:\/\/rfid-laundry-tag.com\/fi\/wp-json\/wp\/v2\/product\/324\/revisions"}],"predecessor-version":[{"id":1336,"href":"https:\/\/rfid-laundry-tag.com\/fi\/wp-json\/wp\/v2\/product\/324\/revisions\/1336"}],"wp:featuredmedia":[{"embeddable":true,"href":"https:\/\/rfid-laundry-tag.com\/fi\/wp-json\/wp\/v2\/media\/326"}],"wp:attachment":[{"href":"https:\/\/rfid-laundry-tag.com\/fi\/wp-json\/wp\/v2\/media?parent=324"}],"wp:term":[{"taxonomy":"product_brand","embeddable":true,"href":"https:\/\/rfid-laundry-tag.com\/fi\/wp-json\/wp\/v2\/product_brand?post=324"},{"taxonomy":"product_cat","embeddable":true,"href":"https:\/\/rfid-laundry-tag.com\/fi\/wp-json\/wp\/v2\/product_cat?post=324"},{"taxonomy":"product_tag","embeddable":true,"href":"https:\/\/rfid-laundry-tag.com\/fi\/wp-json\/wp\/v2\/product_tag?post=324"}],"curies":[{"name":"wp","href":"https:\/\/api.w.org\/{rel}","templated":true}]}}