{"id":321,"date":"2024-06-28T06:45:35","date_gmt":"2024-06-28T06:45:35","guid":{"rendered":"https:\/\/rfid-laundry-tag.com\/?post_type=product&#038;p=321"},"modified":"2024-06-28T06:45:35","modified_gmt":"2024-06-28T06:45:35","slug":"i-code-slix-rfid-library-book-sticker-5050mm","status":"publish","type":"product","link":"https:\/\/rfid-laundry-tag.com\/fi\/i-code-slix-rfid-library-book-sticker-5050mm\/","title":{"rendered":"I CODE SLIX RFID -kirjastokirjatarra 50*50mm"},"content":{"rendered":"<table style=\"font-family: var(--global-body-font-family);\" width=\"772\">\n<tbody>\n<tr>\n<td width=\"153\"><strong>Tuotteen nimi<\/strong><\/td>\n<td width=\"619\"><strong>\u00a0I CODE SLIX RFID Library -kirjatarra\u00a0<\/strong><\/td>\n<\/tr>\n<tr>\n<td width=\"153\">Materiaali<\/td>\n<td width=\"619\">PET+Al+paperi\/PVC\/PET<\/td>\n<\/tr>\n<tr>\n<td width=\"153\">V\u00e4ri<\/td>\n<td width=\"619\">cmyk, neliv\u00e4rinen painatus<\/td>\n<\/tr>\n<tr>\n<td width=\"153\">Labelin mitat<\/td>\n<td width=\"619\">45 * 45 mm, 50 * 50 mm jne<\/td>\n<\/tr>\n<tr>\n<td width=\"153\">Siru<\/td>\n<td width=\"619\">\u00a0I CODE SLIX, ICODE\u00ae SLIX-S jne<\/td>\n<\/tr>\n<tr>\n<td width=\"153\">p\u00f6yt\u00e4kirja<\/td>\n<td width=\"619\">ISO15693<\/td>\n<\/tr>\n<tr>\n<td width=\"153\">Taajuus<\/td>\n<td width=\"619\">13,56 MHz<\/td>\n<\/tr>\n<tr>\n<td width=\"153\">Lukuet\u00e4isyys<\/td>\n<td width=\"619\">HF: 1-30 cm riippuu lukijasta ja ymp\u00e4rist\u00f6st\u00e4<\/td>\n<\/tr>\n<tr>\n<td width=\"153\">Tulostus<\/td>\n<td width=\"619\">CMYK, mukautettu tulostus, tyhj\u00e4<\/td>\n<\/tr>\n<tr>\n<td width=\"153\">Paketti<\/td>\n<td width=\"619\">2000 kpl \/ rulla, 16 000 kpl \/ ctn, mukautettu<\/td>\n<\/tr>\n<tr>\n<td width=\"153\">Ilmainen n\u00e4yte<\/td>\n<td width=\"619\">Joo<\/td>\n<\/tr>\n<\/tbody>\n<\/table>\n<p>&nbsp;<\/p>\n<p>J\u00e4rjestelm\u00e4, joka on suunniteltu ensisijaisesti tehostamaan kirjojen ja tiedostojen hallintatoimenpiteit\u00e4, auttaa varastotarkastuksissa, sijaintien j\u00e4ljitt\u00e4misess\u00e4, mahdollistaa kirjojen palautuksen itsepalveluj\u00e4rjestelm\u00e4t ja ehk\u00e4isee varkauksia. Sen k\u00e4ytt\u00f6 optimoi kirjaston toimintaa merkitt\u00e4v\u00e4sti, mik\u00e4 tekee siit\u00e4 \u00e4lykk\u00e4\u00e4n valinnan nykyaikaisiin kirjastoihin.<\/p>\n<div class=\"auto-hide-last-sibling-br paragraph_9dc5f paragraph-element\">I CODE SLIX RFID -kirjastokirjatarra on tehokas ratkaisu kirjaston resurssien \u00e4lykk\u00e4\u00e4seen hallintaan. T\u00e4ss\u00e4 ovat sen ominaisuudet ja vastaukset joihinkin usein kysyttyihin kysymyksiin:<\/div>\n<p>&nbsp;<\/p>\n<div class=\"auto-hide-last-sibling-br paragraph_9dc5f paragraph-element\"><strong>I CODE SLIX RFID -kirjastokirjatarran ominaisuudet:<\/strong><\/div>\n<ol class=\"auto-hide-last-sibling-br\">\n<li>T\u00e4m\u00e4 ISO15693 RFID-tunniste on suunniteltu erityisesti kirjastonhallintaj\u00e4rjestelmiin.<\/li>\n<li>Se toimii 13,56 MHz:n taajuudella High Frequency (HF) -alueella.<\/li>\n<li>N\u00e4it\u00e4 tarroja on saatavana erikokoisina, erityisesti 85*<em>50mm ja 50*<\/em>50 mm.<\/li>\n<li>Niill\u00e4 on vedenpit\u00e4vi\u00e4 ominaisuuksia ja ne ovat my\u00f6s itseliimautuvia.<\/li>\n<li>Ne voivat tarjota lukuet\u00e4isyyden 1-15 cm ja k\u00e4ytt\u00e4j\u00e4muistia 896 bitti\u00e4.<\/li>\n<li>Ne sopivat ihanteellisesti rajoitetun tilan rajoittamiin sovelluksiin, useimmiten asiakirjanhallintaj\u00e4rjestelmiss\u00e4.<\/li>\n<\/ol>\n<p>&nbsp;<\/p>\n<div class=\"auto-hide-last-sibling-br paragraph_9dc5f paragraph-element\"><strong>Usein kysytyt kysymykset (FAQ):<\/strong><\/div>\n<ul class=\"auto-hide-last-sibling-br\">\n<li>\n<div class=\"auto-hide-last-sibling-br paragraph_9dc5f paragraph-element\"><strong>Q1:<\/strong>\u00a0Miten voin tehd\u00e4 tilauksen?<\/div>\n<ul class=\"auto-hide-last-sibling-br\">\n<li>V: Voit ilmoittaa vaatimuksistasi asiakaspalveluun, viimeistell\u00e4 tuotetiedot, suorittaa maksun ja sitten j\u00e4rjest\u00e4\u00e4 tuotteen toimituksen.<\/li>\n<\/ul>\n<\/li>\n<li>\n<div class=\"auto-hide-last-sibling-br paragraph_9dc5f paragraph-element\"><strong>Q2:<\/strong>\u00a0Mik\u00e4 on odotettu tuotanto\/toimitusaika?<\/div>\n<ul class=\"auto-hide-last-sibling-br\">\n<li>V: Tuotannon ja toimituksen odotettu aika on yleens\u00e4 20 p\u00e4iv\u00e4n sis\u00e4ll\u00e4. T\u00e4m\u00e4 voi kuitenkin muuttua tiettyjen tilauskokoonpanojen perusteella.<\/li>\n<\/ul>\n<\/li>\n<li>\n<div class=\"auto-hide-last-sibling-br paragraph_9dc5f paragraph-element\"><strong>Q3:<\/strong>\u00a0K\u00e4yv\u00e4tk\u00f6 kaikki tuotteet l\u00e4pi ennen toimitusta?<\/div>\n<ul class=\"auto-hide-last-sibling-br\">\n<li>V: Todellakin, kaikki tuotteet testataan kattavasti ennen l\u00e4hett\u00e4mist\u00e4, mukaan lukien peruslaitteiden tarkastukset.<\/li>\n<\/ul>\n<\/li>\n<li>\n<div class=\"auto-hide-last-sibling-br paragraph_9dc5f paragraph-element\"><strong>Q4:<\/strong>\u00a0Onko mahdollista vastaanottaa n\u00e4ytel\u00e4hetyst\u00e4?<\/div>\n<ul class=\"auto-hide-last-sibling-br\">\n<li>V: Kyll\u00e4, tarjoamme todelliset tuotteet n\u00e4yttein\u00e4 asiakkaillemme.<\/li>\n<\/ul>\n<\/li>\n<\/ul>","protected":false},"excerpt":{"rendered":"<p>I CODE SLIX RFID -kirjastokirjatarra, jonka mitat ovat 50*50 mm, on ratkaisevassa roolissa kirjaston kirjojen ja tiedostojen hallinnassa. Yhdess\u00e4 RFID-antennin ja lukijan kanssa se edist\u00e4\u00e4 kirjaston resurssien \u00e4lyk\u00e4st\u00e4 hallintaa.<\/p>","protected":false},"featured_media":323,"template":"","meta":{"_kad_post_transparent":"default","_kad_post_title":"","_kad_post_layout":"default","_kad_post_sidebar_id":"","_kad_post_content_style":"default","_kad_post_vertical_padding":"default","_kad_post_feature":"","_kad_post_feature_position":"","_kad_post_header":false,"_kad_post_footer":false,"_kad_post_classname":""},"product_brand":[],"product_cat":[54],"product_tag":[138,139],"class_list":{"0":"post-321","1":"product","2":"type-product","3":"status-publish","4":"has-post-thumbnail","6":"product_cat-hot-selling-rfid-tags","7":"product_tag-i-code-slix-rfid-library-book-sticker","8":"product_tag-i-code-slix-rfid-sticker","10":"first","11":"instock","12":"shipping-taxable","13":"product-type-simple","14":"entry","15":"content-bg","16":"loop-entry"},"_links":{"self":[{"href":"https:\/\/rfid-laundry-tag.com\/fi\/wp-json\/wp\/v2\/product\/321","targetHints":{"allow":["GET"]}}],"collection":[{"href":"https:\/\/rfid-laundry-tag.com\/fi\/wp-json\/wp\/v2\/product"}],"about":[{"href":"https:\/\/rfid-laundry-tag.com\/fi\/wp-json\/wp\/v2\/types\/product"}],"version-history":[{"count":0,"href":"https:\/\/rfid-laundry-tag.com\/fi\/wp-json\/wp\/v2\/product\/321\/revisions"}],"wp:featuredmedia":[{"embeddable":true,"href":"https:\/\/rfid-laundry-tag.com\/fi\/wp-json\/wp\/v2\/media\/323"}],"wp:attachment":[{"href":"https:\/\/rfid-laundry-tag.com\/fi\/wp-json\/wp\/v2\/media?parent=321"}],"wp:term":[{"taxonomy":"product_brand","embeddable":true,"href":"https:\/\/rfid-laundry-tag.com\/fi\/wp-json\/wp\/v2\/product_brand?post=321"},{"taxonomy":"product_cat","embeddable":true,"href":"https:\/\/rfid-laundry-tag.com\/fi\/wp-json\/wp\/v2\/product_cat?post=321"},{"taxonomy":"product_tag","embeddable":true,"href":"https:\/\/rfid-laundry-tag.com\/fi\/wp-json\/wp\/v2\/product_tag?post=321"}],"curies":[{"name":"wp","href":"https:\/\/api.w.org\/{rel}","templated":true}]}}