{"id":3191,"date":"2026-01-09T13:46:57","date_gmt":"2026-01-09T13:46:57","guid":{"rendered":"https:\/\/rfid-laundry-tag.com\/?post_type=product&#038;p=3191"},"modified":"2026-01-09T13:46:57","modified_gmt":"2026-01-09T13:46:57","slug":"uhf-wash-care-label-rfid-chips-in-garment","status":"publish","type":"product","link":"https:\/\/rfid-laundry-tag.com\/fi\/uhf-wash-care-label-rfid-chips-in-garment\/","title":{"rendered":"UHF-pesunhoitotarran RFID-sirut vaatteissa"},"content":{"rendered":"<div class=\"J_module\">\n<div class=\"ife-detail-decorate-table\">\n<table class=\"hight-light-first-column all magic-14\">\n<tbody>\n<tr>\n<td colspan=\"1\" rowspan=\"1\">\n<div class=\"magic-15\" data-spm-anchor-id=\"a2700.details.0.i95.236a58c1ycsfva\">Tuotantonimi:<\/div>\n<\/td>\n<td colspan=\"1\" rowspan=\"1\">\n<div class=\"magic-16\"><strong>UHF-pesunhoitotarran RFID-sirut vaatteissa<\/strong><\/div>\n<\/td>\n<\/tr>\n<tr>\n<td colspan=\"1\" rowspan=\"1\">\n<div class=\"magic-15\"><span class=\"magic-17\">Materiaali:<\/span><\/div>\n<\/td>\n<td colspan=\"1\" rowspan=\"1\">\n<div class=\"magic-16\">Polyesteri\/koostumus\/satiini\/puuvilla\/kuitukangas\/PET jne.<\/div>\n<\/td>\n<\/tr>\n<tr>\n<td colspan=\"1\" rowspan=\"1\">\n<div class=\"magic-15\"><span class=\"magic-17\">Koko:<\/span><\/div>\n<\/td>\n<td colspan=\"1\" rowspan=\"1\">\n<div class=\"magic-16\"><span class=\"magic-17\">80 * 38 mm \/ 60 * 30 mm \/ 61 * 26 mm \/ 60 * 22 mm \/ jne. Tai r\u00e4\u00e4t\u00e4l\u00f6ity<\/span><\/div>\n<\/td>\n<\/tr>\n<tr>\n<td colspan=\"1\" rowspan=\"1\">\n<div class=\"magic-15\"><span class=\"magic-17\">Tyyppi:<\/span><\/div>\n<\/td>\n<td colspan=\"1\" rowspan=\"1\">\n<div class=\"magic-16\"><span class=\"magic-17\">Passiivinen, RFID<\/span><\/div>\n<\/td>\n<\/tr>\n<tr>\n<td colspan=\"1\" rowspan=\"1\">\n<div class=\"magic-15\">RF-protokolla:<\/div>\n<\/td>\n<td colspan=\"1\" rowspan=\"1\">\n<div class=\"magic-16\">ISO 18000-6C; EPC-luokka 1, sukupolvi 2<\/div>\n<\/td>\n<\/tr>\n<tr>\n<td colspan=\"1\" rowspan=\"1\">\n<div class=\"magic-15\"><span class=\"magic-17\">Taajuus:<\/span><\/div>\n<\/td>\n<td colspan=\"1\" rowspan=\"1\">\n<div class=\"magic-16\"><span class=\"magic-17\">860-960 MHz<\/span><\/div>\n<\/td>\n<\/tr>\n<tr>\n<td colspan=\"1\" rowspan=\"1\">\n<div class=\"magic-15\">Siru<\/div>\n<\/td>\n<td colspan=\"1\" rowspan=\"1\">\n<div class=\"magic-16\">U8, U9, Alien Higgs, Monza 4D, Monza 4QT, Monza R6, Monza R6-P, Impinj M730, Impinj M750 jne.<\/div>\n<\/td>\n<\/tr>\n<tr>\n<td colspan=\"1\" rowspan=\"1\">\n<div class=\"magic-15\"><span class=\"magic-17\">Lukuet\u00e4isyys:<\/span><\/div>\n<\/td>\n<td colspan=\"1\" rowspan=\"1\">\n<div class=\"magic-16\"><span class=\"magic-17\">UHF: 1-10m (riippuu lukijasta ja antennista)<\/span><\/div>\n<\/td>\n<\/tr>\n<tr>\n<td colspan=\"1\" rowspan=\"1\">\n<div class=\"magic-15\"><span class=\"magic-17\">Kiinte\u00e4 tapa:<\/span><\/div>\n<\/td>\n<td colspan=\"1\" rowspan=\"1\">\n<div class=\"magic-16\"><span class=\"magic-17\">Ompele \/ silitys<\/span><\/div>\n<\/td>\n<\/tr>\n<tr>\n<td colspan=\"1\" rowspan=\"1\">\n<div class=\"magic-15\"><span class=\"magic-17\">Tulostus:<\/span><\/div>\n<\/td>\n<td colspan=\"1\" rowspan=\"1\">\n<div class=\"magic-16\"><span class=\"magic-17\">Tulostus, koodaus, sarjanumero, suunnittelu jne.<\/span><\/div>\n<\/td>\n<\/tr>\n<tr>\n<td colspan=\"1\" rowspan=\"1\">\n<div class=\"magic-15\"><span class=\"magic-17\">IC:n k\u00e4ytt\u00f6ik\u00e4:<\/span><\/div>\n<\/td>\n<td colspan=\"1\" rowspan=\"1\">\n<div class=\"magic-16\" data-spm-anchor-id=\"a2700.details.0.i94.236a58c1ycsfva\"><span class=\"magic-17\">100 000 ohjelmointijaksoa<br \/>\n10 vuoden tietojen s\u00e4ilytys<\/span><\/div>\n<\/td>\n<\/tr>\n<tr>\n<td colspan=\"1\" rowspan=\"1\">\n<div class=\"magic-15\"><span class=\"magic-17\">N\u00e4ytteen saatavuus:<\/span><\/div>\n<\/td>\n<td colspan=\"1\" rowspan=\"1\">\n<div class=\"magic-16\"><span class=\"magic-17\">Ilmaisia n\u00e4ytteit\u00e4 on saatavilla pyynn\u00f6st\u00e4<\/span><\/div>\n<\/td>\n<\/tr>\n<tr>\n<td colspan=\"1\" rowspan=\"1\">\n<div class=\"magic-15\"><span class=\"magic-17\">Sovellukset:\u00a0<\/span><\/div>\n<\/td>\n<td colspan=\"1\" rowspan=\"1\">\n<div class=\"magic-16\"><span class=\"magic-17\">\u00b7 Varastonhallinta<br \/>\n\u00b7 Toimitusketju<br \/>\n\u00b7 V\u00e4hitt\u00e4iskauppa<\/span><\/div>\n<\/td>\n<\/tr>\n<tr>\n<td colspan=\"1\" rowspan=\"1\">\n<div class=\"magic-15\"><span class=\"magic-17\">K\u00e4ytt\u00e4\u00e4<\/span><\/div>\n<\/td>\n<td colspan=\"1\" rowspan=\"1\">\n<div class=\"magic-16\"><span class=\"magic-17\">Vaatteet, vaatteet, laukut, keng\u00e4t jne.<\/span><\/div>\n<\/td>\n<\/tr>\n<\/tbody>\n<\/table>\n<\/div>\n<\/div>\n<div class=\"J_module\">\n<div class=\"detail-decorate-json-renderer-container\">\n<div class=\"magic-1\">\n<div class=\"magic-5\">\n<div class=\"magic-6\">\n<div><\/div>\n<\/div>\n<div>\n<div class=\"auto-hide-last-sibling-br paragraph_1252f paragraph-element\">\n<div class=\"auto-hide-last-sibling-br paragraph_1252f paragraph-element\">\n<div class=\"auto-hide-last-sibling-br paragraph_1252f paragraph-element\">\n<p>&nbsp;<\/p>\n<div class=\"auto-hide-last-sibling-br paragraph_1252f paragraph-element\">\n<p><a href=\"https:\/\/rfid-laundry-tag.com\/fi\/\"><strong>UHF-pesunhoitotarran RFID-sirut<\/strong>\u00a0<\/a>tarjoavat mukavamman ja ihoyst\u00e4v\u00e4llisemm\u00e4n vaihtoehdon perinteisille vaatemerkeille. N\u00e4m\u00e4 merkinn\u00e4t on suunniteltu helposti vaatteisiin integroitaviksi, ja ne tehostavat vaatteiden hallintaa.<\/p>\n<\/div>\n<\/div>\n<\/div>\n<div><\/div>\n<div class=\"auto-hide-last-sibling-br paragraph_1252f paragraph-element\">\n<div class=\"auto-hide-last-sibling-br paragraph_1252f paragraph-element\">\n<h2 class=\"AnswerParser_AnswerParserH2__SIHnF\">Paranna toimitusketjusi n\u00e4kyvyytt\u00e4<\/h2>\n<p><span class=\"AnswerParser_TextContainer__z_Iiv\" data-testid=\"youchat-text\">Sis\u00e4llytt\u00e4m\u00e4ll\u00e4 UHF-pesunhoitoetiketin RFID-sirut vaatteisiisi saat ennenn\u00e4kem\u00e4tt\u00f6m\u00e4n n\u00e4kyvyyden toimitusketjuusi. Voit seurata vaatteitasi valmistuksesta myyntiin ja jopa useiden pesuohjelmien ajan teollisuuspesuloissa.<\/span><span class=\"AnswerParser_TextContainer__z_Iiv\" data-testid=\"youchat-text\">T\u00e4m\u00e4n parannetun n\u00e4kyvyyden avulla voit:<\/span><\/p>\n<ul class=\"AnswerParser_AnswerParserUnorderedList__P_1FW\">\n<li class=\"AnswerParser_ListItem__XqLOV\" translate=\"yes\">V\u00e4henn\u00e4 kutistumista ja menetyst\u00e4<\/li>\n<li class=\"AnswerParser_ListItem__XqLOV\" translate=\"yes\">Paranna tuotteiden vaihtotehoa<\/li>\n<li class=\"AnswerParser_ListItem__XqLOV\" translate=\"yes\">Optimoi varastotasot<\/li>\n<li class=\"AnswerParser_ListItem__XqLOV\" translate=\"yes\">Paranna asiakastyytyv\u00e4isyytt\u00e4 parantamalla tuotteiden saatavuutta<\/li>\n<\/ul>\n<h2 class=\"AnswerParser_AnswerParserH2__SIHnF\">Helppo asennus ja k\u00e4ytt\u00f6<\/h2>\n<p><span class=\"AnswerParser_TextContainer__z_Iiv\" data-testid=\"youchat-text\">RFID-pesunhoitotarramme on suunniteltu integroitumaan saumattomasti vaatteisiisi:<\/span><\/p>\n<ol class=\"AnswerParser_AnswerParserOrderedList__kl_2Y\">\n<li class=\"AnswerParser_ListItem__XqLOV\" translate=\"yes\"><strong>Ompeluvaihtoehto<\/strong>: Perinteinen kiinnitysmenetelm\u00e4 kest\u00e4vyyden takaamiseksi.<\/li>\n<li class=\"AnswerParser_ListItem__XqLOV\" translate=\"yes\"><strong>Silitett\u00e4v\u00e4 sovellus<\/strong>: Nopea ja helppo asennus l\u00e4mm\u00f6nsiirtotekniikalla.<\/li>\n<\/ol>\n<p><span class=\"AnswerParser_TextContainer__z_Iiv\" data-testid=\"youchat-text\">Molemmat menetelm\u00e4t varmistavat, ett\u00e4 etiketti pysyy tukevasti kiinni vaatteen koko elinkaaren ajan.<\/span><\/p>\n<h3 class=\"auto-hide-last-sibling-br paragraph_1252f paragraph-element\"><strong>T\u00e4ss\u00e4 on muutamia esimerkkej\u00e4 siit\u00e4, kuinka huippuluokan vaatemerkit ovat onnistuneesti ottaneet k\u00e4ytt\u00f6\u00f6n RFID UHF -tunnisteet:<\/strong><\/h3>\n<ol class=\"auto-hide-last-sibling-br\">\n<li>\n<div class=\"auto-hide-last-sibling-br paragraph_1252f paragraph-element\"><strong>Prada<\/strong>: T\u00e4m\u00e4 kuuluisa italialainen luksusbr\u00e4ndi otti k\u00e4ytt\u00f6\u00f6n RFID-tunnisteet vuonna 2001, mik\u00e4 mahdollistaa yksityiskohtaisten tietojen, kuten tyylin, koon, v\u00e4rin ja hinnan, tallentamisen. Mielenkiintoista on, ett\u00e4 kun Prada-vaatteita pukeutuvat kuluttajat kulkevat myym\u00e4l\u00f6iss\u00e4\u00e4n, vastaavat asut ovat esill\u00e4 myym\u00e4l\u00e4malleissa, jotka j\u00e4ljittelev\u00e4t Milanon huippumuotia. T\u00e4m\u00e4 innovatiivinen RFID-teknologian k\u00e4ytt\u00f6 lis\u00e4\u00e4 Pradan kuluttajien tyytyv\u00e4isyytt\u00e4 oston j\u00e4lkeen.<\/div>\n<\/li>\n<li>\n<div class=\"auto-hide-last-sibling-br paragraph_1252f paragraph-element\"><strong>H&amp;M<\/strong>: T\u00e4m\u00e4 kansainv\u00e4linen tuotemerkki aloitti RFID-tekniikan k\u00e4yt\u00f6n vuonna 2014. Suunnitellun 1 800 myym\u00e4l\u00e4n RFID-teknologia mahdollistaa tuoteryhmien, m\u00e4\u00e4rien ja kulutuksen automaattisen seurannan.<\/div>\n<\/li>\n<li>\n<div class=\"auto-hide-last-sibling-br paragraph_1252f paragraph-element\"><strong>ZARA<\/strong>Vuoden 2016 alkupuoliskolla ZARAn emoyhti\u00f6 Inditex ilmoitti, ett\u00e4 RFID-teknologian k\u00e4ytt\u00f6\u00f6notto paransi noin 701 000 tuotemerkin varastonhallintaa ja tarvikkeiden hallintaa. K\u00e4ytt\u00f6\u00f6notto johti 11,11 0 ...<\/div>\n<\/li>\n<li>\n<div class=\"auto-hide-last-sibling-br paragraph_1252f paragraph-element\"><strong>Uniqlo<\/strong>: Vuonna 2017 Uniqlo ilmoitti suunnitelmastaan ottaa k\u00e4ytt\u00f6\u00f6n RFID-UHF-tunnisteita 3 000 myym\u00e4l\u00e4ss\u00e4 maailmanlaajuisesti, mik\u00e4 merkitsee sit\u00e4, ett\u00e4 se on ensimm\u00e4inen japanilainen j\u00e4lleenmyyj\u00e4, joka k\u00e4ytt\u00e4\u00e4 elektronisia tunnisteita maailmanlaajuisesti.<\/div>\n<\/li>\n<\/ol>\n<div class=\"auto-hide-last-sibling-br paragraph_1252f paragraph-element\">N\u00e4m\u00e4 ovat vain muutamia n\u00e4kemyksi\u00e4 siit\u00e4, miten huippuvaatemerkit hy\u00f6dynt\u00e4v\u00e4t RFID-tunnisteita. Vuodesta 2019 l\u00e4htien k\u00e4yt\u00e4nn\u00f6ss\u00e4 jokainen maailmanluokan br\u00e4ndi on kiinnitt\u00e4nyt RFID-tunnisteita vaatteisiinsa, mik\u00e4 johtaa yli 20 miljardiin tunnisteella varustettuun vaatekappaleeseen \u2013 luku, joka kasvaa jatkuvasti huomattavasti. Muita merkitt\u00e4vi\u00e4 tuotemerkkej\u00e4, jotka ovat ottaneet t\u00e4m\u00e4n teknologian k\u00e4ytt\u00f6\u00f6n, ovat NIKE ja Walmart.<\/div>\n<\/div>\n<\/div>\n<\/div>\n<h2 class=\"AnswerParser_AnswerParserH2__SIHnF\">Ota yhteytt\u00e4 r\u00e4\u00e4t\u00e4l\u00f6ity\u00e4 ratkaisua varten<\/h2>\n<p><span class=\"AnswerParser_TextContainer__z_Iiv\" data-testid=\"youchat-text\">Oletko valmis mullistamaan vaatteidesi hallinnan UHF RFID -pesun hoito-ohjemerkinn\u00f6ill\u00e4mme? Autamme sinua l\u00f6yt\u00e4m\u00e4\u00e4n t\u00e4ydellisen ratkaisun tarpeisiisi.<\/span><\/p>\n<ul class=\"AnswerParser_AnswerParserUnorderedList__P_1FW\">\n<li class=\"AnswerParser_ListItem__XqLOV\" translate=\"yes\"><strong>Ilmaisia n\u00e4ytteit\u00e4<\/strong>: Pyyd\u00e4 ilmaisia n\u00e4ytteit\u00e4 testattavaksi ymp\u00e4rist\u00f6ss\u00e4si.<\/li>\n<li class=\"AnswerParser_ListItem__XqLOV\" translate=\"yes\"><strong>R\u00e4\u00e4t\u00e4l\u00f6inti<\/strong>: Kerro meille erityistarpeesi r\u00e4\u00e4t\u00e4l\u00f6ity\u00e4 ratkaisua varten.<\/li>\n<li class=\"AnswerParser_ListItem__XqLOV\" translate=\"yes\"><strong>Asiantuntijakonsultointi<\/strong>: RFID-asiantuntijatiimimme on valmis vastaamaan kysymyksiisi.<\/li>\n<\/ul>\n<p>Yhteenvetona voidaan todeta, ett\u00e4 UHF-satiiniset pesuohjetarrat yhdist\u00e4v\u00e4t mukavuuden, k\u00e4tevyyden ja edistyneen teknologian, mik\u00e4 tekee niist\u00e4 erinomaisen valinnan sek\u00e4 valmistajille ett\u00e4 kuluttajille, jotka etsiv\u00e4t parempaa merkint\u00e4ratkaisua.<\/p>\n<p>&nbsp;<\/p>\n<\/div>\n<\/div>\n<\/div>\n<\/div>\n<\/div>","protected":false},"excerpt":{"rendered":"<p><strong>UHF-pesunhoitotarran RFID-sirut vaatteissa<\/strong>\u00a0Tarjoamme mukavamman ja ihoyst\u00e4v\u00e4llisemm\u00e4n vaihtoehdon perinteisille vaatemerkeille, yli 15 vuoden kokemuksella!<\/p>","protected":false},"featured_media":3192,"template":"","meta":{"_kad_post_transparent":"default","_kad_post_title":"","_kad_post_layout":"default","_kad_post_sidebar_id":"","_kad_post_content_style":"default","_kad_post_vertical_padding":"default","_kad_post_feature":"","_kad_post_feature_position":"","_kad_post_header":false,"_kad_post_footer":false,"_kad_post_classname":""},"product_brand":[],"product_cat":[81],"product_tag":[389,390,388,391],"class_list":{"0":"post-3191","1":"product","2":"type-product","3":"status-publish","4":"has-post-thumbnail","6":"product_cat-rfid-wash-care-clothing-label","7":"product_tag-rfid-chips-in-garment","8":"product_tag-uhf-wash-care-labe","9":"product_tag-uhf-wash-care-label-rfid-chips-in-garment","10":"product_tag-wash-care-label-rfid","12":"first","13":"instock","14":"shipping-taxable","15":"product-type-simple","16":"entry","17":"content-bg","18":"loop-entry"},"_links":{"self":[{"href":"https:\/\/rfid-laundry-tag.com\/fi\/wp-json\/wp\/v2\/product\/3191","targetHints":{"allow":["GET"]}}],"collection":[{"href":"https:\/\/rfid-laundry-tag.com\/fi\/wp-json\/wp\/v2\/product"}],"about":[{"href":"https:\/\/rfid-laundry-tag.com\/fi\/wp-json\/wp\/v2\/types\/product"}],"version-history":[{"count":1,"href":"https:\/\/rfid-laundry-tag.com\/fi\/wp-json\/wp\/v2\/product\/3191\/revisions"}],"predecessor-version":[{"id":3194,"href":"https:\/\/rfid-laundry-tag.com\/fi\/wp-json\/wp\/v2\/product\/3191\/revisions\/3194"}],"wp:featuredmedia":[{"embeddable":true,"href":"https:\/\/rfid-laundry-tag.com\/fi\/wp-json\/wp\/v2\/media\/3192"}],"wp:attachment":[{"href":"https:\/\/rfid-laundry-tag.com\/fi\/wp-json\/wp\/v2\/media?parent=3191"}],"wp:term":[{"taxonomy":"product_brand","embeddable":true,"href":"https:\/\/rfid-laundry-tag.com\/fi\/wp-json\/wp\/v2\/product_brand?post=3191"},{"taxonomy":"product_cat","embeddable":true,"href":"https:\/\/rfid-laundry-tag.com\/fi\/wp-json\/wp\/v2\/product_cat?post=3191"},{"taxonomy":"product_tag","embeddable":true,"href":"https:\/\/rfid-laundry-tag.com\/fi\/wp-json\/wp\/v2\/product_tag?post=3191"}],"curies":[{"name":"wp","href":"https:\/\/api.w.org\/{rel}","templated":true}]}}