{"id":319,"date":"2024-06-28T06:17:02","date_gmt":"2024-06-28T06:17:02","guid":{"rendered":"https:\/\/rfid-laundry-tag.com\/?post_type=product&#038;p=319"},"modified":"2024-09-23T10:21:27","modified_gmt":"2024-09-23T10:21:27","slug":"iso15693-i-code-slix-rfid-inlay","status":"publish","type":"product","link":"https:\/\/rfid-laundry-tag.com\/fi\/iso15693-i-code-slix-rfid-inlay\/","title":{"rendered":"ISO15693 ICODE SLIX RFID Inlay"},"content":{"rendered":"<table class=\"hight-light-first-column all magic-1\">\n<tbody>\n<tr>\n<td colspan=\"1\" rowspan=\"1\">\n<div class=\"magic-2\">\n<div class=\"magic-3\" data-spm-anchor-id=\"a2700.pc-decorate.0.i24.7f543333WPG8F0\"><span class=\"magic-4\" data-spm-anchor-id=\"a2700.pc-decorate.0.i23.7f543333WPG8F0\"><span class=\"magic-5\" style=\"color: #000000; font-family: Roboto;\"><b class=\"magic-4\" data-spm-anchor-id=\"a2700.pc-decorate.0.i114.7f543333WPG8F0\">Tuote<\/b><\/span><\/span><\/div>\n<\/div>\n<\/td>\n<td colspan=\"4\" rowspan=\"1\">\n<div class=\"magic-6\"><strong>ISO15693 ICODE SLIX RFID Inlay<\/strong><\/div>\n<\/td>\n<\/tr>\n<tr>\n<td colspan=\"1\" rowspan=\"1\">\n<div class=\"magic-2\">\n<div class=\"magic-3\" data-spm-anchor-id=\"a2700.pc-decorate.0.i22.7f543333WPG8F0\"><span class=\"magic-4\" data-spm-anchor-id=\"a2700.pc-decorate.0.i10.7f543333WPG8F0\"><b class=\"magic-4\"><span class=\"magic-5\" style=\"color: #000000; font-family: Roboto;\">Materiaali<\/span><\/b><\/span><\/div>\n<\/div>\n<\/td>\n<td colspan=\"4\" rowspan=\"1\">\n<div class=\"magic-9\"><span class=\"magic-5\" style=\"color: #000000;\">Paperi\/PP-kalvo\/PET\/Inlay<\/span><\/div>\n<\/td>\n<\/tr>\n<tr>\n<td colspan=\"1\" rowspan=\"1\">\n<div class=\"magic-2\">\n<div class=\"magic-3\" data-spm-anchor-id=\"a2700.pc-decorate.0.i34.7f543333WPG8F0\"><b class=\"magic-13\" data-spm-anchor-id=\"a2700.pc-decorate.0.i111.7f543333WPG8F0\"><span class=\"magic-5\" style=\"color: #000000; font-family: Roboto;\">Taajuus<\/span><\/b><\/div>\n<\/div>\n<\/td>\n<td colspan=\"4\" rowspan=\"1\">\n<div class=\"magic-6\"><span class=\"magic-5\" style=\"color: #000000; font-family: Roboto;\" data-spm-anchor-id=\"a2700.details.0.i25.244e512bmtbZH7\">13,56 MHz<\/span><\/div>\n<\/td>\n<\/tr>\n<tr>\n<td colspan=\"1\" rowspan=\"1\">\n<div class=\"magic-2\">\n<div class=\"magic-3\" data-spm-anchor-id=\"a2700.pc-decorate.0.i33.7f543333WPG8F0\"><b class=\"magic-4\"><span class=\"magic-5\" style=\"color: #000000; font-family: Roboto;\">Koko<\/span><\/b><\/div>\n<\/div>\n<\/td>\n<td colspan=\"4\" rowspan=\"1\">\n<div class=\"magic-9\"><span class=\"magic-5\" style=\"color: #000000;\">50*50\/45*45\/30*15\/40*25\/halkaisija 25\/30 tai mukautettu koko<\/span><\/div>\n<\/td>\n<\/tr>\n<tr>\n<td colspan=\"1\" rowspan=\"1\">\n<div class=\"magic-2\">\n<div class=\"magic-3\"><b class=\"magic-14\">Sovellukset<\/b><\/div>\n<\/div>\n<\/td>\n<td colspan=\"4\" rowspan=\"1\">\n<div class=\"magic-6\" data-spm-anchor-id=\"a2700.details.0.i24.244e512bmtbZH7\"><span class=\"magic-5\" style=\"color: #000000; font-family: Roboto;\">K\u00e4ytet\u00e4\u00e4n laajasti omaisuudenhallinnassa, vaatetushallinnassa, varastoissa, kirjastossa, koruissa, logistiikassa jne.<\/span><\/div>\n<\/td>\n<\/tr>\n<\/tbody>\n<\/table>\n<p>&nbsp;<\/p>\n<p>ICODE SLIX IC on omistettu siru \u00e4lykk\u00e4isiin tarrasovelluksiin, kuten kirjastoihin, tuotteiden autentikointiin eri aloilla, kuten l\u00e4\u00e4keteollisuudessa, l\u00e4\u00e4ketieteellisiss\u00e4 laitteissa ja alkoholissa, sek\u00e4 tuotannon hallintaan teollisuuden eri alueilla. T\u00e4m\u00e4 IC on ISO-standardeihin ISO\/IEC 15693 ja ISO\/IEC 18000-3 perustuvien \u00e4lykk\u00e4iden tarrapiirien tuoteperheen kolmas sukupolvi, joka jatkaa NXP:n menestystarinaa.<sup>\u00ae<\/sup>\u00a0l\u00e4hitunnistusj\u00e4rjestelmien alalla.<\/p>\n<h3>Kontaktiton energia- ja tiedonsiirto<\/h3>\n<p>Aina kun se liitet\u00e4\u00e4n hyvin yksinkertaiseen ja helposti valmistettavaan antennityyppiin (13,56 MHz:n kantoaaltotaajuuden ansiosta), joka on valmistettu muutamasta painetusta, k\u00e4\u00e4mityst\u00e4, sy\u00f6vytyst\u00e4 tai rei&#039;itetyst\u00e4 kelasta, ICODE SLIX IC:t\u00e4 voidaan k\u00e4ytt\u00e4\u00e4 ilman n\u00e4k\u00f6yhteys 1,5 m et\u00e4isyydelle (portin leveys). Akkua ei tarvita. Kun \u00e4lytarra sijoitetaan kyselyantennin kentt\u00e4\u00e4n, nopea RF-viestint\u00e4liit\u00e4nt\u00e4 mahdollistaa tiedonsiirron jopa 53 kbit\/s nopeudella.<\/p>\n<h3>T\u00f6rm\u00e4yksenesto<\/h3>\n<p>\u00c4lyk\u00e4s t\u00f6rm\u00e4yksenestotoiminto mahdollistaa useiden tunnisteiden k\u00e4yt\u00f6n pellolla samanaikaisesti. T\u00f6rm\u00e4yksenesto-algoritmi valitsee jokaisen tunnisteen yksitellen ja varmistaa, ett\u00e4 tapahtuman suorittaminen valitulla tunnisteella suoritetaan oikein ilman kent\u00e4n muista tunnisteista johtuvaa tietojen korruptiota.<\/p>\n<h3>ISO15693 ICODE SLIX RFID Inlay -sirun ominaisuudet<\/h3>\n<div id=\"featuresXsp\" class=\"features-list\">\n<div class=\"features-xsp\">\n<div class=\"collapse-mobile ste-list\">\n<h3>ICODE SLIX RF -liit\u00e4nt\u00e4 (ISO\/IEC 15693)<\/h3>\n<ul class=\"boxes\">\n<li>Tietojen ja energian kontaktiton siirto (paristoa ei tarvita)<\/li>\n<li>Toimintaet\u00e4isyys: jopa 1,5 m (riippuen antennin geometriasta)<\/li>\n<li>Toimintataajuus: 13,56 MHz (ISM, maailmanlaajuinen lisenssi vapaasti saatavilla)<\/li>\n<li>Nopea tiedonsiirto: jopa 53 kbit\/s<\/li>\n<li>Korkea tiedon eheys: 16-bittinen CRC, kehystys<\/li>\n<li>Todellinen t\u00f6rm\u00e4yksenesto<\/li>\n<li>Salasanasuojattu s\u00e4hk\u00f6inen artikkelivalvonta (EAS)<\/li>\n<li>Salasanasuojattu sovellusperhetunniste (AFI)<\/li>\n<li>Data Storage Format Identifier (DSFID)<\/li>\n<li>Lis\u00e4ksi nopea t\u00f6rm\u00e4yksenestoluku<\/li>\n<li>Kirjoita et\u00e4isyys yht\u00e4 suuri kuin lukuet\u00e4isyys<\/li>\n<\/ul>\n<\/div>\n<div class=\"collapse-mobile ste-list\">\n<h3>EEPROM<\/h3>\n<ul class=\"boxes\">\n<li>1024 bitti\u00e4, j\u00e4rjestetty 32 lohkoon, joista kukin on 4 tavua<\/li>\n<li>50 vuoden tietojen s\u00e4ilytys<\/li>\n<li>Kirjoita 100 000 syklin kest\u00e4vyys<\/li>\n<\/ul>\n<\/div>\n<div class=\"collapse-mobile ste-list\">\n<h3>Turvallisuus<\/h3>\n<ul class=\"boxes\">\n<li>Ainutlaatuinen tunniste jokaiselle laitteelle<\/li>\n<li>Lukitusmekanismi jokaiselle k\u00e4ytt\u00e4j\u00e4n muistilohkolle (kirjoitussuojaus)<\/li>\n<li>Lukitusmekanismi DSFID:lle, AFI:lle, EAS:lle<\/li>\n<li>Salasanalla (32-bittinen) suojattu EAS- ja AFI-toiminto<\/li>\n<\/ul>\n<\/div>\n<\/div>\n<\/div>\n<div class=\"auto-hide-last-sibling-br paragraph_9dc5f paragraph-element\"><strong>ISO15693 ICODE SLIX RFID Inlay:<\/strong>\u00a0RFID-inlay koostuu antennista ja mikrosirusta, jossa siru tallentaa dataa ja antenni vastaa n\u00e4iden tietojen v\u00e4litt\u00e4misest\u00e4 RFID-lukijaan.<\/div>\n<p>&nbsp;<\/p>\n<div class=\"auto-hide-last-sibling-br paragraph_9dc5f paragraph-element\"><strong>Kosteat inlayt:<\/strong>\u00a0N\u00e4m\u00e4 ovat RFID-urakoita, jotka asetetaan liimakerroksen ja kirkkaan PET-kerroksen (polyetyleenitereftalaatti) p\u00e4\u00e4lle. PET-kerrosta k\u00e4ytet\u00e4\u00e4n suojaamaan fyysisilt\u00e4 vaurioilta. Kun liimapuoli on poisp\u00e4in etiketist\u00e4 tai materiaalista, niit\u00e4 voidaan k\u00e4ytt\u00e4\u00e4 mukavasti RFID-tarrojen rakentamiseen, joten niit\u00e4 voidaan k\u00e4ytt\u00e4\u00e4 laajasti tarrojen luomisessa eri aloilla.<\/div>\n<div><\/div>\n<div>\n<div class=\"auto-hide-last-sibling-br paragraph_9dc5f paragraph-element\">\u00a0ISO15693 ICODE SLIX NFC-tunnistetta, joka on valmistettu eri materiaaleista, kuten paperista, PP-kalvosta, PET:st\u00e4 tai upotekoristeesta, ja erikokoisia, k\u00e4ytet\u00e4\u00e4n laajasti. L\u00f6yd\u00e4t niit\u00e4 usein toimialoilla, kuten:<\/div>\n<p>&nbsp;<\/p>\n<ul class=\"auto-hide-last-sibling-br\">\n<li><strong>Omaisuudenhallinta:<\/strong>\u00a0Tunnisteita k\u00e4ytet\u00e4\u00e4n fyysisen omaisuuden seurantaan useissa eri tilanteissa, kuten terveydenhuollon tai IT:n valvontalaitteiden.<\/li>\n<li><strong>Vaatetushallinta:<\/strong>\u00a0Muotikaupassa n\u00e4m\u00e4 tunnisteet helpottavat varaston seurantaa, varkaudenestotoimenpiteit\u00e4 ja parantavat myym\u00e4l\u00e4n asiakaskokemusta.<\/li>\n<li><strong>Varastonhallinta:<\/strong>\u00a0Varastoissa ja v\u00e4hitt\u00e4iskaupassa RFID-tunnisteita k\u00e4ytet\u00e4\u00e4n varastojen tehokkaaseen hallintaan, manuaalisen ty\u00f6n v\u00e4hent\u00e4miseen ja virheiden minimoimiseen.<\/li>\n<li><strong>Kirjaston hallinta:<\/strong>\u00a0Niit\u00e4 k\u00e4ytet\u00e4\u00e4n automatisoimaan lainaus- ja palautusprosesseja, parantamaan varastonhallintaa ja tarjoamaan suojausta varkauksia vastaan.<\/li>\n<li><strong>Korujen hallinta:<\/strong>\u00a0Kevyet ja tarkat tunnisteet tarjoavat turvallisen ja tehokkaan varastonhallinnan koruteollisuudessa.<\/li>\n<li><strong>Logistiikka:<\/strong> RFID-tunnisteita k\u00e4ytet\u00e4\u00e4n kuljetustavaroiden seuraamiseen, l\u00e4hetystarkkuuden parantamiseen ja n\u00e4kyvyyden parantamiseen toimitusketjussa.<\/li>\n<\/ul>\n<div class=\"auto-hide-last-sibling-br paragraph_9dc5f paragraph-element\">Tunnisteen kokoa ja muotoa voidaan r\u00e4\u00e4t\u00e4l\u00f6id\u00e4 tietyn sovelluksen mukaan, mik\u00e4 parantaa niiden joustavuutta ja mukautumiskyky\u00e4 eri k\u00e4ytt\u00f6tapauksissa.<\/div>\n<\/div>\n<div><\/div>\n<div>\n<h2 class=\"AnswerParser_AnswerParserH2__SIHnF\">Aloita NXP ICODE SLIX RFID -tekniikan k\u00e4ytt\u00f6 jo t\u00e4n\u00e4\u00e4n<\/h2>\n<p><span class=\"AnswerParser_TextContainer__z_Iiv\" data-testid=\"youchat-text\">Oletko valmis mullistamaan omaisuudenhallinta- ja todennusprosessisi? Ota ensimm\u00e4inen askel kohti tehokkaampaa tulevaisuutta:<\/span><\/p>\n<ol class=\"AnswerParser_AnswerParserOrderedList__kl_2Y\">\n<li class=\"AnswerParser_ListItem__XqLOV\" translate=\"yes\"><strong>Pyyd\u00e4 ilmainen n\u00e4yte<\/strong>: Koe laatu ja suorituskyky omakohtaisesti<\/li>\n<li class=\"AnswerParser_ListItem__XqLOV\" translate=\"yes\"><strong>Ota yhteytt\u00e4 asiantuntijoihimme<\/strong>: Saat henkil\u00f6kohtaisia neuvoja RFID:n k\u00e4ytt\u00f6\u00f6notosta yrityksess\u00e4si<\/li>\n<li class=\"AnswerParser_ListItem__XqLOV\" translate=\"yes\"><strong>Mukautettu lainaus<\/strong>: Saat r\u00e4\u00e4t\u00e4l\u00f6idyn hinnoittelusuunnitelman, joka perustuu erityistarpeisiisi ja volyymivaatimuksiisi<\/li>\n<\/ol>\n<p><span class=\"AnswerParser_TextContainer__z_Iiv\" data-testid=\"youchat-text\">\u00c4l\u00e4 anna vanhentuneiden seurantamenetelmien hidastaa liiketoimintaasi. Hy\u00f6dynn\u00e4 NXP ICODE SLIX RFID -teknologian teho ja pysy kilpailijoiden edell\u00e4. T\u00e4yt\u00e4 kyselylomakkeemme t\u00e4n\u00e4\u00e4n aloittaaksesi matkasi kohti \u00e4lykk\u00e4\u00e4mp\u00e4\u00e4 ja tehokkaampaa toimintaa.<\/span><\/div>","protected":false},"excerpt":{"rendered":"<p>Mullistaa omaisuudenhallinta NXP ICODE SLIX 13,56 MHz:n RFID-sis\u00e4kkeell\u00e4, mik\u00e4 parantaa varaston tehokkuutta ja tuotteiden todennusta kaikilla toimialoilla.<\/p>","protected":false},"featured_media":320,"template":"","meta":{"_kad_post_transparent":"default","_kad_post_title":"","_kad_post_layout":"default","_kad_post_sidebar_id":"","_kad_post_content_style":"default","_kad_post_vertical_padding":"default","_kad_post_feature":"","_kad_post_feature_position":"","_kad_post_header":false,"_kad_post_footer":false,"_kad_post_classname":""},"product_brand":[],"product_cat":[54,189],"product_tag":[306,111,108],"class_list":{"0":"post-319","1":"product","2":"type-product","3":"status-publish","4":"has-post-thumbnail","6":"product_cat-hot-selling-rfid-tags","7":"product_cat-rfid-inlay","8":"product_tag-icode-slix-rfid-inlay","9":"product_tag-nfc-inlay","10":"product_tag-rfid-inlay","12":"first","13":"instock","14":"shipping-taxable","15":"product-type-simple","16":"entry","17":"content-bg","18":"loop-entry"},"_links":{"self":[{"href":"https:\/\/rfid-laundry-tag.com\/fi\/wp-json\/wp\/v2\/product\/319","targetHints":{"allow":["GET"]}}],"collection":[{"href":"https:\/\/rfid-laundry-tag.com\/fi\/wp-json\/wp\/v2\/product"}],"about":[{"href":"https:\/\/rfid-laundry-tag.com\/fi\/wp-json\/wp\/v2\/types\/product"}],"version-history":[{"count":3,"href":"https:\/\/rfid-laundry-tag.com\/fi\/wp-json\/wp\/v2\/product\/319\/revisions"}],"predecessor-version":[{"id":2656,"href":"https:\/\/rfid-laundry-tag.com\/fi\/wp-json\/wp\/v2\/product\/319\/revisions\/2656"}],"wp:featuredmedia":[{"embeddable":true,"href":"https:\/\/rfid-laundry-tag.com\/fi\/wp-json\/wp\/v2\/media\/320"}],"wp:attachment":[{"href":"https:\/\/rfid-laundry-tag.com\/fi\/wp-json\/wp\/v2\/media?parent=319"}],"wp:term":[{"taxonomy":"product_brand","embeddable":true,"href":"https:\/\/rfid-laundry-tag.com\/fi\/wp-json\/wp\/v2\/product_brand?post=319"},{"taxonomy":"product_cat","embeddable":true,"href":"https:\/\/rfid-laundry-tag.com\/fi\/wp-json\/wp\/v2\/product_cat?post=319"},{"taxonomy":"product_tag","embeddable":true,"href":"https:\/\/rfid-laundry-tag.com\/fi\/wp-json\/wp\/v2\/product_tag?post=319"}],"curies":[{"name":"wp","href":"https:\/\/api.w.org\/{rel}","templated":true}]}}