{"id":3186,"date":"2026-01-09T13:37:43","date_gmt":"2026-01-09T13:37:43","guid":{"rendered":"https:\/\/rfid-laundry-tag.com\/?post_type=product&#038;p=3186"},"modified":"2026-01-09T13:37:44","modified_gmt":"2026-01-09T13:37:44","slug":"fabric-woven-rfid-wash-care-tag","status":"publish","type":"product","link":"https:\/\/rfid-laundry-tag.com\/fi\/fabric-woven-rfid-wash-care-tag\/","title":{"rendered":"Kangaskudottu RFID-pesunhoitotunniste"},"content":{"rendered":"<div>\n<div>\n<table>\n<tbody>\n<tr>\n<td colspan=\"1\" rowspan=\"1\">\n<div data-spm-anchor-id=\"a2700.details.0.i95.236a58c1ycsfva\">Tuotantonimi:<\/div>\n<\/td>\n<td colspan=\"1\" rowspan=\"1\">\n<div><strong>Kangaskudottu RFID-pesunhoitotunniste<\/strong><\/div>\n<\/td>\n<\/tr>\n<tr>\n<td colspan=\"1\" rowspan=\"1\">\n<div>Materiaali:<\/div>\n<\/td>\n<td colspan=\"1\" rowspan=\"1\">\n<div>Polyesteri\/kudottu\/koostumus\/satiini\/puuvilla\/kuitukangas\/PET jne.<\/div>\n<\/td>\n<\/tr>\n<tr>\n<td colspan=\"1\" rowspan=\"1\">\n<div>Koko:<\/div>\n<\/td>\n<td colspan=\"1\" rowspan=\"1\">\n<div>80 * 38 mm \/ 60 * 30 mm \/ 61 * 26 mm \/ 60 * 22 mm \/ jne. Tai r\u00e4\u00e4t\u00e4l\u00f6ity<\/div>\n<\/td>\n<\/tr>\n<tr>\n<td colspan=\"1\" rowspan=\"1\">\n<div>Tyyppi:<\/div>\n<\/td>\n<td colspan=\"1\" rowspan=\"1\">\n<div>Passiivinen, RFID<\/div>\n<\/td>\n<\/tr>\n<tr>\n<td colspan=\"1\" rowspan=\"1\">\n<div>RF-protokolla:<\/div>\n<\/td>\n<td colspan=\"1\" rowspan=\"1\">\n<div>ISO 18000-6C; EPC-luokka 1, sukupolvi 2<\/div>\n<\/td>\n<\/tr>\n<tr>\n<td colspan=\"1\" rowspan=\"1\">\n<div>Taajuus:<\/div>\n<\/td>\n<td colspan=\"1\" rowspan=\"1\">\n<div>860-960 MHz<\/div>\n<\/td>\n<\/tr>\n<tr>\n<td colspan=\"1\" rowspan=\"1\">\n<div>Siru<\/div>\n<\/td>\n<td colspan=\"1\" rowspan=\"1\">\n<div>U8, U9, Alien Higgs, Monza 4D, Monza 4QT, Monza R6, Monza R6-P, Impinj M730, Impinj M750 jne.<\/div>\n<\/td>\n<\/tr>\n<tr>\n<td colspan=\"1\" rowspan=\"1\">\n<div>Lukuet\u00e4isyys:<\/div>\n<\/td>\n<td colspan=\"1\" rowspan=\"1\">\n<div>UHF: 1-10m (riippuu lukijasta ja antennista)<\/div>\n<\/td>\n<\/tr>\n<tr>\n<td colspan=\"1\" rowspan=\"1\">\n<div>Kiinte\u00e4 tapa:<\/div>\n<\/td>\n<td colspan=\"1\" rowspan=\"1\">\n<div>Ompele \/ silitys<\/div>\n<\/td>\n<\/tr>\n<tr>\n<td colspan=\"1\" rowspan=\"1\">\n<div>Tulostus:<\/div>\n<\/td>\n<td colspan=\"1\" rowspan=\"1\">\n<div>Tulostus, koodaus, sarjanumero, suunnittelu jne.<\/div>\n<\/td>\n<\/tr>\n<tr>\n<td colspan=\"1\" rowspan=\"1\">\n<div>IC:n k\u00e4ytt\u00f6ik\u00e4:<\/div>\n<\/td>\n<td colspan=\"1\" rowspan=\"1\">\n<div data-spm-anchor-id=\"a2700.details.0.i94.236a58c1ycsfva\">100 000 ohjelmointijaksoa<br \/>\n10 vuoden tietojen s\u00e4ilytys<\/div>\n<\/td>\n<\/tr>\n<tr>\n<td colspan=\"1\" rowspan=\"1\">\n<div>N\u00e4ytteen saatavuus:<\/div>\n<\/td>\n<td colspan=\"1\" rowspan=\"1\">\n<div>Ilmaisia n\u00e4ytteit\u00e4 on saatavilla pyynn\u00f6st\u00e4<\/div>\n<\/td>\n<\/tr>\n<tr>\n<td colspan=\"1\" rowspan=\"1\">\n<div>Sovellukset:<\/div>\n<\/td>\n<td colspan=\"1\" rowspan=\"1\">\n<div>\u00b7 Varastonhallinta<br \/>\n\u00b7 Toimitusketju<br \/>\n\u00b7 V\u00e4hitt\u00e4iskauppa<\/div>\n<\/td>\n<\/tr>\n<tr>\n<td colspan=\"1\" rowspan=\"1\">\n<div>K\u00e4ytt\u00e4\u00e4<\/div>\n<\/td>\n<td colspan=\"1\" rowspan=\"1\">\n<div>Vaatteet, vaatteet, laukut, keng\u00e4t jne.<\/div>\n<\/td>\n<\/tr>\n<\/tbody>\n<\/table>\n<\/div>\n<\/div>\n<div>\n<div>\n<div>\n<div>\n<div>\n<div><\/div>\n<\/div>\n<div>\n<div>\n<h2>Nylon-kangasmateriaali on pehme\u00e4\u00e4 ja kulutusta kest\u00e4v\u00e4\u00e4<\/h2>\n<div><a href=\"https:\/\/rfid-laundry-tag.com\/fi\/\">Kangaskudottu RFID-pesunhoitotunniste<\/a>\u00a0Nailonkankaalla on hyv\u00e4 sitkeys, sile\u00e4 kangas ja erinomaiset tulostusefektit, joten se voidaan pest\u00e4 ilman kulumista.<\/div>\n<div>Sit\u00e4 k\u00e4ytet\u00e4\u00e4n t\u00e4ll\u00e4 hetkell\u00e4 laajalti vaatteissa, kengiss\u00e4, laukuissa, kodintekstiileiss\u00e4 ja hotellien liinavaatteiden k\u00e4sittelyss\u00e4.<\/div>\n<\/div>\n<\/div>\n<\/div>\n<div><\/div>\n<div>Kangaskudottu RFID-pesunhoitotunniste oli sis\u00e4\u00e4nrakennettu UHF-siru ja pitk\u00e4n matkan luku<br \/>\nVarustettu UHF-sirulla, se voidaan kirjoittaa uudelleen<br \/>\nJopa 100 000 kertaa, tiedot voidaan s\u00e4ilytt\u00e4\u00e4 10 vuotta, ja se tarjoaa vakaan ja luotettavan suorituskyvyn.<\/div>\n<\/div>\n<div><\/div>\n<div>Kangaskudottu RFID-pesunhoitotunniste oli Tuki r\u00e4\u00e4t\u00e4l\u00f6innille Ilmainen suunnitteluasettelu<br \/>\nMuokattavissa koodauksella, logolla, 1D\/2D-viivakoodeilla pyynn\u00f6st\u00e4,<\/div>\n<div>ja saatavilla my\u00f6s mukautettuina kokoina, sirumalleina, v\u00e4rein\u00e4 jne.<\/div>\n<div>\n<div><\/div>\n<div>\n<div>\n<div>\n<div>\n<div>\n<h2>Helppo asennus ja k\u00e4ytt\u00f6<\/h2>\n<p>Kankaasta kudottu RFID-pesunhoitotunnisteemme on suunniteltu integroitavaksi saumattomasti vaatteisiisi:<\/p>\n<ol>\n<li translate=\"yes\">Ompelemisvaihtoehto: Perinteinen kiinnitysmenetelm\u00e4 kest\u00e4vyyden takaamiseksi.<\/li>\n<li translate=\"yes\">Silitett\u00e4v\u00e4 kiinnitys: Nopea ja helppo asennus l\u00e4mm\u00f6nsiirtotekniikan avulla.<\/li>\n<\/ol>\n<p>Molemmat menetelm\u00e4t varmistavat, ett\u00e4 RFID-tunniste pysyy tukevasti kiinni vaatteen koko elinkaaren ajan.<\/p>\n<h3>T\u00e4ss\u00e4 on muutamia esimerkkej\u00e4 siit\u00e4, miten huippuluokan vaatebr\u00e4ndit ovat onnistuneesti ottaneet k\u00e4ytt\u00f6\u00f6n kankaasta kudotun RFID-pesutunnisteen:<\/h3>\n<ol>\n<li>\n<div>Prada: T\u00e4m\u00e4 kuuluisa italialainen luksusbr\u00e4ndi otti k\u00e4ytt\u00f6\u00f6n RFID-pesunhoitotunnisteet vuonna 2001, mik\u00e4 mahdollistaa tietojen, kuten tyylin, koon, v\u00e4rin ja hinnan, yksityiskohtaisen tallentamisen. On mielenkiintoista, ett\u00e4 kun Pradan vaatteita k\u00e4ytt\u00e4v\u00e4t kuluttajat kulkevat heid\u00e4n myym\u00e4l\u00f6iss\u00e4\u00e4n, vastaavat asut n\u00e4kyv\u00e4t myym\u00e4l\u00e4malleissa j\u00e4ljitellen Milanon huippumuodin catwalkia. T\u00e4m\u00e4 RFID-teknologian innovatiivinen k\u00e4ytt\u00f6 parantaa Pradan kuluttajien tyytyv\u00e4isyytt\u00e4 ostoksen j\u00e4lkeen.<\/div>\n<\/li>\n<li>\n<div>H&amp;M: T\u00e4m\u00e4 kansainv\u00e4linen br\u00e4ndi alkoi k\u00e4ytt\u00e4\u00e4 RFID-teknologiaa vuonna 2014. Suunnitelluissa 1 800 myym\u00e4l\u00e4ss\u00e4 RFID-teknologia mahdollistaa tuoteluokkien, m\u00e4\u00e4rien ja kulutuksen automaattisen seurannan.<\/div>\n<\/li>\n<li>\n<div>ZARA: Vuoden 2016 alkupuoliskolla ZARA:n emoyhti\u00f6 Inditex ilmoitti, ett\u00e4 RFID-teknologian k\u00e4ytt\u00f6\u00f6notto paransi noin 701 000 tuotemerkin varastonhallintaa ja tarvikkeiden hallintaa. K\u00e4ytt\u00f6\u00f6notto johti 11,11 0 ...<\/div>\n<\/li>\n<li>\n<div>Uniqlo: Vuonna 2017 Uniqlo ilmoitti suunnitelmastaan ottaa k\u00e4ytt\u00f6\u00f6n RFID UHF -tunnisteita 3 000 myym\u00e4l\u00e4ss\u00e4 maailmanlaajuisesti, mik\u00e4 teki siit\u00e4 ensimm\u00e4isen japanilaisen v\u00e4hitt\u00e4iskauppiaan, joka k\u00e4ytt\u00e4\u00e4 elektronisia tunnisteita maailmanlaajuisesti.<\/div>\n<\/li>\n<\/ol>\n<div>N\u00e4m\u00e4 ovat vain muutamia n\u00e4kemyksi\u00e4 siit\u00e4, miten huippuvaatemerkit hy\u00f6dynt\u00e4v\u00e4t RFID-tunnisteita. Vuodesta 2019 l\u00e4htien k\u00e4yt\u00e4nn\u00f6ss\u00e4 jokainen maailmanluokan br\u00e4ndi on kiinnitt\u00e4nyt RFID-tunnisteita vaatteisiinsa, mik\u00e4 johtaa yli 20 miljardiin tunnisteella varustettuun vaatekappaleeseen \u2013 luku, joka kasvaa jatkuvasti huomattavasti. Muita merkitt\u00e4vi\u00e4 tuotemerkkej\u00e4, jotka ovat ottaneet t\u00e4m\u00e4n teknologian k\u00e4ytt\u00f6\u00f6n, ovat NIKE ja Walmart.<\/div>\n<\/div>\n<\/div>\n<\/div>\n<\/div>\n<\/div>\n<\/div>\n<\/div>\n<\/div>","protected":false},"excerpt":{"rendered":"<div class=\"elementor-element elementor-element-4f79c63 e-flex e-con-boxed e-con e-parent e-lazyloaded\" data-id=\"4f79c63\" data-element_type=\"container\" data-settings=\"{&quot;_ha_eqh_enable&quot;:false}\">\n<div class=\"e-con-inner\">\n<div class=\"elementor-element elementor-element-be3873c elementor-widget elementor-widget-woocommerce-product-short-description\" data-id=\"be3873c\" data-element_type=\"widget\" data-widget_type=\"woocommerce-product-short-description.default\">\n<div class=\"elementor-widget-container\">\n<div class=\"woocommerce-product-details__short-description\">\n<p>Kest\u00e4v\u00e4 <strong>nailonkudottu RFID-pesunhoitotunniste<\/strong> UHF-sirulla, 100 000 uudelleenkirjoitettavissa, pitk\u00e4ik\u00e4inen, muokattavissa oleva muotoilu, ihanteellinen tekstiileille ja vaatteille.<\/p>\n<\/div>\n<\/div>\n<\/div>\n<\/div>\n<\/div>\n<div class=\"elementor-element elementor-element-3ad806e e-flex e-con-boxed e-con e-parent e-lazyloaded\" data-id=\"3ad806e\" data-element_type=\"container\" data-settings=\"{&quot;_ha_eqh_enable&quot;:false}\">\n<div class=\"e-con-inner\">\n<div class=\"elementor-element elementor-element-362020f elementor-widget elementor-widget-woocommerce-product-data-tabs\" data-id=\"362020f\" data-element_type=\"widget\" data-widget_type=\"woocommerce-product-data-tabs.default\">\n<div class=\"elementor-widget-container\">\n<div class=\"woocommerce-tabs wc-tabs-wrapper\"><\/div>\n<\/div>\n<\/div>\n<\/div>\n<\/div>","protected":false},"featured_media":3187,"template":"","meta":{"_kad_post_transparent":"default","_kad_post_title":"","_kad_post_layout":"default","_kad_post_sidebar_id":"","_kad_post_content_style":"default","_kad_post_vertical_padding":"default","_kad_post_feature":"","_kad_post_feature_position":"","_kad_post_header":false,"_kad_post_footer":false,"_kad_post_classname":""},"product_brand":[],"product_cat":[81],"product_tag":[386,285,387],"class_list":{"0":"post-3186","1":"product","2":"type-product","3":"status-publish","4":"has-post-thumbnail","6":"product_cat-rfid-wash-care-clothing-label","7":"product_tag-fabric-woven-rfid-wash-care-tag","8":"product_tag-rfid-tag","9":"product_tag-rfid-wash-care-tag","11":"first","12":"instock","13":"shipping-taxable","14":"product-type-simple","15":"entry","16":"content-bg","17":"loop-entry"},"_links":{"self":[{"href":"https:\/\/rfid-laundry-tag.com\/fi\/wp-json\/wp\/v2\/product\/3186","targetHints":{"allow":["GET"]}}],"collection":[{"href":"https:\/\/rfid-laundry-tag.com\/fi\/wp-json\/wp\/v2\/product"}],"about":[{"href":"https:\/\/rfid-laundry-tag.com\/fi\/wp-json\/wp\/v2\/types\/product"}],"version-history":[{"count":1,"href":"https:\/\/rfid-laundry-tag.com\/fi\/wp-json\/wp\/v2\/product\/3186\/revisions"}],"predecessor-version":[{"id":3190,"href":"https:\/\/rfid-laundry-tag.com\/fi\/wp-json\/wp\/v2\/product\/3186\/revisions\/3190"}],"wp:featuredmedia":[{"embeddable":true,"href":"https:\/\/rfid-laundry-tag.com\/fi\/wp-json\/wp\/v2\/media\/3187"}],"wp:attachment":[{"href":"https:\/\/rfid-laundry-tag.com\/fi\/wp-json\/wp\/v2\/media?parent=3186"}],"wp:term":[{"taxonomy":"product_brand","embeddable":true,"href":"https:\/\/rfid-laundry-tag.com\/fi\/wp-json\/wp\/v2\/product_brand?post=3186"},{"taxonomy":"product_cat","embeddable":true,"href":"https:\/\/rfid-laundry-tag.com\/fi\/wp-json\/wp\/v2\/product_cat?post=3186"},{"taxonomy":"product_tag","embeddable":true,"href":"https:\/\/rfid-laundry-tag.com\/fi\/wp-json\/wp\/v2\/product_tag?post=3186"}],"curies":[{"name":"wp","href":"https:\/\/api.w.org\/{rel}","templated":true}]}}