{"id":3180,"date":"2026-01-09T13:29:20","date_gmt":"2026-01-09T13:29:20","guid":{"rendered":"https:\/\/rfid-laundry-tag.com\/?post_type=product&#038;p=3180"},"modified":"2026-01-09T13:29:20","modified_gmt":"2026-01-09T13:29:20","slug":"rfid-garment-tag-for-apparel-and-fashion","status":"publish","type":"product","link":"https:\/\/rfid-laundry-tag.com\/fi\/rfid-garment-tag-for-apparel-and-fashion\/","title":{"rendered":"RFID-vaatetunniste vaatteille ja muodille"},"content":{"rendered":"<h2 class=\"ng-star-inserted\"><strong class=\"ng-star-inserted\"><span class=\"ng-star-inserted\">RFID-vaatetunniste vaatteille ja muodille<\/span><\/strong><\/h2>\n<h2 class=\"ng-star-inserted\"><strong class=\"ng-star-inserted\"><span class=\"ng-star-inserted\">RFID:n nousu vaatteissa ja muodissa<\/span><\/strong><\/h2>\n<p class=\"ng-star-inserted\"><span class=\"ng-star-inserted\">The\u00a0<\/span><strong class=\"ng-star-inserted\"><span class=\"ng-star-inserted\">vaatteet<\/span><\/strong><span class=\"ng-star-inserted\">\u00a0ja muotiteollisuus omaksuu nopeasti\u00a0<\/span><strong class=\"ng-star-inserted\"><span class=\"ng-star-inserted\">RFID<\/span><\/strong><span class=\"ng-star-inserted\">\u00a0(<\/span><strong class=\"ng-star-inserted\"><span class=\"ng-star-inserted\">radiotaajuus<\/span><\/strong><span class=\"ng-star-inserted\">\u00a0henkil\u00f6llisyystodistus)\u00a0<\/span><strong class=\"ng-star-inserted\"><span class=\"ng-star-inserted\">teknologia<\/span><\/strong><span class=\"ng-star-inserted\">\u00a0optimoidakseen toimintaa ja parantaakseen asiakaskokemusta.\u00a0<\/span><strong class=\"ng-star-inserted\"><span class=\"ng-star-inserted\">RFID<\/span><\/strong><span class=\"ng-star-inserted\">\u00a0<\/span><strong class=\"ng-star-inserted\"><span class=\"ng-star-inserted\">vaate<\/span><\/strong><span class=\"ng-star-inserted\">\u00a0<\/span><strong class=\"ng-star-inserted\"><span class=\"ng-star-inserted\">tunnisteet<\/span><\/strong><span class=\"ng-star-inserted\">\u00a0tarjoavat tehokkaan tavan seurata tuotteita koko niiden elinkaaren ajan valmistuksesta myyntipisteeseen ja sen j\u00e4lkeen.\u00a0<\/span><strong class=\"ng-star-inserted\"><span class=\"ng-star-inserted\">RFID<\/span><\/strong><span class=\"ng-star-inserted\">\u00a0mahdollistaa\u00a0<\/span><strong class=\"ng-star-inserted\"><span class=\"ng-star-inserted\">uusi<\/span><\/strong><span class=\"ng-star-inserted\">\u00a0tehokkuuden, n\u00e4kyvyyden ja datal\u00e4ht\u00f6isen p\u00e4\u00e4t\u00f6ksenteon aikakausi.<\/span><\/p>\n<p class=\"ng-star-inserted\"><span class=\"ng-star-inserted\">Toisin kuin perinteiset\u00a0<\/span><strong class=\"ng-star-inserted\"><span class=\"ng-star-inserted\">viivakoodi<\/span><\/strong><span class=\"ng-star-inserted\">s,\u00a0<\/span><strong class=\"ng-star-inserted\"><span class=\"ng-star-inserted\">RFID<\/span><\/strong><span class=\"ng-star-inserted\">\u00a0<\/span><strong class=\"ng-star-inserted\"><span class=\"ng-star-inserted\">tag<\/span><\/strong><span class=\"ng-star-inserted\">eiv\u00e4t vaadi suoraa n\u00e4k\u00f6yhteytt\u00e4 skannaamalla. T\u00e4m\u00e4 mahdollistaa nopeamman ja tehokkaamman tiedonkeruun jopa haastavissa ymp\u00e4rist\u00f6iss\u00e4, kuten ruuhkaisissa varastoissa tai kiireisiss\u00e4 v\u00e4hitt\u00e4ismyym\u00e4l\u00f6iss\u00e4. Mahdollisuus lukea useita\u00a0<\/span><strong class=\"ng-star-inserted\"><span class=\"ng-star-inserted\">tunnisteet<\/span><\/strong><span class=\"ng-star-inserted\">\u00a0samanaikaisesti on keskeinen etu\u00a0<\/span><strong class=\"ng-star-inserted\"><span class=\"ng-star-inserted\">RFID<\/span><\/strong><span class=\"ng-star-inserted\">, nopeuttaen merkitt\u00e4v\u00e4sti prosesseja, kuten inventaarioiden laskemista ja\u00a0<\/span><strong class=\"ng-star-inserted\"><span class=\"ng-star-inserted\">kassalle<\/span><\/strong><span class=\"ng-star-inserted\">. Se pystyy tunnistamaan nopeasti liikkuvat kohteet useilla elektronisilla laitteilla.\u00a0<\/span><strong class=\"ng-star-inserted\"><span class=\"ng-star-inserted\">tunnisteet<\/span><\/strong><span class=\"ng-star-inserted\">\u00a0samaan aikaan\u00a0<\/span><strong class=\"ng-star-inserted\"><span class=\"ng-star-inserted\">aika<\/span><\/strong><span class=\"ng-star-inserted\">\u00a0l\u00e4pi\u00a0<\/span><strong class=\"ng-star-inserted\"><span class=\"ng-star-inserted\">RFID<\/span><\/strong><span class=\"ng-star-inserted\">\u00a0<\/span><strong class=\"ng-star-inserted\"><span class=\"ng-star-inserted\">teknologia<\/span><\/strong><span class=\"ng-star-inserted\">.<\/span><\/p>\n<h2 class=\"ng-star-inserted\"><strong class=\"ng-star-inserted\"><span class=\"ng-star-inserted\">RFID-ripustustunnisteet: V\u00e4hitt\u00e4iskaupan mullistaminen<\/span><\/strong><\/h2>\n<p class=\"ng-star-inserted\"><strong class=\"ng-star-inserted\"><span class=\"ng-star-inserted\">RFID-ripputunnisteet<\/span><\/strong><span class=\"ng-star-inserted\">\u00a0mullistavat v\u00e4hitt\u00e4iskaupan maisemaa tarjoamalla vertaansa vailla olevaa n\u00e4kyvyytt\u00e4 varastoon ja parantamalla turvallisuutta. N\u00e4m\u00e4\u00a0<\/span><strong class=\"ng-star-inserted\"><span class=\"ng-star-inserted\">tunnisteet<\/span><\/strong><span class=\"ng-star-inserted\">, jotka tyypillisesti kiinnitet\u00e4\u00e4n vaatteisiin, hattuihin, laukkuihin ja kenkiin, sis\u00e4lt\u00e4v\u00e4t mikrosirun, joka tallentaa tuotetiedot ja yksil\u00f6llisen tunnisteen. Upottamalla\u00a0<\/span><strong class=\"ng-star-inserted\"><span class=\"ng-star-inserted\">RFID<\/span><\/strong><span class=\"ng-star-inserted\">\u00a0<\/span><strong class=\"ng-star-inserted\"><span class=\"ng-star-inserted\">teknologia<\/span><\/strong><span class=\"ng-star-inserted\">\u00a0sis\u00e4\u00e4n\u00a0<\/span><strong class=\"ng-star-inserted\"><span class=\"ng-star-inserted\">ripustaa<\/span><\/strong><span class=\"ng-star-inserted\">\u00a0<\/span><strong class=\"ng-star-inserted\"><span class=\"ng-star-inserted\">tag<\/span><\/strong><span class=\"ng-star-inserted\">s, t\u00e4m\u00e4 ongelma voidaan ratkaista tehokkaasti.<\/span><\/p>\n<p class=\"ng-star-inserted\"><strong class=\"ng-star-inserted\"><span class=\"ng-star-inserted\">RFID-ripputunnisteet<\/span><\/strong><span class=\"ng-star-inserted\">\u00a0tarjoavat lukuisia etuja, mukaan lukien:<\/span><\/p>\n<ul class=\"ng-star-inserted\">\n<li class=\"ng-star-inserted\">\n<p class=\"ng-star-inserted\"><strong class=\"ng-star-inserted\"><span class=\"ng-star-inserted\">Parannettu varastotarkkuus:<\/span><\/strong><span class=\"ng-star-inserted\">\u00a0<\/span><strong class=\"ng-star-inserted\"><span class=\"ng-star-inserted\">Reaaliaikainen<\/span><\/strong><span class=\"ng-star-inserted\">\u00a0varastotasojen seuranta, varasto- ja ylivarastojen v\u00e4hent\u00e4minen.<\/span><\/p>\n<\/li>\n<li class=\"ng-star-inserted\">\n<p class=\"ng-star-inserted\"><strong class=\"ng-star-inserted\"><span class=\"ng-star-inserted\">Menetyksen ehk\u00e4isy:<\/span><\/strong><span class=\"ng-star-inserted\">\u00a0<\/span><strong class=\"ng-star-inserted\"><span class=\"ng-star-inserted\">RFID<\/span><\/strong><span class=\"ng-star-inserted\">\u00a0<\/span><strong class=\"ng-star-inserted\"><span class=\"ng-star-inserted\">tag<\/span><\/strong><span class=\"ng-star-inserted\">niit\u00e4 voidaan k\u00e4ytt\u00e4\u00e4 osana elektronista tuotevalvontaj\u00e4rjestelm\u00e4\u00e4 (EAS) varkauksien est\u00e4miseksi. Ne voivat my\u00f6s auttaa est\u00e4m\u00e4\u00e4n v\u00e4\u00e4renn\u00f6ksi\u00e4.\u00a0<\/span><strong class=\"ng-star-inserted\"><span class=\"ng-star-inserted\">vaate<\/span><\/strong><span class=\"ng-star-inserted\">s.<\/span><\/p>\n<\/li>\n<li class=\"ng-star-inserted\">\n<p class=\"ng-star-inserted\"><strong class=\"ng-star-inserted\"><span class=\"ng-star-inserted\">Tuotemerkin todennus:<\/span><\/strong><span class=\"ng-star-inserted\">\u00a0<\/span><strong class=\"ng-star-inserted\"><span class=\"ng-star-inserted\">RFID<\/span><\/strong><span class=\"ng-star-inserted\">\u00a0auttaa varmistamaan tuotteiden aitouden, suojelemalla br\u00e4ndi\u00e4si ja asiakkaitasi.<\/span><\/p>\n<\/li>\n<li class=\"ng-star-inserted\">\n<p class=\"ng-star-inserted\"><strong class=\"ng-star-inserted\"><span class=\"ng-star-inserted\">Parannettu asiakaskokemus:<\/span><\/strong><span class=\"ng-star-inserted\">\u00a0Nopeampi\u00a0<\/span><strong class=\"ng-star-inserted\"><span class=\"ng-star-inserted\">kassalle<\/span><\/strong><span class=\"ng-star-inserted\">\u00a0prosesseja ja yksil\u00f6llisi\u00e4 suosituksia \u00e4lykk\u00e4iden hyllyjen ja sovituskoppien kautta.<\/span><\/p>\n<\/li>\n<\/ul>\n<p class=\"ng-star-inserted\">\n<h2 class=\"ng-star-inserted\"><strong class=\"ng-star-inserted\"><span class=\"ng-star-inserted\">Tekninen\u00a0<\/span><\/strong><\/h2>\n<div class=\"table-container ng-star-inserted\">\n<table>\n<tbody>\n<tr class=\"table-header ng-star-inserted\">\n<td class=\"ng-star-inserted\"><span class=\"ng-star-inserted\">Ominaisuus<\/span><\/td>\n<td class=\"ng-star-inserted\"><span class=\"ng-star-inserted\">Erittely<\/span><\/td>\n<\/tr>\n<tr class=\"ng-star-inserted\">\n<td class=\"ng-star-inserted\"><strong class=\"ng-star-inserted\"><span class=\"ng-star-inserted\">Taajuus<\/span><\/strong><\/td>\n<td class=\"ng-star-inserted\"><strong class=\"ng-star-inserted\"><span class=\"ng-star-inserted\">UHF RFID<\/span><\/strong><span class=\"ng-star-inserted\">\u00a0(860\u2013960 MHz),\u00a0<\/span><strong class=\"ng-star-inserted\"><span class=\"ng-star-inserted\">RAIN RFID<\/span><\/strong><\/td>\n<\/tr>\n<tr class=\"ng-star-inserted\">\n<td class=\"ng-star-inserted\"><strong class=\"ng-star-inserted\"><span class=\"ng-star-inserted\">p\u00f6yt\u00e4kirja<\/span><\/strong><\/td>\n<td class=\"ng-star-inserted\"><strong class=\"ng-star-inserted\"><span class=\"ng-star-inserted\">ISO 18000-6C<\/span><\/strong><span class=\"ng-star-inserted\">\u00a0(<\/span><strong class=\"ng-star-inserted\"><span class=\"ng-star-inserted\">EPC-luokka 1, sukupolvi 2<\/span><\/strong><span class=\"ng-star-inserted\">)<\/span><\/td>\n<\/tr>\n<tr class=\"ng-star-inserted\">\n<td class=\"ng-star-inserted\"><strong class=\"ng-star-inserted\"><span class=\"ng-star-inserted\">Sirun tyyppi<\/span><\/strong><\/td>\n<td class=\"ng-star-inserted\"><span class=\"ng-star-inserted\">Impinj Monza, NXP UCODE, Alien Higgs<\/span><\/td>\n<\/tr>\n<tr class=\"ng-star-inserted\">\n<td class=\"ng-star-inserted\"><strong class=\"ng-star-inserted\"><span class=\"ng-star-inserted\">Muisti<\/span><\/strong><\/td>\n<td class=\"ng-star-inserted\"><strong class=\"ng-star-inserted\"><span class=\"ng-star-inserted\">EPC<\/span><\/strong><span class=\"ng-star-inserted\">\u00a096-bittinen,\u00a0<\/span><strong class=\"ng-star-inserted\"><span class=\"ng-star-inserted\">tietojen tallennus<\/span><\/strong><span class=\"ng-star-inserted\">\u00a0K\u00e4ytt\u00e4j\u00e4n muisti 512-bittinen (vaihtelee sirun mukaan)<\/span><\/td>\n<\/tr>\n<tr class=\"ng-star-inserted\">\n<td class=\"ng-star-inserted\"><strong class=\"ng-star-inserted\"><span class=\"ng-star-inserted\">Lukualue<\/span><\/strong><\/td>\n<td class=\"ng-star-inserted\"><span class=\"ng-star-inserted\">Jopa 10 metri\u00e4 (vaihtelee lukijan ja ymp\u00e4rist\u00f6n mukaan)<\/span><\/td>\n<\/tr>\n<tr class=\"ng-star-inserted\">\n<td class=\"ng-star-inserted\"><strong class=\"ng-star-inserted\"><span class=\"ng-star-inserted\">Tietojen s\u00e4ilytt\u00e4minen<\/span><\/strong><\/td>\n<td class=\"ng-star-inserted\"><span class=\"ng-star-inserted\">10 vuotta<\/span><\/td>\n<\/tr>\n<tr class=\"ng-star-inserted\">\n<td class=\"ng-star-inserted\"><strong class=\"ng-star-inserted\"><span class=\"ng-star-inserted\">Kirjoita Endurance<\/span><\/strong><\/td>\n<td class=\"ng-star-inserted\"><span class=\"ng-star-inserted\">100 000 sykli\u00e4<\/span><\/td>\n<\/tr>\n<tr class=\"ng-star-inserted\">\n<td class=\"ng-star-inserted\"><strong class=\"ng-star-inserted\"><span class=\"ng-star-inserted\">K\u00e4ytt\u00f6l\u00e4mp\u00f6tila<\/span><\/strong><\/td>\n<td class=\"ng-star-inserted\"><span class=\"ng-star-inserted\">-40 \u00b0C - +85 \u00b0C (vaihtelee l\u00e4mp\u00f6tilan mukaan)\u00a0<\/span><strong class=\"ng-star-inserted\"><span class=\"ng-star-inserted\">tag<\/span><\/strong><span class=\"ng-star-inserted\">\u00a0tyyppi)<\/span><\/td>\n<\/tr>\n<tr class=\"ng-star-inserted\">\n<td class=\"ng-star-inserted\"><strong class=\"ng-star-inserted\"><span class=\"ng-star-inserted\">Materiaali<\/span><\/strong><\/td>\n<td class=\"ng-star-inserted\"><span class=\"ng-star-inserted\">Paperi, satiini, nailon jne.<\/span><\/td>\n<\/tr>\n<tr class=\"ng-star-inserted\">\n<td class=\"ng-star-inserted\"><strong class=\"ng-star-inserted\"><span class=\"ng-star-inserted\">Liite<\/span><\/strong><\/td>\n<td class=\"ng-star-inserted\"><strong class=\"ng-star-inserted\"><span class=\"ng-star-inserted\">Liima<\/span><\/strong><span class=\"ng-star-inserted\">, L\u00e4mp\u00f6saumaus, Ommeltava,\u00a0<\/span><strong class=\"ng-star-inserted\"><span class=\"ng-star-inserted\">Ripustettava lappu<\/span><\/strong><\/td>\n<\/tr>\n<tr class=\"ng-star-inserted\">\n<td class=\"ng-star-inserted\"><strong class=\"ng-star-inserted\"><span class=\"ng-star-inserted\">R\u00e4\u00e4t\u00e4l\u00f6inti<\/span><\/strong><\/td>\n<td class=\"ng-star-inserted\"><span class=\"ng-star-inserted\">Tulostus, koodaus,\u00a0<\/span><strong class=\"ng-star-inserted\"><span class=\"ng-star-inserted\">Viivakoodi<\/span><\/strong><span class=\"ng-star-inserted\">, Logo<\/span><\/td>\n<\/tr>\n<tr class=\"ng-star-inserted\">\n<td class=\"ng-star-inserted\"><strong class=\"ng-star-inserted\"><span class=\"ng-star-inserted\">Muotokerroin<\/span><\/strong><\/td>\n<td class=\"ng-star-inserted\"><strong class=\"ng-star-inserted\"><span class=\"ng-star-inserted\">Ripustettava lappu<\/span><\/strong><span class=\"ng-star-inserted\">,\u00a0<\/span><strong class=\"ng-star-inserted\"><span class=\"ng-star-inserted\">Tarra<\/span><\/strong><span class=\"ng-star-inserted\">,\u00a0<\/span><strong class=\"ng-star-inserted\"><span class=\"ng-star-inserted\">Kudottu etiketti<\/span><\/strong><span class=\"ng-star-inserted\">,\u00a0<\/span><strong class=\"ng-star-inserted\"><span class=\"ng-star-inserted\">Upotus<\/span><\/strong><\/td>\n<\/tr>\n<tr class=\"ng-star-inserted\">\n<td class=\"ng-star-inserted\"><strong class=\"ng-star-inserted\"><span class=\"ng-star-inserted\">Ymp\u00e4rist\u00f6<\/span><\/strong><\/td>\n<td class=\"ng-star-inserted\"><span class=\"ng-star-inserted\">100% ymp\u00e4rist\u00f6yst\u00e4v\u00e4llinen paperipohjainen antenni\u00a0<\/span><strong class=\"ng-star-inserted\"><span class=\"ng-star-inserted\">vaihtoehto<\/span><\/strong><span class=\"ng-star-inserted\">\u00a0saatavilla<\/span><\/td>\n<\/tr>\n<\/tbody>\n<\/table>\n<p>&nbsp;<\/p>\n<\/div>\n<p class=\"ng-star-inserted\"><strong class=\"ng-star-inserted\"><span class=\"ng-star-inserted\">RFID-vaatetunniste<\/span><\/strong><span class=\"ng-star-inserted\">\u00a0on merkitt\u00e4vin sovellus, jossa\u00a0<\/span><strong class=\"ng-star-inserted\"><span class=\"ng-star-inserted\">RFID<\/span><\/strong><span class=\"ng-star-inserted\">\u00a0<\/span><strong class=\"ng-star-inserted\"><span class=\"ng-star-inserted\">teknologia<\/span><\/strong><span class=\"ng-star-inserted\">\u00a0vaikuttaa vaateteollisuuteen. Kautta\u00a0<\/span><strong class=\"ng-star-inserted\"><span class=\"ng-star-inserted\">radiotaajuus<\/span><\/strong><span class=\"ng-star-inserted\">\u00a0signaalit\u00a0<\/span><strong class=\"ng-star-inserted\"><span class=\"ng-star-inserted\">RFID<\/span><\/strong><span class=\"ng-star-inserted\">\u00a0<\/span><strong class=\"ng-star-inserted\"><span class=\"ng-star-inserted\">vaate<\/span><\/strong><span class=\"ng-star-inserted\">\u00a0<\/span><strong class=\"ng-star-inserted\"><span class=\"ng-star-inserted\">tag<\/span><\/strong><span class=\"ng-star-inserted\">\u00a0voi automaattisesti tunnistaa kohdeobjektit ja saada asiaankuuluvaa tietoa sek\u00e4 tunnistaa ty\u00f6n ilman manuaalisia toimia. Se voi toimia kaikenlaisissa vaikeissa ymp\u00e4rist\u00f6iss\u00e4. N\u00e4m\u00e4\u00a0<\/span><strong class=\"ng-star-inserted\"><span class=\"ng-star-inserted\">tunnisteet on suunniteltu<\/span><\/strong><span class=\"ng-star-inserted\">\u00a0erilaisten tarpeiden tyydytt\u00e4miseksi.<\/span><\/p>\n<h2 class=\"ng-star-inserted\"><strong class=\"ng-star-inserted\"><span class=\"ng-star-inserted\">Mukauttaminen ja integrointi<\/span><\/strong><\/h2>\n<p class=\"ng-star-inserted\"><strong class=\"ng-star-inserted\"><span class=\"ng-star-inserted\">RFID<\/span><\/strong><span class=\"ng-star-inserted\">\u00a0<\/span><strong class=\"ng-star-inserted\"><span class=\"ng-star-inserted\">vaate<\/span><\/strong><span class=\"ng-star-inserted\">\u00a0<\/span><strong class=\"ng-star-inserted\"><span class=\"ng-star-inserted\">tunnisteet<\/span><\/strong><span class=\"ng-star-inserted\">\u00a0voidaan r\u00e4\u00e4t\u00e4l\u00f6id\u00e4 vastaamaan br\u00e4ndisi ja toimintasi erityistarpeita.\u00a0<\/span><strong class=\"ng-star-inserted\"><span class=\"ng-star-inserted\">Ripusta lappu<\/span><\/strong><span class=\"ng-star-inserted\">voidaan r\u00e4\u00e4t\u00e4l\u00f6id\u00e4 logollasi, br\u00e4ndisi v\u00e4reill\u00e4 ja tuotetiedoillasi. Hoitotarrat, joissa on\u00a0<\/span><strong class=\"ng-star-inserted\"><span class=\"ng-star-inserted\">RFID<\/span><\/strong><span class=\"ng-star-inserted\">\u00a0<\/span><strong class=\"ng-star-inserted\"><span class=\"ng-star-inserted\">upotus<\/span><\/strong><span class=\"ng-star-inserted\">voidaan suunnitella integroitumaan saumattomasti olemassa olevaan\u00a0<\/span><strong class=\"ng-star-inserted\"><span class=\"ng-star-inserted\">vaate<\/span><\/strong><span class=\"ng-star-inserted\">\u00a0valmistusprosessit.<\/span><\/p>\n<h2 class=\"ng-star-inserted\"><strong class=\"ng-star-inserted\"><span class=\"ng-star-inserted\">Ota yhteytt\u00e4 RFID-strategiasi toteuttamiseksi<\/span><\/strong><\/h2>\n<p class=\"ng-star-inserted\"><span class=\"ng-star-inserted\">Valmis hy\u00f6dynt\u00e4m\u00e4\u00e4n voimaa\u00a0<\/span><strong class=\"ng-star-inserted\"><span class=\"ng-star-inserted\">RFID<\/span><\/strong><span class=\"ng-star-inserted\">\u00a0<\/span><strong class=\"ng-star-inserted\"><span class=\"ng-star-inserted\">teknologia<\/span><\/strong><span class=\"ng-star-inserted\">\u00a0muuttaaksesi sinun\u00a0<\/span><strong class=\"ng-star-inserted\"><span class=\"ng-star-inserted\">vaatteet<\/span><\/strong><span class=\"ng-star-inserted\">\u00a0liiketoimintaa?\u00a0<\/span><strong class=\"ng-star-inserted\"><span class=\"ng-star-inserted\">Ota yhteytt\u00e4<\/span><\/strong><span class=\"ng-star-inserted\">\u00a0t\u00e4n\u00e4\u00e4n keskustellaksemme erityistarpeistasi ja oppiaksemme lis\u00e4\u00e4 kattavasta valikoimastamme\u00a0<\/span><strong class=\"ng-star-inserted\"><span class=\"ng-star-inserted\">RFID<\/span><\/strong><span class=\"ng-star-inserted\">\u00a0ratkaisuja, mukaan lukien\u00a0<\/span><strong class=\"ng-star-inserted\"><span class=\"ng-star-inserted\">RFID<\/span><\/strong><span class=\"ng-star-inserted\">\u00a0<\/span><strong class=\"ng-star-inserted\"><span class=\"ng-star-inserted\">vaate<\/span><\/strong><span class=\"ng-star-inserted\">\u00a0<\/span><strong class=\"ng-star-inserted\"><span class=\"ng-star-inserted\">tunnisteet<\/span><\/strong><span class=\"ng-star-inserted\">,\u00a0<\/span><strong class=\"ng-star-inserted\"><span class=\"ng-star-inserted\">RFID<\/span><\/strong><span class=\"ng-star-inserted\">\u00a0lukijat ja ohjelmistot.<\/span><\/p>","protected":false},"excerpt":{"rendered":"<p><span class=\"ng-star-inserted\">Tarjoamme\u00a0<\/span><strong class=\"ng-star-inserted\"><span class=\"ng-star-inserted\">ilmaisia n\u00e4ytteit\u00e4<\/span><\/strong><span class=\"ng-star-inserted\"> jostakin\u00a0 <\/span><strong class=\"ng-star-inserted\"><span class=\"ng-star-inserted\">RFID-vaate<\/span><\/strong><span class=\"ng-star-inserted\">\u00a0<\/span><strong class=\"ng-star-inserted\"><span class=\"ng-star-inserted\">tunnisteet<\/span><\/strong><span class=\"ng-star-inserted\">\u00a0jotta voit arvioida niiden suorituskyky\u00e4 omassa ymp\u00e4rist\u00f6ss\u00e4si. Tuotantolaitoksemme on varustettu seuraavilla ominaisuuksilla:\u00a0<\/span><strong class=\"ng-star-inserted\"><span class=\"ng-star-inserted\">uusin<\/span><\/strong><span class=\"ng-star-inserted\">\u00a0<\/span><strong class=\"ng-star-inserted\"><span class=\"ng-star-inserted\">teknologia<\/span><\/strong><span class=\"ng-star-inserted\">\u00a0varmistaa\u00a0<\/span><strong class=\"ng-star-inserted\"><span class=\"ng-star-inserted\">korkealaatuinen<\/span><\/strong><span class=\"ng-star-inserted\">\u00a0<\/span><strong class=\"ng-star-inserted\"><span class=\"ng-star-inserted\">tag<\/span><\/strong><span class=\"ng-star-inserted\">s kilpailukykyiseen hintaan.<\/span><\/p>","protected":false},"featured_media":3181,"template":"","meta":{"_kad_post_transparent":"default","_kad_post_title":"","_kad_post_layout":"default","_kad_post_sidebar_id":"","_kad_post_content_style":"default","_kad_post_vertical_padding":"default","_kad_post_feature":"","_kad_post_feature_position":"","_kad_post_header":false,"_kad_post_footer":false,"_kad_post_classname":""},"product_brand":[],"product_cat":[53],"product_tag":[385,383,384],"class_list":{"0":"post-3180","1":"product","2":"type-product","3":"status-publish","4":"has-post-thumbnail","6":"product_cat-rfid-clothes-tag","7":"product_tag-rfid-garment-paper-tag","8":"product_tag-rfid-garment-tag","9":"product_tag-rfid-hang-tag","11":"first","12":"instock","13":"shipping-taxable","14":"product-type-simple","15":"entry","16":"content-bg","17":"loop-entry"},"_links":{"self":[{"href":"https:\/\/rfid-laundry-tag.com\/fi\/wp-json\/wp\/v2\/product\/3180","targetHints":{"allow":["GET"]}}],"collection":[{"href":"https:\/\/rfid-laundry-tag.com\/fi\/wp-json\/wp\/v2\/product"}],"about":[{"href":"https:\/\/rfid-laundry-tag.com\/fi\/wp-json\/wp\/v2\/types\/product"}],"version-history":[{"count":1,"href":"https:\/\/rfid-laundry-tag.com\/fi\/wp-json\/wp\/v2\/product\/3180\/revisions"}],"predecessor-version":[{"id":3185,"href":"https:\/\/rfid-laundry-tag.com\/fi\/wp-json\/wp\/v2\/product\/3180\/revisions\/3185"}],"wp:featuredmedia":[{"embeddable":true,"href":"https:\/\/rfid-laundry-tag.com\/fi\/wp-json\/wp\/v2\/media\/3181"}],"wp:attachment":[{"href":"https:\/\/rfid-laundry-tag.com\/fi\/wp-json\/wp\/v2\/media?parent=3180"}],"wp:term":[{"taxonomy":"product_brand","embeddable":true,"href":"https:\/\/rfid-laundry-tag.com\/fi\/wp-json\/wp\/v2\/product_brand?post=3180"},{"taxonomy":"product_cat","embeddable":true,"href":"https:\/\/rfid-laundry-tag.com\/fi\/wp-json\/wp\/v2\/product_cat?post=3180"},{"taxonomy":"product_tag","embeddable":true,"href":"https:\/\/rfid-laundry-tag.com\/fi\/wp-json\/wp\/v2\/product_tag?post=3180"}],"curies":[{"name":"wp","href":"https:\/\/api.w.org\/{rel}","templated":true}]}}