{"id":3174,"date":"2026-01-09T13:11:22","date_gmt":"2026-01-09T13:11:22","guid":{"rendered":"https:\/\/rfid-laundry-tag.com\/?post_type=product&#038;p=3174"},"modified":"2026-01-09T13:11:23","modified_gmt":"2026-01-09T13:11:23","slug":"rfid-mifare-desfire-ev3-2k-4k-8k-inlay","status":"publish","type":"product","link":"https:\/\/rfid-laundry-tag.com\/fi\/rfid-mifare-desfire-ev3-2k-4k-8k-inlay\/","title":{"rendered":"RFID Mifare Desfire EV3 2K 4K 8K -inlay"},"content":{"rendered":"<h2>RFID Mifare Desfire EV3 2K 4K 8K -inlay<\/h2>\n<p>The\u00a0<strong>MIFARE\u00ae DESFire\u00ae EV3<\/strong>\u00a0NXP Semiconductorsin sarja edustaa huippuluokan ratkaisua turvallisessa ja kontaktittomassa RFID-teknologiassa, joka sopii erinomaisesti erilaisiin sovelluksiin, jotka vaativat korkeaa turvallisuutta ja joustavuutta. T\u00e4ss\u00e4 on ytimek\u00e4s yleiskatsaus sen ominaisuuksista, muistivaihtoehdoista, turvallisuusparannuksista, sovelluksista ja mukautusmahdollisuuksista:<\/p>\n<h3>Muistin asetukset<\/h3>\n<p>MIFARE\u00ae DESFire\u00ae EV3 on saatavana kolmella muistikokoonpanolla:<\/p>\n<ul>\n<li><strong>2K<\/strong>Paras yksinkertaisiin sovelluksiin, kuten kulunvalvontaan tai kertak\u00e4ytt\u00f6isiin lippuihin.<\/li>\n<li><strong>4K<\/strong>Sopii keskitason sovelluksiin, kuten kanta-asiakasohjelmiin ja pieniin julkisen liikenteen j\u00e4rjestelmiin.<\/li>\n<li><strong>8K<\/strong>Suunniteltu monimutkaisiin, monialaisiin ymp\u00e4rist\u00f6ihin, kuten \u00e4lykaupunkeihin ja suuryrityksiin.<\/li>\n<\/ul>\n<p>Jokainen kokoonpano tukee useita sovelluksia ja mahdollistaa jopa\u00a0<strong>32 tiedostoa hakemusta kohden<\/strong>, jolloin yritykset voivat r\u00e4\u00e4t\u00e4l\u00f6id\u00e4 ratkaisuja tarpeisiinsa.<\/p>\n<h3>Parannetut suojausominaisuudet<\/h3>\n<p>Turvallisuus on EV3:n keskeinen painopistealue, ja siihen kuuluu:<\/p>\n<ul>\n<li><strong>AES-salaus<\/strong>Suojaa tietoja l\u00e4hetyksen aikana.<\/li>\n<li><strong>EAL5+-sertifiointi<\/strong>Varmistaa arkaluonteisten tietojen korkeatasoisen suojauksen.<\/li>\n<li><strong>Turvallinen ja yksil\u00f6llinen NFC-todennus<\/strong>Jokaisella kortilla on yksil\u00f6llinen tunniste p\u00e4\u00e4llekk\u00e4isyyksien est\u00e4miseksi.<\/li>\n<li><strong>Monikerroksinen suojaus<\/strong>Tukee useita salausprotokollia, mukaan lukien AES ja DES\/Triple-DES.<\/li>\n<\/ul>\n<p>N\u00e4iden ominaisuuksien ansiosta EV3 sopii eritt\u00e4in turvallisiin sovelluksiin, kuten kulunvalvontaan, k\u00e4teismaksuihin ja \u00e4lykk\u00e4isiin lukkoihin.<\/p>\n<h3>Sovellukset<\/h3>\n<p>Monipuolisuus <a href=\"https:\/\/rfid-laundry-tag.com\/fi\/rfid-inlay\/\">RFID Mifare Desfire EV3 2K 4K 8K -inlay<\/a>\u00a0mahdollistaa sen k\u00e4yt\u00f6n useilla eri aloilla:<\/p>\n<ul>\n<li><strong>Kulunvalvonta<\/strong>Turvallinen kulunvalvonta rakennuksiin ja rajoitetuille alueille.<\/li>\n<li><strong>Julkinen liikenne<\/strong>Helpottaa tehokasta lipunmyynti\u00e4 ja maksujen ker\u00e4\u00e4mist\u00e4.<\/li>\n<li><strong>Kanta-asiakasohjelmat<\/strong>Tallentaa asiakastiedot ja palkinnot turvallisesti.<\/li>\n<li><strong>\u00c4lykk\u00e4\u00e4t kaupungit<\/strong>Tukee infrastruktuuria vankalla suorituskyvyll\u00e4 ja NFC- ja RFID-teknologioiden yhteensopivuudella.<\/li>\n<\/ul>\n<h3>Mukauttaminen ja tuki<\/h3>\n<p>NXP tarjoaa laajat r\u00e4\u00e4t\u00e4l\u00f6intivaihtoehdot vastaamaan tiettyj\u00e4 liiketoiminnan tarpeita:<\/p>\n<ul>\n<li><strong>Mukautettu painatus<\/strong>Personoi kortteja logoilla ja br\u00e4nd\u00e4yksell\u00e4.<\/li>\n<li><strong>Mukautettu muistin allokointi<\/strong>R\u00e4\u00e4t\u00e4l\u00f6i muistikokoonpanoja tiettyj\u00e4 sovelluksia varten.<\/li>\n<li><strong>Mukautettavat suojausasetukset<\/strong>: S\u00e4\u00e4d\u00e4 salaus- ja todennusmenetelmi\u00e4.<\/li>\n<\/ul>\n<p>Yritykset voivat saada n\u00e4ytteit\u00e4 vain\u00a0<strong>1\u20132 p\u00e4iv\u00e4\u00e4<\/strong>, mik\u00e4 mahdollistaa nopean arvioinnin ja toteutuksen.<\/p>\n<h2><strong><b>Tekniset tiedot<\/b><\/strong><\/h2>\n<div class=\"collapse-mobile ste-list\">\n<h3>RF-liit\u00e4nt\u00e4: ISO\/IEC 14443 Type A<\/h3>\n<ul class=\"boxes\">\n<li>ISO\/IEC 14443-2\/3 A:n mukainen kontaktiton liit\u00e4nt\u00e4<\/li>\n<li>Matala Hmin mahdollistaa jopa 100 mm:n toimintaet\u00e4isyyden (riippuen PCD:n ja antennin geometriasta)<\/li>\n<li>Nopea tiedonsiirto: 106 kbit\/s, 212 kbit\/s, 424 kbit\/s, 848 kbit\/s<\/li>\n<li>7 tavun yksil\u00f6llinen tunniste (valinnainen satunnaistunnukselle)<\/li>\n<li>K\u00e4ytt\u00e4\u00e4 ISO\/IEC 14443-4 -siirtoprotokollaa<\/li>\n<li>Konfiguroitava FSCI tukee jopa 256 tavun kehyskokoa<\/li>\n<\/ul>\n<\/div>\n<div class=\"collapse-mobile ste-list\">\n<h3>Pysyv\u00e4 muisti<\/h3>\n<ul class=\"boxes\">\n<li>2 kt, 4 kt, 8 kt ja 16 kt<\/li>\n<li>Tietojen s\u00e4ilytysaika 25 vuotta<\/li>\n<li>Kirjoituskest\u00e4vyys tyypillinen 1 000 000 sykli\u00e4<\/li>\n<li>Nopeat ohjelmointisyklit<\/li>\n<\/ul>\n<\/div>\n<div class=\"collapse-mobile ste-list\">\n<h3>NV-muistin organisointi ja useiden sovellusten tuki<\/h3>\n<ul class=\"boxes\">\n<li>Joustava tiedostoj\u00e4rjestelm\u00e4: k\u00e4ytt\u00e4j\u00e4 voi vapaasti m\u00e4\u00e4ritell\u00e4 sovellusrakenteet PICC:ss\u00e4<\/li>\n<li>Niin monta sovellusta kuin muistin koko tukee<\/li>\n<li>Jopa 32 tiedostoa kussakin sovelluksessa (6 tiedostotyyppi\u00e4 saatavilla: vakiodatatiedosto, varmuuskopiodatatiedosto, arvotiedosto, lineaarinen tietuetiedosto, syklinen tietuetiedosto ja tapahtuman MAC-tiedosto)<\/li>\n<li>Tiedoston koko m\u00e4\u00e4ritet\u00e4\u00e4n luonnin aikana (ei tapahtuman MAC-tiedostolle)<\/li>\n<li>MlsmartApp (delegoitu sovellusten hallinta)<\/li>\n<li>Muistin uudelleenk\u00e4ytt\u00f6 DAM-sovelluksissa (Format Application)<\/li>\n<li>Tehtaalla ladatut NXP:n DAM-avaimet AppXplorer-palvelutukea varten<\/li>\n<li>Tiedostojen k\u00e4ytt\u00f6 kahdesta sovelluksesta yhden tapahtuman aikana<\/li>\n<\/ul>\n<\/div>\n<div class=\"collapse-mobile ste-list\">\n<h3>Tietoturva ja yksityisyys<\/h3>\n<ul class=\"boxes\">\n<li>Common Criteria -sertifiointi: EAL5+ (laitteisto ja ohjelmistot)<\/li>\n<li>Yksil\u00f6llinen 7-tavuinen sarjanumero jokaiselle laitteelle<\/li>\n<li>Valinnainen \u201cRANDOM\u201d-tunnus parantaa turvallisuutta ja yksityisyytt\u00e4<\/li>\n<li>Keskin\u00e4inen kolmivaiheinen todennus<\/li>\n<li>Keskin\u00e4inen todennus standardin ISO\/IEC 7816-4 mukaisesti<\/li>\n<li>Joustava avaintenhallinta: 1 kortti\u00a0<span class=\"Footnote\" data-id=\"Inclusive Language\">johtaja<\/span>\u00a0avain ja jopa 14 avainta sovellusta kohden<\/li>\n<li>Useiden avainten m\u00e4\u00e4ritys kullekin tiedoston k\u00e4ytt\u00f6oikeudelle (enint\u00e4\u00e4n 8)<\/li>\n<li>Useita avainsarjoja sovellusta kohden nopealla avaintenvaihtomekanismilla (jopa 16 sarjaa)<\/li>\n<li>Laitteisto-DES k\u00e4ytt\u00e4en 56\/112\/168-bittisi\u00e4 avaimia, joissa on avainversio<\/li>\n<li>Laitteisto-AES k\u00e4ytt\u00e4en 128-bittisi\u00e4 avaimia ja avainversiota<\/li>\n<li>Datan aitous 8-tavuisen CMAC:n avulla<\/li>\n<li>MF3ICD40-yhteensopiva tila: 4-tavuinen MAC, CRC 16<\/li>\n<li>Tiedon salaus RF-kanavalla<\/li>\n<li>Todennus sovellustasolla<\/li>\n<li>Laitteiston poikkeusanturit<\/li>\n<li>Itsesuojaava tiedostoj\u00e4rjestelm\u00e4<\/li>\n<li>Transaktion MAC-koodi allekirjoitettu salaisella avaimella sovelluskohtaisesti<\/li>\n<li>Virtuaalikorttiarkkitehtuuri parannettuun kortti-\/sovellusvalintaan usean virtuaalikortin laitteissa ja yksityisyyden suojauksella<\/li>\n<li>L\u00e4heisyystarkistus suojaksi relehy\u00f6kk\u00e4yksi\u00e4 vastaan<\/li>\n<li>Alkuper\u00e4isyystarkistus aidon NXP-tuotteen todistamiseksi<\/li>\n<\/ul>\n<\/div>","protected":false},"excerpt":{"rendered":"<p><strong>RFID Mifare Desfire EV3 2K 4K 8K -inlay<\/strong> on edistynyt RFID-ratkaisu, joka tarjoaa korkean turvallisuuden, nopean tiedonsiirron, joustavat muistivaihtoehdot ja saumattoman integroinnin useisiin sovelluksiin.<\/p>","protected":false},"featured_media":3175,"template":"","meta":{"_kad_post_transparent":"default","_kad_post_title":"","_kad_post_layout":"default","_kad_post_sidebar_id":"","_kad_post_content_style":"default","_kad_post_vertical_padding":"default","_kad_post_feature":"","_kad_post_feature_position":"","_kad_post_header":false,"_kad_post_footer":false,"_kad_post_classname":""},"product_brand":[],"product_cat":[189],"product_tag":[111,108,382],"class_list":{"0":"post-3174","1":"product","2":"type-product","3":"status-publish","4":"has-post-thumbnail","6":"product_cat-rfid-inlay","7":"product_tag-nfc-inlay","8":"product_tag-rfid-inlay","9":"product_tag-rfid-mifare-desfire-ev3-2k-4k-8k-inlay","11":"first","12":"instock","13":"shipping-taxable","14":"product-type-simple","15":"entry","16":"content-bg","17":"loop-entry"},"_links":{"self":[{"href":"https:\/\/rfid-laundry-tag.com\/fi\/wp-json\/wp\/v2\/product\/3174","targetHints":{"allow":["GET"]}}],"collection":[{"href":"https:\/\/rfid-laundry-tag.com\/fi\/wp-json\/wp\/v2\/product"}],"about":[{"href":"https:\/\/rfid-laundry-tag.com\/fi\/wp-json\/wp\/v2\/types\/product"}],"version-history":[{"count":1,"href":"https:\/\/rfid-laundry-tag.com\/fi\/wp-json\/wp\/v2\/product\/3174\/revisions"}],"predecessor-version":[{"id":3179,"href":"https:\/\/rfid-laundry-tag.com\/fi\/wp-json\/wp\/v2\/product\/3174\/revisions\/3179"}],"wp:featuredmedia":[{"embeddable":true,"href":"https:\/\/rfid-laundry-tag.com\/fi\/wp-json\/wp\/v2\/media\/3175"}],"wp:attachment":[{"href":"https:\/\/rfid-laundry-tag.com\/fi\/wp-json\/wp\/v2\/media?parent=3174"}],"wp:term":[{"taxonomy":"product_brand","embeddable":true,"href":"https:\/\/rfid-laundry-tag.com\/fi\/wp-json\/wp\/v2\/product_brand?post=3174"},{"taxonomy":"product_cat","embeddable":true,"href":"https:\/\/rfid-laundry-tag.com\/fi\/wp-json\/wp\/v2\/product_cat?post=3174"},{"taxonomy":"product_tag","embeddable":true,"href":"https:\/\/rfid-laundry-tag.com\/fi\/wp-json\/wp\/v2\/product_tag?post=3174"}],"curies":[{"name":"wp","href":"https:\/\/api.w.org\/{rel}","templated":true}]}}