{"id":317,"date":"2024-06-28T04:00:12","date_gmt":"2024-06-28T04:00:12","guid":{"rendered":"https:\/\/rfid-laundry-tag.com\/?post_type=product&#038;p=317"},"modified":"2024-06-28T04:00:12","modified_gmt":"2024-06-28T04:00:12","slug":"iso15693-i-code-slix-nfc-tag","status":"publish","type":"product","link":"https:\/\/rfid-laundry-tag.com\/fi\/iso15693-i-code-slix-nfc-tag\/","title":{"rendered":"ISO15693 I CODE SLIX NFC-tunniste"},"content":{"rendered":"<table class=\"hight-light-first-column all magic-1\">\n<tbody>\n<tr>\n<td colspan=\"1\" rowspan=\"1\">\n<div class=\"magic-2\">\n<div class=\"magic-3\" data-spm-anchor-id=\"a2700.pc-decorate.0.i24.7f543333WPG8F0\"><span class=\"magic-4\" data-spm-anchor-id=\"a2700.pc-decorate.0.i23.7f543333WPG8F0\"><span class=\"magic-5\" style=\"color: #000000; font-family: Roboto;\"><b class=\"magic-4\" data-spm-anchor-id=\"a2700.pc-decorate.0.i114.7f543333WPG8F0\">Tuote<\/b><\/span><\/span><\/div>\n<\/div>\n<\/td>\n<td colspan=\"4\" rowspan=\"1\">\n<div class=\"magic-6\">\u00a0ISO15693 I CODE SLIX NFC-tunniste<\/div>\n<\/td>\n<\/tr>\n<tr>\n<td colspan=\"1\" rowspan=\"1\">\n<div class=\"magic-2\">\n<div class=\"magic-3\" data-spm-anchor-id=\"a2700.pc-decorate.0.i22.7f543333WPG8F0\"><span class=\"magic-4\" data-spm-anchor-id=\"a2700.pc-decorate.0.i10.7f543333WPG8F0\"><b class=\"magic-4\"><span class=\"magic-5\" style=\"color: #000000; font-family: Roboto;\">Materiaali<\/span><\/b><\/span><\/div>\n<\/div>\n<\/td>\n<td colspan=\"4\" rowspan=\"1\">\n<div class=\"magic-9\"><span class=\"magic-5\" style=\"color: #000000;\">Paperi\/PP-kalvo\/PET\/Inlay<\/span><\/div>\n<\/td>\n<\/tr>\n<tr>\n<td colspan=\"1\" rowspan=\"1\">\n<div class=\"magic-2\">\n<div class=\"magic-3\" data-spm-anchor-id=\"a2700.pc-decorate.0.i34.7f543333WPG8F0\"><b class=\"magic-13\" data-spm-anchor-id=\"a2700.pc-decorate.0.i111.7f543333WPG8F0\"><span class=\"magic-5\" style=\"color: #000000; font-family: Roboto;\">Taajuus<\/span><\/b><\/div>\n<\/div>\n<\/td>\n<td colspan=\"4\" rowspan=\"1\">\n<div class=\"magic-6\"><span class=\"magic-5\" style=\"color: #000000; font-family: Roboto;\" data-spm-anchor-id=\"a2700.details.0.i25.244e512bmtbZH7\">13,56 MHz<\/span><\/div>\n<\/td>\n<\/tr>\n<tr>\n<td colspan=\"1\" rowspan=\"1\">\n<div class=\"magic-2\">\n<div class=\"magic-3\" data-spm-anchor-id=\"a2700.pc-decorate.0.i33.7f543333WPG8F0\"><b class=\"magic-4\"><span class=\"magic-5\" style=\"color: #000000; font-family: Roboto;\">Koko<\/span><\/b><\/div>\n<\/div>\n<\/td>\n<td colspan=\"4\" rowspan=\"1\">\n<div class=\"magic-9\"><span class=\"magic-5\" style=\"color: #000000;\">50*50\/45*45\/30*15\/40*25\/halkaisija 25\/30 tai mukautettu koko<\/span><\/div>\n<\/td>\n<\/tr>\n<tr>\n<td colspan=\"1\" rowspan=\"1\">\n<div class=\"magic-2\">\n<div class=\"magic-3\"><b class=\"magic-14\">Sovellukset<\/b><\/div>\n<\/div>\n<\/td>\n<td colspan=\"4\" rowspan=\"1\">\n<div class=\"magic-6\" data-spm-anchor-id=\"a2700.details.0.i24.244e512bmtbZH7\"><span class=\"magic-5\" style=\"color: #000000; font-family: Roboto;\">K\u00e4ytet\u00e4\u00e4n laajasti omaisuudenhallinnassa, vaatetushallinnassa, varastoissa, kirjastossa, koruissa, logistiikassa jne.<\/span><\/div>\n<\/td>\n<\/tr>\n<\/tbody>\n<\/table>\n<p>&nbsp;<\/p>\n<div class=\"auto-hide-last-sibling-br paragraph_9dc5f paragraph-element\"><strong>RFID-inlayt:<\/strong>\u00a0RFID-inlay koostuu antennista ja mikrosirusta, jossa siru tallentaa dataa ja antenni vastaa n\u00e4iden tietojen v\u00e4litt\u00e4misest\u00e4 RFID-lukijaan.<\/div>\n<p>&nbsp;<\/p>\n<div class=\"auto-hide-last-sibling-br paragraph_9dc5f paragraph-element\"><strong>Kosteat inlayt:<\/strong>\u00a0N\u00e4m\u00e4 ovat RFID-urakoita, jotka asetetaan liimakerroksen ja kirkkaan PET-kerroksen (polyetyleenitereftalaatti) p\u00e4\u00e4lle. PET-kerrosta k\u00e4ytet\u00e4\u00e4n suojaamaan fyysisilt\u00e4 vaurioilta. Kun liimapuoli on poisp\u00e4in etiketist\u00e4 tai materiaalista, niit\u00e4 voidaan k\u00e4ytt\u00e4\u00e4 mukavasti RFID-tarrojen rakentamiseen, joten niit\u00e4 voidaan k\u00e4ytt\u00e4\u00e4 laajasti tarrojen luomisessa eri aloilla.<\/div>\n<div><\/div>\n<div>\n<div class=\"auto-hide-last-sibling-br paragraph_9dc5f paragraph-element\">\u00a0ISO15693 I CODE SLIX NFC-tunnistetta, joka on valmistettu erilaisista materiaaleista, kuten paperista, PP-kalvosta, PET:st\u00e4 tai upotekoristeesta, ja erikokoisia, k\u00e4ytet\u00e4\u00e4n laajasti. L\u00f6yd\u00e4t niit\u00e4 usein aloilta, kuten:<\/div>\n<p><br class=\"container_21264 wrapper_661ac undefined\" \/><\/p>\n<ul class=\"auto-hide-last-sibling-br\">\n<li><strong>Omaisuudenhallinta:<\/strong>\u00a0Tunnisteita k\u00e4ytet\u00e4\u00e4n fyysisen omaisuuden seurantaan useissa eri tilanteissa, kuten terveydenhuollon tai IT:n valvontalaitteiden.<\/li>\n<li><strong>Vaatetushallinta:<\/strong>\u00a0Muotikaupassa n\u00e4m\u00e4 tunnisteet helpottavat varaston seurantaa, varkaudenestotoimenpiteit\u00e4 ja parantavat myym\u00e4l\u00e4n asiakaskokemusta.<\/li>\n<li><strong>Varastonhallinta:<\/strong>\u00a0Varastoissa ja v\u00e4hitt\u00e4iskaupassa RFID-tunnisteita k\u00e4ytet\u00e4\u00e4n varastojen tehokkaaseen hallintaan, manuaalisen ty\u00f6n v\u00e4hent\u00e4miseen ja virheiden minimoimiseen.<\/li>\n<li><strong>Kirjaston hallinta:<\/strong>\u00a0Niit\u00e4 k\u00e4ytet\u00e4\u00e4n automatisoimaan lainaus- ja palautusprosesseja, parantamaan varastonhallintaa ja tarjoamaan suojausta varkauksia vastaan.<\/li>\n<li><strong>Korujen hallinta:<\/strong>\u00a0Kevyet ja tarkat tunnisteet tarjoavat turvallisen ja tehokkaan varastonhallinnan koruteollisuudessa.<\/li>\n<li><strong>Logistiikka:<\/strong> RFID-tunnisteita k\u00e4ytet\u00e4\u00e4n kuljetustavaroiden seuraamiseen, l\u00e4hetystarkkuuden parantamiseen ja n\u00e4kyvyyden parantamiseen toimitusketjussa.<\/li>\n<\/ul>\n<div class=\"auto-hide-last-sibling-br paragraph_9dc5f paragraph-element\">Tunnisteen kokoa ja muotoa voidaan r\u00e4\u00e4t\u00e4l\u00f6id\u00e4 tietyn sovelluksen mukaan, mik\u00e4 parantaa niiden joustavuutta ja mukautumiskyky\u00e4 eri k\u00e4ytt\u00f6tapauksissa.<\/div>\n<\/div>","protected":false},"excerpt":{"rendered":"<p><strong>ISO15693 I CODE SLIX NFC-tunniste:<\/strong>\u00a0N\u00e4m\u00e4 tunnisteet ovat korkeataajuisia (13,56 MHz) RFID-tunnisteita, jotka ovat ISO15693-standardin mukaisia. I CODE SLIX -siru tunnetaan merkitt\u00e4v\u00e4st\u00e4 luku-\/kirjoitusalueestaan, joka on ihanteellinen omaisuudenhallintasovelluksiin.<\/p>","protected":false},"featured_media":318,"template":"","meta":{"_kad_post_transparent":"default","_kad_post_title":"","_kad_post_layout":"default","_kad_post_sidebar_id":"","_kad_post_content_style":"default","_kad_post_vertical_padding":"default","_kad_post_feature":"","_kad_post_feature_position":"","_kad_post_header":false,"_kad_post_footer":false,"_kad_post_classname":""},"product_brand":[],"product_cat":[54],"product_tag":[133,132],"class_list":{"0":"post-317","1":"product","2":"type-product","3":"status-publish","4":"has-post-thumbnail","6":"product_cat-hot-selling-rfid-tags","7":"product_tag-i-code-slix-nfc-tag","8":"product_tag-iso15693-i-code-slix-nfc-tag","10":"first","11":"instock","12":"shipping-taxable","13":"product-type-simple","14":"entry","15":"content-bg","16":"loop-entry"},"_links":{"self":[{"href":"https:\/\/rfid-laundry-tag.com\/fi\/wp-json\/wp\/v2\/product\/317","targetHints":{"allow":["GET"]}}],"collection":[{"href":"https:\/\/rfid-laundry-tag.com\/fi\/wp-json\/wp\/v2\/product"}],"about":[{"href":"https:\/\/rfid-laundry-tag.com\/fi\/wp-json\/wp\/v2\/types\/product"}],"version-history":[{"count":0,"href":"https:\/\/rfid-laundry-tag.com\/fi\/wp-json\/wp\/v2\/product\/317\/revisions"}],"wp:featuredmedia":[{"embeddable":true,"href":"https:\/\/rfid-laundry-tag.com\/fi\/wp-json\/wp\/v2\/media\/318"}],"wp:attachment":[{"href":"https:\/\/rfid-laundry-tag.com\/fi\/wp-json\/wp\/v2\/media?parent=317"}],"wp:term":[{"taxonomy":"product_brand","embeddable":true,"href":"https:\/\/rfid-laundry-tag.com\/fi\/wp-json\/wp\/v2\/product_brand?post=317"},{"taxonomy":"product_cat","embeddable":true,"href":"https:\/\/rfid-laundry-tag.com\/fi\/wp-json\/wp\/v2\/product_cat?post=317"},{"taxonomy":"product_tag","embeddable":true,"href":"https:\/\/rfid-laundry-tag.com\/fi\/wp-json\/wp\/v2\/product_tag?post=317"}],"curies":[{"name":"wp","href":"https:\/\/api.w.org\/{rel}","templated":true}]}}