{"id":315,"date":"2024-06-28T01:50:42","date_gmt":"2024-06-28T01:50:42","guid":{"rendered":"https:\/\/rfid-laundry-tag.com\/?post_type=product&#038;p=315"},"modified":"2024-08-19T15:48:20","modified_gmt":"2024-08-19T15:48:20","slug":"tamper-proof-nfc-sticker-ntag424-dna-tt","status":"publish","type":"product","link":"https:\/\/rfid-laundry-tag.com\/fi\/tamper-proof-nfc-sticker-ntag424-dna-tt\/","title":{"rendered":"Vuorosuojattu NFC-tarra NTAG424 DNA TT"},"content":{"rendered":"<h2>Vuorosuojattu NFC-tarra NTAG424 DNA TT<\/h2>\n<table class=\"all magic-15\">\n<tbody>\n<tr>\n<td colspan=\"1\" rowspan=\"1\">\n<div class=\"magic-16\" data-spm-anchor-id=\"a2700.details.0.i75.2d9c3353FQLlpS\">Materiaali<\/div>\n<\/td>\n<td colspan=\"4\" rowspan=\"1\">\n<div class=\"magic-17\">Hauras paperi+Hauras antenni<\/div>\n<\/td>\n<\/tr>\n<tr>\n<td colspan=\"1\" rowspan=\"1\">\n<div class=\"magic-16\">Koko<\/div>\n<\/td>\n<td colspan=\"4\" rowspan=\"1\">\n<div class=\"magic-17\">24*60mm, 20*70mm, 27*77mm, 35*66mm, 35mm*80mm jne.<\/div>\n<\/td>\n<\/tr>\n<tr>\n<td colspan=\"1\" rowspan=\"1\">\n<div class=\"magic-16\">Tulostus<\/div>\n<\/td>\n<td colspan=\"4\" rowspan=\"1\">\n<div class=\"magic-17\">T\u00e4ysv\u00e4rinen painatus<\/div>\n<\/td>\n<\/tr>\n<tr>\n<td colspan=\"1\" rowspan=\"1\">\n<div class=\"magic-16\">Taajuus<\/div>\n<\/td>\n<td colspan=\"4\" rowspan=\"1\">\n<div class=\"magic-17\" data-spm-anchor-id=\"a2700.details.0.i74.2d9c3353FQLlpS\">13,56 MHz<\/div>\n<\/td>\n<\/tr>\n<tr>\n<td colspan=\"1\" rowspan=\"1\">\n<div class=\"magic-16\">p\u00f6yt\u00e4kirja<\/div>\n<\/td>\n<td colspan=\"4\" rowspan=\"1\">\n<div class=\"magic-17\">ISO14443A<\/div>\n<\/td>\n<\/tr>\n<tr>\n<td colspan=\"1\" rowspan=\"2\">\n<div class=\"magic-16\">Siru<\/div>\n<\/td>\n<td colspan=\"4\" rowspan=\"1\">\n<div class=\"magic-17\">\n<p>NTAG213 TT<\/p>\n<p>* 184 tavua j\u00e4rjestetty 46 sivulle, 4 tavua per sivu<br \/>\n* 144 tavua vapaasti k\u00e4ytett\u00e4viss\u00e4 k\u00e4ytt\u00e4j\u00e4n luku-\/kirjoitusalue (36 sivua)<\/p>\n<\/div>\n<\/td>\n<\/tr>\n<tr>\n<td colspan=\"4\" rowspan=\"1\">\n<div class=\"magic-17\">\n<p>NTAG424 DNA TT:n peukalointi (416 tavua)<\/p>\n<p>416 tavun muisti, joka on j\u00e4rjestetty ISO\/IEC 7816-4 -tiedostoj\u00e4rjestelm\u00e4\u00e4n:<br \/>\n* 32 tavun kapasiteettis\u00e4ili\u00f6<br \/>\n* 256 tavua NDEF-tiedosto<br \/>\n* 128 tavua suojattu tiedosto<\/p>\n<\/div>\n<\/td>\n<\/tr>\n<tr>\n<td colspan=\"1\" rowspan=\"1\">\n<div class=\"magic-16\">Lue et\u00e4isyys<\/div>\n<\/td>\n<td colspan=\"4\" rowspan=\"1\">\n<div class=\"magic-17\" data-spm-anchor-id=\"a2700.details.0.i76.2d9c3353FQLlpS\">1-10cm (liittyy lukijan suorituskykyyn ja ty\u00f6ymp\u00e4rist\u00f6\u00f6n)<\/div>\n<\/td>\n<\/tr>\n<tr>\n<td colspan=\"1\" rowspan=\"1\">\n<div class=\"magic-16\">Ominaisuus<\/div>\n<\/td>\n<td colspan=\"4\" rowspan=\"1\">\n<div class=\"magic-17\">V\u00e4\u00e4renn\u00f6sten esto, peukaloinnin kest\u00e4v\u00e4, kertak\u00e4ytt\u00f6inen<\/div>\n<\/td>\n<\/tr>\n<tr>\n<td colspan=\"1\" rowspan=\"1\">\n<div class=\"magic-16\">R\u00e4\u00e4t\u00e4l\u00f6ity tuki<\/div>\n<\/td>\n<td colspan=\"4\" rowspan=\"1\">\n<div class=\"magic-17\">Materiaali, koko, siru, tulostus, koodaus, sarjanumero, muoto, pakkaus jne.<\/div>\n<\/td>\n<\/tr>\n<tr>\n<td colspan=\"1\" rowspan=\"1\">\n<div class=\"magic-16\">Todistus<\/div>\n<\/td>\n<td colspan=\"4\" rowspan=\"1\">\n<div class=\"magic-17\">CE RoHS ISO<\/div>\n<\/td>\n<\/tr>\n<\/tbody>\n<\/table>\n<h3>Kuinka TAG (NTAG213 TagTamper \/ 424 DNA TagTamper) toimii<\/h3>\n<p><strong>Yleinen periaate:<\/strong><\/p>\n<p>TAG-j\u00e4rjestelm\u00e4 k\u00e4ytt\u00e4\u00e4\u00a0<strong>RFID-tekniikkaa<\/strong>\u00a0erikoistuneen henkil\u00f6n kanssa\u00a0<strong>Tag Tamper<\/strong>\u00a0toiminnot luvattoman paketin avaamisen havaitsemiseksi. Se koostuu kahdesta p\u00e4\u00e4komponentista:<\/p>\n<ol>\n<li><strong>RFID-tunniste:<\/strong>\n<ul>\n<li><strong>P\u00e4\u00e4antennin silmukka:<\/strong>\u00a0L\u00e4hett\u00e4\u00e4 radioaaltoja RFID-lukijan ja IC-sirun v\u00e4lill\u00e4.<\/li>\n<li><strong>Tunnistussilmukka\/johto:<\/strong>\u00a0Erillinen johto, joka on suunniteltu katkeamaan peukaloinnin yhteydess\u00e4. IC-siru tallentaa t\u00e4m\u00e4n tauon pysyv\u00e4sti.<\/li>\n<\/ul>\n<\/li>\n<li><strong>RFID-lukija:<\/strong>\n<ul>\n<li><strong>Lukee tietoja RFID-tunnisteesta<\/strong>, mukaan lukien tunnistuslangan tila.<\/li>\n<li><strong>Siirt\u00e4\u00e4 tiedot palvelimelle<\/strong>, jossa sit\u00e4 voidaan analysoida ja k\u00e4ytt\u00e4\u00e4 erilaisiin sovelluksiin.<\/li>\n<\/ul>\n<\/li>\n<\/ol>\n<p><strong>Tunnisteen peukalointitoiminto:<\/strong><\/p>\n<ul>\n<li>Tunnistusjohto on kytketty IC-siruun.<\/li>\n<li>Kun lanka katkeaa, siru\u00a0<strong>tallentaa pysyv\u00e4n tallenteen peukalointitapahtumasta<\/strong>.<\/li>\n<li>T\u00e4m\u00e4 tieto voi olla\u00a0<strong>peilataan ASCII-koodilla k\u00e4ytt\u00e4j\u00e4n muistiin<\/strong>\u00a0ja\u00a0<strong>raportoitu pilveen<\/strong>\u00a0lis\u00e4analyysi\u00e4 varten.<\/li>\n<\/ul>\n<p><strong>424 DNA TagTamper AES-128 kryptografialla:<\/strong><\/p>\n<ul>\n<li><strong>Ainutlaatuinen NFC-todennusviesti (SUN):<\/strong>\u00a0Aina kun 424 DNA TagTamperia napautetaan NFC-matkapuhelimella tai lukijalla, se luo ainutlaatuisen AURINKO-merkin.<\/li>\n<li><strong>Suojattu todennus:<\/strong>\n<ul>\n<li>SUN l\u00e4hetet\u00e4\u00e4n is\u00e4nt\u00e4palvelimelle yhdess\u00e4 yksil\u00f6llisen URL-osoitteen kanssa.<\/li>\n<li>Is\u00e4nt\u00e4 suorittaa todennuksen k\u00e4ytt\u00e4m\u00e4ll\u00e4 AES-128-salausta.<\/li>\n<li><strong>Vahvistus<\/strong>\u00a0palautetaan lukijaan\/mobiililaitteeseen.<\/li>\n<\/ul>\n<\/li>\n<\/ul>\n<p><strong>Sovellukset:<\/strong><\/p>\n<ul>\n<li><strong>Kehittynyt v\u00e4\u00e4renn\u00f6stentorjunta (tuotteen todennus):<\/strong>\n<ul>\n<li>Tarkistaa fyysisten tavaroiden aitouden.<\/li>\n<li>Tunnistaa myynnin valtuutettujen markkinoiden ulkopuolella.<\/li>\n<\/ul>\n<\/li>\n<li><strong>Peukaloinnin havaitseminen ja varmistaminen (\u00e4lyk\u00e4s pakkaus):<\/strong>\n<ul>\n<li>Havaitsee luvattoman tuotteen avaamisen.<\/li>\n<li>Turvaa tuotteen eheyden.<\/li>\n<\/ul>\n<\/li>\n<li><strong>Suojatut eksklusiiviset k\u00e4ytt\u00f6kokemukset tuotteen tilan perusteella:<\/strong>\n<ul>\n<li>Mahdollistaa edistyneen vuorovaikutuksen (ennen ja j\u00e4lkeen myynti\u00e4).<\/li>\n<li>Palkitsee asiakkaita henkil\u00f6kohtaisella sis\u00e4ll\u00f6ll\u00e4, tarjouksilla ja etuoikeuksilla.<\/li>\n<\/ul>\n<\/li>\n<li><strong>Suojatut arkaluonteiset sovellukset:<\/strong>\n<ul>\n<li>Suojaa arkaluonteisia tuote- ja k\u00e4ytt\u00e4j\u00e4tietoja.<\/li>\n<li>K\u00e4ynnist\u00e4\u00e4 toimenpiteen todetun tapahtuman yhteydess\u00e4 (esim. maksu).<\/li>\n<\/ul>\n<\/li>\n<li><strong>Suljetun silmukan laitteiden suojattu todennus ja konfigurointi:<\/strong>\n<ul>\n<li>Todentaa kulutustarvikkeet ja osat.<\/li>\n<li>Ottaa k\u00e4ytt\u00f6\u00f6n eheyden tarkistuksen.<\/li>\n<li>Siirt\u00e4\u00e4 automaattisesti laitteen asetukset.<\/li>\n<\/ul>\n<\/li>\n<\/ul>\n<p><strong>T\u00e4rkeimm\u00e4t edut:<\/strong><\/p>\n<ul>\n<li><strong>Korkea turvallisuus:<\/strong>\u00a0Peukaloinnin tunnistusominaisuus ja AES-128-salaus varmistavat tietojen eheyden ja est\u00e4v\u00e4t luvattoman k\u00e4yt\u00f6n.<\/li>\n<li><strong>Monipuoliset sovellukset:<\/strong>\u00a0J\u00e4rjestelm\u00e4\u00e4 voidaan k\u00e4ytt\u00e4\u00e4 useisiin eri tarkoituksiin tuotteiden tunnistamisesta tietoturvaan.<\/li>\n<li><strong>Reaaliaikainen seuranta:<\/strong>\u00a0Tiedot l\u00e4hetet\u00e4\u00e4n pilveen reaaliajassa, mik\u00e4 mahdollistaa v\u00e4litt\u00f6m\u00e4n toiminnan ja seurannan.<\/li>\n<\/ul>","protected":false},"excerpt":{"rendered":"<p>NTAG 424 DNA on korkean turvallisuuden, tehokas peukaloinninsuojattu NFC-tarra NTAG424 DNA TT, jonka tarjoaa NXP-puolijohteet. Tunniste on ihanteellinen suojaamaan omaisuutta ja tietoja, koska siin\u00e4 on edistyneit\u00e4 toimintoja, kuten AES-salausta ja SUN-viestien todennusta, ja se suojaa arkaluonteisten tietojen tallennusta.<\/p>","protected":false},"featured_media":316,"template":"","meta":{"_kad_post_transparent":"default","_kad_post_title":"","_kad_post_layout":"default","_kad_post_sidebar_id":"","_kad_post_content_style":"default","_kad_post_vertical_padding":"default","_kad_post_feature":"","_kad_post_feature_position":"","_kad_post_header":false,"_kad_post_footer":false,"_kad_post_classname":""},"product_brand":[],"product_cat":[54],"product_tag":[135,134],"class_list":{"0":"post-315","1":"product","2":"type-product","3":"status-publish","4":"has-post-thumbnail","6":"product_cat-hot-selling-rfid-tags","7":"product_tag-tamper-proof-nfc-sticker","8":"product_tag-tamper-proof-nfc-sticker-ntag424-dna-tt","10":"first","11":"instock","12":"shipping-taxable","13":"product-type-simple","14":"entry","15":"content-bg","16":"loop-entry"},"_links":{"self":[{"href":"https:\/\/rfid-laundry-tag.com\/fi\/wp-json\/wp\/v2\/product\/315","targetHints":{"allow":["GET"]}}],"collection":[{"href":"https:\/\/rfid-laundry-tag.com\/fi\/wp-json\/wp\/v2\/product"}],"about":[{"href":"https:\/\/rfid-laundry-tag.com\/fi\/wp-json\/wp\/v2\/types\/product"}],"version-history":[{"count":1,"href":"https:\/\/rfid-laundry-tag.com\/fi\/wp-json\/wp\/v2\/product\/315\/revisions"}],"predecessor-version":[{"id":1566,"href":"https:\/\/rfid-laundry-tag.com\/fi\/wp-json\/wp\/v2\/product\/315\/revisions\/1566"}],"wp:featuredmedia":[{"embeddable":true,"href":"https:\/\/rfid-laundry-tag.com\/fi\/wp-json\/wp\/v2\/media\/316"}],"wp:attachment":[{"href":"https:\/\/rfid-laundry-tag.com\/fi\/wp-json\/wp\/v2\/media?parent=315"}],"wp:term":[{"taxonomy":"product_brand","embeddable":true,"href":"https:\/\/rfid-laundry-tag.com\/fi\/wp-json\/wp\/v2\/product_brand?post=315"},{"taxonomy":"product_cat","embeddable":true,"href":"https:\/\/rfid-laundry-tag.com\/fi\/wp-json\/wp\/v2\/product_cat?post=315"},{"taxonomy":"product_tag","embeddable":true,"href":"https:\/\/rfid-laundry-tag.com\/fi\/wp-json\/wp\/v2\/product_tag?post=315"}],"curies":[{"name":"wp","href":"https:\/\/api.w.org\/{rel}","templated":true}]}}