{"id":313,"date":"2024-06-28T01:43:55","date_gmt":"2024-06-28T01:43:55","guid":{"rendered":"https:\/\/rfid-laundry-tag.com\/?post_type=product&#038;p=313"},"modified":"2024-08-19T15:55:01","modified_gmt":"2024-08-19T15:55:01","slug":"tamper-proof-ntag424-dna-tt-nfc-label","status":"publish","type":"product","link":"https:\/\/rfid-laundry-tag.com\/fi\/tamper-proof-ntag424-dna-tt-nfc-label\/","title":{"rendered":"Peukaloinninkest\u00e4v\u00e4 Ntag424 DNA TT NFC-tarra"},"content":{"rendered":"<table class=\"hight-light-first-column all magic-8\">\n<tbody>\n<tr>\n<td colspan=\"1\" rowspan=\"1\">\n<div class=\"magic-11\"><span class=\"magic-7\" data-spm-anchor-id=\"a2700.details.0.i73.5472537dnd6ZwT\">Tuotteen nimi<\/span><\/div>\n<\/td>\n<td colspan=\"1\" rowspan=\"1\">\n<div class=\"magic-12\"><span class=\"magic-7\">V\u00e4\u00e4renn\u00f6sten esto NFC-tunniste<\/span><\/div>\n<\/td>\n<\/tr>\n<tr>\n<td colspan=\"1\" rowspan=\"1\">\n<div class=\"magic-11\"><span class=\"magic-7\">avainsana<\/span><\/div>\n<\/td>\n<td colspan=\"1\" rowspan=\"1\">\n<div class=\"magic-12\"><span class=\"magic-7\">Peukaloinninkest\u00e4v\u00e4 Ntag424 DNA TT NFC-tarra<\/span><\/div>\n<\/td>\n<\/tr>\n<tr>\n<td colspan=\"1\" rowspan=\"1\">\n<div class=\"magic-11\"><span class=\"magic-7\">Materiaali<\/span><\/div>\n<\/td>\n<td colspan=\"1\" rowspan=\"1\">\n<div class=\"magic-12\"><span class=\"magic-7\">AL+PET+paperi<\/span><\/div>\n<\/td>\n<\/tr>\n<tr>\n<td colspan=\"1\" rowspan=\"1\">\n<div class=\"magic-11\"><span class=\"magic-7\">Koko<\/span><\/div>\n<\/td>\n<td colspan=\"1\" rowspan=\"1\">\n<div class=\"magic-12\"><span class=\"magic-7\">24*49*0,2mm<\/span><\/div>\n<\/td>\n<\/tr>\n<tr>\n<td colspan=\"1\" rowspan=\"1\">\n<div class=\"magic-11\"><span class=\"magic-7\">Siru<\/span><\/div>\n<\/td>\n<td colspan=\"1\" rowspan=\"1\">\n<div class=\"magic-12\"><span class=\"magic-7\">NTag 424 DNA TT<\/span><\/div>\n<\/td>\n<\/tr>\n<tr>\n<td colspan=\"1\" rowspan=\"1\">\n<div class=\"magic-11\"><span class=\"magic-7\">Muisti<\/span><\/div>\n<\/td>\n<td colspan=\"1\" rowspan=\"1\">\n<div class=\"magic-12\" data-spm-anchor-id=\"a2700.details.0.i72.5472537dnd6ZwT\"><span class=\"magic-7\">416 tavua<\/span><\/div>\n<\/td>\n<\/tr>\n<tr>\n<td colspan=\"1\" rowspan=\"1\">\n<div class=\"magic-11\"><span class=\"magic-7\">Taajuus<\/span><\/div>\n<\/td>\n<td colspan=\"1\" rowspan=\"1\">\n<div class=\"magic-12\"><span class=\"magic-7\">13,56 MHz<\/span><\/div>\n<\/td>\n<\/tr>\n<tr>\n<td colspan=\"1\" rowspan=\"1\">\n<div class=\"magic-11\"><span class=\"magic-7\">p\u00f6yt\u00e4kirja<\/span><\/div>\n<\/td>\n<td colspan=\"1\" rowspan=\"1\">\n<div class=\"magic-12\"><span class=\"magic-7\">ISO 14443A<\/span><\/div>\n<\/td>\n<\/tr>\n<tr>\n<td colspan=\"1\" rowspan=\"1\">\n<div class=\"magic-11\"><span class=\"magic-7\">Sovellus<\/span><\/div>\n<\/td>\n<td colspan=\"1\" rowspan=\"1\">\n<div class=\"magic-12\"><span class=\"magic-7\">Alkoholiturvallisuus, korkealuokkainen kosmetiikka, korut, omaisuudenhoito jne.<\/span><\/div>\n<\/td>\n<\/tr>\n<tr>\n<td colspan=\"1\" rowspan=\"1\">\n<div class=\"magic-11\"><span class=\"magic-7\">Ominaisuus<\/span><\/div>\n<\/td>\n<td colspan=\"1\" rowspan=\"1\">\n<div class=\"magic-12\"><span class=\"magic-7\">ANTI-FAKE<\/span><\/div>\n<\/td>\n<\/tr>\n<\/tbody>\n<\/table>\n<p>&nbsp;<\/p>\n<p>NTAG 424 DNA on NXP-puolijohteiden tarjoama eritt\u00e4in turvallinen ja tehokas NFC-tunniste. Tunniste on ihanteellinen suojaamaan omaisuutta ja tietoja, koska siin\u00e4 on edistyneit\u00e4 toimintoja, kuten AES-salausta ja SUN-viestien todennusta, ja se suojaa arkaluonteisten tietojen tallennusta.<\/p>\n<div class=\"auto-hide-last-sibling-br paragraph_9dc5f paragraph-element\">NTAG 424 DNA TT (NT4H2421Tx) edustaa uskomatonta edistyst\u00e4 NFC- ja IoT-sovellusten alalla. Sen asento kohti parempaa turvallisuutta, ja tuotteen eheyssuoja on osoitus sen huippuluokan suunnittelusta.<\/div>\n<p>&nbsp;<\/p>\n<div class=\"auto-hide-last-sibling-br paragraph_9dc5f paragraph-element\"><strong>NTAG 424 DNA TT:n (NT4H2421Tx) ominaisuudet:<\/strong><\/div>\n<div><\/div>\n<ol class=\"auto-hide-last-sibling-br\">\n<li>\n<div class=\"auto-hide-last-sibling-br paragraph_9dc5f paragraph-element\"><strong>Korkea turvallisuus:<\/strong>\u00a0Uusimpien turvatoimien ansiosta t\u00e4m\u00e4 siru tarjoaa edistyneen suojan luvatonta k\u00e4ytt\u00f6\u00e4 ja peukalointia vastaan.<\/div>\n<\/li>\n<li>\n<div class=\"auto-hide-last-sibling-br paragraph_9dc5f paragraph-element\"><strong>Tilan tunnistus:<\/strong>\u00a0Siru k\u00e4ytt\u00e4\u00e4 innokkaita tilantunnistusalgoritmeja tunnistaakseen poikkeamat nopeasti. T\u00e4m\u00e4 ominaisuus on erityisen hy\u00f6dyllinen tuotteiden peukalointiyritysten havaitsemisessa.<\/div>\n<\/li>\n<li>\n<div class=\"auto-hide-last-sibling-br paragraph_9dc5f paragraph-element\"><strong>Yksityisyyden suoja:<\/strong>\u00a0Aikakaudella, jolloin yksityisyytt\u00e4 arvostetaan suuresti, NTAG 424 DNA TT (NT4H2421Tx) tarjoaa my\u00f6s luotettavia yksityisyyden suojamekanismeja mahdollisia tietomurtoja vastaan.<\/div>\n<\/li>\n<li>\n<div class=\"auto-hide-last-sibling-br paragraph_9dc5f paragraph-element\"><strong>Suojattu muotoilu:<\/strong>\u00a0Tuotteessa on nerokkaasti suunniteltu peukalointisuojattuja ominaisuuksia, kuten herk\u00e4n materiaalin k\u00e4ytt\u00f6 antennin valmistuksessa, silputtu paperi ja irtoamista est\u00e4v\u00e4t toimenpiteet, joilla varmistetaan, ett\u00e4 tunnistetta ei voi siirt\u00e4\u00e4.<\/div>\n<\/li>\n<li>\n<div class=\"auto-hide-last-sibling-br paragraph_9dc5f paragraph-element\"><strong>Tehokas tunnistus:<\/strong>\u00a0NFC-yhteensopivalla kortinlukijalla tai matkapuhelimella voidaan nopeasti tunnistaa t\u00e4ydelliset ja tinkim\u00e4tt\u00f6m\u00e4t tarrat. Jos tarraa peukaloidaan, sen tunnistustila muuttuu tai siit\u00e4 tulee lukukelvoton, mik\u00e4 viittaa tuotteen eheyteen.<\/div>\n<\/li>\n<\/ol>\n<div class=\"auto-hide-last-sibling-br paragraph_9dc5f paragraph-element\"><strong>NTAG 424 DNA TT:n (NT4H2421Tx) usein kysytyt kysymykset:<\/strong><\/div>\n<div><\/div>\n<div class=\"auto-hide-last-sibling-br paragraph_9dc5f paragraph-element\">K:\u00a0<strong>Mitk\u00e4 sovellukset hy\u00f6tyv\u00e4t eniten NTAG 424 DNA TT:st\u00e4 (NT4H2421Tx)?<\/strong><br class=\"container_21264 wrapper_661ac undefined\" \/>V: NTAG 424 DNA TT:t\u00e4 (NT4H2421Tx) k\u00e4ytet\u00e4\u00e4n enimm\u00e4kseen teollisuudenaloilla, jotka vaativat korkeatasoista turvallisuutta, kuten luksustavarat, l\u00e4\u00e4kkeet, t\u00e4rke\u00e4t asiakirjat ja muut tuotteet, jotka vaativat tiukkoja v\u00e4\u00e4renn\u00f6sten torjuntatoimia.<\/div>\n<div><\/div>\n<div class=\"auto-hide-last-sibling-br paragraph_9dc5f paragraph-element\">K:\u00a0<strong>Kuinka luotettava peukaloinnin tunnistusominaisuus on?<\/strong><br class=\"container_21264 wrapper_661ac undefined\" \/>V: Tunniste k\u00e4ytt\u00e4\u00e4 huolellisesti suunniteltuja herkki\u00e4 materiaaleja, jotka tekev\u00e4t siit\u00e4 eritt\u00e4in herk\u00e4n kajotusyritykselle. Kun sit\u00e4 peukaloidaan, se muuttaa tunnistustilaansa tai muuttuu lukukelvottomaksi, mik\u00e4 merkitsee tehokkaasti kaikki luvattomat peukalointiyritykset.<\/div>\n<div class=\"auto-hide-last-sibling-br paragraph_9dc5f paragraph-element\">N\u00e4m\u00e4 NTAG 424 DNA TT:n (NT4H2421Tx) edistyneet ominaisuudet vahvistavat kaikkien siihen liittyvien tuotteiden turvallisuutta, suojausta ja aitoutta.<\/div>","protected":false},"excerpt":{"rendered":"<p>NTAG 424 DNA TT asettaa uuden standardin suojatuissa NFC- ja IoT-sovelluksissa esittelem\u00e4ll\u00e4 uuden NTAG DNA -sirusukupolven, jossa on huippuluokan ominaisuudet turvallisuuteen, tilan havaitsemiseen ja yksityisyyden suojaamiseen.<\/p>","protected":false},"featured_media":314,"template":"","meta":{"_kad_post_transparent":"default","_kad_post_title":"","_kad_post_layout":"default","_kad_post_sidebar_id":"","_kad_post_content_style":"default","_kad_post_vertical_padding":"default","_kad_post_feature":"","_kad_post_feature_position":"","_kad_post_header":false,"_kad_post_footer":false,"_kad_post_classname":""},"product_brand":[],"product_cat":[54],"product_tag":[130,131],"class_list":{"0":"post-313","1":"product","2":"type-product","3":"status-publish","4":"has-post-thumbnail","6":"product_cat-hot-selling-rfid-tags","7":"product_tag-tamper-proof-ntag424-dna-tt-nfc-sticker","8":"product_tag-tamper-proof-ntag424-tt-nfc-sticker","10":"first","11":"instock","12":"shipping-taxable","13":"product-type-simple","14":"entry","15":"content-bg","16":"loop-entry"},"_links":{"self":[{"href":"https:\/\/rfid-laundry-tag.com\/fi\/wp-json\/wp\/v2\/product\/313","targetHints":{"allow":["GET"]}}],"collection":[{"href":"https:\/\/rfid-laundry-tag.com\/fi\/wp-json\/wp\/v2\/product"}],"about":[{"href":"https:\/\/rfid-laundry-tag.com\/fi\/wp-json\/wp\/v2\/types\/product"}],"version-history":[{"count":3,"href":"https:\/\/rfid-laundry-tag.com\/fi\/wp-json\/wp\/v2\/product\/313\/revisions"}],"predecessor-version":[{"id":1569,"href":"https:\/\/rfid-laundry-tag.com\/fi\/wp-json\/wp\/v2\/product\/313\/revisions\/1569"}],"wp:featuredmedia":[{"embeddable":true,"href":"https:\/\/rfid-laundry-tag.com\/fi\/wp-json\/wp\/v2\/media\/314"}],"wp:attachment":[{"href":"https:\/\/rfid-laundry-tag.com\/fi\/wp-json\/wp\/v2\/media?parent=313"}],"wp:term":[{"taxonomy":"product_brand","embeddable":true,"href":"https:\/\/rfid-laundry-tag.com\/fi\/wp-json\/wp\/v2\/product_brand?post=313"},{"taxonomy":"product_cat","embeddable":true,"href":"https:\/\/rfid-laundry-tag.com\/fi\/wp-json\/wp\/v2\/product_cat?post=313"},{"taxonomy":"product_tag","embeddable":true,"href":"https:\/\/rfid-laundry-tag.com\/fi\/wp-json\/wp\/v2\/product_tag?post=313"}],"curies":[{"name":"wp","href":"https:\/\/api.w.org\/{rel}","templated":true}]}}