{"id":312,"date":"2024-06-26T17:16:17","date_gmt":"2024-06-26T17:16:17","guid":{"rendered":"https:\/\/rfid-laundry-tag.com\/?post_type=product&#038;p=312"},"modified":"2024-06-26T17:19:23","modified_gmt":"2024-06-26T17:19:23","slug":"ntag213-nfc-inlay-dia25mm","status":"publish","type":"product","link":"https:\/\/rfid-laundry-tag.com\/fi\/ntag213-nfc-inlay-dia25mm\/","title":{"rendered":"Ntag213 NFC Inlay halkaisija 25mm"},"content":{"rendered":"<div class=\"text-title\"><strong><span class=\"magic-26\" style=\"font-family: Arial;\" data-spm-anchor-id=\"a2700.details.0.i47.6f4d7d7dnursE7\">NFC Dry inlay<\/span><\/strong><\/div>\n<div class=\"text-content\">\n<p><span class=\"magic-6\" style=\"font-family: Arial;\">Yksinkertaisesti sanottuna RFID-kuivainlay on RFID-sirun ja antennin yhdistelm\u00e4. Sit\u00e4 voidaan k\u00e4ytt\u00e4\u00e4 NFC-tarran, RFID-tarran, RFID-lipun ja erilaisten RFID-tunnisteiden valmistukseen. <\/span><\/p>\n<div data-spm-anchor-id=\"a2700.details.0.i46.6f4d7d7dnursE7\">\n<p><span class=\"magic-6\" style=\"font-family: Arial;\"> Kuivainlayn antenni on alumiinietsaus, joka on kuparikelaan verrattuna ohuempi. Antennin muotoa voidaan r\u00e4\u00e4t\u00e4l\u00f6id\u00e4 ja suunnitella uudelleen tarpeen mukaan.<\/span><\/p>\n<div><\/div>\n<\/div>\n<\/div>\n<div>\n<div class=\"text-title\"><strong><span class=\"magic-26\" style=\"font-family: Arial;\">NFC Wet upote<\/span><\/strong><\/div>\n<div class=\"text-content\">\n<p><span class=\"magic-6\" style=\"font-family: Arial;\" data-spm-anchor-id=\"a2700.details.0.i49.6f4d7d7dnursE7\">Liimalla lis\u00e4tty\u00e4 RFID-kuivauotetta kutsutaan m\u00e4rk\u00e4inlayksi. Sit\u00e4 voidaan k\u00e4ytt\u00e4\u00e4 suoraan RFID-tarrana tai NFC-tarrana, jos et tarvitse tulostusta pinnalle. Esineiden kiinnitt\u00e4misell\u00e4 voidaan s\u00e4\u00e4st\u00e4\u00e4 kustannuksia ja saavuttaa sama tarkoitus. Sit\u00e4 k\u00e4ytet\u00e4\u00e4n my\u00f6s laajalti RFID-tunnisteiden valmistuksessa. M\u00e4rk\u00e4inlayn antenni on alumiinietsaus, joka on kuparikelaan verrattuna ohuempi. Antennin muotoa voidaan r\u00e4\u00e4t\u00e4l\u00f6id\u00e4 ja suunnitella uudelleen tarpeen mukaan.<\/span><\/p>\n<div>\n<h2>Ntag213 NFC Inlay halkaisija 25mm<\/h2>\n<p>N\u00e4m\u00e4 tekniset tiedot kuvaavat Ntag213 NFC-sis\u00e4kett\u00e4, jonka halkaisija on 25 mm. Se on kuiva inlay, eli siin\u00e4 ei ole tarttuvaa taustaa ja se vaatii lis\u00e4vaiheita kiinnitt\u00e4miseen esineeseen.<\/p>\n<p><strong>Avainominaisuudet:<\/strong><\/p>\n<ul>\n<li><strong>Siru:<\/strong>\u00a0Ntag213<\/li>\n<li><strong>Halkaisija:<\/strong>\u00a025 mm<\/li>\n<li><strong>Tyyppi:<\/strong>\u00a0Kuiva Inlay<\/li>\n<li><strong>Protokolla:<\/strong>\u00a0ISO\/IEC 14443 tyyppi A<\/li>\n<li><strong>Taajuus:<\/strong>\u00a013,56 MHz<\/li>\n<li><strong>Muisti:<\/strong>\u00a0144 tavua<\/li>\n<\/ul>\n<p><strong>Edut:<\/strong><\/p>\n<ul>\n<li><strong>Kustannustehokas:<\/strong>\u00a0Ntag213 on laajalti k\u00e4ytetty ja edullinen NFC-siru.<\/li>\n<li><strong>Monipuolinen:<\/strong>\u00a0Soveltuu monenlaisiin sovelluksiin muistin koon ja toiminnallisuuden ansiosta.<\/li>\n<li><strong>Kest\u00e4v\u00e4:<\/strong>\u00a0Kuivat inlayt tarjoavat paremman kest\u00e4vyyden kuin m\u00e4rk\u00e4-inlayt.<\/li>\n<li><strong>Muokattava:<\/strong>\u00a0Antenni voidaan r\u00e4\u00e4t\u00e4l\u00f6id\u00e4 tiettyihin sovelluksiin.<\/li>\n<\/ul>\n<p><strong>Sovellukset:<\/strong><\/p>\n<ul>\n<li><strong>Kulunvalvonta:<\/strong>\u00a0Avainkortit, RFID-merkit ja muut turvalliset p\u00e4\u00e4syj\u00e4rjestelm\u00e4t.<\/li>\n<li><strong>Omaisuuden seuranta:<\/strong>\u00a0Varaston, laitteiden ja muun arvokkaan omaisuuden seuranta.<\/li>\n<li><strong>Markkinointi ja mainonta:<\/strong>\u00a0Interaktiiviset julisteet, mainosmateriaalit ja kanta-asiakasohjelmat.<\/li>\n<li><strong>Maksuj\u00e4rjestelm\u00e4t:<\/strong>\u00a0L\u00e4himaksukortit ja mobiililompakot.<\/li>\n<li><strong>Tietojen tallennus:<\/strong>\u00a0Pienten tietom\u00e4\u00e4rien, kuten tuotetietojen tai sarjanumeroiden, tallentaminen.<\/li>\n<\/ul>\n<\/div>\n<div data-spm-anchor-id=\"a2700.details.0.i48.6f4d7d7dnursE7\"><\/div>\n<\/div>\n<\/div>","protected":false},"excerpt":{"rendered":"<p><strong>RFID NFC -uisteet<\/strong> kahta tyyppi\u00e4, m\u00e4rk\u00e4 ja kuiva. M\u00e4rk\u00e4 RFID NFC -ukko on varustettu tahmealla taustalla, kun taas kuivalla ei. Ne tarjoavat 13,56 MHz:n tunnistevaihtoehdon, joka on erityisesti suunniteltu alkuper\u00e4isten laitevalmistajille (OEM). N\u00e4ille upotuksille on saatavana sek\u00e4 ISO 15693 ett\u00e4 14443 NFC-muistipiirej\u00e4.<\/p>","protected":false},"featured_media":287,"template":"","meta":{"_kad_post_transparent":"default","_kad_post_title":"","_kad_post_layout":"default","_kad_post_sidebar_id":"","_kad_post_content_style":"default","_kad_post_vertical_padding":"default","_kad_post_feature":"","_kad_post_feature_position":"","_kad_post_header":false,"_kad_post_footer":false,"_kad_post_classname":""},"product_brand":[],"product_cat":[54],"product_tag":[111,129],"class_list":{"0":"post-312","1":"product","2":"type-product","3":"status-publish","4":"has-post-thumbnail","6":"product_cat-hot-selling-rfid-tags","7":"product_tag-nfc-inlay","8":"product_tag-ntag213-nfc-inlay-dia25mm","10":"first","11":"instock","12":"shipping-taxable","13":"product-type-simple","14":"entry","15":"content-bg","16":"loop-entry"},"_links":{"self":[{"href":"https:\/\/rfid-laundry-tag.com\/fi\/wp-json\/wp\/v2\/product\/312","targetHints":{"allow":["GET"]}}],"collection":[{"href":"https:\/\/rfid-laundry-tag.com\/fi\/wp-json\/wp\/v2\/product"}],"about":[{"href":"https:\/\/rfid-laundry-tag.com\/fi\/wp-json\/wp\/v2\/types\/product"}],"version-history":[{"count":0,"href":"https:\/\/rfid-laundry-tag.com\/fi\/wp-json\/wp\/v2\/product\/312\/revisions"}],"wp:featuredmedia":[{"embeddable":true,"href":"https:\/\/rfid-laundry-tag.com\/fi\/wp-json\/wp\/v2\/media\/287"}],"wp:attachment":[{"href":"https:\/\/rfid-laundry-tag.com\/fi\/wp-json\/wp\/v2\/media?parent=312"}],"wp:term":[{"taxonomy":"product_brand","embeddable":true,"href":"https:\/\/rfid-laundry-tag.com\/fi\/wp-json\/wp\/v2\/product_brand?post=312"},{"taxonomy":"product_cat","embeddable":true,"href":"https:\/\/rfid-laundry-tag.com\/fi\/wp-json\/wp\/v2\/product_cat?post=312"},{"taxonomy":"product_tag","embeddable":true,"href":"https:\/\/rfid-laundry-tag.com\/fi\/wp-json\/wp\/v2\/product_tag?post=312"}],"curies":[{"name":"wp","href":"https:\/\/api.w.org\/{rel}","templated":true}]}}