{"id":3117,"date":"2025-12-18T12:06:28","date_gmt":"2025-12-18T12:06:28","guid":{"rendered":"https:\/\/rfid-laundry-tag.com\/?post_type=product&#038;p=3117"},"modified":"2026-01-04T12:40:55","modified_gmt":"2026-01-04T12:40:55","slug":"textile-iron-durable-heat-sealed-rfid-laundry-tag","status":"publish","type":"product","link":"https:\/\/rfid-laundry-tag.com\/fi\/textile-iron-durable-heat-sealed-rfid-laundry-tag\/","title":{"rendered":"Tekstiilirauta Kest\u00e4v\u00e4 l\u00e4mp\u00f6sinet\u00f6ity RFID-pyykkitunniste"},"content":{"rendered":"<div>\n<div>\n<h2>Tekstiilirauta Kest\u00e4v\u00e4 l\u00e4mp\u00f6sinet\u00f6ity RFID-pyykkitunniste<\/h2>\n<p>&nbsp;<\/p>\n<p><strong><a href=\"https:\/\/rfid-laundry-tag.com\/fi\/textile-rfid-laundry-tag\/\">L\u00e4mp\u00f6tiiviste RFID-pyykkitunniste<\/a>\u00a0\u2013 Kest\u00e4v\u00e4, korkeita l\u00e4mp\u00f6tiloja kest\u00e4v\u00e4 tekstiilien seurantaratkaisu<\/strong><\/p>\n<p>L\u00e4mp\u00f6pr\u00e4ss\u00e4tt\u00e4v\u00e4 RFID-pyykkitunnisteemme tarjoaa vankan ja luotettavan ratkaisun tekstiilien tunnistamiseen ja seurantaan terveydenhuollon, teollisen pesulan ja univormujen hallinnan aloilla Euroopassa, Yhdysvalloissa ja Kanadassa. Tunnetaan my\u00f6s nimell\u00e4 l\u00e4mm\u00f6nsiirtotunniste.\u00a0<a href=\"https:\/\/rfid-laundry-tag.com\/fi\/textile-rfid-laundry-tag\/\">RFID-pesutunniste<\/a>, tai l\u00e4mp\u00f6sinet\u00f6it\u00e4v\u00e4 RFID-pyykkitunniste, se tarjoaa poikkeuksellisen suorituskyvyn ankarissa pyykkiolosuhteissa.<\/p>\n<h2>Edut:<\/h2>\n<p align=\"left\" data-spm-anchor-id=\"a2700.details-description.0.i1.404eTMiRTMiR6E\">1) .Vedenpit\u00e4v\u00e4 ja l\u00e4mm\u00f6nkest\u00e4vyys<br \/>\n2) .200 pesukertaa tai 300 kertaa<br \/>\n3) .8 ~ 12 metrin lukuet\u00e4isyys<br \/>\n4) .L\u00e4pimenoaika on 3 p\u00e4iv\u00e4\u00e4<\/p>\n<\/div>\n<h3>T\u00e4rkeimm\u00e4t ominaisuudet<\/h3>\n<ul>\n<li>Vedenpit\u00e4v\u00e4 ja kemikaalinkest\u00e4v\u00e4: Suunniteltu kest\u00e4m\u00e4\u00e4n pesuaineita, huuhteluaineita, valkaisuainetta (happi\/kloori) ja em\u00e4ksisi\u00e4 k\u00e4sittelyj\u00e4.<\/li>\n<li>L\u00e4mp\u00f6aktivoituva RFID-tunniste: Integroituu saumattomasti l\u00e4mp\u00f6saumauskoneisiin nopeaa ja tukevaa kiinnityst\u00e4 varten.<\/li>\n<li>Silitett\u00e4v\u00e4 RFID-pyykkietiketti: Helppo kiinnitt\u00e4\u00e4 tavallisella l\u00e4mp\u00f6pr\u00e4ssill\u00e4 tai ompelutekniikoilla, ihanteellinen upotettavaksi tekstiilien reunoihin tai hoito-ohjeisiin.<\/li>\n<li>L\u00e4mp\u00f6pr\u00e4ss\u00e4tt\u00e4v\u00e4 puettava RFID-tunniste: Varmistaa kest\u00e4v\u00e4n tarttuvuuden ja v\u00e4hent\u00e4\u00e4 tunnisteiden h\u00e4vi\u00e4mist\u00e4 koko k\u00e4ytt\u00f6i\u00e4n ajan.<\/li>\n<li>Korkean l\u00e4mp\u00f6tilan RFID-pyykkitunniste: Suunniteltu kest\u00e4m\u00e4\u00e4n teollisten pyykinpesuprosessien voimakasta kuumuutta ja mekaanista rasitusta.<\/li>\n<\/ul>\n<div>\n<table width=\"637\">\n<tbody>\n<tr>\n<td width=\"328\">Tuotteen nimi:<\/td>\n<td width=\"309\">Tekstiilirauta Kest\u00e4v\u00e4 l\u00e4mp\u00f6sinet\u00f6ity RFID-pyykkitunniste<\/td>\n<\/tr>\n<tr>\n<td width=\"328\">RFID-standardi:<\/td>\n<td width=\"309\">ISO\/IEC 18000-6 TypeC (EPC Gen2)<\/td>\n<\/tr>\n<tr>\n<td width=\"328\">Koko ja paino:<\/td>\n<td width=\"309\">\u00a035 mm x 15 mm; 58 mm x 15 mm; 70 mm x 10 mm 70 x 15 mm 75 x 12 mm 75 x 15 mm tai r\u00e4\u00e4t\u00e4l\u00f6ityn\u00e4<\/td>\n<\/tr>\n<tr>\n<td width=\"328\">Sirun tyyppi:<\/td>\n<td width=\"309\">Monza 4QT, NXP U CODE 9, Alien H9 jne.<\/td>\n<\/tr>\n<tr>\n<td width=\"328\">EPC-muisti:<\/td>\n<td width=\"309\">128 bitti\u00e4<\/td>\n<\/tr>\n<tr>\n<td width=\"328\">K\u00e4ytt\u00e4j\u00e4n muisti:<\/td>\n<td width=\"309\">512 bitti\u00e4<\/td>\n<\/tr>\n<tr>\n<td width=\"328\">Lukualue (2W ERP FCC):<\/td>\n<td width=\"309\">8\u201310 miljoonaa<\/td>\n<\/tr>\n<tr>\n<td width=\"328\">Lukualue (2W ERP ETSI):<\/td>\n<td width=\"309\">8\u201310 miljoonaa<\/td>\n<\/tr>\n<tr>\n<td width=\"328\">Tunnisteet:<\/td>\n<td width=\"309\">Kuumaleimausliima, l\u00e4mmitystiiviste, reik\u00e4 jne.<\/td>\n<\/tr>\n<tr>\n<td width=\"328\">Arvioitu k\u00e4ytt\u00f6ik\u00e4:<\/td>\n<td width=\"309\">200 pesukertaa tai 300 pesukertaa<\/td>\n<\/tr>\n<tr>\n<td width=\"328\">Pesumenetelm\u00e4:<\/td>\n<td width=\"309\">Pesula, Kemiallinen pesu<\/td>\n<\/tr>\n<tr>\n<td width=\"328\">Vedenpoistopaine:<\/td>\n<td width=\"309\">60 bar<\/td>\n<\/tr>\n<tr>\n<td width=\"328\">Vedenkest\u00e4vyys:<\/td>\n<td width=\"309\">Vedenkest\u00e4v\u00e4<\/td>\n<\/tr>\n<tr>\n<td width=\"328\">Kemiallinen resistanssi:<\/td>\n<td width=\"309\">Pesuaine, huuhteluaine, valkaisuaine (happi\/kloori), alkali<\/td>\n<\/tr>\n<tr>\n<td width=\"328\">Esikuivaus Tumblerissa:<\/td>\n<td width=\"309\">125 \u00baC 15-20 minuuttia<\/td>\n<\/tr>\n<tr>\n<td width=\"328\">Sterilointil\u00e4mp\u00f6tila:<\/td>\n<td width=\"309\">135\u00b0C 15-20 minuuttia<\/td>\n<\/tr>\n<tr>\n<td width=\"328\">Pesul\u00e4mp\u00f6tila:<\/td>\n<td width=\"309\">90\u00b0C, jopa 15 min.<\/td>\n<\/tr>\n<tr>\n<td width=\"328\">Kosteus\/l\u00e4mp\u00f6tila-k\u00e4ytt\u00f6:<\/td>\n<td width=\"309\">-20 - 110 \u00b0C, 8 - 95%RH<\/td>\n<\/tr>\n<tr>\n<td width=\"328\">Kosteus\/l\u00e4mp\u00f6tila-varastointi:<\/td>\n<td width=\"309\">-40 - 110 \u00b0C, 8 - 95%RH<\/td>\n<\/tr>\n<\/tbody>\n<\/table>\n<\/div>\n<\/div>\n<figure id=\"attachment_3280\" class=\"wp-caption alignnone\" aria-describedby=\"caption-attachment-3280\"><figcaption id=\"caption-attachment-3280\" class=\"wp-caption-text\">\n<figure id=\"attachment_3085\" aria-describedby=\"caption-attachment-3085\" style=\"width: 750px\" class=\"wp-caption alignnone\"><a href=\"https:\/\/rfid-laundry-tag.com\/fi\/textile-rfid-laundry-tag\/\"><img fetchpriority=\"high\" decoding=\"async\" class=\"size-full wp-image-3085\" src=\"https:\/\/rfid-laundry-tag.com\/wp-content\/uploads\/2025\/12\/UHF-RFID-washable-laundry-tag-11.jpg\" alt=\"Washable RFID Tags for Laundry Uniform\" width=\"750\" height=\"750\" srcset=\"https:\/\/rfid-laundry-tag.com\/wp-content\/uploads\/2025\/12\/UHF-RFID-washable-laundry-tag-11.jpg 750w, https:\/\/rfid-laundry-tag.com\/wp-content\/uploads\/2025\/12\/UHF-RFID-washable-laundry-tag-11-300x300.jpg 300w, https:\/\/rfid-laundry-tag.com\/wp-content\/uploads\/2025\/12\/UHF-RFID-washable-laundry-tag-11-150x150.jpg 150w, https:\/\/rfid-laundry-tag.com\/wp-content\/uploads\/2025\/12\/UHF-RFID-washable-laundry-tag-11-12x12.jpg 12w, https:\/\/rfid-laundry-tag.com\/wp-content\/uploads\/2025\/12\/UHF-RFID-washable-laundry-tag-11-600x600.jpg 600w, https:\/\/rfid-laundry-tag.com\/wp-content\/uploads\/2025\/12\/UHF-RFID-washable-laundry-tag-11-100x100.jpg 100w\" sizes=\"(max-width: 750px) 100vw, 750px\" \/><\/a><figcaption id=\"caption-attachment-3085\" class=\"wp-caption-text\">Pest\u00e4v\u00e4t RFID-tunnisteet pyykkivaatteille<\/figcaption><\/figure>\n<\/figcaption><\/figure>\n<p>Kudotusta polyesterist\u00e4 ja ensiluokkaisista l\u00e4mp\u00f6aktivoituvista liimoista valmistettu RFID-l\u00e4mm\u00f6ll\u00e4 tarttuva pyykinpesutarra kiinnittyy tukevasti puuvillaan, polyesteriin ja sekatekstiileihin. Tarra kest\u00e4\u00e4 vaativia pesujaksoja, mukaan lukien korkean l\u00e4mp\u00f6tilan steriloinnin, joten se sopii erinomaisesti k\u00e4ytett\u00e4v\u00e4ksi RFID-pyykinpesuj\u00e4rjestelmiss\u00e4, joita k\u00e4ytet\u00e4\u00e4n laajalti sairaaloissa ja teollisuuspesuloissa.<\/p>\n<div class=\"entry-content-asset videofit\"><iframe title=\"Miksi RFID:t\u00e4 k\u00e4ytet\u00e4\u00e4n tekstiilipesulassa?\" src=\"https:\/\/www.youtube.com\/embed\/X_P3EuhS_hE?feature=oembed\" width=\"720\" height=\"405\" frameborder=\"0\" allowfullscreen=\"allowfullscreen\" data-mce-fragment=\"1\"><\/iframe><\/div>\n<div>\n<h3><strong><b>Sovellukset globaaleilla markkinoilla<\/b><\/strong><\/h3>\n<p>Meid\u00e4n\u00a0<strong>RFID-pellavatunniste terveydenhuoltoon<\/strong>\u00a0mahdollistaa lakanoiden, pyyhkeiden ja univormujen tarkan seurannan, mik\u00e4 tukee infektioiden torjuntaa ja varastojen tarkkuutta sairaaloissa Pohjois-Amerikassa ja Euroopassa. Sairaaloiden tekstiilipohjaiset RFID-tunnisteet parantavat liinavaatteiden elinkaaren hallintaa, v\u00e4hent\u00e4v\u00e4t h\u00e4vikki\u00e4 ja lis\u00e4\u00e4v\u00e4t toiminnan tehokkuutta vaatimustenmukaisuutta vaativissa ymp\u00e4rist\u00f6iss\u00e4.<\/p>\n<p>Teollisissa pesuloissa\u00a0<strong>RFID-pest\u00e4v\u00e4 tunniste teollisuuspesuloihin<\/strong>\u00a0on ratkaisevan t\u00e4rke\u00e4\u00e4 laajamittaisen pellavanjalostuksen hallinnassa, ja se tarjoaa saumattoman integroinnin\u00a0<strong>RFID-pesulan hallintaj\u00e4rjestelm\u00e4t<\/strong>\u00a0suunniteltu vaativiin pesuolosuhteisiin.\u00a0<strong>yhten\u00e4inen RFID-seurantasiru<\/strong>\u00a0kest\u00e4viin RFID-tunnisteisiin upotettuna univormuihin auttaa monikansallisia yrityksi\u00e4 ja terveydenhuollon laitoksia yll\u00e4pit\u00e4m\u00e4\u00e4n vastuullisuutta ja optimoimaan univormujen kiertoa.<\/p>\n<h3><strong><b>Asennus ja k\u00e4ytt\u00f6<\/b><\/strong><\/h3>\n<ul>\n<li><strong>Ompeleiden merkitseminen:<\/strong>Ompele vaatteiden helmat kiinni pois taitoslinjoista vaurioiden v\u00e4ltt\u00e4miseksi<\/li>\n<li><strong>L\u00e4mp\u00f6saumaus:<\/strong>Levit\u00e4 200 \u00b0C:ssa (392 \u00b0F) 12\u201314 sekunnin ajan k\u00e4ytt\u00e4en alan standardin mukaisia kuumasaumauskoneita<\/li>\n<li><strong>Pussissa:<\/strong>Ompele vaatteen vakiohoito-ohjeiden sis\u00e4\u00e4n s\u00e4ilytt\u00e4\u00e4ksesi sen estetiikan<\/li>\n<\/ul>\n<figure id=\"attachment_3407\" class=\"wp-caption alignnone\" aria-describedby=\"caption-attachment-3407\"><figcaption id=\"caption-attachment-3407\" class=\"wp-caption-text\">\n<figure id=\"attachment_2970\" aria-describedby=\"caption-attachment-2970\" style=\"width: 1000px\" class=\"wp-caption alignnone\"><a href=\"https:\/\/rfid-laundry-tag.com\/fi\/textile-rfid-laundry-tag\/\"><img decoding=\"async\" class=\"size-full wp-image-2970\" src=\"https:\/\/rfid-laundry-tag.com\/wp-content\/uploads\/2025\/11\/UHF-RFID-washable-laundry-tag-08.jpg\" alt=\"Textile UHF RFID Tags Labels\" width=\"1000\" height=\"1000\" srcset=\"https:\/\/rfid-laundry-tag.com\/wp-content\/uploads\/2025\/11\/UHF-RFID-washable-laundry-tag-08.jpg 1000w, https:\/\/rfid-laundry-tag.com\/wp-content\/uploads\/2025\/11\/UHF-RFID-washable-laundry-tag-08-300x300.jpg 300w, https:\/\/rfid-laundry-tag.com\/wp-content\/uploads\/2025\/11\/UHF-RFID-washable-laundry-tag-08-150x150.jpg 150w, https:\/\/rfid-laundry-tag.com\/wp-content\/uploads\/2025\/11\/UHF-RFID-washable-laundry-tag-08-768x768.jpg 768w, https:\/\/rfid-laundry-tag.com\/wp-content\/uploads\/2025\/11\/UHF-RFID-washable-laundry-tag-08-12x12.jpg 12w, https:\/\/rfid-laundry-tag.com\/wp-content\/uploads\/2025\/11\/UHF-RFID-washable-laundry-tag-08-600x600.jpg 600w, https:\/\/rfid-laundry-tag.com\/wp-content\/uploads\/2025\/11\/UHF-RFID-washable-laundry-tag-08-100x100.jpg 100w\" sizes=\"(max-width: 1000px) 100vw, 1000px\" \/><\/a><figcaption id=\"caption-attachment-2970\" class=\"wp-caption-text\">Tekstiili UHF RFID-tunnisteet<\/figcaption><\/figure>\n<\/figcaption><\/figure>\n<p>Edistykselliseen l\u00e4mp\u00f6saumaustekniikkaan integroituna n\u00e4m\u00e4 tarrat tarjoavat tasaisen paikkauspaineen ja automaattisen palautteen varmistaakseen virheett\u00f6m\u00e4n asennuksen.<\/p>\n<p>&nbsp;<\/p>\n<\/div>","protected":false},"excerpt":{"rendered":"<p>Olemme UHF RFID -pyykkitunnisteiden TOP 5 -valmistaja<strong>.Kest\u00e4v\u00e4, l\u00e4mp\u00f6sinet\u00f6ity RFID-pyykkitunniste tekstiilisilitysraudalla <\/strong>Varmistaa kest\u00e4v\u00e4n tekstiilien seurannan terveydenhuollossa, pesuloissa ja univormuissa kaikkialla Euroopassa, Yhdysvalloissa ja Kanadassa \u2013 kest\u00e4\u00e4 ankaria pesuohjelmia.<\/p>","protected":false},"featured_media":3118,"template":"","meta":{"_kad_post_transparent":"default","_kad_post_title":"","_kad_post_layout":"default","_kad_post_sidebar_id":"","_kad_post_content_style":"default","_kad_post_vertical_padding":"default","_kad_post_feature":"","_kad_post_feature_position":"","_kad_post_header":false,"_kad_post_footer":false,"_kad_post_classname":""},"product_brand":[],"product_cat":[16],"product_tag":[24,375,342,339,65,368,30,374,373],"class_list":{"0":"post-3117","1":"product","2":"type-product","3":"status-publish","4":"has-post-thumbnail","6":"product_cat-uhf-rfid-laundry-tags","7":"product_tag-laundry-rfid-tags","8":"product_tag-rfid-laundry-tag-7015mm","9":"product_tag-rfid-laundry-tags","10":"product_tag-rfid-washable-tags","11":"product_tag-textile-rfid-laundry-tags","12":"product_tag-textile-uhf-rfid-tags-labels","13":"product_tag-uhf-rfid-laundry-tag","14":"product_tag-washable-uhf-rfid-labels","15":"product_tag-washable-uhf-rfid-laundry-textile-labels","17":"first","18":"instock","19":"featured","20":"shipping-taxable","21":"product-type-simple","22":"entry","23":"content-bg","24":"loop-entry"},"_links":{"self":[{"href":"https:\/\/rfid-laundry-tag.com\/fi\/wp-json\/wp\/v2\/product\/3117","targetHints":{"allow":["GET"]}}],"collection":[{"href":"https:\/\/rfid-laundry-tag.com\/fi\/wp-json\/wp\/v2\/product"}],"about":[{"href":"https:\/\/rfid-laundry-tag.com\/fi\/wp-json\/wp\/v2\/types\/product"}],"version-history":[{"count":3,"href":"https:\/\/rfid-laundry-tag.com\/fi\/wp-json\/wp\/v2\/product\/3117\/revisions"}],"predecessor-version":[{"id":3168,"href":"https:\/\/rfid-laundry-tag.com\/fi\/wp-json\/wp\/v2\/product\/3117\/revisions\/3168"}],"wp:featuredmedia":[{"embeddable":true,"href":"https:\/\/rfid-laundry-tag.com\/fi\/wp-json\/wp\/v2\/media\/3118"}],"wp:attachment":[{"href":"https:\/\/rfid-laundry-tag.com\/fi\/wp-json\/wp\/v2\/media?parent=3117"}],"wp:term":[{"taxonomy":"product_brand","embeddable":true,"href":"https:\/\/rfid-laundry-tag.com\/fi\/wp-json\/wp\/v2\/product_brand?post=3117"},{"taxonomy":"product_cat","embeddable":true,"href":"https:\/\/rfid-laundry-tag.com\/fi\/wp-json\/wp\/v2\/product_cat?post=3117"},{"taxonomy":"product_tag","embeddable":true,"href":"https:\/\/rfid-laundry-tag.com\/fi\/wp-json\/wp\/v2\/product_tag?post=3117"}],"curies":[{"name":"wp","href":"https:\/\/api.w.org\/{rel}","templated":true}]}}