{"id":310,"date":"2024-06-26T17:12:34","date_gmt":"2024-06-26T17:12:34","guid":{"rendered":"https:\/\/rfid-laundry-tag.com\/?post_type=product&#038;p=310"},"modified":"2024-06-26T17:15:58","modified_gmt":"2024-06-26T17:15:58","slug":"anti-metal-uhf-rfid-tag","status":"publish","type":"product","link":"https:\/\/rfid-laundry-tag.com\/fi\/anti-metal-uhf-rfid-tag\/","title":{"rendered":"Antimetalli UHF RFID -tunniste"},"content":{"rendered":"<h2>Antimetalli UHF RFID -tunniste<\/h2>\n<h2>Saatavilla olevat mukautukset:<\/h2>\n<p><strong>Tulostus:<\/strong><\/p>\n<ul>\n<li><strong>V\u00e4rivaihtoehdot:<\/strong>\n<ul>\n<li>Yksiv\u00e4rinen painatus<\/li>\n<li>4-v\u00e4rinen offsetpainatus<\/li>\n<\/ul>\n<\/li>\n<li><strong>Sy\u00f6te:<\/strong>\n<ul>\n<li>Asiakkaan toimittama graafinen asettelu vektorimuodossa<\/li>\n<\/ul>\n<\/li>\n<li><strong>Sis\u00e4lt\u00f6:<\/strong>\n<ul>\n<li>EPC-koodin tulostus<\/li>\n<li>Progressiivinen sarjakoodin tulostus:\n<ul>\n<li>Tietokannasta<\/li>\n<li>.xls-tiedostosta<\/li>\n<\/ul>\n<\/li>\n<li>Viivakoodien tulostus<\/li>\n<li>QRCode tulostus<\/li>\n<\/ul>\n<\/li>\n<li><strong>Muita r\u00e4\u00e4t\u00e4l\u00f6intivaihtoehtoja saatavilla pyynn\u00f6st\u00e4.<\/strong><\/li>\n<\/ul>\n<p><strong>Sirumuistin koodaus:<\/strong><\/p>\n<ul>\n<li><strong>RFID UHF-transponderin koodaus:<\/strong>\n<ul>\n<li>EPC-koodin koodaus<\/li>\n<li>UHF-tunnisteen muisti kirjoittaa:\n<ul>\n<li>Asiakkaan toimittamasta tietokannasta<\/li>\n<\/ul>\n<\/li>\n<\/ul>\n<\/li>\n<li><strong>Muistin lukitus:<\/strong>\n<ul>\n<li>V\u00e4liaikainen tai pysyv\u00e4 lukitus salasanalla<\/li>\n<\/ul>\n<\/li>\n<li><strong>Tietojen yhdist\u00e4minen:<\/strong>\n<ul>\n<li>EPC-koodin ja TID-koodin yhdist\u00e4minen tietokannassa<\/li>\n<li>TID-koodi ja progressiivinen\/viivakoodiyhdistelm\u00e4<\/li>\n<\/ul>\n<\/li>\n<\/ul>\n<table class=\"has-title all magic-4\">\n<tbody>\n<tr>\n<td colspan=\"1\" rowspan=\"1\">\n<div class=\"magic-5\" data-spm-anchor-id=\"a2700.details.0.i72.6b4c1284vyugjJ\">Materiaali<\/div>\n<\/td>\n<td colspan=\"1\" rowspan=\"1\">\n<div class=\"magic-6\">ABS<\/div>\n<\/td>\n<\/tr>\n<tr>\n<td colspan=\"1\" rowspan=\"1\">\n<div class=\"magic-5\">Koko<\/div>\n<\/td>\n<td colspan=\"1\" rowspan=\"1\">\n<div class=\"magic-6\">78x31x10mm tai r\u00e4\u00e4t\u00e4l\u00f6ity<\/div>\n<\/td>\n<\/tr>\n<tr>\n<td colspan=\"1\" rowspan=\"1\">\n<div class=\"magic-5\">Taajuus<\/div>\n<\/td>\n<td colspan=\"1\" rowspan=\"1\">\n<div class=\"magic-6\">860-960 MHz<\/div>\n<\/td>\n<\/tr>\n<tr>\n<td colspan=\"1\" rowspan=\"1\">\n<div class=\"magic-5\">IC-tyyppi (siru)<\/div>\n<\/td>\n<td colspan=\"1\" rowspan=\"1\">\n<div class=\"magic-6\">Impinj Monza R6P<\/div>\n<\/td>\n<\/tr>\n<tr>\n<td colspan=\"1\" rowspan=\"1\">\n<div class=\"magic-5\">p\u00f6yt\u00e4kirja<\/div>\n<\/td>\n<td colspan=\"1\" rowspan=\"1\">\n<div class=\"magic-6\">EPC Global Class 1 Gen2 &amp; ISO18000-6C<\/div>\n<\/td>\n<\/tr>\n<tr>\n<td colspan=\"1\" rowspan=\"1\">\n<div class=\"magic-7\">Muisti<\/div>\n<\/td>\n<td colspan=\"1\" rowspan=\"1\">\n<div class=\"magic-6\">EPC 128 bitti\u00e4, k\u00e4ytt\u00e4j\u00e4 32 bitti\u00e4<\/div>\n<\/td>\n<\/tr>\n<tr>\n<td colspan=\"1\" rowspan=\"1\">\n<div class=\"magic-5\">Tunnisteen muototekij\u00e4<\/div>\n<\/td>\n<td colspan=\"1\" rowspan=\"1\">\n<div class=\"magic-6\">Kova tagi<\/div>\n<\/td>\n<\/tr>\n<tr>\n<td colspan=\"1\" rowspan=\"1\">\n<div class=\"magic-5\">Kiinnitysmenetelm\u00e4<\/div>\n<\/td>\n<td colspan=\"1\" rowspan=\"1\">\n<div class=\"magic-6\" data-spm-anchor-id=\"a2700.details.0.i73.6b4c1284vyugjJ\">Ruuvikiinnitys, kalvoliima<\/div>\n<\/td>\n<\/tr>\n<tr>\n<td colspan=\"1\" rowspan=\"1\">\n<div class=\"magic-5\">K\u00e4ytt\u00f6l\u00e4mp\u00f6tila<\/div>\n<\/td>\n<td colspan=\"1\" rowspan=\"1\">\n<div class=\"magic-6\">-35 \u00b0C \/ +90 \u00b0C<\/div>\n<\/td>\n<\/tr>\n<tr>\n<td colspan=\"1\" rowspan=\"1\">\n<div class=\"magic-5\">Lue Et\u00e4isyys<\/div>\n<\/td>\n<td colspan=\"1\" rowspan=\"1\">\n<div class=\"magic-6\" data-spm-anchor-id=\"a2700.details.0.i67.6b4c1284vyugjJ\">Jopa 10m<\/div>\n<\/td>\n<\/tr>\n<tr>\n<td colspan=\"1\" rowspan=\"1\">\n<div class=\"magic-8\">Soveltuvat pintamateriaalit<\/div>\n<\/td>\n<td colspan=\"1\" rowspan=\"1\">\n<div class=\"magic-6\">Metalliset ja ei-metalliset alustat<\/div>\n<\/td>\n<\/tr>\n<tr>\n<td colspan=\"1\" rowspan=\"1\">\n<div class=\"magic-7\">IP-luokitus<\/div>\n<\/td>\n<td colspan=\"1\" rowspan=\"1\">\n<div class=\"magic-6\">IP68<\/div>\n<\/td>\n<\/tr>\n<tr>\n<td colspan=\"1\" rowspan=\"1\">\n<div class=\"magic-7\">Sovellus<\/div>\n<\/td>\n<td colspan=\"1\" rowspan=\"1\">\n<div class=\"magic-6\">Kiinteist\u00f6ihin, raskaaseen teollisuuteen ja ulkok\u00e4ytt\u00f6\u00f6n<\/div>\n<\/td>\n<\/tr>\n<\/tbody>\n<\/table>\n<p>&nbsp;<\/p>\n<p><strong>Johtop\u00e4\u00e4t\u00f6s:<\/strong><\/p>\n<p>ABS RFID Tag on monipuolinen ja muokattavissa oleva ratkaisu erilaisiin sovelluksiin, ja se tarjoaa yhdistelm\u00e4n vankkaa suorituskyky\u00e4 ja joustavia vaihtoehtoja erityistarpeiden mukaan.<\/p>","protected":false},"excerpt":{"rendered":"<p>Anti-metal UHF RFID Tag on tehokas, pitk\u00e4n kantaman passiivinen UHF RFID -tunniste, joka on suunniteltu menestym\u00e4\u00e4n vaativissa ymp\u00e4rist\u00f6iss\u00e4. Se voidaan lukea luotettavasti metallipintojen p\u00e4\u00e4ll\u00e4, pois p\u00e4\u00e4lt\u00e4 ja jopa l\u00e4hell\u00e4, mik\u00e4 tarjoaa poikkeuksellista joustavuutta omaisuuden seurantaan. Sen kompakti koko ja vankka, vedenpit\u00e4v\u00e4 rakenne takaavat pitk\u00e4kestoisen suorituskyvyn ulko- ja teollisuussovelluksissa.<\/p>","protected":false},"featured_media":311,"template":"","meta":{"_kad_post_transparent":"default","_kad_post_title":"","_kad_post_layout":"default","_kad_post_sidebar_id":"","_kad_post_content_style":"default","_kad_post_vertical_padding":"default","_kad_post_feature":"","_kad_post_feature_position":"","_kad_post_header":false,"_kad_post_footer":false,"_kad_post_classname":""},"product_brand":[],"product_cat":[54],"product_tag":[128,119],"class_list":{"0":"post-310","1":"product","2":"type-product","3":"status-publish","4":"has-post-thumbnail","6":"product_cat-hot-selling-rfid-tags","7":"product_tag-anti-metal-uhf-rfid-tag","8":"product_tag-on-metal-abs-uhf-rfid-tag","10":"first","11":"instock","12":"shipping-taxable","13":"product-type-simple","14":"entry","15":"content-bg","16":"loop-entry"},"_links":{"self":[{"href":"https:\/\/rfid-laundry-tag.com\/fi\/wp-json\/wp\/v2\/product\/310","targetHints":{"allow":["GET"]}}],"collection":[{"href":"https:\/\/rfid-laundry-tag.com\/fi\/wp-json\/wp\/v2\/product"}],"about":[{"href":"https:\/\/rfid-laundry-tag.com\/fi\/wp-json\/wp\/v2\/types\/product"}],"version-history":[{"count":0,"href":"https:\/\/rfid-laundry-tag.com\/fi\/wp-json\/wp\/v2\/product\/310\/revisions"}],"wp:featuredmedia":[{"embeddable":true,"href":"https:\/\/rfid-laundry-tag.com\/fi\/wp-json\/wp\/v2\/media\/311"}],"wp:attachment":[{"href":"https:\/\/rfid-laundry-tag.com\/fi\/wp-json\/wp\/v2\/media?parent=310"}],"wp:term":[{"taxonomy":"product_brand","embeddable":true,"href":"https:\/\/rfid-laundry-tag.com\/fi\/wp-json\/wp\/v2\/product_brand?post=310"},{"taxonomy":"product_cat","embeddable":true,"href":"https:\/\/rfid-laundry-tag.com\/fi\/wp-json\/wp\/v2\/product_cat?post=310"},{"taxonomy":"product_tag","embeddable":true,"href":"https:\/\/rfid-laundry-tag.com\/fi\/wp-json\/wp\/v2\/product_tag?post=310"}],"curies":[{"name":"wp","href":"https:\/\/api.w.org\/{rel}","templated":true}]}}