{"id":3084,"date":"2025-12-18T10:22:25","date_gmt":"2025-12-18T10:22:25","guid":{"rendered":"https:\/\/rfid-laundry-tag.com\/?post_type=product&#038;p=3084"},"modified":"2025-12-18T10:22:26","modified_gmt":"2025-12-18T10:22:26","slug":"washable-rfid-tags-for-laundry-uniform","status":"publish","type":"product","link":"https:\/\/rfid-laundry-tag.com\/fi\/washable-rfid-tags-for-laundry-uniform\/","title":{"rendered":"Pest\u00e4v\u00e4t RFID-tunnisteet pyykkivaatteille"},"content":{"rendered":"<h2>Pest\u00e4v\u00e4t RFID-tunnisteet pyykkivaatteille<\/h2>\n<div class=\"auto-hide-last-sibling-br paragraph_1252f paragraph-element\">\n<div class=\"auto-hide-last-sibling-br paragraph_1252f paragraph-element\">Vaatteet <a href=\"https:\/\/rfid-laundry-tag.com\/fi\/uhf-rfid-laundry-tags\/\">Pest\u00e4v\u00e4 RFID-tunniste<\/a> on monipuolinen vaihtoehto perinteisille RFID-pyykkitunnisteille, ja se on erityisesti suunniteltu kest\u00e4m\u00e4\u00e4n yli 50 pesukertaa RFID-suorituskyvyn heikkenemisen ollessa vain minimaalinen (10% - 15%). T\u00e4m\u00e4 vedenpit\u00e4v\u00e4 RFID-tunniste on ihanteellinen kustannustehokas ratkaisu vaatteiden, jalkineiden ja lakanoiden vuokraukseen ja v\u00e4hitt\u00e4ismyyntiin.<\/div>\n<div><\/div>\n<div class=\"auto-hide-last-sibling-br paragraph_1252f paragraph-element\">Ainutlaatuisen rakenteen ja RFID-sirun suojamekanismin ansiosta t\u00e4m\u00e4 tunniste kest\u00e4\u00e4 yli 50 kotitalouden pesujaksoa. Se voidaan ty\u00f6nt\u00e4\u00e4 huomaamattomasti saumaan tai sujauttaa hoitotarraan, jolloin se on k\u00e4yt\u00e4nn\u00f6ss\u00e4 huomaamaton.<\/div>\n<p>&nbsp;<\/p>\n<div class=\"auto-hide-last-sibling-br paragraph_1252f paragraph-element\">T\u00e4m\u00e4n UHF RFID -tunnisteen erottaa muista pest\u00e4v\u00e4st\u00e4 pellavatunnisteesta sen ohut 0,55 mm l\u00e4pin\u00e4kyv\u00e4 muotoilu, mik\u00e4 tekee siit\u00e4 markkinoiden ohuimman. Kaiken kaikkiaan t\u00e4m\u00e4 on innovatiivinen UHF RFID -ratkaisu vaatteille, joka tarjoaa kustannustehokkuutta, kest\u00e4vyytt\u00e4 ja harkintaa.<\/div>\n<div><\/div>\n<div data-spm-anchor-id=\"a2700.details.0.i57.23b419c7xXORP0\"><span data-spm-anchor-id=\"a2700.details.0.i75.23b419c7xXORP0\"><b>Ominaisuus:<\/b><br \/>\n1) UHF-tekniikka satojen tunnisteiden lukemiseen samanaikaisesti.<br \/>\n2) Yli 8 jalkaa lukuet\u00e4isyys.<br \/>\n3) Uusi mekaaninen muotoilu parantaa litteiden liinavaatteiden suorituskyky\u00e4.<br \/>\n4) Soveltuu korkeapaineimureille 60 bar asti.<br \/>\n5) Soveltuu autoklaavisterilointiin.<br \/>\n6) Pieni, pehme\u00e4, joustava materiaali sopii erinomaisesti tekstiileille, liinavaatteille, vaatteille ja tarvikkeille.<\/span><\/div>\n<div data-spm-anchor-id=\"a2700.details.0.i57.23b419c7xXORP0\">7) L\u00e4mmitysraudan liimatyyppi, ommeltu tyyppi, reik\u00e4 jne.<\/div>\n<\/div>\n<div data-spm-anchor-id=\"a2700.details.0.i57.23b419c7xXORP0\">\n<figure id=\"attachment_3030\" aria-describedby=\"caption-attachment-3030\" style=\"width: 790px\" class=\"wp-caption alignnone\"><a href=\"https:\/\/rfid-laundry-tag.com\/fi\/uhf-rfid-laundry-tags\/\"><img fetchpriority=\"high\" decoding=\"async\" class=\"size-full wp-image-3030\" src=\"https:\/\/rfid-laundry-tag.com\/wp-content\/uploads\/2025\/12\/RFID-Laundry-Tag-Installation-Guide.png\" alt=\"RFID Laundry Tag Installation Guide\" width=\"790\" height=\"777\" srcset=\"https:\/\/rfid-laundry-tag.com\/wp-content\/uploads\/2025\/12\/RFID-Laundry-Tag-Installation-Guide.png 790w, https:\/\/rfid-laundry-tag.com\/wp-content\/uploads\/2025\/12\/RFID-Laundry-Tag-Installation-Guide-300x295.png 300w, https:\/\/rfid-laundry-tag.com\/wp-content\/uploads\/2025\/12\/RFID-Laundry-Tag-Installation-Guide-768x755.png 768w, https:\/\/rfid-laundry-tag.com\/wp-content\/uploads\/2025\/12\/RFID-Laundry-Tag-Installation-Guide-12x12.png 12w, https:\/\/rfid-laundry-tag.com\/wp-content\/uploads\/2025\/12\/RFID-Laundry-Tag-Installation-Guide-600x590.png 600w\" sizes=\"(max-width: 790px) 100vw, 790px\" \/><\/a><figcaption id=\"caption-attachment-3030\" class=\"wp-caption-text\">RFID-pyykkitunnisteen asennusopas<\/figcaption><\/figure>\n<\/div>\n<div data-spm-anchor-id=\"a2700.details.0.i57.23b419c7xXORP0\">\n<div class=\"text-content\" data-spm-anchor-id=\"a2700.details.0.i54.23b419c7xXORP0\">\n<h2>Fyysinen:<\/h2>\n<div>Materiaali: 100% polyesteri<br \/>\nKoko: 70 mm \u00d7 15 mm x 1,5 mm<br \/>\nSiru: UHF<br \/>\nTarran asennustapa: Saumaus, Silitys<br \/>\nProtokolla: ISO18ooo-6C EPC C1G2<br \/>\nSilitys: 15 sekuntia, 210 \u2103<br \/>\nValotus: 2,5 bar<br \/>\nKuivaus: 15 minuuttia 180 \u00b0C:ssa<br \/>\nPesu: 15 minuuttia 90 asteessa<br \/>\nPesujaksot: 200+ jaksoa tai 3 vuotta<br \/>\nS\u00e4ilytysolosuhteet: -20-80 \u2103, 5-95% RH<\/div>\n<\/div>\n<\/div>\n<div>\n<figure id=\"attachment_2943\" aria-describedby=\"caption-attachment-2943\" style=\"width: 800px\" class=\"wp-caption alignnone\"><a href=\"https:\/\/rfid-laundry-tag.com\/fi\/uhf-rfid-laundry-tags\/\"><img decoding=\"async\" class=\"size-full wp-image-2943\" src=\"https:\/\/rfid-laundry-tag.com\/wp-content\/uploads\/2025\/10\/1-1.jpg\" alt=\"Textile UHF RFID Tags Labels\" width=\"800\" height=\"800\" srcset=\"https:\/\/rfid-laundry-tag.com\/wp-content\/uploads\/2025\/10\/1-1.jpg 800w, https:\/\/rfid-laundry-tag.com\/wp-content\/uploads\/2025\/10\/1-1-300x300.jpg 300w, https:\/\/rfid-laundry-tag.com\/wp-content\/uploads\/2025\/10\/1-1-150x150.jpg 150w, https:\/\/rfid-laundry-tag.com\/wp-content\/uploads\/2025\/10\/1-1-768x768.jpg 768w, https:\/\/rfid-laundry-tag.com\/wp-content\/uploads\/2025\/10\/1-1-12x12.jpg 12w, https:\/\/rfid-laundry-tag.com\/wp-content\/uploads\/2025\/10\/1-1-600x600.jpg 600w, https:\/\/rfid-laundry-tag.com\/wp-content\/uploads\/2025\/10\/1-1-100x100.jpg 100w\" sizes=\"(max-width: 800px) 100vw, 800px\" \/><\/a><figcaption id=\"caption-attachment-2943\" class=\"wp-caption-text\">Tekstiili UHF RFID-tunnisteet<\/figcaption><\/figure>\n<\/div>\n<div>\n<h2>Pest\u00e4vien RFID-tunnisteiden edut pyykkivaatteissa<\/h2>\n<p>Pest\u00e4vien RFID-pyykkitunnisteiden valitseminen tarkoittaa investoimista ratkaisuun, joka yksinkertaistaa pyykinpesun hallintaa. N\u00e4m\u00e4 erikoistunnisteet on suunniteltu kest\u00e4m\u00e4\u00e4n teollisia pyykinpesuprosesseja tinkim\u00e4tt\u00e4 suorituskyvyst\u00e4. Niiden t\u00e4rkeimpi\u00e4 etuja ovat:<\/p>\n<ol>\n<li><strong>Parannettu seuranta<\/strong>RFID-teknologia mahdollistaa jokaisen pyykkikappaleen reaaliaikaisen seurannan, mik\u00e4 varmistaa tarkan varastonhallinnan ja v\u00e4hent\u00e4\u00e4 h\u00e4vikki\u00e4.<\/li>\n<li><strong>Kest\u00e4vyys<\/strong>N\u00e4m\u00e4 kest\u00e4v\u00e4t RFID-tunnisteet on suunniteltu kest\u00e4m\u00e4\u00e4n korkeita l\u00e4mp\u00f6tiloja ja ankaria pesuolosuhteita, ja ne takaavat pitk\u00e4n k\u00e4ytt\u00f6i\u00e4n, mik\u00e4 tekee niist\u00e4 kustannustehokkaan vaihtoehdon.<\/li>\n<li><strong>Parempi tehokkuus<\/strong>Pesulapalveluiden ty\u00f6nkulkujen automatisointi v\u00e4hent\u00e4\u00e4 manuaalisia virheit\u00e4 ja nopeuttaa sis\u00e4\u00e4n- ja uloskirjautumisprosesseja, mik\u00e4 parantaa pyykkilaitosten kokonaistehokkuutta.<\/li>\n<\/ol>\n<p>Ymm\u00e4rt\u00e4m\u00e4ll\u00e4 pest\u00e4vien RFID-tunnisteiden edut ja ominaisuudet kokonaisvaltaisesti voit tehd\u00e4 tietoon perustuvan p\u00e4\u00e4t\u00f6ksen pyykinpesutarpeistasi.<\/p>\n<h3>Mit\u00e4 ovat pest\u00e4v\u00e4t RFID-tunnisteet?<\/h3>\n<p>Pest\u00e4v\u00e4t RFID-tunnisteet ovat erikoistyyppisi\u00e4\u00a0<strong>RFID-tunniste<\/strong>\u00a0suunniteltu erityisesti pyykinpesuk\u00e4ytt\u00f6\u00f6n. N\u00e4m\u00e4 tunnisteet k\u00e4ytt\u00e4v\u00e4t\u00a0<strong>tehokas RFID-teknologia<\/strong>\u00a0mahdollistamaan tekstiilituotteiden tarkan seurannan ja hallinnan koko niiden elinkaaren ajan. Kest\u00e4vist\u00e4 materiaaleista valmistetut pest\u00e4v\u00e4t RFID-tunnisteet kest\u00e4v\u00e4t teollisen pyykinpesun rasitukset, mukaan lukien altistumisen korkeille l\u00e4mp\u00f6tiloille ja toistuville pesukerroille.<\/p>\n<h3>RFID-tunnisteiden k\u00e4yt\u00f6n edut pyykinhallinnassa<\/h3>\n<p>Integrointi\u00a0<strong>RFID-tekniikkaa<\/strong>\u00a0pyykinpesuprosesseihin sis\u00e4llytt\u00e4minen tarjoaa merkitt\u00e4vi\u00e4 etuja. N\u00e4m\u00e4 tunnisteet eiv\u00e4t ainoastaan paranna pyykkituotteiden seurannan tarkkuutta, vaan my\u00f6s mahdollistavat laitosten automatisoida varastonhallinnan, mik\u00e4 v\u00e4hent\u00e4\u00e4 ty\u00f6voimakustannuksia ja minimoi inhimillisi\u00e4 virheit\u00e4. Lis\u00e4ksi,\u00a0<strong>pyykin RFID<\/strong>\u00a0j\u00e4rjestelm\u00e4t mahdollistavat saumattoman integroinnin olemassa oleviin hallintaohjelmistoihin ja tarjoavat analytiikkaa, joka auttaa parantamaan toiminnan tehokkuutta.<\/p>\n<h3>Pest\u00e4vien RFID-tunnisteiden k\u00e4ytt\u00f6<\/h3>\n<p>Pest\u00e4vien RFID-tunnisteiden k\u00e4ytt\u00f6 on yksinkertaista. Jokainen tunniste voidaan ommella\u00a0<strong>vaatteet<\/strong>\u00a0tai liinavaatteita, jotka tarjoavat selke\u00e4t tunnisteet, jotka voidaan helposti skannata\u00a0<strong>RFID-lukijat<\/strong>. Optimaalisen suorituskyvyn saavuttamiseksi on eritt\u00e4in t\u00e4rke\u00e4\u00e4 varmistaa, ett\u00e4 tunnisteet on sijoitettu oikein tuotteisiin ja ett\u00e4 ne ovat yhteensopivia\u00a0<strong>RFID-pesulaj\u00e4rjestelm\u00e4<\/strong>\u00a0k\u00e4yt\u00f6ss\u00e4. RFID-tunnistettujen tuotteiden s\u00e4\u00e4nn\u00f6lliset tarkastukset auttavat yll\u00e4pit\u00e4m\u00e4\u00e4n tarkkaa varastokirjanpitoa.<\/p>\n<h3>Asiakkaiden arvostelut<\/h3>\n<p>Asiakaspalaute korostaa pest\u00e4vien RFID-tunnisteidemme mullistavaa vaikutusta. Monet k\u00e4ytt\u00e4j\u00e4t raportoivat merkitt\u00e4vist\u00e4 parannuksista varastonhallinnassa ja kadonneiden esineiden v\u00e4henemisest\u00e4. Tyytyv\u00e4isen asiakkaan edustava lainaus toteaa: \u201cK\u00e4ytt\u00f6\u00f6notto\u00a0<strong>RFID-tunnisteet<\/strong>\u00a0pesulatoimintojemme osalta on virtaviivaistanut prosessejamme huomattavasti ja parantanut kokonaistuottavuuttamme.\u201d<\/p>\n<\/div>\n<h3 class=\"wp-block-heading\">Asennus<\/h3>\n<p><strong>Ommelmerkint\u00e4<\/strong>: Ommellaan tekstiilin helmaan. Ompele pyykkilappu pois taittoviivoista.<br \/>\n<strong>Kuumasaumaus<\/strong>: Kuumasaumattava suoraan tekstiilin p\u00e4\u00e4lle +200\u00b0C:ssa (392\u00b0F), 12-14 s.<br \/>\n<strong>Pussissa<\/strong>: Ommeltava kuten tavallinen hoitotarra. Ompele pyykkilappu pois taittoviivoista.<\/p>\n<figure id=\"attachment_3036\" aria-describedby=\"caption-attachment-3036\" style=\"width: 1024px\" class=\"wp-caption alignnone\"><a href=\"https:\/\/rfid-laundry-tag.com\/fi\/uhf-rfid-laundry-tags\/\"><img decoding=\"async\" class=\"size-large wp-image-3036\" src=\"https:\/\/rfid-laundry-tag.com\/wp-content\/uploads\/2025\/12\/RFID-Laundry-Tag-Installation-Guide-03--1024x590.png\" alt=\"How to Sew RFID Laundry Tags into Linens and Garments\" width=\"1024\" height=\"590\" srcset=\"https:\/\/rfid-laundry-tag.com\/wp-content\/uploads\/2025\/12\/RFID-Laundry-Tag-Installation-Guide-03--1024x590.png 1024w, https:\/\/rfid-laundry-tag.com\/wp-content\/uploads\/2025\/12\/RFID-Laundry-Tag-Installation-Guide-03--300x173.png 300w, https:\/\/rfid-laundry-tag.com\/wp-content\/uploads\/2025\/12\/RFID-Laundry-Tag-Installation-Guide-03--768x442.png 768w, https:\/\/rfid-laundry-tag.com\/wp-content\/uploads\/2025\/12\/RFID-Laundry-Tag-Installation-Guide-03--18x10.png 18w, https:\/\/rfid-laundry-tag.com\/wp-content\/uploads\/2025\/12\/RFID-Laundry-Tag-Installation-Guide-03--600x345.png 600w, https:\/\/rfid-laundry-tag.com\/wp-content\/uploads\/2025\/12\/RFID-Laundry-Tag-Installation-Guide-03-.png 1148w\" sizes=\"(max-width: 1024px) 100vw, 1024px\" \/><\/a><figcaption id=\"caption-attachment-3036\" class=\"wp-caption-text\">Kuinka ommella RFID-pyykkitunnisteita liinavaatteisiin ja vaatteisiin<\/figcaption><\/figure>\n<div class=\"auto-hide-last-sibling-br paragraph_1252f paragraph-element\"><strong>Pest\u00e4v\u00e4t RFID-tunnisteet<\/strong>\u00a0ovat olennainen osa useilla toimialoilla, jotka tarjoavat tehokkaan omaisuuden seurannan, varastonhallinnan ja parantavat yleist\u00e4 toiminnan tuottavuutta. T\u00e4ss\u00e4 on joitain sen sovelluksia eri aloilla:<\/div>\n<ol class=\"auto-hide-last-sibling-br\">\n<li>\n<div class=\"auto-hide-last-sibling-br paragraph_1252f paragraph-element\"><strong>Terveydenhuolto<\/strong>: Sairaalat ja muut l\u00e4\u00e4ketieteelliset laitokset k\u00e4ytt\u00e4v\u00e4t RFID-liinavaatteita hallitakseen valtavia lakanoiden, pyyhkeiden, pensaiden, univormujen ja kirurgisten liinavaatteiden varastoja. T\u00e4m\u00e4 auttaa v\u00e4hent\u00e4m\u00e4\u00e4n h\u00e4vikki\u00e4, hallitsemaan pesujaksoja ja varmistamaan, ett\u00e4 puhtaat, tuoreet liinavaatteet ovat aina saatavilla tarpeen mukaan.<\/div>\n<\/li>\n<li>\n<div class=\"auto-hide-last-sibling-br paragraph_1252f paragraph-element\"><strong>Hotellit<\/strong>: Liinavaatteiden hallinta on valtava teht\u00e4v\u00e4 hotellialalla, jossa liikkeess\u00e4 on tuhansia esineit\u00e4 vuodevaatteista pyyhkeisiin verhoihin ja kylpytakkeihin. RFID-liinavaatteet yksinkertaistavat seurantaa, varmistavat oikea-aikaisen puhdistuksen ja vaihdon sek\u00e4 auttavat havaitsemaan ja ehk\u00e4isem\u00e4\u00e4n varkauksia.<\/div>\n<\/li>\n<li>\n<div class=\"auto-hide-last-sibling-br paragraph_1252f paragraph-element\"><strong>Ravintolat<\/strong>Elintarviketeollisuudessa RFID-tunnisteet voivat seurata ty\u00f6asujen, p\u00f6yt\u00e4liinojen, lautasliinojen ja kokin esiliinojen k\u00e4ytt\u00f6\u00e4 ja puhdistusta. T\u00e4m\u00e4 voi parantaa puhtausstandardeja ja auttaa yll\u00e4pit\u00e4m\u00e4\u00e4n siisti\u00e4 ja ammattimaista ulkon\u00e4k\u00f6\u00e4.<\/div>\n<\/li>\n<li>\n<div class=\"auto-hide-last-sibling-br paragraph_1252f paragraph-element\"><strong>Muotivaateteollisuus<\/strong>: RFID-tunnisteilla on valtava rooli tuotteiden seurannassa koko toimitusketjussa tuotannosta v\u00e4hitt\u00e4ismyyntiin. Ne voivat tarjota arvokasta tietoa, kuten alkuper\u00e4\u00e4, matkahistoriaa ja jopa yksityiskohtia kankaasta ja hoito-ohjeista.<\/div>\n<\/li>\n<li>\n<div class=\"auto-hide-last-sibling-br paragraph_1252f paragraph-element\"><strong>Ty\u00f6vaatteet\/paloa hidastavat vaatteet<\/strong>: Yritykset voivat k\u00e4ytt\u00e4\u00e4 RFID-tunnisteita erikoisvaatteiden seurantaan ja hallintaan. T\u00e4h\u00e4n voi kuulua sen varmistaminen, ett\u00e4 palonestoaineet tai muut suojavaatteet tarkastetaan s\u00e4\u00e4nn\u00f6llisesti, puhdistetaan asianmukaisesti ja vaihdetaan tarvittaessa.<\/div>\n<\/li>\n<li>\n<div class=\"auto-hide-last-sibling-br paragraph_1252f paragraph-element\"><strong>Jalkineet ja naamarit<\/strong>: Erityisen t\u00e4rke\u00e4\u00e4 terveydenhuollon ja rakentamisen kaltaisilla aloilla, joilla turvallisuus on kriittist\u00e4, k\u00e4yt\u00f6n seurantaa, puhdistusta ja huoltoa, kuten maskeja ja turvajalkineita, voidaan yksinkertaistaa k\u00e4ytt\u00e4m\u00e4ll\u00e4 RFID-tunnisteita.<\/div>\n<\/li>\n<li>\n<div class=\"auto-hide-last-sibling-br paragraph_1252f paragraph-element\"><strong>Matot ja mopit<\/strong>: Yrityksille, jotka tarjoavat siivouspalveluita tai hallinnoivat suuria tiloja, mattojen ja moppien RFID-tunnisteet voivat auttaa seuraamaan k\u00e4ytt\u00f6\u00e4 ja huoltoa ja varmistamaan aina puhtaat ja tehokkaat ty\u00f6kalut.<\/div>\n<\/li>\n<\/ol>\n<h3>Usein kysyttyj\u00e4 kysymyksi\u00e4 pest\u00e4vist\u00e4 RFID-tunnisteista<\/h3>\n<p><strong>K: Ovatko RFID-tunnisteet vedenpit\u00e4vi\u00e4?<\/strong><br \/>\nV: Kyll\u00e4, RFID-pyykkitunnisteemme on suunniteltu vedenpit\u00e4viksi, mik\u00e4 varmistaa kest\u00e4vyyden m\u00e4riss\u00e4 olosuhteissa.<\/p>\n<p><strong>K: Kuinka monta pesukertaa n\u00e4m\u00e4 laput kest\u00e4v\u00e4t?<\/strong><br \/>\nA: Pest\u00e4v\u00e4t RFID-tunnisteemme kest\u00e4v\u00e4t tyypillisesti jopa\u00a0<strong>200 pesukertaa<\/strong>\u00a0s\u00e4ilytt\u00e4en samalla niiden seurantatoiminnon.<\/p>\n<p><strong>K: Voinko mukauttaa tunnisteita omiin tarpeisiini?<\/strong><br \/>\nA: Ehdottomasti! Tarjoamme\u00a0<strong>r\u00e4\u00e4t\u00e4l\u00f6ityj\u00e4 RFID-ratkaisuja<\/strong>\u00a0r\u00e4\u00e4t\u00e4l\u00f6ityn\u00e4 juuri sinun pyykinpesutarpeisiisi.<\/p>","protected":false},"excerpt":{"rendered":"<p><strong>Pest\u00e4v\u00e4t RFID-tunnisteet<\/strong>, joita usein kutsutaan RFID-pellavatunnisteiksi, on valmistettu pehme\u00e4st\u00e4 mutta kest\u00e4v\u00e4st\u00e4 kumista. N\u00e4m\u00e4 ovat vaatetunnisteita, jotka on suunniteltu joustaviksi ja kest\u00e4viksi, kest\u00e4m\u00e4\u00e4n jopa 200 pesukertaa ja jopa 60 baarin paineen. UHF RFID -pyykkitunnisteemme ovat erinomaisia massaluennassa, ja ne havaitaan tehokkaasti useiden metrien et\u00e4isyydelt\u00e4. Niit\u00e4 on saatavana eri mitoissa, joiden pituus on 1,5\u20133 tuumaa ja leveys 0,5\u20131 tuumaa. N\u00e4it\u00e4 pest\u00e4vi\u00e4 RFID-tunnisteita k\u00e4ytet\u00e4\u00e4n yleisesti l\u00e4\u00e4ketieteen alalla, ja ne kiinnitet\u00e4\u00e4n usein l\u00e4\u00e4k\u00e4reiden ja sairaanhoitajien k\u00e4ytt\u00e4miin ty\u00f6vaatteisiin sek\u00e4 muihin ammatillisiin univormuihin, pukuihin ja vuokrattaviin tuotteisiin, kuten mattoihin.<\/p>","protected":false},"featured_media":3085,"template":"","meta":{"_kad_post_transparent":"default","_kad_post_title":"","_kad_post_layout":"default","_kad_post_sidebar_id":"","_kad_post_content_style":"default","_kad_post_vertical_padding":"default","_kad_post_feature":"","_kad_post_feature_position":"","_kad_post_header":false,"_kad_post_footer":false,"_kad_post_classname":""},"product_brand":[],"product_cat":[16],"product_tag":[24,375,342,339,65,368,30,374,373],"class_list":{"0":"post-3084","1":"product","2":"type-product","3":"status-publish","4":"has-post-thumbnail","6":"product_cat-uhf-rfid-laundry-tags","7":"product_tag-laundry-rfid-tags","8":"product_tag-rfid-laundry-tag-7015mm","9":"product_tag-rfid-laundry-tags","10":"product_tag-rfid-washable-tags","11":"product_tag-textile-rfid-laundry-tags","12":"product_tag-textile-uhf-rfid-tags-labels","13":"product_tag-uhf-rfid-laundry-tag","14":"product_tag-washable-uhf-rfid-labels","15":"product_tag-washable-uhf-rfid-laundry-textile-labels","17":"first","18":"instock","19":"featured","20":"shipping-taxable","21":"product-type-simple","22":"entry","23":"content-bg","24":"loop-entry"},"_links":{"self":[{"href":"https:\/\/rfid-laundry-tag.com\/fi\/wp-json\/wp\/v2\/product\/3084","targetHints":{"allow":["GET"]}}],"collection":[{"href":"https:\/\/rfid-laundry-tag.com\/fi\/wp-json\/wp\/v2\/product"}],"about":[{"href":"https:\/\/rfid-laundry-tag.com\/fi\/wp-json\/wp\/v2\/types\/product"}],"version-history":[{"count":1,"href":"https:\/\/rfid-laundry-tag.com\/fi\/wp-json\/wp\/v2\/product\/3084\/revisions"}],"predecessor-version":[{"id":3087,"href":"https:\/\/rfid-laundry-tag.com\/fi\/wp-json\/wp\/v2\/product\/3084\/revisions\/3087"}],"wp:featuredmedia":[{"embeddable":true,"href":"https:\/\/rfid-laundry-tag.com\/fi\/wp-json\/wp\/v2\/media\/3085"}],"wp:attachment":[{"href":"https:\/\/rfid-laundry-tag.com\/fi\/wp-json\/wp\/v2\/media?parent=3084"}],"wp:term":[{"taxonomy":"product_brand","embeddable":true,"href":"https:\/\/rfid-laundry-tag.com\/fi\/wp-json\/wp\/v2\/product_brand?post=3084"},{"taxonomy":"product_cat","embeddable":true,"href":"https:\/\/rfid-laundry-tag.com\/fi\/wp-json\/wp\/v2\/product_cat?post=3084"},{"taxonomy":"product_tag","embeddable":true,"href":"https:\/\/rfid-laundry-tag.com\/fi\/wp-json\/wp\/v2\/product_tag?post=3084"}],"curies":[{"name":"wp","href":"https:\/\/api.w.org\/{rel}","templated":true}]}}