{"id":3079,"date":"2025-12-18T10:10:20","date_gmt":"2025-12-18T10:10:20","guid":{"rendered":"https:\/\/rfid-laundry-tag.com\/?post_type=product&#038;p=3079"},"modified":"2026-01-04T13:08:46","modified_gmt":"2026-01-04T13:08:46","slug":"rfid-laundry-tag-7015mm","status":"publish","type":"product","link":"https:\/\/rfid-laundry-tag.com\/fi\/rfid-laundry-tag-7015mm\/","title":{"rendered":"RFID-pyykkitunniste - 70 * 15 mm"},"content":{"rendered":"<h2>RFID-pyykkitunniste - 70 * 15 mm<\/h2>\n<p><b>K\u00e4ytt\u00e4\u00e4<a href=\"https:\/\/rfid-laundry-tag.com\/fi\/textile-rfid-laundry-tag\/\">\u00a0RFID-pesutunnisteet<\/a>\u00a0edut:<\/b><br \/>\n1) V\u00e4henn\u00e4 ty\u00f6voimakustannuksia yhdess\u00e4 k\u00e4dess\u00e4 pidett\u00e4v\u00e4n UHF-lukijan kanssa, joka tiet\u00e4\u00e4 m\u00e4\u00e4r\u00e4n.<br \/>\n2) Lajittele vaatteet eri hotelleista tai yrityksist\u00e4.<br \/>\n3) Data-analyysi, kun tiedot on ker\u00e4tty, voit tiet\u00e4\u00e4 enemm\u00e4n, esimerkiksi:<br \/>\n* Mik\u00e4 tekstiililaatu on parempi, voit valita kyseisen yrityksen s\u00e4\u00e4st\u00e4\u00e4ksesi enemm\u00e4n kustannuksia tulevia tilauksia varten.<br \/>\n* Mink\u00e4 hotellin tai yrityksen tekstiilit vaurioituvat helpommin jne.<\/p>\n<div class=\"entry-content-asset videofit\"><iframe title=\"Miksi RFID:t\u00e4 k\u00e4ytet\u00e4\u00e4n tekstiilipesulassa?\" src=\"https:\/\/www.youtube.com\/embed\/X_P3EuhS_hE?feature=oembed\" width=\"720\" height=\"405\" frameborder=\"0\" allowfullscreen=\"allowfullscreen\" data-mce-fragment=\"1\"><\/iframe><\/div>\n<div class=\"table-with-header rounded-lg border border-solid border-grey-line2-normal w-fit max-w-full mb-2\">\n<div class=\"overflow-x-auto custom-scrollbar custom-scrollbar-float max-w-full\">\n<table class=\"w-fit !mb-0 !max-w-none\">\n<thead>\n<tr>\n<th>Ominaisuus<\/th>\n<th>Erittely<\/th>\n<\/tr>\n<\/thead>\n<tbody>\n<tr>\n<td><strong>Tuotteen nimi<\/strong><\/td>\n<td><strong>RFID-pesutunniste<\/strong><\/td>\n<\/tr>\n<tr>\n<td><strong>RFID-standardi<\/strong><\/td>\n<td>ISO\/IEC 18000-6 TypeC (EPC Gen2)<\/td>\n<\/tr>\n<tr>\n<td><strong>Koko &amp; Paino<\/strong><\/td>\n<td>70 \u00d7 15 mm, 0,6 g<\/td>\n<\/tr>\n<tr>\n<td><strong>Sirun tyyppi<\/strong><\/td>\n<td>NXP U -KOODI 8, NXP U -KOODI 9<\/td>\n<\/tr>\n<tr>\n<td><strong>EPC-muisti<\/strong><\/td>\n<td>128 bitti\u00e4<\/td>\n<\/tr>\n<tr>\n<td><strong>K\u00e4ytt\u00e4j\u00e4n muisti<\/strong><\/td>\n<td>512 bitti\u00e4<\/td>\n<\/tr>\n<tr>\n<td><strong>Lue Range<\/strong><\/td>\n<td>8 m (2 W ERP FCC\/ETSI)<\/td>\n<\/tr>\n<tr>\n<td><strong>Merkint\u00e4<\/strong><\/td>\n<td>Ompelu, kuumaleimausliima<\/td>\n<\/tr>\n<tr>\n<td><strong>Arvioitu k\u00e4ytt\u00f6ik\u00e4<\/strong><\/td>\n<td>200 pesukertaa tai 3 vuotta<\/td>\n<\/tr>\n<tr>\n<td><strong>Pesumenetelm\u00e4<\/strong><\/td>\n<td>Pesula, Kemiallinen pesu<\/td>\n<\/tr>\n<tr>\n<td><strong>Veden poistopaine<\/strong><\/td>\n<td>60 bar<\/td>\n<\/tr>\n<tr>\n<td><strong>Vedenkest\u00e4vyys<\/strong><\/td>\n<td>Vedenkest\u00e4v\u00e4<\/td>\n<\/tr>\n<tr>\n<td><strong>Kemiallinen resistanssi<\/strong><\/td>\n<td>Pesuaine, Huuhteluaine, Valkaisuaine (happi\/kloori), Alkali<\/td>\n<\/tr>\n<tr>\n<td>\u00a0Silitysrauta:<\/td>\n<td>190 \u00baC ~225 \u00baC 10\u201315 sekunnin ajan<\/td>\n<\/tr>\n<\/tbody>\n<\/table>\n<\/div>\n<\/div>\n<h3 class=\"wp-block-heading\">Asennus<\/h3>\n<p><strong>Ommelmerkint\u00e4<\/strong>: Ommellaan tekstiilin helmaan. Ompele pyykkilappu pois taittoviivoista.<br \/>\n<strong>Kuumasaumaus<\/strong>: Kuumasaumattava suoraan tekstiilin p\u00e4\u00e4lle +200\u00b0C:ssa (392\u00b0F), 12-14 s.<br \/>\n<strong>Pussissa<\/strong>: Ommeltava kuten tavallinen hoitotarra. Ompele pyykkilappu pois taittoviivoista.<\/p>\n<p>&nbsp;<\/p>\n<p><strong>Tuotteen esittely:<\/strong><br \/>\n* Yli 200 kertaa teollinen pesu.<br \/>\n*100% Muistin kirjoitustesti\uff1b<br \/>\n*Materiaalin ja suunnittelun luotettavuus on testattu.<br \/>\n*Tuotteen 100% RF -yhteensopivuus on tarkastettu Finland Tagformace -laitteiston toimesta.<br \/>\n* AITOA 200 kertaa teollinen pesu.<br \/>\n* Pehme\u00e4, joustava;<br \/>\n* Kest\u00e4\u00e4 60 ilmakeh\u00e4n paineen.<\/p>\n<figure id=\"attachment_3434\" class=\"wp-caption alignnone\" aria-describedby=\"caption-attachment-3434\">\n<p><figure id=\"attachment_3081\" aria-describedby=\"caption-attachment-3081\" style=\"width: 1000px\" class=\"wp-caption alignnone\"><a href=\"https:\/\/rfid-laundry-tag.com\/fi\/textile-rfid-laundry-tag\/\"><img fetchpriority=\"high\" decoding=\"async\" class=\"size-full wp-image-3081\" src=\"https:\/\/rfid-laundry-tag.com\/wp-content\/uploads\/2025\/12\/UHF-RFID-washable-laundry-tag-08.jpg\" alt=\"RFID Laundry Tag-70*15mm\" width=\"1000\" height=\"1000\" srcset=\"https:\/\/rfid-laundry-tag.com\/wp-content\/uploads\/2025\/12\/UHF-RFID-washable-laundry-tag-08.jpg 1000w, https:\/\/rfid-laundry-tag.com\/wp-content\/uploads\/2025\/12\/UHF-RFID-washable-laundry-tag-08-300x300.jpg 300w, https:\/\/rfid-laundry-tag.com\/wp-content\/uploads\/2025\/12\/UHF-RFID-washable-laundry-tag-08-150x150.jpg 150w, https:\/\/rfid-laundry-tag.com\/wp-content\/uploads\/2025\/12\/UHF-RFID-washable-laundry-tag-08-768x768.jpg 768w, https:\/\/rfid-laundry-tag.com\/wp-content\/uploads\/2025\/12\/UHF-RFID-washable-laundry-tag-08-12x12.jpg 12w, https:\/\/rfid-laundry-tag.com\/wp-content\/uploads\/2025\/12\/UHF-RFID-washable-laundry-tag-08-600x600.jpg 600w, https:\/\/rfid-laundry-tag.com\/wp-content\/uploads\/2025\/12\/UHF-RFID-washable-laundry-tag-08-100x100.jpg 100w\" sizes=\"(max-width: 1000px) 100vw, 1000px\" \/><\/a><figcaption id=\"caption-attachment-3081\" class=\"wp-caption-text\">RFID-pyykkitunniste - 70 * 15 mm<\/figcaption><\/figure><figcaption id=\"caption-attachment-3434\" class=\"wp-caption-text\">\u00a0<\/figcaption><\/figure>\n<p><strong>Tuotteen k\u00e4ytt\u00f6:<\/strong><br \/>\n* Teollinen pesu;<br \/>\n* Ty\u00f6ntekij\u00f6iden ja koulupukujen hallinta;<br \/>\n* L\u00e4\u00e4ketieteellisten vaatteiden hallinta;<br \/>\n* Henkil\u00f6st\u00f6partioiden hallinta;<br \/>\n* Vaatetehtaiden tuotannonohjaus.<\/p>\n<h2 data-spm-anchor-id=\"a2700.details-description.0.i0.40e8juJgjuJgsa\"><b><span class=\"magic-29\" data-spm-anchor-id=\"a2700.details-description.0.i4.40e8juJgjuJgsa\">T\u00e4rkeimm\u00e4t edut:<\/span><\/b><\/h2>\n<div data-spm-anchor-id=\"a2700.details-description.0.i0.40e8juJgjuJgsa\">\n<div data-spm-anchor-id=\"a2700.details-description.0.i3.40e8juJgjuJgsa\"><span class=\"magic-30\"><span class=\"magic-31\">* Asennettu metalli- ja ei-metallisiin pintoihin, sill\u00e4 on hyv\u00e4 radiotaajuuden suorituskyky, 100% Euroopan tuontimerkinn\u00e4n kautta;<br \/>\nVaatimustenmukaisuuden testausj\u00e4rjestelm\u00e4n testaus * validoinnin ja kansainv\u00e4lisesti tunnettujen asiakkaiden k\u00e4yt\u00f6n j\u00e4lkeen;<\/span><\/span><\/div>\n<\/div>\n<div class=\"auto-hide-last-sibling-br paragraph_1252f paragraph-element\">\n<figure id=\"attachment_3033\" aria-describedby=\"caption-attachment-3033\" style=\"width: 768px\" class=\"wp-caption alignnone\"><a href=\"https:\/\/rfid-laundry-tag.com\/fi\/textile-rfid-laundry-tag\/\"><img decoding=\"async\" class=\"size-large wp-image-3033\" src=\"https:\/\/rfid-laundry-tag.com\/wp-content\/uploads\/2025\/12\/RFID-Laundry-Tag-Installation-Guide-01-768x1024.png\" alt=\"RFID Laundry Tags\" width=\"768\" height=\"1024\" srcset=\"https:\/\/rfid-laundry-tag.com\/wp-content\/uploads\/2025\/12\/RFID-Laundry-Tag-Installation-Guide-01-768x1025.png 768w, https:\/\/rfid-laundry-tag.com\/wp-content\/uploads\/2025\/12\/RFID-Laundry-Tag-Installation-Guide-01-225x300.png 225w, https:\/\/rfid-laundry-tag.com\/wp-content\/uploads\/2025\/12\/RFID-Laundry-Tag-Installation-Guide-01-9x12.png 9w, https:\/\/rfid-laundry-tag.com\/wp-content\/uploads\/2025\/12\/RFID-Laundry-Tag-Installation-Guide-01-600x801.png 600w, https:\/\/rfid-laundry-tag.com\/wp-content\/uploads\/2025\/12\/RFID-Laundry-Tag-Installation-Guide-01.png 790w\" sizes=\"(max-width: 768px) 100vw, 768px\" \/><\/a><figcaption id=\"caption-attachment-3033\" class=\"wp-caption-text\">RFID-pesutunnisteet<\/figcaption><\/figure>\n<\/div>\n<div>\n<div class=\"J_module\">\n<h2 id=\"ali-anchor-AliMagic-0o5zmv\" class=\"magic-0\" data-section=\"AliMagic-0o5zmv\" data-section-title=\"FAQ\" data-spm-anchor-id=\"a2700.details-description.0.i2.40e8juJgjuJgsa\"><strong>Usein kysytyt kysymykset<\/strong><\/h2>\n<div data-section=\"AliMagic-0o5zmv\" data-section-title=\"FAQ\" data-spm-anchor-id=\"a2700.details-description.0.i2.40e8juJgjuJgsa\"><\/div>\n<\/div>\n<div class=\"J_module\">\n<div class=\"detail-decorate-json-renderer-container\">\n<div class=\"magic-17\">\n<div class=\"magic-18\">\n<div class=\"magic-19\">\n<div class=\"magic-20\">\n<div data-spm-anchor-id=\"a2700.details-description.0.i5.40e8juJgjuJgsa\"><b class=\"magic-32\">1. Voitteko tarjota meille muutamia n\u00e4ytteit\u00e4?<\/b><\/div>\n<div data-spm-anchor-id=\"a2700.details-description.0.i5.40e8juJgjuJgsa\">Kun tied\u00e4mme selv\u00e4sti, mit\u00e4 tuotteita tarvitset, voimme tarjota sinulle vastaavia olemassa olevia n\u00e4ytteit\u00e4. N\u00e4yte on ilmainen, ja toimituskulut ovat sinun. Jos tarvitset r\u00e4\u00e4t\u00e4l\u00f6ity\u00e4 tunnisten\u00e4ytett\u00e4 suunnittelusi ja vaatimuksesi perusteella, veloitamme siit\u00e4 kohtuulliset n\u00e4ytteen kustannukset.<\/div>\n<div data-spm-anchor-id=\"a2700.details-description.0.i5.40e8juJgjuJgsa\"><\/div>\n<div data-spm-anchor-id=\"a2700.details-description.0.i5.40e8juJgjuJgsa\"><b class=\"magic-32\">2. Emme ole teknologianne asiantuntijaostaja, mit\u00e4 tietoja tarvitsette meilt\u00e4 tarjouksen antamiseksi?<\/b><\/div>\n<div data-spm-anchor-id=\"a2700.details-description.0.i5.40e8juJgjuJgsa\">Hyv\u00e4 yst\u00e4v\u00e4, kerro meille selke\u00e4sti RFID-tunnisteen sovelluksesta, mit\u00e4 tavoitetta haluat saavuttaa, ehdotamme sinulle sopivaa tuotetta hyv\u00e4\u00e4n hintaan.<\/div>\n<div data-spm-anchor-id=\"a2700.details-description.0.i5.40e8juJgjuJgsa\"><\/div>\n<div data-spm-anchor-id=\"a2700.details-description.0.i5.40e8juJgjuJgsa\"><b class=\"magic-32\">3. Meill\u00e4 on huolenaihe, ett\u00e4 maksoimme, mutta ette l\u00e4hett\u00e4neet meille tavaroita. .<\/b>\u00a0Olemme johtava RFID-tunnisteita valmistava yritys, joka on toiminut rehellisesti kansainv\u00e4lisill\u00e4 markkinoilla jo vuosia. Saamme aina positiivista palautetta maailmanlaajuisilta asiakkailtamme.<\/div>\n<div data-spm-anchor-id=\"a2700.details-description.0.i5.40e8juJgjuJgsa\"><\/div>\n<div data-spm-anchor-id=\"a2700.details-description.0.i5.40e8juJgjuJgsa\"><span class=\"magic-32\"><b><span class=\"magic-30\">4. Voimmeko vierailla tehtaallasi?<\/span><\/b><\/span>\u00a0Kyll\u00e4, l\u00e4mpim\u00e4sti tervetuloa tehdasvierailulle. On kunnia olla oppaasi Kiinan-matkallasi.<\/div>\n<\/div>\n<div data-spm-anchor-id=\"a2700.details-description.0.i5.40e8juJgjuJgsa\">\n<figure id=\"attachment_3036\" aria-describedby=\"caption-attachment-3036\" style=\"width: 1024px\" class=\"wp-caption alignnone\"><a href=\"https:\/\/rfid-laundry-tag.com\/fi\/textile-rfid-laundry-tag\/\"><img decoding=\"async\" class=\"size-large wp-image-3036\" src=\"https:\/\/rfid-laundry-tag.com\/wp-content\/uploads\/2025\/12\/RFID-Laundry-Tag-Installation-Guide-03--1024x590.png\" alt=\"How to Sew RFID Laundry Tags into Linens and Garments\" width=\"1024\" height=\"590\" srcset=\"https:\/\/rfid-laundry-tag.com\/wp-content\/uploads\/2025\/12\/RFID-Laundry-Tag-Installation-Guide-03--1024x590.png 1024w, https:\/\/rfid-laundry-tag.com\/wp-content\/uploads\/2025\/12\/RFID-Laundry-Tag-Installation-Guide-03--300x173.png 300w, https:\/\/rfid-laundry-tag.com\/wp-content\/uploads\/2025\/12\/RFID-Laundry-Tag-Installation-Guide-03--768x442.png 768w, https:\/\/rfid-laundry-tag.com\/wp-content\/uploads\/2025\/12\/RFID-Laundry-Tag-Installation-Guide-03--18x10.png 18w, https:\/\/rfid-laundry-tag.com\/wp-content\/uploads\/2025\/12\/RFID-Laundry-Tag-Installation-Guide-03--600x345.png 600w, https:\/\/rfid-laundry-tag.com\/wp-content\/uploads\/2025\/12\/RFID-Laundry-Tag-Installation-Guide-03-.png 1148w\" sizes=\"(max-width: 1024px) 100vw, 1024px\" \/><\/a><figcaption id=\"caption-attachment-3036\" class=\"wp-caption-text\">Kuinka ommella RFID-pyykkitunnisteita liinavaatteisiin ja vaatteisiin<\/figcaption><\/figure>\n<\/div>\n<\/div>\n<\/div>\n<\/div>\n<\/div>\n<\/div>\n<\/div>","protected":false},"excerpt":{"rendered":"<div class=\"elementor-element elementor-element-4f79c63 e-flex e-con-boxed e-con e-parent e-lazyloaded\" data-id=\"4f79c63\" data-element_type=\"container\" data-settings=\"{&quot;_ha_eqh_enable&quot;:false}\">\n<div class=\"e-con-inner\">\n<div class=\"elementor-element elementor-element-be3873c elementor-widget elementor-widget-woocommerce-product-short-description\" data-id=\"be3873c\" data-element_type=\"widget\" data-widget_type=\"woocommerce-product-short-description.default\">\n<div class=\"elementor-widget-container\">\n<div class=\"woocommerce-product-details__short-description\"><\/div>\n<\/div>\n<\/div>\n<\/div>\n<\/div>\n<div class=\"elementor-element elementor-element-3ad806e e-flex e-con-boxed e-con e-parent e-lazyloaded\" data-id=\"3ad806e\" data-element_type=\"container\" data-settings=\"{&quot;_ha_eqh_enable&quot;:false}\">\n<div class=\"e-con-inner\">\n<div class=\"elementor-element elementor-element-362020f elementor-widget elementor-widget-woocommerce-product-data-tabs\" data-id=\"362020f\" data-element_type=\"widget\" data-widget_type=\"woocommerce-product-data-tabs.default\">\n<div class=\"elementor-widget-container\">\n<div class=\"woocommerce-tabs wc-tabs-wrapper\">\n<h3 class=\"wp-block-heading\">RFID-pyykkitunniste - 70 * 15 mm<\/h3>\n<p>1, koko on 70 * 15 mm<br \/>\n2, Taattu 200 tai 300 pesuohjelmalle steriloinnin, vedenpoiston, l\u00e4mp\u00f6silitysraudan paineen alaisena 60 baarissa, 200 \u00b0C:n l\u00e4mmityksen kautta.<br \/>\n3, Toimitusaika on 1\u20132 p\u00e4iv\u00e4\u00e4<\/p>\n<\/div>\n<\/div>\n<\/div>\n<\/div>\n<\/div>","protected":false},"featured_media":3080,"template":"","meta":{"_kad_post_transparent":"default","_kad_post_title":"","_kad_post_layout":"default","_kad_post_sidebar_id":"","_kad_post_content_style":"default","_kad_post_vertical_padding":"default","_kad_post_feature":"","_kad_post_feature_position":"","_kad_post_header":false,"_kad_post_footer":false,"_kad_post_classname":""},"product_brand":[],"product_cat":[16],"product_tag":[378,24,375,342,339,380,65,368,30,379,374,373],"class_list":{"0":"post-3079","1":"product","2":"type-product","3":"status-publish","4":"has-post-thumbnail","6":"product_cat-uhf-rfid-laundry-tags","7":"product_tag-laundry-management","8":"product_tag-laundry-rfid-tags","9":"product_tag-rfid-laundry-tag-7015mm","10":"product_tag-rfid-laundry-tags","11":"product_tag-rfid-washable-tags","12":"product_tag-smart-textile","13":"product_tag-textile-rfid-laundry-tags","14":"product_tag-textile-uhf-rfid-tags-labels","15":"product_tag-uhf-rfid-laundry-tag","16":"product_tag-uniform-management","17":"product_tag-washable-uhf-rfid-labels","18":"product_tag-washable-uhf-rfid-laundry-textile-labels","20":"first","21":"instock","22":"featured","23":"shipping-taxable","24":"product-type-simple","25":"entry","26":"content-bg","27":"loop-entry"},"_links":{"self":[{"href":"https:\/\/rfid-laundry-tag.com\/fi\/wp-json\/wp\/v2\/product\/3079","targetHints":{"allow":["GET"]}}],"collection":[{"href":"https:\/\/rfid-laundry-tag.com\/fi\/wp-json\/wp\/v2\/product"}],"about":[{"href":"https:\/\/rfid-laundry-tag.com\/fi\/wp-json\/wp\/v2\/types\/product"}],"version-history":[{"count":3,"href":"https:\/\/rfid-laundry-tag.com\/fi\/wp-json\/wp\/v2\/product\/3079\/revisions"}],"predecessor-version":[{"id":3170,"href":"https:\/\/rfid-laundry-tag.com\/fi\/wp-json\/wp\/v2\/product\/3079\/revisions\/3170"}],"wp:featuredmedia":[{"embeddable":true,"href":"https:\/\/rfid-laundry-tag.com\/fi\/wp-json\/wp\/v2\/media\/3080"}],"wp:attachment":[{"href":"https:\/\/rfid-laundry-tag.com\/fi\/wp-json\/wp\/v2\/media?parent=3079"}],"wp:term":[{"taxonomy":"product_brand","embeddable":true,"href":"https:\/\/rfid-laundry-tag.com\/fi\/wp-json\/wp\/v2\/product_brand?post=3079"},{"taxonomy":"product_cat","embeddable":true,"href":"https:\/\/rfid-laundry-tag.com\/fi\/wp-json\/wp\/v2\/product_cat?post=3079"},{"taxonomy":"product_tag","embeddable":true,"href":"https:\/\/rfid-laundry-tag.com\/fi\/wp-json\/wp\/v2\/product_tag?post=3079"}],"curies":[{"name":"wp","href":"https:\/\/api.w.org\/{rel}","templated":true}]}}