{"id":3076,"date":"2025-12-18T09:52:47","date_gmt":"2025-12-18T09:52:47","guid":{"rendered":"https:\/\/rfid-laundry-tag.com\/?post_type=product&#038;p=3076"},"modified":"2026-01-04T13:40:48","modified_gmt":"2026-01-04T13:40:48","slug":"fabric-washable-uhf-rfid-laundry-tags","status":"publish","type":"product","link":"https:\/\/rfid-laundry-tag.com\/fi\/fabric-washable-uhf-rfid-laundry-tags\/","title":{"rendered":"Kangaspest\u00e4v\u00e4t UHF RFID -pyykkitunnisteet"},"content":{"rendered":"<div class=\"auto-hide-last-sibling-br paragraph_1252f paragraph-element\">\n<h2 class=\"auto-hide-last-sibling-br paragraph_1252f paragraph-element\">Kangaspest\u00e4v\u00e4t UHF RFID -pyykkitunnisteet<\/h2>\n<p><a href=\"https:\/\/rfid-laundry-tag.com\/fi\/textile-rfid-laundry-tag\/\">Tekstiili UHF -pyykkitunnisteet\u00a0<\/a>on suunniteltu t\u00e4ytt\u00e4m\u00e4\u00e4n pyykinpesualan seurantatarpeet, erityisesti hotelli- ja sairaalaymp\u00e4rist\u00f6iss\u00e4. Ne on rakennettu kest\u00e4viksi ja sopivat erilaisiin prosesseihin, kuten pesuun, kuivaukseen, kemialliseen pesuun ja silitykseen.<\/p>\n<p>N\u00e4ill\u00e4 tunnisteilla on korkea herkkyys, mink\u00e4 ansiosta useita tunnisteita voidaan lukea samanaikaisesti ja ne toimivat tehokkaasti jopa erilaisten signaalih\u00e4iri\u00f6iden keskell\u00e4.<\/p>\n<div data-spm-anchor-id=\"a2700.details.0.i57.23b419c7xXORP0\"><span data-spm-anchor-id=\"a2700.details.0.i75.23b419c7xXORP0\"><b>Kankaan pest\u00e4vien UHF RFID -pyykkitunnisteiden ominaisuus:<\/b><br \/>\n1) UHF-tekniikka satojen tunnisteiden lukemiseen samanaikaisesti.<br \/>\n2) Yli 8 m ~ 12 m lukuet\u00e4isyys.<br \/>\n3) Voidaan pest\u00e4 200\u2013300 kertaa<\/span><\/div>\n<div data-spm-anchor-id=\"a2700.details.0.i57.23b419c7xXORP0\">\n<div class=\"entry-content-asset videofit\"><iframe title=\"L\u00e4mmitysliima UHF RFID -pyykkitunnisteet tehtaalla, jossa on 12 metrin lukuet\u00e4isyyden testi\" src=\"https:\/\/www.youtube.com\/embed\/cOnG5fgEIs4?feature=oembed\" width=\"720\" height=\"405\" frameborder=\"0\" allowfullscreen=\"allowfullscreen\" data-mce-fragment=\"1\"><\/iframe><\/div>\n<\/div>\n<\/div>\n<div data-spm-anchor-id=\"a2700.details.0.i57.23b419c7xXORP0\"><\/div>\n<div data-spm-anchor-id=\"a2700.details.0.i57.23b419c7xXORP0\">\n<div class=\"text-content\" data-spm-anchor-id=\"a2700.details.0.i54.23b419c7xXORP0\">\n<table>\n<tbody>\n<tr>\n<td width=\"139\">Tuotteen nimi<\/td>\n<td width=\"600\">Kangaspest\u00e4v\u00e4t UHF RFID -pyykkitunnisteet<\/td>\n<\/tr>\n<tr>\n<td width=\"139\">Materiaali<\/td>\n<td width=\"600\">Kangas\/kudottu jne.<\/td>\n<\/tr>\n<tr>\n<td width=\"139\">Sirun malli<\/td>\n<td width=\"600\">UCODE\u00ae 9<\/td>\n<\/tr>\n<tr>\n<td width=\"139\">Muisti<\/td>\n<td width=\"600\">EPC: 96 bitti\u00e4<\/td>\n<\/tr>\n<tr>\n<td width=\"139\">p\u00f6yt\u00e4kirja<\/td>\n<td width=\"600\">EPC C1 G2<\/td>\n<\/tr>\n<tr>\n<td width=\"139\">Koko<\/td>\n<td width=\"600\">70 * 15 mm, 86 * 16 mm; 50 * 20 mm; 72 * 16 mm; 35 * 15 mm jne.<\/td>\n<\/tr>\n<tr>\n<td width=\"139\">V\u00e4ri<\/td>\n<td width=\"600\">Valkoinen<\/td>\n<\/tr>\n<tr>\n<td width=\"139\">Ty\u00f6ajat<\/td>\n<td width=\"600\">Keskim\u00e4\u00e4rin se on 200 kertaa, jotkut voivat olla yli 300 kertaa.<\/td>\n<\/tr>\n<tr>\n<td width=\"139\">K\u00e4ytt\u00f6l\u00e4mp\u00f6tila<\/td>\n<td width=\"600\">-25 \u2103 - +150 \u2103<\/td>\n<\/tr>\n<tr>\n<td width=\"139\">Lue Et\u00e4isyys<\/td>\n<td width=\"600\">3\u201310 miljoonaa<\/td>\n<\/tr>\n<tr>\n<td width=\"139\">Sovellus<\/td>\n<td width=\"600\">Pyykinpesuratkaisu, pesula, teollinen pesu, hotellien kankaiden hallinta, supermarkettien\/kankaiden myym\u00e4l\u00f6iden hallinta jne.<\/td>\n<\/tr>\n<\/tbody>\n<\/table>\n<\/div>\n<\/div>\n<div><\/div>\n<h3 class=\"wp-block-heading\">Kuinka asentaa kankaasta pest\u00e4v\u00e4t UHF RFID -pyykkitunnisteet<\/h3>\n<p><strong>Ommelmerkint\u00e4<\/strong>: Ommellaan tekstiilin helmaan. Ompele pyykkilappu pois taittoviivoista.<br \/>\n<strong>Kuumasaumaus<\/strong>: Kuumasaumattava suoraan tekstiilin p\u00e4\u00e4lle +200\u00b0C:ssa (392\u00b0F), 12-14 s.<br \/>\n<strong>Pussissa<\/strong>: Ommeltava kuten tavallinen hoitotarra. Ompele pyykkilappu pois taittoviivoista.<\/p>\n<p><b>RFID-pyykkitunnisteita voidaan soveltaa laajasti seuraavilla aloilla:<br \/>\n<\/b>1) Seurannan hallinta<br \/>\n2) Tehdas\/varasto\/hotelli\/sairaala\/huvipuisto<br \/>\n3) Sairaalapuvut\/Liinavaatteet\/Lavat\/Kangaslaukut<br \/>\n4) Kemialliset pesulat<br \/>\n5) K\u00e4yt\u00e4 hotellilakanassa \/ Kiinnitettyn\u00e4 tekstiileihin \/ Ty\u00f6vaatteisiin<br \/>\n6) Pesunhakijat<\/p>\n<h2>Mit\u00e4 ovat RFID-pellavaiset sirut?<\/h2>\n<p><a href=\"https:\/\/rfid-laundry-tag.com\/fi\/textile-rfid-laundry-tag\/\">RFID-pellavaiset sirut<\/a> ovat kompakteja ja kest\u00e4vi\u00e4 tunnisteita, joihin on upotettu radiotaajuustunnistukseen (RFID) tarkoitettu mikrosiru ja antenni. Ne on erityisesti suunniteltu tekstiilien, kuten lakanoiden, pyyhkeiden ja univormujen, seurantaan teollisuusymp\u00e4rist\u00f6iss\u00e4. N\u00e4m\u00e4 sirut voidaan l\u00e4mp\u00f6sinet\u00f6id\u00e4 tai ommella kankaisiin, mik\u00e4 mahdollistaa automaattisen tunnistamisen ja seurannan koko niiden elinkaaren ajan. Toisin kuin perinteiset viivakoodit, RFID-sirut eiv\u00e4t vaadi suoraa n\u00e4k\u00f6yhteytt\u00e4 skannaukseen, mik\u00e4 mahdollistaa tehokkaan seurannan my\u00f6s silloin, kun esineet ovat pinossa tai pussissa.<\/p>\n<h2>RFID:n edut tekstiilipesulassa:<\/h2>\n<p>Teollisuuspesuloiden ja vaatevuokraussektorin kasvaessa automaation ja tarkan varastonhallinnan tarve kasvaa. T\u00e4ll\u00e4 hetkell\u00e4 alle 11 000 prosenttia maailmanlaajuisesta pesulateollisuudesta k\u00e4ytt\u00e4\u00e4 RFID-teknologiaa, mutta ne, jotka ovat ottaneet sen k\u00e4ytt\u00f6\u00f6n, raportoivat merkitt\u00e4vist\u00e4 eduista. RFID:t\u00e4 pidet\u00e4\u00e4n v\u00e4ltt\u00e4m\u00e4tt\u00f6m\u00e4n\u00e4 pesulasektorin teknologisille p\u00e4ivityksille, ja sen k\u00e4ytt\u00f6\u00f6noton odotetaan lis\u00e4\u00e4ntyv\u00e4n seuraavien vuosien aikana. RFID-laitteiden ja tekstiilitunnisteiden laskevat kustannukset ja parantunut laatu tarjoavat kilpailuedun, joka edist\u00e4\u00e4 innovaatioita.<\/p>\n<ol>\n<li><strong>Virtaviivainen vaatteiden luokittelu:<\/strong>\u00a0Vaatteisiin kiinnitetyt RFID-tunnisteet mahdollistavat automaattisen lajittelun pesun ja k\u00e4sittelyn aikana, mik\u00e4 v\u00e4hent\u00e4\u00e4 manuaalisen ty\u00f6n tarvetta ja parantaa tehokkuutta.<\/li>\n<li><strong>Tarkat pesuohjelman tiedot:<\/strong>\u00a0Pesuohjelmien seuranta auttaa ennustamaan vaatteiden k\u00e4ytt\u00f6ik\u00e4\u00e4. J\u00e4rjestelm\u00e4 ilmoittaa k\u00e4ytt\u00e4jille, kun tuotteet ovat l\u00e4hestym\u00e4ss\u00e4 k\u00e4ytt\u00f6ik\u00e4ns\u00e4 loppua, mik\u00e4 helpottaa oikea-aikaista uudelleentilaamista ja varastonhallintaa.<\/li>\n<li><strong>Nopea varaston\u00e4kym\u00e4:<\/strong>\u00a0RFID-tunnisteet mahdollistavat nopeat varastotarkastukset, auttavat ehk\u00e4isem\u00e4\u00e4n katoamista tai varkauksia ja varmistavat toiminnan tehokkuuden.<\/li>\n<li><strong>H\u00e4vi\u00f6iden ja varkauksien minimointi:<\/strong>\u00a0Jokaisella RFID-tunnisteella on yksil\u00f6llinen tunniste, joka mahdollistaa kadonneiden tai varastettujen esineiden tarkan seurannan ja voi auttaa kustannusten kattamisessa.<\/li>\n<\/ol>\n<h2>Miten RFID-pellavapyykkisirut toimivat teollisessa pesulassa:<\/h2>\n<ul>\n<li><strong>Merkint\u00e4 ja rekister\u00f6inti:<\/strong>\u00a0Jokainen tuote on varustettu RFID-sirulla, joka on linkitetty sen tiedot sis\u00e4lt\u00e4v\u00e4\u00e4n tietokantaan.<\/li>\n<li><strong>Automaattinen seuranta:<\/strong>\u00a0RFID-lukijat pyykinpesuprosessin keskeisiss\u00e4 vaiheissa tallentavat reaaliaikaista tietoa vaatteiden liikkuessa ker\u00e4yksen, pesun ja jakelun l\u00e4pi.<\/li>\n<li><strong>Lajittelu ja k\u00e4sittely:<\/strong>\u00a0J\u00e4rjestelm\u00e4 automatisoi lajittelun tyypin tai asiakkaan mukaan, mik\u00e4 v\u00e4hent\u00e4\u00e4 ty\u00f6voimakustannuksia.<\/li>\n<li><strong>Varastonhallinta:<\/strong>\u00a0Jatkuvat datap\u00e4ivitykset tarjoavat tietoa varastotasoista ja k\u00e4ytt\u00f6malleista, varmistaen saatavuuden ja est\u00e4en ylivarastoinnin.<\/li>\n<\/ul>\n<p>Kaiken kaikkiaan, <a href=\"https:\/\/rfid-laundry-tag.com\/fi\/rfid-chips-for-uniform-and-linen\/\">RFID-pellavaiset sirut<\/a> optimoi teollisen pesulan toimintoja parannetun seurannan, tehokkuuden ja h\u00e4vikin ehk\u00e4isyn avulla.<\/p>","protected":false},"excerpt":{"rendered":"<div class=\"elementor-element elementor-element-4f79c63 e-flex e-con-boxed e-con e-parent e-lazyloaded\" data-id=\"4f79c63\" data-element_type=\"container\" data-settings=\"{&quot;_ha_eqh_enable&quot;:false}\">\n<div class=\"e-con-inner\">\n<div class=\"elementor-element elementor-element-be3873c elementor-widget elementor-widget-woocommerce-product-short-description\" data-id=\"be3873c\" data-element_type=\"widget\" data-widget_type=\"woocommerce-product-short-description.default\">\n<div class=\"elementor-widget-container\">\n<div class=\"woocommerce-product-details__short-description\"><\/div>\n<\/div>\n<\/div>\n<\/div>\n<\/div>\n<div class=\"elementor-element elementor-element-3ad806e e-flex e-con-boxed e-con e-parent e-lazyloaded\" data-id=\"3ad806e\" data-element_type=\"container\" data-settings=\"{&quot;_ha_eqh_enable&quot;:false}\">\n<div class=\"e-con-inner\">\n<div class=\"elementor-element elementor-element-362020f elementor-widget elementor-widget-woocommerce-product-data-tabs\" data-id=\"362020f\" data-element_type=\"widget\" data-widget_type=\"woocommerce-product-data-tabs.default\">\n<div class=\"elementor-widget-container\">\n<div class=\"woocommerce-tabs wc-tabs-wrapper\"><strong>Kangaspest\u00e4v\u00e4t UHF RFID -pyykkitunnisteet<\/strong> hotelleihin ja sairaaloihin, pest\u00e4v\u00e4 200\u2013300 kertaa, lukee satoja tunnisteita samanaikaisesti 8\u201312 metrin et\u00e4isyydelt\u00e4, ihanteellinen tehokkaaseen seurantaan.<\/div>\n<\/div>\n<\/div>\n<\/div>\n<\/div>","protected":false},"featured_media":3077,"template":"","meta":{"_kad_post_transparent":"default","_kad_post_title":"","_kad_post_layout":"default","_kad_post_sidebar_id":"","_kad_post_content_style":"default","_kad_post_vertical_padding":"default","_kad_post_feature":"","_kad_post_feature_position":"","_kad_post_header":false,"_kad_post_footer":false,"_kad_post_classname":""},"product_brand":[],"product_cat":[19],"product_tag":[381,378,24,342,339,380,65,368,30,379,374,373],"class_list":{"0":"post-3076","1":"product","2":"type-product","3":"status-publish","4":"has-post-thumbnail","6":"product_cat-textile-rfid-laundry-tag","7":"product_tag-industrial-iot","8":"product_tag-laundry-management","9":"product_tag-laundry-rfid-tags","10":"product_tag-rfid-laundry-tags","11":"product_tag-rfid-washable-tags","12":"product_tag-smart-textile","13":"product_tag-textile-rfid-laundry-tags","14":"product_tag-textile-uhf-rfid-tags-labels","15":"product_tag-uhf-rfid-laundry-tag","16":"product_tag-uniform-management","17":"product_tag-washable-uhf-rfid-labels","18":"product_tag-washable-uhf-rfid-laundry-textile-labels","20":"first","21":"instock","22":"featured","23":"shipping-taxable","24":"product-type-simple","25":"entry","26":"content-bg","27":"loop-entry"},"_links":{"self":[{"href":"https:\/\/rfid-laundry-tag.com\/fi\/wp-json\/wp\/v2\/product\/3076","targetHints":{"allow":["GET"]}}],"collection":[{"href":"https:\/\/rfid-laundry-tag.com\/fi\/wp-json\/wp\/v2\/product"}],"about":[{"href":"https:\/\/rfid-laundry-tag.com\/fi\/wp-json\/wp\/v2\/types\/product"}],"version-history":[{"count":3,"href":"https:\/\/rfid-laundry-tag.com\/fi\/wp-json\/wp\/v2\/product\/3076\/revisions"}],"predecessor-version":[{"id":3172,"href":"https:\/\/rfid-laundry-tag.com\/fi\/wp-json\/wp\/v2\/product\/3076\/revisions\/3172"}],"wp:featuredmedia":[{"embeddable":true,"href":"https:\/\/rfid-laundry-tag.com\/fi\/wp-json\/wp\/v2\/media\/3077"}],"wp:attachment":[{"href":"https:\/\/rfid-laundry-tag.com\/fi\/wp-json\/wp\/v2\/media?parent=3076"}],"wp:term":[{"taxonomy":"product_brand","embeddable":true,"href":"https:\/\/rfid-laundry-tag.com\/fi\/wp-json\/wp\/v2\/product_brand?post=3076"},{"taxonomy":"product_cat","embeddable":true,"href":"https:\/\/rfid-laundry-tag.com\/fi\/wp-json\/wp\/v2\/product_cat?post=3076"},{"taxonomy":"product_tag","embeddable":true,"href":"https:\/\/rfid-laundry-tag.com\/fi\/wp-json\/wp\/v2\/product_tag?post=3076"}],"curies":[{"name":"wp","href":"https:\/\/api.w.org\/{rel}","templated":true}]}}