{"id":3074,"date":"2025-12-18T09:36:02","date_gmt":"2025-12-18T09:36:02","guid":{"rendered":"https:\/\/rfid-laundry-tag.com\/?post_type=product&#038;p=3074"},"modified":"2025-12-18T09:36:03","modified_gmt":"2025-12-18T09:36:03","slug":"washable-uhf-rfid-laundry-textile-labels","status":"publish","type":"product","link":"https:\/\/rfid-laundry-tag.com\/fi\/washable-uhf-rfid-laundry-textile-labels\/","title":{"rendered":"Pest\u00e4v\u00e4t UHF RFID -pyykkitekstiilitarrat"},"content":{"rendered":"<div class=\"auto-hide-last-sibling-br paragraph_1252f paragraph-element\">\n<h2 class=\"auto-hide-last-sibling-br paragraph_1252f paragraph-element\">Pest\u00e4v\u00e4t UHF RFID -pyykkitekstiilitarrat<\/h2>\n<div><\/div>\n<div data-spm-anchor-id=\"a2700.details.0.i57.23b419c7xXORP0\"><span data-spm-anchor-id=\"a2700.details.0.i75.23b419c7xXORP0\"><b>Ominaisuus:<\/b><br \/>\n1) UHF-tekniikka satojen tunnisteiden lukemiseen samanaikaisesti.<br \/>\n2) Yli 8 m ~ 12 m lukuet\u00e4isyys.<br \/>\n3) Uusi mekaaninen muotoilu parantaa litteiden liinavaatteiden suorituskyky\u00e4.<br \/>\n4) Soveltuu korkeapaineimureille 60 bar asti.<br \/>\n5) Soveltuu autoklaavisterilointiin.<br \/>\n6) Pieni, pehme\u00e4, joustava materiaali sopii erinomaisesti tekstiileille, liinavaatteille, vaatteille ja tarvikkeille.<\/span><\/div>\n<div data-spm-anchor-id=\"a2700.details.0.i57.23b419c7xXORP0\">\n<div class=\"entry-content-asset videofit\"><iframe title=\"L\u00e4mmitysliima UHF RFID -pyykkitunnisteet tehtaalla, jossa on 12 metrin lukuet\u00e4isyyden testi\" src=\"https:\/\/www.youtube.com\/embed\/cOnG5fgEIs4?feature=oembed\" width=\"720\" height=\"405\" frameborder=\"0\" allowfullscreen=\"allowfullscreen\" data-mce-fragment=\"1\"><\/iframe><\/div>\n<\/div>\n<\/div>\n<div data-spm-anchor-id=\"a2700.details.0.i57.23b419c7xXORP0\"><\/div>\n<div data-spm-anchor-id=\"a2700.details.0.i57.23b419c7xXORP0\">\n<div class=\"text-content\" data-spm-anchor-id=\"a2700.details.0.i54.23b419c7xXORP0\">\n<table>\n<tbody>\n<tr>\n<td width=\"139\">Tuotteen nimi<\/td>\n<td width=\"600\">Pest\u00e4v\u00e4t UHF RFID -pyykkitekstiilitarrat<\/td>\n<\/tr>\n<tr>\n<td width=\"139\">Materiaali<\/td>\n<td width=\"600\">Kangas\/kudottu jne.<\/td>\n<\/tr>\n<tr>\n<td width=\"139\">Sirun malli<\/td>\n<td width=\"600\">UCODE\u00ae 9<\/td>\n<\/tr>\n<tr>\n<td width=\"139\">Muisti<\/td>\n<td width=\"600\">EPC: 96 bitti\u00e4<\/td>\n<\/tr>\n<tr>\n<td width=\"139\">p\u00f6yt\u00e4kirja<\/td>\n<td width=\"600\">EPC C1 G2<\/td>\n<\/tr>\n<tr>\n<td width=\"139\">Koko<\/td>\n<td width=\"600\">70 * 15 mm, 86 * 16 mm; 50 * 20 mm; 72 * 16 mm; 35 * 15 mm jne.<\/td>\n<\/tr>\n<tr>\n<td width=\"139\">V\u00e4ri<\/td>\n<td width=\"600\">Valkoinen<\/td>\n<\/tr>\n<tr>\n<td width=\"139\">Ty\u00f6ajat<\/td>\n<td width=\"600\">Keskim\u00e4\u00e4rin se on 200 kertaa, jotkut voivat olla yli 300 kertaa.<\/td>\n<\/tr>\n<tr>\n<td width=\"139\">K\u00e4ytt\u00f6l\u00e4mp\u00f6tila<\/td>\n<td width=\"600\">-25 \u2103 - +150 \u2103<\/td>\n<\/tr>\n<tr>\n<td width=\"139\">Lue Et\u00e4isyys<\/td>\n<td width=\"600\">3\u201310 miljoonaa<\/td>\n<\/tr>\n<tr>\n<td width=\"139\">Sovellus<\/td>\n<td width=\"600\">Pyykinpesuratkaisu, pesula, teollinen pesu, hotellien kankaiden hallinta, supermarkettien\/kankaiden myym\u00e4l\u00f6iden hallinta jne.<\/td>\n<\/tr>\n<\/tbody>\n<\/table>\n<\/div>\n<\/div>\n<div><\/div>\n<div>\n<p>&nbsp;<\/p>\n<h3>Mit\u00e4 ovat pest\u00e4v\u00e4t UHF RFID -pyykkitekstiilitarrat?<\/h3>\n<p>Pest\u00e4v\u00e4t RFID-tunnisteet ovat erikoistyyppisi\u00e4\u00a0<strong>RFID-tunniste<\/strong>\u00a0suunniteltu erityisesti pyykinpesuk\u00e4ytt\u00f6\u00f6n. N\u00e4m\u00e4 tunnisteet k\u00e4ytt\u00e4v\u00e4t\u00a0<strong>tehokas RFID-teknologia<\/strong>\u00a0mahdollistamaan tekstiilituotteiden tarkan seurannan ja hallinnan koko niiden elinkaaren ajan. Kest\u00e4vist\u00e4 materiaaleista valmistetut pest\u00e4v\u00e4t RFID-tunnisteet kest\u00e4v\u00e4t teollisen pyykinpesun rasitukset, mukaan lukien altistumisen korkeille l\u00e4mp\u00f6tiloille ja toistuville pesukerroille.<\/p>\n<\/div>\n<h3 class=\"wp-block-heading\">Asennusohjeet<\/h3>\n<p><strong>Ommelmerkint\u00e4<\/strong>: Ommellaan tekstiilin helmaan. Ompele pyykkilappu pois taittoviivoista.<br \/>\n<strong>Kuumasaumaus<\/strong>: Kuumasaumattava suoraan tekstiilin p\u00e4\u00e4lle +200\u00b0C:ssa (392\u00b0F), 12-14 s.<br \/>\n<strong>Pussissa<\/strong>: Ommeltava kuten tavallinen hoitotarra. Ompele pyykkilappu pois taittoviivoista.<\/p>\n<h2>Usein kysytyt kysymykset (FAQ) \u2013 Pest\u00e4v\u00e4t UHF RFID -pyykkitekstiilietiketit<\/h2>\n<p>1. Miten pest\u00e4v\u00e4t UHF RFID -pyykkitekstiilitarrat parantavat varastonhallintaa?<br \/>\nPest\u00e4v\u00e4t UHF RFID -pyykkitekstiilitarrat mahdollistavat vaatteiden tarkan seurannan ja automatisoivat varastonhallintaprosessin. UCODE\u00ae 9 -sirujen avulla yritykset voivat seurata v\u00e4litt\u00f6m\u00e4sti kunkin vaatteen sijaintia ja tilaa, mik\u00e4 parantaa toiminnan tehokkuutta ja v\u00e4hent\u00e4\u00e4 manuaalisia virheit\u00e4.<\/p>\n<p>2. Kuinka kest\u00e4vi\u00e4 pest\u00e4v\u00e4t UHF RFID -pyykkitekstiilitarrat ovat?<br \/>\nPest\u00e4v\u00e4t RFID-tunnisteemme on suunniteltu kest\u00e4m\u00e4\u00e4n jopa 200 pesukertaa, ja joissakin tapauksissa yli 300. T\u00e4m\u00e4 kest\u00e4vyys varmistaa, ett\u00e4 tunnisteet pysyv\u00e4t toimivina koko vaatteen k\u00e4ytt\u00f6i\u00e4n ajan, mik\u00e4 v\u00e4hent\u00e4\u00e4 vaihtokustannuksia.<\/p>\n<p>3. Mit\u00e4 etua UHF-pitk\u00e4n kantaman RFID-teknologialla on?<br \/>\nUHF-alueen pitk\u00e4n kantaman RFID-tunnisteiden avulla vaatteita voidaan seurata pidempien et\u00e4isyyksien p\u00e4\u00e4st\u00e4, mik\u00e4 nopeuttaa k\u00e4sittelyaikoja suurivolyymisiss\u00e4 ymp\u00e4rist\u00f6iss\u00e4, kuten teollisuuspesuloissa. T\u00e4m\u00e4 teknologia parantaa automaatiota, palvelutasoa ja toiminnan tuottavuutta.<\/p>\n<p>4. Miten RFID-tunnisteet ratkaisevat yleisi\u00e4 pesulateollisuuden kipukohtia?<br \/>\nRFID-tunnisteet v\u00e4hent\u00e4v\u00e4t manuaalisen seurannan virheit\u00e4, varmistavat tarkan omaisuudenhallinnan ja parantavat vaatteiden kest\u00e4vyytt\u00e4. Automatisoimalla seurannan yritykset voivat s\u00e4\u00e4st\u00e4\u00e4 aikaa, v\u00e4hent\u00e4\u00e4 tappioita ja lis\u00e4t\u00e4 kannattavuutta.<\/p>\n<p>5. Miksi valita omat RFID-tunnisteesi muiden sijaan?<br \/>\nYli 15 vuoden kokemuksella viiden suurimman RFID-tunnisteiden valmistajan joukossa tarjoamme korkealaatuisia ja kest\u00e4vi\u00e4 ratkaisuja laajamittaiseen vaatehallintaan varmistaen kustannustehokkaan ja tuloksellisen toiminnan.<\/p>","protected":false},"excerpt":{"rendered":"<div class=\"elementor-element elementor-element-4f79c63 e-flex e-con-boxed e-con e-parent e-lazyloaded\" data-id=\"4f79c63\" data-element_type=\"container\" data-settings=\"{&quot;_ha_eqh_enable&quot;:false}\">\n<div class=\"e-con-inner\">\n<div class=\"elementor-element elementor-element-be3873c elementor-widget elementor-widget-woocommerce-product-short-description\" data-id=\"be3873c\" data-element_type=\"widget\" data-widget_type=\"woocommerce-product-short-description.default\">\n<div class=\"elementor-widget-container\">\n<div class=\"woocommerce-product-details__short-description\">\n<p><strong>Pest\u00e4v\u00e4t UHF RFID -pyykkitekstiilitarrat<\/strong>, joita usein kutsutaan RFID-pyykkitunnisteiksi, on valmistettu hell\u00e4varaisesta mutta kest\u00e4v\u00e4st\u00e4 kumista. N\u00e4m\u00e4 vaatetunnisteet on suunniteltu joustaviksi ja kest\u00e4viksi, ja ne kest\u00e4v\u00e4t jopa 200 pesukertaa ja jopa 60 baarin paineen.<\/p>\n<\/div>\n<\/div>\n<\/div>\n<\/div>\n<\/div>\n<div class=\"elementor-element elementor-element-3ad806e e-flex e-con-boxed e-con e-parent e-lazyloaded\" data-id=\"3ad806e\" data-element_type=\"container\" data-settings=\"{&quot;_ha_eqh_enable&quot;:false}\">\n<div class=\"e-con-inner\">\n<div class=\"elementor-element elementor-element-362020f elementor-widget elementor-widget-woocommerce-product-data-tabs\" data-id=\"362020f\" data-element_type=\"widget\" data-widget_type=\"woocommerce-product-data-tabs.default\">\n<div class=\"elementor-widget-container\">\n<div class=\"woocommerce-tabs wc-tabs-wrapper\"><\/div>\n<\/div>\n<\/div>\n<\/div>\n<\/div>","protected":false},"featured_media":2870,"template":"","meta":{"_kad_post_transparent":"default","_kad_post_title":"","_kad_post_layout":"default","_kad_post_sidebar_id":"","_kad_post_content_style":"default","_kad_post_vertical_padding":"default","_kad_post_feature":"","_kad_post_feature_position":"","_kad_post_header":false,"_kad_post_footer":false,"_kad_post_classname":""},"product_brand":[],"product_cat":[19],"product_tag":[24,342,339,65,368,30,374,373],"class_list":{"0":"post-3074","1":"product","2":"type-product","3":"status-publish","4":"has-post-thumbnail","6":"product_cat-textile-rfid-laundry-tag","7":"product_tag-laundry-rfid-tags","8":"product_tag-rfid-laundry-tags","9":"product_tag-rfid-washable-tags","10":"product_tag-textile-rfid-laundry-tags","11":"product_tag-textile-uhf-rfid-tags-labels","12":"product_tag-uhf-rfid-laundry-tag","13":"product_tag-washable-uhf-rfid-labels","14":"product_tag-washable-uhf-rfid-laundry-textile-labels","16":"first","17":"instock","18":"featured","19":"shipping-taxable","20":"product-type-simple","21":"entry","22":"content-bg","23":"loop-entry"},"_links":{"self":[{"href":"https:\/\/rfid-laundry-tag.com\/fi\/wp-json\/wp\/v2\/product\/3074","targetHints":{"allow":["GET"]}}],"collection":[{"href":"https:\/\/rfid-laundry-tag.com\/fi\/wp-json\/wp\/v2\/product"}],"about":[{"href":"https:\/\/rfid-laundry-tag.com\/fi\/wp-json\/wp\/v2\/types\/product"}],"version-history":[{"count":1,"href":"https:\/\/rfid-laundry-tag.com\/fi\/wp-json\/wp\/v2\/product\/3074\/revisions"}],"predecessor-version":[{"id":3075,"href":"https:\/\/rfid-laundry-tag.com\/fi\/wp-json\/wp\/v2\/product\/3074\/revisions\/3075"}],"wp:featuredmedia":[{"embeddable":true,"href":"https:\/\/rfid-laundry-tag.com\/fi\/wp-json\/wp\/v2\/media\/2870"}],"wp:attachment":[{"href":"https:\/\/rfid-laundry-tag.com\/fi\/wp-json\/wp\/v2\/media?parent=3074"}],"wp:term":[{"taxonomy":"product_brand","embeddable":true,"href":"https:\/\/rfid-laundry-tag.com\/fi\/wp-json\/wp\/v2\/product_brand?post=3074"},{"taxonomy":"product_cat","embeddable":true,"href":"https:\/\/rfid-laundry-tag.com\/fi\/wp-json\/wp\/v2\/product_cat?post=3074"},{"taxonomy":"product_tag","embeddable":true,"href":"https:\/\/rfid-laundry-tag.com\/fi\/wp-json\/wp\/v2\/product_tag?post=3074"}],"curies":[{"name":"wp","href":"https:\/\/api.w.org\/{rel}","templated":true}]}}