{"id":306,"date":"2024-06-26T17:00:48","date_gmt":"2024-06-26T17:00:48","guid":{"rendered":"https:\/\/rfid-laundry-tag.com\/?post_type=product&#038;p=306"},"modified":"2024-06-26T17:08:25","modified_gmt":"2024-06-26T17:08:25","slug":"mifare-1k-rfid-patrol-disc-tag","status":"publish","type":"product","link":"https:\/\/rfid-laundry-tag.com\/fi\/mifare-1k-rfid-patrol-disc-tag\/","title":{"rendered":"Mifare 1k RFID Patrol Disc Tag"},"content":{"rendered":"<h2>Mifare 1k RFID Patrol Disc Tag<\/h2>\n<h2>Vankka 13,56 MHz tunniste omaisuuden seurantaan<\/h2>\n<p>T\u00e4m\u00e4 musta ABS-levymerkki on luotettava valinta omaisuuden seurantaan, ja se tarjoaa vankan rakenteen vaativiin ymp\u00e4rist\u00f6ihin.<\/p>\n<p><strong>R\u00e4\u00e4t\u00e4l\u00f6inti:<\/strong><\/p>\n<ul>\n<li>Tarjoamme mukautetun silkkipainatuksen m\u00e4\u00e4ritt\u00e4mill\u00e4si tiedoilla. Ota yhteytt\u00e4 hinnoista ja saatavuudesta.<\/li>\n<\/ul>\n<p><strong>Ominaisuudet:<\/strong><\/p>\n<ul>\n<li><strong>Halkaisija:<\/strong>\u00a030 mm<\/li>\n<li><strong>Paksuus:<\/strong>\u00a02,3\u00a0mm (+\/- 0,1\u00a0mm)<\/li>\n<li><strong>Reik\u00e4:<\/strong>\u00a03,3\u00a0mm (+\/- 0,1\u00a0mm)<\/li>\n<li><strong>Materiaali:<\/strong>\u00a0ABS, ultra\u00e4\u00e4nihitsattu<\/li>\n<li><strong>Paino:<\/strong>\u00a02,0 g<\/li>\n<li><strong>K\u00e4ytt\u00f6l\u00e4mp\u00f6tila:<\/strong>\u00a0-25\u00b0C - +70\u00b0C<\/li>\n<li><strong>Herkkyys:<\/strong>\u00a027 mikroT. RMS RT:ss\u00e4 lukutilassa 125 kHz<\/li>\n<\/ul>\n<p><strong>Mifare 1k S50 Classic \/ ISO14443A Ominaisuudet:<\/strong><\/p>\n<ul>\n<li><strong>Toimintataajuus:<\/strong>\u00a013,56 MHz<\/li>\n<li><strong>Muisti:<\/strong>\u00a01 kt EEPROM-luku\/kirjoitus, j\u00e4rjestetty 16 sektoriksi, joissa on 4 lohkoa (16 tavua kukin)<\/li>\n<li><strong>Tyypillinen tapahtuma-aika:<\/strong>\u00a0&lt;100ms<\/li>\n<li><strong>Kiinte\u00e4 sarjanumero:<\/strong>\u00a0Ainutlaatuinen, 4-tavuinen<\/li>\n<li><strong>Kirjoita Endurance:<\/strong>\u00a0V\u00e4hint\u00e4\u00e4n 100 000 sykli\u00e4<\/li>\n<\/ul>","protected":false},"excerpt":{"rendered":"<p>T\u00e4m\u00e4 kest\u00e4v\u00e4 musta ABS-levymerkki on osa passiivisia, kontaktittomia transpondereita, jotka on rakennettu luotettavaa omaisuuden seurantaa varten. Tunnisteet k\u00e4ytt\u00e4v\u00e4t korkeataajuista transponderia, joka on Mifare 1k S50 Classic \/ ISO14443A -standardin mukainen ja sis\u00e4lt\u00e4\u00e4 ainutlaatuisen 4-tavuisen tunnistenumeron.<\/p>","protected":false},"featured_media":307,"template":"","meta":{"_kad_post_transparent":"default","_kad_post_title":"","_kad_post_layout":"default","_kad_post_sidebar_id":"","_kad_post_content_style":"default","_kad_post_vertical_padding":"default","_kad_post_feature":"","_kad_post_feature_position":"","_kad_post_header":false,"_kad_post_footer":false,"_kad_post_classname":""},"product_brand":[],"product_cat":[54],"product_tag":[125,126],"class_list":{"0":"post-306","1":"product","2":"type-product","3":"status-publish","4":"has-post-thumbnail","6":"product_cat-hot-selling-rfid-tags","7":"product_tag-mifare-1k-rfid-patrol-disc-tag","8":"product_tag-rfid-patrol-disc-tag","10":"first","11":"instock","12":"shipping-taxable","13":"product-type-simple","14":"entry","15":"content-bg","16":"loop-entry"},"_links":{"self":[{"href":"https:\/\/rfid-laundry-tag.com\/fi\/wp-json\/wp\/v2\/product\/306","targetHints":{"allow":["GET"]}}],"collection":[{"href":"https:\/\/rfid-laundry-tag.com\/fi\/wp-json\/wp\/v2\/product"}],"about":[{"href":"https:\/\/rfid-laundry-tag.com\/fi\/wp-json\/wp\/v2\/types\/product"}],"version-history":[{"count":0,"href":"https:\/\/rfid-laundry-tag.com\/fi\/wp-json\/wp\/v2\/product\/306\/revisions"}],"wp:featuredmedia":[{"embeddable":true,"href":"https:\/\/rfid-laundry-tag.com\/fi\/wp-json\/wp\/v2\/media\/307"}],"wp:attachment":[{"href":"https:\/\/rfid-laundry-tag.com\/fi\/wp-json\/wp\/v2\/media?parent=306"}],"wp:term":[{"taxonomy":"product_brand","embeddable":true,"href":"https:\/\/rfid-laundry-tag.com\/fi\/wp-json\/wp\/v2\/product_brand?post=306"},{"taxonomy":"product_cat","embeddable":true,"href":"https:\/\/rfid-laundry-tag.com\/fi\/wp-json\/wp\/v2\/product_cat?post=306"},{"taxonomy":"product_tag","embeddable":true,"href":"https:\/\/rfid-laundry-tag.com\/fi\/wp-json\/wp\/v2\/product_tag?post=306"}],"curies":[{"name":"wp","href":"https:\/\/api.w.org\/{rel}","templated":true}]}}