{"id":302,"date":"2024-06-26T16:45:35","date_gmt":"2024-06-26T16:45:35","guid":{"rendered":"https:\/\/rfid-laundry-tag.com\/?post_type=product&#038;p=302"},"modified":"2024-06-26T16:49:46","modified_gmt":"2024-06-26T16:49:46","slug":"on-duty-ntag213-nfc-patrol-tag","status":"publish","type":"product","link":"https:\/\/rfid-laundry-tag.com\/fi\/on-duty-ntag213-nfc-patrol-tag\/","title":{"rendered":"P\u00e4ivyst\u00e4v\u00e4 Ntag213 NFC Patrol Tag"},"content":{"rendered":"<p><strong>P\u00e4ivyst\u00e4v\u00e4 Ntag213 NFC Patrol Tag<\/strong><\/p>\n<p>NXP Semiconductors on kehitt\u00e4nyt NTAG213:n, NTAG215:n ja NTAG216:t vakiomuotoisina NFC-tunniste-IC:in\u00e4 k\u00e4ytett\u00e4v\u00e4ksi massamarkkinasovelluksissa, kuten v\u00e4hitt\u00e4iskaupassa, peleiss\u00e4 ja kulutuselektroniikassa, yhdess\u00e4 NFC-laitteiden tai NFC-yhteensopivien proximity Coupling Devices -laitteiden kanssa. NTAG213, NTAG215 ja NTAG216 (t\u00e4st\u00e4 l\u00e4htien yleisesti kutsutaan nimell\u00e4 NTAG21x) on suunniteltu t\u00e4ysin NFC Forum Type 2 -tunnisteen ja ISO\/IEC14443 Type A -m\u00e4\u00e4rittelyjen mukaisiksi.<\/p>\n<table class=\"hight-light-first-column all magic-11\">\n<tbody>\n<tr>\n<td colspan=\"1\" rowspan=\"1\">\n<div class=\"magic-12\" data-spm-anchor-id=\"a2700.details.0.i57.12287cd6Tl6d8d\">Koko<\/div>\n<\/td>\n<td colspan=\"4\" rowspan=\"1\">\n<div class=\"magic-13\">Halkaisija 25mm<\/div>\n<\/td>\n<\/tr>\n<tr>\n<td colspan=\"1\" rowspan=\"1\">\n<div class=\"magic-12\">V\u00e4ri<\/div>\n<\/td>\n<td colspan=\"4\" rowspan=\"1\">\n<div class=\"magic-16\">Musta, valkoinen, keltainen, punainen tai mukautettu<\/div>\n<\/td>\n<\/tr>\n<tr>\n<td colspan=\"1\" rowspan=\"1\">\n<div class=\"magic-12\">Siru<\/div>\n<\/td>\n<td colspan=\"4\" rowspan=\"1\">\n<div class=\"magic-13\">NTAG213, NTAG215, NTAG216<\/div>\n<\/td>\n<\/tr>\n<tr>\n<td colspan=\"1\" rowspan=\"1\">\n<div class=\"magic-12\">Taajuus<\/div>\n<\/td>\n<td colspan=\"4\" rowspan=\"1\">\n<div class=\"magic-13\">13,56 MHz<\/div>\n<\/td>\n<\/tr>\n<tr>\n<td colspan=\"1\" rowspan=\"1\">\n<div class=\"magic-12\">p\u00f6yt\u00e4kirja<\/div>\n<\/td>\n<td colspan=\"4\" rowspan=\"1\">\n<div class=\"magic-13\">ISO14443A, NFC-foorumityyppi 2<\/div>\n<\/td>\n<\/tr>\n<tr>\n<td colspan=\"1\" rowspan=\"1\">\n<div class=\"magic-12\">Materiaali<\/div>\n<\/td>\n<td colspan=\"4\" rowspan=\"1\">\n<div class=\"magic-13\">ABS<\/div>\n<\/td>\n<\/tr>\n<tr>\n<td colspan=\"1\" rowspan=\"1\">\n<div class=\"magic-12\">K\u00e4ytt\u00f6l\u00e4mp\u00f6tila<\/div>\n<\/td>\n<td colspan=\"4\" rowspan=\"1\">\n<div class=\"magic-13\">-20-85 astetta<\/div>\n<\/td>\n<\/tr>\n<tr>\n<td colspan=\"1\" rowspan=\"1\">\n<div class=\"magic-12\">Sovellus<\/div>\n<\/td>\n<td colspan=\"4\" rowspan=\"1\">\n<div class=\"magic-16\">Pesulaketju, Kova kemikaali, maksulaite, ulkok\u00e4ytt\u00f6, kemianteollisuus, teollisuus, logistiikka, partiovartija, j\u00e4sen, rahtikontti, kuormalavat jne.<\/div>\n<\/td>\n<\/tr>\n<tr>\n<td colspan=\"1\" rowspan=\"1\">\n<div class=\"magic-12\">Vesitiivis luokitus<\/div>\n<\/td>\n<td colspan=\"4\" rowspan=\"1\">\n<div class=\"magic-16\">IP67<\/div>\n<\/td>\n<\/tr>\n<tr>\n<td colspan=\"1\" rowspan=\"1\">\n<div class=\"magic-12\">Lukualue<\/div>\n<\/td>\n<td colspan=\"4\" rowspan=\"1\">\n<div class=\"magic-16\">5-10cm, riippuu lukijasta<\/div>\n<\/td>\n<\/tr>\n<tr>\n<td colspan=\"1\" rowspan=\"1\">\n<div class=\"magic-12\">K\u00e4sity\u00f6<\/div>\n<\/td>\n<td colspan=\"4\" rowspan=\"1\">\n<div class=\"magic-16\">Laserkaiverrettu sarjanumero, viivakoodi ja niin edelleen<\/div>\n<\/td>\n<\/tr>\n<tr>\n<td colspan=\"1\" rowspan=\"1\">\n<div class=\"magic-12\">Asennus<\/div>\n<\/td>\n<td colspan=\"4\" rowspan=\"1\">\n<div class=\"magic-16\">Liimalla, ruuveilla tai niiteill\u00e4<\/div>\n<\/td>\n<\/tr>\n<\/tbody>\n<\/table>\n<h2>On Duty NTAG213 NFC Patrol Tag -sovellukset<\/h2>\n<p>On Duty NTAG213 NFC Patrol Tag on monipuolinen ty\u00f6kalu turvallisuuden, tehokkuuden ja seurannan parantamiseen eri sovelluksissa. T\u00e4ss\u00e4 on joitain esimerkkej\u00e4:<\/p>\n<p><strong>Turvallisuus ja kulunvalvonta:<\/strong><\/p>\n<ul>\n<li><strong>Vartiovartija:<\/strong>\u00a0Tunnisteet voidaan m\u00e4\u00e4ritt\u00e4\u00e4 yksitt\u00e4isille turvap\u00e4\u00e4llik\u00f6ille, mik\u00e4 mahdollistaa heid\u00e4n sijaintinsa ja toiminnan reaaliaikaisen seurannan. T\u00e4m\u00e4 auttaa valvomaan partioreittej\u00e4, varmistamaan oikea-aikaiset vastaukset ja todistamaan l\u00e4sn\u00e4olosta nimetyiss\u00e4 tarkastuspisteiss\u00e4.<\/li>\n<li><strong>Kulunvalvonta:<\/strong>\u00a0NFC-lukijaj\u00e4rjestelm\u00e4\u00e4n integroidut tunnisteet voivat my\u00f6nt\u00e4\u00e4 tai est\u00e4\u00e4 p\u00e4\u00e4syn tietyille alueille tai resursseille k\u00e4ytt\u00e4j\u00e4n identiteetin ja valtuutustasojen perusteella. T\u00e4m\u00e4 parantaa turvallisuutta ja est\u00e4\u00e4 luvattoman p\u00e4\u00e4syn.<\/li>\n<li><strong>Omaisuuden seuranta:<\/strong>\u00a0Kiinnit\u00e4 tunnisteita arvokkaisiin laitteisiin tai omaisuuteen seurataksesi niiden sijaintia, liikett\u00e4 ja k\u00e4ytt\u00f6\u00e4. T\u00e4m\u00e4 auttaa est\u00e4m\u00e4\u00e4n varkauksia, optimoimaan varastonhallinnan ja seuraamaan laitteiden huoltoaikatauluja.<\/li>\n<\/ul>\n<p><strong>Ty\u00f6nkulku ja tehokkuus:<\/strong><\/p>\n<ul>\n<li><strong>Ty\u00f6tilausten seuranta:<\/strong>\u00a0Tunnisteita voidaan k\u00e4ytt\u00e4\u00e4 ty\u00f6tilausten tallentamiseen ja seuraamiseen, mik\u00e4 tarjoaa reaaliaikaisia tilap\u00e4ivityksi\u00e4 ja helpottaa ty\u00f6nkulun tehokasta hallintaa.<\/li>\n<li><strong>Aika ja osallistujam\u00e4\u00e4r\u00e4:<\/strong>\u00a0Integroi tunnisteet NFC-yhteensopiviin kelloihin tallentaaksesi ty\u00f6ntekij\u00f6iden saapumis- ja l\u00e4ht\u00f6ajat, mik\u00e4 parantaa tarkkuutta ja eliminoi manuaaliset ajanottovirheet.<\/li>\n<li><strong>Varastonhallinta:<\/strong>\u00a0Kiinnit\u00e4 tunnisteet varastotuotteisiin automaattista varastonhallintaa varten, mik\u00e4 v\u00e4hent\u00e4\u00e4 manuaalista laskemista ja tarjoaa reaaliaikaisen n\u00e4kyvyyden varastotasoista.<\/li>\n<\/ul>\n<p><strong>Muut sovellukset:<\/strong><\/p>\n<ul>\n<li><strong>Tapahtuman liput:<\/strong>\u00a0Tunnisteet voivat toimia tapahtumalippuina, jotka mahdollistavat sis\u00e4\u00e4np\u00e4\u00e4syn hallinnan, antavat osallistujille p\u00e4\u00e4syn eksklusiiviseen sis\u00e4lt\u00f6\u00f6n ja mahdollistavat saumattoman tapahtuman.<\/li>\n<li><strong>Kanta-asiakasohjelmat:<\/strong>\u00a0Integroi tunnisteet kanta-asiakasohjelmiin tarjotaksesi henkil\u00f6kohtaisia palkintoja, alennuksia ja eksklusiivisia etuja uskollisille asiakkaille.<\/li>\n<li><strong>Tietojen tallennus:<\/strong>\u00a0Tunnisteen muistiin voidaan tallentaa tietoja, kuten tuotteen tekniset tiedot, huoltotiedot tai tuotteen alkuper\u00e4. T\u00e4m\u00e4 mahdollistaa helpon p\u00e4\u00e4syn asiaankuuluviin tietoihin NFC-yhteensopivien laitteiden kautta.<\/li>\n<\/ul>\n<p><strong>NTAG213 NFC Patrol -tunnisteiden k\u00e4yt\u00f6n edut:<\/strong><\/p>\n<ul>\n<li><strong>Parannettu suojaus:<\/strong>\u00a0Parempi k\u00e4ytt\u00f6oikeuksien, omaisuuden seurannan ja ty\u00f6ntekij\u00f6iden toiminnan hallinta.<\/li>\n<li><strong>Parempi tehokkuus:<\/strong>\u00a0Virtaviivaiset ty\u00f6nkulut, automatisoitu tiedonkeruu ja v\u00e4hemm\u00e4n manuaalisia prosesseja.<\/li>\n<li><strong>Reaaliaikainen seuranta:<\/strong>\u00a0Omaisuuden, henkil\u00f6st\u00f6n ja toiminnan jatkuva seuranta.<\/li>\n<li><strong>Kustannustehokkuus:<\/strong>\u00a0V\u00e4hent\u00e4\u00e4 riippuvuutta manuaalisiin prosesseihin, mik\u00e4 voi s\u00e4\u00e4st\u00e4\u00e4 aikaa ja resursseja.<\/li>\n<li><strong>K\u00e4ytt\u00e4j\u00e4yst\u00e4v\u00e4llinen:<\/strong>\u00a0Helppo integrointi olemassa oleviin j\u00e4rjestelmiin ja k\u00e4ytt\u00e4j\u00e4yst\u00e4v\u00e4llinen vuorovaikutus NFC-yhteensopivien laitteiden avulla.<\/li>\n<\/ul>\n<p><strong>Kaiken kaikkiaan NTAG213 NFC Patrol Tag tarjoaa vankan ja monipuolisen ratkaisun monenlaisiin sovelluksiin, mik\u00e4 mahdollistaa organisaatioiden turvallisuuden parantamisen, ty\u00f6nkulkujen optimoinnin ja toiminnan tehokkuuden.<\/strong><\/p>","protected":false},"excerpt":{"rendered":"<p>P\u00e4ivyst\u00e4v\u00e4 Ntag213 NFC Patrol Tag: tavalliset NFC-tunnisteet eiv\u00e4t toimi hyvin metallipinnoilla. T\u00e4m\u00e4 johtuu siit\u00e4, ett\u00e4 metalli h\u00e4iritsee viestint\u00e4\u00e4n k\u00e4ytettyj\u00e4 s\u00e4hk\u00f6magneettisia signaaleja. Kuitenkin uudenlainen tunnisteet, nimelt\u00e4\u00e4n <strong>Metalliset NFC-tunnisteet<\/strong>, ratkaisee t\u00e4m\u00e4n ongelman. N\u00e4m\u00e4 tunnisteet on erityisesti suunniteltu toimimaan virheett\u00f6m\u00e4sti metallilla tai muulla johtavalla materiaalilla. Ne edustavat l\u00e4pimurtoa NFC-sovelluksissa ymp\u00e4rist\u00f6iss\u00e4, joissa metallia on runsaasti.<\/p>","protected":false},"featured_media":303,"template":"","meta":{"_kad_post_transparent":"default","_kad_post_title":"","_kad_post_layout":"default","_kad_post_sidebar_id":"","_kad_post_content_style":"default","_kad_post_vertical_padding":"default","_kad_post_feature":"","_kad_post_feature_position":"","_kad_post_header":false,"_kad_post_footer":false,"_kad_post_classname":""},"product_brand":[],"product_cat":[54],"product_tag":[118,123],"class_list":{"0":"post-302","1":"product","2":"type-product","3":"status-publish","4":"has-post-thumbnail","6":"product_cat-hot-selling-rfid-tags","7":"product_tag-anti-metal-nfc-patrol-tag","8":"product_tag-on-duty-ntag213-nfc-patrol-tag","10":"first","11":"instock","12":"shipping-taxable","13":"product-type-simple","14":"entry","15":"content-bg","16":"loop-entry"},"_links":{"self":[{"href":"https:\/\/rfid-laundry-tag.com\/fi\/wp-json\/wp\/v2\/product\/302","targetHints":{"allow":["GET"]}}],"collection":[{"href":"https:\/\/rfid-laundry-tag.com\/fi\/wp-json\/wp\/v2\/product"}],"about":[{"href":"https:\/\/rfid-laundry-tag.com\/fi\/wp-json\/wp\/v2\/types\/product"}],"version-history":[{"count":0,"href":"https:\/\/rfid-laundry-tag.com\/fi\/wp-json\/wp\/v2\/product\/302\/revisions"}],"wp:featuredmedia":[{"embeddable":true,"href":"https:\/\/rfid-laundry-tag.com\/fi\/wp-json\/wp\/v2\/media\/303"}],"wp:attachment":[{"href":"https:\/\/rfid-laundry-tag.com\/fi\/wp-json\/wp\/v2\/media?parent=302"}],"wp:term":[{"taxonomy":"product_brand","embeddable":true,"href":"https:\/\/rfid-laundry-tag.com\/fi\/wp-json\/wp\/v2\/product_brand?post=302"},{"taxonomy":"product_cat","embeddable":true,"href":"https:\/\/rfid-laundry-tag.com\/fi\/wp-json\/wp\/v2\/product_cat?post=302"},{"taxonomy":"product_tag","embeddable":true,"href":"https:\/\/rfid-laundry-tag.com\/fi\/wp-json\/wp\/v2\/product_tag?post=302"}],"curies":[{"name":"wp","href":"https:\/\/api.w.org\/{rel}","templated":true}]}}