{"id":299,"date":"2024-06-26T15:49:09","date_gmt":"2024-06-26T15:49:09","guid":{"rendered":"https:\/\/rfid-laundry-tag.com\/?post_type=product&#038;p=299"},"modified":"2024-06-26T15:49:09","modified_gmt":"2024-06-26T15:49:09","slug":"uhf-industrial-on-metal-rfid-tags","status":"publish","type":"product","link":"https:\/\/rfid-laundry-tag.com\/fi\/uhf-industrial-on-metal-rfid-tags\/","title":{"rendered":"UHF Industrial On Metal RFID-tunnisteet"},"content":{"rendered":"<table class=\"has-title all magic-4\">\n<tbody>\n<tr>\n<td colspan=\"1\" rowspan=\"1\">\n<div class=\"magic-5\" data-spm-anchor-id=\"a2700.details.0.i63.6b4c1284UGSrnr\">Materiaali<\/div>\n<\/td>\n<td colspan=\"1\" rowspan=\"1\">\n<div class=\"magic-6\">ABS<\/div>\n<\/td>\n<\/tr>\n<tr>\n<td colspan=\"1\" rowspan=\"1\">\n<div class=\"magic-5\">Koko<\/div>\n<\/td>\n<td colspan=\"1\" rowspan=\"1\">\n<div class=\"magic-6\">78x31x10mm tai r\u00e4\u00e4t\u00e4l\u00f6ity<\/div>\n<\/td>\n<\/tr>\n<tr>\n<td colspan=\"1\" rowspan=\"1\">\n<div class=\"magic-5\">Taajuus<\/div>\n<\/td>\n<td colspan=\"1\" rowspan=\"1\">\n<div class=\"magic-6\">860-960 MHz<\/div>\n<\/td>\n<\/tr>\n<tr>\n<td colspan=\"1\" rowspan=\"1\">\n<div class=\"magic-5\">IC-tyyppi (siru)<\/div>\n<\/td>\n<td colspan=\"1\" rowspan=\"1\">\n<div class=\"magic-6\">Impinj Monza R6P<\/div>\n<\/td>\n<\/tr>\n<tr>\n<td colspan=\"1\" rowspan=\"1\">\n<div class=\"magic-5\">p\u00f6yt\u00e4kirja<\/div>\n<\/td>\n<td colspan=\"1\" rowspan=\"1\">\n<div class=\"magic-6\" data-spm-anchor-id=\"a2700.details.0.i64.6b4c1284UGSrnr\">EPC Global Class 1 Gen2 &amp; ISO18000-6C<\/div>\n<\/td>\n<\/tr>\n<tr>\n<td colspan=\"1\" rowspan=\"1\">\n<div class=\"magic-7\">Muisti<\/div>\n<\/td>\n<td colspan=\"1\" rowspan=\"1\">\n<div class=\"magic-6\">EPC 128 bitti\u00e4, k\u00e4ytt\u00e4j\u00e4 32 bitti\u00e4<\/div>\n<\/td>\n<\/tr>\n<tr>\n<td colspan=\"1\" rowspan=\"1\">\n<div class=\"magic-5\">Tunnisteen muototekij\u00e4<\/div>\n<\/td>\n<td colspan=\"1\" rowspan=\"1\">\n<div class=\"magic-6\">Kova tagi<\/div>\n<\/td>\n<\/tr>\n<tr>\n<td colspan=\"1\" rowspan=\"1\">\n<div class=\"magic-5\">Kiinnitysmenetelm\u00e4<\/div>\n<\/td>\n<td colspan=\"1\" rowspan=\"1\">\n<div class=\"magic-6\">Ruuvikiinnitys, kalvoliima<\/div>\n<\/td>\n<\/tr>\n<tr>\n<td colspan=\"1\" rowspan=\"1\">\n<div class=\"magic-5\">K\u00e4ytt\u00f6l\u00e4mp\u00f6tila<\/div>\n<\/td>\n<td colspan=\"1\" rowspan=\"1\">\n<div class=\"magic-6\">-35 \u00b0C \/ +90 \u00b0C<\/div>\n<\/td>\n<\/tr>\n<tr>\n<td colspan=\"1\" rowspan=\"1\">\n<div class=\"magic-5\">Lue Et\u00e4isyys<\/div>\n<\/td>\n<td colspan=\"1\" rowspan=\"1\">\n<div class=\"magic-6\">Jopa 10m<\/div>\n<\/td>\n<\/tr>\n<tr>\n<td colspan=\"1\" rowspan=\"1\">\n<div class=\"magic-8\">Soveltuvat pintamateriaalit<\/div>\n<\/td>\n<td colspan=\"1\" rowspan=\"1\">\n<div class=\"magic-6\">Metalliset ja ei-metalliset alustat<\/div>\n<\/td>\n<\/tr>\n<tr>\n<td colspan=\"1\" rowspan=\"1\">\n<div class=\"magic-7\">IP-luokitus<\/div>\n<\/td>\n<td colspan=\"1\" rowspan=\"1\">\n<div class=\"magic-6\">IP68<\/div>\n<\/td>\n<\/tr>\n<tr>\n<td colspan=\"1\" rowspan=\"1\">\n<div class=\"magic-7\">Sovellus<\/div>\n<\/td>\n<td colspan=\"1\" rowspan=\"1\">\n<div class=\"magic-6\" data-spm-anchor-id=\"a2700.details.0.i62.6b4c1284UGSrnr\">Kiinteist\u00f6ihin, raskaaseen teollisuuteen ja ulkok\u00e4ytt\u00f6\u00f6n<\/div>\n<\/td>\n<\/tr>\n<\/tbody>\n<\/table>\n<p>&nbsp;<\/p>\n<h2>UHF RFID -tunnisteet teollisuusymp\u00e4rist\u00f6ihin<\/h2>\n<p><strong>Ominaisuudet:<\/strong><\/p>\n<ul>\n<li><strong>Toimialastandardien yhteensopivuus:<\/strong>\u00a0Noudattaa ISO18000-6C (EPC C1G2) -standardia, mik\u00e4 takaa saumattoman integraation olemassa oleviin UHF RFID -j\u00e4rjestelmiin.<\/li>\n<li><strong>Universaalin pinnan yhteensopivuus:<\/strong>\u00a0Voidaan kiinnitt\u00e4\u00e4 erilaisiin pintoihin, kuten metalliin, muoviin ja jopa nesteisiin, joten ne sopivat ihanteellisesti erilaisiin sovelluksiin.<\/li>\n<li><strong>Ylivoimainen kest\u00e4vyys:<\/strong>\u00a0IP68-luokitus takaa erinomaisen p\u00f6lyn ja veden tunkeutumisenkest\u00e4vyyden, mik\u00e4 takaa luotettavan toiminnan haastavissa ymp\u00e4rist\u00f6iss\u00e4.<\/li>\n<li><strong>Tinkim\u00e4t\u00f6n suorituskyky:<\/strong>\u00a0Suunniteltu sek\u00e4 vedenpit\u00e4v\u00e4ksi ett\u00e4 t\u00f6rm\u00e4yst\u00e4 est\u00e4v\u00e4ksi, mik\u00e4 takaa tarkat ja tasaiset lukemat vaativissakin olosuhteissa.<\/li>\n<\/ul>\n<p><strong>Sovellukset:<\/strong><\/p>\n<ul>\n<li><strong>Omaisuudenhallinta:<\/strong>\u00a0Seuraa arvokkaiden laitteiden ja omaisuuden sijaintia ja tilaa.<\/li>\n<li><strong>Toimitusketjun optimointi:<\/strong>\u00a0Virtaviivaista logistiikkaa ja autoteollisuuden prosesseja seuraamalla varastoa, ajoneuvoja ja osia tehokkaasti.<\/li>\n<li><strong>Tuotantotehokkuus:<\/strong>\u00a0Optimoi valmistusprosessit ja seuraa ty\u00f6ntekij\u00f6iden tuottavuutta tehokkuuden parantamiseksi.<\/li>\n<li><strong>Resurssienhallinta ja turvallisuus:<\/strong>\u00a0Mahdollistaa laitteiden ja resurssien luotettava seuranta vaativissa ymp\u00e4rist\u00f6iss\u00e4, kuten \u00f6ljyn ja kaasun sek\u00e4 kaivostoiminnan, ja samalla parantaa ty\u00f6ntekij\u00f6iden turvallisuutta.<\/li>\n<\/ul>\n<p><strong>Edut:<\/strong><\/p>\n<ul>\n<li><strong>Tarkat ja reaaliaikaiset tiedot:<\/strong>\u00a0Saat v\u00e4litt\u00f6m\u00e4n n\u00e4kemyksen toiminnasta, mik\u00e4 helpottaa parempaa p\u00e4\u00e4t\u00f6ksentekoa.<\/li>\n<li><strong>Parannettu varastonhallinta:<\/strong>\u00a0Minimoi menetykset ja tuhlaukset yll\u00e4pit\u00e4m\u00e4ll\u00e4 kattavaa omaisuuden n\u00e4kyvyytt\u00e4.<\/li>\n<li><strong>Virtaviivaiset toiminnot:<\/strong>\u00a0Optimoi ty\u00f6nkulut ja minimoi seisokit tehokkuuden parantamiseksi.<\/li>\n<li><strong>Lis\u00e4\u00e4ntynyt turvallisuus:<\/strong>\u00a0Tunnista mahdolliset riskit ja suojaa ty\u00f6ntekij\u00e4t vaativissa ymp\u00e4rist\u00f6iss\u00e4.<\/li>\n<\/ul>","protected":false},"excerpt":{"rendered":"<p>ABS RFID -tunniste on pitk\u00e4n kantaman passiivinen UHF RFID -tunniste, joka pystyy lukemaan metallipintojen p\u00e4\u00e4ll\u00e4, pois p\u00e4\u00e4lt\u00e4 ja l\u00e4hell\u00e4. Se on suunniteltu pieneen muotoon, ja siin\u00e4 on kest\u00e4v\u00e4 vesitiivis kotelointi pitk\u00e4aikaiseen k\u00e4ytt\u00f6\u00f6n ulko- ja teollisuusymp\u00e4rist\u00f6iss\u00e4.<\/p>","protected":false},"featured_media":300,"template":"","meta":{"_kad_post_transparent":"default","_kad_post_title":"","_kad_post_layout":"default","_kad_post_sidebar_id":"","_kad_post_content_style":"default","_kad_post_vertical_padding":"default","_kad_post_feature":"","_kad_post_feature_position":"","_kad_post_header":false,"_kad_post_footer":false,"_kad_post_classname":""},"product_brand":[],"product_cat":[54],"product_tag":[122,121],"class_list":{"0":"post-299","1":"product","2":"type-product","3":"status-publish","4":"has-post-thumbnail","6":"product_cat-hot-selling-rfid-tags","7":"product_tag-on-metal-rfid-tags","8":"product_tag-uhf-industrial-on-metal-rfid-tags","10":"first","11":"instock","12":"shipping-taxable","13":"product-type-simple","14":"entry","15":"content-bg","16":"loop-entry"},"_links":{"self":[{"href":"https:\/\/rfid-laundry-tag.com\/fi\/wp-json\/wp\/v2\/product\/299","targetHints":{"allow":["GET"]}}],"collection":[{"href":"https:\/\/rfid-laundry-tag.com\/fi\/wp-json\/wp\/v2\/product"}],"about":[{"href":"https:\/\/rfid-laundry-tag.com\/fi\/wp-json\/wp\/v2\/types\/product"}],"version-history":[{"count":0,"href":"https:\/\/rfid-laundry-tag.com\/fi\/wp-json\/wp\/v2\/product\/299\/revisions"}],"wp:featuredmedia":[{"embeddable":true,"href":"https:\/\/rfid-laundry-tag.com\/fi\/wp-json\/wp\/v2\/media\/300"}],"wp:attachment":[{"href":"https:\/\/rfid-laundry-tag.com\/fi\/wp-json\/wp\/v2\/media?parent=299"}],"wp:term":[{"taxonomy":"product_brand","embeddable":true,"href":"https:\/\/rfid-laundry-tag.com\/fi\/wp-json\/wp\/v2\/product_brand?post=299"},{"taxonomy":"product_cat","embeddable":true,"href":"https:\/\/rfid-laundry-tag.com\/fi\/wp-json\/wp\/v2\/product_cat?post=299"},{"taxonomy":"product_tag","embeddable":true,"href":"https:\/\/rfid-laundry-tag.com\/fi\/wp-json\/wp\/v2\/product_tag?post=299"}],"curies":[{"name":"wp","href":"https:\/\/api.w.org\/{rel}","templated":true}]}}