{"id":2961,"date":"2025-11-22T13:55:10","date_gmt":"2025-11-22T13:55:10","guid":{"rendered":"https:\/\/rfid-laundry-tag.com\/?post_type=product&#038;p=2961"},"modified":"2025-11-22T13:55:11","modified_gmt":"2025-11-22T13:55:11","slug":"laundry-rfid-tags-top-5-manufacturer","status":"publish","type":"product","link":"https:\/\/rfid-laundry-tag.com\/fi\/laundry-rfid-tags-top-5-manufacturer\/","title":{"rendered":"Pesulan RFID-tunnisteiden TOP 5 valmistaja"},"content":{"rendered":"<p><a href=\"https:\/\/rfid-laundry-tag.com\/fi\/uhf-rfid-laundry-tags\/\"><strong>Pesujen RFID-tunnisteet<\/strong><\/a>\u00a0edustavat huippuluokan ratkaisua tekstiilien seurantaan ja hallintaan koko niiden elinkaaren ajan. N\u00e4m\u00e4 kest\u00e4v\u00e4t ja joustavat RFID-transponderit on valmistettu kankaasta, joka kest\u00e4\u00e4 l\u00e4mp\u00f6\u00e4, painetta ja venytyst\u00e4, joten ne sopivat ihanteellisesti esimerkiksi ty\u00f6vaatteiden, univormujen ja lakanoiden valvontaan. Yksil\u00f6llisell\u00e4 tunnisteella varustetut RFID-liinavaatetransponderit helpottavat kosketuksetonta pyykinpesun hallintaa ja parantavat digitaalista l\u00e4pin\u00e4kyvyytt\u00e4. IT-hallintaj\u00e4rjestelmiin integroituna RFID-teknologia mahdollistaa tekstiilien saumattoman seurannan lian ker\u00e4\u00e4misest\u00e4 pesuun ja jakeluun.<\/p>\n<table class=\"has-title is-zebra hight-light-first-column all magic-19\">\n<tbody>\n<tr>\n<td colspan=\"1\" rowspan=\"1\">\n<div class=\"magic-20\"><strong><span class=\"magic-21\">Tuote<\/span><\/strong><\/div>\n<\/td>\n<td colspan=\"1\" rowspan=\"1\">\n<div class=\"magic-22\">\u00a0Pesula RFID-tunnisteet<\/div>\n<\/td>\n<\/tr>\n<tr>\n<td colspan=\"1\" rowspan=\"1\">\n<div class=\"magic-20\"><span class=\"magic-21\">Koko<\/span><\/div>\n<\/td>\n<td colspan=\"1\" rowspan=\"1\">\n<div class=\"magic-22\"><span class=\"magic-21\">55 x 12 mm, 70 x 15 mm, 87 x 17 mm<\/span><\/div>\n<\/td>\n<\/tr>\n<tr>\n<td colspan=\"1\" rowspan=\"1\">\n<div class=\"magic-20\"><span class=\"magic-21\">Toimintataajuus<\/span><\/div>\n<\/td>\n<td colspan=\"1\" rowspan=\"1\">\n<div class=\"magic-22\"><span class=\"magic-21\" data-spm-anchor-id=\"a2700.details.0.i69.56bf53e8OmNXev\">865\u2013928 MHz<\/span><\/div>\n<\/td>\n<\/tr>\n<tr>\n<td colspan=\"1\" rowspan=\"1\">\n<div class=\"magic-20\"><span class=\"magic-21\">Tagin materiaali<\/span><\/div>\n<\/td>\n<td colspan=\"1\" rowspan=\"1\">\n<div class=\"magic-22\"><span class=\"magic-21\">Polyesteri\u00a0<\/span><\/div>\n<\/td>\n<\/tr>\n<tr>\n<td colspan=\"1\" rowspan=\"1\">\n<div class=\"magic-20\"><span class=\"magic-21\">Chips<\/span><\/div>\n<\/td>\n<td colspan=\"1\" rowspan=\"1\">\n<div class=\"magic-22\"><span class=\"magic-21\">U8, U9 jne.<\/span><\/div>\n<\/td>\n<\/tr>\n<tr>\n<td colspan=\"1\" rowspan=\"1\">\n<div class=\"magic-20\"><span class=\"magic-21\">Tag-takuu<\/span><\/div>\n<\/td>\n<td colspan=\"1\" rowspan=\"1\">\n<div class=\"magic-22\"><span class=\"magic-21\">Ensimm\u00e4isen 200 tai 300 pesukerran j\u00e4lkeen tai 3 vuoden kuluttua toimitusp\u00e4iv\u00e4st\u00e4<\/span><\/div>\n<\/td>\n<\/tr>\n<tr>\n<td colspan=\"1\" rowspan=\"1\">\n<div class=\"magic-20\"><span class=\"magic-21\">Lue Et\u00e4isyys<\/span><\/div>\n<\/td>\n<td colspan=\"1\" rowspan=\"1\">\n<div class=\"magic-22\"><span class=\"magic-21\">Jopa 8 metri\u00e4 (jopa 9 jalkaa), testattava lukijalla<\/span><\/div>\n<\/td>\n<\/tr>\n<tr>\n<td colspan=\"1\" rowspan=\"1\">\n<div class=\"magic-20\"><span class=\"magic-21\">S\u00e4ilytysl\u00e4mp\u00f6tila<\/span><\/div>\n<\/td>\n<td colspan=\"1\" rowspan=\"1\">\n<div class=\"magic-22\"><span class=\"magic-21\">-40 \u2103 - +120 \u2103 (-40 \u2109 - +248 \u2109)<\/span><\/div>\n<\/td>\n<\/tr>\n<tr>\n<td colspan=\"1\" rowspan=\"1\">\n<div class=\"magic-20\"><span class=\"magic-21\">lroner<\/span><\/div>\n<\/td>\n<td colspan=\"1\" rowspan=\"1\">\n<div class=\"magic-22\"><span class=\"magic-21\">+195 \u2103 (+383 F) 30 sekuntia &lt;18 baaria<\/span><\/div>\n<\/td>\n<\/tr>\n<tr>\n<td colspan=\"1\" rowspan=\"1\">\n<div class=\"magic-20\"><span class=\"magic-21\">Vedenpoistin<\/span><\/div>\n<\/td>\n<td colspan=\"1\" rowspan=\"1\">\n<div class=\"magic-22\"><span class=\"magic-21\">60 iskua, 80 sekuntia<\/span><\/div>\n<\/td>\n<\/tr>\n<tr>\n<td colspan=\"1\" rowspan=\"1\">\n<div class=\"magic-20\"><span class=\"magic-21\">Autoklaavi<\/span><\/div>\n<\/td>\n<td colspan=\"1\" rowspan=\"1\">\n<div class=\"magic-22\"><span class=\"magic-21\">Ilmanpoisto: +100 \u00b0C (+212 \u00b0F), 5 minuuttia, 0,1 bar,<\/span><\/div>\n<\/td>\n<\/tr>\n<tr>\n<td colspan=\"1\" rowspan=\"1\">\n<div class=\"magic-20\"><span class=\"magic-21\">Kuivaus<\/span><\/div>\n<\/td>\n<td colspan=\"1\" rowspan=\"1\">\n<div class=\"magic-22\"><span class=\"magic-21\">+45 \u2103 (+113 \u2109), 0,15 minuuttia, 0,2 baaria<\/span><\/div>\n<\/td>\n<\/tr>\n<tr>\n<td colspan=\"1\" rowspan=\"1\">\n<div class=\"magic-20\"><span class=\"magic-21\">Kemiallinen resistanssi<\/span><\/div>\n<\/td>\n<td colspan=\"1\" rowspan=\"1\">\n<div class=\"magic-22\" data-spm-anchor-id=\"a2700.details.0.i68.56bf53e8OmNXev\"><span class=\"magic-21\">Kaikki pesuprosessissa yleisesti k\u00e4ytett\u00e4v\u00e4t kemikaalit<\/span><\/div>\n<\/td>\n<\/tr>\n<\/tbody>\n<\/table>\n<div>\n<figure id=\"attachment_2928\" class=\"wp-caption alignnone\" aria-describedby=\"caption-attachment-2928\"><a href=\"https:\/\/rfid-laundry-tag.com\/fi\/uhf-rfid-laundry-tags\/\"><img fetchpriority=\"high\" decoding=\"async\" class=\"size-full wp-image-2928\" title=\"Pesulan RFID-tunnisteet TOP 5 Valmistaja 4\" src=\"https:\/\/www.rfidtaglaundry.com\/wp-content\/uploads\/2024\/11\/6_H39416607c5cf4905b542e69b55e844a5b.jpg\" sizes=\"(max-width: 800px) 100vw, 800px\" srcset=\"https:\/\/www.rfidtaglaundry.com\/wp-content\/uploads\/2024\/11\/6_H39416607c5cf4905b542e69b55e844a5b.jpg 800w, https:\/\/www.rfidtaglaundry.com\/wp-content\/uploads\/2024\/11\/6_H39416607c5cf4905b542e69b55e844a5b-300x300.jpg 300w, https:\/\/www.rfidtaglaundry.com\/wp-content\/uploads\/2024\/11\/6_H39416607c5cf4905b542e69b55e844a5b-150x150.jpg 150w, https:\/\/www.rfidtaglaundry.com\/wp-content\/uploads\/2024\/11\/6_H39416607c5cf4905b542e69b55e844a5b-768x768.jpg 768w, https:\/\/www.rfidtaglaundry.com\/wp-content\/uploads\/2024\/11\/6_H39416607c5cf4905b542e69b55e844a5b-12x12.jpg 12w, https:\/\/www.rfidtaglaundry.com\/wp-content\/uploads\/2024\/11\/6_H39416607c5cf4905b542e69b55e844a5b-600x600.jpg 600w, https:\/\/www.rfidtaglaundry.com\/wp-content\/uploads\/2024\/11\/6_H39416607c5cf4905b542e69b55e844a5b-100x100.jpg 100w\" alt=\"Laundry RFID Tags\" width=\"800\" height=\"800\" \/><\/a><figcaption id=\"caption-attachment-2928\" class=\"wp-caption-text\">Pesula RFID-tunnisteet<\/figcaption><\/figure>\n<\/div>\n<div>\n<h3>Usein kysytyt kysymykset (UKK) pyykinpesun RFID-tunnisteista<\/h3>\n<p><strong>K1: Mit\u00e4 ongelmia pyykinpesun RFID-tunnisteet ratkaisevat pesuprosessin aikana?<\/strong><br \/>\n<strong>A1:<\/strong>\u00a0Yksi merkitt\u00e4v\u00e4 ongelma on, ett\u00e4 tunnisteet voivat vaurioitua helposti, mik\u00e4 johtaa tietojen menetykseen. Ratkaisumme hy\u00f6dynt\u00e4\u00e4 teollisuusluokan polyesteri\u00e4 ja korkean l\u00e4mp\u00f6tilan kovettumistekniikkaa, jonka ansiosta tunnisteet kest\u00e4v\u00e4t 195 \u00b0C:n silityksen ja 60 baarin vedenpaineen, mik\u00e4 sopii t\u00e4ydellisesti hotellien liinavaatteiden sterilointiprosesseihin. Ainutlaatuinen kemikaaleja kest\u00e4v\u00e4 pinnoitteemme suojaa valkaisuaineelta ja vahvoilta em\u00e4ksisilt\u00e4 pesuaineilta varmistaen, ettei U8-siru vahingoitu yli 300 pesun aikana. Taustana on 15 vuoden kokemus.<\/p>\n<p><strong>K2: Miten taginne parantavat lajittelutehokkuutta?<\/strong><br \/>\n<strong>A2:<\/strong>\u00a0Perinteisill\u00e4 tunnisteilla on usein lyhyet lukuet\u00e4isyydet, mik\u00e4 voi haitata lajittelun tehokkuutta. RFID-teknologiamme tarjoaa vaikuttavan 9 metrin lukuet\u00e4isyyden, kun alan keskiarvo on 5 metri\u00e4. Yhdess\u00e4 suunta-antennien kanssa t\u00e4m\u00e4 parantaa er\u00e4skannausta pyykinhihnoilla ja parantaa lajittelutehokkuutta 60%:ll\u00e4. Tunnisteemme tukevat my\u00f6s koko taajuusaluetta 865\u2013928 MHz ja ovat yhteensopivia johtavien RFID-laitteiden kanssa maailmanlaajuisesti.<\/p>\n<p><strong>K3: Miten tunnisteenne v\u00e4hent\u00e4v\u00e4t toimintakustannuksia?<\/strong><br \/>\n<strong>A3:<\/strong>\u00a0Usein toistuvat tunnisteiden vaihdot nostavat k\u00e4ytt\u00f6kustannuksia. Tarjoamme uraauurtavan kaksoistakuun &quot;3 vuotta tai 300 pesua&quot;, joka alentaa elinkaarikustannuksia 42% verrattuna tavallisiin tunnisteisiin. Modulaarinen sirurakenteemme tukee saumattomia p\u00e4ivityksi\u00e4 U8-versioista U9-versioihin, mik\u00e4 est\u00e4\u00e4 t\u00e4ydellisen tunnisteiden vaihdon tarpeen laitemuutosten vuoksi. Tunnisteemme on sertifioitu 2000 teollisen pesun testiss\u00e4, mik\u00e4 tekee niist\u00e4 ihanteellisia liinavaatevuokrausyritysten tiloihin, joissa laitteita vaihdetaan usein.<\/p>\n<p><strong>Tehtaan etu:<\/strong>\u00a0Olemme yksi maailman viidest\u00e4 suurimmasta pyykinpesun RFID-tunnisteiden valmistajasta, jolla on 15 vuoden kokemus RF-teknologiasta. Tarjoamme kattavia ratkaisuja sirujen pakkaamisesta skenaariotestaukseen. Olemme toimittaneet yli 200 miljoonaa erikoispesulatunnistetta asiakkaille, kuten Hiltonille ja Mayo Clinicille, ja ammattitaitoinen tiimimme tukee niit\u00e4 r\u00e4\u00e4t\u00e4l\u00f6idyss\u00e4 kehityksess\u00e4.<\/p>\n<\/div>\n<div class=\"auto-hide-last-sibling-br paragraph_1252f paragraph-element\">\n<p>&nbsp;<\/p>\n<h2>Muuttuva data pyykinpesun RFID-tunnisteille<\/h2>\n<p>Jokainen<a href=\"https:\/\/rfid-laundry-tag.com\/fi\/uhf-rfid-laundry-tags\/\">\u00a0pyykin RFID-tunniste<\/a>\u00a0on varustettu muuttuvalla datalla, mukaan lukien:<\/p>\n<ul>\n<li><strong>Lasertulostetut tiedot<\/strong>T\u00e4m\u00e4 sis\u00e4lt\u00e4\u00e4 EPC-koodit, 1D- ja 2D-viivakoodit, QR-koodit ja logot.<\/li>\n<li><strong>RFID-sirun datan ohjelmointi<\/strong>Tunnisteet voidaan ohjelmoida EPC-koodauksella ja lukita salasanalla.<\/li>\n<li><strong>Kattava testaus<\/strong>Kaikki tiedot, mukaan lukien EPC-koodaus ja TID, testataan 100%-standardin mukaisesti, jotta varmistetaan kunkin tunnisteen tarkka vastaavuus.<\/li>\n<\/ul>\n<h2>Asennusmenetelm\u00e4t<\/h2>\n<ul>\n<li><strong>Ommelmerkint\u00e4<\/strong>Ihanteellinen tekstiilien helmojen ompeluun, varmistaen, ett\u00e4 laput sijoitetaan pois taitoslinjoista optimaalisen kest\u00e4vyyden takaamiseksi.<\/li>\n<li><strong>Kuumasaumaus<\/strong>Tunnisteet voidaan l\u00e4mp\u00f6sinet\u00f6id\u00e4 suoraan tekstiileihin +200 \u00b0C:ssa 12\u201314 sekunnin ajan.<\/li>\n<li><strong>Pussissa<\/strong>Tavallisten hoito-ohjeiden tapaan n\u00e4m\u00e4 laput voidaan ommella pussiin, jolloin ne pysyv\u00e4t turvassa ja helposti saatavilla.<\/li>\n<\/ul>\n<h2>Pesula-RFID-tunnisteiden sovellukset<\/h2>\n<p>Pesula-RFID-tunnisteet ovat monipuolisia ja niit\u00e4 voidaan k\u00e4ytt\u00e4\u00e4 useilla eri toimialoilla tekstiilivarojen seurantaan, mukaan lukien:<\/p>\n<ul>\n<li><strong>Terveydenhuolto<\/strong>Liinavaatteiden, univormujen, maskien ja moppien valvonta.<\/li>\n<li><strong>Vieraanvaraisuus<\/strong>Liinavaatteiden ja univormujen hallinta hotelleissa ja ravintoloissa.<\/li>\n<li><strong>Muotivaatteet<\/strong>Vaatteiden ja asusteiden varastonhallinnan ja seurannan parantaminen.<\/li>\n<\/ul>\n<p>Muoti- ja vaatetusteollisuuden kehittyess\u00e4 kehittyneiden teknologisten ratkaisujen kysynt\u00e4 kasvaa. RFID-teknologiasta on tullut t\u00e4rke\u00e4 ty\u00f6kalu toiminnan tehokkuuden parantamiseen, asiakaskokemusten parantamiseen ja kest\u00e4v\u00e4n kehityksen aloitteiden tukemiseen. RFID-teknologian k\u00e4ytt\u00f6\u00f6notto\u00a0<strong>pyykinpesun RFID-tunnisteet<\/strong>\u00a0vaatetus- ja tekstiiliteollisuuden hallinnan kehitys on mullistanut organisaatioiden pyykinpesutoimintojen valvontaa, mahdollistaen reaaliaikaisen seurannan, paremman varastonhallinnan, toimitusketjun n\u00e4kyvyyden ja kest\u00e4v\u00e4n kehityksen.<\/p>\n<p>Ottamalla k\u00e4ytt\u00f6\u00f6n n\u00e4it\u00e4 innovatiivisia ratkaisuja yritykset voivat virtaviivaistaa prosessejaan ja vastata dynaamisten markkinoiden kasvaviin vaatimuksiin.<\/p>\n<\/div>","protected":false},"excerpt":{"rendered":"<p>Yhten\u00e4 maailman johtavista RFID-tunnisteiden valmistajista olemme erikoistuneet <strong>Pesula RFID-tunnisteet<\/strong>, joka tarjoaa r\u00e4\u00e4t\u00e4l\u00f6ityj\u00e4 ratkaisuja 15 vuoden kokemuksella ja yli 200 miljoonalla toimitetulla tunnisteella.<\/p>","protected":false},"featured_media":2964,"template":"","meta":{"_kad_post_transparent":"default","_kad_post_title":"","_kad_post_layout":"default","_kad_post_sidebar_id":"","_kad_post_content_style":"default","_kad_post_vertical_padding":"default","_kad_post_feature":"","_kad_post_feature_position":"","_kad_post_header":false,"_kad_post_footer":false,"_kad_post_classname":""},"product_brand":[],"product_cat":[16,19],"product_tag":[24,367,342,339,65,30],"class_list":{"0":"post-2961","1":"product","2":"type-product","3":"status-publish","4":"has-post-thumbnail","6":"product_cat-uhf-rfid-laundry-tags","7":"product_cat-textile-rfid-laundry-tag","8":"product_tag-laundry-rfid-tags","9":"product_tag-laundry-rfid-tags-top-5-manufacturer","10":"product_tag-rfid-laundry-tags","11":"product_tag-rfid-washable-tags","12":"product_tag-textile-rfid-laundry-tags","13":"product_tag-uhf-rfid-laundry-tag","15":"first","16":"instock","17":"featured","18":"shipping-taxable","19":"product-type-simple","20":"entry","21":"content-bg","22":"loop-entry"},"_links":{"self":[{"href":"https:\/\/rfid-laundry-tag.com\/fi\/wp-json\/wp\/v2\/product\/2961","targetHints":{"allow":["GET"]}}],"collection":[{"href":"https:\/\/rfid-laundry-tag.com\/fi\/wp-json\/wp\/v2\/product"}],"about":[{"href":"https:\/\/rfid-laundry-tag.com\/fi\/wp-json\/wp\/v2\/types\/product"}],"version-history":[{"count":1,"href":"https:\/\/rfid-laundry-tag.com\/fi\/wp-json\/wp\/v2\/product\/2961\/revisions"}],"predecessor-version":[{"id":2966,"href":"https:\/\/rfid-laundry-tag.com\/fi\/wp-json\/wp\/v2\/product\/2961\/revisions\/2966"}],"wp:featuredmedia":[{"embeddable":true,"href":"https:\/\/rfid-laundry-tag.com\/fi\/wp-json\/wp\/v2\/media\/2964"}],"wp:attachment":[{"href":"https:\/\/rfid-laundry-tag.com\/fi\/wp-json\/wp\/v2\/media?parent=2961"}],"wp:term":[{"taxonomy":"product_brand","embeddable":true,"href":"https:\/\/rfid-laundry-tag.com\/fi\/wp-json\/wp\/v2\/product_brand?post=2961"},{"taxonomy":"product_cat","embeddable":true,"href":"https:\/\/rfid-laundry-tag.com\/fi\/wp-json\/wp\/v2\/product_cat?post=2961"},{"taxonomy":"product_tag","embeddable":true,"href":"https:\/\/rfid-laundry-tag.com\/fi\/wp-json\/wp\/v2\/product_tag?post=2961"}],"curies":[{"name":"wp","href":"https:\/\/api.w.org\/{rel}","templated":true}]}}