{"id":2942,"date":"2025-10-27T13:54:59","date_gmt":"2025-10-27T13:54:59","guid":{"rendered":"https:\/\/rfid-laundry-tag.com\/?post_type=product&#038;p=2942"},"modified":"2025-10-27T14:13:32","modified_gmt":"2025-10-27T14:13:32","slug":"iron-heating-sealed-rfid-laundry-tag","status":"publish","type":"product","link":"https:\/\/rfid-laundry-tag.com\/fi\/iron-heating-sealed-rfid-laundry-tag\/","title":{"rendered":"Rautal\u00e4mmityssinet\u00f6ity RFID-pyykkitunniste"},"content":{"rendered":"<div>\n<div class=\"auto-hide-last-sibling-br paragraph_1252f paragraph-element\">\n<h2 data-start=\"0\" data-end=\"75\"><strong data-start=\"0\" data-end=\"75\">L\u00e4mmitett\u00e4v\u00e4 sinet\u00f6ity RFID-pyykkitunniste \u2013 kest\u00e4v\u00e4, tehokas ja luotettava<\/strong><\/h2>\n<p data-start=\"77\" data-end=\"443\">The <strong data-start=\"81\" data-end=\"121\">Rautal\u00e4mmityssinet\u00f6ity RFID-pyykkitunniste<\/strong> on tehokas ratkaisu tekstiilien tunnistamiseen ja seurantaan, joka on erityisesti suunniteltu teollisen pesulan, terveydenhuollon ja univormujen hallinnan aloille. Erinomaisen kest\u00e4vyytens\u00e4 ansiosta se loistaa vaativissa pesulaolosuhteissa ja varmistaa pyykkituotteiden pitk\u00e4aikaisen ja saumattoman seurannan kaikkialla Euroopassa, Yhdysvalloissa ja Kanadassa.<\/p>\n<h3 data-start=\"445\" data-end=\"462\">T\u00e4rkeimm\u00e4t edut:<\/h3>\n<ul data-start=\"463\" data-end=\"937\">\n<li data-start=\"463\" data-end=\"616\">\n<p data-start=\"465\" data-end=\"616\"><strong data-start=\"465\" data-end=\"496\">Vedenpit\u00e4v\u00e4 ja l\u00e4mm\u00f6nkest\u00e4v\u00e4<\/strong>Kest\u00e4\u00e4 pesuaineita, valkaisuainetta ja korkeita l\u00e4mp\u00f6tiloja varmistaen kest\u00e4vyyden teollisissa pyykinpesuprosesseissa.<\/p>\n<\/li>\n<li data-start=\"617\" data-end=\"731\">\n<p data-start=\"619\" data-end=\"731\"><strong data-start=\"619\" data-end=\"647\">Pitk\u00e4kestoinen suorituskyky<\/strong>Kest\u00e4\u00e4 jopa <strong data-start=\"663\" data-end=\"685\">200 pesukertaa<\/strong> tai <strong data-start=\"689\" data-end=\"703\">300 pesua<\/strong>, mik\u00e4 takaa pitk\u00e4aikaisen k\u00e4yt\u00f6n.<\/p>\n<\/li>\n<li data-start=\"732\" data-end=\"829\">\n<p data-start=\"734\" data-end=\"829\"><strong data-start=\"734\" data-end=\"757\">Erinomainen lukuet\u00e4isyys<\/strong>Tarjoaa lukuet\u00e4isyyden <strong data-start=\"785\" data-end=\"800\">8\u201312 metri\u00e4<\/strong> nopeaa ja tarkkaa skannausta varten.<\/p>\n<\/li>\n<li data-start=\"830\" data-end=\"937\">\n<p data-start=\"832\" data-end=\"937\"><strong data-start=\"832\" data-end=\"852\">Nopea toimitusaika<\/strong>Nopea toimitusaika, vain <strong data-start=\"877\" data-end=\"887\">3 p\u00e4iv\u00e4\u00e4<\/strong>, varmistaen, ett\u00e4 saat tarvitsemasi silloin, kun sit\u00e4 tarvitset.<\/p>\n<\/li>\n<\/ul>\n<h3 data-start=\"939\" data-end=\"956\">Avainominaisuudet:<\/h3>\n<ul data-start=\"957\" data-end=\"1499\">\n<li data-start=\"957\" data-end=\"1123\">\n<p data-start=\"959\" data-end=\"1123\"><strong data-start=\"959\" data-end=\"990\">Kemikaalien ja vedenkest\u00e4vyys<\/strong>T\u00e4m\u00e4 RFID-tunniste on rakennettu kest\u00e4m\u00e4\u00e4n pesuaineita, huuhteluaineita, valkaisuaineita ja em\u00e4ksisi\u00e4 k\u00e4sittelyj\u00e4, ja se pysyy toimintakunnossa vaativissa olosuhteissa.<\/p>\n<\/li>\n<li data-start=\"1124\" data-end=\"1248\">\n<p data-start=\"1126\" data-end=\"1248\"><strong data-start=\"1126\" data-end=\"1152\">L\u00e4mp\u00f6saumattu tekniikka<\/strong>Helposti integroitavissa l\u00e4mp\u00f6saumauskoneisiin, mik\u00e4 takaa lujan ja pysyv\u00e4n kiinnityksen kankaisiin.<\/p>\n<\/li>\n<li data-start=\"1249\" data-end=\"1388\">\n<p data-start=\"1251\" data-end=\"1388\"><strong data-start=\"1251\" data-end=\"1272\">Silitett\u00e4v\u00e4 ja ommeltava<\/strong>Joustava kiinnitys l\u00e4mp\u00f6pr\u00e4ssin tai ompelun avulla, ihanteellinen etikettien upottamiseen tekstiilien reunoihin tai hoito-ohjeisiin.<\/p>\n<\/li>\n<li data-start=\"1389\" data-end=\"1499\">\n<p data-start=\"1391\" data-end=\"1499\"><strong data-start=\"1391\" data-end=\"1421\">Korkeiden l\u00e4mp\u00f6tilojen kest\u00e4v\u00e4<\/strong>Suunniteltu kest\u00e4m\u00e4\u00e4n voimakasta teollisen pesulan l\u00e4mp\u00f6\u00e4 ja mekaanista rasitusta.<\/p>\n<\/li>\n<\/ul>\n<h3 data-start=\"1501\" data-end=\"1530\">Tekniset tiedot:<\/h3>\n<ul data-start=\"1531\" data-end=\"2169\">\n<li data-start=\"1531\" data-end=\"1653\">\n<p data-start=\"1533\" data-end=\"1653\"><strong data-start=\"1533\" data-end=\"1549\">Kokovaihtoehdot<\/strong>Koot: 35 mm x 15 mm, 58 mm x 15 mm, 70 mm x 10 mm, 70 mm x 15 mm, 75 mm x 12 mm, 75 mm x 15 mm (saatavilla my\u00f6s mittatilausty\u00f6n\u00e4).<\/p>\n<\/li>\n<li data-start=\"1654\" data-end=\"1710\">\n<p data-start=\"1656\" data-end=\"1710\"><strong data-start=\"1656\" data-end=\"1674\">RFID-standardit<\/strong>ISO\/IEC 18000-6 tyyppi C (EPC Gen2).<\/p>\n<\/li>\n<li data-start=\"1711\" data-end=\"1770\">\n<p data-start=\"1713\" data-end=\"1770\"><strong data-start=\"1713\" data-end=\"1729\">Sirun asetukset<\/strong>NXP U CODE 9, Alien H9 jne.<\/p>\n<\/li>\n<li data-start=\"1771\" data-end=\"1813\">\n<p data-start=\"1773\" data-end=\"1813\"><strong data-start=\"1773\" data-end=\"1783\">Muisti<\/strong>EPC 128 bitti\u00e4, k\u00e4ytt\u00e4j\u00e4 512 bitti\u00e4.<\/p>\n<\/li>\n<li data-start=\"1814\" data-end=\"1852\">\n<p data-start=\"1816\" data-end=\"1852\"><strong data-start=\"1816\" data-end=\"1830\">Lue Range<\/strong>8\u201310 miljoonaa (FCC\/ETSI).<\/p>\n<\/li>\n<li data-start=\"1853\" data-end=\"1927\">\n<p data-start=\"1855\" data-end=\"1927\"><strong data-start=\"1855\" data-end=\"1874\">Merkint\u00e4menetelm\u00e4t<\/strong>L\u00e4mp\u00f6saumaus, kuumaleimausliima tai rei&#039;itys.<\/p>\n<\/li>\n<li data-start=\"1928\" data-end=\"2042\">\n<p data-start=\"1930\" data-end=\"2042\"><strong data-start=\"1930\" data-end=\"1956\">L\u00e4mp\u00f6tila ja kosteus<\/strong>Toimii v\u00e4lill\u00e4 <strong data-start=\"1975\" data-end=\"1993\">-20 \u00b0C - 110 \u00b0C<\/strong>; s\u00e4ilytysalue; <strong data-start=\"2009\" data-end=\"2027\">-40 \u00b0C - 110 \u00b0C<\/strong> 8-95% RH:n kanssa.<\/p>\n<\/li>\n<li data-start=\"2043\" data-end=\"2169\">\n<p data-start=\"2045\" data-end=\"2169\"><strong data-start=\"2045\" data-end=\"2072\">Pesu ja sterilointi<\/strong>Kest\u00e4\u00e4 pesul\u00e4mp\u00f6tiloja jopa <strong data-start=\"2111\" data-end=\"2119\">90 \u00b0C<\/strong> ja sterilointia <strong data-start=\"2141\" data-end=\"2168\">135\u00b0C 15\u201320 minuuttia<\/strong>.<\/p>\n<\/li>\n<\/ul>\n<\/div>\n<\/div>\n<h2 data-start=\"2812\" data-end=\"3015\"><strong>Datalehti<\/strong><\/h2>\n<div>\n<div class=\"auto-hide-last-sibling-br paragraph_1252f paragraph-element\">\n<div>\n<table width=\"637\">\n<tbody>\n<tr>\n<td width=\"328\">Tuotteen nimi:<\/td>\n<td width=\"309\">Rautal\u00e4mmityssinet\u00f6ity RFID-pyykkitunniste<\/td>\n<\/tr>\n<tr>\n<td width=\"328\">RFID-standardi:<\/td>\n<td width=\"309\">ISO\/IEC 18000-6 TypeC (EPC Gen2)<\/td>\n<\/tr>\n<tr>\n<td width=\"328\">Koko ja paino:<\/td>\n<td width=\"309\">\u00a035 mm x 15 mm; 58 mm x 15 mm; 70 mm x 10 mm 70 x 15 mm 75 x 12 mm 75 x 15 mm tai r\u00e4\u00e4t\u00e4l\u00f6ityn\u00e4<\/td>\n<\/tr>\n<tr>\n<td width=\"328\">Sirun tyyppi:<\/td>\n<td width=\"309\">Monza 4QT, NXP U CODE 9, Alien H9 jne.<\/td>\n<\/tr>\n<tr>\n<td width=\"328\">EPC-muisti:<\/td>\n<td width=\"309\">128 bitti\u00e4<\/td>\n<\/tr>\n<tr>\n<td width=\"328\">K\u00e4ytt\u00e4j\u00e4n muisti:<\/td>\n<td width=\"309\">512 bitti\u00e4<\/td>\n<\/tr>\n<tr>\n<td width=\"328\">Lukualue (2W ERP FCC):<\/td>\n<td width=\"309\">8\u201310 miljoonaa<\/td>\n<\/tr>\n<tr>\n<td width=\"328\">Lukualue (2W ERP ETSI):<\/td>\n<td width=\"309\">8\u201310 miljoonaa<\/td>\n<\/tr>\n<tr>\n<td width=\"328\">Tunnisteet:<\/td>\n<td width=\"309\">Kuumaleimausliima, l\u00e4mmitystiiviste, reik\u00e4 jne.<\/td>\n<\/tr>\n<tr>\n<td width=\"328\">Arvioitu k\u00e4ytt\u00f6ik\u00e4:<\/td>\n<td width=\"309\">200 pesukertaa tai 300 pesukertaa<\/td>\n<\/tr>\n<tr>\n<td width=\"328\">Pesumenetelm\u00e4:<\/td>\n<td width=\"309\">Pesula, Kemiallinen pesu<\/td>\n<\/tr>\n<tr>\n<td width=\"328\">Vedenpoistopaine:<\/td>\n<td width=\"309\">60 bar<\/td>\n<\/tr>\n<tr>\n<td width=\"328\">Vedenkest\u00e4vyys:<\/td>\n<td width=\"309\">Vedenkest\u00e4v\u00e4<\/td>\n<\/tr>\n<tr>\n<td width=\"328\">Kemiallinen resistanssi:<\/td>\n<td width=\"309\">Pesuaine, huuhteluaine, valkaisuaine (happi\/kloori), alkali<\/td>\n<\/tr>\n<tr>\n<td width=\"328\">Esikuivaus Tumblerissa:<\/td>\n<td width=\"309\">125 \u00baC 15-20 minuuttia<\/td>\n<\/tr>\n<tr>\n<td width=\"328\">Sterilointil\u00e4mp\u00f6tila:<\/td>\n<td width=\"309\">135\u00b0C 15-20 minuuttia<\/td>\n<\/tr>\n<tr>\n<td width=\"328\">Pesul\u00e4mp\u00f6tila:<\/td>\n<td width=\"309\">90\u00b0C, jopa 15 min.<\/td>\n<\/tr>\n<tr>\n<td width=\"328\">Kosteus\/l\u00e4mp\u00f6tila-k\u00e4ytt\u00f6:<\/td>\n<td width=\"309\">-20 - 110 \u00b0C, 8 - 95%RH<\/td>\n<\/tr>\n<tr>\n<td width=\"328\">Kosteus\/l\u00e4mp\u00f6tila-varastointi:<\/td>\n<td width=\"309\">-40 - 110 \u00b0C, 8 - 95%RH<\/td>\n<\/tr>\n<\/tbody>\n<\/table>\n<\/div>\n<\/div>\n<\/div>\n<div><\/div>\n<div class=\"auto-hide-last-sibling-br paragraph_1252f paragraph-element\"><span class=\"AnswerParser_TextContainer__z_Iiv\" data-testid=\"youchat-text\"><strong>RFID UHF-pesutunnisteet<\/strong> ovat lopullinen ratkaisu ty\u00f6vaatteiden, hotellipyyhkeiden ja sairaalan vuodevaatteiden tehokkaaseen hallintaan. N\u00e4m\u00e4 kest\u00e4v\u00e4t tunnisteet on suunniteltu kest\u00e4m\u00e4\u00e4n korkeita l\u00e4mp\u00f6tiloja ja kovia kemikaaleja, joita tyypillisesti k\u00e4ytet\u00e4\u00e4n teollisissa pesuprosesseissa. Niiden vankka rakenne varmistaa, ett\u00e4 ne pysyv\u00e4t toimivina jopa useiden pesukertojen j\u00e4lkeen, mik\u00e4 tekee niist\u00e4 korvaamattoman hy\u00f6dyn miss\u00e4 tahansa pesussa.<\/span><span class=\"AnswerParser_TextContainer__z_Iiv\" data-testid=\"youchat-text\">Integroimalla RFID-teknologian pyykinhallintaj\u00e4rjestelm\u00e4\u00e4si voit v\u00e4hent\u00e4\u00e4 k\u00e4sittelykustannuksia merkitt\u00e4v\u00e4sti. RFID-yhdysk\u00e4yt\u00e4v\u00e4t ja laskurit virtaviivaistavat seurantaprosessia, jolloin voit paikantaa ja tunnistaa pyykkitarvikkeet nopeasti. T\u00e4m\u00e4 paitsi s\u00e4\u00e4st\u00e4\u00e4 aikaa, my\u00f6s parantaa varaston tarkkuutta, jolloin voit seurata pesujaksoja helposti. RFID UHF -pyykkitunnisteiden avulla parannat toimintasi tehokkuutta ja varmistat, ett\u00e4 pyykkiesi huomioidaan aina.<\/span><\/div>\n<div><\/div>\n<div>\n<h3 data-start=\"2171\" data-end=\"2219\">Optimoitu teollisiin pesuloihin:<\/h3>\n<p data-start=\"2220\" data-end=\"2515\">RFID UHF -pyykkitunnisteet tarjoavat tehokasta omaisuudenhallintaa ty\u00f6asuille, hotellien liinavaatteille, sairaalatekstiileille ja muille tuotteille. Ne kest\u00e4v\u00e4t korkeita l\u00e4mp\u00f6tiloja ja voimakkaita kemikaaleja, joten ne pysyv\u00e4t toimivina my\u00f6s useiden pesukertojen j\u00e4lkeen, mik\u00e4 varmistaa pyykinpesun sujuvan toiminnan.<\/p>\n<p data-start=\"2517\" data-end=\"2583\">Integroimalla RFID:n pyykinpesuj\u00e4rjestelm\u00e4\u00e4si saat:<\/p>\n<ul data-start=\"2584\" data-end=\"2810\">\n<li data-start=\"2584\" data-end=\"2675\">\n<p data-start=\"2586\" data-end=\"2675\"><strong data-start=\"2586\" data-end=\"2609\">Parannettu tehokkuus<\/strong>Nopeampi ja tarkempi varastonseuranta v\u00e4hent\u00e4\u00e4 k\u00e4sittelykustannuksia.<\/p>\n<\/li>\n<li data-start=\"2676\" data-end=\"2810\">\n<p data-start=\"2678\" data-end=\"2810\"><strong data-start=\"2678\" data-end=\"2699\">Parempi tarkkuus<\/strong>RFID-teknologia varmistaa tarkan paikannuksen, v\u00e4hent\u00e4\u00e4 virheit\u00e4 ja varmistaa, ett\u00e4 nimikkeet pidet\u00e4\u00e4n kirjaa.<\/p>\n<\/li>\n<\/ul>\n<p data-start=\"2812\" data-end=\"3015\"><strong data-start=\"2812\" data-end=\"2853\">Rautal\u00e4mmityssinet\u00f6idyt RFID-pyykkitunnisteet<\/strong> Tee pyykinpesutoiminnastasi nopeampaa, luotettavampaa ja kustannustehokkaampaa, virtaviivaista ty\u00f6nkulkuasi ja varmista, ett\u00e4 vaatteesi pysyv\u00e4t j\u00e4ljitett\u00e4vin\u00e4 jokaisen pesun ajan.<\/p>\n<\/div>\n<div data-spm-anchor-id=\"a2700.details.0.i57.23b419c7xXORP0\"><\/div>\n<div class=\"auto-hide-last-sibling-br paragraph_1252f paragraph-element\"><\/div>\n<div class=\"auto-hide-last-sibling-br paragraph_1252f paragraph-element\"><\/div>","protected":false},"excerpt":{"rendered":"<p>Olemme TOP 5 -valmistaja raudanl\u00e4mmityksell\u00e4 varustettujen RFID-pyykkitunnisteiden tuotannossa<strong>.RFID-pyykkitunniste<\/strong>\u00a0Varmistaa kest\u00e4v\u00e4n tekstiilien seurannan terveydenhuollossa, pesuloissa ja univormuissa kaikkialla Euroopassa, Yhdysvalloissa ja Kanadassa \u2013 kest\u00e4\u00e4 ankaria pesuohjelmia.<\/p>","protected":false},"featured_media":2943,"template":"","meta":{"_kad_post_transparent":"default","_kad_post_title":"","_kad_post_layout":"default","_kad_post_sidebar_id":"","_kad_post_content_style":"default","_kad_post_vertical_padding":"default","_kad_post_feature":"","_kad_post_feature_position":"","_kad_post_header":false,"_kad_post_footer":false,"_kad_post_classname":""},"product_brand":[],"product_cat":[16],"product_tag":[364,363,338,342,339,65,30],"class_list":{"0":"post-2942","1":"product","2":"type-product","3":"status-publish","4":"has-post-thumbnail","6":"product_cat-uhf-rfid-laundry-tags","7":"product_tag-heating-sealed-rfid-laundry-tag","8":"product_tag-iron-heating-sealed-rfid-laundry-tag","9":"product_tag-rfid-chips-for-uniforms","10":"product_tag-rfid-laundry-tags","11":"product_tag-rfid-washable-tags","12":"product_tag-textile-rfid-laundry-tags","13":"product_tag-uhf-rfid-laundry-tag","15":"first","16":"instock","17":"featured","18":"shipping-taxable","19":"product-type-simple","20":"entry","21":"content-bg","22":"loop-entry"},"_links":{"self":[{"href":"https:\/\/rfid-laundry-tag.com\/fi\/wp-json\/wp\/v2\/product\/2942","targetHints":{"allow":["GET"]}}],"collection":[{"href":"https:\/\/rfid-laundry-tag.com\/fi\/wp-json\/wp\/v2\/product"}],"about":[{"href":"https:\/\/rfid-laundry-tag.com\/fi\/wp-json\/wp\/v2\/types\/product"}],"version-history":[{"count":2,"href":"https:\/\/rfid-laundry-tag.com\/fi\/wp-json\/wp\/v2\/product\/2942\/revisions"}],"predecessor-version":[{"id":2948,"href":"https:\/\/rfid-laundry-tag.com\/fi\/wp-json\/wp\/v2\/product\/2942\/revisions\/2948"}],"wp:featuredmedia":[{"embeddable":true,"href":"https:\/\/rfid-laundry-tag.com\/fi\/wp-json\/wp\/v2\/media\/2943"}],"wp:attachment":[{"href":"https:\/\/rfid-laundry-tag.com\/fi\/wp-json\/wp\/v2\/media?parent=2942"}],"wp:term":[{"taxonomy":"product_brand","embeddable":true,"href":"https:\/\/rfid-laundry-tag.com\/fi\/wp-json\/wp\/v2\/product_brand?post=2942"},{"taxonomy":"product_cat","embeddable":true,"href":"https:\/\/rfid-laundry-tag.com\/fi\/wp-json\/wp\/v2\/product_cat?post=2942"},{"taxonomy":"product_tag","embeddable":true,"href":"https:\/\/rfid-laundry-tag.com\/fi\/wp-json\/wp\/v2\/product_tag?post=2942"}],"curies":[{"name":"wp","href":"https:\/\/api.w.org\/{rel}","templated":true}]}}