{"id":2864,"date":"2024-11-05T13:39:10","date_gmt":"2024-11-05T13:39:10","guid":{"rendered":"https:\/\/rfid-laundry-tag.com\/?post_type=product&#038;p=2864"},"modified":"2024-11-05T13:58:17","modified_gmt":"2024-11-05T13:58:17","slug":"nfc-keychain-ntag213-ntag215-ntag216","status":"publish","type":"product","link":"https:\/\/rfid-laundry-tag.com\/fi\/nfc-keychain-ntag213-ntag215-ntag216\/","title":{"rendered":"NFC-avaimenper\u00e4 Ntag213 Ntag215 Ntag216"},"content":{"rendered":"<h2>NFC-avaimenper\u00e4 Ntag213 Ntag215 Ntag216<\/h2>\n<table class=\"all magic-12\">\n<tbody>\n<tr>\n<td colspan=\"1\" rowspan=\"1\">\n<div class=\"magic-13\">Siru<\/div>\n<\/td>\n<td colspan=\"1\" rowspan=\"1\">\n<div class=\"magic-14\">NTAG\u00ae 213, Ntag215, Ntag216<\/div>\n<\/td>\n<\/tr>\n<tr>\n<td colspan=\"1\" rowspan=\"1\">\n<div class=\"magic-13\">p\u00f6yt\u00e4kirja<\/div>\n<\/td>\n<td colspan=\"1\" rowspan=\"1\">\n<div class=\"magic-14\">ISO 14443A<\/div>\n<\/td>\n<\/tr>\n<tr>\n<td colspan=\"1\" rowspan=\"1\">\n<div class=\"magic-13\">Koko<\/div>\n<\/td>\n<td colspan=\"1\" rowspan=\"1\">\n<div class=\"magic-14\">41 * 32 mm tai r\u00e4\u00e4t\u00e4l\u00f6ity<\/div>\n<\/td>\n<\/tr>\n<tr>\n<td colspan=\"1\" rowspan=\"1\">\n<div class=\"magic-13\">Muisti<\/div>\n<\/td>\n<td colspan=\"1\" rowspan=\"1\">\n<div class=\"magic-14\" data-spm-anchor-id=\"a2700.details.0.i42.450c1986usT9sY\">144 tavua, 504 tavua, 888 tavua<\/div>\n<\/td>\n<\/tr>\n<tr>\n<td colspan=\"1\" rowspan=\"1\">\n<div class=\"magic-13\">Taajuus<\/div>\n<\/td>\n<td colspan=\"1\" rowspan=\"1\">\n<div class=\"magic-14\">13,56 MHz<\/div>\n<\/td>\n<\/tr>\n<tr>\n<td colspan=\"1\" rowspan=\"1\">\n<div class=\"magic-13\">Materiaali<\/div>\n<\/td>\n<td colspan=\"1\" rowspan=\"1\">\n<div class=\"magic-14\">ABS, muovi tai r\u00e4\u00e4t\u00e4l\u00f6ity<\/div>\n<\/td>\n<\/tr>\n<tr>\n<td colspan=\"1\" rowspan=\"1\">\n<div class=\"magic-13\">Kirjoita Endurance<\/div>\n<\/td>\n<td colspan=\"1\" rowspan=\"1\">\n<div class=\"magic-14\">\u2265100000 sykli\u00e4<\/div>\n<\/td>\n<\/tr>\n<tr>\n<td colspan=\"1\" rowspan=\"1\">\n<div class=\"magic-13\">Lue Range<\/div>\n<\/td>\n<td colspan=\"1\" rowspan=\"1\">\n<div class=\"magic-14\">1-6 cm<\/div>\n<\/td>\n<\/tr>\n<tr>\n<td colspan=\"1\" rowspan=\"1\">\n<div class=\"magic-13\">Sovellus<\/div>\n<\/td>\n<td colspan=\"1\" rowspan=\"1\">\n<div class=\"magic-14\">Kulunvalvonta, oven lukitusj\u00e4rjestelm\u00e4 jne.<\/div>\n<\/td>\n<\/tr>\n<tr>\n<td colspan=\"1\" rowspan=\"1\">\n<div class=\"magic-13\">V\u00e4ri<\/div>\n<\/td>\n<td colspan=\"1\" rowspan=\"1\">\n<div class=\"magic-14\">Musta, keltainen, punainen, vihre\u00e4, sininen, pinkki tai r\u00e4\u00e4t\u00e4l\u00f6ity.<\/div>\n<\/td>\n<\/tr>\n<tr>\n<td colspan=\"1\" rowspan=\"1\">\n<div class=\"magic-13\">Carft<\/div>\n<\/td>\n<td colspan=\"1\" rowspan=\"1\">\n<div class=\"magic-14\">Yksiv\u00e4rinen tai moniv\u00e4rinen tulostus, viivakoodi- tai QR-kooditulostus, tietojen koodaus jne.<\/div>\n<\/td>\n<\/tr>\n<tr>\n<td colspan=\"1\" rowspan=\"1\">\n<div class=\"magic-13\">Kirjoita Cycles<\/div>\n<\/td>\n<td colspan=\"1\" rowspan=\"1\">\n<div class=\"magic-14\">\u2265100000 sykli\u00e4<\/div>\n<\/td>\n<\/tr>\n<tr>\n<td colspan=\"1\" rowspan=\"1\">\n<div class=\"magic-13\">K\u00e4ytt\u00f6l\u00e4mp\u00f6tila<\/div>\n<\/td>\n<td colspan=\"1\" rowspan=\"1\">\n<div class=\"magic-14\">-20 \u2103 - +55 \u2103<\/div>\n<\/td>\n<\/tr>\n<tr>\n<td colspan=\"1\" rowspan=\"1\">\n<div class=\"magic-13\">Toimitusmuoto<\/div>\n<\/td>\n<td colspan=\"1\" rowspan=\"1\">\n<div class=\"magic-14\" data-spm-anchor-id=\"a2700.details.0.i41.450c1986usT9sY\">100 kpl\/pussi, 10 pussia\/laatikko<\/div>\n<\/td>\n<\/tr>\n<\/tbody>\n<\/table>\n<h3>Ntag213 Ntag215 Ntag216 sirujen ominaisuudet<\/h3>\n<div id=\"featuresXsp\" class=\"features-list toggle-opacity in\">\n<div class=\"features-xsp\">\n<div class=\"collapse-mobile ste-list-ul\">\n<ul class=\"boxes\">\n<li>Kontaktiton tiedon ja energian siirto<\/li>\n<li>Toimintataajuus 13,56 MHz<\/li>\n<li>Tiedonsiirto 106 kbit\/s<\/li>\n<li>16-bittisen CRC:n tietojen eheys, pariteetti, bittikoodaus, bittien laskenta<\/li>\n<li>Toimintaet\u00e4isyys jopa 100 mm (riippuen useista parametreista, kuten esim. kent\u00e4nvoimakkuudesta ja antennin geometriasta)<\/li>\n<li>7-tavuinen sarjanumero (sarjataso 2 ISO\/IEC 14443-3:n mukaan)<\/li>\n<li>UID ASCII -peili NDEF-viestien automaattiseen sarjoitukseen<\/li>\n<li>Automaattinen NFC-laskuri laukeaa lukukomennolla<\/li>\n<li>NFC-laskurin ASCII-peili NFC-laskurin arvon automaattiseen lis\u00e4\u00e4miseen NDEF-viestiin<\/li>\n<li>ECC-pohjainen omaper\u00e4isyysallekirjoitus<\/li>\n<li>Nopea lukukomento<\/li>\n<li>Todellinen t\u00f6rm\u00e4yksenesto<\/li>\n<li>50 pF tulokapasitanssi<\/li>\n<\/ul>\n<\/div>\n<div class=\"collapse-mobile ste-list-ul\">\n<ul class=\"boxes\">\n<li>180, 540 tai 924 tavua j\u00e4rjestettyn\u00e4 45, 135 tai 231 sivulle, 4 tavua per sivu<\/li>\n<li>144, 504 tai 888 tavua vapaasti k\u00e4ytett\u00e4viss\u00e4 k\u00e4ytt\u00e4j\u00e4n luku-\/kirjoitusalue (36, 126 tai 222 sivua)<\/li>\n<li>4 tavun alustettu kapasiteettis\u00e4ili\u00f6, jossa on kertak\u00e4ytt\u00f6iset ohjelmoitavat p\u00e4\u00e4sybitit<\/li>\n<li>Kent\u00e4ll\u00e4 ohjelmoitava vain luku -lukitustoiminto sivua kohden ensimm\u00e4iset 16 sivua<\/li>\n<li>Kent\u00e4ll\u00e4 ohjelmoitava vain luku -lukitustoiminto ensimm\u00e4isten 16 sivun yl\u00e4puolella kaksoissivua kohden NTAG 213:lle tai 16 sivulle NTAG 215:lle ja NTAG 216:lle<\/li>\n<li>Konfiguroitava salasanasuojaus valinnaisella rajalla ep\u00e4onnistuneita yrityksi\u00e4<\/li>\n<li>Repeytymist\u00e4 est\u00e4v\u00e4 tuki kapasiteettis\u00e4ili\u00f6lle (CC) ja lukkoterille<\/li>\n<li>ECC:n tukema alkuper\u00e4isyyden tarkistus<\/li>\n<li>Tietojen s\u00e4ilytysaika 10 vuotta<\/li>\n<li>Kirjoita kest\u00e4vyys 100 000 sykli\u00e4<\/li>\n<\/ul>\n<\/div>\n<\/div>\n<\/div>\n<h2>Mik\u00e4 on NFC-avainnippu?<\/h2>\n<h3>NFC-tekniikan ymm\u00e4rt\u00e4minen<\/h3>\n<p>NFC tai <strong>Near Field Communication<\/strong>, on langattoman viestinn\u00e4n muoto, jonka avulla laitteet voivat vaihtaa tietoja lyhyill\u00e4 et\u00e4isyyksill\u00e4. Yksinkertaisesti napauttamalla an <strong>NFC-yhteensopiva<\/strong> laitteesta yhteensopivaan lukijaan, voit suorittaa erilaisia teht\u00e4vi\u00e4, kuten suorittaa maksuja, jakaa yhteystietoja tai k\u00e4ytt\u00e4\u00e4 suojattuja alueita.<\/p>\n<h3>NFC-avainnippujen rooli<\/h3>\n<p>An <strong>NFC avaimenper\u00e4<\/strong> yhdist\u00e4\u00e4 t\u00e4m\u00e4n tehokkaan tekniikan kompaktiin, kannettavaan muotoon. N\u00e4m\u00e4 avaimenper\u00e4t on varustettu <strong>NFC-siru<\/strong>, jonka avulla k\u00e4ytt\u00e4j\u00e4t voivat suorittaa teht\u00e4vi\u00e4, kuten jakaa digitaalisia k\u00e4yntikortteja, ohjata kodin \u00e4lylaitteita tai p\u00e4\u00e4st\u00e4 turvallisiin rakennuksiin yhdell\u00e4 napautuksella.<\/p>\n<h2>NFC-avainnippujen t\u00e4rkeimm\u00e4t ominaisuudet<\/h2>\n<h3>R\u00e4\u00e4t\u00e4l\u00f6intiasetukset<\/h3>\n<p><strong>Mukautetut NFC-avainniput<\/strong> ovat eritt\u00e4in monipuolisia. Niit\u00e4 voidaan mukauttaa a <strong>mukautettu logo<\/strong>, ainutlaatuisia malleja tai erityisi\u00e4 tietoja erilaisiin tarpeisiin. Tarvitsetpa merkkituotteita <strong>logollinen avaimenper\u00e4<\/strong> myynninedist\u00e4mistapahtumiin tai henkil\u00f6kohtaiseen tapaamiseen <strong>mukautettu avaimenper\u00e4<\/strong> p\u00e4ivitt\u00e4iseen k\u00e4ytt\u00f6\u00f6n, mahdollisuudet ovat rajattomat.<\/p>\n<h3>Kest\u00e4v\u00e4 suunnittelu ja rakentaminen<\/h3>\n<p>Useimmat NFC-avaimenper\u00e4t on valmistettu kest\u00e4vist\u00e4 materiaaleista, kuten <strong>PVC<\/strong> tai <strong>epoksi<\/strong>, mik\u00e4 takaa kest\u00e4vyyden ja pitk\u00e4ik\u00e4isyyden. Ne on suunniteltu kest\u00e4m\u00e4\u00e4n p\u00e4ivitt\u00e4ist\u00e4 kulumista, joten ne ovat luotettava lis\u00e4varuste kaikille.<\/p>\n<h3>Suojausominaisuudet<\/h3>\n<p>NFC-avainnippuissa on usein kehittyneit\u00e4 suojausominaisuuksia, kuten <strong>salasanasuojaus<\/strong>, <strong>t\u00f6rm\u00e4yksenestotoiminnot<\/strong>, ja <strong>alkuper\u00e4isi\u00e4 allekirjoituksia<\/strong>. N\u00e4m\u00e4 varmistavat, ett\u00e4 avainnippuun tallennetut tiedot ovat turvassa luvattomalta k\u00e4yt\u00f6lt\u00e4.<\/p>\n<h2>NFC-avainnipun k\u00e4yt\u00f6n edut<\/h2>\n<h3>Mukavuus sormiesi ulottuvilla<\/h3>\n<p>Kuvittele, ett\u00e4 voisit avata toimistosi oven lukituksen tai jakaa yhteystietosi a <strong>napauta vain<\/strong> avaimenper\u00e4st\u00e4si. NFC-avainniput tarjoavat vertaansa vailla olevaa k\u00e4ytt\u00f6mukavuutta virtaviivaistamalla jokap\u00e4iv\u00e4isi\u00e4 teht\u00e4vi\u00e4 ja v\u00e4hent\u00e4m\u00e4ll\u00e4 fyysisten avainten tai k\u00e4yntikorttien tarvetta.<\/p>\n<h3>Monipuoliset sovellukset<\/h3>\n<p>NFC-avainnippuja voidaan k\u00e4ytt\u00e4\u00e4 useissa eri tilanteissa:<\/p>\n<ul>\n<li><strong>Kulunvalvonta:<\/strong> P\u00e4\u00e4set turvallisesti toimistoihin, kuntosaleihin tai hisseihin.<\/li>\n<li><strong>Digitaaliset k\u00e4yntikortit:<\/strong> Jaa yhteystietosi vaivattomasti.<\/li>\n<li><strong>Tuotteen todennus:<\/strong> Tarkista merkkituotteiden aitous.<\/li>\n<li><strong>\u00c4lyk\u00e4s kodin ohjaus:<\/strong> Hallitse kodin \u00e4lylaitteita helposti.<\/li>\n<\/ul>\n<h3>Ymp\u00e4rist\u00f6yst\u00e4v\u00e4llinen ratkaisu<\/h3>\n<p>V\u00e4hent\u00e4m\u00e4ll\u00e4 fyysisten avainten ja paperisten k\u00e4yntikorttien tarvetta NFC-avaimenper\u00e4t edist\u00e4v\u00e4t kest\u00e4v\u00e4mp\u00e4\u00e4 ymp\u00e4rist\u00f6\u00e4. Niiden <strong>kierr\u00e4tett\u00e4vi\u00e4 materiaaleja<\/strong> ja digitaalinen toiminnallisuus tekev\u00e4t niist\u00e4 ymp\u00e4rist\u00f6yst\u00e4v\u00e4llisen valinnan.<\/p>\n<h2>NFC-avainnipun k\u00e4ytt\u00e4minen<\/h2>\n<h3>NFC-avainnipun m\u00e4\u00e4ritt\u00e4minen<\/h3>\n<p>NFC-avainnipun k\u00e4ytt\u00e4minen on yksinkertaista:<\/p>\n<ol>\n<li><strong>Koodaa NFC-siru:<\/strong> K\u00e4yt\u00e4 NFC-yhteensopivaa sovellusta ohjelmoimaan siru halutuilla tiedoilla.<\/li>\n<li><strong>Kiinnit\u00e4 avaimiin:<\/strong> Kiinnit\u00e4 avaimenper\u00e4 avainrenkaaseen tai laukkuun.<\/li>\n<li><strong>Napauta ja mene:<\/strong> Suorita haluamasi toiminto napauttamalla NFC-avaimenper\u00e4\u00e4si yhteensopivaa lukijaa vasten.<\/li>\n<\/ol>\n<h3>Yhteensopivuus laitteiden kanssa<\/h3>\n<p>NFC-avaimenper\u00e4t ovat <strong>yhteensopiva NFC:n kanssa<\/strong>-yhteensopivat \u00e4lypuhelimet, tabletit ja erilaiset NFC-lukijat. T\u00e4m\u00e4 yhteensopivuus takaa laajan k\u00e4ytett\u00e4vyyden eri alustoilla ja laitteilla, mukaan lukien <strong>Android<\/strong> ja iOS.<\/p>\n<h2>Asiakkaiden arvostelut ja palaute<\/h2>\n<h3>Mit\u00e4 k\u00e4ytt\u00e4j\u00e4t sanovat<\/h3>\n<p>Asiakkaat ovat ylist\u00e4neet NFC-avainnippuja niiden monipuolisuudesta ja helppok\u00e4ytt\u00f6isyydest\u00e4. Monet korostavat useiden fyysisten korttien ja avainten korvaamisen mukavuutta yhdell\u00e4, kompaktilla laitteella. K\u00e4ytt\u00e4j\u00e4t arvostavat my\u00f6s kyky\u00e4 <strong>muokata<\/strong> heid\u00e4n avaimenper\u00e4ns\u00e4, mik\u00e4 lis\u00e4\u00e4 persoonallisuutta t\u00e4h\u00e4n korkean teknologian lis\u00e4varusteeseen.<\/p>\n<h3>Yleisi\u00e4 huolenaiheita<\/h3>\n<p>Jotkut k\u00e4ytt\u00e4j\u00e4t ovat ilmaisseet huolensa alkuper\u00e4isest\u00e4 oppimisk\u00e4yr\u00e4st\u00e4 ja NFC-yhteensopivan laitteen tarpeesta. Kuitenkin, kun tekniikka on tuttu, useimmat huomaavat sen parantavan heid\u00e4n p\u00e4ivitt\u00e4ist\u00e4 rutiiniaan merkitt\u00e4v\u00e4sti.<\/p>\n<h2>UKK<\/h2>\n<p><strong>K: Mik\u00e4 on NFC-avainnipun tallennuskapasiteetti?<\/strong><br \/>\nV: Mallista riippuen NFC-avainniput voivat tallentaa erilaisia m\u00e4\u00e4ri\u00e4 tietoa, jotka vaihtelevat tyypillisesti yksinkertaisista URL-osoitteista monimutkaisempiin yhteystietoihin.<\/p>\n<p><strong>K: Voinko k\u00e4ytt\u00e4\u00e4 NFC-avainnippua l\u00e4himaksuihin?<\/strong><br \/>\nV: Vaikka jotkut NFC-avainniput voidaan ohjelmoida maksutoimintoja varten, t\u00e4m\u00e4 riippuu suurelta osin sirutyypist\u00e4 ja yhteensopivuudesta maksuj\u00e4rjestelmien kanssa.<\/p>\n<p><strong>K: Ovatko NFC-avaimenper\u00e4t vedenpit\u00e4vi\u00e4?<\/strong><br \/>\nV: Monet NFC-avaimenper\u00e4t on suunniteltu veden- tai vedenpit\u00e4viksi, mik\u00e4 varmistaa, ett\u00e4 ne kest\u00e4v\u00e4t p\u00e4ivitt\u00e4ist\u00e4 k\u00e4ytt\u00f6\u00e4.<\/p>\n<h2>Johtop\u00e4\u00e4t\u00f6s<\/h2>\n<p>An <strong>NFC avaimenper\u00e4<\/strong> on enemm\u00e4n kuin vain tyylik\u00e4s lis\u00e4varuste; se on portti \u00e4lykk\u00e4\u00e4mp\u00e4\u00e4n, yhdistetymp\u00e4\u00e4n el\u00e4m\u00e4\u00e4n. Sen kanssa <strong>muokattavissa<\/strong> ominaisuudet, vankka suojaus ja laaja valikoima sovelluksia, se on investointi, joka parantaa sek\u00e4 henkil\u00f6kohtaista ett\u00e4 ty\u00f6el\u00e4m\u00e4\u00e4. Olitpa tekniikan yst\u00e4v\u00e4 tai yritysammattilainen, NFC-avainnippu on digitaaliajan pakollinen ty\u00f6kalu.<\/p>","protected":false},"excerpt":{"rendered":"<p><strong><em>NFC-avaimenper\u00e4 Ntag213 Ntag215 Ntag216<\/em><\/strong> tarjoaa ihanteellisen yhdistelm\u00e4n turvallisuutta, luotettavuutta ja k\u00e4ytt\u00f6mukavuutta. Sen <strong>kontaktiton tekniikka<\/strong>, <strong>kompakti muotoilu<\/strong>, ja <strong>monik\u00e4ytt\u00f6isyys<\/strong> tekev\u00e4t siit\u00e4 t\u00e4ydellisen valinnan nykyaikaisiin kulunvalvontaj\u00e4rjestelmiin, maksuihin ja tunnistamiseen.<\/p>","protected":false},"featured_media":2865,"template":"","meta":{"_kad_post_transparent":"default","_kad_post_title":"","_kad_post_layout":"default","_kad_post_sidebar_id":"","_kad_post_content_style":"default","_kad_post_vertical_padding":"default","_kad_post_feature":"","_kad_post_feature_position":"","_kad_post_header":false,"_kad_post_footer":false,"_kad_post_classname":""},"product_brand":[],"product_cat":[54],"product_tag":[346,349,344,345,343],"class_list":{"0":"post-2864","1":"product","2":"type-product","3":"status-publish","4":"has-post-thumbnail","6":"product_cat-hot-selling-rfid-tags","7":"product_tag-nfc-key-tag","8":"product_tag-nfc-key-tags","9":"product_tag-nfc-keychain","10":"product_tag-rfid-fob","11":"product_tag-rfid-keyfobs","13":"first","14":"instock","15":"shipping-taxable","16":"product-type-simple","17":"entry","18":"content-bg","19":"loop-entry"},"_links":{"self":[{"href":"https:\/\/rfid-laundry-tag.com\/fi\/wp-json\/wp\/v2\/product\/2864","targetHints":{"allow":["GET"]}}],"collection":[{"href":"https:\/\/rfid-laundry-tag.com\/fi\/wp-json\/wp\/v2\/product"}],"about":[{"href":"https:\/\/rfid-laundry-tag.com\/fi\/wp-json\/wp\/v2\/types\/product"}],"version-history":[{"count":2,"href":"https:\/\/rfid-laundry-tag.com\/fi\/wp-json\/wp\/v2\/product\/2864\/revisions"}],"predecessor-version":[{"id":2867,"href":"https:\/\/rfid-laundry-tag.com\/fi\/wp-json\/wp\/v2\/product\/2864\/revisions\/2867"}],"wp:featuredmedia":[{"embeddable":true,"href":"https:\/\/rfid-laundry-tag.com\/fi\/wp-json\/wp\/v2\/media\/2865"}],"wp:attachment":[{"href":"https:\/\/rfid-laundry-tag.com\/fi\/wp-json\/wp\/v2\/media?parent=2864"}],"wp:term":[{"taxonomy":"product_brand","embeddable":true,"href":"https:\/\/rfid-laundry-tag.com\/fi\/wp-json\/wp\/v2\/product_brand?post=2864"},{"taxonomy":"product_cat","embeddable":true,"href":"https:\/\/rfid-laundry-tag.com\/fi\/wp-json\/wp\/v2\/product_cat?post=2864"},{"taxonomy":"product_tag","embeddable":true,"href":"https:\/\/rfid-laundry-tag.com\/fi\/wp-json\/wp\/v2\/product_tag?post=2864"}],"curies":[{"name":"wp","href":"https:\/\/api.w.org\/{rel}","templated":true}]}}