{"id":2860,"date":"2024-11-05T13:06:31","date_gmt":"2024-11-05T13:06:31","guid":{"rendered":"https:\/\/rfid-laundry-tag.com\/?post_type=product&#038;p=2860"},"modified":"2024-11-05T13:13:50","modified_gmt":"2024-11-05T13:13:50","slug":"rfid-keyfobs-abs-iso14443a","status":"publish","type":"product","link":"https:\/\/rfid-laundry-tag.com\/fi\/rfid-keyfobs-abs-iso14443a\/","title":{"rendered":"RFID-avaimenper\u00e4 ABS ISO14443A"},"content":{"rendered":"<h2>RFID-avaimenper\u00e4 ABS ISO14443A<\/h2>\n<table class=\"has-title all magic-13\">\n<tbody>\n<tr>\n<td colspan=\"1\" rowspan=\"2\">\n<div class=\"magic-14\">materiaalia<\/div>\n<\/td>\n<td colspan=\"1\" rowspan=\"1\">\n<div class=\"magic-15\">Antennimateriaali: alumiinifolio<\/div>\n<\/td>\n<\/tr>\n<tr>\n<td colspan=\"1\" rowspan=\"1\">\n<div class=\"magic-15\" data-spm-anchor-id=\"a2700.details.0.i43.3c939b1b0qFtg1\">Pintamateriaali: ABS\/nahka\/puu<\/div>\n<\/td>\n<\/tr>\n<tr>\n<td colspan=\"1\" rowspan=\"1\">\n<div class=\"magic-17\">koko<\/div>\n<\/td>\n<td colspan=\"1\" rowspan=\"1\">\n<div class=\"magic-15\" data-spm-anchor-id=\"a2700.details.0.i41.3c939b1b0qFtg1\">40,38 * 31,5 mm, 35,5 * 28 mm, 51,5 * 32 mm tai r\u00e4\u00e4t\u00e4l\u00f6ity<\/div>\n<\/td>\n<\/tr>\n<tr>\n<td colspan=\"1\" rowspan=\"1\">\n<div class=\"magic-17\">R\u00e4\u00e4t\u00e4l\u00f6idyt k\u00e4sity\u00f6t<\/div>\n<\/td>\n<td colspan=\"1\" rowspan=\"1\">\n<div class=\"magic-15\">logo Silkkipainatus\/UID-koodi, sarjakoodi tai r\u00e4\u00e4t\u00e4l\u00f6ity<\/div>\n<\/td>\n<\/tr>\n<tr>\n<td colspan=\"1\" rowspan=\"1\">\n<div class=\"magic-17\">Toimintal\u00e4mp\u00f6tila<\/div>\n<\/td>\n<td colspan=\"1\" rowspan=\"1\">\n<div class=\"magic-15\">-20\u00b0C ~ +90\u00b0C<\/div>\n<\/td>\n<\/tr>\n<tr>\n<td colspan=\"1\" rowspan=\"1\">\n<div class=\"magic-17\">koodata<\/div>\n<\/td>\n<td colspan=\"1\" rowspan=\"1\">\n<div class=\"magic-15\">kirjoitettava siru saatavilla<\/div>\n<\/td>\n<\/tr>\n<tr>\n<td colspan=\"1\" rowspan=\"1\">\n<div class=\"magic-17\">v\u00e4rivaihtoehdot<\/div>\n<\/td>\n<td colspan=\"1\" rowspan=\"1\">\n<div class=\"magic-15\" data-spm-anchor-id=\"a2700.details.0.i42.3c939b1b0qFtg1\">Punainen, sininen, musta, violetti, oranssi, keltainen, (voidaan mukauttaa)<\/div>\n<\/td>\n<\/tr>\n<tr>\n<td colspan=\"1\" rowspan=\"1\">\n<div class=\"magic-17\">lukuet\u00e4isyys<\/div>\n<\/td>\n<td colspan=\"1\" rowspan=\"1\">\n<div class=\"magic-15\">1-10 cm (riippuu lukijasta)<\/div>\n<\/td>\n<\/tr>\n<tr>\n<td colspan=\"1\" rowspan=\"1\">\n<div class=\"magic-17\">sovelluksia<\/div>\n<\/td>\n<td colspan=\"1\" rowspan=\"1\">\n<div class=\"magic-15\" data-spm-anchor-id=\"a2700.details.0.i40.3c939b1b0qFtg1\">j\u00e4senj\u00e4rjestelm\u00e4\/kuntosali\/kulunvalvonta\/maksu jne.<\/div>\n<\/td>\n<\/tr>\n<\/tbody>\n<\/table>\n<p><strong>RFID avaimenper\u00e4t<\/strong> ovat turvallisen ja k\u00e4tev\u00e4n p\u00e4\u00e4synhallinnan eturintamassa. N\u00e4m\u00e4 pienet, kevyet laitteet k\u00e4ytt\u00e4v\u00e4t <strong>radiotaajuustunnistus<\/strong> (RFID) -tekniikka mahdollistaa nopean ja saumattoman p\u00e4\u00e4syn suojatuille alueille. Niit\u00e4 k\u00e4ytet\u00e4\u00e4n yleisesti eri teollisuudenaloilla, mukaan lukien vieraanvaraisuus, toimistorakennukset ja asuinrakennukset, turvallisiin kulunvalvontaj\u00e4rjestelmiin.<\/p>\n<p>T\u00e4ss\u00e4 tuotekuvauksessa tutkimme tuotteen ominaisuuksia ja etuja <strong>RFID avaimenper\u00e4t<\/strong>, keskittyen <strong>ABS ISO14443A<\/strong> erittely. Keskustelemme siit\u00e4, miksi n\u00e4m\u00e4 kaukos\u00e4\u00e4timet ovat paras valinta sek\u00e4 yrityksille ett\u00e4 yksityishenkil\u00f6ille, jotka etsiv\u00e4t tehokkaita, turvallisia ja helppok\u00e4ytt\u00f6isi\u00e4 p\u00e4\u00e4syratkaisuja.<\/p>\n<p><strong>RFID avaimenper\u00e4t<\/strong> ovat turvallisen ja k\u00e4tev\u00e4n p\u00e4\u00e4synhallinnan eturintamassa. N\u00e4m\u00e4 pienet, kevyet laitteet k\u00e4ytt\u00e4v\u00e4t <strong>radiotaajuustunnistus<\/strong> (RFID) -tekniikka mahdollistaa nopean ja saumattoman p\u00e4\u00e4syn suojatuille alueille. Niit\u00e4 k\u00e4ytet\u00e4\u00e4n yleisesti eri teollisuudenaloilla, mukaan lukien vieraanvaraisuus, toimistorakennukset ja asuinrakennukset, turvallisiin kulunvalvontaj\u00e4rjestelmiin.<\/p>\n<h2><strong>Mik\u00e4 on RFID-avain?<\/strong><\/h2>\n<p>An <strong>RFID avaimenper\u00e4<\/strong> on kompakti, kannettava laite, joka kommunikoi <strong>RFID-lukija<\/strong> p\u00e4\u00e4st\u00e4\u00e4ksesi suojatulle alueelle. Se sis\u00e4lt\u00e4\u00e4 tyypillisesti pienen mikrosirun ja antennin upotettuna kest\u00e4v\u00e4\u00e4n koteloon <strong>ABS kotelo<\/strong>. The <strong>13,56 MHz taajuus<\/strong> ISO14443A RFID-avaimenper\u00e4t takaavat luotettavan ja nopean havaitsemisen, mik\u00e4 tekee niist\u00e4 eritt\u00e4in tehokkaan ratkaisun kulunvalvontaj\u00e4rjestelmiin.<\/p>\n<p>Toisin kuin perinteiset avaimet tai kortit, an <strong>RFID avaimenper\u00e4<\/strong> ei vaadi fyysist\u00e4 kosketusta lukijaan; se toimii <strong>kontaktiton<\/strong> periaatteita, mik\u00e4 tekee siit\u00e4 sek\u00e4 turvallisemman ett\u00e4 k\u00e4tev\u00e4mm\u00e4n. K\u00e4ytt\u00e4j\u00e4t voivat yksinkertaisesti napauttaa kaukos\u00e4\u00e4dint\u00e4 lukijan l\u00e4hell\u00e4 p\u00e4\u00e4st\u00e4kseen k\u00e4siksi, jolloin ei tarvita manuaalista lukituksen avaamista tai PIN-koodeja.<\/p>\n<hr \/>\n<h2><strong>RFID-avaimenper\u00e4n t\u00e4rkeimm\u00e4t ominaisuudet<\/strong><\/h2>\n<h3><strong>1. Suojattu kulunvalvonta<\/strong><\/h3>\n<p>Yksi k\u00e4yt\u00f6n suurimmista eduista <strong>RFID avaimenper\u00e4t<\/strong> on parannettu turvallisuutta. N\u00e4m\u00e4 laitteet tarjoavat useita suojakerroksia, mukaan lukien salausprotokollat, jotka est\u00e4v\u00e4t luvattomia k\u00e4ytt\u00e4ji\u00e4 p\u00e4\u00e4sem\u00e4st\u00e4 niihin. The <strong>13,56 MHz<\/strong> k\u00e4ytt\u00e4m\u00e4 taajuus <strong>ISO14443A avaimenper\u00e4t<\/strong> takaa hyv\u00e4n yhteensopivuuden erilaisten kanssa <strong>kulunvalvontaj\u00e4rjestelm\u00e4t<\/strong>, hotellin lukoista toimiston ovelle.<\/p>\n<p>K\u00e4ytt\u00e4m\u00e4ll\u00e4 RFID-tekniikkaa, <strong>RFID avaimenper\u00e4t<\/strong> tarjous <strong>avaimeton sis\u00e4\u00e4nk\u00e4ynti<\/strong>, mik\u00e4 v\u00e4hent\u00e4\u00e4 lukon poimimisen tai luvattoman kopioimisen riski\u00e4. Kun integroitu <strong>kulunvalvonta<\/strong> j\u00e4rjestelmiss\u00e4 n\u00e4m\u00e4 kaukos\u00e4\u00e4timet toimivat suojattuna tunnuksena k\u00e4ytt\u00e4jien todentamiseksi ja todentamiseksi v\u00e4h\u00e4ll\u00e4 vaivalla.<\/p>\n<h3><strong>2. Kest\u00e4v\u00e4 ABS-rakenne<\/strong><\/h3>\n<p>Rakentaminen <strong>RFID avaimenper\u00e4t<\/strong> ovat yht\u00e4 t\u00e4rkeit\u00e4 kuin niiden toimivuus. N\u00e4m\u00e4 fobs on valmistettu <strong>ABS muovia<\/strong>, joka on kest\u00e4v\u00e4, kevyt materiaali, joka kest\u00e4\u00e4 erilaisia ymp\u00e4rist\u00f6olosuhteita. K\u00e4yt\u00e4tp\u00e4 niit\u00e4 toimistossa tai kannat niit\u00e4 avaimenper\u00e4ss\u00e4, n\u00e4m\u00e4 avaimenper\u00e4t on rakennettu kest\u00e4m\u00e4\u00e4n.<\/p>\n<p>The <strong>ABS kotelo<\/strong> ei vain suojaa sis\u00e4isi\u00e4 osia, vaan my\u00f6s varmistaa, ett\u00e4 kaukos\u00e4\u00e4din pysyy toimintakunnossa my\u00f6s pitk\u00e4n k\u00e4yt\u00f6n j\u00e4lkeen. Niiden kompakti koko ja vankka rakenne tekev\u00e4t niist\u00e4 kulutusta kest\u00e4vi\u00e4, mik\u00e4 takaa pitk\u00e4ik\u00e4isen ratkaisun kulunvalvontatarpeisiin.<\/p>\n<h3><strong>3. Helppo integrointi RFID-j\u00e4rjestelmiin<\/strong><\/h3>\n<p><strong>RFID avaimenper\u00e4t<\/strong> ovat t\u00e4ysin yhteensopivia useimpien kanssa <strong>RFID-j\u00e4rjestelm\u00e4t<\/strong>. Olitpa p\u00e4ivitt\u00e4m\u00e4ss\u00e4 perinteisist\u00e4 avainkorteista tai asentamassa t\u00e4ysin uutta kulunvalvontaj\u00e4rjestelm\u00e4\u00e4, n\u00e4m\u00e4 avaimenper\u00e4t integroituvat saumattomasti olemassa olevaan infrastruktuuriin. The <strong>ISO14443A<\/strong> Standardi on laajalti tunnustettu ja k\u00e4ytetty eri teollisuudenaloilla, mik\u00e4 varmistaa yhteensopivuuden lukijoiden ja ohjelmistojen kanssa.<\/p>\n<p>Lis\u00e4ksi monet <strong>RFID avaimenper\u00e4t<\/strong> ovat <strong>uudelleenkirjoitettava<\/strong>, jonka avulla yritykset voivat muuttaa k\u00e4ytt\u00f6oikeustietoja tarpeen mukaan ostamatta uusia kaukos\u00e4\u00e4timi\u00e4. T\u00e4m\u00e4 <strong>joustavuus<\/strong> tekee RFID-avaimenper\u00e4ist\u00e4 erinomaisen pitk\u00e4n aikav\u00e4lin sijoituksen organisaatioille, jotka etsiv\u00e4t skaalautuvia p\u00e4\u00e4syratkaisuja.<\/p>\n<hr \/>\n<h2><strong>Miksi valita ISO14443A RFID-avaimenper\u00e4t?<\/strong><\/h2>\n<h3><strong>4. Korkea taajuus nopeampaa vastetta varten<\/strong><\/h3>\n<p><strong>13,56 MHz RFID-avaimenper\u00e4t<\/strong>, kuten <strong>ISO14443A<\/strong>, tarjoavat korkean taajuusalueen, joka mahdollistaa <strong>nopea havaitseminen<\/strong> ja viestint\u00e4 RFID-lukijan kanssa. T\u00e4m\u00e4 korkea taajuusalue varmistaa, ett\u00e4 p\u00e4\u00e4sy my\u00f6nnet\u00e4\u00e4n nopeasti ja tehokkaasti, mik\u00e4 parantaa k\u00e4ytt\u00f6kokemusta.<\/p>\n<p>Kun pid\u00e4t kaukos\u00e4\u00e4dint\u00e4 lukijan l\u00e4hell\u00e4, j\u00e4rjestelm\u00e4 tunnistaa nopeasti kaukos\u00e4\u00e4timeen tallennetut tunnistetiedot ja antaa p\u00e4\u00e4syn sekunnin murto-osassa. T\u00e4m\u00e4 nopea vasteaika on erityisen t\u00e4rke\u00e4 vilkkaasti liikenn\u00f6idyill\u00e4 alueilla, mik\u00e4 varmistaa, ett\u00e4 jonot eiv\u00e4t muodostu ja ihmiset p\u00e4\u00e4sev\u00e4t sis\u00e4\u00e4n ja poistumaan viipym\u00e4tt\u00e4.<\/p>\n<h3><strong>5. Monipuolisuus useissa sovelluksissa<\/strong><\/h3>\n<p><strong>RFID avaimenper\u00e4t<\/strong> ovat eritt\u00e4in monipuolisia ja niit\u00e4 voidaan k\u00e4ytt\u00e4\u00e4 monissa sovelluksissa pelkkien ovien lukkojen lis\u00e4ksi. Joitakin yleisi\u00e4 k\u00e4ytt\u00f6tarkoituksia <strong>RFID avaimenper\u00e4t<\/strong> sis\u00e4lt\u00e4\u00e4:<\/p>\n<ul>\n<li><strong>P\u00e4\u00e4sy hotellihuoneeseen:<\/strong> Vieraat voivat avata hotellihuoneensa oven lukituksen avulla.<\/li>\n<li><strong>Ty\u00f6paikan turvallisuus:<\/strong> Ty\u00f6ntekij\u00e4t voivat k\u00e4ytt\u00e4\u00e4 kaukos\u00e4\u00e4dint\u00e4 p\u00e4\u00e4st\u00e4kseen toimistoihin, palvelinhuoneisiin tai rajoitetuille alueille.<\/li>\n<li><strong>Maksu ja tunnistaminen:<\/strong> Varma <strong>RFID avaimenper\u00e4t<\/strong> voidaan k\u00e4ytt\u00e4\u00e4 my\u00f6s maksujen suorittamiseen tai tunnistamiseen j\u00e4senohjelmissa.<\/li>\n<\/ul>\n<p>Pienen kokonsa ja siirrett\u00e4vyyden ansiosta n\u00e4m\u00e4 kaukos\u00e4\u00e4timet ovat k\u00e4tev\u00e4 ratkaisu useille eri aloille.<\/p>\n<h3><strong>6. Kontaktiton tekniikka mukavuuden ja hygienian vuoksi<\/strong><\/h3>\n<p>Nykymaailmassa, <strong>kontaktiton tekniikka<\/strong> on saanut merkitt\u00e4v\u00e4\u00e4 huomiota sen tarjoamien hygieniaetujen ansiosta. <strong>RFID avaimenper\u00e4t<\/strong> ovat kontaktittomia, mik\u00e4 tarkoittaa, ett\u00e4 k\u00e4ytt\u00e4jien ei tarvitse koskea fyysisesti lukkoa tai lukijaa. T\u00e4m\u00e4 v\u00e4hent\u00e4\u00e4 bakteerien ja bakteerien siirtymisen riski\u00e4, joten se on ihanteellinen valinta ymp\u00e4rist\u00f6ihin, kuten sairaaloihin, kouluihin ja toimistoihin, joissa hygienia on kriittinen.<\/p>\n<p>Lis\u00e4ksi t\u00e4m\u00e4 <strong>avaimeton sis\u00e4\u00e4nk\u00e4ynti<\/strong> j\u00e4rjestelm\u00e4 lis\u00e4\u00e4 k\u00e4ytt\u00f6mukavuutta. K\u00e4ytt\u00e4jien ei tarvitse etsi\u00e4 avaimia tai muistaa PIN-koodeja \u2013 he voivat yksinkertaisesti kantaa omansa <strong>RFID avaimenper\u00e4<\/strong> avaimenper\u00e4ss\u00e4 tai taskussa, valmiina k\u00e4ytett\u00e4v\u00e4ksi aina tarvittaessa.<\/p>\n<p>N\u00e4m\u00e4 <strong>RFID avaimenper\u00e4t<\/strong> toimii osoitteessa a <strong>13,56 MHz taajuus<\/strong>, joten ne ovat yhteensopivia useimpien kanssa <strong>RFID-lukijat<\/strong> k\u00e4ytet\u00e4\u00e4n nykyaikaisissa kulunvalvontaj\u00e4rjestelmiss\u00e4. Puvut on valmistettu korkealaatuisesta materiaalista <strong>ABS muovia<\/strong>, mik\u00e4 varmistaa kest\u00e4v\u00e4n ja kevyen rakenteen, joka on sek\u00e4 kannettava ett\u00e4 pitk\u00e4ik\u00e4inen.<\/p>\n<hr \/>\n<h2><strong>Ymp\u00e4rist\u00f6vaikutukset ja kest\u00e4vyys<\/strong><\/h2>\n<p>Organisaatioiden edetess\u00e4 <strong>kontaktiton p\u00e4\u00e4sy<\/strong> ja turvallisuusratkaisut, on t\u00e4rke\u00e4\u00e4 ottaa huomioon n\u00e4iden tuotteiden ymp\u00e4rist\u00f6vaikutukset. The <strong>ABS muovia<\/strong> k\u00e4ytetty sis\u00e4\u00e4n <strong>RFID avaimenper\u00e4t<\/strong> on laajasti kierr\u00e4tett\u00e4v\u00e4 materiaali. Lis\u00e4ksi, <strong>RFID-j\u00e4rjestelm\u00e4t<\/strong> itse auttavat v\u00e4hent\u00e4m\u00e4\u00e4n fyysisten avainten ja perinteisten lukkojen tarvetta, mik\u00e4 pienent\u00e4\u00e4 entisest\u00e4\u00e4n yleist\u00e4 ymp\u00e4rist\u00f6jalanj\u00e4lke\u00e4.<\/p>\n<p>Lis\u00e4ksi monet <strong>RFID avaimenper\u00e4t<\/strong> voi olla <strong>kirjoitettu uudelleen<\/strong>, mik\u00e4 tarkoittaa, ett\u00e4 niit\u00e4 ei tarvitse jatkuvasti vaihtaa. T\u00e4m\u00e4 v\u00e4hent\u00e4\u00e4 elektroniikkaj\u00e4tett\u00e4 ja tekee niist\u00e4 kest\u00e4v\u00e4n valinnan yrityksille ja yksityishenkil\u00f6ille, jotka etsiv\u00e4t ymp\u00e4rist\u00f6yst\u00e4v\u00e4llisi\u00e4 ratkaisuja.<\/p>\n<hr \/>\n<h2><strong>Asiakkaiden arvostelut ja palaute<\/strong><\/h2>\n<p>Monet asiakkaat arvostavat sen mukavuutta ja turvallisuutta <strong>RFID avaimenper\u00e4t<\/strong> tarjota. T\u00e4ss\u00e4 on lyhyt yhteenveto yleisist\u00e4 palautteista:<\/p>\n<ul>\n<li><strong>\u201dNopea ja k\u00e4tev\u00e4 p\u00e4\u00e4sy!\u201d<\/strong> \u2013 Monet k\u00e4ytt\u00e4j\u00e4t korostavat sen nopeutta ja tehokkuutta <strong>RFID avaimenper\u00e4t<\/strong>. Nopea vasteaika tekee niist\u00e4 ihanteellisen valinnan kiireisiin ymp\u00e4rist\u00f6ihin, kuten toimistorakennuksiin ja hotelleihin.<\/li>\n<li><strong>\u201cKest\u00e4v\u00e4 ja luotettava\u201d<\/strong> \u2013 Asiakkaat arvostavat my\u00f6s <strong>kest\u00e4v\u00e4 rakenne<\/strong> monien huomioiden, ett\u00e4 ne ovat kest\u00e4neet kuukausia tai vuosia p\u00e4ivitt\u00e4ist\u00e4 k\u00e4ytt\u00f6\u00e4.<\/li>\n<li><strong>\u201cErinomainen hotelleille\u201d<\/strong> \u2013 Majoitusliikkeet nauttivat helppok\u00e4ytt\u00f6isyydest\u00e4 <strong>RFID avaimenper\u00e4t<\/strong> vieraiden p\u00e4\u00e4sy\u00e4 varten, mik\u00e4 poistaa perinteisten huoneavainten tarpeen.<\/li>\n<\/ul>\n<hr \/>\n<h2><strong>UKK<\/strong><\/h2>\n<h3><strong>1. Voidaanko RFID-avaimenper\u00e4t ohjelmoida?<\/strong><\/h3>\n<p>Kyll\u00e4, monet <strong>RFID avaimenper\u00e4t<\/strong> ovat <strong>uudelleenkirjoitettava<\/strong>, eli voit muuttaa niihin tallennettuja tietoja, kuten k\u00e4ytt\u00f6oikeustietoja.<\/p>\n<h3><strong>2. Kuinka pitk\u00e4lle RFID-avaimenper\u00e4 voi l\u00e4hett\u00e4\u00e4?<\/strong><\/h3>\n<p>Alueen an <strong>RFID avaimenper\u00e4<\/strong> tyypillisesti ulottuu alkaen <strong>0-10 cm<\/strong> lukijasta ja ymp\u00e4rist\u00f6olosuhteista riippuen.<\/p>\n<h3><strong>3. Ovatko RFID-avaimenper\u00e4t turvallisia?<\/strong><\/h3>\n<p>Kyll\u00e4, <strong>RFID avaimenper\u00e4t<\/strong> ovat eritt\u00e4in turvallisia. Ne sis\u00e4lt\u00e4v\u00e4t usein salauksen ja muita suojaominaisuuksia luvattoman k\u00e4yt\u00f6n est\u00e4miseksi.<\/p>\n<h3><strong>4. Mill\u00e4 teollisuudenaloilla RFID-avaimenper\u00e4\u00e4 k\u00e4ytet\u00e4\u00e4n?<\/strong><\/h3>\n<p><strong>RFID avaimenper\u00e4t<\/strong> k\u00e4ytet\u00e4\u00e4n useilla aloilla, mukaan lukien hotelli-, terveydenhuolto, yritysten toimistot ja jopa auton avaimet.<\/p>\n<hr \/>\n<h2><strong>Johtop\u00e4\u00e4t\u00f6s: Miksi ostaa RFID-avaimenper\u00e4t?<\/strong><\/h2>\n<p>Sijoittaminen <strong>RFID avaimenper\u00e4t<\/strong> tarjoaa parempaa turvallisuutta, mukavuutta ja kest\u00e4vyytt\u00e4 niin yrityksille kuin yksityishenkil\u00f6illekin. Haluatpa sitten virtaviivaistaa <strong>kulunvalvontaj\u00e4rjestelm\u00e4<\/strong>, toteuttaa <strong>avaimeton sis\u00e4\u00e4nk\u00e4ynti<\/strong> hotellissasi tai parantaa toimistosi turvallisuutta, <strong>RFID avaimenper\u00e4t<\/strong> ovat k\u00e4yt\u00e4nn\u00f6llinen ratkaisu, joka on sek\u00e4 kustannustehokas ett\u00e4 luotettava.<\/p>\n<p>Edistyksellisen teknologiansa ansiosta helppo integrointi <strong>RFID-j\u00e4rjestelm\u00e4t<\/strong>, ja pitk\u00e4ik\u00e4inen rakentaminen, <strong>RFID avaimenper\u00e4t<\/strong> edustavat tulevaisuuden ratkaisua t\u00e4m\u00e4n p\u00e4iv\u00e4n turvallisuushaasteisiin.<\/p>\n<p>&nbsp;<\/p>","protected":false},"excerpt":{"rendered":"<p><strong>RFID-avaimenper\u00e4t<\/strong> ABS ISO14443A tarjoaa kaksi taajuusvaihtoehtoa (13,56 MHz\/125 KHz), kest\u00e4v\u00e4n rakenteen, ohjelmoitavan UID:n ja edistyneit\u00e4 suojausominaisuuksia, kuten kloonauksen eston ja salatun viestinn\u00e4n.<\/p>","protected":false},"featured_media":2861,"template":"","meta":{"_kad_post_transparent":"default","_kad_post_title":"","_kad_post_layout":"default","_kad_post_sidebar_id":"","_kad_post_content_style":"default","_kad_post_vertical_padding":"default","_kad_post_feature":"","_kad_post_feature_position":"","_kad_post_header":false,"_kad_post_footer":false,"_kad_post_classname":""},"product_brand":[],"product_cat":[54],"product_tag":[346,344,345,343,351,350],"class_list":{"0":"post-2860","1":"product","2":"type-product","3":"status-publish","4":"has-post-thumbnail","6":"product_cat-hot-selling-rfid-tags","7":"product_tag-nfc-key-tag","8":"product_tag-nfc-keychain","9":"product_tag-rfid-fob","10":"product_tag-rfid-keyfobs","11":"product_tag-rfid-keyfobs-abs","12":"product_tag-rfid-keyfobs-iso14443a","14":"first","15":"instock","16":"shipping-taxable","17":"product-type-simple","18":"entry","19":"content-bg","20":"loop-entry"},"_links":{"self":[{"href":"https:\/\/rfid-laundry-tag.com\/fi\/wp-json\/wp\/v2\/product\/2860","targetHints":{"allow":["GET"]}}],"collection":[{"href":"https:\/\/rfid-laundry-tag.com\/fi\/wp-json\/wp\/v2\/product"}],"about":[{"href":"https:\/\/rfid-laundry-tag.com\/fi\/wp-json\/wp\/v2\/types\/product"}],"version-history":[{"count":2,"href":"https:\/\/rfid-laundry-tag.com\/fi\/wp-json\/wp\/v2\/product\/2860\/revisions"}],"predecessor-version":[{"id":2863,"href":"https:\/\/rfid-laundry-tag.com\/fi\/wp-json\/wp\/v2\/product\/2860\/revisions\/2863"}],"wp:featuredmedia":[{"embeddable":true,"href":"https:\/\/rfid-laundry-tag.com\/fi\/wp-json\/wp\/v2\/media\/2861"}],"wp:attachment":[{"href":"https:\/\/rfid-laundry-tag.com\/fi\/wp-json\/wp\/v2\/media?parent=2860"}],"wp:term":[{"taxonomy":"product_brand","embeddable":true,"href":"https:\/\/rfid-laundry-tag.com\/fi\/wp-json\/wp\/v2\/product_brand?post=2860"},{"taxonomy":"product_cat","embeddable":true,"href":"https:\/\/rfid-laundry-tag.com\/fi\/wp-json\/wp\/v2\/product_cat?post=2860"},{"taxonomy":"product_tag","embeddable":true,"href":"https:\/\/rfid-laundry-tag.com\/fi\/wp-json\/wp\/v2\/product_tag?post=2860"}],"curies":[{"name":"wp","href":"https:\/\/api.w.org\/{rel}","templated":true}]}}