{"id":2853,"date":"2024-11-05T12:54:13","date_gmt":"2024-11-05T12:54:13","guid":{"rendered":"https:\/\/rfid-laundry-tag.com\/?post_type=product&#038;p=2853"},"modified":"2024-11-05T13:04:21","modified_gmt":"2024-11-05T13:04:21","slug":"proximity-abs-tk4100-key-fob","status":"publish","type":"product","link":"https:\/\/rfid-laundry-tag.com\/fi\/proximity-abs-tk4100-key-fob\/","title":{"rendered":"Proximity ABS TK4100 avaimenper\u00e4"},"content":{"rendered":"<h2>Proximity ABS TK4100 avaimenper\u00e4<\/h2>\n<table class=\"has-title all magic-13\">\n<tbody>\n<tr>\n<td colspan=\"1\" rowspan=\"2\">\n<div class=\"magic-14\">materiaalia<\/div>\n<\/td>\n<td colspan=\"1\" rowspan=\"1\">\n<div class=\"magic-15\">Antennimateriaali: alumiinifolio<\/div>\n<\/td>\n<\/tr>\n<tr>\n<td colspan=\"1\" rowspan=\"1\">\n<div class=\"magic-15\">Pintamateriaali: ABS\/nahka\/puu<\/div>\n<\/td>\n<\/tr>\n<tr>\n<td colspan=\"1\" rowspan=\"1\">\n<div class=\"magic-17\">koko<\/div>\n<\/td>\n<td colspan=\"1\" rowspan=\"1\">\n<div class=\"magic-15\" data-spm-anchor-id=\"a2700.details.0.i41.3c939b1b0qFtg1\">40,38 * 31,5 mm, 35,5 * 28 mm, 51,5 * 32 mm tai r\u00e4\u00e4t\u00e4l\u00f6ity<\/div>\n<\/td>\n<\/tr>\n<tr>\n<td colspan=\"1\" rowspan=\"1\">\n<div class=\"magic-17\">R\u00e4\u00e4t\u00e4l\u00f6idyt k\u00e4sity\u00f6t<\/div>\n<\/td>\n<td colspan=\"1\" rowspan=\"1\">\n<div class=\"magic-15\">logo Silkkipainatus\/UID-koodi, sarjakoodi tai r\u00e4\u00e4t\u00e4l\u00f6ity<\/div>\n<\/td>\n<\/tr>\n<tr>\n<td colspan=\"1\" rowspan=\"1\">\n<div class=\"magic-17\">Toimintal\u00e4mp\u00f6tila<\/div>\n<\/td>\n<td colspan=\"1\" rowspan=\"1\">\n<div class=\"magic-15\">-20\u00b0C ~ +90\u00b0C<\/div>\n<\/td>\n<\/tr>\n<tr>\n<td colspan=\"1\" rowspan=\"1\">\n<div class=\"magic-17\">koodata<\/div>\n<\/td>\n<td colspan=\"1\" rowspan=\"1\">\n<div class=\"magic-15\">kirjoitettava siru saatavilla<\/div>\n<\/td>\n<\/tr>\n<tr>\n<td colspan=\"1\" rowspan=\"1\">\n<div class=\"magic-17\">v\u00e4rivaihtoehdot<\/div>\n<\/td>\n<td colspan=\"1\" rowspan=\"1\">\n<div class=\"magic-15\">Punainen, sininen, musta, violetti, oranssi, keltainen, (voidaan mukauttaa)<\/div>\n<\/td>\n<\/tr>\n<tr>\n<td colspan=\"1\" rowspan=\"1\">\n<div class=\"magic-17\">lukuet\u00e4isyys<\/div>\n<\/td>\n<td colspan=\"1\" rowspan=\"1\">\n<div class=\"magic-15\">1-10 cm (riippuu lukijasta)<\/div>\n<\/td>\n<\/tr>\n<tr>\n<td colspan=\"1\" rowspan=\"1\">\n<div class=\"magic-17\">sovelluksia<\/div>\n<\/td>\n<td colspan=\"1\" rowspan=\"1\">\n<div class=\"magic-15\" data-spm-anchor-id=\"a2700.details.0.i40.3c939b1b0qFtg1\">j\u00e4senj\u00e4rjestelm\u00e4\/kuntosali\/kulunvalvonta\/maksu jne.<\/div>\n<\/td>\n<\/tr>\n<\/tbody>\n<\/table>\n<p>&nbsp;<\/p>\n<p>Jokainen <strong>Proximity ABS TK4100 avaimenper\u00e4<\/strong> mukana tulee esiohjelmoitu yksil\u00f6llinen numerotunnus, joten se on ihanteellinen valinta k\u00e4ytett\u00e4v\u00e4ksi RFID:ss\u00e4 <strong>L\u00e4heisyys kulunvalvontaj\u00e4rjestelm\u00e4t<\/strong>. N\u00e4m\u00e4 avaimenper\u00e4t on suunniteltu integroitumaan saumattomasti j\u00e4rjestelmiin, jotka hallitsevat p\u00e4\u00e4sy\u00e4 oviin, s\u00e4hk\u00f6lukkoihin ja jopa videoovipuhelimiin, mik\u00e4 takaa turvalliset ja luotettavat lukituksen avausominaisuudet.<\/p>\n<p>Avaimenper\u00e4t on valmistettu kest\u00e4vist\u00e4 materiaaleista <strong>ABS materiaalia<\/strong>, tarjoaa <strong>vedenpit\u00e4v\u00e4<\/strong> suojaa pitk\u00e4kestoisen suorituskyvyn varmistamiseksi erilaisissa ymp\u00e4rist\u00f6iss\u00e4. Jokainen avaimenper\u00e4 on kiinnitetty a <strong>metallinen avaimenper\u00e4<\/strong>, joten se on helppo kuljettaa ja kiinnitt\u00e4\u00e4 avaimenper\u00e4\u00e4n tai kaulanauhaan. T\u00e4m\u00e4 tekee niist\u00e4 k\u00e4tevi\u00e4 k\u00e4ytt\u00e4jille s\u00e4ilytt\u00e4en samalla toiminnallisuuden vaikeissa olosuhteissa.<\/p>\n<p>N\u00e4it\u00e4 avaimenper\u00e4j\u00e4 k\u00e4ytet\u00e4\u00e4n laajasti <strong>kulunvalvontaj\u00e4rjestelm\u00e4t<\/strong>, joka mahdollistaa toiminnot, kuten oven lukituksen avaamisen, salasanan hallinnan ja k\u00e4ytt\u00f6oikeudet. He ovat <strong>yhteensopiva tavallisten EM ID -k\u00e4ytt\u00f6laitteiden kanssa<\/strong> tai <strong>ID-lukijat<\/strong>, mik\u00e4 tekee niist\u00e4 eritt\u00e4in monipuolisia erilaisiin kulunvalvontasovelluksiin.<\/p>","protected":false},"excerpt":{"rendered":"<p>The <strong>Proximity ABS TK4100 avaimenper\u00e4<\/strong> on eritt\u00e4in luotettava, kest\u00e4v\u00e4 ja turvallinen RFID-avaimenper\u00e4, joka soveltuu erilaisiin kulunvalvontaj\u00e4rjestelmiin. Esiohjelmoitu ainutlaatuisella tunnuksella, ja sit\u00e4 k\u00e4ytet\u00e4\u00e4n laajalti <strong>ovien avaaminen<\/strong>, <strong>salasanojen hallinta<\/strong>, ja enemm\u00e4n. Valmistettu vedenpit\u00e4v\u00e4st\u00e4 ABS-materiaalista ja metallista avaimenper\u00e4, se on ihanteellinen sek\u00e4 sis\u00e4- ett\u00e4 ulkok\u00e4ytt\u00f6\u00f6n.<\/p>","protected":false},"featured_media":2855,"template":"","meta":{"_kad_post_transparent":"default","_kad_post_title":"","_kad_post_layout":"default","_kad_post_sidebar_id":"","_kad_post_content_style":"default","_kad_post_vertical_padding":"default","_kad_post_feature":"","_kad_post_feature_position":"","_kad_post_header":false,"_kad_post_footer":false,"_kad_post_classname":""},"product_brand":[],"product_cat":[54],"product_tag":[348,346,349,344,345,343],"class_list":{"0":"post-2853","1":"product","2":"type-product","3":"status-publish","4":"has-post-thumbnail","6":"product_cat-hot-selling-rfid-tags","7":"product_tag-nfc-key-fobs-ntag213","8":"product_tag-nfc-key-tag","9":"product_tag-nfc-key-tags","10":"product_tag-nfc-keychain","11":"product_tag-rfid-fob","12":"product_tag-rfid-keyfobs","14":"first","15":"instock","16":"shipping-taxable","17":"product-type-simple","18":"entry","19":"content-bg","20":"loop-entry"},"_links":{"self":[{"href":"https:\/\/rfid-laundry-tag.com\/fi\/wp-json\/wp\/v2\/product\/2853","targetHints":{"allow":["GET"]}}],"collection":[{"href":"https:\/\/rfid-laundry-tag.com\/fi\/wp-json\/wp\/v2\/product"}],"about":[{"href":"https:\/\/rfid-laundry-tag.com\/fi\/wp-json\/wp\/v2\/types\/product"}],"version-history":[{"count":2,"href":"https:\/\/rfid-laundry-tag.com\/fi\/wp-json\/wp\/v2\/product\/2853\/revisions"}],"predecessor-version":[{"id":2859,"href":"https:\/\/rfid-laundry-tag.com\/fi\/wp-json\/wp\/v2\/product\/2853\/revisions\/2859"}],"wp:featuredmedia":[{"embeddable":true,"href":"https:\/\/rfid-laundry-tag.com\/fi\/wp-json\/wp\/v2\/media\/2855"}],"wp:attachment":[{"href":"https:\/\/rfid-laundry-tag.com\/fi\/wp-json\/wp\/v2\/media?parent=2853"}],"wp:term":[{"taxonomy":"product_brand","embeddable":true,"href":"https:\/\/rfid-laundry-tag.com\/fi\/wp-json\/wp\/v2\/product_brand?post=2853"},{"taxonomy":"product_cat","embeddable":true,"href":"https:\/\/rfid-laundry-tag.com\/fi\/wp-json\/wp\/v2\/product_cat?post=2853"},{"taxonomy":"product_tag","embeddable":true,"href":"https:\/\/rfid-laundry-tag.com\/fi\/wp-json\/wp\/v2\/product_tag?post=2853"}],"curies":[{"name":"wp","href":"https:\/\/api.w.org\/{rel}","templated":true}]}}