{"id":2850,"date":"2024-11-05T12:42:51","date_gmt":"2024-11-05T12:42:51","guid":{"rendered":"https:\/\/rfid-laundry-tag.com\/?post_type=product&#038;p=2850"},"modified":"2024-11-05T12:49:55","modified_gmt":"2024-11-05T12:49:55","slug":"nfc-key-fobs-ntag213","status":"publish","type":"product","link":"https:\/\/rfid-laundry-tag.com\/fi\/nfc-key-fobs-ntag213\/","title":{"rendered":"NFC-avaimenper\u00e4 Ntag213"},"content":{"rendered":"<h2>NFC-avaimenper\u00e4 Ntag213<\/h2>\n<p>NFC-avaimenper\u00e4t, kuten Ntag213, mullistavat tavan olla vuorovaikutuksessa ymp\u00e4rist\u00f6jemme kanssa tarjoten turvallisia, kontaktittomia ratkaisuja kulunvalvontaan, tunnistamiseen ja muuhun. Tarvitsetpa sitten avaimetonta j\u00e4rjestelm\u00e4\u00e4 toimistoosi, hotelliisi tai henkil\u00f6kohtaiseen ajoneuvoosi, Ntag213 NFC -avaimenper\u00e4 tarjoaa saumattoman ja luotettavan kokemuksen. T\u00e4m\u00e4 tuotekuvaus k\u00e4sittelee Ntag213 NFC -avaimenper\u00e4n etuja, ominaisuuksia ja k\u00e4ytt\u00f6tarkoituksia ja tarjoaa kattavat tiedot niille, jotka harkitsevat t\u00e4t\u00e4 edistynytt\u00e4 tekniikkaa.<\/p>\n<hr \/>\n<h2>Tuotteen yleiskatsaus<\/h2>\n<p>The <strong>NFC-avaimenper\u00e4 Ntag213<\/strong> on korkean suorituskyvyn kontaktiton laite, joka hy\u00f6dynt\u00e4\u00e4 NFC-tekniikkaa. T\u00e4m\u00e4 avaimenper\u00e4 on suunniteltu kompaktiksi, turvalliseksi ja k\u00e4ytt\u00e4j\u00e4yst\u00e4v\u00e4lliseksi, ja se mahdollistaa laajan valikoiman sovelluksia, mukaan lukien kulunvalvonta, maksuj\u00e4rjestelm\u00e4t ja tuotetodennus. Turvallisuuteen, helppok\u00e4ytt\u00f6isyyteen ja tehokkuuteen keskittyv\u00e4 Ntag213-avaimenper\u00e4 tarjoaa ylivoimaisia toimintoja yrityksille, hotelleille, kodeille ja muille.<\/p>\n<h3>Miksi ostaa Ntag213 NFC-avaimenper\u00e4?<\/h3>\n<p>Ntag213 on enemm\u00e4n kuin pelkk\u00e4 avaimenper\u00e4 \u2013 se on luotettava ja turvallinen p\u00e4\u00e4syratkaisu. Se tarjoaa yhdistelm\u00e4n korkealaatuista suorituskyky\u00e4, integroinnin helppoutta ja yhteensopivuutta olemassa olevien j\u00e4rjestelmien kanssa. Se on ihanteellinen valinta yrityksille, jotka haluavat p\u00e4ivitt\u00e4\u00e4 turvatoimiaan, tai henkil\u00f6ille, jotka etsiv\u00e4t tehokkaampaa tapaa hallita p\u00e4\u00e4sy\u00e4\u00e4n. T\u00e4ss\u00e4 on miksi se kannattaa sijoittaa:<\/p>\n<ul>\n<li><strong>Luotettava turvallisuus:<\/strong> Sis\u00e4\u00e4nrakennetun salauksen ja ainutlaatuisen tunnisteen (UID) ansiosta t\u00e4m\u00e4 avaimenper\u00e4 varmistaa turvallisen p\u00e4\u00e4syn ilman p\u00e4\u00e4llekk\u00e4isyyden tai luvattoman k\u00e4yt\u00f6n riski\u00e4.<\/li>\n<li><strong>Pitk\u00e4kestoinen kest\u00e4vyys:<\/strong> P\u00e4ivitt\u00e4iseen k\u00e4ytt\u00f6\u00f6n suunnitellun Ntag213 NFC-avaimenper\u00e4n pitk\u00e4 k\u00e4ytt\u00f6ik\u00e4 jopa 100 000 kirjoitusjaksolla ja 10 vuoden tietojen s\u00e4ilytysaika.<\/li>\n<li><strong>Monipuolinen yhteensopivuus:<\/strong> Sen yhteensopivuus molempien kanssa <strong>13,56 MHz RFID-j\u00e4rjestelm\u00e4t<\/strong> ja <strong>NFC-yhteensopivia laitteita<\/strong> tekee siit\u00e4 monipuolisen ratkaisun erilaisiin sovelluksiin.<\/li>\n<\/ul>\n<p>Sukellaan syvemm\u00e4lle Ntag213 NFC -avaimenper\u00e4n t\u00e4rkeimpiin ominaisuuksiin ja etuihin.<\/p>\n<hr \/>\n<h2>NFC-tekniikka: Nykyaikaisten tietoturvaratkaisujen selk\u00e4ranka<\/h2>\n<p>NFC (Near-Field Communication) -tekniikka on kontaktittomien p\u00e4\u00e4syj\u00e4rjestelmien liikkeellepaneva voima. <strong>Ntag213<\/strong> on yksi suosituimmista NFC-tunnisteista, jonka on kehitt\u00e4nyt <strong>NXP\u00ae-puolijohteet<\/strong>, noudattaen <strong>NFC Forum Type 2 -tunniste<\/strong> standardi. T\u00e4m\u00e4 yhteensopivuus varmistaa, ett\u00e4 laite toimii saumattomasti NFC-yhteensopivien \u00e4lypuhelimien, tablettien ja erityisten NFC-lukijoiden kanssa.<\/p>\n<h3>Saumaton integrointi kulunvalvontaj\u00e4rjestelmiin<\/h3>\n<p>Onko se a <strong>hotellien sis\u00e4\u00e4np\u00e4\u00e4syj\u00e4rjestelm\u00e4<\/strong>, <strong>toimiston avaimeton sis\u00e4\u00e4nk\u00e4ynti<\/strong>, tai henkil\u00f6kohtainen kulunvalvontaj\u00e4rjestelm\u00e4, NFC-tekniikka yksinkertaistaa prosessia. The <strong>Ntag213 NFC avaimenper\u00e4<\/strong> on kriittinen osa nykyaikaisia liitynt\u00e4ratkaisuja, joka tarjoaa a <strong>turvallinen, kontaktiton menetelm\u00e4<\/strong> ovien avaamiseen, p\u00e4\u00e4syyn rajoitettuille alueille ja jopa maksujen suorittamiseen. Sen intuitiivisten l\u00e4heisyysominaisuuksien ansiosta k\u00e4ytt\u00e4j\u00e4t voivat avata ovien lukituksen pit\u00e4m\u00e4ll\u00e4 kaukos\u00e4\u00e4dint\u00e4 l\u00e4hell\u00e4 NFC-yhteensopivaa lukijaa.<\/p>\n<h3>Lis\u00e4\u00e4ntynyt k\u00e4ytt\u00f6mukavuus<\/h3>\n<p>NFC-tekniikka eliminoi perinteisten avainten tai fyysisten korttien tarpeen, mik\u00e4 mahdollistaa nopeamman ja tehokkaamman k\u00e4yt\u00f6n. The <strong>lukuet\u00e4isyys<\/strong> Jopa 100 mm (riippuen antennin geometriasta) varmistaa, ett\u00e4 avaimenper\u00e4 voidaan skannata helposti ilman suoraa kosketusta. T\u00e4m\u00e4 ominaisuus tarjoaa lis\u00e4mukavuutta sek\u00e4 yritysten omistajille ett\u00e4 k\u00e4ytt\u00e4jille.<\/p>\n<hr \/>\n<h2>Ntag213 NFC-avaimenper\u00e4n t\u00e4rkeimm\u00e4t ominaisuudet<\/h2>\n<h3>1. <strong>Sis\u00e4\u00e4nrakennetut suojausominaisuudet turvallista k\u00e4ytt\u00f6\u00e4 varten<\/strong><\/h3>\n<p>Turvallisuus on etusijalla kulunvalvonnassa ja <strong>Ntag213 NFC-avaimenper\u00e4<\/strong> tarjoaa juuri sen. Sen kanssa <strong>ainutlaatuinen 7-tavuinen UID<\/strong>, laite varmistaa, ett\u00e4 jokainen avaimenper\u00e4 on ainutlaatuinen, mik\u00e4 est\u00e4\u00e4 luvattoman kopioinnin. The <strong>salasanasuojaus<\/strong> ja <strong>ECC-pohjainen omaper\u00e4isyysallekirjoitus<\/strong> lis\u00e4suojaa tiedot ja varmista, ett\u00e4 kaukos\u00e4\u00e4dint\u00e4 ei voida peukaloida.<\/p>\n<ul>\n<li><strong>Salasanasuojaus<\/strong>: 32-bittisen salasanan m\u00e4\u00e4ritt\u00e4minen varmistaa, ett\u00e4 vain valtuutetut k\u00e4ytt\u00e4j\u00e4t voivat k\u00e4ytt\u00e4\u00e4 j\u00e4rjestelm\u00e4\u00e4.<\/li>\n<li><strong>ECC:n allekirjoitus<\/strong>: <strong>ECC-pohjainen omaper\u00e4isyysallekirjoitus<\/strong> tarjoaa lis\u00e4suojaustasoa, mik\u00e4 tekee huijareille vaikeaksi v\u00e4\u00e4rent\u00e4\u00e4 avaimenper\u00e4\u00e4.<\/li>\n<\/ul>\n<h3>2. <strong>Usean sovelluksen k\u00e4ytt\u00f6<\/strong><\/h3>\n<p>Yksi merkitt\u00e4vimmist\u00e4 eduista <strong>Ntag213 NFC-avaimenper\u00e4<\/strong> on sen monipuolisuus. Sit\u00e4 voidaan k\u00e4ytt\u00e4\u00e4 erilaisiin sovelluksiin, mukaan lukien:<\/p>\n<ul>\n<li><strong>Kulunvalvonta:<\/strong> K\u00e4ytet\u00e4\u00e4n ovien lukituksen avaamiseen toimistoissa, hotelleissa tai kodeissa.<\/li>\n<li><strong>Maksuj\u00e4rjestelm\u00e4t:<\/strong> Turvalliset, l\u00e4himaksut mobiilin NFC-integraation kautta.<\/li>\n<li><strong>Tuotteen todennus:<\/strong> Varmista korkealaatuisten tuotteiden tai tavaroiden aitous.<\/li>\n<li><strong>\u00c4lyk\u00e4s mainonta:<\/strong> Tehosta kodin ulkopuolella toteutettavia markkinointikampanjoita k\u00e4ytt\u00e4m\u00e4ll\u00e4 painettuun mediaan upotettuja NFC-tunnisteita.<\/li>\n<\/ul>\n<h3>3. <strong>Kest\u00e4vyys ja pitk\u00e4ik\u00e4isyys<\/strong><\/h3>\n<p>Kanssa a <strong>100 000 syklin kirjoituskest\u00e4vyys<\/strong> ja a <strong>tietojen s\u00e4ilytysaika 10 vuotta<\/strong>, <strong>Ntag213 NFC-avaimenper\u00e4<\/strong> on rakennettu kest\u00e4m\u00e4\u00e4n. K\u00e4ytet\u00e4\u00e4np\u00e4 sit\u00e4 p\u00e4ivitt\u00e4in kiireisess\u00e4 toimistoymp\u00e4rist\u00f6ss\u00e4 tai osana v\u00e4h\u00e4n liikenn\u00f6ity\u00e4 sovellusta, t\u00e4m\u00e4 avaimenper\u00e4 kest\u00e4\u00e4 pitk\u00e4aikaista k\u00e4ytt\u00f6\u00e4 suorituskyvyn heikkenem\u00e4tt\u00e4.<\/p>\n<h3>4. <strong>Kompakti ja kevyt muotoilu<\/strong><\/h3>\n<p>Ntag213 avaimenper\u00e4 on kompakti ja kevyt, joten sit\u00e4 on helppo kuljettaa mukana. Se on <strong>yhteensopiva avaimenper\u00e4n kanssa<\/strong>, jolloin k\u00e4ytt\u00e4j\u00e4t voivat kiinnitt\u00e4\u00e4 sen avaimiinsa k\u00e4tev\u00e4\u00e4 k\u00e4ytt\u00f6\u00e4 varten. The <strong>pieni jalanj\u00e4lki<\/strong> tekee siit\u00e4 ihanteellisen sovelluksiin, jotka vaativat tilaa s\u00e4\u00e4st\u00e4vi\u00e4 ratkaisuja, kuten upotettuja tunnisteita tuoteetiketteihin tai pelikortteihin.<\/p>\n<hr \/>\n<h2>Ymp\u00e4rist\u00f6vaikutukset ja kest\u00e4vyys<\/h2>\n<p>Kun niin yritykset kuin kuluttajatkin asettavat kest\u00e4v\u00e4n kehityksen etusijalle, <strong>Ntag213 NFC-avaimenper\u00e4<\/strong> on suunniteltu ymp\u00e4rist\u00f6vastuullisuutta ajatellen. Sen <strong>alhainen energiankulutus<\/strong> ja pitk\u00e4ik\u00e4inen kest\u00e4vyys v\u00e4hent\u00e4v\u00e4t j\u00e4tett\u00e4 ja vaihtoja ajan my\u00f6t\u00e4. Lis\u00e4ksi kuten a <strong>passiivinen RFID-tunniste<\/strong>, Ntag213 ei vaadi akkua toimiakseen, mik\u00e4 pienent\u00e4\u00e4 entisest\u00e4\u00e4n sen ymp\u00e4rist\u00f6jalanj\u00e4lke\u00e4.<\/p>\n<hr \/>\n<h2>Ntag213 NFC-avaimen k\u00e4ytt\u00e4minen<\/h2>\n<p>K\u00e4ytt\u00e4m\u00e4ll\u00e4 <strong>Ntag213 NFC-avaimenper\u00e4<\/strong> on yksinkertainen ja selke\u00e4:<\/p>\n<ol>\n<li><strong>Ohjelmointi<\/strong>: K\u00e4yt\u00e4 yhteensopivaa NFC-ohjelmistoa tai lukijoita ohjelmoimaan avaimenper\u00e4lle tarvittavat tiedot, kuten k\u00e4ytt\u00f6oikeustiedot tai maksutiedot.<\/li>\n<li><strong>Integrointi<\/strong>: Integroi kaukos\u00e4\u00e4din NFC-yhteensopivaan kulunvalvontaj\u00e4rjestelm\u00e4\u00e4n tai maksup\u00e4\u00e4tteeseen.<\/li>\n<li><strong>Aktivointi<\/strong>: Pid\u00e4 avaimenper\u00e4\u00e4 NFC-lukijan l\u00e4hell\u00e4 p\u00e4\u00e4st\u00e4ksesi k\u00e4siksi tai suorittaaksesi tapahtuman. The <strong>kontaktiton<\/strong> vuorovaikutus varmistaa sujuvan ja tehokkaan k\u00e4yt\u00f6n.<\/li>\n<\/ol>\n<hr \/>\n<h2>Asiakkaiden arvostelut<\/h2>\n<p>Monet k\u00e4ytt\u00e4j\u00e4t ovat ylist\u00e4neet <strong>Ntag213 NFC-avaimenper\u00e4<\/strong> sen puolesta <strong>helppok\u00e4ytt\u00f6isyys<\/strong>, <strong>turvallisuus<\/strong>, ja <strong>luotettavuus<\/strong>. T\u00e4ss\u00e4 muutama arvio tyytyv\u00e4isilt\u00e4 asiakkailta:<\/p>\n<ul>\n<li><strong>John D., toimistop\u00e4\u00e4llikk\u00f6<\/strong>: &quot;Ntag213 on tehnyt toimistorakennukseen p\u00e4\u00e4syst\u00e4 helpompaa kuin koskaan. Se on turvallinen, helppok\u00e4ytt\u00f6inen, eik\u00e4 minun tarvitse en\u00e4\u00e4 huolehtia avainten katoamisesta.&quot;<\/li>\n<li><strong>Sarah T., hotellin omistaja<\/strong>: &quot;Otimme Ntag213:n k\u00e4ytt\u00f6\u00f6n hotelliavainj\u00e4rjestelm\u00e4\u00e4mme, ja se on parantanut merkitt\u00e4v\u00e4sti asiakkaiden tyytyv\u00e4isyytt\u00e4. Se on nopea, turvallinen ja eritt\u00e4in k\u00e4tev\u00e4.&quot;<\/li>\n<\/ul>\n<hr \/>\n<h2>UKK<\/h2>\n<h3>K1: Voinko ohjelmoida Ntag213-avaimenper\u00e4n itse?<\/h3>\n<p>Kyll\u00e4, voit ohjelmoida Ntag213-avaimenper\u00e4n k\u00e4ytt\u00e4m\u00e4ll\u00e4 yhteensopivia NFC-lukijoita ja ohjelmistoja. T\u00e4m\u00e4n ansiosta kaukos\u00e4\u00e4timen integrointi olemassa oleviin j\u00e4rjestelmiisi on helppoa.<\/p>\n<h3>Q2: Kuinka kauan Ntag213-avaimenper\u00e4n akku kest\u00e4\u00e4?<\/h3>\n<p>Ntag213 avaimenper\u00e4 ei vaadi paristoa, koska se toimii k\u00e4ytt\u00e4en <strong>passiivinen RFID-tekniikka<\/strong>, ottaa virtaa NFC-lukijasta ollessaan l\u00e4hell\u00e4.<\/p>\n<h3>Q3: Mik\u00e4 on Ntag213 NFC -avaimenper\u00e4n lukualue?<\/h3>\n<p>Tyypillinen lukualue on jopa 100 mm riippuen tekij\u00f6ist\u00e4, kuten <strong>lukijan antennin muotoilu<\/strong> ja kentt\u00e4voimakkuus.<\/p>\n<hr \/>\n<h2>Johtop\u00e4\u00e4t\u00f6s: Miksi valita Ntag213 NFC-avain?<\/h2>\n<p>The <strong>Ntag213 NFC-avaimenper\u00e4<\/strong> tarjoaa ihanteellisen yhdistelm\u00e4n turvallisuutta, luotettavuutta ja k\u00e4ytt\u00f6mukavuutta. Sen <strong>kontaktiton tekniikka<\/strong>, <strong>kompakti muotoilu<\/strong>, ja <strong>monik\u00e4ytt\u00f6isyys<\/strong> tekev\u00e4t siit\u00e4 t\u00e4ydellisen valinnan nykyaikaisiin kulunvalvontaj\u00e4rjestelmiin, maksuihin ja tunnistamiseen. Olitpa yritys, joka haluaa parantaa tietoturvainfrastruktuuriasi, tai kuluttaja, joka etsii k\u00e4tev\u00e4\u00e4 ja turvallista ratkaisua henkil\u00f6kohtaisiin k\u00e4ytt\u00f6tarpeisiisi, Ntag213 on viisas sijoitus.<\/p>\n<p>Varmista p\u00e4\u00e4sysi jo t\u00e4n\u00e4\u00e4n <strong>Ntag213 NFC-avaimenper\u00e4<\/strong>-kontaktittoman tietoturvan tulevaisuus on t\u00e4\u00e4ll\u00e4.<\/p>","protected":false},"excerpt":{"rendered":"<p><strong>Ntag213 NFC-avaimenper\u00e4<\/strong> tarjoaa ihanteellisen yhdistelm\u00e4n turvallisuutta, luotettavuutta ja k\u00e4ytt\u00f6mukavuutta. Sen <strong>kontaktiton tekniikka<\/strong>, <strong>kompakti muotoilu<\/strong>, ja <strong>monik\u00e4ytt\u00f6isyys<\/strong> tekev\u00e4t siit\u00e4 t\u00e4ydellisen valinnan nykyaikaisiin kulunvalvontaj\u00e4rjestelmiin, maksuihin ja tunnistamiseen.<\/p>","protected":false},"featured_media":2845,"template":"","meta":{"_kad_post_transparent":"default","_kad_post_title":"","_kad_post_layout":"default","_kad_post_sidebar_id":"","_kad_post_content_style":"default","_kad_post_vertical_padding":"default","_kad_post_feature":"","_kad_post_feature_position":"","_kad_post_header":false,"_kad_post_footer":false,"_kad_post_classname":""},"product_brand":[],"product_cat":[54],"product_tag":[348,346,349,344,345,343],"class_list":{"0":"post-2850","1":"product","2":"type-product","3":"status-publish","4":"has-post-thumbnail","6":"product_cat-hot-selling-rfid-tags","7":"product_tag-nfc-key-fobs-ntag213","8":"product_tag-nfc-key-tag","9":"product_tag-nfc-key-tags","10":"product_tag-nfc-keychain","11":"product_tag-rfid-fob","12":"product_tag-rfid-keyfobs","14":"first","15":"instock","16":"shipping-taxable","17":"product-type-simple","18":"entry","19":"content-bg","20":"loop-entry"},"_links":{"self":[{"href":"https:\/\/rfid-laundry-tag.com\/fi\/wp-json\/wp\/v2\/product\/2850","targetHints":{"allow":["GET"]}}],"collection":[{"href":"https:\/\/rfid-laundry-tag.com\/fi\/wp-json\/wp\/v2\/product"}],"about":[{"href":"https:\/\/rfid-laundry-tag.com\/fi\/wp-json\/wp\/v2\/types\/product"}],"version-history":[{"count":2,"href":"https:\/\/rfid-laundry-tag.com\/fi\/wp-json\/wp\/v2\/product\/2850\/revisions"}],"predecessor-version":[{"id":2852,"href":"https:\/\/rfid-laundry-tag.com\/fi\/wp-json\/wp\/v2\/product\/2850\/revisions\/2852"}],"wp:featuredmedia":[{"embeddable":true,"href":"https:\/\/rfid-laundry-tag.com\/fi\/wp-json\/wp\/v2\/media\/2845"}],"wp:attachment":[{"href":"https:\/\/rfid-laundry-tag.com\/fi\/wp-json\/wp\/v2\/media?parent=2850"}],"wp:term":[{"taxonomy":"product_brand","embeddable":true,"href":"https:\/\/rfid-laundry-tag.com\/fi\/wp-json\/wp\/v2\/product_brand?post=2850"},{"taxonomy":"product_cat","embeddable":true,"href":"https:\/\/rfid-laundry-tag.com\/fi\/wp-json\/wp\/v2\/product_cat?post=2850"},{"taxonomy":"product_tag","embeddable":true,"href":"https:\/\/rfid-laundry-tag.com\/fi\/wp-json\/wp\/v2\/product_tag?post=2850"}],"curies":[{"name":"wp","href":"https:\/\/api.w.org\/{rel}","templated":true}]}}