{"id":2843,"date":"2024-11-05T12:37:22","date_gmt":"2024-11-05T12:37:22","guid":{"rendered":"https:\/\/rfid-laundry-tag.com\/?post_type=product&#038;p=2843"},"modified":"2024-11-05T12:37:24","modified_gmt":"2024-11-05T12:37:24","slug":"rfid-keyfobs-mifare-s50-1k","status":"publish","type":"product","link":"https:\/\/rfid-laundry-tag.com\/fi\/rfid-keyfobs-mifare-s50-1k\/","title":{"rendered":"RFID-avaimenper\u00e4 Mifare S50 1K"},"content":{"rendered":"<h2>RFID-avaimenper\u00e4 Mifare S50 1K<\/h2>\n<p><span class=\"AnswerParser_TextContainer__z_Iiv\" data-testid=\"youchat-text\">Monipuolinen <strong>RFID avaimenper\u00e4<\/strong> edustaa t\u00e4ydellisen yhdistelm\u00e4n mukavuutta ja turvallisuutta nykyaikaisiin kulunvalvontaj\u00e4rjestelmiin. Saatavana sek\u00e4 13,56 MHz:n ett\u00e4 125 kHz:n taajuuksilla n\u00e4m\u00e4 kompaktit laitteet tarjoavat luotettavan tunnistamisen ja saumattoman p\u00e4\u00e4synhallinnan eri sovelluksiin.<\/span><\/p>\n<p>NXP<sup>\u00ae<\/sup>\u00a0on kehitt\u00e4nyt MIFAREn<sup>\u00ae<\/sup>\u00a0MF1ICS50 k\u00e4ytett\u00e4v\u00e4ksi kosketuksettomassa \u00e4lykortissa ISO\/IEC 14443 Type-A mukaisesti.<\/p>\n<p>MIFARE MF1ICS50 IC:t\u00e4 k\u00e4ytet\u00e4\u00e4n sovelluksissa, kuten joukkoliikenteen lipunmyynniss\u00e4, joissa suuret kaupungit ovat ottaneet MIFAREn e-lippuratkaisukseensa.<\/p>\n<p>\u00c4lyk\u00e4s t\u00f6rm\u00e4yksenestotoiminto mahdollistaa useamman kuin yhden kortin k\u00e4yt\u00f6n kent\u00e4ll\u00e4 samanaikaisesti. T\u00f6rm\u00e4yksenestoalgoritmi valitsee jokaisen kortin yksitellen ja varmistaa, ett\u00e4 tapahtuman suorittaminen valitulla kortilla suoritetaan oikein ilman muiden kent\u00e4ll\u00e4 olevien korttien aiheuttamaa tietojen korruptiota.<\/p>\n<p>MF1ICS50 on suunniteltu yksinkertaista integrointia ja k\u00e4ytt\u00f6mukavuutta varten. T\u00e4m\u00e4 voisi mahdollistaa t\u00e4ydellisen lipunmyyntitapahtuman k\u00e4sittelemisen alle 100 ms:ssa. N\u00e4in ollen MF1ICS50-kortin k\u00e4ytt\u00e4j\u00e4\u00e4 ei pakoteta pys\u00e4htym\u00e4\u00e4n lukijaan, mik\u00e4 johtaa korkeaan l\u00e4pikulkukykyyn porteilla ja lyhent\u00e4viin bussiin nousuaikoihin. MIFARE-tuotepohjainen kortti voi my\u00f6s j\u00e4\u00e4d\u00e4 lompakkoon tapahtuman aikana, vaikka siin\u00e4 olisi kolikoita.<\/p>\n<h3>Mifare S50 1K -sirun ominaisuudet<\/h3>\n<div id=\"featuresXsp\" class=\"features-list\">\n<div class=\"features-xsp\">\n<div class=\"collapse-mobile ste-list\">\n<h3>MIFARE, RF-liit\u00e4nt\u00e4 (ISO\/IEC 14443 A)<\/h3>\n<ul class=\"boxes\">\n<li>Tietojen ja energian kontaktiton siirto (paristoa ei tarvita)<\/li>\n<li>Toimintaet\u00e4isyys: Jopa 100 mm (riippuen antennin geometriasta)<\/li>\n<li>Toimintataajuus: 13,56 MHz<\/li>\n<li>Tiedonsiirto: 106 kbit\/s<\/li>\n<li>Tietojen eheys: 16-bittinen CRC, pariteetti, bittikoodaus, bittien laskenta<\/li>\n<li>T\u00f6rm\u00e4yksenesto<\/li>\n<li>Tyypillinen lipputapahtuma: &lt; 100 ms (sis\u00e4lt\u00e4\u00e4 varmuuskopion hallinnan)<\/li>\n<\/ul>\n<\/div>\n<div class=\"collapse-mobile ste-list\">\n<h3>EEPROM<\/h3>\n<ul class=\"boxes\">\n<li>1 kB \u2013 4 kB, j\u00e4rjestetty 16 sektoriin, joissa on 4 16 tavun lohkoa (yksi lohko koostuu 16 tavusta)<\/li>\n<li>K\u00e4ytt\u00e4j\u00e4n m\u00e4\u00e4ritt\u00e4m\u00e4t k\u00e4ytt\u00f6ehdot jokaiselle muistilohkolle<\/li>\n<li>Tietojen s\u00e4ilytysaika 10 vuotta<\/li>\n<li>Kirjoita kest\u00e4vyys 100 000 - 200 000 sykli\u00e4<\/li>\n<\/ul>\n<\/div>\n<div class=\"collapse-mobile ste-list\">\n<h3>Turvallisuus<\/h3>\n<ul class=\"boxes\">\n<li>Keskin\u00e4inen kolmivaiheinen todennus (ISO\/IEC DIS 9798-2)<\/li>\n<li>Yksil\u00f6llinen kahden avaimen sarja sektoria kohden (sovellusta kohden) useiden sovellusten tukemiseksi avainhierarkialla<\/li>\n<li>Ainutlaatuinen sarjanumero jokaiselle laitteelle<\/li>\n<\/ul>\n<\/div>\n<div class=\"collapse-mobile ste-list\">\n<h3>Toimitusvaihtoehdot<\/h3>\n<ul class=\"boxes\">\n<li>Kuole vohvelille<\/li>\n<li>Muotti t\u00f6rm\u00e4si kiekkoon<\/li>\n<li>MOA4 tai MOA2 kosketukseton korttimoduuli<\/li>\n<\/ul>\n<\/div>\n<\/div>\n<\/div>\n<h2 class=\"AnswerParser_AnswerParserH2__SIHnF\">Tuotteen yleiskatsaus ja tekniset tiedot<\/h2>\n<p><span class=\"AnswerParser_TextContainer__z_Iiv\" data-testid=\"youchat-text\">RFID-avaimenper\u00e4mme ominaisuus:<\/span><\/p>\n<ul class=\"AnswerParser_AnswerParserUnorderedList__P_1FW\">\n<li class=\"AnswerParser_ListItem__XqLOV\" translate=\"yes\">Kaksi taajuusvaihtoehtoa: 13,56 MHz<\/li>\n<li class=\"AnswerParser_ListItem__XqLOV\" translate=\"yes\">Kest\u00e4v\u00e4 ABS- tai nahkarakenne<\/li>\n<li class=\"AnswerParser_ListItem__XqLOV\" translate=\"yes\">Yhteensopiva suurten kulunvalvontaj\u00e4rjestelmien kanssa<\/li>\n<li class=\"AnswerParser_ListItem__XqLOV\" translate=\"yes\">Ohjelmoitava UID<\/li>\n<li class=\"AnswerParser_ListItem__XqLOV\" translate=\"yes\">Vedenkest\u00e4v\u00e4 muotoilu<\/li>\n<li class=\"AnswerParser_ListItem__XqLOV\" translate=\"yes\">Signaalin eston suojaus<\/li>\n<\/ul>\n<h2 class=\"AnswerParser_AnswerParserH2__SIHnF\">Lis\u00e4suojausominaisuudet<\/h2>\n<p><span class=\"AnswerParser_TextContainer__z_Iiv\" data-testid=\"youchat-text\">Turvallisuus on ensiarvoisen t\u00e4rke\u00e4\u00e4 avaimenper\u00e4n suunnittelussamme:<\/span><\/p>\n<ul class=\"AnswerParser_AnswerParserUnorderedList__P_1FW\">\n<li class=\"AnswerParser_ListItem__XqLOV\" translate=\"yes\"><strong>Kloonauksen vastainen tekniikka<\/strong>: Est\u00e4\u00e4 luvattoman kopioinnin<\/li>\n<li class=\"AnswerParser_ListItem__XqLOV\" translate=\"yes\"><strong>Salattu viestint\u00e4<\/strong>: Suojattu tiedonsiirto<\/li>\n<li class=\"AnswerParser_ListItem__XqLOV\" translate=\"yes\"><strong>Yksil\u00f6llinen tunniste<\/strong>: Jokaisella avaimenper\u00e4ll\u00e4 on erillinen UID<\/li>\n<li class=\"AnswerParser_ListItem__XqLOV\" translate=\"yes\"><strong>Signaalin suojaus<\/strong>: Saatavilla valinnainen Faradayn h\u00e4kkitekniikka<\/li>\n<\/ul>\n<h2 class=\"AnswerParser_AnswerParserH2__SIHnF\">Sovellukset ja k\u00e4ytt\u00f6tapaukset<\/h2>\n<p><span class=\"AnswerParser_TextContainer__z_Iiv\" data-testid=\"youchat-text\">N\u00e4m\u00e4 monipuoliset <strong>RFID-avaimenper\u00e4 Mifare S50 1K<\/strong> loistaa:<\/span><\/p>\n<ul class=\"AnswerParser_AnswerParserUnorderedList__P_1FW\">\n<li class=\"AnswerParser_ListItem__XqLOV\" translate=\"yes\">Ovien kulunvalvontaj\u00e4rjestelm\u00e4t<\/li>\n<li class=\"AnswerParser_ListItem__XqLOV\" translate=\"yes\">P\u00e4\u00e4sy hotellihuoneeseen<\/li>\n<li class=\"AnswerParser_ListItem__XqLOV\" translate=\"yes\">Avaimeton sis\u00e4\u00e4nk\u00e4ynti ajoneuvoon<\/li>\n<li class=\"AnswerParser_ListItem__XqLOV\" translate=\"yes\">Ty\u00f6ajan seuranta<\/li>\n<li class=\"AnswerParser_ListItem__XqLOV\" translate=\"yes\">Maksuj\u00e4rjestelm\u00e4t<\/li>\n<li class=\"AnswerParser_ListItem__XqLOV\" translate=\"yes\">Klubin\/SPA:n j\u00e4senten hallinta<\/li>\n<li class=\"AnswerParser_ListItem__XqLOV\" translate=\"yes\">Pys\u00e4k\u00f6intikulun valvonta<\/li>\n<\/ul>\n<h2 class=\"AnswerParser_AnswerParserH2__SIHnF\">Suunnittelu ja kest\u00e4vyys<\/h2>\n<p><span class=\"AnswerParser_TextContainer__z_Iiv\" data-testid=\"youchat-text\">Avaimenper\u00e4mme on suunniteltu pitk\u00e4ik\u00e4isiksi:<\/span><\/p>\n<ul class=\"AnswerParser_AnswerParserUnorderedList__P_1FW\">\n<li class=\"AnswerParser_ListItem__XqLOV\" translate=\"yes\">Iskunkest\u00e4v\u00e4 ABS-kotelo<\/li>\n<li class=\"AnswerParser_ListItem__XqLOV\" translate=\"yes\">Valikoima premium-nahkavaihtoehtoja<\/li>\n<li class=\"AnswerParser_ListItem__XqLOV\" translate=\"yes\">Vahvistettu avainrengaskiinnitys<\/li>\n<li class=\"AnswerParser_ListItem__XqLOV\" translate=\"yes\">S\u00e4\u00e4nkest\u00e4v\u00e4 rakenne<\/li>\n<li class=\"AnswerParser_ListItem__XqLOV\" translate=\"yes\">Saatavilla useissa v\u00e4reiss\u00e4<\/li>\n<\/ul>\n<h2 class=\"AnswerParser_AnswerParserH2__SIHnF\">Tekniset tiedot -taulukko<\/h2>\n<div class=\"AnswerParser_TableContainer__Erb6v\" data-testid=\"table-container\">\n<table>\n<thead>\n<tr>\n<th style=\"text-align: left;\">Ominaisuus<\/th>\n<th style=\"text-align: left;\">Erittely<\/th>\n<\/tr>\n<\/thead>\n<tbody>\n<tr>\n<td>Taajuusasetukset<\/td>\n<td>13,56 MHz<\/td>\n<\/tr>\n<tr>\n<td>Lue Range<\/td>\n<td>Jopa 5 cm<\/td>\n<\/tr>\n<tr>\n<td>Muisti<\/td>\n<td>1K (Mifare S50)<\/td>\n<\/tr>\n<tr>\n<td>Materiaali<\/td>\n<td>ABS tai nahka<\/td>\n<\/tr>\n<tr>\n<td>Koko<\/td>\n<td>40mm x 30mm x 6mm<\/td>\n<\/tr>\n<tr>\n<td>K\u00e4ytt\u00f6l\u00e4mp\u00f6tila<\/td>\n<td>-20\u00b0C - +70\u00b0C<\/td>\n<\/tr>\n<\/tbody>\n<\/table>\n<\/div>\n<h2 class=\"AnswerParser_AnswerParserH2__SIHnF\">R\u00e4\u00e4t\u00e4l\u00f6intiasetukset<\/h2>\n<p><span class=\"AnswerParser_TextContainer__z_Iiv\" data-testid=\"youchat-text\">Tarjoamme laajan r\u00e4\u00e4t\u00e4l\u00f6innin:<\/span><\/p>\n<ul class=\"AnswerParser_AnswerParserUnorderedList__P_1FW\">\n<li class=\"AnswerParser_ListItem__XqLOV\" translate=\"yes\">Logon painatus<\/li>\n<li class=\"AnswerParser_ListItem__XqLOV\" translate=\"yes\">Mukautetut v\u00e4rit<\/li>\n<li class=\"AnswerParser_ListItem__XqLOV\" translate=\"yes\">Sarjanumeron koodaus<\/li>\n<li class=\"AnswerParser_ListItem__XqLOV\" translate=\"yes\">Erikoispakkaus<\/li>\n<li class=\"AnswerParser_ListItem__XqLOV\" translate=\"yes\">Suuri m\u00e4\u00e4r\u00e4 saatavilla<\/li>\n<\/ul>\n<h3 class=\"AnswerParser_AnswerParserH3__Mpe4s\">T\u00e4rkeimm\u00e4t edut:<\/h3>\n<ol class=\"AnswerParser_AnswerParserOrderedList__kl_2Y\">\n<li class=\"AnswerParser_ListItem__XqLOV\" translate=\"yes\"><strong>Sopivuus<\/strong>: Helppo kuljettaa ja k\u00e4ytt\u00e4\u00e4<\/li>\n<li class=\"AnswerParser_ListItem__XqLOV\" translate=\"yes\"><strong>Kest\u00e4vyys<\/strong>: Rakennettu kest\u00e4m\u00e4\u00e4n<\/li>\n<li class=\"AnswerParser_ListItem__XqLOV\" translate=\"yes\"><strong>Monipuolisuus<\/strong>: Useita sovelluksia<\/li>\n<li class=\"AnswerParser_ListItem__XqLOV\" translate=\"yes\"><strong>Turvallisuus<\/strong>: Edistynyt salaus<\/li>\n<li class=\"AnswerParser_ListItem__XqLOV\" translate=\"yes\"><strong>R\u00e4\u00e4t\u00e4l\u00f6inti<\/strong>: Joustavat vaihtoehdot<\/li>\n<\/ol>\n<blockquote><p><span class=\"AnswerParser_TextContainer__z_Iiv\" data-testid=\"youchat-text\">&quot;RFID-avaimenper\u00e4mme tarjoavat t\u00e4ydellisen tasapainon turvallisuuden ja k\u00e4ytt\u00f6mukavuuden v\u00e4lill\u00e4 nykyaikaisiin kulunvalvontatarpeisiin.&quot;<\/span><\/p><\/blockquote>\n<h2 class=\"AnswerParser_AnswerParserH2__SIHnF\">Asennus ja asetukset<\/h2>\n<p><span class=\"AnswerParser_TextContainer__z_Iiv\" data-testid=\"youchat-text\">Yksinkertainen k\u00e4ytt\u00f6\u00f6nottoprosessi:<\/span><\/p>\n<ol class=\"AnswerParser_AnswerParserOrderedList__kl_2Y\">\n<li class=\"AnswerParser_ListItem__XqLOV\" translate=\"yes\">Valitse taajuustyyppi<\/li>\n<li class=\"AnswerParser_ListItem__XqLOV\" translate=\"yes\">Ohjelman yksil\u00f6lliset tunnisteet<\/li>\n<li class=\"AnswerParser_ListItem__XqLOV\" translate=\"yes\">Rekister\u00f6idy kulunvalvontaj\u00e4rjestelm\u00e4\u00e4n<\/li>\n<li class=\"AnswerParser_ListItem__XqLOV\" translate=\"yes\">Testaa toimivuutta<\/li>\n<li class=\"AnswerParser_ListItem__XqLOV\" translate=\"yes\">Ota k\u00e4ytt\u00f6\u00f6n k\u00e4ytt\u00e4jille<\/li>\n<\/ol>\n<h2 class=\"AnswerParser_AnswerParserH2__SIHnF\">Tilaustiedot<\/h2>\n<ul class=\"AnswerParser_AnswerParserUnorderedList__P_1FW\">\n<li class=\"AnswerParser_ListItem__XqLOV\" translate=\"yes\">Minimitilaus: 200 kpl<\/li>\n<li class=\"AnswerParser_ListItem__XqLOV\" translate=\"yes\">Saatavilla joukkoalennuksia<\/li>\n<li class=\"AnswerParser_ListItem__XqLOV\" translate=\"yes\">Mallitilaukset tervetulleita<\/li>\n<li class=\"AnswerParser_ListItem__XqLOV\" translate=\"yes\">Nopeat toimitusajat<\/li>\n<li class=\"AnswerParser_ListItem__XqLOV\" translate=\"yes\">Mukana tekninen tuki<\/li>\n<\/ul>\n<p><span class=\"AnswerParser_TextContainer__z_Iiv\" data-testid=\"youchat-text\">Ota yhteytt\u00e4 jo t\u00e4n\u00e4\u00e4n saadaksesi hintatiedot ja keskustellaksesi siit\u00e4, kuinka RFID-avaimenper\u00e4mme voivat parantaa kulunvalvontaj\u00e4rjestelm\u00e4\u00e4si. R\u00e4\u00e4t\u00e4l\u00f6idyt ratkaisut ja volyymihinnoittelu saatavilla pyynn\u00f6st\u00e4.<\/span><\/p>","protected":false},"excerpt":{"rendered":"<p>RFID-avaimenper\u00e4t Mifare S50 1K, meid\u00e4n <strong>RFID avaimenper\u00e4t<\/strong> tarjoavat kaksi taajuusvaihtoehtoa (13,56 MHz\/125 KHz), kest\u00e4v\u00e4n rakenteen, ohjelmoitavan UID:n ja edistyneit\u00e4 suojausominaisuuksia, kuten kloonauksen eston ja salatun viestinn\u00e4n.<\/p>","protected":false},"featured_media":2844,"template":"","meta":{"_kad_post_transparent":"default","_kad_post_title":"","_kad_post_layout":"default","_kad_post_sidebar_id":"","_kad_post_content_style":"default","_kad_post_vertical_padding":"default","_kad_post_feature":"","_kad_post_feature_position":"","_kad_post_header":false,"_kad_post_footer":false,"_kad_post_classname":""},"product_brand":[],"product_cat":[54],"product_tag":[347,346,344,345,343],"class_list":{"0":"post-2843","1":"product","2":"type-product","3":"status-publish","4":"has-post-thumbnail","6":"product_cat-hot-selling-rfid-tags","7":"product_tag-mifare-key-fobs","8":"product_tag-nfc-key-tag","9":"product_tag-nfc-keychain","10":"product_tag-rfid-fob","11":"product_tag-rfid-keyfobs","13":"first","14":"instock","15":"shipping-taxable","16":"product-type-simple","17":"entry","18":"content-bg","19":"loop-entry"},"_links":{"self":[{"href":"https:\/\/rfid-laundry-tag.com\/fi\/wp-json\/wp\/v2\/product\/2843","targetHints":{"allow":["GET"]}}],"collection":[{"href":"https:\/\/rfid-laundry-tag.com\/fi\/wp-json\/wp\/v2\/product"}],"about":[{"href":"https:\/\/rfid-laundry-tag.com\/fi\/wp-json\/wp\/v2\/types\/product"}],"version-history":[{"count":2,"href":"https:\/\/rfid-laundry-tag.com\/fi\/wp-json\/wp\/v2\/product\/2843\/revisions"}],"predecessor-version":[{"id":2849,"href":"https:\/\/rfid-laundry-tag.com\/fi\/wp-json\/wp\/v2\/product\/2843\/revisions\/2849"}],"wp:featuredmedia":[{"embeddable":true,"href":"https:\/\/rfid-laundry-tag.com\/fi\/wp-json\/wp\/v2\/media\/2844"}],"wp:attachment":[{"href":"https:\/\/rfid-laundry-tag.com\/fi\/wp-json\/wp\/v2\/media?parent=2843"}],"wp:term":[{"taxonomy":"product_brand","embeddable":true,"href":"https:\/\/rfid-laundry-tag.com\/fi\/wp-json\/wp\/v2\/product_brand?post=2843"},{"taxonomy":"product_cat","embeddable":true,"href":"https:\/\/rfid-laundry-tag.com\/fi\/wp-json\/wp\/v2\/product_cat?post=2843"},{"taxonomy":"product_tag","embeddable":true,"href":"https:\/\/rfid-laundry-tag.com\/fi\/wp-json\/wp\/v2\/product_tag?post=2843"}],"curies":[{"name":"wp","href":"https:\/\/api.w.org\/{rel}","templated":true}]}}